{"id":716,"date":"2025-04-01T21:03:59","date_gmt":"2025-04-01T13:03:59","guid":{"rendered":"https:\/\/exactquartz.com\/?page_id=716"},"modified":"2025-04-16T18:24:23","modified_gmt":"2025-04-16T10:24:23","slug":"square-quartz-rods-thick-wall-transparent-or-opaque","status":"publish","type":"page","link":"https:\/\/exactquartz.com\/bg\/quartz-rods\/square-quartz-rods-thick-wall-transparent-or-opaque\/","title":{"rendered":"\u041a\u0432\u0430\u0434\u0440\u0430\u0442\u043d\u0438 \u043a\u0432\u0430\u0440\u0446\u043e\u0432\u0438 \u043f\u0440\u044a\u0447\u043a\u0438 - \u0434\u0435\u0431\u0435\u043b\u0430 \u0441\u0442\u0435\u043d\u0430, \u043f\u0440\u043e\u0437\u0440\u0430\u0447\u043d\u0438 \u0438\u043b\u0438 \u043d\u0435\u043f\u0440\u043e\u0437\u0440\u0430\u0447\u043d\u0438"},"content":{"rendered":"<div data-elementor-type=\"wp-page\" data-elementor-id=\"716\" class=\"elementor elementor-716\" data-elementor-post-type=\"page\">\n\t\t\t\t<div class=\"elementor-element elementor-element-d2bc4f1 e-flex e-con-boxed e-con e-parent\" data-id=\"d2bc4f1\" data-element_type=\"container\">\n\t\t\t\t\t<div class=\"e-con-inner\">\n\t\t<div class=\"elementor-element elementor-element-6d0fc6f e-con-full e-flex e-con e-child\" data-id=\"6d0fc6f\" data-element_type=\"container\">\n\t\t\t\t<div class=\"elementor-element elementor-element-133430f elementor-skin-slideshow elementor-arrows-yes elementor-widget elementor-widget-media-carousel\" data-id=\"133430f\" data-element_type=\"widget\" data-settings=\"{&quot;skin&quot;:&quot;slideshow&quot;,&quot;slideshow_slides_per_view&quot;:&quot;2&quot;,&quot;effect&quot;:&quot;slide&quot;,&quot;show_arrows&quot;:&quot;yes&quot;,&quot;speed&quot;:500,&quot;autoplay&quot;:&quot;yes&quot;,&quot;autoplay_speed&quot;:5000,&quot;loop&quot;:&quot;yes&quot;,&quot;pause_on_hover&quot;:&quot;yes&quot;,&quot;pause_on_interaction&quot;:&quot;yes&quot;,&quot;space_between&quot;:{&quot;unit&quot;:&quot;px&quot;,&quot;size&quot;:10,&quot;sizes&quot;:[]},&quot;space_between_tablet&quot;:{&quot;unit&quot;:&quot;px&quot;,&quot;size&quot;:10,&quot;sizes&quot;:[]},&quot;space_between_mobile&quot;:{&quot;unit&quot;:&quot;px&quot;,&quot;size&quot;:10,&quot;sizes&quot;:[]}}\" data-widget_type=\"media-carousel.default\">\n\t\t\t\t<div class=\"elementor-widget-container\">\n\t\t\t\t\t\t\t\t\t<div class=\"elementor-swiper\">\n\t\t\t\t\t<div class=\"elementor-main-swiper swiper\" role=\"region\" aria-roledescription=\"carousel\" aria-label=\"\u0421\u043b\u0430\u0439\u0434\u043e\u0432\u0435\">\n\t\t\t\t<div class=\"swiper-wrapper\">\n\t\t\t\t\t\t\t\t\t\t\t<div class=\"swiper-slide\" role=\"group\" aria-roledescription=\"slide\">\n\t\t\t\t\t\t\t\t\t<div class=\"elementor-carousel-image\" role=\"img\" aria-label=\"\u041f\u0440\u043e\u0437\u0440\u0430\u0447\u043d\u0438 \u0438\u043b\u0438 \u043d\u0435\u043f\u0440\u043e\u0437\u0440\u0430\u0447\u043d\u0438 \u043a\u0432\u0430\u0434\u0440\u0430\u0442\u043d\u0438 \u043a\u0432\u0430\u0440\u0446\u043e\u0432\u0438 \u0442\u0440\u044a\u0431\u0438 \u0441 \u0434\u0435\u0431\u0435\u043b\u0438 \u0441\u0442\u0435\u043d\u0438\" style=\"background-image: url(&#039;https:\/\/exactquartz.com\/wp-content\/uploads\/2025\/04\/Transparent-or-Opaque-Thick-Walled-Square-Quartz-Tubes.webp&#039;)\">\n\n\t\t\t\n\t\t\t\t\t<\/div>\n\t\t\t\t\t\t\t\t<\/div>\n\t\t\t\t\t\t\t\t\t\t\t<div class=\"swiper-slide\" role=\"group\" aria-roledescription=\"slide\">\n\t\t\t\t\t\t\t\t\t<div class=\"elementor-carousel-image\" role=\"img\" aria-label=\"\u0412\u0438\u0441\u043e\u043a\u0430 \u043f\u0440\u0435\u0446\u0438\u0437\u043d\u043e\u0441\u0442 \u0434\u0435\u0431\u0435\u043b\u043e\u0441\u0442\u0435\u043d\u043d\u0438 \u043a\u0432\u0430\u0440\u0446\u043e\u0432\u0438 \u043a\u0430\u043f\u0438\u043b\u044f\u0440\u043d\u0438 \u0442\u0440\u044a\u0431\u0438 \u043f\u0440\u044a\u0442\u0438 2\" style=\"background-image: url(&#039;https:\/\/exactquartz.com\/wp-content\/uploads\/2025\/04\/High-Precision-Thick-Walled-Quartz-Capillary-Tubes-Rods-2.webp&#039;)\">\n\n\t\t\t\n\t\t\t\t\t<\/div>\n\t\t\t\t\t\t\t\t<\/div>\n\t\t\t\t\t\t\t\t\t<\/div>\n\t\t\t\t\t\t\t\t\t\t\t\t\t\t\t<div class=\"elementor-swiper-button elementor-swiper-button-prev\" role=\"button\" tabindex=\"0\" aria-label=\"\uc774\uc804 \uac8c\uc2dc\ubb3c\" data-no-translation-aria-label=\"\">\n\t\t\t\t\t\t\t<svg aria-hidden=\"true\" class=\"e-font-icon-svg e-eicon-chevron-left\" viewbox=\"0 0 1000 1000\" xmlns=\"http:\/\/www.w3.org\/2000\/svg\"><path d=\"M646 125C629 125 613 133 604 142L308 442C296 454 292 471 292 487 292 504 296 521 308 533L604 854C617 867 629 875 646 875 663 875 679 871 692 858 704 846 713 829 713 812 713 796 708 779 692 767L438 487 692 225C700 217 708 204 708 187 708 171 704 154 692 142 675 129 663 125 646 125Z\"><\/path><\/svg>\t\t\t\t\t\t<\/div>\n\t\t\t\t\t\t<div class=\"elementor-swiper-button elementor-swiper-button-next\" role=\"button\" tabindex=\"0\" aria-label=\"\ub2e4\uc74c\" data-no-translation-aria-label=\"\">\n\t\t\t\t\t\t\t<svg aria-hidden=\"true\" class=\"e-font-icon-svg e-eicon-chevron-right\" viewbox=\"0 0 1000 1000\" xmlns=\"http:\/\/www.w3.org\/2000\/svg\"><path d=\"M696 533C708 521 713 504 713 487 713 471 708 454 696 446L400 146C388 133 375 125 354 125 338 125 325 129 313 142 300 154 292 171 292 187 292 204 296 221 308 233L563 492 304 771C292 783 288 800 288 817 288 833 296 850 308 863 321 871 338 875 354 875 371 875 388 867 400 854L696 533Z\"><\/path><\/svg>\t\t\t\t\t\t<\/div>\n\t\t\t\t\t\t\t\t\t\t\t\t\t\t\t\t\t<\/div>\n\t\t\t\t<\/div>\n\t\t\t\t\t\t\t\t<div class=\"elementor-swiper\">\n\t\t\t\t\t<div class=\"elementor-main-swiper swiper elementor-thumbnails-swiper swiper\" role=\"region region\" aria-roledescription=\"carousel carousel\" aria-label=\"\u0421\u043b\u0430\u0439\u0434\u043e\u0432\u0435 \u0421\u043b\u0430\u0439\u0434\u043e\u0432\u0435\">\n\t\t\t\t<div class=\"swiper-wrapper\">\n\t\t\t\t\t\t\t\t\t\t\t<div class=\"swiper-slide\" role=\"group\" aria-roledescription=\"slide\">\n\t\t\t\t\t\t\t\t\t<div class=\"elementor-carousel-image\" role=\"img\" aria-label=\"\u041f\u0440\u043e\u0437\u0440\u0430\u0447\u043d\u0438 \u0438\u043b\u0438 \u043d\u0435\u043f\u0440\u043e\u0437\u0440\u0430\u0447\u043d\u0438 \u043a\u0432\u0430\u0434\u0440\u0430\u0442\u043d\u0438 \u043a\u0432\u0430\u0440\u0446\u043e\u0432\u0438 \u0442\u0440\u044a\u0431\u0438 \u0441 \u0434\u0435\u0431\u0435\u043b\u0438 \u0441\u0442\u0435\u043d\u0438\" style=\"background-image: url(&#039;https:\/\/exactquartz.com\/wp-content\/uploads\/2025\/04\/Transparent-or-Opaque-Thick-Walled-Square-Quartz-Tubes.webp&#039;)\">\n\n\t\t\t\n\t\t\t\t\t<\/div>\n\t\t\t\t\t\t\t\t<\/div>\n\t\t\t\t\t\t\t\t\t\t\t<div class=\"swiper-slide\" role=\"group\" aria-roledescription=\"slide\">\n\t\t\t\t\t\t\t\t\t<div class=\"elementor-carousel-image\" role=\"img\" aria-label=\"\u0412\u0438\u0441\u043e\u043a\u0430 \u043f\u0440\u0435\u0446\u0438\u0437\u043d\u043e\u0441\u0442 \u0434\u0435\u0431\u0435\u043b\u043e\u0441\u0442\u0435\u043d\u043d\u0438 \u043a\u0432\u0430\u0440\u0446\u043e\u0432\u0438 \u043a\u0430\u043f\u0438\u043b\u044f\u0440\u043d\u0438 \u0442\u0440\u044a\u0431\u0438 \u043f\u0440\u044a\u0442\u0438 2\" style=\"background-image: url(&#039;https:\/\/exactquartz.com\/wp-content\/uploads\/2025\/04\/High-Precision-Thick-Walled-Quartz-Capillary-Tubes-Rods-2.webp&#039;)\">\n\n\t\t\t\n\t\t\t\t\t<\/div>\n\t\t\t\t\t\t\t\t<\/div>\n\t\t\t\t\t\t\t\t\t<\/div>\n\t\t\t\t\t\t\t\t\t\t\t\t\t\t\t\t\t\t\t\t\t<\/div>\n\t\t\t\t<\/div>\n\t\t\t\t\t\t\t\t<\/div>\n\t\t\t\t<\/div>\n\t\t\t\t<\/div>\n\t\t<div class=\"elementor-element elementor-element-2a56432 e-con-full e-flex e-con e-child\" data-id=\"2a56432\" data-element_type=\"container\">\n\t\t\t\t<div class=\"elementor-element elementor-element-70d5eba elementor-widget elementor-widget-heading\" data-id=\"70d5eba\" data-element_type=\"widget\" data-widget_type=\"heading.default\">\n\t\t\t\t<div class=\"elementor-widget-container\">\n\t\t\t\t\t<h2 class=\"elementor-heading-title elementor-size-default\">\u041a\u0432\u0430\u0434\u0440\u0430\u0442\u043d\u0438 \u043a\u0432\u0430\u0440\u0446\u043e\u0432\u0438 \u043f\u0440\u044a\u0447\u043a\u0438 - \u0434\u0435\u0431\u0435\u043b\u0430 \u0441\u0442\u0435\u043d\u0430, \u043f\u0440\u043e\u0437\u0440\u0430\u0447\u043d\u0438 \u0438\u043b\u0438 \u043d\u0435\u043f\u0440\u043e\u0437\u0440\u0430\u0447\u043d\u0438<\/h2>\t\t\t\t<\/div>\n\t\t\t\t<\/div>\n\t\t\t\t<div class=\"elementor-element elementor-element-ac956f7 elementor-widget elementor-widget-text-editor\" data-id=\"ac956f7\" data-element_type=\"widget\" data-widget_type=\"text-editor.default\">\n\t\t\t\t<div class=\"elementor-widget-container\">\n\t\t\t\t\t\t\t\t\t<p>\u041a\u0432\u0430\u0434\u0440\u0430\u0442\u043d\u0438 \u043a\u0432\u0430\u0440\u0446\u043e\u0432\u0438 \u0442\u0440\u044a\u0431\u0438 1 * 0,5 * 100 \u043c\u043c<br \/>\u041a\u0432\u0430\u0434\u0440\u0430\u0442\u043d\u0438 \u043a\u0432\u0430\u0440\u0446\u043e\u0432\u0438 \u0442\u0440\u044a\u0431\u0438 1 * 0,3 * 100 \u043c\u043c<br \/>\u041a\u0432\u0430\u0434\u0440\u0430\u0442\u043d\u0438 \u043a\u0432\u0430\u0440\u0446\u043e\u0432\u0438 \u0442\u0440\u044a\u0431\u0438 4 * 3 * 200 \u043c\u043c<br \/>\u041a\u0432\u0430\u0434\u0440\u0430\u0442\u043d\u0438 \u043a\u0432\u0430\u0440\u0446\u043e\u0432\u0438 \u0442\u0440\u044a\u0431\u0438 4 * 3 * 100 \u043c\u043c<br \/><br \/>\u041d\u0430\u043b\u0438\u0447\u0435\u043d \u043f\u043e\u0442\u0440\u0435\u0431\u0438\u0442\u0435\u043b\u0441\u043a\u0438 \u0440\u0430\u0437\u043c\u0435\u0440<\/p>\t\t\t\t\t\t\t\t<\/div>\n\t\t\t\t<\/div>\n\t\t\t\t<div class=\"elementor-element elementor-element-38011cd elementor-align-left elementor-widget elementor-widget-button\" data-id=\"38011cd\" data-element_type=\"widget\" data-widget_type=\"button.default\">\n\t\t\t\t<div class=\"elementor-widget-container\">\n\t\t\t\t\t\t\t\t\t<div class=\"elementor-button-wrapper\">\n\t\t\t\t\t<a class=\"elementor-button elementor-button-link elementor-size-sm\" href=\"#elementor-action%3Aaction%3Dpopup%3Aopen%26settings%3DeyJpZCI6IjEyNzUiLCJ0b2dnbGUiOmZhbHNlfQ%3D%3D\">\n\t\t\t\t\t\t<span class=\"elementor-button-content-wrapper\">\n\t\t\t\t\t\t\t\t\t<span class=\"elementor-button-text\">\u0411\u044a\u0440\u0437\u0430 \u043e\u0444\u0435\u0440\u0442\u0430<\/span>\n\t\t\t\t\t<\/span>\n\t\t\t\t\t<\/a>\n\t\t\t\t<\/div>\n\t\t\t\t\t\t\t\t<\/div>\n\t\t\t\t<\/div>\n\t\t\t\t<\/div>\n\t\t\t\t\t<\/div>\n\t\t\t\t<\/div>\n\t\t<div class=\"elementor-element elementor-element-a2ed80c e-flex e-con-boxed e-con e-parent\" data-id=\"a2ed80c\" data-element_type=\"container\">\n\t\t\t\t\t<div class=\"e-con-inner\">\n\t\t\t\t<div class=\"elementor-element elementor-element-cd86465 elementor-widget elementor-widget-heading\" data-id=\"cd86465\" data-element_type=\"widget\" data-widget_type=\"heading.default\">\n\t\t\t\t<div class=\"elementor-widget-container\">\n\t\t\t\t\t<h3 class=\"elementor-heading-title elementor-size-default\">\u041f\u043e\u0434\u0440\u043e\u0431\u043d\u043e\u0441\u0442\u0438:<\/h3>\t\t\t\t<\/div>\n\t\t\t\t<\/div>\n\t\t\t\t<div class=\"elementor-element elementor-element-29d6c01 elementor-widget elementor-widget-text-editor\" data-id=\"29d6c01\" data-element_type=\"widget\" data-widget_type=\"text-editor.default\">\n\t\t\t\t<div class=\"elementor-widget-container\">\n\t\t\t\t\t\t\t\t\t<p>\u041a\u0432\u0430\u0434\u0440\u0430\u0442\u043d\u0430 \u043a\u0432\u0430\u0440\u0446\u043e\u0432\u0430 \u0442\u0440\u044a\u0431\u0430: \u0422\u043e\u0432\u0430 \u0435 \u0441\u043f\u0435\u0446\u0438\u0430\u043b\u0435\u043d \u043f\u0440\u043e\u0434\u0443\u043a\u0442, \u043f\u0435\u0440\u0441\u043e\u043d\u0430\u043b\u0438\u0437\u0438\u0440\u0430\u043d \u0447\u0440\u0435\u0437 \u0438\u0437\u043f\u043e\u043b\u0437\u0432\u0430\u043d\u0435 \u043d\u0430 \u043a\u0440\u044a\u0433\u043b\u0430 \u043a\u0432\u0430\u0440\u0446\u043e\u0432\u0430 \u0442\u0440\u044a\u0431\u0430, \u0437\u0430 \u0434\u0430 \u0441\u0435 \u043f\u0440\u043e\u043c\u0435\u043d\u0438 \u0444\u043e\u0440\u043c\u0430\u0442\u0430 \u045d \u0447\u0440\u0435\u0437 \u0441\u043f\u0435\u0446\u0438\u0430\u043b\u0435\u043d \u043f\u0440\u043e\u0446\u0435\u0441 \u0438 \u0434\u0430 \u0441\u0435 \u043f\u043e\u0441\u0442\u0438\u0433\u043d\u0435 \u0435\u0444\u0435\u043a\u0442\u044a\u0442 \u043d\u0430 \u0438\u0437\u043f\u043e\u043b\u0437\u0432\u0430\u043d\u0435 \u043d\u0430 \u043f\u0440\u043e\u0434\u0443\u043a\u0442\u0430 \u043d\u0430 \u043a\u043b\u0438\u0435\u043d\u0442\u0430 \u0447\u0440\u0435\u0437 \u043e\u0431\u0440\u0430\u0431\u043e\u0442\u043a\u0430 \u043d\u0430 \u0444\u043e\u0440\u043c\u0430\u0442\u0430; \u043d\u044f\u043a\u043e\u0438 \u043f\u0440\u043e\u0434\u0443\u043a\u0442\u0438 \u043c\u043e\u0433\u0430\u0442 \u0434\u0430 \u0431\u044a\u0434\u0430\u0442 \u043e\u0444\u043e\u0440\u043c\u0435\u043d\u0438, \u0437\u0430 \u0434\u0430 \u0441\u0435 \u043f\u043e\u0434\u043e\u0431\u0440\u0438 \u0447\u0438\u0441\u0442\u043e\u0442\u0430\u0442\u0430, \u0434\u0430 \u0441\u0435 \u043f\u043e\u0434\u043e\u0431\u0440\u0438 \u043e\u043f\u0442\u0438\u0447\u043d\u0438\u044f\u0442 \u0435\u0444\u0435\u043a\u0442, \u0434\u0430 \u0441\u0435 \u043f\u043e\u0432\u0438\u0448\u0438 \u0442\u0435\u043c\u043f\u0435\u0440\u0430\u0442\u0443\u0440\u043d\u0430\u0442\u0430 \u0443\u0441\u0442\u043e\u0439\u0447\u0438\u0432\u043e\u0441\u0442.<\/p>\t\t\t\t\t\t\t\t<\/div>\n\t\t\t\t<\/div>\n\t\t\t\t<div class=\"elementor-element elementor-element-15718d3 elementor-widget elementor-widget-heading\" data-id=\"15718d3\" data-element_type=\"widget\" data-widget_type=\"heading.default\">\n\t\t\t\t<div class=\"elementor-widget-container\">\n\t\t\t\t\t<h3 class=\"elementor-heading-title elementor-size-default\">\u0421\u043f\u0435\u0446\u0438\u0430\u043b\u043d\u0438 \u0441\u0432\u043e\u0439\u0441\u0442\u0432\u0430 \u043d\u0430 \u043a\u0432\u0430\u0440\u0446\u043e\u0432\u043e\u0442\u043e \u0441\u0442\u044a\u043a\u043b\u043e:<\/h3>\t\t\t\t<\/div>\n\t\t\t\t<\/div>\n\t\t\t\t<div class=\"elementor-element elementor-element-281af31 elementor-widget elementor-widget-text-editor\" data-id=\"281af31\" data-element_type=\"widget\" data-widget_type=\"text-editor.default\">\n\t\t\t\t<div class=\"elementor-widget-container\">\n\t\t\t\t\t\t\t\t\t<ol><li value=\"NaN\">\u0418\u0437\u043a\u043b\u044e\u0447\u0438\u0442\u0435\u043b\u043d\u043e \u0448\u0438\u0440\u043e\u043a \u0441\u043f\u0435\u043a\u0442\u0440\u0430\u043b\u0435\u043d \u0434\u0438\u0430\u043f\u0430\u0437\u043e\u043d \u043d\u0430 \u043f\u0440\u043e\u043f\u0443\u0441\u043a\u0430\u043d\u0435 \u043e\u0442 \u0434\u044a\u043b\u0431\u043e\u043a\u0430\u0442\u0430 \u0443\u043b\u0442\u0440\u0430\u0432\u0438\u043e\u043b\u0435\u0442\u043e\u0432\u0430 \u0434\u043e \u0441\u0440\u0435\u0434\u043d\u0430\u0442\u0430 \u0438\u043d\u0444\u0440\u0430\u0447\u0435\u0440\u0432\u0435\u043d\u0430 \u043e\u0431\u043b\u0430\u0441\u0442 (\u043f\u043e-\u0448\u0438\u0440\u043e\u043a \u043e\u0442 \u0432\u0441\u0438\u0447\u043a\u0438 \u0434\u0440\u0443\u0433\u0438 \u0441\u0442\u044a\u043a\u043b\u0430).<\/li><li value=\"NaN\">\u0418\u0437\u043a\u043b\u044e\u0447\u0438\u0442\u0435\u043b\u043d\u043e \u0432\u0438\u0441\u043e\u043a\u0430 \u043e\u043f\u0442\u0438\u0447\u043d\u0430 \u043f\u0440\u043e\u043f\u0443\u0441\u043a\u043b\u0438\u0432\u043e\u0441\u0442 \u0438 \u043d\u0438\u0441\u043a\u0430 \u043e\u043f\u0442\u0438\u0447\u043d\u0430 \u0430\u0431\u0441\u043e\u0440\u0431\u0446\u0438\u044f.<\/li><li value=\"NaN\">\u041d\u0438\u0441\u043a\u0430 \u0441\u0442\u0435\u043f\u0435\u043d \u043d\u0430 \u0432\u0430\u0440\u0438\u0430\u0446\u0438\u044f \u0438 \u043d\u0430\u0440\u0443\u0448\u0430\u0432\u0430\u043d\u0435 \u043d\u0430 \u043f\u043e\u043a\u0430\u0437\u0430\u0442\u0435\u043b\u044f \u043d\u0430 \u043f\u0440\u0435\u0447\u0443\u043f\u0432\u0430\u043d\u0435 \u0432 \u0435\u0434\u043d\u043e \u0442\u0432\u044a\u0440\u0434\u043e \u0442\u044f\u043b\u043e \u0438 \u043e\u043f\u0442\u0438\u0447\u043d\u0430 \u0445\u043e\u043c\u043e\u0433\u0435\u043d\u043d\u043e\u0441\u0442 \u043e\u0442 \u0435\u0434\u043d\u0430 \u0441\u0442\u043e\u043f\u0438\u043b\u043a\u0430 \u0434\u043e \u0434\u0440\u0443\u0433\u0430 (\u0432\u044a\u0437\u043f\u0440\u043e\u0438\u0437\u0432\u043e\u0434\u0438\u043c\u043e\u0441\u0442).<\/li><li value=\"NaN\">\u0412\u0438\u0441\u043e\u043a\u0430 \u0443\u0441\u0442\u043e\u0439\u0447\u0438\u0432\u043e\u0441\u0442 \u043d\u0430 \u0432\u0438\u0441\u043e\u043a\u043e\u0438\u043d\u0442\u0435\u043d\u0437\u0438\u0432\u043d\u043e \u043b\u0430\u0437\u0435\u0440\u043d\u043e \u043b\u044a\u0447\u0435\u043d\u0438\u0435, \u043a\u043e\u0435\u0442\u043e \u0441\u0435 \u043e\u0442\u043d\u0430\u0441\u044f \u0438 \u0437\u0430 \u0443\u043b\u0442\u0440\u0430\u0432\u0438\u043e\u043b\u0435\u0442\u043e\u0432\u0438\u044f \u0441\u043f\u0435\u043a\u0442\u0440\u0430\u043b\u0435\u043d \u0434\u0438\u0430\u043f\u0430\u0437\u043e\u043d (\u043d\u0430\u043f\u0440. \u0435\u043a\u0441\u0438\u043c\u0435\u0440\u0435\u043d \u043b\u0430\u0437\u0435\u0440).<\/li><li value=\"NaN\">\u0412\u0438\u0441\u043e\u043a\u0430 \u0442\u0435\u043c\u043f\u0435\u0440\u0430\u0442\u0443\u0440\u0430 \u043d\u0430 \u043f\u0440\u0438\u043b\u043e\u0436\u0435\u043d\u0438\u0435 1200 \u0433\u0440\u0430\u0434\u0443\u0441\u0430 \u0421 - \u043f\u043e\u0447\u0442\u0438 \u0447\u0435\u0442\u0438\u0440\u0438 \u043f\u044a\u0442\u0438 \u043f\u043e-\u0432\u0438\u0441\u043e\u043a\u0430 \u043e\u0442 \u0442\u0430\u0437\u0438 \u043d\u0430 \u043e\u0431\u0438\u043a\u043d\u043e\u0432\u0435\u043d\u043e\u0442\u043e \u0441\u0442\u044a\u043a\u043b\u043e.<\/li><li value=\"NaN\">\u041d\u0438\u0441\u044a\u043a \u043a\u043e\u0435\u0444\u0438\u0446\u0438\u0435\u043d\u0442 \u043d\u0430 \u0442\u0435\u0440\u043c\u0438\u0447\u043d\u043e \u0440\u0430\u0437\u0448\u0438\u0440\u0435\u043d\u0438\u0435, \u043a\u043e\u0435\u0442\u043e \u0432\u043e\u0434\u0438 \u0434\u043e \u0438\u0437\u043a\u043b\u044e\u0447\u0438\u0442\u0435\u043b\u043d\u043e \u0432\u0438\u0441\u043e\u043a\u0430 \u0443\u0441\u0442\u043e\u0439\u0447\u0438\u0432\u043e\u0441\u0442 \u043d\u0430 \u0442\u0435\u043c\u043f\u0435\u0440\u0430\u0442\u0443\u0440\u0435\u043d \u0448\u043e\u043a, \u043f\u043e\u0437\u0432\u043e\u043b\u044f\u0432\u0430\u0449 \u0431\u044a\u0440\u0437\u043e \u043d\u0430\u0433\u0440\u044f\u0432\u0430\u043d\u0435 \u0438 \u043e\u0445\u043b\u0430\u0436\u0434\u0430\u043d\u0435.<\/li><\/ol>\t\t\t\t\t\t\t\t<\/div>\n\t\t\t\t<\/div>\n\t\t\t\t\t<\/div>\n\t\t\t\t<\/div>\n\t\t\t\t<\/div>","protected":false},"excerpt":{"rendered":"<p>Square Quartz Rods \u2013 Thick Wall, Transparent or Opaque Square Quartz Tubes 1*0.5*100mmSquare Quartz Tubes 1*0.3*100mmSquare Quartz Tubes 4*3*200mmSquare Quartz [&hellip;]<\/p>","protected":false},"author":1,"featured_media":717,"parent":836,"menu_order":0,"comment_status":"closed","ping_status":"closed","template":"","meta":{"_seopress_robots_primary_cat":"","_seopress_titles_title":"Square Quartz Rods \u2013 Thick Wall, Transparent or Opaque","_seopress_titles_desc":"Custom square quartz rods in 1\u00d70.3 to 4\u00d73\u00d7200mm. Transparent or opaque, high purity, optically stable & thermally resistant. OEM size forming available.","_seopress_robots_index":"","site-sidebar-layout":"no-sidebar","site-content-layout":"","ast-site-content-layout":"full-width-container","site-content-style":"default","site-sidebar-style":"default","ast-global-header-display":"","ast-banner-title-visibility":"","ast-main-header-display":"","ast-hfb-above-header-display":"","ast-hfb-below-header-display":"","ast-hfb-mobile-header-display":"","site-post-title":"disabled","ast-breadcrumbs-content":"","ast-featured-img":"disabled","footer-sml-layout":"","theme-transparent-header-meta":"","adv-header-id-meta":"","stick-header-meta":"","header-above-stick-meta":"","header-main-stick-meta":"","header-below-stick-meta":"","astra-migrate-meta-layouts":"default","ast-page-background-enabled":"default","ast-page-background-meta":{"desktop":{"background-color":"var(--ast-global-color-5)","background-image":"","background-repeat":"repeat","background-position":"center center","background-size":"auto","background-attachment":"scroll","background-type":"","background-media":"","overlay-type":"","overlay-color":"","overlay-opacity":"","overlay-gradient":""},"tablet":{"background-color":"","background-image":"","background-repeat":"repeat","background-position":"center center","background-size":"auto","background-attachment":"scroll","background-type":"","background-media":"","overlay-type":"","overlay-color":"","overlay-opacity":"","overlay-gradient":""},"mobile":{"background-color":"","background-image":"","background-repeat":"repeat","background-position":"center center","background-size":"auto","background-attachment":"scroll","background-type":"","background-media":"","overlay-type":"","overlay-color":"","overlay-opacity":"","overlay-gradient":""}},"ast-content-background-meta":{"desktop":{"background-color":"var(--ast-global-color-4)","background-image":"","background-repeat":"repeat","background-position":"center center","background-size":"auto","background-attachment":"scroll","background-type":"","background-media":"","overlay-type":"","overlay-color":"","overlay-opacity":"","overlay-gradient":""},"tablet":{"background-color":"var(--ast-global-color-4)","background-image":"","background-repeat":"repeat","background-position":"center center","background-size":"auto","background-attachment":"scroll","background-type":"","background-media":"","overlay-type":"","overlay-color":"","overlay-opacity":"","overlay-gradient":""},"mobile":{"background-color":"var(--ast-global-color-4)","background-image":"","background-repeat":"repeat","background-position":"center center","background-size":"auto","background-attachment":"scroll","background-type":"","background-media":"","overlay-type":"","overlay-color":"","overlay-opacity":"","overlay-gradient":""}},"footnotes":""},"class_list":["post-716","page","type-page","status-publish","has-post-thumbnail","hentry"],"_links":{"self":[{"href":"https:\/\/exactquartz.com\/bg\/wp-json\/wp\/v2\/pages\/716","targetHints":{"allow":["GET"]}}],"collection":[{"href":"https:\/\/exactquartz.com\/bg\/wp-json\/wp\/v2\/pages"}],"about":[{"href":"https:\/\/exactquartz.com\/bg\/wp-json\/wp\/v2\/types\/page"}],"author":[{"embeddable":true,"href":"https:\/\/exactquartz.com\/bg\/wp-json\/wp\/v2\/users\/1"}],"replies":[{"embeddable":true,"href":"https:\/\/exactquartz.com\/bg\/wp-json\/wp\/v2\/comments?post=716"}],"version-history":[{"count":14,"href":"https:\/\/exactquartz.com\/bg\/wp-json\/wp\/v2\/pages\/716\/revisions"}],"predecessor-version":[{"id":1413,"href":"https:\/\/exactquartz.com\/bg\/wp-json\/wp\/v2\/pages\/716\/revisions\/1413"}],"up":[{"embeddable":true,"href":"https:\/\/exactquartz.com\/bg\/wp-json\/wp\/v2\/pages\/836"}],"wp:featuredmedia":[{"embeddable":true,"href":"https:\/\/exactquartz.com\/bg\/wp-json\/wp\/v2\/media\/717"}],"wp:attachment":[{"href":"https:\/\/exactquartz.com\/bg\/wp-json\/wp\/v2\/media?parent=716"}],"curies":[{"name":"wp","href":"https:\/\/api.w.org\/{rel}","templated":true}]}}