{"id":165,"date":"2025-03-12T18:59:48","date_gmt":"2025-03-12T10:59:48","guid":{"rendered":"https:\/\/exactquartz.com\/?page_id=165"},"modified":"2025-04-16T18:21:21","modified_gmt":"2025-04-16T10:21:21","slug":"semi-circular-quartz-tubes-high-temp-custom-glass","status":"publish","type":"page","link":"https:\/\/exactquartz.com\/cs\/high-temp-quartz-solutions\/semi-circular-quartz-tubes-high-temp-custom-glass\/","title":{"rendered":"Polokruhov\u00e9 k\u0159emenn\u00e9 trubice - vysokoteplotn\u00ed sklo na zak\u00e1zku"},"content":{"rendered":"<div data-elementor-type=\"wp-page\" data-elementor-id=\"165\" class=\"elementor elementor-165\" data-elementor-post-type=\"page\">\n\t\t\t\t<div class=\"elementor-element elementor-element-abb877f e-flex e-con-boxed e-con e-parent\" data-id=\"abb877f\" data-element_type=\"container\">\n\t\t\t\t\t<div class=\"e-con-inner\">\n\t\t<div class=\"elementor-element elementor-element-82153af e-con-full e-flex e-con e-child\" data-id=\"82153af\" data-element_type=\"container\">\n\t\t\t\t<div class=\"elementor-element elementor-element-42ee351 elementor-widget elementor-widget-image\" data-id=\"42ee351\" data-element_type=\"widget\" data-widget_type=\"image.default\">\n\t\t\t\t<div class=\"elementor-widget-container\">\n\t\t\t\t\t\t\t\t\t\t\t\t\t\t\t<img fetchpriority=\"high\" decoding=\"async\" width=\"500\" height=\"379\" src=\"https:\/\/exactquartz.com\/wp-content\/uploads\/2025\/03\/High-temperature-quartz-glass-semi-circular-tubes.webp\" class=\"attachment-large size-large wp-image-169\" alt=\"P\u016flkruhov\u00e9 trubice z vysokoteplotn\u00edho k\u0159emenn\u00e9ho skla\" srcset=\"https:\/\/exactquartz.com\/wp-content\/uploads\/2025\/03\/High-temperature-quartz-glass-semi-circular-tubes.webp 500w, https:\/\/exactquartz.com\/wp-content\/uploads\/2025\/03\/High-temperature-quartz-glass-semi-circular-tubes-300x227.webp 300w\" sizes=\"(max-width: 500px) 100vw, 500px\" \/>\t\t\t\t\t\t\t\t\t\t\t\t\t\t\t<\/div>\n\t\t\t\t<\/div>\n\t\t\t\t<\/div>\n\t\t<div class=\"elementor-element elementor-element-c514cbd e-con-full e-flex e-con e-child\" data-id=\"c514cbd\" data-element_type=\"container\">\n\t\t\t\t<div class=\"elementor-element elementor-element-70d5eba elementor-widget elementor-widget-heading\" data-id=\"70d5eba\" data-element_type=\"widget\" data-widget_type=\"heading.default\">\n\t\t\t\t<div class=\"elementor-widget-container\">\n\t\t\t\t\t<h2 class=\"elementor-heading-title elementor-size-default\">Polokruhov\u00e9 k\u0159emenn\u00e9 trubice - vysokoteplotn\u00ed sklo na zak\u00e1zku<\/h2>\t\t\t\t<\/div>\n\t\t\t\t<\/div>\n\t\t\t\t<div class=\"elementor-element elementor-element-ac956f7 elementor-widget elementor-widget-text-editor\" data-id=\"ac956f7\" data-element_type=\"widget\" data-widget_type=\"text-editor.default\">\n\t\t\t\t<div class=\"elementor-widget-container\">\n\t\t\t\t\t\t\t\t\t<ul><li>Na m\u00edru: P\u0159izp\u016fsoben\u00e9<\/li><li>Struktura: P\u0159izp\u016fsoben\u00e9<\/li><li>Materi\u00e1l: K\u0159emen<\/li><li>Pou\u017eit\u00ed: Vysokoteplotn\u00ed pece, laboratorn\u00ed za\u0159\u00edzen\u00ed a optick\u00e9 p\u0159\u00edstroje<\/li><li>Typ: Tube<\/li><\/ul>\t\t\t\t\t\t\t\t<\/div>\n\t\t\t\t<\/div>\n\t\t\t\t<div class=\"elementor-element elementor-element-2d910b1 elementor-align-left elementor-widget elementor-widget-button\" data-id=\"2d910b1\" data-element_type=\"widget\" data-widget_type=\"button.default\">\n\t\t\t\t<div class=\"elementor-widget-container\">\n\t\t\t\t\t\t\t\t\t<div class=\"elementor-button-wrapper\">\n\t\t\t\t\t<a class=\"elementor-button elementor-button-link elementor-size-sm\" href=\"#elementor-action%3Aaction%3Dpopup%3Aopen%26settings%3DeyJpZCI6IjEyNzUiLCJ0b2dnbGUiOmZhbHNlfQ%3D%3D\">\n\t\t\t\t\t\t<span class=\"elementor-button-content-wrapper\">\n\t\t\t\t\t\t\t\t\t<span class=\"elementor-button-text\">Rychl\u00e1 nab\u00eddka<\/span>\n\t\t\t\t\t<\/span>\n\t\t\t\t\t<\/a>\n\t\t\t\t<\/div>\n\t\t\t\t\t\t\t\t<\/div>\n\t\t\t\t<\/div>\n\t\t\t\t<\/div>\n\t\t\t\t\t<\/div>\n\t\t\t\t<\/div>\n\t\t<div class=\"elementor-element elementor-element-a2ed80c e-flex e-con-boxed e-con e-parent\" data-id=\"a2ed80c\" data-element_type=\"container\">\n\t\t\t\t\t<div class=\"e-con-inner\">\n\t\t\t\t<div class=\"elementor-element elementor-element-1055203 elementor-widget elementor-widget-heading\" data-id=\"1055203\" data-element_type=\"widget\" data-widget_type=\"heading.default\">\n\t\t\t\t<div class=\"elementor-widget-container\">\n\t\t\t\t\t<h3 class=\"elementor-heading-title elementor-size-default\">Taven\u00e9 k\u0159emenn\u00e9 trubice \/ k\u0159em\u00edkov\u00e9 trubice:<\/h3>\t\t\t\t<\/div>\n\t\t\t\t<\/div>\n\t\t\t\t<div class=\"elementor-element elementor-element-ceddc61 elementor-widget elementor-widget-text-editor\" data-id=\"ceddc61\" data-element_type=\"widget\" data-widget_type=\"text-editor.default\">\n\t\t\t\t<div class=\"elementor-widget-container\">\n\t\t\t\t\t\t\t\t\t<p>Taven\u00e9 k\u0159emenn\u00e9 trubice, zn\u00e1m\u00e9 tak\u00e9 jako k\u0159emenn\u00e9 trubice, jsou vyrobeny z vysoce \u010dist\u00fdch k\u0159emenn\u00fdch materi\u00e1l\u016f. Tyto trubice maj\u00ed \u0159adu v\u00fdjime\u010dn\u00fdch vlastnost\u00ed, v\u010detn\u011b vysok\u00e9 teplotn\u00ed odolnosti, vysok\u00e9 odolnosti proti teplotn\u00edm \u0161ok\u016fm a vynikaj\u00edc\u00ed optick\u00e9 pr\u016fhlednosti. D\u00edky t\u011bmto vlastnostem se taven\u00e9 k\u0159emenn\u00e9 trubice \u0161iroce pou\u017e\u00edvaj\u00ed v r\u016fzn\u00fdch pr\u016fmyslov\u00fdch odv\u011btv\u00edch, nap\u0159\u00edklad p\u0159i v\u00fdrob\u011b polovodi\u010d\u016f, v sol\u00e1rn\u00ed energetice a v laboratorn\u00edm v\u00fdzkumu.<\/p>\t\t\t\t\t\t\t\t<\/div>\n\t\t\t\t<\/div>\n\t\t\t\t<div class=\"elementor-element elementor-element-b7e9c99 elementor-widget elementor-widget-heading\" data-id=\"b7e9c99\" data-element_type=\"widget\" data-widget_type=\"heading.default\">\n\t\t\t\t<div class=\"elementor-widget-container\">\n\t\t\t\t\t<h3 class=\"elementor-heading-title elementor-size-default\">Pou\u017eit\u00ed:<\/h3>\t\t\t\t<\/div>\n\t\t\t\t<\/div>\n\t\t\t\t<div class=\"elementor-element elementor-element-281af31 elementor-widget elementor-widget-text-editor\" data-id=\"281af31\" data-element_type=\"widget\" data-widget_type=\"text-editor.default\">\n\t\t\t\t<div class=\"elementor-widget-container\">\n\t\t\t\t\t\t\t\t\t<p>1. \u0160irok\u00e9 vyu\u017eit\u00ed v chemii, stroj\u00edrenstv\u00ed, laserov\u00e9m pr\u016fmyslu, optick\u00fdch p\u0159\u00edstroj\u00edch, v\u011bdeck\u00fdch laborato\u0159\u00edch, elektronice, polovodi\u010dov\u00e9m pr\u016fmyslu atd.<\/p><p>2. Na\u0161e k\u0159emenn\u00e9 ampule se vyzna\u010duj\u00ed vysokou \u010distotou (&gt;99,99%), dobr\u00fdmi fyzik\u00e1ln\u00edmi a chemick\u00fdmi vlastnostmi, p\u0159\u00edsn\u00fdmi tolerancemi a n\u00edzk\u00fdm obsahem -OH. Ty\u010dinky jsou na\u0161imi z\u00e1kazn\u00edky pou\u017e\u00edv\u00e1ny v r\u016fzn\u00fdch aplikac\u00edch.<\/p>\t\t\t\t\t\t\t\t<\/div>\n\t\t\t\t<\/div>\n\t\t\t\t\t<\/div>\n\t\t\t\t<\/div>\n\t\t\t\t<\/div>","protected":false},"excerpt":{"rendered":"<p>Semi-Circular Quartz Tubes \u2013 High Temp Custom Glass Customized: Customized Structure: Customized Material: Quartz Application: High-temperature furnaces, Laboratory equipment, and [&hellip;]<\/p>","protected":false},"author":9,"featured_media":169,"parent":839,"menu_order":0,"comment_status":"closed","ping_status":"closed","template":"","meta":{"_seopress_robots_primary_cat":"","_seopress_titles_title":"Semi-Circular Quartz Tubes \u2013 High Temp Custom Glass","_seopress_titles_desc":"High-temp semi-circular quartz glass tubes for lab, furnace & optical use. 99.99% SiO\u2082, thermal shock resistant, precise shaping & OEM fabrication.","_seopress_robots_index":"","site-sidebar-layout":"no-sidebar","site-content-layout":"","ast-site-content-layout":"full-width-container","site-content-style":"default","site-sidebar-style":"default","ast-global-header-display":"","ast-banner-title-visibility":"","ast-main-header-display":"","ast-hfb-above-header-display":"","ast-hfb-below-header-display":"","ast-hfb-mobile-header-display":"","site-post-title":"disabled","ast-breadcrumbs-content":"","ast-featured-img":"disabled","footer-sml-layout":"","theme-transparent-header-meta":"","adv-header-id-meta":"","stick-header-meta":"","header-above-stick-meta":"","header-main-stick-meta":"","header-below-stick-meta":"","astra-migrate-meta-layouts":"default","ast-page-background-enabled":"default","ast-page-background-meta":{"desktop":{"background-color":"var(--ast-global-color-5)","background-image":"","background-repeat":"repeat","background-position":"center center","background-size":"auto","background-attachment":"scroll","background-type":"","background-media":"","overlay-type":"","overlay-color":"","overlay-opacity":"","overlay-gradient":""},"tablet":{"background-color":"","background-image":"","background-repeat":"repeat","background-position":"center center","background-size":"auto","background-attachment":"scroll","background-type":"","background-media":"","overlay-type":"","overlay-color":"","overlay-opacity":"","overlay-gradient":""},"mobile":{"background-color":"","background-image":"","background-repeat":"repeat","background-position":"center center","background-size":"auto","background-attachment":"scroll","background-type":"","background-media":"","overlay-type":"","overlay-color":"","overlay-opacity":"","overlay-gradient":""}},"ast-content-background-meta":{"desktop":{"background-color":"var(--ast-global-color-4)","background-image":"","background-repeat":"repeat","background-position":"center center","background-size":"auto","background-attachment":"scroll","background-type":"","background-media":"","overlay-type":"","overlay-color":"","overlay-opacity":"","overlay-gradient":""},"tablet":{"background-color":"var(--ast-global-color-4)","background-image":"","background-repeat":"repeat","background-position":"center center","background-size":"auto","background-attachment":"scroll","background-type":"","background-media":"","overlay-type":"","overlay-color":"","overlay-opacity":"","overlay-gradient":""},"mobile":{"background-color":"var(--ast-global-color-4)","background-image":"","background-repeat":"repeat","background-position":"center center","background-size":"auto","background-attachment":"scroll","background-type":"","background-media":"","overlay-type":"","overlay-color":"","overlay-opacity":"","overlay-gradient":""}},"footnotes":""},"class_list":["post-165","page","type-page","status-publish","has-post-thumbnail","hentry"],"_hostinger_reach_plugin_has_subscription_block":false,"_hostinger_reach_plugin_is_elementor":false,"_links":{"self":[{"href":"https:\/\/exactquartz.com\/cs\/wp-json\/wp\/v2\/pages\/165","targetHints":{"allow":["GET"]}}],"collection":[{"href":"https:\/\/exactquartz.com\/cs\/wp-json\/wp\/v2\/pages"}],"about":[{"href":"https:\/\/exactquartz.com\/cs\/wp-json\/wp\/v2\/types\/page"}],"author":[{"embeddable":true,"href":"https:\/\/exactquartz.com\/cs\/wp-json\/wp\/v2\/users\/9"}],"replies":[{"embeddable":true,"href":"https:\/\/exactquartz.com\/cs\/wp-json\/wp\/v2\/comments?post=165"}],"version-history":[{"count":17,"href":"https:\/\/exactquartz.com\/cs\/wp-json\/wp\/v2\/pages\/165\/revisions"}],"predecessor-version":[{"id":1380,"href":"https:\/\/exactquartz.com\/cs\/wp-json\/wp\/v2\/pages\/165\/revisions\/1380"}],"up":[{"embeddable":true,"href":"https:\/\/exactquartz.com\/cs\/wp-json\/wp\/v2\/pages\/839"}],"wp:featuredmedia":[{"embeddable":true,"href":"https:\/\/exactquartz.com\/cs\/wp-json\/wp\/v2\/media\/169"}],"wp:attachment":[{"href":"https:\/\/exactquartz.com\/cs\/wp-json\/wp\/v2\/media?parent=165"}],"curies":[{"name":"wp","href":"https:\/\/api.w.org\/{rel}","templated":true}]}}