{"id":251,"date":"2025-03-26T17:11:03","date_gmt":"2025-03-26T09:11:03","guid":{"rendered":"https:\/\/exactquartz.com\/?page_id=251"},"modified":"2025-04-16T18:37:26","modified_gmt":"2025-04-16T10:37:26","slug":"quartz-lab-accessories-carriers-discs-custom-glass-parts","status":"publish","type":"page","link":"https:\/\/exactquartz.com\/cs\/quartz-lab-glassware-product\/quartz-lab-accessories-carriers-discs-custom-glass-parts\/","title":{"rendered":"P\u0159\u00edslu\u0161enstv\u00ed pro k\u0159emenn\u00e9 laborato\u0159e - nosi\u010de, disky a sklen\u011bn\u00e9 d\u00edly na zak\u00e1zku"},"content":{"rendered":"<div data-elementor-type=\"wp-page\" data-elementor-id=\"251\" class=\"elementor elementor-251\" data-elementor-post-type=\"page\">\n\t\t\t\t<div class=\"elementor-element elementor-element-abb877f e-flex e-con-boxed e-con e-parent\" data-id=\"abb877f\" data-element_type=\"container\">\n\t\t\t\t\t<div class=\"e-con-inner\">\n\t\t<div class=\"elementor-element elementor-element-82153af e-con-full e-flex e-con e-child\" data-id=\"82153af\" data-element_type=\"container\">\n\t\t\t\t<div class=\"elementor-element elementor-element-60c2c30 elementor-skin-slideshow elementor-arrows-yes elementor-widget elementor-widget-media-carousel\" data-id=\"60c2c30\" data-element_type=\"widget\" data-settings=\"{&quot;skin&quot;:&quot;slideshow&quot;,&quot;effect&quot;:&quot;slide&quot;,&quot;show_arrows&quot;:&quot;yes&quot;,&quot;speed&quot;:500,&quot;autoplay&quot;:&quot;yes&quot;,&quot;autoplay_speed&quot;:5000,&quot;loop&quot;:&quot;yes&quot;,&quot;pause_on_hover&quot;:&quot;yes&quot;,&quot;pause_on_interaction&quot;:&quot;yes&quot;,&quot;space_between&quot;:{&quot;unit&quot;:&quot;px&quot;,&quot;size&quot;:10,&quot;sizes&quot;:[]},&quot;space_between_tablet&quot;:{&quot;unit&quot;:&quot;px&quot;,&quot;size&quot;:10,&quot;sizes&quot;:[]},&quot;space_between_mobile&quot;:{&quot;unit&quot;:&quot;px&quot;,&quot;size&quot;:10,&quot;sizes&quot;:[]}}\" data-widget_type=\"media-carousel.default\">\n\t\t\t\t<div class=\"elementor-widget-container\">\n\t\t\t\t\t\t\t\t\t<div class=\"elementor-swiper\">\n\t\t\t\t\t<div class=\"elementor-main-swiper swiper\" role=\"region\" aria-roledescription=\"carousel\" aria-label=\"Slides\">\n\t\t\t\t<div class=\"swiper-wrapper\">\n\t\t\t\t\t\t\t\t\t\t\t<div class=\"swiper-slide\" role=\"group\" aria-roledescription=\"slide\">\n\t\t\t\t\t\t\t\t\t<div class=\"elementor-carousel-image\" role=\"img\" aria-label=\"K\u0159emenn\u00e9 sklen\u011bn\u00e9 vrt\u00e1ky, le\u0161tic\u00ed kotou\u010de, \u017e\u00e1ruvzdorn\u00e9 nosi\u010de, laboratorn\u00ed p\u0159\u00edslu\u0161enstv\u00ed\" style=\"background-image: url(&#039;https:\/\/exactquartz.com\/wp-content\/uploads\/2025\/03\/Quartz-Glass-Drilling-Steps-Polishing-Discs-Heat-resistant-Carriers-Laboratory-Accessories.webp&#039;)\">\n\n\t\t\t\n\t\t\t\t\t<\/div>\n\t\t\t\t\t\t\t\t<\/div>\n\t\t\t\t\t\t\t\t\t<\/div>\n\t\t\t\t\t\t\t<\/div>\n\t\t\t\t<\/div>\n\t\t\t\t\t\t\t\t<\/div>\n\t\t\t\t<\/div>\n\t\t\t\t<\/div>\n\t\t<div class=\"elementor-element elementor-element-c514cbd e-con-full e-flex e-con e-child\" data-id=\"c514cbd\" data-element_type=\"container\">\n\t\t\t\t<div class=\"elementor-element elementor-element-70d5eba elementor-widget elementor-widget-heading\" data-id=\"70d5eba\" data-element_type=\"widget\" data-widget_type=\"heading.default\">\n\t\t\t\t<div class=\"elementor-widget-container\">\n\t\t\t\t\t<h2 class=\"elementor-heading-title elementor-size-default\">P\u0159\u00edslu\u0161enstv\u00ed pro k\u0159emenn\u00e9 laborato\u0159e - nosi\u010de, disky a sklen\u011bn\u00e9 d\u00edly na zak\u00e1zku<\/h2>\t\t\t\t<\/div>\n\t\t\t\t<\/div>\n\t\t\t\t<div class=\"elementor-element elementor-element-ac956f7 elementor-widget elementor-widget-text-editor\" data-id=\"ac956f7\" data-element_type=\"widget\" data-widget_type=\"text-editor.default\">\n\t\t\t\t<div class=\"elementor-widget-container\">\n\t\t\t\t\t\t\t\t\t<p>R\u016fzn\u00e9 z\u00e1kladn\u00ed komponenty pou\u017e\u00edvan\u00e9 p\u0159i experimentech a v laborato\u0159\u00edch s taven\u00fdm k\u0159emenn\u00fdm sklem. Mezi tyto komponenty pat\u0159\u00ed vrtac\u00ed stupn\u011b, le\u0161tic\u00ed kotou\u010de, \u017e\u00e1ruvzdorn\u00e9 nosi\u010de, sklen\u011bn\u00e1 skl\u00ed\u010dka a dal\u0161\u00ed p\u0159\u00edslu\u0161enstv\u00ed. Taven\u00e9 k\u0159emenn\u00e9 sklo je zn\u00e1m\u00e9 svou vysokou tepelnou odolnost\u00ed a b\u011b\u017en\u011b se pou\u017e\u00edv\u00e1 ve v\u011bdeck\u00e9m v\u00fdzkumu a experimentech. Pochopen\u00ed spr\u00e1vn\u00e9ho pou\u017eit\u00ed a pokyn\u016f pro tyto komponenty zaji\u0161\u0165uje optim\u00e1ln\u00ed v\u00fdkon a p\u0159esnost p\u0159i laboratorn\u00ed pr\u00e1ci.<\/p>\t\t\t\t\t\t\t\t<\/div>\n\t\t\t\t<\/div>\n\t\t\t\t<div class=\"elementor-element elementor-element-0e8d101 elementor-align-left elementor-widget elementor-widget-button\" data-id=\"0e8d101\" data-element_type=\"widget\" data-widget_type=\"button.default\">\n\t\t\t\t<div class=\"elementor-widget-container\">\n\t\t\t\t\t\t\t\t\t<div class=\"elementor-button-wrapper\">\n\t\t\t\t\t<a class=\"elementor-button elementor-button-link elementor-size-sm\" href=\"#elementor-action%3Aaction%3Dpopup%3Aopen%26settings%3DeyJpZCI6IjEyNzUiLCJ0b2dnbGUiOmZhbHNlfQ%3D%3D\">\n\t\t\t\t\t\t<span class=\"elementor-button-content-wrapper\">\n\t\t\t\t\t\t\t\t\t<span class=\"elementor-button-text\">Rychl\u00e1 nab\u00eddka<\/span>\n\t\t\t\t\t<\/span>\n\t\t\t\t\t<\/a>\n\t\t\t\t<\/div>\n\t\t\t\t\t\t\t\t<\/div>\n\t\t\t\t<\/div>\n\t\t\t\t<\/div>\n\t\t\t\t\t<\/div>\n\t\t\t\t<\/div>\n\t\t<div class=\"elementor-element elementor-element-a2ed80c e-flex e-con-boxed e-con e-parent\" data-id=\"a2ed80c\" data-element_type=\"container\">\n\t\t\t\t\t<div class=\"e-con-inner\">\n\t\t\t\t<div class=\"elementor-element elementor-element-bb5250e elementor-widget elementor-widget-heading\" data-id=\"bb5250e\" data-element_type=\"widget\" data-widget_type=\"heading.default\">\n\t\t\t\t<div class=\"elementor-widget-container\">\n\t\t\t\t\t<h3 class=\"elementor-heading-title elementor-size-default\">Podrobnosti:<\/h3>\t\t\t\t<\/div>\n\t\t\t\t<\/div>\n\t\t\t\t<div class=\"elementor-element elementor-element-ceddc61 elementor-widget elementor-widget-text-editor\" data-id=\"ceddc61\" data-element_type=\"widget\" data-widget_type=\"text-editor.default\">\n\t\t\t\t<div class=\"elementor-widget-container\">\n\t\t\t\t\t\t\t\t\t<p>V\u011bt\u0161ina v\u011bdeck\u00e9ho laboratorn\u00edho skla je vyrobena z k\u0159emenn\u00e9ho skla, jako jsou zkumavky, kel\u00edmky, k\u00e1dinky atd. K\u0159emenn\u00e9 sklo m\u00e1 toti\u017e vynikaj\u00edc\u00ed vlastnosti, jako je odolnost v\u016f\u010di vysok\u00fdm teplot\u00e1m, kyselin\u00e1m, korozi atd. Je to prioritn\u00ed materi\u00e1l v laborato\u0159i. M\u00e1me schopnosti vyr\u00e1b\u011bt r\u016fzn\u00e9 druhy k\u0159emenn\u00e9ho skla podle v\u00fdkres\u016f a n\u00e1vrh\u016f z\u00e1kazn\u00edk\u016f nebo navrhovat laboratorn\u00ed n\u00e1dob\u00ed z k\u0159emenn\u00e9ho skla podle po\u017eadavk\u016f z\u00e1kazn\u00edk\u016f. Na\u0161e spole\u010dnost m\u00e1 v\u00edce v\u00fdrobc\u016f, kte\u0159\u00ed maj\u00ed v\u00edce ne\u017e 10 let pracovn\u00edch zku\u0161enost\u00ed s v\u00fdrobou v\u00fdrobk\u016f z k\u0159emenn\u00e9ho skla. Tak\u017ee za p\u0159edpokladu zaru\u010den\u00ed vysok\u00e9 kvality bude vzhled na\u0161eho k\u0159emenn\u00e9ho sklen\u011bn\u00e9ho n\u00e1dob\u00ed hlad\u0161\u00ed a kr\u00e1sn\u011bj\u0161\u00ed. N\u00e1sleduj\u00edc\u00ed k\u0159emenn\u00e9 laboratorn\u00ed sklo je d\u00edlem na\u0161ich v\u00fdrobc\u016f.<\/p>\t\t\t\t\t\t\t\t<\/div>\n\t\t\t\t<\/div>\n\t\t\t\t\t<\/div>\n\t\t\t\t<\/div>\n\t\t<div class=\"elementor-element elementor-element-58340db e-flex e-con-boxed e-con e-parent\" data-id=\"58340db\" data-element_type=\"container\">\n\t\t\t\t\t<div class=\"e-con-inner\">\n\t\t\t\t<div class=\"elementor-element elementor-element-fdaa9c4 elementor-widget elementor-widget-image\" data-id=\"fdaa9c4\" data-element_type=\"widget\" data-widget_type=\"image.default\">\n\t\t\t\t<div class=\"elementor-widget-container\">\n\t\t\t\t\t\t\t\t\t\t\t\t\t\t\t<img fetchpriority=\"high\" decoding=\"async\" width=\"1200\" height=\"1200\" src=\"https:\/\/exactquartz.com\/wp-content\/uploads\/2025\/03\/quartz-lab-glassware.webp\" class=\"attachment-full size-full wp-image-244\" alt=\"k\u0159emenn\u00e9 laboratorn\u00ed sklo\" srcset=\"https:\/\/exactquartz.com\/wp-content\/uploads\/2025\/03\/quartz-lab-glassware.webp 1200w, https:\/\/exactquartz.com\/wp-content\/uploads\/2025\/03\/quartz-lab-glassware-300x300.webp 300w, https:\/\/exactquartz.com\/wp-content\/uploads\/2025\/03\/quartz-lab-glassware-1024x1024.webp 1024w, https:\/\/exactquartz.com\/wp-content\/uploads\/2025\/03\/quartz-lab-glassware-150x150.webp 150w, https:\/\/exactquartz.com\/wp-content\/uploads\/2025\/03\/quartz-lab-glassware-768x768.webp 768w\" sizes=\"(max-width: 1200px) 100vw, 1200px\" \/>\t\t\t\t\t\t\t\t\t\t\t\t\t\t\t<\/div>\n\t\t\t\t<\/div>\n\t\t\t\t\t<\/div>\n\t\t\t\t<\/div>\n\t\t<div class=\"elementor-element elementor-element-ec9a716 e-flex e-con-boxed e-con e-parent\" data-id=\"ec9a716\" data-element_type=\"container\">\n\t\t\t\t\t<div class=\"e-con-inner\">\n\t\t\t\t<div class=\"elementor-element elementor-element-b7e9c99 elementor-widget elementor-widget-heading\" data-id=\"b7e9c99\" data-element_type=\"widget\" data-widget_type=\"heading.default\">\n\t\t\t\t<div class=\"elementor-widget-container\">\n\t\t\t\t\t<h3 class=\"elementor-heading-title elementor-size-default\">Slu\u017eba OEM a ODM:<\/h3>\t\t\t\t<\/div>\n\t\t\t\t<\/div>\n\t\t\t\t<div class=\"elementor-element elementor-element-281af31 elementor-widget elementor-widget-text-editor\" data-id=\"281af31\" data-element_type=\"widget\" data-widget_type=\"text-editor.default\">\n\t\t\t\t<div class=\"elementor-widget-container\">\n\t\t\t\t\t\t\t\t\t<p>Jako profesion\u00e1ln\u00ed v\u00fdrobce v\u00fdrobk\u016f z k\u0159emenn\u00e9ho skla v \u010c\u00edn\u011b v\u00edt\u00e1me objedn\u00e1vky OEM a zak\u00e1zkov\u00e9 objedn\u00e1vky.<br \/>Pokud m\u00e1te n\u011bjak\u00fd n\u00e1vrh kov\u00e1n\u00ed QUARTZ, nev\u00e1hejte se na n\u00e1s obr\u00e1tit. Brzy pro v\u00e1s vyrob\u00edme nov\u00e9 vzorky.<\/p><p>U ru\u010dn\u011b vyr\u00e1b\u011bn\u00fdch v\u00fdrobk\u016f n\u00e1m pros\u00edm sd\u011blte sv\u016fj po\u017eadavek nebo n\u00e1m za\u0161lete fotografie. Pak pro v\u00e1s vyrob\u00edme zku\u0161ebn\u00ed vzorky.<br \/>A dokud nebudete spokojeni se vzorky, nebudeme vyr\u00e1b\u011bt s\u00e9riov\u011b.<\/p>\t\t\t\t\t\t\t\t<\/div>\n\t\t\t\t<\/div>\n\t\t\t\t\t<\/div>\n\t\t\t\t<\/div>\n\t\t\t\t<\/div>","protected":false},"excerpt":{"rendered":"<p>Quartz Lab Accessories \u2013 Carriers, Discs &amp; Custom Glass Parts Various essential components used in experiments and laboratory settings involving [&hellip;]<\/p>","protected":false},"author":6,"featured_media":254,"parent":843,"menu_order":0,"comment_status":"closed","ping_status":"closed","template":"","meta":{"_seopress_robots_primary_cat":"","_seopress_titles_title":"Quartz Lab Accessories \u2013 Carriers, Discs & Custom Glass Parts","_seopress_titles_desc":"Quartz drilling steps, polishing discs & heat-resistant carriers for lab use. Custom fused silica parts made per drawing. High temp & acid resistant.","_seopress_robots_index":"","site-sidebar-layout":"no-sidebar","site-content-layout":"","ast-site-content-layout":"full-width-container","site-content-style":"default","site-sidebar-style":"default","ast-global-header-display":"","ast-banner-title-visibility":"","ast-main-header-display":"","ast-hfb-above-header-display":"","ast-hfb-below-header-display":"","ast-hfb-mobile-header-display":"","site-post-title":"disabled","ast-breadcrumbs-content":"","ast-featured-img":"disabled","footer-sml-layout":"","theme-transparent-header-meta":"","adv-header-id-meta":"","stick-header-meta":"","header-above-stick-meta":"","header-main-stick-meta":"","header-below-stick-meta":"","astra-migrate-meta-layouts":"default","ast-page-background-enabled":"default","ast-page-background-meta":{"desktop":{"background-color":"var(--ast-global-color-5)","background-image":"","background-repeat":"repeat","background-position":"center center","background-size":"auto","background-attachment":"scroll","background-type":"","background-media":"","overlay-type":"","overlay-color":"","overlay-opacity":"","overlay-gradient":""},"tablet":{"background-color":"","background-image":"","background-repeat":"repeat","background-position":"center center","background-size":"auto","background-attachment":"scroll","background-type":"","background-media":"","overlay-type":"","overlay-color":"","overlay-opacity":"","overlay-gradient":""},"mobile":{"background-color":"","background-image":"","background-repeat":"repeat","background-position":"center center","background-size":"auto","background-attachment":"scroll","background-type":"","background-media":"","overlay-type":"","overlay-color":"","overlay-opacity":"","overlay-gradient":""}},"ast-content-background-meta":{"desktop":{"background-color":"var(--ast-global-color-4)","background-image":"","background-repeat":"repeat","background-position":"center center","background-size":"auto","background-attachment":"scroll","background-type":"","background-media":"","overlay-type":"","overlay-color":"","overlay-opacity":"","overlay-gradient":""},"tablet":{"background-color":"var(--ast-global-color-4)","background-image":"","background-repeat":"repeat","background-position":"center center","background-size":"auto","background-attachment":"scroll","background-type":"","background-media":"","overlay-type":"","overlay-color":"","overlay-opacity":"","overlay-gradient":""},"mobile":{"background-color":"var(--ast-global-color-4)","background-image":"","background-repeat":"repeat","background-position":"center center","background-size":"auto","background-attachment":"scroll","background-type":"","background-media":"","overlay-type":"","overlay-color":"","overlay-opacity":"","overlay-gradient":""}},"footnotes":""},"class_list":["post-251","page","type-page","status-publish","has-post-thumbnail","hentry"],"_hostinger_reach_plugin_has_subscription_block":false,"_hostinger_reach_plugin_is_elementor":false,"_links":{"self":[{"href":"https:\/\/exactquartz.com\/cs\/wp-json\/wp\/v2\/pages\/251","targetHints":{"allow":["GET"]}}],"collection":[{"href":"https:\/\/exactquartz.com\/cs\/wp-json\/wp\/v2\/pages"}],"about":[{"href":"https:\/\/exactquartz.com\/cs\/wp-json\/wp\/v2\/types\/page"}],"author":[{"embeddable":true,"href":"https:\/\/exactquartz.com\/cs\/wp-json\/wp\/v2\/users\/6"}],"replies":[{"embeddable":true,"href":"https:\/\/exactquartz.com\/cs\/wp-json\/wp\/v2\/comments?post=251"}],"version-history":[{"count":18,"href":"https:\/\/exactquartz.com\/cs\/wp-json\/wp\/v2\/pages\/251\/revisions"}],"predecessor-version":[{"id":1476,"href":"https:\/\/exactquartz.com\/cs\/wp-json\/wp\/v2\/pages\/251\/revisions\/1476"}],"up":[{"embeddable":true,"href":"https:\/\/exactquartz.com\/cs\/wp-json\/wp\/v2\/pages\/843"}],"wp:featuredmedia":[{"embeddable":true,"href":"https:\/\/exactquartz.com\/cs\/wp-json\/wp\/v2\/media\/254"}],"wp:attachment":[{"href":"https:\/\/exactquartz.com\/cs\/wp-json\/wp\/v2\/media?parent=251"}],"curies":[{"name":"wp","href":"https:\/\/api.w.org\/{rel}","templated":true}]}}