{"id":259,"date":"2025-03-26T17:19:44","date_gmt":"2025-03-26T09:19:44","guid":{"rendered":"https:\/\/exactquartz.com\/?page_id=259"},"modified":"2025-04-16T18:30:00","modified_gmt":"2025-04-16T10:30:00","slug":"polished-fused-silica-quartz-plates","status":"publish","type":"page","link":"https:\/\/exactquartz.com\/cs\/quartz-discs-and-plates\/polished-fused-silica-quartz-plates\/","title":{"rendered":"Le\u0161t\u011bn\u00e9 desky z taven\u00e9ho k\u0159emene"},"content":{"rendered":"<div data-elementor-type=\"wp-page\" data-elementor-id=\"259\" class=\"elementor elementor-259\" data-elementor-post-type=\"page\">\n\t\t\t\t<div class=\"elementor-element elementor-element-abb877f e-flex e-con-boxed e-con e-parent\" data-id=\"abb877f\" data-element_type=\"container\">\n\t\t\t\t\t<div class=\"e-con-inner\">\n\t\t<div class=\"elementor-element elementor-element-82153af e-con-full e-flex e-con e-child\" data-id=\"82153af\" data-element_type=\"container\">\n\t\t\t\t<div class=\"elementor-element elementor-element-b617f08 elementor-skin-slideshow elementor-arrows-yes elementor-widget elementor-widget-media-carousel\" data-id=\"b617f08\" data-element_type=\"widget\" data-settings=\"{&quot;skin&quot;:&quot;slideshow&quot;,&quot;effect&quot;:&quot;fade&quot;,&quot;slideshow_slides_per_view&quot;:&quot;2&quot;,&quot;show_arrows&quot;:&quot;yes&quot;,&quot;speed&quot;:500,&quot;autoplay&quot;:&quot;yes&quot;,&quot;autoplay_speed&quot;:5000,&quot;loop&quot;:&quot;yes&quot;,&quot;pause_on_hover&quot;:&quot;yes&quot;,&quot;pause_on_interaction&quot;:&quot;yes&quot;,&quot;space_between&quot;:{&quot;unit&quot;:&quot;px&quot;,&quot;size&quot;:10,&quot;sizes&quot;:[]},&quot;space_between_tablet&quot;:{&quot;unit&quot;:&quot;px&quot;,&quot;size&quot;:10,&quot;sizes&quot;:[]},&quot;space_between_mobile&quot;:{&quot;unit&quot;:&quot;px&quot;,&quot;size&quot;:10,&quot;sizes&quot;:[]}}\" data-widget_type=\"media-carousel.default\">\n\t\t\t\t<div class=\"elementor-widget-container\">\n\t\t\t\t\t\t\t\t\t<div class=\"elementor-swiper\">\n\t\t\t\t\t<div class=\"elementor-main-swiper swiper\" role=\"region\" aria-roledescription=\"carousel\" aria-label=\"Slides\">\n\t\t\t\t<div class=\"swiper-wrapper\">\n\t\t\t\t\t\t\t\t\t\t\t<div class=\"swiper-slide\" role=\"group\" aria-roledescription=\"slide\">\n\t\t\t\t\t\t\t\t\t<div class=\"elementor-carousel-image\" role=\"img\" aria-label=\"Taven\u00e9 k\u0159emi\u010dit\u00e9 k\u0159emenn\u00e9 sklen\u011bn\u00e9 desky\" style=\"background-image: url(&#039;https:\/\/exactquartz.com\/wp-content\/uploads\/2025\/03\/Fused-Silica-Quartz-Glass-Sheets-Plate.webp&#039;)\">\n\n\t\t\t\n\t\t\t\t\t<\/div>\n\t\t\t\t\t\t\t\t<\/div>\n\t\t\t\t\t\t\t\t\t\t\t<div class=\"swiper-slide\" role=\"group\" aria-roledescription=\"slide\">\n\t\t\t\t\t\t\t\t\t<div class=\"elementor-carousel-image\" role=\"img\" aria-label=\"Taven\u00e9 k\u0159emi\u010dit\u00e9 k\u0159emenn\u00e9 sklo Deska 2\" style=\"background-image: url(&#039;https:\/\/exactquartz.com\/wp-content\/uploads\/2025\/03\/Fused-Silica-Quartz-Glass-Sheets-Plate-2.webp&#039;)\">\n\n\t\t\t\n\t\t\t\t\t<\/div>\n\t\t\t\t\t\t\t\t<\/div>\n\t\t\t\t\t\t\t\t\t<\/div>\n\t\t\t\t\t\t\t\t\t\t\t\t\t\t\t<div class=\"elementor-swiper-button elementor-swiper-button-prev\" role=\"button\" tabindex=\"0\" aria-label=\"El\u0151z\u0151\" data-no-translation-aria-label=\"\">\n\t\t\t\t\t\t\t<svg aria-hidden=\"true\" class=\"e-font-icon-svg e-eicon-chevron-left\" viewbox=\"0 0 1000 1000\" xmlns=\"http:\/\/www.w3.org\/2000\/svg\"><path d=\"M646 125C629 125 613 133 604 142L308 442C296 454 292 471 292 487 292 504 296 521 308 533L604 854C617 867 629 875 646 875 663 875 679 871 692 858 704 846 713 829 713 812 713 796 708 779 692 767L438 487 692 225C700 217 708 204 708 187 708 171 704 154 692 142 675 129 663 125 646 125Z\"><\/path><\/svg>\t\t\t\t\t\t<\/div>\n\t\t\t\t\t\t<div class=\"elementor-swiper-button elementor-swiper-button-next\" role=\"button\" tabindex=\"0\" aria-label=\"K\u00f6vetkez\u0151\" data-no-translation-aria-label=\"\">\n\t\t\t\t\t\t\t<svg aria-hidden=\"true\" class=\"e-font-icon-svg e-eicon-chevron-right\" viewbox=\"0 0 1000 1000\" xmlns=\"http:\/\/www.w3.org\/2000\/svg\"><path d=\"M696 533C708 521 713 504 713 487 713 471 708 454 696 446L400 146C388 133 375 125 354 125 338 125 325 129 313 142 300 154 292 171 292 187 292 204 296 221 308 233L563 492 304 771C292 783 288 800 288 817 288 833 296 850 308 863 321 871 338 875 354 875 371 875 388 867 400 854L696 533Z\"><\/path><\/svg>\t\t\t\t\t\t<\/div>\n\t\t\t\t\t\t\t\t\t\t\t\t\t\t\t\t\t<\/div>\n\t\t\t\t<\/div>\n\t\t\t\t\t\t\t\t<div class=\"elementor-swiper\">\n\t\t\t\t\t<div class=\"elementor-main-swiper swiper elementor-thumbnails-swiper swiper\" role=\"region region\" aria-roledescription=\"carousel carousel\" aria-label=\"Slides Slides\">\n\t\t\t\t<div class=\"swiper-wrapper\">\n\t\t\t\t\t\t\t\t\t\t\t<div class=\"swiper-slide\" role=\"group\" aria-roledescription=\"slide\">\n\t\t\t\t\t\t\t\t\t<div class=\"elementor-carousel-image\" role=\"img\" aria-label=\"Taven\u00e9 k\u0159emi\u010dit\u00e9 k\u0159emenn\u00e9 sklen\u011bn\u00e9 desky\" style=\"background-image: url(&#039;https:\/\/exactquartz.com\/wp-content\/uploads\/2025\/03\/Fused-Silica-Quartz-Glass-Sheets-Plate.webp&#039;)\">\n\n\t\t\t\n\t\t\t\t\t<\/div>\n\t\t\t\t\t\t\t\t<\/div>\n\t\t\t\t\t\t\t\t\t\t\t<div class=\"swiper-slide\" role=\"group\" aria-roledescription=\"slide\">\n\t\t\t\t\t\t\t\t\t<div class=\"elementor-carousel-image\" role=\"img\" aria-label=\"Taven\u00e9 k\u0159emi\u010dit\u00e9 k\u0159emenn\u00e9 sklo Deska 2\" style=\"background-image: url(&#039;https:\/\/exactquartz.com\/wp-content\/uploads\/2025\/03\/Fused-Silica-Quartz-Glass-Sheets-Plate-2.webp&#039;)\">\n\n\t\t\t\n\t\t\t\t\t<\/div>\n\t\t\t\t\t\t\t\t<\/div>\n\t\t\t\t\t\t\t\t\t<\/div>\n\t\t\t\t\t\t\t\t\t\t\t\t\t\t\t\t\t\t\t\t\t<\/div>\n\t\t\t\t<\/div>\n\t\t\t\t\t\t\t\t<\/div>\n\t\t\t\t<\/div>\n\t\t\t\t<\/div>\n\t\t<div class=\"elementor-element elementor-element-c514cbd e-con-full e-flex e-con e-child\" data-id=\"c514cbd\" data-element_type=\"container\">\n\t\t\t\t<div class=\"elementor-element elementor-element-70d5eba elementor-widget elementor-widget-heading\" data-id=\"70d5eba\" data-element_type=\"widget\" data-widget_type=\"heading.default\">\n\t\t\t\t<div class=\"elementor-widget-container\">\n\t\t\t\t\t<h2 class=\"elementor-heading-title elementor-size-default\">Le\u0161t\u011bn\u00e9 desky z taven\u00e9ho k\u0159emi\u010dit\u00e9ho k\u0159emene - oboustrann\u00e9 sklo<\/h2>\t\t\t\t<\/div>\n\t\t\t\t<\/div>\n\t\t\t\t<div class=\"elementor-element elementor-element-ac956f7 elementor-widget elementor-widget-text-editor\" data-id=\"ac956f7\" data-element_type=\"widget\" data-widget_type=\"text-editor.default\">\n\t\t\t\t<div class=\"elementor-widget-container\">\n\t\t\t\t\t\t\t\t\t<ul><li>Vysoce kvalitn\u00ed k\u0159emi\u010dit\u00e9 taven\u00e9 le\u0161t\u011bn\u00e9 k\u0159emenn\u00e9 sklen\u011bn\u00e9 desky\/disky<\/li><li>Teplota bodu t\u00e1n\u00ed: 1700 stup\u0148\u016f Celsia<\/li><li>Funkce: Vysok\u00e1 propustnost sv\u011btla<\/li><li>Velikost: P\u0159izp\u016fsobit<\/li><li>Povrchov\u00e1 \u00faprava: Povrchov\u00e1 \u00faprava: le\u0161t\u011bn\u00fd<\/li><li>Tvar: \u010ctvercov\u00fd\/kulat\u00fd<\/li><li>\u010cistota: 99,99% K\u0159em\u00edk<\/li><li>P\u0159epravn\u00ed obal: standardn\u00ed exportn\u00ed d\u0159ev\u011bn\u00e9 pouzdro<\/li><li>Specifikace: lze p\u0159izp\u016fsobit<\/li><li>P\u016fvod: Vyrobeno v \u010c\u00edn\u011b<\/li><\/ul>\t\t\t\t\t\t\t\t<\/div>\n\t\t\t\t<\/div>\n\t\t\t\t<div class=\"elementor-element elementor-element-df8034f elementor-align-left elementor-widget elementor-widget-button\" data-id=\"df8034f\" data-element_type=\"widget\" data-widget_type=\"button.default\">\n\t\t\t\t<div class=\"elementor-widget-container\">\n\t\t\t\t\t\t\t\t\t<div class=\"elementor-button-wrapper\">\n\t\t\t\t\t<a class=\"elementor-button elementor-button-link elementor-size-sm\" href=\"#elementor-action%3Aaction%3Dpopup%3Aopen%26settings%3DeyJpZCI6IjEyNzUiLCJ0b2dnbGUiOmZhbHNlfQ%3D%3D\">\n\t\t\t\t\t\t<span class=\"elementor-button-content-wrapper\">\n\t\t\t\t\t\t\t\t\t<span class=\"elementor-button-text\">Rychl\u00e1 nab\u00eddka<\/span>\n\t\t\t\t\t<\/span>\n\t\t\t\t\t<\/a>\n\t\t\t\t<\/div>\n\t\t\t\t\t\t\t\t<\/div>\n\t\t\t\t<\/div>\n\t\t\t\t<\/div>\n\t\t\t\t\t<\/div>\n\t\t\t\t<\/div>\n\t\t<div class=\"elementor-element elementor-element-a2ed80c e-flex e-con-boxed e-con e-parent\" data-id=\"a2ed80c\" data-element_type=\"container\">\n\t\t\t\t\t<div class=\"e-con-inner\">\n\t\t\t\t<div class=\"elementor-element elementor-element-1055203 elementor-widget elementor-widget-heading\" data-id=\"1055203\" data-element_type=\"widget\" data-widget_type=\"heading.default\">\n\t\t\t\t<div class=\"elementor-widget-container\">\n\t\t\t\t\t<h3 class=\"elementor-heading-title elementor-size-default\">Podrobnosti:<\/h3>\t\t\t\t<\/div>\n\t\t\t\t<\/div>\n\t\t\t\t<div class=\"elementor-element elementor-element-ceddc61 elementor-widget elementor-widget-text-editor\" data-id=\"ceddc61\" data-element_type=\"widget\" data-widget_type=\"text-editor.default\">\n\t\t\t\t<div class=\"elementor-widget-container\">\n\t\t\t\t\t\t\t\t\t<p>Oboustrann\u011b le\u0161t\u011bn\u00e1 deska z taven\u00e9ho k\u0159emenn\u00e9ho skla je vysoce kvalitn\u00ed materi\u00e1l, kter\u00fd se d\u00edky sv\u00fdm vynikaj\u00edc\u00edm optick\u00fdm a tepeln\u00fdm vlastnostem pou\u017e\u00edv\u00e1 v r\u016fzn\u00fdch aplikac\u00edch. Zde jsou podrobnosti o v\u00fdrobku:<\/p><p>1. Materi\u00e1l: Tento materi\u00e1l je vyroben z \u010dist\u00e9ho oxidu k\u0159emi\u010dit\u00e9ho (SiO2) a je zn\u00e1m\u00fd svou vysokou pr\u016fhlednost\u00ed, n\u00edzk\u00fdm koeficientem tepeln\u00e9 rozta\u017enosti a vynikaj\u00edc\u00ed odolnost\u00ed v\u016f\u010di tepeln\u00fdm \u0161ok\u016fm.<\/p><p>2. Oboustrann\u011b le\u0161t\u011bn\u00e9: Sklen\u011bn\u00e9 tabule jsou oboustrann\u011b le\u0161t\u011bn\u00e9, aby bylo dosa\u017eeno hladk\u00e9ho a rovn\u00e9ho povrchu, kter\u00fd zaji\u0161\u0165uje vysokou optickou \u010distotu a minim\u00e1ln\u00ed rozptyl sv\u011btla.<\/p><p>3. Tlou\u0161\u0165ka: Tlou\u0161\u0165ka sklen\u011bn\u00fdch tabul\u00ed se m\u016f\u017ee li\u0161it v z\u00e1vislosti na konkr\u00e9tn\u00edch po\u017eadavc\u00edch aplikace. B\u011b\u017en\u00e9 mo\u017enosti tlou\u0161\u0165ky se pohybuj\u00ed od 0,5 mm do 10 mm.<\/p><p>4. Rozm\u011bry: Rozm\u011bry: Sklen\u011bn\u00e9 tabule jsou k dispozici v r\u016fzn\u00fdch rozm\u011brech, v\u010detn\u011b standardn\u00edch rozm\u011br\u016f nebo rozm\u011br\u016f na zak\u00e1zku podle specifikac\u00ed z\u00e1kazn\u00edka.<\/p><p>5. Kvalita povrchu: Sklen\u011bn\u00e9 tabule maj\u00ed vysokou kvalitu povrchu, bez \u0161kr\u00e1banc\u016f, d\u016flk\u016f nebo jin\u00fdch vad, kter\u00e9 by mohly ovlivnit jejich optick\u00e9 vlastnosti.<\/p><p>6. Transparentnost: K\u0159emenn\u00e9 sklo m\u00e1 vynikaj\u00edc\u00ed optick\u00e9 vlastnosti, kter\u00e9 umo\u017e\u0148uj\u00ed vysokou propustnost sv\u011btla v \u0161irok\u00e9m rozsahu vlnov\u00fdch d\u00e9lek, v\u010detn\u011b ultrafialov\u00e9ho (UV), viditeln\u00e9ho a infra\u010derven\u00e9ho (IR) spektra.<\/p><p>7. Tepeln\u00e1 stabilita: K\u0159emenn\u00e9 sklo m\u00e1 n\u00edzk\u00fd koeficient tepeln\u00e9 rozta\u017enosti, tak\u017ee je vysoce odoln\u00e9 v\u016f\u010di tepeln\u00fdm \u0161ok\u016fm a je schopn\u00e9 odol\u00e1vat vysok\u00fdm teplot\u00e1m a\u017e do 1000 \u00b0C a vy\u0161\u0161\u00edm.<\/p><p>8. Chemick\u00e1 odolnost: Sklen\u011bn\u00e9 desky vykazuj\u00ed vynikaj\u00edc\u00ed odolnost v\u016f\u010di v\u011bt\u0161in\u011b chemik\u00e1li\u00ed, kyselin a z\u00e1sad, tak\u017ee jsou vhodn\u00e9 pro pou\u017eit\u00ed v n\u00e1ro\u010dn\u00e9m chemick\u00e9m prost\u0159ed\u00ed.<\/p><p>9. Aplikace: K\u0159emenn\u00e9 desky z taven\u00e9ho k\u0159emi\u010dit\u00e9ho skla s oboustrann\u00fdm le\u0161t\u011bn\u00edm nach\u00e1zej\u00ed uplatn\u011bn\u00ed v r\u016fzn\u00fdch pr\u016fmyslov\u00fdch odv\u011btv\u00edch, v\u010detn\u011b optiky, v\u00fdroby polovodi\u010d\u016f, fotovoltaiky, laserov\u00e9 technologie, telekomunikac\u00ed a v\u00fdzkumn\u00fdch laborato\u0159\u00ed. B\u011b\u017en\u011b se pou\u017e\u00edv\u00e1 na v\u00fdrobu oken, \u010do\u010dek, zrcadel, hranol\u016f, substr\u00e1t\u016f a dal\u0161\u00edch optick\u00fdch sou\u010d\u00e1st\u00ed.<\/p><p>10. Balen\u00ed: Sklen\u011bn\u00e9 tabule jsou pe\u010dliv\u011b zabaleny, aby byla zaji\u0161t\u011bna jejich bezpe\u010dn\u00e1 p\u0159eprava a doru\u010den\u00ed a aby byly chr\u00e1n\u011bny p\u0159ed p\u0159\u00edpadn\u00fdm po\u0161kozen\u00edm b\u011bhem p\u0159epravy.<\/p>\t\t\t\t\t\t\t\t<\/div>\n\t\t\t\t<\/div>\n\t\t\t\t\t<\/div>\n\t\t\t\t<\/div>\n\t\t\t\t<\/div>","protected":false},"excerpt":{"rendered":"<p>Polished Fused Silica Quartz Plates \u2013 Double Sided Glass High Quality Silica Fused Polished Quartz Glass Plates\/Discs Melting Point Temperature: [&hellip;]<\/p>","protected":false},"author":7,"featured_media":260,"parent":841,"menu_order":0,"comment_status":"closed","ping_status":"closed","template":"","meta":{"_seopress_robots_primary_cat":"","_seopress_titles_title":"Polished Fused Silica Quartz Plates \u2013 Double Sided Glass","_seopress_titles_desc":"High-purity fused silica sheets, double side polished. UV\u2013IR transmission, 99.99% SiO\u2082, 0.5\u201310mm thick. For optics, lasers, semiconductors & substrates.","_seopress_robots_index":"","site-sidebar-layout":"no-sidebar","site-content-layout":"","ast-site-content-layout":"full-width-container","site-content-style":"default","site-sidebar-style":"default","ast-global-header-display":"","ast-banner-title-visibility":"","ast-main-header-display":"","ast-hfb-above-header-display":"","ast-hfb-below-header-display":"","ast-hfb-mobile-header-display":"","site-post-title":"disabled","ast-breadcrumbs-content":"","ast-featured-img":"disabled","footer-sml-layout":"","theme-transparent-header-meta":"","adv-header-id-meta":"","stick-header-meta":"","header-above-stick-meta":"","header-main-stick-meta":"","header-below-stick-meta":"","astra-migrate-meta-layouts":"default","ast-page-background-enabled":"default","ast-page-background-meta":{"desktop":{"background-color":"var(--ast-global-color-5)","background-image":"","background-repeat":"repeat","background-position":"center center","background-size":"auto","background-attachment":"scroll","background-type":"","background-media":"","overlay-type":"","overlay-color":"","overlay-opacity":"","overlay-gradient":""},"tablet":{"background-color":"","background-image":"","background-repeat":"repeat","background-position":"center center","background-size":"auto","background-attachment":"scroll","background-type":"","background-media":"","overlay-type":"","overlay-color":"","overlay-opacity":"","overlay-gradient":""},"mobile":{"background-color":"","background-image":"","background-repeat":"repeat","background-position":"center center","background-size":"auto","background-attachment":"scroll","background-type":"","background-media":"","overlay-type":"","overlay-color":"","overlay-opacity":"","overlay-gradient":""}},"ast-content-background-meta":{"desktop":{"background-color":"var(--ast-global-color-4)","background-image":"","background-repeat":"repeat","background-position":"center center","background-size":"auto","background-attachment":"scroll","background-type":"","background-media":"","overlay-type":"","overlay-color":"","overlay-opacity":"","overlay-gradient":""},"tablet":{"background-color":"var(--ast-global-color-4)","background-image":"","background-repeat":"repeat","background-position":"center center","background-size":"auto","background-attachment":"scroll","background-type":"","background-media":"","overlay-type":"","overlay-color":"","overlay-opacity":"","overlay-gradient":""},"mobile":{"background-color":"var(--ast-global-color-4)","background-image":"","background-repeat":"repeat","background-position":"center center","background-size":"auto","background-attachment":"scroll","background-type":"","background-media":"","overlay-type":"","overlay-color":"","overlay-opacity":"","overlay-gradient":""}},"footnotes":""},"class_list":["post-259","page","type-page","status-publish","has-post-thumbnail","hentry"],"_hostinger_reach_plugin_has_subscription_block":false,"_hostinger_reach_plugin_is_elementor":false,"_links":{"self":[{"href":"https:\/\/exactquartz.com\/cs\/wp-json\/wp\/v2\/pages\/259","targetHints":{"allow":["GET"]}}],"collection":[{"href":"https:\/\/exactquartz.com\/cs\/wp-json\/wp\/v2\/pages"}],"about":[{"href":"https:\/\/exactquartz.com\/cs\/wp-json\/wp\/v2\/types\/page"}],"author":[{"embeddable":true,"href":"https:\/\/exactquartz.com\/cs\/wp-json\/wp\/v2\/users\/7"}],"replies":[{"embeddable":true,"href":"https:\/\/exactquartz.com\/cs\/wp-json\/wp\/v2\/comments?post=259"}],"version-history":[{"count":11,"href":"https:\/\/exactquartz.com\/cs\/wp-json\/wp\/v2\/pages\/259\/revisions"}],"predecessor-version":[{"id":1443,"href":"https:\/\/exactquartz.com\/cs\/wp-json\/wp\/v2\/pages\/259\/revisions\/1443"}],"up":[{"embeddable":true,"href":"https:\/\/exactquartz.com\/cs\/wp-json\/wp\/v2\/pages\/841"}],"wp:featuredmedia":[{"embeddable":true,"href":"https:\/\/exactquartz.com\/cs\/wp-json\/wp\/v2\/media\/260"}],"wp:attachment":[{"href":"https:\/\/exactquartz.com\/cs\/wp-json\/wp\/v2\/media?parent=259"}],"curies":[{"name":"wp","href":"https:\/\/api.w.org\/{rel}","templated":true}]}}