{"id":266,"date":"2025-03-26T17:28:19","date_gmt":"2025-03-26T09:28:19","guid":{"rendered":"https:\/\/exactquartz.com\/?page_id=266"},"modified":"2025-04-16T18:29:58","modified_gmt":"2025-04-16T10:29:58","slug":"optical-quartz-discs","status":"publish","type":"page","link":"https:\/\/exactquartz.com\/cs\/quartz-discs-and-plates\/optical-quartz-discs\/","title":{"rendered":"Optick\u00e9 k\u0159emenn\u00e9 disky - kruhov\u00e9 desky s vysokou pr\u016fhlednost\u00ed"},"content":{"rendered":"<div data-elementor-type=\"wp-page\" data-elementor-id=\"266\" class=\"elementor elementor-266\" data-elementor-post-type=\"page\">\n\t\t\t\t<div class=\"elementor-element elementor-element-d2bc4f1 e-flex e-con-boxed e-con e-parent\" data-id=\"d2bc4f1\" data-element_type=\"container\">\n\t\t\t\t\t<div class=\"e-con-inner\">\n\t\t<div class=\"elementor-element elementor-element-6d0fc6f e-con-full e-flex e-con e-child\" data-id=\"6d0fc6f\" data-element_type=\"container\">\n\t\t\t\t<div class=\"elementor-element elementor-element-fb179f0 elementor-skin-slideshow elementor-arrows-yes elementor-widget elementor-widget-media-carousel\" data-id=\"fb179f0\" data-element_type=\"widget\" data-settings=\"{&quot;skin&quot;:&quot;slideshow&quot;,&quot;effect&quot;:&quot;fade&quot;,&quot;slideshow_slides_per_view&quot;:&quot;3&quot;,&quot;show_arrows&quot;:&quot;yes&quot;,&quot;speed&quot;:500,&quot;autoplay&quot;:&quot;yes&quot;,&quot;autoplay_speed&quot;:5000,&quot;loop&quot;:&quot;yes&quot;,&quot;pause_on_hover&quot;:&quot;yes&quot;,&quot;pause_on_interaction&quot;:&quot;yes&quot;,&quot;space_between&quot;:{&quot;unit&quot;:&quot;px&quot;,&quot;size&quot;:10,&quot;sizes&quot;:[]},&quot;space_between_tablet&quot;:{&quot;unit&quot;:&quot;px&quot;,&quot;size&quot;:10,&quot;sizes&quot;:[]},&quot;space_between_mobile&quot;:{&quot;unit&quot;:&quot;px&quot;,&quot;size&quot;:10,&quot;sizes&quot;:[]}}\" data-widget_type=\"media-carousel.default\">\n\t\t\t\t<div class=\"elementor-widget-container\">\n\t\t\t\t\t\t\t\t\t<div class=\"elementor-swiper\">\n\t\t\t\t\t<div class=\"elementor-main-swiper swiper\" role=\"region\" aria-roledescription=\"carousel\" aria-label=\"Slides\">\n\t\t\t\t<div class=\"swiper-wrapper\">\n\t\t\t\t\t\t\t\t\t\t\t<div class=\"swiper-slide\" role=\"group\" aria-roledescription=\"slide\">\n\t\t\t\t\t\t\t\t\t<div class=\"elementor-carousel-image\" role=\"img\" aria-label=\"Vysoce pr\u016fhledn\u00e9 optick\u00e9 k\u0159emenn\u00e9 disky\" style=\"background-image: url(&#039;https:\/\/exactquartz.com\/wp-content\/uploads\/2025\/03\/High-transparency-optical-quartz-discs.webp&#039;)\">\n\n\t\t\t\n\t\t\t\t\t<\/div>\n\t\t\t\t\t\t\t\t<\/div>\n\t\t\t\t\t\t\t\t\t\t\t<div class=\"swiper-slide\" role=\"group\" aria-roledescription=\"slide\">\n\t\t\t\t\t\t\t\t\t<div class=\"elementor-carousel-image\" role=\"img\" aria-label=\"Vysoce pr\u016fhledn\u00e9 optick\u00e9 k\u0159emenn\u00e9 disky 3\" style=\"background-image: url(&#039;https:\/\/exactquartz.com\/wp-content\/uploads\/2025\/03\/High-transparency-optical-quartz-discs-3.webp&#039;)\">\n\n\t\t\t\n\t\t\t\t\t<\/div>\n\t\t\t\t\t\t\t\t<\/div>\n\t\t\t\t\t\t\t\t\t\t\t<div class=\"swiper-slide\" role=\"group\" aria-roledescription=\"slide\">\n\t\t\t\t\t\t\t\t\t<div class=\"elementor-carousel-image\" role=\"img\" aria-label=\"Vysoce pr\u016fhledn\u00e9 optick\u00e9 k\u0159emenn\u00e9 disky 2\" style=\"background-image: url(&#039;https:\/\/exactquartz.com\/wp-content\/uploads\/2025\/03\/High-transparency-optical-quartz-discs-2.webp&#039;)\">\n\n\t\t\t\n\t\t\t\t\t<\/div>\n\t\t\t\t\t\t\t\t<\/div>\n\t\t\t\t\t\t\t\t\t<\/div>\n\t\t\t\t\t\t\t\t\t\t\t\t\t\t\t<div class=\"elementor-swiper-button elementor-swiper-button-prev\" role=\"button\" tabindex=\"0\" aria-label=\"P\u0159edchoz\u00ed\">\n\t\t\t\t\t\t\t<svg aria-hidden=\"true\" class=\"e-font-icon-svg e-eicon-chevron-left\" viewbox=\"0 0 1000 1000\" xmlns=\"http:\/\/www.w3.org\/2000\/svg\"><path d=\"M646 125C629 125 613 133 604 142L308 442C296 454 292 471 292 487 292 504 296 521 308 533L604 854C617 867 629 875 646 875 663 875 679 871 692 858 704 846 713 829 713 812 713 796 708 779 692 767L438 487 692 225C700 217 708 204 708 187 708 171 704 154 692 142 675 129 663 125 646 125Z\"><\/path><\/svg>\t\t\t\t\t\t<\/div>\n\t\t\t\t\t\t<div class=\"elementor-swiper-button elementor-swiper-button-next\" role=\"button\" tabindex=\"0\" aria-label=\"Dal\u0161\u00ed\">\n\t\t\t\t\t\t\t<svg aria-hidden=\"true\" class=\"e-font-icon-svg e-eicon-chevron-right\" viewbox=\"0 0 1000 1000\" xmlns=\"http:\/\/www.w3.org\/2000\/svg\"><path d=\"M696 533C708 521 713 504 713 487 713 471 708 454 696 446L400 146C388 133 375 125 354 125 338 125 325 129 313 142 300 154 292 171 292 187 292 204 296 221 308 233L563 492 304 771C292 783 288 800 288 817 288 833 296 850 308 863 321 871 338 875 354 875 371 875 388 867 400 854L696 533Z\"><\/path><\/svg>\t\t\t\t\t\t<\/div>\n\t\t\t\t\t\t\t\t\t\t\t\t\t\t\t\t\t<\/div>\n\t\t\t\t<\/div>\n\t\t\t\t\t\t\t\t<div class=\"elementor-swiper\">\n\t\t\t\t\t<div class=\"elementor-main-swiper swiper elementor-thumbnails-swiper swiper\" role=\"region region\" aria-roledescription=\"carousel carousel\" aria-label=\"Slides Slides\">\n\t\t\t\t<div class=\"swiper-wrapper\">\n\t\t\t\t\t\t\t\t\t\t\t<div class=\"swiper-slide\" role=\"group\" aria-roledescription=\"slide\">\n\t\t\t\t\t\t\t\t\t<div class=\"elementor-carousel-image\" role=\"img\" aria-label=\"Vysoce pr\u016fhledn\u00e9 optick\u00e9 k\u0159emenn\u00e9 disky\" style=\"background-image: url(&#039;https:\/\/exactquartz.com\/wp-content\/uploads\/2025\/03\/High-transparency-optical-quartz-discs.webp&#039;)\">\n\n\t\t\t\n\t\t\t\t\t<\/div>\n\t\t\t\t\t\t\t\t<\/div>\n\t\t\t\t\t\t\t\t\t\t\t<div class=\"swiper-slide\" role=\"group\" aria-roledescription=\"slide\">\n\t\t\t\t\t\t\t\t\t<div class=\"elementor-carousel-image\" role=\"img\" aria-label=\"Vysoce pr\u016fhledn\u00e9 optick\u00e9 k\u0159emenn\u00e9 disky 3\" style=\"background-image: url(&#039;https:\/\/exactquartz.com\/wp-content\/uploads\/2025\/03\/High-transparency-optical-quartz-discs-3.webp&#039;)\">\n\n\t\t\t\n\t\t\t\t\t<\/div>\n\t\t\t\t\t\t\t\t<\/div>\n\t\t\t\t\t\t\t\t\t\t\t<div class=\"swiper-slide\" role=\"group\" aria-roledescription=\"slide\">\n\t\t\t\t\t\t\t\t\t<div class=\"elementor-carousel-image\" role=\"img\" aria-label=\"Vysoce pr\u016fhledn\u00e9 optick\u00e9 k\u0159emenn\u00e9 disky 2\" style=\"background-image: url(&#039;https:\/\/exactquartz.com\/wp-content\/uploads\/2025\/03\/High-transparency-optical-quartz-discs-2.webp&#039;)\">\n\n\t\t\t\n\t\t\t\t\t<\/div>\n\t\t\t\t\t\t\t\t<\/div>\n\t\t\t\t\t\t\t\t\t<\/div>\n\t\t\t\t\t\t\t\t\t\t\t\t\t\t\t\t\t\t\t\t\t<\/div>\n\t\t\t\t<\/div>\n\t\t\t\t\t\t\t\t<\/div>\n\t\t\t\t<\/div>\n\t\t\t\t<\/div>\n\t\t<div class=\"elementor-element elementor-element-2a56432 e-con-full e-flex e-con e-child\" data-id=\"2a56432\" data-element_type=\"container\">\n\t\t\t\t<div class=\"elementor-element elementor-element-70d5eba elementor-widget elementor-widget-heading\" data-id=\"70d5eba\" data-element_type=\"widget\" data-widget_type=\"heading.default\">\n\t\t\t\t<div class=\"elementor-widget-container\">\n\t\t\t\t\t<h2 class=\"elementor-heading-title elementor-size-default\">Optick\u00e9 k\u0159emenn\u00e9 disky - kruhov\u00e9 desky s vysokou pr\u016fhlednost\u00ed<\/h2>\t\t\t\t<\/div>\n\t\t\t\t<\/div>\n\t\t\t\t<div class=\"elementor-element elementor-element-ac956f7 elementor-widget elementor-widget-text-editor\" data-id=\"ac956f7\" data-element_type=\"widget\" data-widget_type=\"text-editor.default\">\n\t\t\t\t<div class=\"elementor-widget-container\">\n\t\t\t\t\t\t\t\t\t<p>Kruhov\u00e9 k\u0159emenn\u00e9 desky, optick\u00e9 k\u0159emenn\u00e9 disky s vysokou pr\u016fhlednost\u00ed a k\u0159emenn\u00e9 le\u0161tic\u00ed desky<\/p>\t\t\t\t\t\t\t\t<\/div>\n\t\t\t\t<\/div>\n\t\t\t\t<div class=\"elementor-element elementor-element-c6d5d94 elementor-widget elementor-widget-text-editor\" data-id=\"c6d5d94\" data-element_type=\"widget\" data-widget_type=\"text-editor.default\">\n\t\t\t\t<div class=\"elementor-widget-container\">\n\t\t\t\t\t\t\t\t\t<p>Nab\u00edz\u00edme kruhov\u00e9 k\u0159emenn\u00e9 desky, optick\u00e9 k\u0159emenn\u00e9 disky s vysokou pr\u016fhlednost\u00ed a k\u0159emenn\u00e9 le\u0161tic\u00ed desky. Tyto v\u00fdrobky jsou zn\u00e1m\u00e9 sv\u00fdmi vynikaj\u00edc\u00edmi optick\u00fdmi vlastnostmi a jsou \u0161iroce pou\u017e\u00edv\u00e1ny v r\u016fzn\u00fdch odv\u011btv\u00edch, jako je optika, elektronika a v\u00fdzkumn\u00e9 laborato\u0159e.<\/p>\t\t\t\t\t\t\t\t<\/div>\n\t\t\t\t<\/div>\n\t\t\t\t<div class=\"elementor-element elementor-element-5ab7f5e elementor-align-left elementor-widget elementor-widget-button\" data-id=\"5ab7f5e\" data-element_type=\"widget\" data-widget_type=\"button.default\">\n\t\t\t\t<div class=\"elementor-widget-container\">\n\t\t\t\t\t\t\t\t\t<div class=\"elementor-button-wrapper\">\n\t\t\t\t\t<a class=\"elementor-button elementor-button-link elementor-size-sm\" href=\"#elementor-action%3Aaction%3Dpopup%3Aopen%26settings%3DeyJpZCI6IjEyNzUiLCJ0b2dnbGUiOmZhbHNlfQ%3D%3D\">\n\t\t\t\t\t\t<span class=\"elementor-button-content-wrapper\">\n\t\t\t\t\t\t\t\t\t<span class=\"elementor-button-text\">Rychl\u00e1 nab\u00eddka<\/span>\n\t\t\t\t\t<\/span>\n\t\t\t\t\t<\/a>\n\t\t\t\t<\/div>\n\t\t\t\t\t\t\t\t<\/div>\n\t\t\t\t<\/div>\n\t\t\t\t<\/div>\n\t\t\t\t\t<\/div>\n\t\t\t\t<\/div>\n\t\t<div class=\"elementor-element elementor-element-a2ed80c e-flex e-con-boxed e-con e-parent\" data-id=\"a2ed80c\" data-element_type=\"container\">\n\t\t\t\t\t<div class=\"e-con-inner\">\n\t\t\t\t<div class=\"elementor-element elementor-element-ceddc61 elementor-widget elementor-widget-text-editor\" data-id=\"ceddc61\" data-element_type=\"widget\" data-widget_type=\"text-editor.default\">\n\t\t\t\t<div class=\"elementor-widget-container\">\n\t\t\t\t\t\t\t\t\t<p>Vysoce kvalitn\u00ed k\u0159emenn\u00e9 sklen\u011bn\u00e9 desky\/disky jsou typem sklen\u011bn\u00e9ho n\u00e1dob\u00ed, kter\u00e9 se \u0161iroce pou\u017e\u00edv\u00e1 v r\u016fzn\u00fdch pr\u016fmyslov\u00fdch odv\u011btv\u00edch, v\u010detn\u011b polovodi\u010dov\u00e9ho, optick\u00e9ho a laboratorn\u00edho. Jsou vyrobeny z vysoce \u010dist\u00e9ho taven\u00e9ho k\u0159emenn\u00e9ho skla, d\u00edky \u010demu\u017e jsou vysoce odoln\u00e9 v\u016f\u010di tepeln\u00fdm \u0161ok\u016fm a chemick\u00e9 korozi. Tyto desky a disky se vyzna\u010duj\u00ed vynikaj\u00edc\u00edmi optick\u00fdmi vlastnostmi, vysokou propustnost\u00ed a n\u00edzk\u00fdm koeficientem tepeln\u00e9 rozta\u017enosti. Lze je p\u0159izp\u016fsobit specifick\u00fdm po\u017eadavk\u016fm, jako je velikost, tlou\u0161\u0165ka a povrchov\u00e1 \u00faprava. D\u00edky sv\u00fdm jedine\u010dn\u00fdm vlastnostem jsou vysoce kvalitn\u00ed desky\/disky z k\u0159emenn\u00e9ho skla ide\u00e1ln\u00ed pro pou\u017eit\u00ed v aplikac\u00edch, kter\u00e9 vy\u017eaduj\u00ed vysokou p\u0159esnost, jako je zpracov\u00e1n\u00ed desti\u010dek, optick\u00e1 okna a chemick\u00e1 anal\u00fdza.<\/p>\t\t\t\t\t\t\t\t<\/div>\n\t\t\t\t<\/div>\n\t\t\t\t<div class=\"elementor-element elementor-element-b7e9c99 elementor-widget elementor-widget-heading\" data-id=\"b7e9c99\" data-element_type=\"widget\" data-widget_type=\"heading.default\">\n\t\t\t\t<div class=\"elementor-widget-container\">\n\t\t\t\t\t<h3 class=\"elementor-heading-title elementor-size-default\">\u00davod:<\/h3>\t\t\t\t<\/div>\n\t\t\t\t<\/div>\n\t\t\t\t<div class=\"elementor-element elementor-element-281af31 elementor-widget elementor-widget-text-editor\" data-id=\"281af31\" data-element_type=\"widget\" data-widget_type=\"text-editor.default\">\n\t\t\t\t<div class=\"elementor-widget-container\">\n\t\t\t\t\t\t\t\t\t<p>Kruhov\u00e9 k\u0159emenn\u00e9 desky se staly d\u016fle\u017eitou sou\u010d\u00e1st\u00ed v mnoha pr\u016fmyslov\u00fdch odv\u011btv\u00edch a znamenaj\u00ed revoluci v optick\u00e9 p\u0159esnosti a v\u00fdkonnosti. D\u00edky sv\u00e9 v\u00fdjime\u010dn\u00e9 pr\u016fhlednosti a jedine\u010dn\u00fdm vlastnostem se tyto desky staly nepostradateln\u00fdmi v aplikac\u00edch od optiky a elektroniky a\u017e po v\u00fdzkumn\u00e9 laborato\u0159e. V tomto \u010dl\u00e1nku se budeme zab\u00fdvat pokrokem v oblasti kruhov\u00fdch k\u0159emenn\u00fdch desek a jejich v\u00fdznamn\u00fdm p\u0159\u00ednosem pro r\u016fzn\u00e1 pr\u016fmyslov\u00e1 odv\u011btv\u00ed.<\/p>\t\t\t\t\t\t\t\t<\/div>\n\t\t\t\t<\/div>\n\t\t\t\t<div class=\"elementor-element elementor-element-fe0cb41 elementor-widget elementor-widget-heading\" data-id=\"fe0cb41\" data-element_type=\"widget\" data-widget_type=\"heading.default\">\n\t\t\t\t<div class=\"elementor-widget-container\">\n\t\t\t\t\t<h3 class=\"elementor-heading-title elementor-size-default\">Bezkonkuren\u010dn\u00ed optick\u00e1 pr\u016fhlednost:<\/h3>\t\t\t\t<\/div>\n\t\t\t\t<\/div>\n\t\t\t\t<div class=\"elementor-element elementor-element-733f615 elementor-widget elementor-widget-text-editor\" data-id=\"733f615\" data-element_type=\"widget\" data-widget_type=\"text-editor.default\">\n\t\t\t\t<div class=\"elementor-widget-container\">\n\t\t\t\t\t\t\t\t\t<p>Kruhov\u00e9 k\u0159emenn\u00e9 desky jsou proslul\u00e9 svou vynikaj\u00edc\u00ed optickou pr\u016fhlednost\u00ed. K\u0159emen, krystalick\u00e1 forma oxidu k\u0159emi\u010dit\u00e9ho, vykazuje pozoruhodnou pr\u016fhlednost v \u0161irok\u00e9m rozsahu vlnov\u00fdch d\u00e9lek, v\u010detn\u011b ultrafialov\u00e9, viditeln\u00e9 a infra\u010derven\u00e9. Tato v\u00fdjime\u010dn\u00e1 pr\u016fhlednost umo\u017e\u0148uje p\u0159esn\u00fd p\u0159enos sv\u011btla, a proto jsou k\u0159emenn\u00e9 desky ide\u00e1ln\u00ed volbou pro optick\u00e9 p\u0159\u00edstroje, lasery, spektroskopii a dal\u0161\u00ed aplikace, kter\u00e9 vy\u017eaduj\u00ed v\u00fdjime\u010dn\u00fd optick\u00fd v\u00fdkon.<\/p>\t\t\t\t\t\t\t\t<\/div>\n\t\t\t\t<\/div>\n\t\t\t\t<div class=\"elementor-element elementor-element-39cf9eb elementor-widget elementor-widget-heading\" data-id=\"39cf9eb\" data-element_type=\"widget\" data-widget_type=\"heading.default\">\n\t\t\t\t<div class=\"elementor-widget-container\">\n\t\t\t\t\t<h3 class=\"elementor-heading-title elementor-size-default\">Zv\u00fd\u0161en\u00e1 odolnost a tepeln\u00e1 stabilita:<\/h3>\t\t\t\t<\/div>\n\t\t\t\t<\/div>\n\t\t\t\t<div class=\"elementor-element elementor-element-cc3d847 elementor-widget elementor-widget-text-editor\" data-id=\"cc3d847\" data-element_type=\"widget\" data-widget_type=\"text-editor.default\">\n\t\t\t\t<div class=\"elementor-widget-container\">\n\t\t\t\t\t\t\t\t\t<p>Jednou z hlavn\u00edch v\u00fdhod kruhov\u00fdch k\u0159emenn\u00fdch desek je jejich v\u00fdjime\u010dn\u00e1 odolnost a tepeln\u00e1 stabilita. K\u0159emen m\u00e1 vysok\u00fd bod t\u00e1n\u00ed, co\u017e mu umo\u017e\u0148uje odol\u00e1vat extr\u00e9mn\u00edm teplot\u00e1m, ani\u017e by byla naru\u0161ena jeho struktur\u00e1ln\u00ed integrita. Tato vlastnost je obzvl\u00e1\u0161t\u011b cenn\u00e1 v prost\u0159ed\u00ed s vysok\u00fdmi teplotami, jako je v\u00fdroba polovodi\u010d\u016f a pr\u016fmyslov\u00e9 procesy, kde si k\u0159emenn\u00e9 desky mohou zachovat sv\u00e9 optick\u00e9 vlastnosti a struktur\u00e1ln\u00ed stabilitu i v n\u00e1ro\u010dn\u00fdch podm\u00ednk\u00e1ch.<\/p>\t\t\t\t\t\t\t\t<\/div>\n\t\t\t\t<\/div>\n\t\t\t\t<div class=\"elementor-element elementor-element-e7a94c2 elementor-widget elementor-widget-heading\" data-id=\"e7a94c2\" data-element_type=\"widget\" data-widget_type=\"heading.default\">\n\t\t\t\t<div class=\"elementor-widget-container\">\n\t\t\t\t\t<h3 class=\"elementor-heading-title elementor-size-default\">P\u0159esn\u00e1 v\u00fdroba a le\u0161t\u011bn\u00ed:<\/h3>\t\t\t\t<\/div>\n\t\t\t\t<\/div>\n\t\t\t\t<div class=\"elementor-element elementor-element-529c317 elementor-widget elementor-widget-text-editor\" data-id=\"529c317\" data-element_type=\"widget\" data-widget_type=\"text-editor.default\">\n\t\t\t\t<div class=\"elementor-widget-container\">\n\t\t\t\t\t\t\t\t\t<p>Kruhov\u00e9 k\u0159emenn\u00e9 desky proch\u00e1zej\u00ed pe\u010dliv\u00fdmi v\u00fdrobn\u00edmi procesy, kter\u00e9 zaji\u0161\u0165uj\u00ed jejich p\u0159esn\u00e9 rozm\u011bry a kvalitu povrchu. K dosa\u017een\u00ed po\u017eadovan\u00e9 tlou\u0161\u0165ky, rovinnosti a kvality povrchu se pou\u017e\u00edvaj\u00ed pokro\u010dil\u00e9 v\u00fdrobn\u00ed techniky, jako je diamantov\u00e9 \u0159ez\u00e1n\u00ed a le\u0161t\u011bn\u00ed. Tato \u00farove\u0148 p\u0159esnosti umo\u017e\u0148uje bezprobl\u00e9movou integraci k\u0159emenn\u00fdch desek do optick\u00fdch syst\u00e9m\u016f, co\u017e zaji\u0161\u0165uje optim\u00e1ln\u00ed v\u00fdkon a minim\u00e1ln\u00ed rozptyl nebo odraz sv\u011btla.<\/p>\t\t\t\t\t\t\t\t<\/div>\n\t\t\t\t<\/div>\n\t\t\t\t<div class=\"elementor-element elementor-element-a438a24 elementor-widget elementor-widget-heading\" data-id=\"a438a24\" data-element_type=\"widget\" data-widget_type=\"heading.default\">\n\t\t\t\t<div class=\"elementor-widget-container\">\n\t\t\t\t\t<h3 class=\"elementor-heading-title elementor-size-default\">Aplikace v r\u016fzn\u00fdch pr\u016fmyslov\u00fdch odv\u011btv\u00edch:<\/h3>\t\t\t\t<\/div>\n\t\t\t\t<\/div>\n\t\t\t\t<div class=\"elementor-element elementor-element-2c83de3 elementor-widget elementor-widget-text-editor\" data-id=\"2c83de3\" data-element_type=\"widget\" data-widget_type=\"text-editor.default\">\n\t\t\t\t<div class=\"elementor-widget-container\">\n\t\t\t\t\t\t\t\t\t<p>Kruhov\u00e9 k\u0159emenn\u00e9 desky nach\u00e1zej\u00ed \u0161irok\u00e9 uplatn\u011bn\u00ed v cel\u00e9 \u0159ad\u011b pr\u016fmyslov\u00fdch odv\u011btv\u00ed. V oblasti optiky se tyto desti\u010dky pou\u017e\u00edvaj\u00ed v \u010do\u010dk\u00e1ch, hranolech, oknech a filtrech, kde p\u0159isp\u00edvaj\u00ed ke zlep\u0161en\u00ed kvality obrazu, p\u0159enosu sv\u011btla a kontroly. V elektronice se k\u0159emenn\u00e9 desky pou\u017e\u00edvaj\u00ed v polovodi\u010d\u00edch, senzorech a fotovoltaick\u00fdch za\u0159\u00edzen\u00edch d\u00edky sv\u00fdm vynikaj\u00edc\u00edm elektroizola\u010dn\u00edm vlastnostem. Krom\u011b toho jsou kruhov\u00e9 k\u0159emenn\u00e9 desky nezbytn\u00e9 ve v\u00fdzkumn\u00fdch laborato\u0159\u00edch pro svou pr\u016fhlednost pro specifick\u00e9 vlnov\u00e9 d\u00e9lky, co\u017e umo\u017e\u0148uje p\u0159esnou anal\u00fdzu a experimenty.<\/p>\t\t\t\t\t\t\t\t<\/div>\n\t\t\t\t<\/div>\n\t\t\t\t<div class=\"elementor-element elementor-element-a84143a elementor-widget elementor-widget-heading\" data-id=\"a84143a\" data-element_type=\"widget\" data-widget_type=\"heading.default\">\n\t\t\t\t<div class=\"elementor-widget-container\">\n\t\t\t\t\t<h3 class=\"elementor-heading-title elementor-size-default\">Mo\u017enosti p\u0159izp\u016fsoben\u00ed: <\/h3>\t\t\t\t<\/div>\n\t\t\t\t<\/div>\n\t\t\t\t<div class=\"elementor-element elementor-element-a769174 elementor-widget elementor-widget-text-editor\" data-id=\"a769174\" data-element_type=\"widget\" data-widget_type=\"text-editor.default\">\n\t\t\t\t<div class=\"elementor-widget-container\">\n\t\t\t\t\t\t\t\t\t<p>V\u00fdrobci kruhov\u00fdch k\u0159emenn\u00fdch desek nab\u00edzej\u00ed mo\u017enosti p\u0159izp\u016fsoben\u00ed, aby spl\u0148ovaly jedine\u010dn\u00e9 po\u017eadavky r\u016fzn\u00fdch aplikac\u00ed. Z\u00e1kazn\u00edci mohou poskytnout konkr\u00e9tn\u00ed v\u00fdkresy nebo vzorky, co\u017e umo\u017e\u0148uje v\u00fdrobu k\u0159emenn\u00fdch desek p\u0159esn\u011b podle jejich specifikac\u00ed. Tato flexibilita p\u0159izp\u016fsoben\u00ed zaji\u0161\u0165uje, \u017ee se kone\u010dn\u00fd v\u00fdrobek bez probl\u00e9m\u016f za\u010dlen\u00ed do zam\u00fd\u0161len\u00e9 aplikace a maximalizuje jej\u00ed v\u00fdkon a funk\u010dnost.<\/p>\t\t\t\t\t\t\t\t<\/div>\n\t\t\t\t<\/div>\n\t\t\t\t<div class=\"elementor-element elementor-element-596ad3d elementor-widget elementor-widget-heading\" data-id=\"596ad3d\" data-element_type=\"widget\" data-widget_type=\"heading.default\">\n\t\t\t\t<div class=\"elementor-widget-container\">\n\t\t\t\t\t<h3 class=\"elementor-heading-title elementor-size-default\">Z\u00e1v\u011br: <\/h3>\t\t\t\t<\/div>\n\t\t\t\t<\/div>\n\t\t\t\t<div class=\"elementor-element elementor-element-0549bf7 elementor-widget elementor-widget-text-editor\" data-id=\"0549bf7\" data-element_type=\"widget\" data-widget_type=\"text-editor.default\">\n\t\t\t\t<div class=\"elementor-widget-container\">\n\t\t\t\t\t\t\t\t\t<p>Kruhov\u00e9 k\u0159emenn\u00e9 desky zm\u011bnily prost\u0159ed\u00ed optick\u00e9 p\u0159esnosti a v\u00fdkonu. D\u00edky sv\u00e9 v\u00fdjime\u010dn\u00e9 optick\u00e9 pr\u016fhlednosti, trvanlivosti a tepeln\u00e9 stabilit\u011b se tyto desky staly ned\u00edlnou sou\u010d\u00e1st\u00ed r\u016fzn\u00fdch pr\u016fmyslov\u00fdch odv\u011btv\u00ed. Jejich p\u0159esn\u00e1 v\u00fdroba a mo\u017enosti p\u0159izp\u016fsoben\u00ed d\u00e1le zvy\u0161uj\u00ed jejich v\u0161estrannost a pou\u017eitelnost. S dal\u0161\u00edm technologick\u00fdm pokrokem budou kruhov\u00e9 k\u0159emenn\u00e9 desky nepochybn\u011b hr\u00e1t kl\u00ed\u010dovou roli p\u0159i utv\u00e1\u0159en\u00ed budoucnosti optiky, elektroniky a v\u011bdeck\u00e9ho v\u00fdzkumu.<\/p>\t\t\t\t\t\t\t\t<\/div>\n\t\t\t\t<\/div>\n\t\t\t\t\t<\/div>\n\t\t\t\t<\/div>\n\t\t\t\t<\/div>","protected":false},"excerpt":{"rendered":"<p>Optical Quartz Discs \u2013 High Clarity Circular Plates Circular quartz plates, high-transparency optical quartz discs, and quartz polishing plates We [&hellip;]<\/p>","protected":false},"author":7,"featured_media":267,"parent":841,"menu_order":0,"comment_status":"closed","ping_status":"closed","template":"","meta":{"_seopress_robots_primary_cat":"","_seopress_titles_title":"Optical Quartz Discs \u2013 High Clarity Circular Plates","_seopress_titles_desc":"Custom circular quartz discs for optics, lasers & labs. High transmission UV\u2013IR, tight tolerance, thermally stable, polished to optical-grade surface.","_seopress_robots_index":"","site-sidebar-layout":"no-sidebar","site-content-layout":"","ast-site-content-layout":"full-width-container","site-content-style":"default","site-sidebar-style":"default","ast-global-header-display":"","ast-banner-title-visibility":"","ast-main-header-display":"","ast-hfb-above-header-display":"","ast-hfb-below-header-display":"","ast-hfb-mobile-header-display":"","site-post-title":"disabled","ast-breadcrumbs-content":"","ast-featured-img":"disabled","footer-sml-layout":"","theme-transparent-header-meta":"","adv-header-id-meta":"","stick-header-meta":"","header-above-stick-meta":"","header-main-stick-meta":"","header-below-stick-meta":"","astra-migrate-meta-layouts":"default","ast-page-background-enabled":"default","ast-page-background-meta":{"desktop":{"background-color":"var(--ast-global-color-5)","background-image":"","background-repeat":"repeat","background-position":"center center","background-size":"auto","background-attachment":"scroll","background-type":"","background-media":"","overlay-type":"","overlay-color":"","overlay-opacity":"","overlay-gradient":""},"tablet":{"background-color":"","background-image":"","background-repeat":"repeat","background-position":"center center","background-size":"auto","background-attachment":"scroll","background-type":"","background-media":"","overlay-type":"","overlay-color":"","overlay-opacity":"","overlay-gradient":""},"mobile":{"background-color":"","background-image":"","background-repeat":"repeat","background-position":"center center","background-size":"auto","background-attachment":"scroll","background-type":"","background-media":"","overlay-type":"","overlay-color":"","overlay-opacity":"","overlay-gradient":""}},"ast-content-background-meta":{"desktop":{"background-color":"var(--ast-global-color-4)","background-image":"","background-repeat":"repeat","background-position":"center center","background-size":"auto","background-attachment":"scroll","background-type":"","background-media":"","overlay-type":"","overlay-color":"","overlay-opacity":"","overlay-gradient":""},"tablet":{"background-color":"var(--ast-global-color-4)","background-image":"","background-repeat":"repeat","background-position":"center center","background-size":"auto","background-attachment":"scroll","background-type":"","background-media":"","overlay-type":"","overlay-color":"","overlay-opacity":"","overlay-gradient":""},"mobile":{"background-color":"var(--ast-global-color-4)","background-image":"","background-repeat":"repeat","background-position":"center center","background-size":"auto","background-attachment":"scroll","background-type":"","background-media":"","overlay-type":"","overlay-color":"","overlay-opacity":"","overlay-gradient":""}},"footnotes":""},"class_list":["post-266","page","type-page","status-publish","has-post-thumbnail","hentry"],"_hostinger_reach_plugin_has_subscription_block":false,"_hostinger_reach_plugin_is_elementor":false,"_links":{"self":[{"href":"https:\/\/exactquartz.com\/cs\/wp-json\/wp\/v2\/pages\/266","targetHints":{"allow":["GET"]}}],"collection":[{"href":"https:\/\/exactquartz.com\/cs\/wp-json\/wp\/v2\/pages"}],"about":[{"href":"https:\/\/exactquartz.com\/cs\/wp-json\/wp\/v2\/types\/page"}],"author":[{"embeddable":true,"href":"https:\/\/exactquartz.com\/cs\/wp-json\/wp\/v2\/users\/7"}],"replies":[{"embeddable":true,"href":"https:\/\/exactquartz.com\/cs\/wp-json\/wp\/v2\/comments?post=266"}],"version-history":[{"count":17,"href":"https:\/\/exactquartz.com\/cs\/wp-json\/wp\/v2\/pages\/266\/revisions"}],"predecessor-version":[{"id":1440,"href":"https:\/\/exactquartz.com\/cs\/wp-json\/wp\/v2\/pages\/266\/revisions\/1440"}],"up":[{"embeddable":true,"href":"https:\/\/exactquartz.com\/cs\/wp-json\/wp\/v2\/pages\/841"}],"wp:featuredmedia":[{"embeddable":true,"href":"https:\/\/exactquartz.com\/cs\/wp-json\/wp\/v2\/media\/267"}],"wp:attachment":[{"href":"https:\/\/exactquartz.com\/cs\/wp-json\/wp\/v2\/media?parent=266"}],"curies":[{"name":"wp","href":"https:\/\/api.w.org\/{rel}","templated":true}]}}