{"id":281,"date":"2025-03-27T11:38:48","date_gmt":"2025-03-27T03:38:48","guid":{"rendered":"https:\/\/exactquartz.com\/?page_id=281"},"modified":"2025-04-16T18:29:53","modified_gmt":"2025-04-16T10:29:53","slug":"uv-quartz-polishing-plates","status":"publish","type":"page","link":"https:\/\/exactquartz.com\/cs\/quartz-discs-and-plates\/uv-quartz-polishing-plates\/","title":{"rendered":"Le\u0161tic\u00ed desky z k\u0159emene UV"},"content":{"rendered":"<div data-elementor-type=\"wp-page\" data-elementor-id=\"281\" class=\"elementor elementor-281\" data-elementor-post-type=\"page\">\n\t\t\t\t<div class=\"elementor-element elementor-element-d2bc4f1 e-flex e-con-boxed e-con e-parent\" data-id=\"d2bc4f1\" data-element_type=\"container\">\n\t\t\t\t\t<div class=\"e-con-inner\">\n\t\t<div class=\"elementor-element elementor-element-6d0fc6f e-con-full e-flex e-con e-child\" data-id=\"6d0fc6f\" data-element_type=\"container\">\n\t\t\t\t<div class=\"elementor-element elementor-element-70fde5e elementor-widget elementor-widget-image\" data-id=\"70fde5e\" data-element_type=\"widget\" data-widget_type=\"image.default\">\n\t\t\t\t<div class=\"elementor-widget-container\">\n\t\t\t\t\t\t\t\t\t\t\t\t\t\t\t<img fetchpriority=\"high\" decoding=\"async\" width=\"500\" height=\"373\" src=\"https:\/\/exactquartz.com\/wp-content\/uploads\/2025\/03\/UV-quartz-polishing-plates-high-transparency-ultraviolet-quartz-plates.webp\" class=\"attachment-large size-large wp-image-382\" alt=\"UV k\u0159emenn\u00e9 le\u0161tic\u00ed desky, vysoce pr\u016fhledn\u00e9 ultrafialov\u00e9 k\u0159emenn\u00e9 desky\" srcset=\"https:\/\/exactquartz.com\/wp-content\/uploads\/2025\/03\/UV-quartz-polishing-plates-high-transparency-ultraviolet-quartz-plates.webp 500w, https:\/\/exactquartz.com\/wp-content\/uploads\/2025\/03\/UV-quartz-polishing-plates-high-transparency-ultraviolet-quartz-plates-300x224.webp 300w\" sizes=\"(max-width: 500px) 100vw, 500px\" \/>\t\t\t\t\t\t\t\t\t\t\t\t\t\t\t<\/div>\n\t\t\t\t<\/div>\n\t\t\t\t<\/div>\n\t\t<div class=\"elementor-element elementor-element-2a56432 e-con-full e-flex e-con e-child\" data-id=\"2a56432\" data-element_type=\"container\">\n\t\t\t\t<div class=\"elementor-element elementor-element-70d5eba elementor-widget elementor-widget-heading\" data-id=\"70d5eba\" data-element_type=\"widget\" data-widget_type=\"heading.default\">\n\t\t\t\t<div class=\"elementor-widget-container\">\n\t\t\t\t\t<h2 class=\"elementor-heading-title elementor-size-default\">Le\u0161tic\u00ed desky z k\u0159emene UV<\/h2>\t\t\t\t<\/div>\n\t\t\t\t<\/div>\n\t\t\t\t<div class=\"elementor-element elementor-element-ac956f7 elementor-widget elementor-widget-text-editor\" data-id=\"ac956f7\" data-element_type=\"widget\" data-widget_type=\"text-editor.default\">\n\t\t\t\t<div class=\"elementor-widget-container\">\n\t\t\t\t\t\t\t\t\t<p>Nab\u00edz\u00edme p\u0159\u00edm\u00e9 dod\u00e1vky k\u0159emenn\u00fdch UV le\u0161tic\u00edch desek, k\u0159emenn\u00fdch desek s vysokou pr\u016fhlednost\u00ed a okenn\u00edch desek na zak\u00e1zku na z\u00e1klad\u011b v\u00fdkres\u016f nebo vzork\u016f poskytnut\u00fdch z\u00e1kazn\u00edkem. Na\u0161e v\u00fdrobky se \u0161iroce pou\u017e\u00edvaj\u00ed v UV laserech, optick\u00fdch p\u0159\u00edstroj\u00edch a p\u0159i v\u00fdrob\u011b polovodi\u010d\u016f.<\/p>\t\t\t\t\t\t\t\t<\/div>\n\t\t\t\t<\/div>\n\t\t\t\t<div class=\"elementor-element elementor-element-1eb84e3 elementor-align-left elementor-widget elementor-widget-button\" data-id=\"1eb84e3\" data-element_type=\"widget\" data-widget_type=\"button.default\">\n\t\t\t\t<div class=\"elementor-widget-container\">\n\t\t\t\t\t\t\t\t\t<div class=\"elementor-button-wrapper\">\n\t\t\t\t\t<a class=\"elementor-button elementor-button-link elementor-size-sm\" href=\"#elementor-action%3Aaction%3Dpopup%3Aopen%26settings%3DeyJpZCI6IjEyNzUiLCJ0b2dnbGUiOmZhbHNlfQ%3D%3D\">\n\t\t\t\t\t\t<span class=\"elementor-button-content-wrapper\">\n\t\t\t\t\t\t\t\t\t<span class=\"elementor-button-text\">Rychl\u00e1 nab\u00eddka<\/span>\n\t\t\t\t\t<\/span>\n\t\t\t\t\t<\/a>\n\t\t\t\t<\/div>\n\t\t\t\t\t\t\t\t<\/div>\n\t\t\t\t<\/div>\n\t\t\t\t<\/div>\n\t\t\t\t\t<\/div>\n\t\t\t\t<\/div>\n\t\t<div class=\"elementor-element elementor-element-a2ed80c e-flex e-con-boxed e-con e-parent\" data-id=\"a2ed80c\" data-element_type=\"container\">\n\t\t\t\t\t<div class=\"e-con-inner\">\n\t\t\t\t<div class=\"elementor-element elementor-element-ceddc61 elementor-widget elementor-widget-text-editor\" data-id=\"ceddc61\" data-element_type=\"widget\" data-widget_type=\"text-editor.default\">\n\t\t\t\t<div class=\"elementor-widget-container\">\n\t\t\t\t\t\t\t\t\t<p>Vysoce kvalitn\u00ed k\u0159emenn\u00e9 sklen\u011bn\u00e9 desky\/disky jsou typem sklen\u011bn\u00e9ho n\u00e1dob\u00ed, kter\u00e9 se \u0161iroce pou\u017e\u00edv\u00e1 v r\u016fzn\u00fdch pr\u016fmyslov\u00fdch odv\u011btv\u00edch, v\u010detn\u011b polovodi\u010dov\u00e9ho, optick\u00e9ho a laboratorn\u00edho. Jsou vyrobeny z vysoce \u010dist\u00e9ho taven\u00e9ho k\u0159emenn\u00e9ho skla, d\u00edky \u010demu\u017e jsou vysoce odoln\u00e9 v\u016f\u010di tepeln\u00fdm \u0161ok\u016fm a chemick\u00e9 korozi. Tyto desky a disky se vyzna\u010duj\u00ed vynikaj\u00edc\u00edmi optick\u00fdmi vlastnostmi, vysokou propustnost\u00ed a n\u00edzk\u00fdm koeficientem tepeln\u00e9 rozta\u017enosti. Lze je p\u0159izp\u016fsobit specifick\u00fdm po\u017eadavk\u016fm, jako je velikost, tlou\u0161\u0165ka a povrchov\u00e1 \u00faprava. D\u00edky sv\u00fdm jedine\u010dn\u00fdm vlastnostem jsou vysoce kvalitn\u00ed desky\/disky z k\u0159emenn\u00e9ho skla ide\u00e1ln\u00ed pro pou\u017eit\u00ed v aplikac\u00edch, kter\u00e9 vy\u017eaduj\u00ed vysokou p\u0159esnost, jako je zpracov\u00e1n\u00ed desti\u010dek, optick\u00e1 okna a chemick\u00e1 anal\u00fdza.<\/p>\t\t\t\t\t\t\t\t<\/div>\n\t\t\t\t<\/div>\n\t\t\t\t<div class=\"elementor-element elementor-element-b7e9c99 elementor-widget elementor-widget-heading\" data-id=\"b7e9c99\" data-element_type=\"widget\" data-widget_type=\"heading.default\">\n\t\t\t\t<div class=\"elementor-widget-container\">\n\t\t\t\t\t<h3 class=\"elementor-heading-title elementor-size-default\">\u00davod:<\/h3>\t\t\t\t<\/div>\n\t\t\t\t<\/div>\n\t\t\t\t<div class=\"elementor-element elementor-element-281af31 elementor-widget elementor-widget-text-editor\" data-id=\"281af31\" data-element_type=\"widget\" data-widget_type=\"text-editor.default\">\n\t\t\t\t<div class=\"elementor-widget-container\">\n\t\t\t\t\t\t\t\t\t<p>Optick\u00e9 k\u0159emenn\u00e9 le\u0161tic\u00ed desky jsou z\u00e1kladn\u00edmi sou\u010d\u00e1stmi v r\u016fzn\u00fdch pr\u016fmyslov\u00fdch odv\u011btv\u00edch, kde poskytuj\u00ed pot\u0159ebnou p\u0159esnost a v\u00fdkon pro kritick\u00e9 aplikace. C\u00edlem tohoto \u010dl\u00e1nku je prozkoumat kl\u00ed\u010dov\u00e9 vlastnosti, v\u00fdhody a numerick\u00e9 aspekty optick\u00fdch k\u0159emenn\u00fdch le\u0161tic\u00edch desek a osv\u011btlit jejich v\u00fdznam pro dosa\u017een\u00ed vynikaj\u00edc\u00ed optick\u00e9 kvality.<span id=\"7\" class=\"notranslate immersive-translate-target-wrapper\" lang=\"zh-CN\" translate=\"no\" data-immersive-translate-loading-id=\"\">\u00a0<\/span><\/p>\t\t\t\t\t\t\t\t<\/div>\n\t\t\t\t<\/div>\n\t\t\t\t<div class=\"elementor-element elementor-element-fe0cb41 elementor-widget elementor-widget-heading\" data-id=\"fe0cb41\" data-element_type=\"widget\" data-widget_type=\"heading.default\">\n\t\t\t\t<div class=\"elementor-widget-container\">\n\t\t\t\t\t<h3 class=\"elementor-heading-title elementor-size-default\">1. V\u00fdjime\u010dn\u00e1 rovinnost:<\/h3>\t\t\t\t<\/div>\n\t\t\t\t<\/div>\n\t\t\t\t<div class=\"elementor-element elementor-element-733f615 elementor-widget elementor-widget-text-editor\" data-id=\"733f615\" data-element_type=\"widget\" data-widget_type=\"text-editor.default\">\n\t\t\t\t<div class=\"elementor-widget-container\">\n\t\t\t\t\t\t\t\t\t<p>Le\u0161tic\u00ed desky z optick\u00e9ho k\u0159emene jsou proslul\u00e9 svou v\u00fdjime\u010dnou rovinnost\u00ed, kter\u00e1 zaji\u0161\u0165uje rovnom\u011brnost a konzistenci le\u0161t\u011bn\u00fdch povrch\u016f. Tyto desky dosahuj\u00ed rovinnosti a\u017e \u03bb\/10 (kde \u03bb je vlnov\u00e1 d\u00e9lka sv\u011btla), co\u017e zaru\u010duje minim\u00e1ln\u00ed zkreslen\u00ed povrchu a zachov\u00e1n\u00ed integrity optick\u00fdch syst\u00e9m\u016f.<\/p>\t\t\t\t\t\t\t\t<\/div>\n\t\t\t\t<\/div>\n\t\t\t\t<div class=\"elementor-element elementor-element-39cf9eb elementor-widget elementor-widget-heading\" data-id=\"39cf9eb\" data-element_type=\"widget\" data-widget_type=\"heading.default\">\n\t\t\t\t<div class=\"elementor-widget-container\">\n\t\t\t\t\t<h3 class=\"elementor-heading-title elementor-size-default\">2. Drsnost povrchu pod angstr\u00f6mem:<\/h3>\t\t\t\t<\/div>\n\t\t\t\t<\/div>\n\t\t\t\t<div class=\"elementor-element elementor-element-cc3d847 elementor-widget elementor-widget-text-editor\" data-id=\"cc3d847\" data-element_type=\"widget\" data-widget_type=\"text-editor.default\">\n\t\t\t\t<div class=\"elementor-widget-container\">\n\t\t\t\t\t\t\t\t\t<p>Drsnost povrchu hraje z\u00e1sadn\u00ed roli p\u0159i ur\u010dov\u00e1n\u00ed optick\u00e9 kvality le\u0161t\u011bn\u00fdch povrch\u016f. Optick\u00e9 k\u0159emenn\u00e9 le\u0161tic\u00ed desky se vyzna\u010duj\u00ed subangstromovou drsnost\u00ed povrchu, obvykle v rozmez\u00ed 0,1 - 0,5 \u00c5 (angstromu). Tato ultrahladk\u00e1 povrchov\u00e1 \u00faprava minimalizuje rozptyl a odraz, \u010d\u00edm\u017e maximalizuje propustnost sv\u011btla a zvy\u0161uje celkov\u00fd optick\u00fd v\u00fdkon.<\/p>\t\t\t\t\t\t\t\t<\/div>\n\t\t\t\t<\/div>\n\t\t\t\t<div class=\"elementor-element elementor-element-e7a94c2 elementor-widget elementor-widget-heading\" data-id=\"e7a94c2\" data-element_type=\"widget\" data-widget_type=\"heading.default\">\n\t\t\t\t<div class=\"elementor-widget-container\">\n\t\t\t\t\t<h3 class=\"elementor-heading-title elementor-size-default\">3. Vysok\u00e1 \u010distota materi\u00e1lu:<\/h3>\t\t\t\t<\/div>\n\t\t\t\t<\/div>\n\t\t\t\t<div class=\"elementor-element elementor-element-529c317 elementor-widget elementor-widget-text-editor\" data-id=\"529c317\" data-element_type=\"widget\" data-widget_type=\"text-editor.default\">\n\t\t\t\t<div class=\"elementor-widget-container\">\n\t\t\t\t\t\t\t\t\t<p>Optick\u00e9 k\u0159emenn\u00e9 le\u0161tic\u00ed desky jsou vyr\u00e1b\u011bny z vysoce \u010dist\u00e9ho k\u0159emene, co\u017e zaji\u0161\u0165uje minim\u00e1ln\u00ed mno\u017estv\u00ed ne\u010distot a vynikaj\u00edc\u00ed optickou \u010distotu. \u010cistota materi\u00e1lu p\u0159\u00edmo ovliv\u0148uje p\u0159enos a kvalitu sv\u011btla proch\u00e1zej\u00edc\u00edho le\u0161t\u011bn\u00fdmi povrchy. B\u011b\u017en\u011b se pou\u017e\u00edvaj\u00ed k\u0159emenn\u00e9 desky s \u010distotou vy\u0161\u0161\u00ed ne\u017e 99,99%, kter\u00e9 umo\u017e\u0148uj\u00ed p\u0159esnou kontrolu sv\u011btla v aplikac\u00edch, jako je mikroskopie, spektroskopie a laserov\u00e9 syst\u00e9my.<\/p>\t\t\t\t\t\t\t\t<\/div>\n\t\t\t\t<\/div>\n\t\t\t\t<div class=\"elementor-element elementor-element-a438a24 elementor-widget elementor-widget-heading\" data-id=\"a438a24\" data-element_type=\"widget\" data-widget_type=\"heading.default\">\n\t\t\t\t<div class=\"elementor-widget-container\">\n\t\t\t\t\t<h3 class=\"elementor-heading-title elementor-size-default\">4. Tolerance a rozm\u011brov\u00e1 p\u0159esnost:<\/h3>\t\t\t\t<\/div>\n\t\t\t\t<\/div>\n\t\t\t\t<div class=\"elementor-element elementor-element-2c83de3 elementor-widget elementor-widget-text-editor\" data-id=\"2c83de3\" data-element_type=\"widget\" data-widget_type=\"text-editor.default\">\n\t\t\t\t<div class=\"elementor-widget-container\">\n\t\t\t\t\t\t\t\t\t<p>Pro spln\u011bn\u00ed p\u0159\u00edsn\u00fdch po\u017eadavk\u016f optick\u00fdch aplikac\u00ed se k\u0159emenn\u00e9 le\u0161tic\u00ed desky vyr\u00e1b\u011bj\u00ed s vysokou rozm\u011brovou p\u0159esnost\u00ed a p\u0159\u00edsn\u00fdmi tolerancemi. Typick\u00e9 rozm\u011brov\u00e9 tolerance t\u011bchto desek se pohybuj\u00ed od \u00b10,01 mm do \u00b10,05 mm, co\u017e zaji\u0161\u0165uje p\u0159esn\u00e9 vyrovn\u00e1n\u00ed a kompatibilitu s optick\u00fdmi syst\u00e9my. Tato \u00farove\u0148 p\u0159esnosti zaru\u010duje optim\u00e1ln\u00ed v\u00fdkon a zabra\u0148uje jak\u00fdmkoli \u0161kodliv\u00fdm \u00fa\u010dink\u016fm zp\u016fsoben\u00fdm nespr\u00e1vn\u00fdm se\u0159\u00edzen\u00edm nebo nesouladem.<\/p>\t\t\t\t\t\t\t\t<\/div>\n\t\t\t\t<\/div>\n\t\t\t\t<div class=\"elementor-element elementor-element-a84143a elementor-widget elementor-widget-heading\" data-id=\"a84143a\" data-element_type=\"widget\" data-widget_type=\"heading.default\">\n\t\t\t\t<div class=\"elementor-widget-container\">\n\t\t\t\t\t<h3 class=\"elementor-heading-title elementor-size-default\">5. Mo\u017enosti p\u0159izp\u016fsoben\u00ed:<\/h3>\t\t\t\t<\/div>\n\t\t\t\t<\/div>\n\t\t\t\t<div class=\"elementor-element elementor-element-a769174 elementor-widget elementor-widget-text-editor\" data-id=\"a769174\" data-element_type=\"widget\" data-widget_type=\"text-editor.default\">\n\t\t\t\t<div class=\"elementor-widget-container\">\n\t\t\t\t\t\t\t\t\t<p>Optick\u00e9 k\u0159emenn\u00e9 le\u0161tic\u00ed desky nab\u00edzej\u00ed rozs\u00e1hl\u00e9 mo\u017enosti p\u0159izp\u016fsoben\u00ed, kter\u00e9 umo\u017e\u0148uj\u00ed \u0159e\u0161en\u00ed na m\u00edru specifick\u00fdm pot\u0159eb\u00e1m aplikace. Pro spln\u011bn\u00ed p\u0159esn\u00fdch po\u017eadavk\u016f lze vyrobit vlastn\u00ed tvary, velikosti a tlou\u0161\u0165ky. Krom\u011b toho lze aplikovat specifick\u00e9 povrchov\u00e9 \u00fapravy, povlaky a \u00fapravy hran pro dal\u0161\u00ed zv\u00fd\u0161en\u00ed v\u00fdkonu a funk\u010dnosti.<\/p>\t\t\t\t\t\t\t\t<\/div>\n\t\t\t\t<\/div>\n\t\t\t\t<div class=\"elementor-element elementor-element-596ad3d elementor-widget elementor-widget-heading\" data-id=\"596ad3d\" data-element_type=\"widget\" data-widget_type=\"heading.default\">\n\t\t\t\t<div class=\"elementor-widget-container\">\n\t\t\t\t\t<h3 class=\"elementor-heading-title elementor-size-default\">Z\u00e1v\u011br: <\/h3>\t\t\t\t<\/div>\n\t\t\t\t<\/div>\n\t\t\t\t<div class=\"elementor-element elementor-element-0549bf7 elementor-widget elementor-widget-text-editor\" data-id=\"0549bf7\" data-element_type=\"widget\" data-widget_type=\"text-editor.default\">\n\t\t\t\t<div class=\"elementor-widget-container\">\n\t\t\t\t\t\t\t\t\t<p>Optick\u00e9 k\u0159emenn\u00e9 le\u0161tic\u00ed desky jsou kritick\u00fdmi sou\u010d\u00e1stmi, kter\u00e9 p\u0159isp\u00edvaj\u00ed k dosa\u017een\u00ed vynikaj\u00edc\u00ed optick\u00e9 kvality v r\u016fzn\u00fdch pr\u016fmyslov\u00fdch odv\u011btv\u00edch. D\u00edky v\u00fdjime\u010dn\u00e9 rovinnosti, subangstromov\u00e9 drsnosti povrchu, vysok\u00e9 \u010distot\u011b materi\u00e1lu a p\u0159esnosti rozm\u011br\u016f zaji\u0161\u0165uj\u00ed tyto desky optim\u00e1ln\u00ed p\u0159enos sv\u011btla a minimalizuj\u00ed zkreslen\u00ed povrchu. Mo\u017enost p\u0159izp\u016fsoben\u00ed t\u011bchto desek d\u00e1le zvy\u0161uje jejich v\u0161estrannost a umo\u017e\u0148uje \u0159e\u0161en\u00ed na m\u00edru pro konkr\u00e9tn\u00ed aplikace. S dal\u0161\u00edm rozvojem p\u0159esn\u00e9 optiky se o\u010dek\u00e1v\u00e1, \u017ee popt\u00e1vka po vysoce v\u00fdkonn\u00fdch optick\u00fdch k\u0159emenn\u00fdch le\u0161tic\u00edch desk\u00e1ch poroste, co\u017e podpo\u0159\u00ed inovace a posune hranice optick\u00fdch technologi\u00ed.<\/p>\t\t\t\t\t\t\t\t<\/div>\n\t\t\t\t<\/div>\n\t\t\t\t\t<\/div>\n\t\t\t\t<\/div>\n\t\t\t\t<\/div>","protected":false},"excerpt":{"rendered":"<p>UV Quartz Polishing Plates We offer direct supply of custom-made UV quartz polishing plates, high-transparency ultraviolet quartz plates, and window [&hellip;]<\/p>","protected":false},"author":7,"featured_media":382,"parent":841,"menu_order":0,"comment_status":"closed","ping_status":"closed","template":"","meta":{"_seopress_robots_primary_cat":"","_seopress_titles_title":"UV Quartz Polishing Plates \u2013 Sub-\u00c5 Surface & \u03bb\/10 Flatness","_seopress_titles_desc":"High-transparency UV quartz plates with \u03bb\/10 flatness & 0.1\u20130.5\u00c5 roughness. Custom round\/square windows for laser optics, semiconductors & instruments.","_seopress_robots_index":"","site-sidebar-layout":"no-sidebar","site-content-layout":"","ast-site-content-layout":"full-width-container","site-content-style":"default","site-sidebar-style":"default","ast-global-header-display":"","ast-banner-title-visibility":"","ast-main-header-display":"","ast-hfb-above-header-display":"","ast-hfb-below-header-display":"","ast-hfb-mobile-header-display":"","site-post-title":"disabled","ast-breadcrumbs-content":"","ast-featured-img":"disabled","footer-sml-layout":"","theme-transparent-header-meta":"","adv-header-id-meta":"","stick-header-meta":"","header-above-stick-meta":"","header-main-stick-meta":"","header-below-stick-meta":"","astra-migrate-meta-layouts":"default","ast-page-background-enabled":"default","ast-page-background-meta":{"desktop":{"background-color":"var(--ast-global-color-5)","background-image":"","background-repeat":"repeat","background-position":"center center","background-size":"auto","background-attachment":"scroll","background-type":"","background-media":"","overlay-type":"","overlay-color":"","overlay-opacity":"","overlay-gradient":""},"tablet":{"background-color":"","background-image":"","background-repeat":"repeat","background-position":"center center","background-size":"auto","background-attachment":"scroll","background-type":"","background-media":"","overlay-type":"","overlay-color":"","overlay-opacity":"","overlay-gradient":""},"mobile":{"background-color":"","background-image":"","background-repeat":"repeat","background-position":"center center","background-size":"auto","background-attachment":"scroll","background-type":"","background-media":"","overlay-type":"","overlay-color":"","overlay-opacity":"","overlay-gradient":""}},"ast-content-background-meta":{"desktop":{"background-color":"var(--ast-global-color-4)","background-image":"","background-repeat":"repeat","background-position":"center center","background-size":"auto","background-attachment":"scroll","background-type":"","background-media":"","overlay-type":"","overlay-color":"","overlay-opacity":"","overlay-gradient":""},"tablet":{"background-color":"var(--ast-global-color-4)","background-image":"","background-repeat":"repeat","background-position":"center center","background-size":"auto","background-attachment":"scroll","background-type":"","background-media":"","overlay-type":"","overlay-color":"","overlay-opacity":"","overlay-gradient":""},"mobile":{"background-color":"var(--ast-global-color-4)","background-image":"","background-repeat":"repeat","background-position":"center center","background-size":"auto","background-attachment":"scroll","background-type":"","background-media":"","overlay-type":"","overlay-color":"","overlay-opacity":"","overlay-gradient":""}},"footnotes":""},"class_list":["post-281","page","type-page","status-publish","has-post-thumbnail","hentry"],"_hostinger_reach_plugin_has_subscription_block":false,"_hostinger_reach_plugin_is_elementor":false,"_links":{"self":[{"href":"https:\/\/exactquartz.com\/cs\/wp-json\/wp\/v2\/pages\/281","targetHints":{"allow":["GET"]}}],"collection":[{"href":"https:\/\/exactquartz.com\/cs\/wp-json\/wp\/v2\/pages"}],"about":[{"href":"https:\/\/exactquartz.com\/cs\/wp-json\/wp\/v2\/types\/page"}],"author":[{"embeddable":true,"href":"https:\/\/exactquartz.com\/cs\/wp-json\/wp\/v2\/users\/7"}],"replies":[{"embeddable":true,"href":"https:\/\/exactquartz.com\/cs\/wp-json\/wp\/v2\/comments?post=281"}],"version-history":[{"count":20,"href":"https:\/\/exactquartz.com\/cs\/wp-json\/wp\/v2\/pages\/281\/revisions"}],"predecessor-version":[{"id":1437,"href":"https:\/\/exactquartz.com\/cs\/wp-json\/wp\/v2\/pages\/281\/revisions\/1437"}],"up":[{"embeddable":true,"href":"https:\/\/exactquartz.com\/cs\/wp-json\/wp\/v2\/pages\/841"}],"wp:featuredmedia":[{"embeddable":true,"href":"https:\/\/exactquartz.com\/cs\/wp-json\/wp\/v2\/media\/382"}],"wp:attachment":[{"href":"https:\/\/exactquartz.com\/cs\/wp-json\/wp\/v2\/media?parent=281"}],"curies":[{"name":"wp","href":"https:\/\/api.w.org\/{rel}","templated":true}]}}