{"id":316,"date":"2025-03-27T12:08:50","date_gmt":"2025-03-27T04:08:50","guid":{"rendered":"https:\/\/exactquartz.com\/?page_id=316"},"modified":"2025-04-16T18:33:43","modified_gmt":"2025-04-16T10:33:43","slug":"quartz-distillation-flask","status":"publish","type":"page","link":"https:\/\/exactquartz.com\/cs\/quartz-lab-glassware-product\/quartz-distillation-flask\/","title":{"rendered":"K\u0159emenn\u00e1 destila\u010dn\u00ed ba\u0148ka - chemicky odoln\u00e9 laboratorn\u00ed sklo"},"content":{"rendered":"<div data-elementor-type=\"wp-page\" data-elementor-id=\"316\" class=\"elementor elementor-316\" data-elementor-post-type=\"page\">\n\t\t\t\t<div class=\"elementor-element elementor-element-abb877f e-flex e-con-boxed e-con e-parent\" data-id=\"abb877f\" data-element_type=\"container\">\n\t\t\t\t\t<div class=\"e-con-inner\">\n\t\t<div class=\"elementor-element elementor-element-82153af e-con-full e-flex e-con e-child\" data-id=\"82153af\" data-element_type=\"container\">\n\t\t\t\t<div class=\"elementor-element elementor-element-b617f08 elementor-skin-slideshow elementor-arrows-yes elementor-widget elementor-widget-media-carousel\" data-id=\"b617f08\" data-element_type=\"widget\" data-settings=\"{&quot;skin&quot;:&quot;slideshow&quot;,&quot;effect&quot;:&quot;fade&quot;,&quot;slideshow_slides_per_view&quot;:&quot;2&quot;,&quot;show_arrows&quot;:&quot;yes&quot;,&quot;speed&quot;:500,&quot;autoplay&quot;:&quot;yes&quot;,&quot;autoplay_speed&quot;:5000,&quot;loop&quot;:&quot;yes&quot;,&quot;pause_on_hover&quot;:&quot;yes&quot;,&quot;pause_on_interaction&quot;:&quot;yes&quot;,&quot;space_between&quot;:{&quot;unit&quot;:&quot;px&quot;,&quot;size&quot;:10,&quot;sizes&quot;:[]},&quot;space_between_tablet&quot;:{&quot;unit&quot;:&quot;px&quot;,&quot;size&quot;:10,&quot;sizes&quot;:[]},&quot;space_between_mobile&quot;:{&quot;unit&quot;:&quot;px&quot;,&quot;size&quot;:10,&quot;sizes&quot;:[]}}\" data-widget_type=\"media-carousel.default\">\n\t\t\t\t<div class=\"elementor-widget-container\">\n\t\t\t\t\t\t\t\t\t<div class=\"elementor-swiper\">\n\t\t\t\t\t<div class=\"elementor-main-swiper swiper\" role=\"region\" aria-roledescription=\"carousel\" aria-label=\"Slides\">\n\t\t\t\t<div class=\"swiper-wrapper\">\n\t\t\t\t\t\t\t\t\t\t\t<div class=\"swiper-slide\" role=\"group\" aria-roledescription=\"slide\">\n\t\t\t\t\t\t\t\t\t<div class=\"elementor-carousel-image\" role=\"img\" aria-label=\"Vlastn\u00ed chemick\u00e9 k\u0159emenn\u00e9 sklen\u011bn\u00e9 ba\u0148ky v laborato\u0159i\" style=\"background-image: url(&#039;https:\/\/exactquartz.com\/wp-content\/uploads\/2025\/03\/Custom-Chemical-Quartz-Glass-Flask-in-Lab.webp&#039;)\">\n\n\t\t\t\n\t\t\t\t\t<\/div>\n\t\t\t\t\t\t\t\t<\/div>\n\t\t\t\t\t\t\t\t\t\t\t<div class=\"swiper-slide\" role=\"group\" aria-roledescription=\"slide\">\n\t\t\t\t\t\t\t\t\t<div class=\"elementor-carousel-image\" role=\"img\" aria-label=\"Vlastn\u00ed chemick\u00e1 k\u0159emenn\u00e1 sklen\u011bn\u00e1 ba\u0148ka v laborato\u0159i 2\" style=\"background-image: url(&#039;https:\/\/exactquartz.com\/wp-content\/uploads\/2025\/03\/Custom-Chemical-Quartz-Glass-Flask-in-Lab-2.webp&#039;)\">\n\n\t\t\t\n\t\t\t\t\t<\/div>\n\t\t\t\t\t\t\t\t<\/div>\n\t\t\t\t\t\t\t\t\t<\/div>\n\t\t\t\t\t\t\t\t\t\t\t\t\t\t\t<div class=\"elementor-swiper-button elementor-swiper-button-prev\" role=\"button\" tabindex=\"0\" aria-label=\"Tidligere\" data-no-translation-aria-label=\"\">\n\t\t\t\t\t\t\t<svg aria-hidden=\"true\" class=\"e-font-icon-svg e-eicon-chevron-left\" viewbox=\"0 0 1000 1000\" xmlns=\"http:\/\/www.w3.org\/2000\/svg\"><path d=\"M646 125C629 125 613 133 604 142L308 442C296 454 292 471 292 487 292 504 296 521 308 533L604 854C617 867 629 875 646 875 663 875 679 871 692 858 704 846 713 829 713 812 713 796 708 779 692 767L438 487 692 225C700 217 708 204 708 187 708 171 704 154 692 142 675 129 663 125 646 125Z\"><\/path><\/svg>\t\t\t\t\t\t<\/div>\n\t\t\t\t\t\t<div class=\"elementor-swiper-button elementor-swiper-button-next\" role=\"button\" tabindex=\"0\" aria-label=\"Neste\" data-no-translation-aria-label=\"\">\n\t\t\t\t\t\t\t<svg aria-hidden=\"true\" class=\"e-font-icon-svg e-eicon-chevron-right\" viewbox=\"0 0 1000 1000\" xmlns=\"http:\/\/www.w3.org\/2000\/svg\"><path d=\"M696 533C708 521 713 504 713 487 713 471 708 454 696 446L400 146C388 133 375 125 354 125 338 125 325 129 313 142 300 154 292 171 292 187 292 204 296 221 308 233L563 492 304 771C292 783 288 800 288 817 288 833 296 850 308 863 321 871 338 875 354 875 371 875 388 867 400 854L696 533Z\"><\/path><\/svg>\t\t\t\t\t\t<\/div>\n\t\t\t\t\t\t\t\t\t\t\t\t\t\t\t\t\t<\/div>\n\t\t\t\t<\/div>\n\t\t\t\t\t\t\t\t<div class=\"elementor-swiper\">\n\t\t\t\t\t<div class=\"elementor-main-swiper swiper elementor-thumbnails-swiper swiper\" role=\"region region\" aria-roledescription=\"carousel carousel\" aria-label=\"Slides Slides\">\n\t\t\t\t<div class=\"swiper-wrapper\">\n\t\t\t\t\t\t\t\t\t\t\t<div class=\"swiper-slide\" role=\"group\" aria-roledescription=\"slide\">\n\t\t\t\t\t\t\t\t\t<div class=\"elementor-carousel-image\" role=\"img\" aria-label=\"Vlastn\u00ed chemick\u00e9 k\u0159emenn\u00e9 sklen\u011bn\u00e9 ba\u0148ky v laborato\u0159i\" style=\"background-image: url(&#039;https:\/\/exactquartz.com\/wp-content\/uploads\/2025\/03\/Custom-Chemical-Quartz-Glass-Flask-in-Lab.webp&#039;)\">\n\n\t\t\t\n\t\t\t\t\t<\/div>\n\t\t\t\t\t\t\t\t<\/div>\n\t\t\t\t\t\t\t\t\t\t\t<div class=\"swiper-slide\" role=\"group\" aria-roledescription=\"slide\">\n\t\t\t\t\t\t\t\t\t<div class=\"elementor-carousel-image\" role=\"img\" aria-label=\"Vlastn\u00ed chemick\u00e1 k\u0159emenn\u00e1 sklen\u011bn\u00e1 ba\u0148ka v laborato\u0159i 2\" style=\"background-image: url(&#039;https:\/\/exactquartz.com\/wp-content\/uploads\/2025\/03\/Custom-Chemical-Quartz-Glass-Flask-in-Lab-2.webp&#039;)\">\n\n\t\t\t\n\t\t\t\t\t<\/div>\n\t\t\t\t\t\t\t\t<\/div>\n\t\t\t\t\t\t\t\t\t<\/div>\n\t\t\t\t\t\t\t\t\t\t\t\t\t\t\t\t\t\t\t\t\t<\/div>\n\t\t\t\t<\/div>\n\t\t\t\t\t\t\t\t<\/div>\n\t\t\t\t<\/div>\n\t\t\t\t<\/div>\n\t\t<div class=\"elementor-element elementor-element-c514cbd e-con-full e-flex e-con e-child\" data-id=\"c514cbd\" data-element_type=\"container\">\n\t\t\t\t<div class=\"elementor-element elementor-element-70d5eba elementor-widget elementor-widget-heading\" data-id=\"70d5eba\" data-element_type=\"widget\" data-widget_type=\"heading.default\">\n\t\t\t\t<div class=\"elementor-widget-container\">\n\t\t\t\t\t<h2 class=\"elementor-heading-title elementor-size-default\">K\u0159emenn\u00e1 destila\u010dn\u00ed ba\u0148ka - chemicky odoln\u00e9 laboratorn\u00ed sklo<\/h2>\t\t\t\t<\/div>\n\t\t\t\t<\/div>\n\t\t\t\t<div class=\"elementor-element elementor-element-ac956f7 elementor-widget elementor-widget-text-editor\" data-id=\"ac956f7\" data-element_type=\"widget\" data-widget_type=\"text-editor.default\">\n\t\t\t\t<div class=\"elementor-widget-container\">\n\t\t\t\t\t\t\t\t\t<ul><li>Na jedno pou\u017eit\u00ed: Ne<\/li><li>Jednor\u00e1zov\u00e1 kapacita: Customerization<\/li><li>Typ: Destila\u010dn\u00ed ba\u0148ka<\/li><li>Pevnost v ohybu: 67MPa<\/li><li>Pevnost v tahu: 48,3 MPa<\/li><li>Funkce: Odolnost v\u016f\u010di vysok\u00fdm teplot\u00e1m<\/li><\/ul>\t\t\t\t\t\t\t\t<\/div>\n\t\t\t\t<\/div>\n\t\t\t\t<div class=\"elementor-element elementor-element-63fcf50 elementor-align-left elementor-widget elementor-widget-button\" data-id=\"63fcf50\" data-element_type=\"widget\" data-widget_type=\"button.default\">\n\t\t\t\t<div class=\"elementor-widget-container\">\n\t\t\t\t\t\t\t\t\t<div class=\"elementor-button-wrapper\">\n\t\t\t\t\t<a class=\"elementor-button elementor-button-link elementor-size-sm\" href=\"#elementor-action%3Aaction%3Dpopup%3Aopen%26settings%3DeyJpZCI6IjEyNzUiLCJ0b2dnbGUiOmZhbHNlfQ%3D%3D\">\n\t\t\t\t\t\t<span class=\"elementor-button-content-wrapper\">\n\t\t\t\t\t\t\t\t\t<span class=\"elementor-button-text\">Rychl\u00e1 nab\u00eddka<\/span>\n\t\t\t\t\t<\/span>\n\t\t\t\t\t<\/a>\n\t\t\t\t<\/div>\n\t\t\t\t\t\t\t\t<\/div>\n\t\t\t\t<\/div>\n\t\t\t\t<\/div>\n\t\t\t\t\t<\/div>\n\t\t\t\t<\/div>\n\t\t<div class=\"elementor-element elementor-element-a2ed80c e-flex e-con-boxed e-con e-parent\" data-id=\"a2ed80c\" data-element_type=\"container\">\n\t\t\t\t\t<div class=\"e-con-inner\">\n\t\t\t\t<div class=\"elementor-element elementor-element-1055203 elementor-widget elementor-widget-heading\" data-id=\"1055203\" data-element_type=\"widget\" data-widget_type=\"heading.default\">\n\t\t\t\t<div class=\"elementor-widget-container\">\n\t\t\t\t\t<h3 class=\"elementor-heading-title elementor-size-default\">Podrobnosti:<\/h3>\t\t\t\t<\/div>\n\t\t\t\t<\/div>\n\t\t\t\t<div class=\"elementor-element elementor-element-ceddc61 elementor-widget elementor-widget-text-editor\" data-id=\"ceddc61\" data-element_type=\"widget\" data-widget_type=\"text-editor.default\">\n\t\t\t\t<div class=\"elementor-widget-container\">\n\t\t\t\t\t\t\t\t\t<p>Zak\u00e1zkov\u00e1 chemick\u00e1 ba\u0148ka z k\u0159emenn\u00e9ho skla je specializovan\u00e1 laboratorn\u00ed ba\u0148ka vyroben\u00e1 z vysoce kvalitn\u00edho k\u0159emenn\u00e9ho skla. K\u0159emenn\u00e9 sklo je vysoce odoln\u00e9 v\u016f\u010di chemick\u00fdm reakc\u00edm, tak\u017ee je ide\u00e1ln\u00ed pro pou\u017eit\u00ed v laborato\u0159\u00edch, kde se pracuje s n\u00e1ro\u010dn\u00fdmi chemik\u00e1liemi.<\/p><p>Zak\u00e1zkov\u00e1 ba\u0148ka je navr\u017eena tak, aby spl\u0148ovala specifick\u00e9 po\u017eadavky, a lze ji vyrobit v r\u016fzn\u00fdch tvarech a velikostech v z\u00e1vislosti na aplikaci. B\u011b\u017en\u011b se pou\u017e\u00edv\u00e1 p\u0159i chemick\u00e9 synt\u00e9ze, destilaci a dal\u0161\u00edch experimentech, kter\u00e9 zahrnuj\u00ed agresivn\u00ed chemick\u00e9 l\u00e1tky.<\/p><p>Mezi v\u00fdhody pou\u017eit\u00ed vlastn\u00ed ba\u0148ky z k\u0159emenn\u00e9ho skla na chemik\u00e1lie pat\u0159\u00ed:<\/p><p>1. Chemick\u00e1 odolnost: K\u0159emenn\u00e9 sklo je odoln\u00e9 v\u016f\u010di v\u011bt\u0161in\u011b kyselin, z\u00e1sad a organick\u00fdch rozpou\u0161t\u011bdel, tak\u017ee je vhodn\u00e9 pro pou\u017eit\u00ed se \u0161irokou \u0161k\u00e1lou chemik\u00e1li\u00ed.<\/p><p>2. Odolnost v\u016f\u010di vysok\u00fdm teplot\u00e1m: K\u0159emenn\u00e9 sklo odol\u00e1v\u00e1 vysok\u00fdm teplot\u00e1m, ani\u017e by prasklo nebo se roztavilo, co\u017e umo\u017e\u0148uje prov\u00e1d\u011bt experimenty vy\u017eaduj\u00edc\u00ed zah\u0159\u00edv\u00e1n\u00ed.<\/p><p>3. Transparentnost: K\u0159emenn\u00e9 sklo je pr\u016fhledn\u00e9, co\u017e umo\u017e\u0148uje snadn\u00e9 pozorov\u00e1n\u00ed reakce nebo procesu uvnit\u0159 ba\u0148ky.<\/p><p>4. N\u00edzk\u00e1 tepeln\u00e1 rozta\u017enost: K\u0159emenn\u00e9 sklo m\u00e1 n\u00edzk\u00fd koeficient tepeln\u00e9 rozta\u017enosti, co\u017e znamen\u00e1, \u017ee se p\u0159i zm\u011bn\u00e1ch teploty v\u00fdrazn\u011b neroztahuje ani nesmr\u0161\u0165uje. Tato vlastnost zaji\u0161\u0165uje stabilitu ba\u0148ky b\u011bhem cykl\u016f oh\u0159evu a chlazen\u00ed.<\/p><p>5. Snadno se \u010dist\u00ed: K\u0159emenn\u00e9 sklo je nepor\u00e9zn\u00ed a hladk\u00e9, tak\u017ee se mezi pokusy snadno \u010dist\u00ed a sterilizuje.<\/p><p>Chcete-li z\u00edskat ba\u0148ku z chemick\u00e9ho k\u0159emenn\u00e9ho skla na zak\u00e1zku, mus\u00edte se obvykle obr\u00e1tit na specializovan\u00e9ho v\u00fdrobce nebo dodavatele sklen\u011bn\u00e9ho n\u00e1dob\u00ed. Ti s v\u00e1mi mohou spolupracovat na pochopen\u00ed va\u0161ich specifick\u00fdch po\u017eadavk\u016f a vytvo\u0159it ba\u0148ku, kter\u00e1 bude spl\u0148ovat va\u0161e pot\u0159eby. V\u00fdrobn\u00ed proces zahrnuje tvarov\u00e1n\u00ed a taven\u00ed k\u0159emenn\u00e9ho skla pomoc\u00ed vysokoteplotn\u00edch technik, aby byla zaji\u0161t\u011bna celistvost a trvanlivost ba\u0148ky.<\/p><p>Je d\u016fle\u017eit\u00e9 si uv\u011bdomit, \u017ee ba\u0148ky z chemick\u00e9ho k\u0159emenn\u00e9ho skla na zak\u00e1zku mohou b\u00fdt dra\u017e\u0161\u00ed ne\u017e standardn\u00ed sklen\u011bn\u00e9 ba\u0148ky kv\u016fli specializovan\u00e9mu v\u00fdrobn\u00edmu procesu a pou\u017eit\u00e9mu vysoce kvalitn\u00edmu materi\u00e1lu. V\u00fdhody a trvanlivost k\u0159emenn\u00e9ho skla v\u0161ak z n\u011bj \u010din\u00ed v\u00fdhodnou investici pro laborato\u0159e pracuj\u00edc\u00ed s korozivn\u00edmi chemik\u00e1liemi.<\/p>\t\t\t\t\t\t\t\t<\/div>\n\t\t\t\t<\/div>\n\t\t\t\t\t<\/div>\n\t\t\t\t<\/div>\n\t\t\t\t<\/div>","protected":false},"excerpt":{"rendered":"<p>Quartz Distillation Flask \u2013 Chemical Resistant Lab Glass Disposable: Non- Disposable Capacity: Customerization Type: Distillation Flask Bending Strength: 67MPa Tensile [&hellip;]<\/p>","protected":false},"author":6,"featured_media":410,"parent":843,"menu_order":0,"comment_status":"closed","ping_status":"closed","template":"","meta":{"_seopress_robots_primary_cat":"","_seopress_titles_title":"Quartz Distillation Flask \u2013 Chemical Resistant Lab Glass","_seopress_titles_desc":"Custom quartz flask for chemical heating & distillation. Acid\/alkali resistant, 99.99% SiO\u2082, high strength, stable at 1200\u00b0C. Custom shapes available.","_seopress_robots_index":"","site-sidebar-layout":"no-sidebar","site-content-layout":"","ast-site-content-layout":"full-width-container","site-content-style":"default","site-sidebar-style":"default","ast-global-header-display":"","ast-banner-title-visibility":"","ast-main-header-display":"","ast-hfb-above-header-display":"","ast-hfb-below-header-display":"","ast-hfb-mobile-header-display":"","site-post-title":"disabled","ast-breadcrumbs-content":"","ast-featured-img":"disabled","footer-sml-layout":"","theme-transparent-header-meta":"","adv-header-id-meta":"","stick-header-meta":"","header-above-stick-meta":"","header-main-stick-meta":"","header-below-stick-meta":"","astra-migrate-meta-layouts":"default","ast-page-background-enabled":"default","ast-page-background-meta":{"desktop":{"background-color":"var(--ast-global-color-5)","background-image":"","background-repeat":"repeat","background-position":"center center","background-size":"auto","background-attachment":"scroll","background-type":"","background-media":"","overlay-type":"","overlay-color":"","overlay-opacity":"","overlay-gradient":""},"tablet":{"background-color":"","background-image":"","background-repeat":"repeat","background-position":"center center","background-size":"auto","background-attachment":"scroll","background-type":"","background-media":"","overlay-type":"","overlay-color":"","overlay-opacity":"","overlay-gradient":""},"mobile":{"background-color":"","background-image":"","background-repeat":"repeat","background-position":"center center","background-size":"auto","background-attachment":"scroll","background-type":"","background-media":"","overlay-type":"","overlay-color":"","overlay-opacity":"","overlay-gradient":""}},"ast-content-background-meta":{"desktop":{"background-color":"var(--ast-global-color-4)","background-image":"","background-repeat":"repeat","background-position":"center center","background-size":"auto","background-attachment":"scroll","background-type":"","background-media":"","overlay-type":"","overlay-color":"","overlay-opacity":"","overlay-gradient":""},"tablet":{"background-color":"var(--ast-global-color-4)","background-image":"","background-repeat":"repeat","background-position":"center center","background-size":"auto","background-attachment":"scroll","background-type":"","background-media":"","overlay-type":"","overlay-color":"","overlay-opacity":"","overlay-gradient":""},"mobile":{"background-color":"var(--ast-global-color-4)","background-image":"","background-repeat":"repeat","background-position":"center center","background-size":"auto","background-attachment":"scroll","background-type":"","background-media":"","overlay-type":"","overlay-color":"","overlay-opacity":"","overlay-gradient":""}},"footnotes":""},"class_list":["post-316","page","type-page","status-publish","has-post-thumbnail","hentry"],"_hostinger_reach_plugin_has_subscription_block":false,"_hostinger_reach_plugin_is_elementor":false,"_links":{"self":[{"href":"https:\/\/exactquartz.com\/cs\/wp-json\/wp\/v2\/pages\/316","targetHints":{"allow":["GET"]}}],"collection":[{"href":"https:\/\/exactquartz.com\/cs\/wp-json\/wp\/v2\/pages"}],"about":[{"href":"https:\/\/exactquartz.com\/cs\/wp-json\/wp\/v2\/types\/page"}],"author":[{"embeddable":true,"href":"https:\/\/exactquartz.com\/cs\/wp-json\/wp\/v2\/users\/6"}],"replies":[{"embeddable":true,"href":"https:\/\/exactquartz.com\/cs\/wp-json\/wp\/v2\/comments?post=316"}],"version-history":[{"count":14,"href":"https:\/\/exactquartz.com\/cs\/wp-json\/wp\/v2\/pages\/316\/revisions"}],"predecessor-version":[{"id":1452,"href":"https:\/\/exactquartz.com\/cs\/wp-json\/wp\/v2\/pages\/316\/revisions\/1452"}],"up":[{"embeddable":true,"href":"https:\/\/exactquartz.com\/cs\/wp-json\/wp\/v2\/pages\/843"}],"wp:featuredmedia":[{"embeddable":true,"href":"https:\/\/exactquartz.com\/cs\/wp-json\/wp\/v2\/media\/410"}],"wp:attachment":[{"href":"https:\/\/exactquartz.com\/cs\/wp-json\/wp\/v2\/media?parent=316"}],"curies":[{"name":"wp","href":"https:\/\/api.w.org\/{rel}","templated":true}]}}