{"id":434,"date":"2025-03-28T18:38:00","date_gmt":"2025-03-28T10:38:00","guid":{"rendered":"https:\/\/exactquartz.com\/?page_id=434"},"modified":"2025-04-16T18:41:34","modified_gmt":"2025-04-16T10:41:34","slug":"quartz-uv-lamp-cover","status":"publish","type":"page","link":"https:\/\/exactquartz.com\/cs\/quartz-lab-glassware-product\/quartz-uv-lamp-cover\/","title":{"rendered":"Kryt k\u0159emenn\u00e9 UV lampy - vysokoteplotn\u00ed LED polokulovit\u00e9 sklo"},"content":{"rendered":"<div data-elementor-type=\"wp-page\" data-elementor-id=\"434\" class=\"elementor elementor-434\" data-elementor-post-type=\"page\">\n\t\t\t\t<div class=\"elementor-element elementor-element-d2bc4f1 e-flex e-con-boxed e-con e-parent\" data-id=\"d2bc4f1\" data-element_type=\"container\">\n\t\t\t\t\t<div class=\"e-con-inner\">\n\t\t<div class=\"elementor-element elementor-element-6d0fc6f e-con-full e-flex e-con e-child\" data-id=\"6d0fc6f\" data-element_type=\"container\">\n\t\t\t\t<div class=\"elementor-element elementor-element-fb179f0 elementor-skin-slideshow elementor-arrows-yes elementor-widget elementor-widget-media-carousel\" data-id=\"fb179f0\" data-element_type=\"widget\" data-settings=\"{&quot;skin&quot;:&quot;slideshow&quot;,&quot;effect&quot;:&quot;fade&quot;,&quot;slideshow_slides_per_view&quot;:&quot;2&quot;,&quot;show_arrows&quot;:&quot;yes&quot;,&quot;speed&quot;:500,&quot;autoplay&quot;:&quot;yes&quot;,&quot;autoplay_speed&quot;:5000,&quot;loop&quot;:&quot;yes&quot;,&quot;pause_on_hover&quot;:&quot;yes&quot;,&quot;pause_on_interaction&quot;:&quot;yes&quot;,&quot;space_between&quot;:{&quot;unit&quot;:&quot;px&quot;,&quot;size&quot;:10,&quot;sizes&quot;:[]},&quot;space_between_tablet&quot;:{&quot;unit&quot;:&quot;px&quot;,&quot;size&quot;:10,&quot;sizes&quot;:[]},&quot;space_between_mobile&quot;:{&quot;unit&quot;:&quot;px&quot;,&quot;size&quot;:10,&quot;sizes&quot;:[]}}\" data-widget_type=\"media-carousel.default\">\n\t\t\t\t<div class=\"elementor-widget-container\">\n\t\t\t\t\t\t\t\t\t<div class=\"elementor-swiper\">\n\t\t\t\t\t<div class=\"elementor-main-swiper swiper\" role=\"region\" aria-roledescription=\"carousel\" aria-label=\"Slides\">\n\t\t\t\t<div class=\"swiper-wrapper\">\n\t\t\t\t\t\t\t\t\t\t\t<div class=\"swiper-slide\" role=\"group\" aria-roledescription=\"slide\">\n\t\t\t\t\t\t\t\t\t<div class=\"elementor-carousel-image\" role=\"img\" aria-label=\"Vysoce teplotn\u011b odoln\u00fd a vysoce pr\u016fhledn\u00fd kryt UV lampy z k\u0159emenn\u00e9ho skla pro sklen\u011bn\u00fd polokoule UV LED\" style=\"background-image: url(&#039;https:\/\/exactquartz.com\/wp-content\/uploads\/2025\/03\/High-temperature-resistant-and-highly-transparent-quartz-glass-UV-lamp-cover-for-UV-LED-glass-hemisp.webp&#039;)\">\n\n\t\t\t\n\t\t\t\t\t<\/div>\n\t\t\t\t\t\t\t\t<\/div>\n\t\t\t\t\t\t\t\t\t\t\t<div class=\"swiper-slide\" role=\"group\" aria-roledescription=\"slide\">\n\t\t\t\t\t\t\t\t\t<div class=\"elementor-carousel-image\" role=\"img\" aria-label=\"Vysoce teplotn\u011b odoln\u00fd a vysoce pr\u016fhledn\u00fd kryt UV lampy z k\u0159emenn\u00e9ho skla pro sklen\u011bn\u00fd polokoule UV LED 2\" style=\"background-image: url(&#039;https:\/\/exactquartz.com\/wp-content\/uploads\/2025\/03\/High-temperature-resistant-and-highly-transparent-quartz-glass-UV-lamp-cover-for-UV-LED-glass-hemisp-2.webp&#039;)\">\n\n\t\t\t\n\t\t\t\t\t<\/div>\n\t\t\t\t\t\t\t\t<\/div>\n\t\t\t\t\t\t\t\t\t<\/div>\n\t\t\t\t\t\t\t\t\t\t\t\t\t\t\t<div class=\"elementor-swiper-button elementor-swiper-button-prev\" role=\"button\" tabindex=\"0\" aria-label=\"Eelmine\" data-no-translation-aria-label=\"\">\n\t\t\t\t\t\t\t<svg aria-hidden=\"true\" class=\"e-font-icon-svg e-eicon-chevron-left\" viewbox=\"0 0 1000 1000\" xmlns=\"http:\/\/www.w3.org\/2000\/svg\"><path d=\"M646 125C629 125 613 133 604 142L308 442C296 454 292 471 292 487 292 504 296 521 308 533L604 854C617 867 629 875 646 875 663 875 679 871 692 858 704 846 713 829 713 812 713 796 708 779 692 767L438 487 692 225C700 217 708 204 708 187 708 171 704 154 692 142 675 129 663 125 646 125Z\"><\/path><\/svg>\t\t\t\t\t\t<\/div>\n\t\t\t\t\t\t<div class=\"elementor-swiper-button elementor-swiper-button-next\" role=\"button\" tabindex=\"0\" aria-label=\"J\u00e4rgmine\" data-no-translation-aria-label=\"\">\n\t\t\t\t\t\t\t<svg aria-hidden=\"true\" class=\"e-font-icon-svg e-eicon-chevron-right\" viewbox=\"0 0 1000 1000\" xmlns=\"http:\/\/www.w3.org\/2000\/svg\"><path d=\"M696 533C708 521 713 504 713 487 713 471 708 454 696 446L400 146C388 133 375 125 354 125 338 125 325 129 313 142 300 154 292 171 292 187 292 204 296 221 308 233L563 492 304 771C292 783 288 800 288 817 288 833 296 850 308 863 321 871 338 875 354 875 371 875 388 867 400 854L696 533Z\"><\/path><\/svg>\t\t\t\t\t\t<\/div>\n\t\t\t\t\t\t\t\t\t\t\t\t\t\t\t\t\t<\/div>\n\t\t\t\t<\/div>\n\t\t\t\t\t\t\t\t<div class=\"elementor-swiper\">\n\t\t\t\t\t<div class=\"elementor-main-swiper swiper elementor-thumbnails-swiper swiper\" role=\"region region\" aria-roledescription=\"carousel carousel\" aria-label=\"Slides Slides\">\n\t\t\t\t<div class=\"swiper-wrapper\">\n\t\t\t\t\t\t\t\t\t\t\t<div class=\"swiper-slide\" role=\"group\" aria-roledescription=\"slide\">\n\t\t\t\t\t\t\t\t\t<div class=\"elementor-carousel-image\" role=\"img\" aria-label=\"Vysoce teplotn\u011b odoln\u00fd a vysoce pr\u016fhledn\u00fd kryt UV lampy z k\u0159emenn\u00e9ho skla pro sklen\u011bn\u00fd polokoule UV LED\" style=\"background-image: url(&#039;https:\/\/exactquartz.com\/wp-content\/uploads\/2025\/03\/High-temperature-resistant-and-highly-transparent-quartz-glass-UV-lamp-cover-for-UV-LED-glass-hemisp.webp&#039;)\">\n\n\t\t\t\n\t\t\t\t\t<\/div>\n\t\t\t\t\t\t\t\t<\/div>\n\t\t\t\t\t\t\t\t\t\t\t<div class=\"swiper-slide\" role=\"group\" aria-roledescription=\"slide\">\n\t\t\t\t\t\t\t\t\t<div class=\"elementor-carousel-image\" role=\"img\" aria-label=\"Vysoce teplotn\u011b odoln\u00fd a vysoce pr\u016fhledn\u00fd kryt UV lampy z k\u0159emenn\u00e9ho skla pro sklen\u011bn\u00fd polokoule UV LED 2\" style=\"background-image: url(&#039;https:\/\/exactquartz.com\/wp-content\/uploads\/2025\/03\/High-temperature-resistant-and-highly-transparent-quartz-glass-UV-lamp-cover-for-UV-LED-glass-hemisp-2.webp&#039;)\">\n\n\t\t\t\n\t\t\t\t\t<\/div>\n\t\t\t\t\t\t\t\t<\/div>\n\t\t\t\t\t\t\t\t\t<\/div>\n\t\t\t\t\t\t\t\t\t\t\t\t\t\t\t\t\t\t\t\t\t<\/div>\n\t\t\t\t<\/div>\n\t\t\t\t\t\t\t\t<\/div>\n\t\t\t\t<\/div>\n\t\t\t\t<\/div>\n\t\t<div class=\"elementor-element elementor-element-2a56432 e-con-full e-flex e-con e-child\" data-id=\"2a56432\" data-element_type=\"container\">\n\t\t\t\t<div class=\"elementor-element elementor-element-70d5eba elementor-widget elementor-widget-heading\" data-id=\"70d5eba\" data-element_type=\"widget\" data-widget_type=\"heading.default\">\n\t\t\t\t<div class=\"elementor-widget-container\">\n\t\t\t\t\t<h2 class=\"elementor-heading-title elementor-size-default\">Kryt k\u0159emenn\u00e9 UV lampy - vysokoteplotn\u00ed LED polokulovit\u00e9 sklo<\/h2>\t\t\t\t<\/div>\n\t\t\t\t<\/div>\n\t\t\t\t<div class=\"elementor-element elementor-element-ac956f7 elementor-widget elementor-widget-text-editor\" data-id=\"ac956f7\" data-element_type=\"widget\" data-widget_type=\"text-editor.default\">\n\t\t\t\t<div class=\"elementor-widget-container\">\n\t\t\t\t\t\t\t\t\t<p>Vysoce teplotn\u011b odoln\u00fd a vysoce pr\u016fhledn\u00fd kryt UV lampy z k\u0159emenn\u00e9ho skla pro sklen\u011bn\u00fd kryt polokoule UV LED<\/p>\t\t\t\t\t\t\t\t<\/div>\n\t\t\t\t<\/div>\n\t\t\t\t<div class=\"elementor-element elementor-element-069b4e4 elementor-align-left elementor-widget elementor-widget-button\" data-id=\"069b4e4\" data-element_type=\"widget\" data-widget_type=\"button.default\">\n\t\t\t\t<div class=\"elementor-widget-container\">\n\t\t\t\t\t\t\t\t\t<div class=\"elementor-button-wrapper\">\n\t\t\t\t\t<a class=\"elementor-button elementor-button-link elementor-size-sm\" href=\"#elementor-action%3Aaction%3Dpopup%3Aopen%26settings%3DeyJpZCI6IjEyNzUiLCJ0b2dnbGUiOmZhbHNlfQ%3D%3D\">\n\t\t\t\t\t\t<span class=\"elementor-button-content-wrapper\">\n\t\t\t\t\t\t\t\t\t<span class=\"elementor-button-text\">Rychl\u00e1 nab\u00eddka<\/span>\n\t\t\t\t\t<\/span>\n\t\t\t\t\t<\/a>\n\t\t\t\t<\/div>\n\t\t\t\t\t\t\t\t<\/div>\n\t\t\t\t<\/div>\n\t\t\t\t<\/div>\n\t\t\t\t\t<\/div>\n\t\t\t\t<\/div>\n\t\t<div class=\"elementor-element elementor-element-a2ed80c e-flex e-con-boxed e-con e-parent\" data-id=\"a2ed80c\" data-element_type=\"container\">\n\t\t\t\t\t<div class=\"e-con-inner\">\n\t\t\t\t<div class=\"elementor-element elementor-element-fb87e4f elementor-widget elementor-widget-heading\" data-id=\"fb87e4f\" data-element_type=\"widget\" data-widget_type=\"heading.default\">\n\t\t\t\t<div class=\"elementor-widget-container\">\n\t\t\t\t\t<h3 class=\"elementor-heading-title elementor-size-default\">Podrobnosti:<\/h3>\t\t\t\t<\/div>\n\t\t\t\t<\/div>\n\t\t\t\t<div class=\"elementor-element elementor-element-281af31 elementor-widget elementor-widget-text-editor\" data-id=\"281af31\" data-element_type=\"widget\" data-widget_type=\"text-editor.default\">\n\t\t\t\t<div class=\"elementor-widget-container\">\n\t\t\t\t\t\t\t\t\t<p>Vysoce teplotn\u011b odoln\u00fd a vysoce pr\u016fhledn\u00fd kryt UV lampy z k\u0159emenn\u00e9ho skla, navr\u017een\u00fd speci\u00e1ln\u011b pro sklen\u011bn\u00e9 polokryty UV LED. Tento trvanliv\u00fd a tepeln\u011b odoln\u00fd sklen\u011bn\u00fd materi\u00e1l je ide\u00e1ln\u00ed pro ochranu UV LED sv\u011btel a z\u00e1rove\u0148 umo\u017e\u0148uje maxim\u00e1ln\u00ed p\u0159enos ultrafialov\u00e9ho sv\u011btla. D\u00edky sv\u00fdm vynikaj\u00edc\u00edm optick\u00fdm vlastnostem zaji\u0161\u0165uje tento kryt z k\u0159emenn\u00e9ho skla \u00fa\u010dinn\u00e9 a efektivn\u00ed UV z\u00e1\u0159en\u00ed pro r\u016fzn\u00e9 aplikace.<\/p>\t\t\t\t\t\t\t\t<\/div>\n\t\t\t\t<\/div>\n\t\t\t\t<div class=\"elementor-element elementor-element-47a4620 elementor-widget elementor-widget-heading\" data-id=\"47a4620\" data-element_type=\"widget\" data-widget_type=\"heading.default\">\n\t\t\t\t<div class=\"elementor-widget-container\">\n\t\t\t\t\t<h3 class=\"elementor-heading-title elementor-size-default\">Slu\u017eba OEM a ODM:<\/h3>\t\t\t\t<\/div>\n\t\t\t\t<\/div>\n\t\t\t\t<div class=\"elementor-element elementor-element-2536cb8 elementor-widget elementor-widget-text-editor\" data-id=\"2536cb8\" data-element_type=\"widget\" data-widget_type=\"text-editor.default\">\n\t\t\t\t<div class=\"elementor-widget-container\">\n\t\t\t\t\t\t\t\t\t<p>Jako profesion\u00e1ln\u00ed v\u00fdrobce v\u00fdrobk\u016f z k\u0159emenn\u00e9ho skla v \u010c\u00edn\u011b v\u00edt\u00e1me objedn\u00e1vky OEM a zak\u00e1zkov\u00e9 objedn\u00e1vky.<br \/>Pokud m\u00e1te n\u011bjak\u00fd n\u00e1vrh kov\u00e1n\u00ed QUARTZ, nev\u00e1hejte se na n\u00e1s obr\u00e1tit. Brzy pro v\u00e1s vyrob\u00edme nov\u00e9 vzorky.<\/p><p>U ru\u010dn\u011b vyr\u00e1b\u011bn\u00fdch v\u00fdrobk\u016f n\u00e1m pros\u00edm sd\u011blte sv\u016fj po\u017eadavek nebo n\u00e1m za\u0161lete fotografie. Pak pro v\u00e1s vyrob\u00edme zku\u0161ebn\u00ed vzorky.<br \/>A dokud nebudete spokojeni se vzorky, nebudeme vyr\u00e1b\u011bt s\u00e9riov\u011b.<\/p>\t\t\t\t\t\t\t\t<\/div>\n\t\t\t\t<\/div>\n\t\t\t\t\t<\/div>\n\t\t\t\t<\/div>\n\t\t\t\t<\/div>","protected":false},"excerpt":{"rendered":"<p>Quartz UV Lamp Cover \u2013 High Temp LED Hemisphere Glass High temperature resistant and highly transparent quartz glass UV lamp [&hellip;]<\/p>","protected":false},"author":6,"featured_media":436,"parent":843,"menu_order":0,"comment_status":"closed","ping_status":"closed","template":"","meta":{"_seopress_robots_primary_cat":"","_seopress_titles_title":"Quartz UV Lamp Cover \u2013 High Temp LED Hemisphere Glass","_seopress_titles_desc":"High-transparency quartz cover for UV LEDs. Hemispherical shape, 99.99% SiO\u2082, 1200\u00b0C resistant, max UV transmission. OEM quartz dome manufacturing.","_seopress_robots_index":"","site-sidebar-layout":"no-sidebar","site-content-layout":"","ast-site-content-layout":"full-width-container","site-content-style":"default","site-sidebar-style":"default","ast-global-header-display":"","ast-banner-title-visibility":"","ast-main-header-display":"","ast-hfb-above-header-display":"","ast-hfb-below-header-display":"","ast-hfb-mobile-header-display":"","site-post-title":"disabled","ast-breadcrumbs-content":"","ast-featured-img":"disabled","footer-sml-layout":"","theme-transparent-header-meta":"","adv-header-id-meta":"","stick-header-meta":"","header-above-stick-meta":"","header-main-stick-meta":"","header-below-stick-meta":"","astra-migrate-meta-layouts":"default","ast-page-background-enabled":"default","ast-page-background-meta":{"desktop":{"background-color":"var(--ast-global-color-5)","background-image":"","background-repeat":"repeat","background-position":"center center","background-size":"auto","background-attachment":"scroll","background-type":"","background-media":"","overlay-type":"","overlay-color":"","overlay-opacity":"","overlay-gradient":""},"tablet":{"background-color":"","background-image":"","background-repeat":"repeat","background-position":"center center","background-size":"auto","background-attachment":"scroll","background-type":"","background-media":"","overlay-type":"","overlay-color":"","overlay-opacity":"","overlay-gradient":""},"mobile":{"background-color":"","background-image":"","background-repeat":"repeat","background-position":"center center","background-size":"auto","background-attachment":"scroll","background-type":"","background-media":"","overlay-type":"","overlay-color":"","overlay-opacity":"","overlay-gradient":""}},"ast-content-background-meta":{"desktop":{"background-color":"var(--ast-global-color-4)","background-image":"","background-repeat":"repeat","background-position":"center center","background-size":"auto","background-attachment":"scroll","background-type":"","background-media":"","overlay-type":"","overlay-color":"","overlay-opacity":"","overlay-gradient":""},"tablet":{"background-color":"var(--ast-global-color-4)","background-image":"","background-repeat":"repeat","background-position":"center center","background-size":"auto","background-attachment":"scroll","background-type":"","background-media":"","overlay-type":"","overlay-color":"","overlay-opacity":"","overlay-gradient":""},"mobile":{"background-color":"var(--ast-global-color-4)","background-image":"","background-repeat":"repeat","background-position":"center center","background-size":"auto","background-attachment":"scroll","background-type":"","background-media":"","overlay-type":"","overlay-color":"","overlay-opacity":"","overlay-gradient":""}},"footnotes":""},"class_list":["post-434","page","type-page","status-publish","has-post-thumbnail","hentry"],"_hostinger_reach_plugin_has_subscription_block":false,"_hostinger_reach_plugin_is_elementor":false,"_links":{"self":[{"href":"https:\/\/exactquartz.com\/cs\/wp-json\/wp\/v2\/pages\/434","targetHints":{"allow":["GET"]}}],"collection":[{"href":"https:\/\/exactquartz.com\/cs\/wp-json\/wp\/v2\/pages"}],"about":[{"href":"https:\/\/exactquartz.com\/cs\/wp-json\/wp\/v2\/types\/page"}],"author":[{"embeddable":true,"href":"https:\/\/exactquartz.com\/cs\/wp-json\/wp\/v2\/users\/6"}],"replies":[{"embeddable":true,"href":"https:\/\/exactquartz.com\/cs\/wp-json\/wp\/v2\/comments?post=434"}],"version-history":[{"count":14,"href":"https:\/\/exactquartz.com\/cs\/wp-json\/wp\/v2\/pages\/434\/revisions"}],"predecessor-version":[{"id":1524,"href":"https:\/\/exactquartz.com\/cs\/wp-json\/wp\/v2\/pages\/434\/revisions\/1524"}],"up":[{"embeddable":true,"href":"https:\/\/exactquartz.com\/cs\/wp-json\/wp\/v2\/pages\/843"}],"wp:featuredmedia":[{"embeddable":true,"href":"https:\/\/exactquartz.com\/cs\/wp-json\/wp\/v2\/media\/436"}],"wp:attachment":[{"href":"https:\/\/exactquartz.com\/cs\/wp-json\/wp\/v2\/media?parent=434"}],"curies":[{"name":"wp","href":"https:\/\/api.w.org\/{rel}","templated":true}]}}