{"id":499,"date":"2025-03-29T12:11:03","date_gmt":"2025-03-29T04:11:03","guid":{"rendered":"https:\/\/exactquartz.com\/?page_id=499"},"modified":"2025-04-16T18:19:44","modified_gmt":"2025-04-16T10:19:44","slug":"large-caliber-quartz-tubes","status":"publish","type":"page","link":"https:\/\/exactquartz.com\/cs\/high-temp-quartz-solutions\/large-caliber-quartz-tubes\/","title":{"rendered":"K\u0159emenn\u00e9 trubice velk\u00e9ho kalibru pro polovodi\u010de a chemick\u00e9 pou\u017eit\u00ed"},"content":{"rendered":"<div data-elementor-type=\"wp-page\" data-elementor-id=\"499\" class=\"elementor elementor-499\" data-elementor-post-type=\"page\">\n\t\t\t\t<div class=\"elementor-element elementor-element-d2bc4f1 e-flex e-con-boxed e-con e-parent\" data-id=\"d2bc4f1\" data-element_type=\"container\">\n\t\t\t\t\t<div class=\"e-con-inner\">\n\t\t<div class=\"elementor-element elementor-element-6d0fc6f e-con-full e-flex e-con e-child\" data-id=\"6d0fc6f\" data-element_type=\"container\">\n\t\t\t\t<div class=\"elementor-element elementor-element-51d5345 elementor-widget elementor-widget-image\" data-id=\"51d5345\" data-element_type=\"widget\" data-widget_type=\"image.default\">\n\t\t\t\t<div class=\"elementor-widget-container\">\n\t\t\t\t\t\t\t\t\t\t\t\t\t\t\t<img fetchpriority=\"high\" decoding=\"async\" width=\"500\" height=\"438\" src=\"https:\/\/exactquartz.com\/wp-content\/uploads\/2025\/03\/Large-caliber-quartz-tube.webp\" class=\"attachment-large size-large wp-image-500\" alt=\"K\u0159emenn\u00e1 trubice velk\u00e9ho kalibru\" srcset=\"https:\/\/exactquartz.com\/wp-content\/uploads\/2025\/03\/Large-caliber-quartz-tube.webp 500w, https:\/\/exactquartz.com\/wp-content\/uploads\/2025\/03\/Large-caliber-quartz-tube-300x263.webp 300w\" sizes=\"(max-width: 500px) 100vw, 500px\" \/>\t\t\t\t\t\t\t\t\t\t\t\t\t\t\t<\/div>\n\t\t\t\t<\/div>\n\t\t\t\t<\/div>\n\t\t<div class=\"elementor-element elementor-element-2a56432 e-con-full e-flex e-con e-child\" data-id=\"2a56432\" data-element_type=\"container\">\n\t\t\t\t<div class=\"elementor-element elementor-element-70d5eba elementor-widget elementor-widget-heading\" data-id=\"70d5eba\" data-element_type=\"widget\" data-widget_type=\"heading.default\">\n\t\t\t\t<div class=\"elementor-widget-container\">\n\t\t\t\t\t<h2 class=\"elementor-heading-title elementor-size-default\">K\u0159emenn\u00e9 trubice velk\u00e9ho kalibru pro polovodi\u010de a chemick\u00e9 pou\u017eit\u00ed<\/h2>\t\t\t\t<\/div>\n\t\t\t\t<\/div>\n\t\t\t\t<div class=\"elementor-element elementor-element-ac956f7 elementor-widget elementor-widget-text-editor\" data-id=\"ac956f7\" data-element_type=\"widget\" data-widget_type=\"text-editor.default\">\n\t\t\t\t<div class=\"elementor-widget-container\">\n\t\t\t\t\t\t\t\t\t<p>K\u0159emenn\u00e1 trubice velk\u00e9ho kalibru je trubice vyroben\u00e1 z vysoce kvalitn\u00edho k\u0159emenn\u00e9ho krystalu o \u0161irok\u00e9m pr\u016fm\u011bru. Pou\u017e\u00edv\u00e1 se v r\u016fzn\u00fdch pr\u016fmyslov\u00fdch odv\u011btv\u00edch a aplikac\u00edch, jako je v\u00fdroba polovodi\u010d\u016f, osv\u011btlen\u00ed a chemick\u00e9 zpracov\u00e1n\u00ed. K\u0159emenn\u00e9 trubice maj\u00ed vysokou tepelnou stabilitu, chemickou odolnost a vynikaj\u00edc\u00ed optick\u00e9 vlastnosti, tak\u017ee jsou ide\u00e1ln\u00ed pro pou\u017eit\u00ed v n\u00e1ro\u010dn\u00fdch podm\u00ednk\u00e1ch. Lze je p\u0159izp\u016fsobit tak, aby spl\u0148ovaly specifick\u00e9 po\u017eadavky na velikost a tlou\u0161\u0165ku. Celkov\u011b jsou k\u0159emenn\u00e9 trubice velk\u00e9ho kalibru z\u00e1kladn\u00edmi sou\u010d\u00e1stmi pro dosa\u017een\u00ed vysoce kvalitn\u00edch v\u00fdsledk\u016f v r\u016fzn\u00fdch pr\u016fmyslov\u00fdch procesech.<\/p>\t\t\t\t\t\t\t\t<\/div>\n\t\t\t\t<\/div>\n\t\t\t\t<div class=\"elementor-element elementor-element-3e7e61c elementor-align-left elementor-widget elementor-widget-button\" data-id=\"3e7e61c\" data-element_type=\"widget\" data-widget_type=\"button.default\">\n\t\t\t\t<div class=\"elementor-widget-container\">\n\t\t\t\t\t\t\t\t\t<div class=\"elementor-button-wrapper\">\n\t\t\t\t\t<a class=\"elementor-button elementor-button-link elementor-size-sm\" href=\"#elementor-action%3Aaction%3Dpopup%3Aopen%26settings%3DeyJpZCI6IjEyNzUiLCJ0b2dnbGUiOmZhbHNlfQ%3D%3D\">\n\t\t\t\t\t\t<span class=\"elementor-button-content-wrapper\">\n\t\t\t\t\t\t\t\t\t<span class=\"elementor-button-text\">Rychl\u00e1 nab\u00eddka<\/span>\n\t\t\t\t\t<\/span>\n\t\t\t\t\t<\/a>\n\t\t\t\t<\/div>\n\t\t\t\t\t\t\t\t<\/div>\n\t\t\t\t<\/div>\n\t\t\t\t<\/div>\n\t\t\t\t\t<\/div>\n\t\t\t\t<\/div>\n\t\t<div class=\"elementor-element elementor-element-a2ed80c e-flex e-con-boxed e-con e-parent\" data-id=\"a2ed80c\" data-element_type=\"container\">\n\t\t\t\t\t<div class=\"e-con-inner\">\n\t\t\t\t<div class=\"elementor-element elementor-element-03e2c25 elementor-widget elementor-widget-heading\" data-id=\"03e2c25\" data-element_type=\"widget\" data-widget_type=\"heading.default\">\n\t\t\t\t<div class=\"elementor-widget-container\">\n\t\t\t\t\t<h3 class=\"elementor-heading-title elementor-size-default\">Taven\u00e9 k\u0159emenn\u00e9 trubice \/ k\u0159em\u00edkov\u00e9 trubice:<\/h3>\t\t\t\t<\/div>\n\t\t\t\t<\/div>\n\t\t\t\t<div class=\"elementor-element elementor-element-281af31 elementor-widget elementor-widget-text-editor\" data-id=\"281af31\" data-element_type=\"widget\" data-widget_type=\"text-editor.default\">\n\t\t\t\t<div class=\"elementor-widget-container\">\n\t\t\t\t\t\t\t\t\t<p>K\u0159emenn\u00e1 trubice je typ trubice vyroben\u00e9 z vysoce kvalitn\u00edho k\u0159emenn\u00e9ho krystalu, kter\u00fd m\u00e1 \u0161irok\u00fd pr\u016fm\u011br. K\u0159emenn\u00e9 trubice se \u0161iroce pou\u017e\u00edvaj\u00ed v r\u016fzn\u00fdch pr\u016fmyslov\u00fdch odv\u011btv\u00edch a aplikac\u00edch, jako je v\u00fdroba polovodi\u010d\u016f, osv\u011btlen\u00ed a chemick\u00e9 zpracov\u00e1n\u00ed.<\/p><p>V\u00fdjime\u010dn\u00e1 tepeln\u00e1 stabilita a chemick\u00e1 odolnost k\u0159emenn\u00fdch trubic je p\u0159edur\u010duje k pou\u017eit\u00ed v n\u00e1ro\u010dn\u00fdch podm\u00ednk\u00e1ch. Odol\u00e1vaj\u00ed vysok\u00fdm teplot\u00e1m a v\u011bt\u0161in\u011b chemik\u00e1li\u00ed, kyselin a louh\u016f, co\u017e zaji\u0161\u0165uje jejich trvanlivost a dlouhou \u017eivotnost. K\u0159emenn\u00e9 trubice maj\u00ed tak\u00e9 vynikaj\u00edc\u00ed optick\u00e9 vlastnosti, v\u010detn\u011b vysok\u00e9 pr\u016fhlednosti a n\u00edzk\u00e9 absorpce, co\u017e je \u010din\u00ed u\u017eite\u010dn\u00fdmi v aplikac\u00edch, kter\u00e9 vy\u017eaduj\u00ed optickou p\u0159esnost.<\/p><p>K\u0159emenn\u00e9 trubice velk\u00e9ho kalibru se b\u011b\u017en\u011b pou\u017e\u00edvaj\u00ed p\u0159i v\u00fdrob\u011b polovodi\u010d\u016f jako sou\u010d\u00e1st za\u0159\u00edzen\u00ed na v\u00fdrobu mikro\u010dip\u016f. Pou\u017e\u00edvaj\u00ed se tak\u00e9 v osv\u011btlovac\u00edm pr\u016fmyslu pro vysoce intenzivn\u00ed v\u00fdbojky, kde zaji\u0161\u0165uj\u00ed vysokou \u00farove\u0148 jasu a \u00fa\u010dinnosti. V chemick\u00e9m pr\u016fmyslu se k\u0159emenn\u00e9 trubice pou\u017e\u00edvaj\u00ed v reaktorech a komor\u00e1ch, kde odol\u00e1vaj\u00ed n\u00e1ro\u010dn\u00fdm chemik\u00e1li\u00edm a vysok\u00fdm teplot\u00e1m.<\/p><p>K\u0159emenn\u00e9 trubice lze p\u0159izp\u016fsobit tak, aby spl\u0148ovaly specifick\u00e9 po\u017eadavky na velikost a tlou\u0161\u0165ku, co\u017e je \u010din\u00ed univerz\u00e1ln\u00edmi a p\u0159izp\u016fsobiteln\u00fdmi pro r\u016fzn\u00e9 aplikace. Lze je vyr\u00e1b\u011bt r\u016fzn\u00fdmi technikami, v\u010detn\u011b vytla\u010dov\u00e1n\u00ed, taven\u00ed a chemick\u00e9ho napa\u0159ov\u00e1n\u00ed.<\/p><p>K\u0159emenn\u00e9 trubice velk\u00e9ho kalibru jsou d\u00edky sv\u00e9 v\u00fdjime\u010dn\u00e9 tepeln\u00e9 stabilit\u011b, chemick\u00e9 odolnosti a optick\u00fdm vlastnostem z\u00e1kladn\u00edmi sou\u010d\u00e1stmi v r\u016fzn\u00fdch pr\u016fmyslov\u00fdch odv\u011btv\u00edch a aplikac\u00edch. Nab\u00edzej\u00ed vysokou \u00farove\u0148 odolnosti a \u017eivotnosti, tak\u017ee jsou ide\u00e1ln\u00ed pro pou\u017eit\u00ed v n\u00e1ro\u010dn\u00fdch podm\u00ednk\u00e1ch.<\/p>\t\t\t\t\t\t\t\t<\/div>\n\t\t\t\t<\/div>\n\t\t\t\t\t<\/div>\n\t\t\t\t<\/div>\n\t\t\t\t<\/div>","protected":false},"excerpt":{"rendered":"<p>Large-Caliber Quartz Tubes for Semiconductor &amp; Chemical Use A large-caliber quartz tube is a tube made from high-quality quartz crystal [&hellip;]<\/p>","protected":false},"author":9,"featured_media":500,"parent":839,"menu_order":0,"comment_status":"closed","ping_status":"closed","template":"","meta":{"_seopress_robots_primary_cat":"","_seopress_titles_title":"Large-Caliber Quartz Tubes for Semiconductor & Chemical Use","_seopress_titles_desc":"Wide-diameter quartz tubes with high thermal stability, chemical resistance & optical clarity. Ideal for semiconductors, lighting & reactors. Custom sizes.","_seopress_robots_index":"","site-sidebar-layout":"no-sidebar","site-content-layout":"","ast-site-content-layout":"full-width-container","site-content-style":"default","site-sidebar-style":"default","ast-global-header-display":"","ast-banner-title-visibility":"","ast-main-header-display":"","ast-hfb-above-header-display":"","ast-hfb-below-header-display":"","ast-hfb-mobile-header-display":"","site-post-title":"disabled","ast-breadcrumbs-content":"","ast-featured-img":"disabled","footer-sml-layout":"","theme-transparent-header-meta":"","adv-header-id-meta":"","stick-header-meta":"","header-above-stick-meta":"","header-main-stick-meta":"","header-below-stick-meta":"","astra-migrate-meta-layouts":"default","ast-page-background-enabled":"default","ast-page-background-meta":{"desktop":{"background-color":"var(--ast-global-color-5)","background-image":"","background-repeat":"repeat","background-position":"center center","background-size":"auto","background-attachment":"scroll","background-type":"","background-media":"","overlay-type":"","overlay-color":"","overlay-opacity":"","overlay-gradient":""},"tablet":{"background-color":"","background-image":"","background-repeat":"repeat","background-position":"center center","background-size":"auto","background-attachment":"scroll","background-type":"","background-media":"","overlay-type":"","overlay-color":"","overlay-opacity":"","overlay-gradient":""},"mobile":{"background-color":"","background-image":"","background-repeat":"repeat","background-position":"center center","background-size":"auto","background-attachment":"scroll","background-type":"","background-media":"","overlay-type":"","overlay-color":"","overlay-opacity":"","overlay-gradient":""}},"ast-content-background-meta":{"desktop":{"background-color":"var(--ast-global-color-4)","background-image":"","background-repeat":"repeat","background-position":"center center","background-size":"auto","background-attachment":"scroll","background-type":"","background-media":"","overlay-type":"","overlay-color":"","overlay-opacity":"","overlay-gradient":""},"tablet":{"background-color":"var(--ast-global-color-4)","background-image":"","background-repeat":"repeat","background-position":"center center","background-size":"auto","background-attachment":"scroll","background-type":"","background-media":"","overlay-type":"","overlay-color":"","overlay-opacity":"","overlay-gradient":""},"mobile":{"background-color":"var(--ast-global-color-4)","background-image":"","background-repeat":"repeat","background-position":"center center","background-size":"auto","background-attachment":"scroll","background-type":"","background-media":"","overlay-type":"","overlay-color":"","overlay-opacity":"","overlay-gradient":""}},"footnotes":""},"class_list":["post-499","page","type-page","status-publish","has-post-thumbnail","hentry"],"_hostinger_reach_plugin_has_subscription_block":false,"_hostinger_reach_plugin_is_elementor":false,"_links":{"self":[{"href":"https:\/\/exactquartz.com\/cs\/wp-json\/wp\/v2\/pages\/499","targetHints":{"allow":["GET"]}}],"collection":[{"href":"https:\/\/exactquartz.com\/cs\/wp-json\/wp\/v2\/pages"}],"about":[{"href":"https:\/\/exactquartz.com\/cs\/wp-json\/wp\/v2\/types\/page"}],"author":[{"embeddable":true,"href":"https:\/\/exactquartz.com\/cs\/wp-json\/wp\/v2\/users\/9"}],"replies":[{"embeddable":true,"href":"https:\/\/exactquartz.com\/cs\/wp-json\/wp\/v2\/comments?post=499"}],"version-history":[{"count":14,"href":"https:\/\/exactquartz.com\/cs\/wp-json\/wp\/v2\/pages\/499\/revisions"}],"predecessor-version":[{"id":1353,"href":"https:\/\/exactquartz.com\/cs\/wp-json\/wp\/v2\/pages\/499\/revisions\/1353"}],"up":[{"embeddable":true,"href":"https:\/\/exactquartz.com\/cs\/wp-json\/wp\/v2\/pages\/839"}],"wp:featuredmedia":[{"embeddable":true,"href":"https:\/\/exactquartz.com\/cs\/wp-json\/wp\/v2\/media\/500"}],"wp:attachment":[{"href":"https:\/\/exactquartz.com\/cs\/wp-json\/wp\/v2\/media?parent=499"}],"curies":[{"name":"wp","href":"https:\/\/api.w.org\/{rel}","templated":true}]}}