{"id":751,"date":"2025-04-02T11:53:02","date_gmt":"2025-04-02T03:53:02","guid":{"rendered":"https:\/\/exactquartz.com\/?page_id=751"},"modified":"2025-04-16T18:16:59","modified_gmt":"2025-04-16T10:16:59","slug":"thick-wall-fused-quartz-tubes-cylinders","status":"publish","type":"page","link":"https:\/\/exactquartz.com\/cs\/high-temp-quartz-solutions\/thick-wall-fused-quartz-tubes-cylinders\/","title":{"rendered":"Silnost\u011bnn\u00e9 taven\u00e9 k\u0159emenn\u00e9 trubice a v\u00e1lce"},"content":{"rendered":"<div data-elementor-type=\"wp-page\" data-elementor-id=\"751\" class=\"elementor elementor-751\" data-elementor-post-type=\"page\">\n\t\t\t\t<div class=\"elementor-element elementor-element-d2bc4f1 e-flex e-con-boxed e-con e-parent\" data-id=\"d2bc4f1\" data-element_type=\"container\">\n\t\t\t\t\t<div class=\"e-con-inner\">\n\t\t<div class=\"elementor-element elementor-element-6d0fc6f e-con-full e-flex e-con e-child\" data-id=\"6d0fc6f\" data-element_type=\"container\">\n\t\t\t\t<div class=\"elementor-element elementor-element-133430f elementor-skin-slideshow elementor-arrows-yes elementor-widget elementor-widget-media-carousel\" data-id=\"133430f\" data-element_type=\"widget\" data-settings=\"{&quot;skin&quot;:&quot;slideshow&quot;,&quot;slideshow_slides_per_view&quot;:&quot;2&quot;,&quot;effect&quot;:&quot;slide&quot;,&quot;show_arrows&quot;:&quot;yes&quot;,&quot;speed&quot;:500,&quot;autoplay&quot;:&quot;yes&quot;,&quot;autoplay_speed&quot;:5000,&quot;loop&quot;:&quot;yes&quot;,&quot;pause_on_hover&quot;:&quot;yes&quot;,&quot;pause_on_interaction&quot;:&quot;yes&quot;,&quot;space_between&quot;:{&quot;unit&quot;:&quot;px&quot;,&quot;size&quot;:10,&quot;sizes&quot;:[]},&quot;space_between_tablet&quot;:{&quot;unit&quot;:&quot;px&quot;,&quot;size&quot;:10,&quot;sizes&quot;:[]},&quot;space_between_mobile&quot;:{&quot;unit&quot;:&quot;px&quot;,&quot;size&quot;:10,&quot;sizes&quot;:[]}}\" data-widget_type=\"media-carousel.default\">\n\t\t\t\t<div class=\"elementor-widget-container\">\n\t\t\t\t\t\t\t\t\t<div class=\"elementor-swiper\">\n\t\t\t\t\t<div class=\"elementor-main-swiper swiper\" role=\"region\" aria-roledescription=\"carousel\" aria-label=\"Slides\">\n\t\t\t\t<div class=\"swiper-wrapper\">\n\t\t\t\t\t\t\t\t\t\t\t<div class=\"swiper-slide\" role=\"group\" aria-roledescription=\"slide\">\n\t\t\t\t\t\t\t\t\t<div class=\"elementor-carousel-image\" role=\"img\" aria-label=\"Siln\u011bj\u0161\u00ed st\u011bna taven\u00e9 k\u0159emenn\u00e9 sklen\u011bn\u00e9 trubky \/ v\u00e1lce \/ trubky\" style=\"background-image: url(&#039;https:\/\/exactquartz.com\/wp-content\/uploads\/2025\/04\/Thicker-Wall-Fused-Quartz-Glass-Tube-Cylinder-Pipe.webp&#039;)\">\n\n\t\t\t\n\t\t\t\t\t<\/div>\n\t\t\t\t\t\t\t\t<\/div>\n\t\t\t\t\t\t\t\t\t<\/div>\n\t\t\t\t\t\t\t<\/div>\n\t\t\t\t<\/div>\n\t\t\t\t\t\t\t\t<\/div>\n\t\t\t\t<\/div>\n\t\t\t\t<\/div>\n\t\t<div class=\"elementor-element elementor-element-2a56432 e-con-full e-flex e-con e-child\" data-id=\"2a56432\" data-element_type=\"container\">\n\t\t\t\t<div class=\"elementor-element elementor-element-70d5eba elementor-widget elementor-widget-heading\" data-id=\"70d5eba\" data-element_type=\"widget\" data-widget_type=\"heading.default\">\n\t\t\t\t<div class=\"elementor-widget-container\">\n\t\t\t\t\t<h2 class=\"elementor-heading-title elementor-size-default\">Silnost\u011bnn\u00e9 taven\u00e9 k\u0159emenn\u00e9 trubice a v\u00e1lce<\/h2>\t\t\t\t<\/div>\n\t\t\t\t<\/div>\n\t\t\t\t<div class=\"elementor-element elementor-element-ac956f7 elementor-widget elementor-widget-text-editor\" data-id=\"ac956f7\" data-element_type=\"widget\" data-widget_type=\"text-editor.default\">\n\t\t\t\t<div class=\"elementor-widget-container\">\n\t\t\t\t\t\t\t\t\t<p>Typ: Siln\u011bj\u0161\u00ed st\u011bna taven\u00e9ho k\u0159emenn\u00e9ho skla, trubka \/ v\u00e1lec \/ trubka<br \/>Materi\u00e1l: Materi\u00e1l: vysoce taven\u00fd k\u0159emen (99,998% SiO2)<br \/>Balen\u00ed: D\u0159ev\u011bn\u00fd kuf\u0159\u00edk \/ karton, plastov\u00e1 p\u011bna do obalu<br \/>P\u0159eprava: zdarma po mo\u0159i, levn\u00e1 n\u00e1kladn\u00ed doprava expresn\u011b a\u017e ke dve\u0159\u00edm<br \/>Vlastn\u00ed R\u016fzn\u00fd typ K dispozici<\/p>\t\t\t\t\t\t\t\t<\/div>\n\t\t\t\t<\/div>\n\t\t\t\t<div class=\"elementor-element elementor-element-3824b52 elementor-align-left elementor-widget elementor-widget-button\" data-id=\"3824b52\" data-element_type=\"widget\" data-widget_type=\"button.default\">\n\t\t\t\t<div class=\"elementor-widget-container\">\n\t\t\t\t\t\t\t\t\t<div class=\"elementor-button-wrapper\">\n\t\t\t\t\t<a class=\"elementor-button elementor-button-link elementor-size-sm\" href=\"#elementor-action%3Aaction%3Dpopup%3Aopen%26settings%3DeyJpZCI6IjEyNzUiLCJ0b2dnbGUiOmZhbHNlfQ%3D%3D\">\n\t\t\t\t\t\t<span class=\"elementor-button-content-wrapper\">\n\t\t\t\t\t\t\t\t\t<span class=\"elementor-button-text\">Rychl\u00e1 nab\u00eddka<\/span>\n\t\t\t\t\t<\/span>\n\t\t\t\t\t<\/a>\n\t\t\t\t<\/div>\n\t\t\t\t\t\t\t\t<\/div>\n\t\t\t\t<\/div>\n\t\t\t\t<\/div>\n\t\t\t\t\t<\/div>\n\t\t\t\t<\/div>\n\t\t<div class=\"elementor-element elementor-element-a2ed80c e-flex e-con-boxed e-con e-parent\" data-id=\"a2ed80c\" data-element_type=\"container\">\n\t\t\t\t\t<div class=\"e-con-inner\">\n\t\t\t\t<div class=\"elementor-element elementor-element-cd86465 elementor-widget elementor-widget-heading\" data-id=\"cd86465\" data-element_type=\"widget\" data-widget_type=\"heading.default\">\n\t\t\t\t<div class=\"elementor-widget-container\">\n\t\t\t\t\t<h3 class=\"elementor-heading-title elementor-size-default\">Podrobnosti:<\/h3>\t\t\t\t<\/div>\n\t\t\t\t<\/div>\n\t\t\t\t<div class=\"elementor-element elementor-element-29d6c01 elementor-widget elementor-widget-text-editor\" data-id=\"29d6c01\" data-element_type=\"widget\" data-widget_type=\"text-editor.default\">\n\t\t\t\t<div class=\"elementor-widget-container\">\n\t\t\t\t\t\t\t\t\t<p>\u010cir\u00e9 taven\u00e9 k\u0159emenn\u00e9 trubice jsou vysoce \u010dist\u00e9 (99,99%+) k\u0159emenn\u00e9 sklo vhodn\u00e9 pro teploty do 1300 C. Dal\u0161\u00ed d\u016fle\u017eitou vlastnost\u00ed k\u0159emenn\u00fdch trubic je odolnost v\u016f\u010di tepeln\u00fdm \u0161ok\u016fm. Napi\u0161te n\u00e1m o ceny za zak\u00e1zkov\u00e9 d\u00e9lky a\/nebo spojovan\u00e9 \u010di ohn\u011bm le\u0161t\u011bn\u00e9 trubi\u010dky.<\/p>\t\t\t\t\t\t\t\t<\/div>\n\t\t\t\t<\/div>\n\t\t\t\t<div class=\"elementor-element elementor-element-15718d3 elementor-widget elementor-widget-heading\" data-id=\"15718d3\" data-element_type=\"widget\" data-widget_type=\"heading.default\">\n\t\t\t\t<div class=\"elementor-widget-container\">\n\t\t\t\t\t<h3 class=\"elementor-heading-title elementor-size-default\">Zvl\u00e1\u0161tn\u00ed vlastnosti k\u0159emenn\u00e9ho skla:<\/h3>\t\t\t\t<\/div>\n\t\t\t\t<\/div>\n\t\t\t\t<div class=\"elementor-element elementor-element-281af31 elementor-widget elementor-widget-text-editor\" data-id=\"281af31\" data-element_type=\"widget\" data-widget_type=\"text-editor.default\">\n\t\t\t\t<div class=\"elementor-widget-container\">\n\t\t\t\t\t\t\t\t\t<ol><li value=\"NaN\">Extr\u00e9mn\u011b \u0161irok\u00fd spektr\u00e1ln\u00ed rozsah propustnosti od hlubok\u00e9ho UV a\u017e po st\u0159edn\u00ed IR (\u0161ir\u0161\u00ed ne\u017e u v\u0161ech ostatn\u00edch skel).<\/li><li value=\"NaN\">Extr\u00e9mn\u011b vysok\u00e1 optick\u00e1 propustnost a n\u00edzk\u00e1 optick\u00e1 absorpce.<\/li><li value=\"NaN\">N\u00edzk\u00e9 kol\u00eds\u00e1n\u00ed a naru\u0161en\u00ed indexu lomu v jednom pevn\u00e9m kusu a optick\u00e1 homogenita mezi jednotliv\u00fdmi taveninami (reprodukovatelnost).<\/li><li value=\"NaN\">Vysok\u00e1 odolnost v\u016f\u010di laserov\u00e9mu z\u00e1\u0159en\u00ed vysok\u00e9 intenzity, co\u017e plat\u00ed i pro UV spektrum (nap\u0159. excimerov\u00fd laser).<\/li><li value=\"NaN\">Vysok\u00e1 teplota pou\u017eit\u00ed 1200 \u00b0C - t\u00e9m\u011b\u0159 \u010dty\u0159ikr\u00e1t vy\u0161\u0161\u00ed ne\u017e u b\u011b\u017en\u00e9ho skla.<\/li><li value=\"NaN\">N\u00edzk\u00fd koeficient tepeln\u00e9 rozta\u017enosti, co\u017e m\u00e1 za n\u00e1sledek extr\u00e9mn\u011b vysokou odolnost proti teplotn\u00edm \u0161ok\u016fm, kter\u00e1 umo\u017e\u0148uje rychl\u00e9 zah\u0159\u00edv\u00e1n\u00ed a chlazen\u00ed.<\/li><\/ol>\t\t\t\t\t\t\t\t<\/div>\n\t\t\t\t<\/div>\n\t\t\t\t<div class=\"elementor-element elementor-element-f600b3a elementor-widget elementor-widget-image\" data-id=\"f600b3a\" data-element_type=\"widget\" data-widget_type=\"image.default\">\n\t\t\t\t<div class=\"elementor-widget-container\">\n\t\t\t\t\t\t\t\t\t\t\t\t\t\t\t<img fetchpriority=\"high\" decoding=\"async\" width=\"847\" height=\"507\" src=\"https:\/\/exactquartz.com\/wp-content\/uploads\/2025\/03\/Fused-Quartz-Glass-Tubes.png\" class=\"attachment-large size-large wp-image-518\" alt=\"Trubice z taven\u00e9ho k\u0159emenn\u00e9ho skla\" srcset=\"https:\/\/exactquartz.com\/wp-content\/uploads\/2025\/03\/Fused-Quartz-Glass-Tubes.png 847w, https:\/\/exactquartz.com\/wp-content\/uploads\/2025\/03\/Fused-Quartz-Glass-Tubes-300x180.png 300w, https:\/\/exactquartz.com\/wp-content\/uploads\/2025\/03\/Fused-Quartz-Glass-Tubes-768x460.png 768w\" sizes=\"(max-width: 847px) 100vw, 847px\" \/>\t\t\t\t\t\t\t\t\t\t\t\t\t\t\t<\/div>\n\t\t\t\t<\/div>\n\t\t\t\t\t<\/div>\n\t\t\t\t<\/div>\n\t\t\t\t<\/div>","protected":false},"excerpt":{"rendered":"<p>Thick Wall Fused Quartz Tubes &amp; Cylinders Type: Thicker Wall Fused Quartz Glass Tube \/ Cylinder \/ PipeMaterial: High Fused [&hellip;]<\/p>","protected":false},"author":9,"featured_media":752,"parent":839,"menu_order":0,"comment_status":"closed","ping_status":"closed","template":"","meta":{"_seopress_robots_primary_cat":"","_seopress_titles_title":"Thick Wall Fused Quartz Tubes & Cylinders \u2013 ExactQuartz","_seopress_titles_desc":"High-purity thick wall fused quartz tubes (99.998% SiO\u2082) with excellent heat resistance, UV-IR clarity & thermal shock durability. Custom cutting supported.","_seopress_robots_index":"","site-sidebar-layout":"no-sidebar","site-content-layout":"","ast-site-content-layout":"full-width-container","site-content-style":"default","site-sidebar-style":"default","ast-global-header-display":"","ast-banner-title-visibility":"","ast-main-header-display":"","ast-hfb-above-header-display":"","ast-hfb-below-header-display":"","ast-hfb-mobile-header-display":"","site-post-title":"disabled","ast-breadcrumbs-content":"","ast-featured-img":"disabled","footer-sml-layout":"","theme-transparent-header-meta":"","adv-header-id-meta":"","stick-header-meta":"","header-above-stick-meta":"","header-main-stick-meta":"","header-below-stick-meta":"","astra-migrate-meta-layouts":"default","ast-page-background-enabled":"default","ast-page-background-meta":{"desktop":{"background-color":"var(--ast-global-color-5)","background-image":"","background-repeat":"repeat","background-position":"center center","background-size":"auto","background-attachment":"scroll","background-type":"","background-media":"","overlay-type":"","overlay-color":"","overlay-opacity":"","overlay-gradient":""},"tablet":{"background-color":"","background-image":"","background-repeat":"repeat","background-position":"center center","background-size":"auto","background-attachment":"scroll","background-type":"","background-media":"","overlay-type":"","overlay-color":"","overlay-opacity":"","overlay-gradient":""},"mobile":{"background-color":"","background-image":"","background-repeat":"repeat","background-position":"center center","background-size":"auto","background-attachment":"scroll","background-type":"","background-media":"","overlay-type":"","overlay-color":"","overlay-opacity":"","overlay-gradient":""}},"ast-content-background-meta":{"desktop":{"background-color":"var(--ast-global-color-4)","background-image":"","background-repeat":"repeat","background-position":"center center","background-size":"auto","background-attachment":"scroll","background-type":"","background-media":"","overlay-type":"","overlay-color":"","overlay-opacity":"","overlay-gradient":""},"tablet":{"background-color":"var(--ast-global-color-4)","background-image":"","background-repeat":"repeat","background-position":"center center","background-size":"auto","background-attachment":"scroll","background-type":"","background-media":"","overlay-type":"","overlay-color":"","overlay-opacity":"","overlay-gradient":""},"mobile":{"background-color":"var(--ast-global-color-4)","background-image":"","background-repeat":"repeat","background-position":"center center","background-size":"auto","background-attachment":"scroll","background-type":"","background-media":"","overlay-type":"","overlay-color":"","overlay-opacity":"","overlay-gradient":""}},"footnotes":""},"class_list":["post-751","page","type-page","status-publish","has-post-thumbnail","hentry"],"_hostinger_reach_plugin_has_subscription_block":false,"_hostinger_reach_plugin_is_elementor":false,"_links":{"self":[{"href":"https:\/\/exactquartz.com\/cs\/wp-json\/wp\/v2\/pages\/751","targetHints":{"allow":["GET"]}}],"collection":[{"href":"https:\/\/exactquartz.com\/cs\/wp-json\/wp\/v2\/pages"}],"about":[{"href":"https:\/\/exactquartz.com\/cs\/wp-json\/wp\/v2\/types\/page"}],"author":[{"embeddable":true,"href":"https:\/\/exactquartz.com\/cs\/wp-json\/wp\/v2\/users\/9"}],"replies":[{"embeddable":true,"href":"https:\/\/exactquartz.com\/cs\/wp-json\/wp\/v2\/comments?post=751"}],"version-history":[{"count":14,"href":"https:\/\/exactquartz.com\/cs\/wp-json\/wp\/v2\/pages\/751\/revisions"}],"predecessor-version":[{"id":1338,"href":"https:\/\/exactquartz.com\/cs\/wp-json\/wp\/v2\/pages\/751\/revisions\/1338"}],"up":[{"embeddable":true,"href":"https:\/\/exactquartz.com\/cs\/wp-json\/wp\/v2\/pages\/839"}],"wp:featuredmedia":[{"embeddable":true,"href":"https:\/\/exactquartz.com\/cs\/wp-json\/wp\/v2\/media\/752"}],"wp:attachment":[{"href":"https:\/\/exactquartz.com\/cs\/wp-json\/wp\/v2\/media?parent=751"}],"curies":[{"name":"wp","href":"https:\/\/api.w.org\/{rel}","templated":true}]}}