{"id":791,"date":"2025-04-02T17:49:42","date_gmt":"2025-04-02T09:49:42","guid":{"rendered":"https:\/\/exactquartz.com\/?page_id=791"},"modified":"2025-04-16T18:28:46","modified_gmt":"2025-04-16T10:28:46","slug":"uv-quartz-glass-plates","status":"publish","type":"page","link":"https:\/\/exactquartz.com\/cs\/quartz-discs-and-plates\/uv-quartz-glass-plates\/","title":{"rendered":"UV k\u0159emenn\u00e9 sklen\u011bn\u00e9 desky"},"content":{"rendered":"<div data-elementor-type=\"wp-page\" data-elementor-id=\"791\" class=\"elementor elementor-791\" data-elementor-post-type=\"page\">\n\t\t\t\t<div class=\"elementor-element elementor-element-d2bc4f1 e-flex e-con-boxed e-con e-parent\" data-id=\"d2bc4f1\" data-element_type=\"container\">\n\t\t\t\t\t<div class=\"e-con-inner\">\n\t\t<div class=\"elementor-element elementor-element-6d0fc6f e-con-full e-flex e-con e-child\" data-id=\"6d0fc6f\" data-element_type=\"container\">\n\t\t\t\t<div class=\"elementor-element elementor-element-133430f elementor-skin-slideshow elementor-arrows-yes elementor-widget elementor-widget-media-carousel\" data-id=\"133430f\" data-element_type=\"widget\" data-settings=\"{&quot;skin&quot;:&quot;slideshow&quot;,&quot;slideshow_slides_per_view&quot;:&quot;2&quot;,&quot;effect&quot;:&quot;slide&quot;,&quot;show_arrows&quot;:&quot;yes&quot;,&quot;speed&quot;:500,&quot;autoplay&quot;:&quot;yes&quot;,&quot;autoplay_speed&quot;:5000,&quot;loop&quot;:&quot;yes&quot;,&quot;pause_on_hover&quot;:&quot;yes&quot;,&quot;pause_on_interaction&quot;:&quot;yes&quot;,&quot;space_between&quot;:{&quot;unit&quot;:&quot;px&quot;,&quot;size&quot;:10,&quot;sizes&quot;:[]},&quot;space_between_tablet&quot;:{&quot;unit&quot;:&quot;px&quot;,&quot;size&quot;:10,&quot;sizes&quot;:[]},&quot;space_between_mobile&quot;:{&quot;unit&quot;:&quot;px&quot;,&quot;size&quot;:10,&quot;sizes&quot;:[]}}\" data-widget_type=\"media-carousel.default\">\n\t\t\t\t<div class=\"elementor-widget-container\">\n\t\t\t\t\t\t\t\t\t<div class=\"elementor-swiper\">\n\t\t\t\t\t<div class=\"elementor-main-swiper swiper\" role=\"region\" aria-roledescription=\"carousel\" aria-label=\"Slides\">\n\t\t\t\t<div class=\"swiper-wrapper\">\n\t\t\t\t\t\t\t\t\t\t\t<div class=\"swiper-slide\" role=\"group\" aria-roledescription=\"slide\">\n\t\t\t\t\t\t\t\t\t<div class=\"elementor-carousel-image\" role=\"img\" aria-label=\"Pr\u016fhledn\u00e1 k\u0159emenn\u00e1 deska Uv, k\u0159emenn\u00fd sklen\u011bn\u00fd plech pro k\u0159emenn\u00e9 sklo Viewport\" style=\"background-image: url(&#039;https:\/\/exactquartz.com\/wp-content\/uploads\/2025\/04\/Transparent-Uv-quartz-Glass-Plate-quartz-Glass-Sheet-For-Quartz-Viewport-Glass.webp&#039;)\">\n\n\t\t\t\n\t\t\t\t\t<\/div>\n\t\t\t\t\t\t\t\t<\/div>\n\t\t\t\t\t\t\t\t\t<\/div>\n\t\t\t\t\t\t\t<\/div>\n\t\t\t\t<\/div>\n\t\t\t\t\t\t\t\t<\/div>\n\t\t\t\t<\/div>\n\t\t\t\t<\/div>\n\t\t<div class=\"elementor-element elementor-element-2a56432 e-con-full e-flex e-con e-child\" data-id=\"2a56432\" data-element_type=\"container\">\n\t\t\t\t<div class=\"elementor-element elementor-element-70d5eba elementor-widget elementor-widget-heading\" data-id=\"70d5eba\" data-element_type=\"widget\" data-widget_type=\"heading.default\">\n\t\t\t\t<div class=\"elementor-widget-container\">\n\t\t\t\t\t<h2 class=\"elementor-heading-title elementor-size-default\">UV Quartz Glass Plates \u2013 High Temp &amp; Optical Viewport<\/h2>\t\t\t\t<\/div>\n\t\t\t\t<\/div>\n\t\t\t\t<div class=\"elementor-element elementor-element-ac956f7 elementor-widget elementor-widget-text-editor\" data-id=\"ac956f7\" data-element_type=\"widget\" data-widget_type=\"text-editor.default\">\n\t\t\t\t<div class=\"elementor-widget-container\">\n\t\t\t\t\t\t\t\t\t<p>Typ: \u010dir\u00e1 k\u0159emenn\u00e1 deska<br \/>Pou\u017eit\u00ed: pr\u016fmysl\/laborato\u0159\/teplo\/uvc<br \/>Tlou\u0161\u0165ka: podle va\u0161eho p\u0159\u00e1n\u00ed<br \/>Tvar: \u010dtvercov\u00fd<br \/>M\u00edsto p\u016fvodu: Jiangsu, \u010c\u00edna<br \/>Zpracovatelsk\u00e9 slu\u017eby: d\u011brov\u00e1n\u00ed, \u0159ez\u00e1n\u00ed<br \/>N\u00e1zev produktu: Vysokoteplotn\u00ed k\u0159emenn\u00e1 sklen\u011bn\u00e1 deska<br \/>Velikost: Velikost z\u00e1kazn\u00edka<br \/>Pracovn\u00ed teplota: 1100 stup\u0148\u016f Celsia<br \/>Vlastn\u00ed R\u016fzn\u00fd typ K dispozici<\/p>\t\t\t\t\t\t\t\t<\/div>\n\t\t\t\t<\/div>\n\t\t\t\t<div class=\"elementor-element elementor-element-0284a54 elementor-align-left elementor-widget elementor-widget-button\" data-id=\"0284a54\" data-element_type=\"widget\" data-widget_type=\"button.default\">\n\t\t\t\t<div class=\"elementor-widget-container\">\n\t\t\t\t\t\t\t\t\t<div class=\"elementor-button-wrapper\">\n\t\t\t\t\t<a class=\"elementor-button elementor-button-link elementor-size-sm\" href=\"#elementor-action%3Aaction%3Dpopup%3Aopen%26settings%3DeyJpZCI6IjEyNzUiLCJ0b2dnbGUiOmZhbHNlfQ%3D%3D\">\n\t\t\t\t\t\t<span class=\"elementor-button-content-wrapper\">\n\t\t\t\t\t\t\t\t\t<span class=\"elementor-button-text\">Rychl\u00e1 nab\u00eddka<\/span>\n\t\t\t\t\t<\/span>\n\t\t\t\t\t<\/a>\n\t\t\t\t<\/div>\n\t\t\t\t\t\t\t\t<\/div>\n\t\t\t\t<\/div>\n\t\t\t\t<\/div>\n\t\t\t\t\t<\/div>\n\t\t\t\t<\/div>\n\t\t<div class=\"elementor-element elementor-element-a2ed80c e-flex e-con-boxed e-con e-parent\" data-id=\"a2ed80c\" data-element_type=\"container\">\n\t\t\t\t\t<div class=\"e-con-inner\">\n\t\t\t\t<div class=\"elementor-element elementor-element-15718d3 elementor-widget elementor-widget-heading\" data-id=\"15718d3\" data-element_type=\"widget\" data-widget_type=\"heading.default\">\n\t\t\t\t<div class=\"elementor-widget-container\">\n\t\t\t\t\t<h3 class=\"elementor-heading-title elementor-size-default\">Podrobnosti:<\/h3>\t\t\t\t<\/div>\n\t\t\t\t<\/div>\n\t\t\t\t<div class=\"elementor-element elementor-element-281af31 elementor-widget elementor-widget-text-editor\" data-id=\"281af31\" data-element_type=\"widget\" data-widget_type=\"text-editor.default\">\n\t\t\t\t<div class=\"elementor-widget-container\">\n\t\t\t\t\t\t\t\t\t<p>P\u0159izp\u016fsobte si jak\u00e9koli specifikace, kontaktujte pros\u00edm z\u00e1kaznick\u00fd servis, d\u011bkujeme!<\/p>\t\t\t\t\t\t\t\t<\/div>\n\t\t\t\t<\/div>\n\t\t\t\t<div class=\"elementor-element elementor-element-65b7797 elementor-widget elementor-widget-heading\" data-id=\"65b7797\" data-element_type=\"widget\" data-widget_type=\"heading.default\">\n\t\t\t\t<div class=\"elementor-widget-container\">\n\t\t\t\t\t<h3 class=\"elementor-heading-title elementor-size-default\">Zvl\u00e1\u0161tn\u00ed vlastnosti k\u0159emenn\u00e9ho skla:<\/h3>\t\t\t\t<\/div>\n\t\t\t\t<\/div>\n\t\t\t\t<div class=\"elementor-element elementor-element-269a92b elementor-widget elementor-widget-text-editor\" data-id=\"269a92b\" data-element_type=\"widget\" data-widget_type=\"text-editor.default\">\n\t\t\t\t<div class=\"elementor-widget-container\">\n\t\t\t\t\t\t\t\t\t<ol><li value=\"NaN\">Extr\u00e9mn\u011b \u0161irok\u00fd spektr\u00e1ln\u00ed rozsah propustnosti od hlubok\u00e9ho UV a\u017e po st\u0159edn\u00ed IR (\u0161ir\u0161\u00ed ne\u017e u v\u0161ech ostatn\u00edch skel).<\/li><li value=\"NaN\">Extr\u00e9mn\u011b vysok\u00e1 optick\u00e1 propustnost a n\u00edzk\u00e1 optick\u00e1 absorpce.<\/li><li value=\"NaN\">N\u00edzk\u00e9 kol\u00eds\u00e1n\u00ed a naru\u0161en\u00ed indexu lomu v jednom pevn\u00e9m kusu a optick\u00e1 homogenita mezi jednotliv\u00fdmi taveninami (reprodukovatelnost).<\/li><li value=\"NaN\">Vysok\u00e1 odolnost v\u016f\u010di laserov\u00e9mu z\u00e1\u0159en\u00ed vysok\u00e9 intenzity, co\u017e plat\u00ed i pro UV spektrum (nap\u0159. excimerov\u00fd laser).<\/li><li value=\"NaN\">Vysok\u00e1 teplota pou\u017eit\u00ed 1200 \u00b0C - t\u00e9m\u011b\u0159 \u010dty\u0159ikr\u00e1t vy\u0161\u0161\u00ed ne\u017e u b\u011b\u017en\u00e9ho skla.<\/li><li value=\"NaN\">N\u00edzk\u00fd koeficient tepeln\u00e9 rozta\u017enosti, co\u017e m\u00e1 za n\u00e1sledek extr\u00e9mn\u011b vysokou odolnost proti teplotn\u00edm \u0161ok\u016fm, kter\u00e1 umo\u017e\u0148uje rychl\u00e9 zah\u0159\u00edv\u00e1n\u00ed a ochlazov\u00e1n\u00ed<\/li><\/ol>\t\t\t\t\t\t\t\t<\/div>\n\t\t\t\t<\/div>\n\t\t\t\t<div class=\"elementor-element elementor-element-5dd89d3 elementor-widget elementor-widget-image\" data-id=\"5dd89d3\" data-element_type=\"widget\" data-widget_type=\"image.default\">\n\t\t\t\t<div class=\"elementor-widget-container\">\n\t\t\t\t\t\t\t\t\t\t\t\t\t\t\t<img fetchpriority=\"high\" decoding=\"async\" width=\"819\" height=\"489\" src=\"https:\/\/exactquartz.com\/wp-content\/uploads\/2025\/04\/quartz-plates.png\" class=\"attachment-large size-large wp-image-654\" alt=\"k\u0159emenn\u00e9 desky\" srcset=\"https:\/\/exactquartz.com\/wp-content\/uploads\/2025\/04\/quartz-plates.png 819w, https:\/\/exactquartz.com\/wp-content\/uploads\/2025\/04\/quartz-plates-300x179.png 300w, https:\/\/exactquartz.com\/wp-content\/uploads\/2025\/04\/quartz-plates-768x459.png 768w\" sizes=\"(max-width: 819px) 100vw, 819px\" \/>\t\t\t\t\t\t\t\t\t\t\t\t\t\t\t<\/div>\n\t\t\t\t<\/div>\n\t\t\t\t\t<\/div>\n\t\t\t\t<\/div>\n\t\t\t\t<\/div>","protected":false},"excerpt":{"rendered":"<p>UV Quartz Glass Plates \u2013 High Temp &amp; Optical Viewport Type:Clear Quartz PlateApplication:industry\/lab\/heat\/uvcThickness:as your requestShape:SquarePlace of Origin:Jiangsu, ChinaProcessing Service:Punching, CuttingProduct [&hellip;]<\/p>","protected":false},"author":7,"featured_media":792,"parent":841,"menu_order":0,"comment_status":"closed","ping_status":"closed","template":"","meta":{"_seopress_robots_primary_cat":"","_seopress_titles_title":"UV Quartz Glass Plates \u2013 High Temp & Optical Viewport","_seopress_titles_desc":"High purity UV quartz glass plates for lab, heat & viewport use. Custom size & thickness. 1100\u00b0C stable, low absorption, precision cut & punched.","_seopress_robots_index":"","site-sidebar-layout":"no-sidebar","site-content-layout":"","ast-site-content-layout":"full-width-container","site-content-style":"default","site-sidebar-style":"default","ast-global-header-display":"","ast-banner-title-visibility":"","ast-main-header-display":"","ast-hfb-above-header-display":"","ast-hfb-below-header-display":"","ast-hfb-mobile-header-display":"","site-post-title":"disabled","ast-breadcrumbs-content":"","ast-featured-img":"disabled","footer-sml-layout":"","theme-transparent-header-meta":"","adv-header-id-meta":"","stick-header-meta":"","header-above-stick-meta":"","header-main-stick-meta":"","header-below-stick-meta":"","astra-migrate-meta-layouts":"default","ast-page-background-enabled":"default","ast-page-background-meta":{"desktop":{"background-color":"var(--ast-global-color-5)","background-image":"","background-repeat":"repeat","background-position":"center center","background-size":"auto","background-attachment":"scroll","background-type":"","background-media":"","overlay-type":"","overlay-color":"","overlay-opacity":"","overlay-gradient":""},"tablet":{"background-color":"","background-image":"","background-repeat":"repeat","background-position":"center center","background-size":"auto","background-attachment":"scroll","background-type":"","background-media":"","overlay-type":"","overlay-color":"","overlay-opacity":"","overlay-gradient":""},"mobile":{"background-color":"","background-image":"","background-repeat":"repeat","background-position":"center center","background-size":"auto","background-attachment":"scroll","background-type":"","background-media":"","overlay-type":"","overlay-color":"","overlay-opacity":"","overlay-gradient":""}},"ast-content-background-meta":{"desktop":{"background-color":"var(--ast-global-color-4)","background-image":"","background-repeat":"repeat","background-position":"center center","background-size":"auto","background-attachment":"scroll","background-type":"","background-media":"","overlay-type":"","overlay-color":"","overlay-opacity":"","overlay-gradient":""},"tablet":{"background-color":"var(--ast-global-color-4)","background-image":"","background-repeat":"repeat","background-position":"center center","background-size":"auto","background-attachment":"scroll","background-type":"","background-media":"","overlay-type":"","overlay-color":"","overlay-opacity":"","overlay-gradient":""},"mobile":{"background-color":"var(--ast-global-color-4)","background-image":"","background-repeat":"repeat","background-position":"center center","background-size":"auto","background-attachment":"scroll","background-type":"","background-media":"","overlay-type":"","overlay-color":"","overlay-opacity":"","overlay-gradient":""}},"footnotes":""},"class_list":["post-791","page","type-page","status-publish","has-post-thumbnail","hentry"],"_hostinger_reach_plugin_has_subscription_block":false,"_hostinger_reach_plugin_is_elementor":false,"_links":{"self":[{"href":"https:\/\/exactquartz.com\/cs\/wp-json\/wp\/v2\/pages\/791","targetHints":{"allow":["GET"]}}],"collection":[{"href":"https:\/\/exactquartz.com\/cs\/wp-json\/wp\/v2\/pages"}],"about":[{"href":"https:\/\/exactquartz.com\/cs\/wp-json\/wp\/v2\/types\/page"}],"author":[{"embeddable":true,"href":"https:\/\/exactquartz.com\/cs\/wp-json\/wp\/v2\/users\/7"}],"replies":[{"embeddable":true,"href":"https:\/\/exactquartz.com\/cs\/wp-json\/wp\/v2\/comments?post=791"}],"version-history":[{"count":14,"href":"https:\/\/exactquartz.com\/cs\/wp-json\/wp\/v2\/pages\/791\/revisions"}],"predecessor-version":[{"id":1422,"href":"https:\/\/exactquartz.com\/cs\/wp-json\/wp\/v2\/pages\/791\/revisions\/1422"}],"up":[{"embeddable":true,"href":"https:\/\/exactquartz.com\/cs\/wp-json\/wp\/v2\/pages\/841"}],"wp:featuredmedia":[{"embeddable":true,"href":"https:\/\/exactquartz.com\/cs\/wp-json\/wp\/v2\/media\/792"}],"wp:attachment":[{"href":"https:\/\/exactquartz.com\/cs\/wp-json\/wp\/v2\/media?parent=791"}],"curies":[{"name":"wp","href":"https:\/\/api.w.org\/{rel}","templated":true}]}}