{"id":215,"date":"2025-03-13T10:43:04","date_gmt":"2025-03-13T02:43:04","guid":{"rendered":"https:\/\/exactquartz.com\/?page_id=215"},"modified":"2026-04-10T19:52:06","modified_gmt":"2026-04-10T11:52:06","slug":"blog","status":"publish","type":"page","link":"https:\/\/exactquartz.com\/da\/blog\/","title":{"rendered":"Blog"},"content":{"rendered":"<div data-elementor-type=\"wp-page\" data-elementor-id=\"215\" class=\"elementor elementor-215\" data-elementor-post-type=\"page\">\n\t\t\t\t<div class=\"elementor-element elementor-element-b55d022 e-flex e-con-boxed e-con e-parent\" data-id=\"b55d022\" data-element_type=\"container\">\n\t\t\t\t\t<div class=\"e-con-inner\">\n\t\t\t\t<div class=\"elementor-element elementor-element-12ba004 elementor-widget elementor-widget-heading\" data-id=\"12ba004\" data-element_type=\"widget\" data-widget_type=\"heading.default\">\n\t\t\t\t<div class=\"elementor-widget-container\">\n\t\t\t\t\t<h1 class=\"elementor-heading-title elementor-size-default\">Blog<\/h1>\t\t\t\t<\/div>\n\t\t\t\t<\/div>\n\t\t\t\t\t<\/div>\n\t\t\t\t<\/div>\n\t\t<div class=\"elementor-element elementor-element-5f375f8 e-flex e-con-boxed e-con e-parent\" data-id=\"5f375f8\" data-element_type=\"container\">\n\t\t\t\t\t<div class=\"e-con-inner\">\n\t\t\t\t<div class=\"elementor-element elementor-element-f8bc409 elementor-grid-3 elementor-grid-tablet-2 elementor-grid-mobile-1 elementor-posts--thumbnail-top elementor-posts--show-avatar elementor-card-shadow-yes elementor-posts__hover-gradient elementor-widget elementor-widget-posts\" data-id=\"f8bc409\" data-element_type=\"widget\" data-settings=\"{&quot;cards_columns&quot;:&quot;3&quot;,&quot;cards_columns_tablet&quot;:&quot;2&quot;,&quot;cards_columns_mobile&quot;:&quot;1&quot;,&quot;cards_row_gap&quot;:{&quot;unit&quot;:&quot;px&quot;,&quot;size&quot;:35,&quot;sizes&quot;:[]},&quot;cards_row_gap_tablet&quot;:{&quot;unit&quot;:&quot;px&quot;,&quot;size&quot;:&quot;&quot;,&quot;sizes&quot;:[]},&quot;cards_row_gap_mobile&quot;:{&quot;unit&quot;:&quot;px&quot;,&quot;size&quot;:&quot;&quot;,&quot;sizes&quot;:[]}}\" data-widget_type=\"posts.cards\">\n\t\t\t\t<div class=\"elementor-widget-container\">\n\t\t\t\t\t\t\t<div class=\"elementor-posts-container elementor-posts elementor-posts--skin-cards elementor-grid\" role=\"list\">\n\t\t\t\t<article class=\"elementor-post elementor-grid-item post-450 post type-post status-publish format-standard hentry category-uncategorized\" role=\"listitem\">\n\t\t\t<div class=\"elementor-post__card\">\n\t\t\t\t<div class=\"elementor-post__text\">\n\t\t\t\t<h3 class=\"elementor-post__title\">\n\t\t\t<a href=\"https:\/\/exactquartz.com\/da\/quartz-glass-market-has-great-development-space-and-semiconductor-is-its-main-application-field\/\" >\n\t\t\t\tKvartsglasmarkedet har stor udviklingsplads, og halvledere er dets vigtigste anvendelsesomr\u00e5de\t\t\t<\/a>\n\t\t<\/h3>\n\t\t\t\t<div class=\"elementor-post__excerpt\">\n\t\t\t<p>Kvartsglas er et uorganisk ikke-metallisk materiale og er et specielt industriglas, der best\u00e5r af en enkelt komponent af siliciumdioxid (SiO2). Kvartsglas har fremragende ydeevne, h\u00f8j temperaturbestandighed, h\u00f8j h\u00e5rdhed, lille udvidelseskoefficient, h\u00f8j spektral transmission, stabile kemiske egenskaber og fremragende elektrisk isolering. Det kan forarbejdes til<\/p>\n\t\t<\/div>\n\t\t\n\t\t<a class=\"elementor-post__read-more\" href=\"https:\/\/exactquartz.com\/da\/quartz-glass-market-has-great-development-space-and-semiconductor-is-its-main-application-field\/\" aria-label=\"Read more about Quartz glass market has great development space, and semiconductor is its main application field\" tabindex=\"-1\" >\n\t\t\tL\u00e6s mere \"\t\t<\/a>\n\n\t\t\t\t<\/div>\n\t\t\t\t\t<\/div>\n\t\t<\/article>\n\t\t\t\t<article class=\"elementor-post elementor-grid-item post-378 post type-post status-publish format-standard hentry category-uncategorized\" role=\"listitem\">\n\t\t\t<div class=\"elementor-post__card\">\n\t\t\t\t<div class=\"elementor-post__text\">\n\t\t\t\t<h3 class=\"elementor-post__title\">\n\t\t\t<a href=\"https:\/\/exactquartz.com\/da\/quartz-glass-products-advantages\/\" >\n\t\t\t\tFordele ved produkter af kvartsglas\t\t\t<\/a>\n\t\t<\/h3>\n\t\t\t\t<div class=\"elementor-post__excerpt\">\n\t\t\t<p>Kvarts (SiO\u2082)-materiale ligner meget glas ved f\u00f8rste \u00f8jekast, men det, der er mere specielt, er, at almindeligt glas best\u00e5r af mange komponenter (s\u00e5som kvartssand, borax, borsyre, baryt, bariumkarbonat, kalksten, feldspat, soda osv.). sammens\u00e6tning, mens kvarts kun indeholder SiO\u2082, og dets mikrostruktur er<\/p>\n\t\t<\/div>\n\t\t\n\t\t<a class=\"elementor-post__read-more\" href=\"https:\/\/exactquartz.com\/da\/quartz-glass-products-advantages\/\" aria-label=\"Read more about Quartz Glass Products Advantages\" tabindex=\"-1\" >\n\t\t\tL\u00e6s mere \"\t\t<\/a>\n\n\t\t\t\t<\/div>\n\t\t\t\t\t<\/div>\n\t\t<\/article>\n\t\t\t\t<article class=\"elementor-post elementor-grid-item post-374 post type-post status-publish format-standard hentry category-uncategorized\" role=\"listitem\">\n\t\t\t<div class=\"elementor-post__card\">\n\t\t\t\t<div class=\"elementor-post__text\">\n\t\t\t\t<h3 class=\"elementor-post__title\">\n\t\t\t<a href=\"https:\/\/exactquartz.com\/da\/what-high-purity-quartz-products-are-used-in-integrated-circuit-processes-what-are-the-requirements-for-impurity-content-2\/\" >\n\t\t\t\tHvilke kvartsprodukter med h\u00f8j renhed bruges i integrerede kredsl\u00f8bsprocesser? Hvad er kravene til indhold af urenheder?\t\t\t<\/a>\n\t\t<\/h3>\n\t\t\t\t<div class=\"elementor-post__excerpt\">\n\t\t\t<p>Hvilke kvartsprodukter med h\u00f8j renhed bruges i integrerede kredsl\u00f8bsprocesser? Hvad er kravene til indhold af urenheder? Kvartsprodukter med h\u00f8j renhed, der almindeligvis anvendes i integrerede kredsl\u00f8bsprocesser, omfatter kvartsskiver, kvartskrystaller, kvartsr\u00f8r og kvartsvinduer. For kvartsskiver skal indholdet af urenheder v\u00e6re ekstremt lavt, generelt i delene<\/p>\n\t\t<\/div>\n\t\t\n\t\t<a class=\"elementor-post__read-more\" href=\"https:\/\/exactquartz.com\/da\/what-high-purity-quartz-products-are-used-in-integrated-circuit-processes-what-are-the-requirements-for-impurity-content-2\/\" aria-label=\"Read more about What high-purity quartz products are used in integrated circuit processes? What are the requirements for impurity content?\" tabindex=\"-1\" >\n\t\t\tL\u00e6s mere \"\t\t<\/a>\n\n\t\t\t\t<\/div>\n\t\t\t\t\t<\/div>\n\t\t<\/article>\n\t\t\t\t<article class=\"elementor-post elementor-grid-item post-370 post type-post status-publish format-standard hentry category-uncategorized\" role=\"listitem\">\n\t\t\t<div class=\"elementor-post__card\">\n\t\t\t\t<div class=\"elementor-post__text\">\n\t\t\t\t<h3 class=\"elementor-post__title\">\n\t\t\t<a href=\"https:\/\/exactquartz.com\/da\/6-proper-usage-guidelines-for-fused-quartz-handling-cleaning-thermal-shock-chemical-resistance-optics-handling-and-machining\/\" >\n\t\t\t\t6 Retningslinjer for korrekt brug af smeltet kvarts: H\u00e5ndtering, reng\u00f8ring, termisk st\u00f8d, kemisk resistens, h\u00e5ndtering af optik og bearbejdning\t\t\t<\/a>\n\t\t<\/h3>\n\t\t\t\t<div class=\"elementor-post__excerpt\">\n\t\t\t<p>Retningslinjer for korrekt brug af smeltet kvarts omfatter: 1. H\u00e5ndtering: N\u00e5r du h\u00e5ndterer smeltet kvarts, er det vigtigt at b\u00e6re rene, fnugfri handsker for at undg\u00e5 forurening. H\u00e5ndter materialet forsigtigt for at undg\u00e5 ridser eller skader. Undg\u00e5 direkte kontakt med bare h\u00e6nder, da olier og sved kan efterlade rester p\u00e5 overfladen.<\/p>\n\t\t<\/div>\n\t\t\n\t\t<a class=\"elementor-post__read-more\" href=\"https:\/\/exactquartz.com\/da\/6-proper-usage-guidelines-for-fused-quartz-handling-cleaning-thermal-shock-chemical-resistance-optics-handling-and-machining\/\" aria-label=\"Read more about 6 Proper Usage Guidelines for Fused Quartz: Handling, Cleaning, Thermal Shock, Chemical Resistance, Optics Handling, and Machining\" tabindex=\"-1\" >\n\t\t\tL\u00e6s mere \"\t\t<\/a>\n\n\t\t\t\t<\/div>\n\t\t\t\t\t<\/div>\n\t\t<\/article>\n\t\t\t\t<article class=\"elementor-post elementor-grid-item post-366 post type-post status-publish format-standard hentry category-uncategorized\" role=\"listitem\">\n\t\t\t<div class=\"elementor-post__card\">\n\t\t\t\t<div class=\"elementor-post__text\">\n\t\t\t\t<h3 class=\"elementor-post__title\">\n\t\t\t<a href=\"https:\/\/exactquartz.com\/da\/5-reasons-why-uv-fused-quartz-cuvettes-outperform-plastic-and-glass-alternatives\/\" >\n\t\t\t\t5 grunde til, at UV-k\u00f8vetter af smeltet kvarts er bedre end alternativer af plast og glas\t\t\t<\/a>\n\t\t<\/h3>\n\t\t\t\t<div class=\"elementor-post__excerpt\">\n\t\t\t<p>UV-kuvetter af smeltet kvarts er meget holdbare sammenlignet med dem, der er lavet af plast og glas. Fused quartz er et meget rent glas, der fremstilles ved at smelte ren silica ved meget h\u00f8je temperaturer. Det har fremragende optiske egenskaber, h\u00f8j kemisk resistens og kan modst\u00e5 h\u00f8je temperaturer og tryk. UV-kuvetter af smeltet kvarts er<\/p>\n\t\t<\/div>\n\t\t\n\t\t<a class=\"elementor-post__read-more\" href=\"https:\/\/exactquartz.com\/da\/5-reasons-why-uv-fused-quartz-cuvettes-outperform-plastic-and-glass-alternatives\/\" aria-label=\"Read more about 5 Reasons Why UV Fused Quartz Cuvettes Outperform Plastic and Glass Alternatives\" tabindex=\"-1\" >\n\t\t\tL\u00e6s mere \"\t\t<\/a>\n\n\t\t\t\t<\/div>\n\t\t\t\t\t<\/div>\n\t\t<\/article>\n\t\t\t\t<article class=\"elementor-post elementor-grid-item post-362 post type-post status-publish format-standard hentry category-uncategorized\" role=\"listitem\">\n\t\t\t<div class=\"elementor-post__card\">\n\t\t\t\t<div class=\"elementor-post__text\">\n\t\t\t\t<h3 class=\"elementor-post__title\">\n\t\t\t<a href=\"https:\/\/exactquartz.com\/da\/uv-fused-quartz-cuvettes-the-ideal-choice-for-spectroscopy-applications\/\" >\n\t\t\t\tUV-k\u00f8vetter af smeltet kvarts: Det ideelle valg til spektroskopi-applikationer\t\t\t<\/a>\n\t\t<\/h3>\n\t\t\t\t<div class=\"elementor-post__excerpt\">\n\t\t\t<p>1. Introduktion til UV-k\u00f8vetter af smeltet kvarts Inden for spektroskopi spiller valget af kuvetter en afg\u00f8rende rolle for at opn\u00e5 n\u00f8jagtige og p\u00e5lidelige resultater. Blandt de forskellige muligheder, der findes, har UV-k\u00f8vetter af smeltet kvarts vist sig at v\u00e6re det foretrukne valg p\u00e5 grund af deres enest\u00e5ende holdbarhed og overlegne ydeevne. I<\/p>\n\t\t<\/div>\n\t\t\n\t\t<a class=\"elementor-post__read-more\" href=\"https:\/\/exactquartz.com\/da\/uv-fused-quartz-cuvettes-the-ideal-choice-for-spectroscopy-applications\/\" aria-label=\"Read more about UV Fused Quartz Cuvettes: The Ideal Choice for Spectroscopy Applications\" tabindex=\"-1\" >\n\t\t\tL\u00e6s mere \"\t\t<\/a>\n\n\t\t\t\t<\/div>\n\t\t\t\t\t<\/div>\n\t\t<\/article>\n\t\t\t\t<\/div>\n\t\t\n\t\t\t\t\t\t<\/div>\n\t\t\t\t<\/div>\n\t\t\t\t\t<\/div>\n\t\t\t\t<\/div>\n\t\t<div class=\"elementor-element elementor-element-8b56ddd e-flex e-con-boxed e-con e-parent\" data-id=\"8b56ddd\" data-element_type=\"container\">\n\t\t\t\t\t<div class=\"e-con-inner\">\n\t\t\t\t<div class=\"elementor-element elementor-element-930bab3 elementor-widget elementor-widget-heading\" data-id=\"930bab3\" data-element_type=\"widget\" data-widget_type=\"heading.default\">\n\t\t\t\t<div class=\"elementor-widget-container\">\n\t\t\t\t\t<h2 class=\"elementor-heading-title elementor-size-default\">Kontakt<\/h2>\t\t\t\t<\/div>\n\t\t\t\t<\/div>\n\t\t\t\t\t<\/div>\n\t\t\t\t<\/div>\n\t\t<div class=\"elementor-element elementor-element-bf98708 e-flex e-con-boxed e-con e-parent\" data-id=\"bf98708\" data-element_type=\"container\" data-settings=\"{&quot;background_background&quot;:&quot;classic&quot;}\">\n\t\t\t\t\t<div class=\"e-con-inner\">\n\t\t<div class=\"elementor-element elementor-element-48e35c7 e-con-full e-flex e-con e-child\" data-id=\"48e35c7\" data-element_type=\"container\">\n\t\t\t\t<div class=\"elementor-element elementor-element-864040e elementor-button-align-stretch elementor-widget elementor-widget-form\" data-id=\"864040e\" data-element_type=\"widget\" data-settings=\"{&quot;step_next_label&quot;:&quot;Next&quot;,&quot;step_previous_label&quot;:&quot;Previous&quot;,&quot;button_width&quot;:&quot;100&quot;,&quot;step_type&quot;:&quot;number_text&quot;,&quot;step_icon_shape&quot;:&quot;circle&quot;}\" data-widget_type=\"form.default\">\n\t\t\t\t<div class=\"elementor-widget-container\">\n\t\t\t\t\t\t\t<form class=\"elementor-form\" method=\"post\" name=\"New Form\" aria-label=\"Ny formular\" action=\"\">\n\t\t\t<input type=\"hidden\" name=\"post_id\" value=\"215\"\/>\n\t\t\t<input type=\"hidden\" name=\"form_id\" value=\"864040e\"\/>\n\t\t\t<input type=\"hidden\" name=\"referer_title\" value=\"\" \/>\n\n\t\t\t\n\t\t\t<div class=\"elementor-form-fields-wrapper elementor-labels-above\">\n\t\t\t\t\t\t\t\t<div class=\"elementor-field-type-email elementor-field-group elementor-column elementor-field-group-email elementor-col-100 elementor-field-required elementor-mark-required\">\n\t\t\t\t\t\t\t\t\t\t\t\t<label for=\"form-field-email\" class=\"elementor-field-label\">\n\t\t\t\t\t\t\t\tE-mail\t\t\t\t\t\t\t<\/label>\n\t\t\t\t\t\t\t\t\t\t\t\t\t\t<input size=\"1\" type=\"email\" name=\"form_fields[email]\" id=\"form-field-email\" class=\"elementor-field elementor-size-sm  elementor-field-textual\" placeholder=\"E-mail\" required=\"required\">\n\t\t\t\t\t\t\t\t\t\t\t<\/div>\n\t\t\t\t\t\t\t\t<div class=\"elementor-field-type-text elementor-field-group elementor-column elementor-field-group-name elementor-col-100\">\n\t\t\t\t\t\t\t\t\t\t\t\t<label for=\"form-field-name\" class=\"elementor-field-label\">\n\t\t\t\t\t\t\t\tNavn\t\t\t\t\t\t\t<\/label>\n\t\t\t\t\t\t\t\t\t\t\t\t\t\t<input size=\"1\" type=\"text\" name=\"form_fields[name]\" id=\"form-field-name\" class=\"elementor-field elementor-size-sm  elementor-field-textual\" placeholder=\"Navn\">\n\t\t\t\t\t\t\t\t\t\t\t<\/div>\n\t\t\t\t\t\t\t\t<div class=\"elementor-field-type-text elementor-field-group elementor-column elementor-field-group-field_2142395 elementor-col-100\">\n\t\t\t\t\t\t\t\t\t\t\t\t<label for=\"form-field-field_2142395\" class=\"elementor-field-label\">\n\t\t\t\t\t\t\t\tVirksomhed\t\t\t\t\t\t\t<\/label>\n\t\t\t\t\t\t\t\t\t\t\t\t\t\t<input size=\"1\" type=\"text\" name=\"form_fields[field_2142395]\" id=\"form-field-field_2142395\" class=\"elementor-field elementor-size-sm  elementor-field-textual\" placeholder=\"Virksomhed\">\n\t\t\t\t\t\t\t\t\t\t\t<\/div>\n\t\t\t\t\t\t\t\t<div class=\"elementor-field-type-text elementor-field-group elementor-column elementor-field-group-field_910d9b8 elementor-col-100\">\n\t\t\t\t\t\t\t\t\t\t\t\t<label for=\"form-field-field_910d9b8\" class=\"elementor-field-label\">\n\t\t\t\t\t\t\t\tM\u00e6ngde\t\t\t\t\t\t\t<\/label>\n\t\t\t\t\t\t\t\t\t\t\t\t\t\t<input size=\"1\" type=\"text\" name=\"form_fields[field_910d9b8]\" id=\"form-field-field_910d9b8\" class=\"elementor-field elementor-size-sm  elementor-field-textual\" placeholder=\"M\u00e6ngde\">\n\t\t\t\t\t\t\t\t\t\t\t<\/div>\n\t\t\t\t\t\t\t\t<div class=\"elementor-field-type-textarea elementor-field-group elementor-column elementor-field-group-message elementor-col-100 elementor-field-required elementor-mark-required\">\n\t\t\t\t\t\t\t\t\t\t\t\t<label for=\"form-field-message\" class=\"elementor-field-label\">\n\t\t\t\t\t\t\t\tBesked\t\t\t\t\t\t\t<\/label>\n\t\t\t\t\t\t<textarea class=\"elementor-field-textual elementor-field  elementor-size-sm\" name=\"form_fields[message]\" id=\"form-field-message\" rows=\"4\" placeholder=\"Besked\" required=\"required\"><\/textarea>\t\t\t\t<\/div>\n\t\t\t\t\t\t\t\t<div class=\"elementor-field-type-recaptcha_v3 elementor-field-group elementor-column elementor-field-group-field_ae761ac elementor-col-100 recaptcha_v3-bottomright\">\n\t\t\t\t\t<div class=\"elementor-field\" id=\"form-field-field_ae761ac\"><div class=\"elementor-g-recaptcha\" data-sitekey=\"6LdhlhorAAAAAPBwag6SlK9inlSeBDVUmykMyzvp\" data-type=\"v3\" data-action=\"Form\" data-badge=\"bottomright\" data-size=\"invisible\"><\/div><\/div>\t\t\t\t<\/div>\n\t\t\t\t\t\t\t\t<div class=\"elementor-field-group elementor-column elementor-field-type-submit elementor-col-100 e-form__buttons\">\n\t\t\t\t\t<button class=\"elementor-button elementor-size-sm\" type=\"submit\">\n\t\t\t\t\t\t<span class=\"elementor-button-content-wrapper\">\n\t\t\t\t\t\t\t\t\t\t\t\t\t\t\t\t\t\t\t\t\t\t<span class=\"elementor-button-text\">Send<\/span>\n\t\t\t\t\t\t\t\t\t\t\t\t\t<\/span>\n\t\t\t\t\t<\/button>\n\t\t\t\t<\/div>\n\t\t\t<\/div>\n\t\t<input type=\"hidden\" name=\"trp-form-language\" value=\"da\"\/><\/form>\n\t\t\t\t\t\t<\/div>\n\t\t\t\t<\/div>\n\t\t\t\t<\/div>\n\t\t<div class=\"elementor-element elementor-element-01543b9 e-con-full e-flex e-con e-child\" data-id=\"01543b9\" data-element_type=\"container\">\n\t\t\t\t<div class=\"elementor-element elementor-element-5e8295b elementor-widget elementor-widget-heading\" data-id=\"5e8295b\" data-element_type=\"widget\" data-widget_type=\"heading.default\">\n\t\t\t\t<div class=\"elementor-widget-container\">\n\t\t\t\t\t<h4 class=\"elementor-heading-title elementor-size-default\">E-mail<\/h4>\t\t\t\t<\/div>\n\t\t\t\t<\/div>\n\t\t\t\t<div class=\"elementor-element elementor-element-70690a5 elementor-widget elementor-widget-text-editor\" data-id=\"70690a5\" data-element_type=\"widget\" data-widget_type=\"text-editor.default\">\n\t\t\t\t<div class=\"elementor-widget-container\">\n\t\t\t\t\t\t\t\t\t<p>sales@exactquartz.com<\/p>\t\t\t\t\t\t\t\t<\/div>\n\t\t\t\t<\/div>\n\t\t\t\t<div class=\"elementor-element elementor-element-1d83ee6 elementor-widget elementor-widget-heading\" data-id=\"1d83ee6\" data-element_type=\"widget\" data-widget_type=\"heading.default\">\n\t\t\t\t<div class=\"elementor-widget-container\">\n\t\t\t\t\t<h4 class=\"elementor-heading-title elementor-size-default\">Telefon<\/h4>\t\t\t\t<\/div>\n\t\t\t\t<\/div>\n\t\t\t\t<div class=\"elementor-element elementor-element-2c9c708 elementor-widget elementor-widget-text-editor\" data-id=\"2c9c708\" data-element_type=\"widget\" data-widget_type=\"text-editor.default\">\n\t\t\t\t<div class=\"elementor-widget-container\">\n\t\t\t\t\t\t\t\t\t<p>86-18925895231<\/p>\t\t\t\t\t\t\t\t<\/div>\n\t\t\t\t<\/div>\n\t\t\t\t<div class=\"elementor-element elementor-element-4762d4e elementor-widget elementor-widget-heading\" data-id=\"4762d4e\" data-element_type=\"widget\" data-widget_type=\"heading.default\">\n\t\t\t\t<div class=\"elementor-widget-container\">\n\t\t\t\t\t<h4 class=\"elementor-heading-title elementor-size-default\">Adresse<\/h4>\t\t\t\t<\/div>\n\t\t\t\t<\/div>\n\t\t\t\t<div class=\"elementor-element elementor-element-97345bf elementor-widget elementor-widget-text-editor\" data-id=\"97345bf\" data-element_type=\"widget\" data-widget_type=\"text-editor.default\">\n\t\t\t\t<div class=\"elementor-widget-container\">\n\t\t\t\t\t\t\t\t\t<p>Room 403, No. 13, 1st Alley, Lizhiyuan, Zhouwuji, Wanjiang Subdistrict, Dongguan, Guangdong, China<\/p>\t\t\t\t\t\t\t\t<\/div>\n\t\t\t\t<\/div>\n\t\t\t\t<\/div>\n\t\t\t\t\t<\/div>\n\t\t\t\t<\/div>\n\t\t\t\t<\/div>","protected":false},"excerpt":{"rendered":"<p>Blog Contact Email sales@exactquartz.com Phone 86-18925895231 Address Room 403, No. 13, 1st Alley, Lizhiyuan, Zhouwuji, Wanjiang Subdistrict, Dongguan, Guangdong, China<\/p>","protected":false},"author":2,"featured_media":0,"parent":0,"menu_order":0,"comment_status":"closed","ping_status":"closed","template":"","meta":{"_seopress_robots_primary_cat":"","_seopress_titles_title":"Quartz Blog \u2013 Tech Tips, Applications & Material Trends","_seopress_titles_desc":"Explore expert blogs on quartz glass: IC-grade materials, UV optics, laser tech, energy trends & usage guides. Stay informed with fused quartz insights.","_seopress_robots_index":"","site-sidebar-layout":"no-sidebar","site-content-layout":"","ast-site-content-layout":"full-width-container","site-content-style":"default","site-sidebar-style":"default","ast-global-header-display":"","ast-banner-title-visibility":"","ast-main-header-display":"","ast-hfb-above-header-display":"","ast-hfb-below-header-display":"","ast-hfb-mobile-header-display":"","site-post-title":"disabled","ast-breadcrumbs-content":"","ast-featured-img":"disabled","footer-sml-layout":"","theme-transparent-header-meta":"","adv-header-id-meta":"","stick-header-meta":"","header-above-stick-meta":"","header-main-stick-meta":"","header-below-stick-meta":"","astra-migrate-meta-layouts":"default","ast-page-background-enabled":"default","ast-page-background-meta":{"desktop":{"background-color":"var(--ast-global-color-5)","background-image":"","background-repeat":"repeat","background-position":"center center","background-size":"auto","background-attachment":"scroll","background-type":"","background-media":"","overlay-type":"","overlay-color":"","overlay-opacity":"","overlay-gradient":""},"tablet":{"background-color":"","background-image":"","background-repeat":"repeat","background-position":"center center","background-size":"auto","background-attachment":"scroll","background-type":"","background-media":"","overlay-type":"","overlay-color":"","overlay-opacity":"","overlay-gradient":""},"mobile":{"background-color":"","background-image":"","background-repeat":"repeat","background-position":"center center","background-size":"auto","background-attachment":"scroll","background-type":"","background-media":"","overlay-type":"","overlay-color":"","overlay-opacity":"","overlay-gradient":""}},"ast-content-background-meta":{"desktop":{"background-color":"var(--ast-global-color-4)","background-image":"","background-repeat":"repeat","background-position":"center center","background-size":"auto","background-attachment":"scroll","background-type":"","background-media":"","overlay-type":"","overlay-color":"","overlay-opacity":"","overlay-gradient":""},"tablet":{"background-color":"var(--ast-global-color-4)","background-image":"","background-repeat":"repeat","background-position":"center center","background-size":"auto","background-attachment":"scroll","background-type":"","background-media":"","overlay-type":"","overlay-color":"","overlay-opacity":"","overlay-gradient":""},"mobile":{"background-color":"var(--ast-global-color-4)","background-image":"","background-repeat":"repeat","background-position":"center center","background-size":"auto","background-attachment":"scroll","background-type":"","background-media":"","overlay-type":"","overlay-color":"","overlay-opacity":"","overlay-gradient":""}},"footnotes":""},"class_list":["post-215","page","type-page","status-publish","hentry"],"_hostinger_reach_plugin_has_subscription_block":false,"_hostinger_reach_plugin_is_elementor":false,"_links":{"self":[{"href":"https:\/\/exactquartz.com\/da\/wp-json\/wp\/v2\/pages\/215","targetHints":{"allow":["GET"]}}],"collection":[{"href":"https:\/\/exactquartz.com\/da\/wp-json\/wp\/v2\/pages"}],"about":[{"href":"https:\/\/exactquartz.com\/da\/wp-json\/wp\/v2\/types\/page"}],"author":[{"embeddable":true,"href":"https:\/\/exactquartz.com\/da\/wp-json\/wp\/v2\/users\/2"}],"replies":[{"embeddable":true,"href":"https:\/\/exactquartz.com\/da\/wp-json\/wp\/v2\/comments?post=215"}],"version-history":[{"count":32,"href":"https:\/\/exactquartz.com\/da\/wp-json\/wp\/v2\/pages\/215\/revisions"}],"predecessor-version":[{"id":2003,"href":"https:\/\/exactquartz.com\/da\/wp-json\/wp\/v2\/pages\/215\/revisions\/2003"}],"wp:attachment":[{"href":"https:\/\/exactquartz.com\/da\/wp-json\/wp\/v2\/media?parent=215"}],"curies":[{"name":"wp","href":"https:\/\/api.w.org\/{rel}","templated":true}]}}