{"id":101,"date":"2025-03-12T16:00:25","date_gmt":"2025-03-12T08:00:25","guid":{"rendered":"https:\/\/exactquartz.com\/?page_id=101"},"modified":"2026-04-10T19:44:51","modified_gmt":"2026-04-10T11:44:51","slug":"about","status":"publish","type":"page","link":"https:\/\/exactquartz.com\/de\/about\/","title":{"rendered":"\u00dcber"},"content":{"rendered":"<div data-elementor-type=\"wp-page\" data-elementor-id=\"101\" class=\"elementor elementor-101\" data-elementor-post-type=\"page\">\n\t\t\t\t<div class=\"elementor-element elementor-element-dbff14b e-flex e-con-boxed e-con e-parent\" data-id=\"dbff14b\" data-element_type=\"container\">\n\t\t\t\t\t<div class=\"e-con-inner\">\n\t\t\t\t<div class=\"elementor-element elementor-element-8e92d75 elementor-widget elementor-widget-heading\" data-id=\"8e92d75\" data-element_type=\"widget\" data-widget_type=\"heading.default\">\n\t\t\t\t<div class=\"elementor-widget-container\">\n\t\t\t\t\t<h2 class=\"elementor-heading-title elementor-size-default\">Individuell geschmolzener Quarz<\/h2>\t\t\t\t<\/div>\n\t\t\t\t<\/div>\n\t\t\t\t<div class=\"elementor-element elementor-element-53373c9 elementor-widget elementor-widget-text-editor\" data-id=\"53373c9\" data-element_type=\"widget\" data-widget_type=\"text-editor.default\">\n\t\t\t\t<div class=\"elementor-widget-container\">\n\t\t\t\t\t\t\t\t\t<p>Es gibt verschiedene Arten von kundenspezifischen Quarzglasprodukten, einschlie\u00dflich Quarzrohren, Quarzst\u00e4ben, Quarzplatten, Quarzschmelztiegeln usw. Diese Produkte k\u00f6nnen entsprechend den Anforderungen der Kunden entworfen und hergestellt werden, um ihre spezifischen Versuchs- oder Anwendungsanforderungen zu erf\u00fcllen. In chemischen Syntheseexperimenten beispielsweise k\u00f6nnen Quarzrohre und Quarzst\u00e4be zum Erhitzen und Mischen von Reaktanten verwendet werden, w\u00e4hrend Quarztiegel zum Halten und Erhitzen von Proben eingesetzt werden k\u00f6nnen. Bei Spektroskopie- und Mikroskopie-Experimenten k\u00f6nnen Quarzplatten zur Herstellung von Probenhaltern und Fenstern f\u00fcr die einfache Beobachtung und Analyse von Proben verwendet werden.<\/p>\t\t\t\t\t\t\t\t<\/div>\n\t\t\t\t<\/div>\n\t\t\t\t<div class=\"elementor-element elementor-element-6c23f0e elementor-widget elementor-widget-image\" data-id=\"6c23f0e\" data-element_type=\"widget\" data-widget_type=\"image.default\">\n\t\t\t\t<div class=\"elementor-widget-container\">\n\t\t\t\t\t\t\t\t\t\t\t\t\t\t\t<img fetchpriority=\"high\" decoding=\"async\" width=\"1182\" height=\"626\" src=\"https:\/\/exactquartz.com\/wp-content\/uploads\/2025\/03\/customized-fused-quartz-products.webp\" class=\"attachment-full size-full wp-image-105\" alt=\"kundenspezifische Produkte aus Quarzglas\" srcset=\"https:\/\/exactquartz.com\/wp-content\/uploads\/2025\/03\/customized-fused-quartz-products.webp 1182w, https:\/\/exactquartz.com\/wp-content\/uploads\/2025\/03\/customized-fused-quartz-products-300x159.webp 300w, https:\/\/exactquartz.com\/wp-content\/uploads\/2025\/03\/customized-fused-quartz-products-1024x542.webp 1024w, https:\/\/exactquartz.com\/wp-content\/uploads\/2025\/03\/customized-fused-quartz-products-768x407.webp 768w\" sizes=\"(max-width: 1182px) 100vw, 1182px\" \/>\t\t\t\t\t\t\t\t\t\t\t\t\t\t\t<\/div>\n\t\t\t\t<\/div>\n\t\t\t\t\t<\/div>\n\t\t\t\t<\/div>\n\t\t<div class=\"elementor-element elementor-element-027fa49 e-flex e-con-boxed e-con e-parent\" data-id=\"027fa49\" data-element_type=\"container\">\n\t\t\t\t\t<div class=\"e-con-inner\">\n\t\t\t\t<div class=\"elementor-element elementor-element-68f308e elementor-widget elementor-widget-heading\" data-id=\"68f308e\" data-element_type=\"widget\" data-widget_type=\"heading.default\">\n\t\t\t\t<div class=\"elementor-widget-container\">\n\t\t\t\t\t<h2 class=\"elementor-heading-title elementor-size-default\">\u00dcber uns<\/h2>\t\t\t\t<\/div>\n\t\t\t\t<\/div>\n\t\t\t\t<div class=\"elementor-element elementor-element-f8828d7 elementor-widget elementor-widget-text-editor\" data-id=\"f8828d7\" data-element_type=\"widget\" data-widget_type=\"text-editor.default\">\n\t\t\t\t<div class=\"elementor-widget-container\">\n\t\t\t\t\t\t\t\t\t<p>Unser Unternehmen befasst sich haupts\u00e4chlich mit der Herstellung und dem Verkauf von Quarzglasprodukten wie Quarzrohren, Quarzst\u00e4ben, Quarzplatten\/-scheiben und anderen Quarzglaswaren oder Quarzteilen. Wir verkaufen auch andere verwandte Glasprodukte mit dem besten Preis und der besten Qualit\u00e4t. Quarzglasprodukte werden haupts\u00e4chlich von unserem Unternehmen hergestellt und verarbeitet. Wir verf\u00fcgen \u00fcber mehr als 10 Jahre Produktionserfahrung in der Glasbranche, um die Qualit\u00e4t der Produkte zu gew\u00e4hrleisten, und ein professionelles Team, um den Kundendienst sicherzustellen. Die Produkte unserer Agenten stammen aus unserer langj\u00e4hrigen Zusammenarbeit mit den Lieferanten von Rohstoffen und Fertigprodukten, so dass die Produktqualit\u00e4t garantiert ist.<\/p><p>Wir beliefern Kunden auf der ganzen Welt, einschlie\u00dflich Nordamerika, Europa, S\u00fcdamerika, dem Nahen Osten, Afrika und so weiter.<\/p><p>Unser Ziel ist es, schnelle Lieferzeiten, hochwertige und zuverl\u00e4ssige Produkte zu einem fairen Preis anzubieten.<\/p>\t\t\t\t\t\t\t\t<\/div>\n\t\t\t\t<\/div>\n\t\t\t\t\t<\/div>\n\t\t\t\t<\/div>\n\t\t<div class=\"elementor-element elementor-element-7c43ae1 e-flex e-con-boxed e-con e-parent\" data-id=\"7c43ae1\" data-element_type=\"container\">\n\t\t\t\t\t<div class=\"e-con-inner\">\n\t\t\t\t<div class=\"elementor-element elementor-element-ebf79b6 elementor-widget elementor-widget-heading\" data-id=\"ebf79b6\" data-element_type=\"widget\" data-widget_type=\"heading.default\">\n\t\t\t\t<div class=\"elementor-widget-container\">\n\t\t\t\t\t<h2 class=\"elementor-heading-title elementor-size-default\">Warum uns w\u00e4hlen<\/h2>\t\t\t\t<\/div>\n\t\t\t\t<\/div>\n\t\t\t\t\t<\/div>\n\t\t\t\t<\/div>\n\t\t<div class=\"elementor-element elementor-element-31f3112 e-flex e-con-boxed e-con e-parent\" data-id=\"31f3112\" data-element_type=\"container\">\n\t\t\t\t\t<div class=\"e-con-inner\">\n\t\t\t\t<div class=\"elementor-element elementor-element-314aaa9 elementor-widget elementor-widget-n-accordion\" data-id=\"314aaa9\" data-element_type=\"widget\" data-settings=\"{&quot;default_state&quot;:&quot;expanded&quot;,&quot;max_items_expended&quot;:&quot;one&quot;,&quot;n_accordion_animation_duration&quot;:{&quot;unit&quot;:&quot;ms&quot;,&quot;size&quot;:400,&quot;sizes&quot;:[]}}\" data-widget_type=\"nested-accordion.default\">\n\t\t\t\t<div class=\"elementor-widget-container\">\n\t\t\t\t\t\t\t<div class=\"e-n-accordion\" aria-label=\"Akkordeon. \u00d6ffnen Sie Links mit Enter oder Space, schlie\u00dfen Sie sie mit Escape und navigieren Sie mit den Pfeiltasten.\">\n\t\t\t\t\t\t<details id=\"e-n-accordion-item-5160\" class=\"e-n-accordion-item\" open>\n\t\t\t\t<summary class=\"e-n-accordion-item-title\" data-accordion-index=\"1\" tabindex=\"0\" aria-expanded=\"true\" aria-controls=\"e-n-accordion-item-5160\" >\n\t\t\t\t\t<span class='e-n-accordion-item-title-header'><div class=\"e-n-accordion-item-title-text\"> Wie findet man die richtige Fabrik? <\/div><\/span>\n\t\t\t\t\t\t\t<span class='e-n-accordion-item-title-icon'>\n\t\t\t<span class='e-opened' ><svg aria-hidden=\"true\" class=\"e-font-icon-svg e-fas-minus\" viewbox=\"0 0 448 512\" xmlns=\"http:\/\/www.w3.org\/2000\/svg\"><path d=\"M416 208H32c-17.67 0-32 14.33-32 32v32c0 17.67 14.33 32 32 32h384c17.67 0 32-14.33 32-32v-32c0-17.67-14.33-32-32-32z\"><\/path><\/svg><\/span>\n\t\t\t<span class='e-closed'><svg aria-hidden=\"true\" class=\"e-font-icon-svg e-fas-plus\" viewbox=\"0 0 448 512\" xmlns=\"http:\/\/www.w3.org\/2000\/svg\"><path d=\"M416 208H272V64c0-17.67-14.33-32-32-32h-32c-17.67 0-32 14.33-32 32v144H32c-17.67 0-32 14.33-32 32v32c0 17.67 14.33 32 32 32h144v144c0 17.67 14.33 32 32 32h32c17.67 0 32-14.33 32-32V304h144c17.67 0 32-14.33 32-32v-32c0-17.67-14.33-32-32-32z\"><\/path><\/svg><\/span>\n\t\t<\/span>\n\n\t\t\t\t\t\t<\/summary>\n\t\t\t\t<div role=\"region\" aria-labelledby=\"e-n-accordion-item-5160\" class=\"elementor-element elementor-element-c4b3078 e-con-full e-flex e-con e-child\" data-id=\"c4b3078\" data-element_type=\"container\">\n\t\t\t\t<div class=\"elementor-element elementor-element-809494f elementor-widget elementor-widget-text-editor\" data-id=\"809494f\" data-element_type=\"widget\" data-widget_type=\"text-editor.default\">\n\t\t\t\t<div class=\"elementor-widget-container\">\n\t\t\t\t\t\t\t\t\t<p>Wir gehen keine Kompromisse ein......<\/p><p>Ich glaube, es ist jetzt ziemlich einfach, einen chinesischen Lieferanten online zu finden, das einzige Problem ist, dass es zu schwierig ist, die richtige Fabrik zu finden. Es kann getan werden, aber es braucht Zeit.<\/p><p>Die h\u00e4ufigsten Beschwerden sind uneinheitliche Qualit\u00e4t, schlechte Kommunikation und schlechter Service bei den Verk\u00e4ufern in den Fabriken. Wahrscheinlich haben Sie schon geh\u00f6rt oder kennengelernt, dass es einige sehr anspruchsvolle Fabriken gibt, die ihr Wissen und ihre Erfahrung in der Herstellung immer weiter verbessern.<\/p><p>Wir arbeiten seit vielen Jahren mit \u00fcber 15 Herstellern zusammen. Wir wissen, wo wir die perfekte Fabrik f\u00fcr Ihren Auftrag finden, und zwar zu einem Preis, von dem wir beide profitieren k\u00f6nnen. Und unsere umfassende Erfahrung in der Beschaffung sorgt f\u00fcr eine sorgenfreie Produktion.<\/p>\t\t\t\t\t\t\t\t<\/div>\n\t\t\t\t<\/div>\n\t\t\t\t<\/div>\n\t\t\t\t\t<\/details>\n\t\t\t\t\t\t<details id=\"e-n-accordion-item-5161\" class=\"e-n-accordion-item\" >\n\t\t\t\t<summary class=\"e-n-accordion-item-title\" data-accordion-index=\"2\" tabindex=\"-1\" aria-expanded=\"false\" aria-controls=\"e-n-accordion-item-5161\" >\n\t\t\t\t\t<span class='e-n-accordion-item-title-header'><div class=\"e-n-accordion-item-title-text\"> Was macht einen guten Lieferanten aus? <\/div><\/span>\n\t\t\t\t\t\t\t<span class='e-n-accordion-item-title-icon'>\n\t\t\t<span class='e-opened' ><svg aria-hidden=\"true\" class=\"e-font-icon-svg e-fas-minus\" viewbox=\"0 0 448 512\" xmlns=\"http:\/\/www.w3.org\/2000\/svg\"><path d=\"M416 208H32c-17.67 0-32 14.33-32 32v32c0 17.67 14.33 32 32 32h384c17.67 0 32-14.33 32-32v-32c0-17.67-14.33-32-32-32z\"><\/path><\/svg><\/span>\n\t\t\t<span class='e-closed'><svg aria-hidden=\"true\" class=\"e-font-icon-svg e-fas-plus\" viewbox=\"0 0 448 512\" xmlns=\"http:\/\/www.w3.org\/2000\/svg\"><path d=\"M416 208H272V64c0-17.67-14.33-32-32-32h-32c-17.67 0-32 14.33-32 32v144H32c-17.67 0-32 14.33-32 32v32c0 17.67 14.33 32 32 32h144v144c0 17.67 14.33 32 32 32h32c17.67 0 32-14.33 32-32V304h144c17.67 0 32-14.33 32-32v-32c0-17.67-14.33-32-32-32z\"><\/path><\/svg><\/span>\n\t\t<\/span>\n\n\t\t\t\t\t\t<\/summary>\n\t\t\t\t<div role=\"region\" aria-labelledby=\"e-n-accordion-item-5161\" class=\"elementor-element elementor-element-503fcf4 e-con-full e-flex e-con e-child\" data-id=\"503fcf4\" data-element_type=\"container\">\n\t\t\t\t<div class=\"elementor-element elementor-element-867be9b elementor-widget elementor-widget-text-editor\" data-id=\"867be9b\" data-element_type=\"widget\" data-widget_type=\"text-editor.default\">\n\t\t\t\t<div class=\"elementor-widget-container\">\n\t\t\t\t\t\t\t\t\t<p>Erschwinglich, sachkundig, reaktionsschnell, verl\u00e4sslich......<\/p><p>Nicht einmal wir haben eine allgemeing\u00fcltige Antwort auf diese Frage.<\/p><p>Im Laufe von 15 Jahren hat Changlian jedoch die wesentlichen Erkenntnisse zu dieser zentralen Frage gewonnen. Wir sind ein wertsch\u00e4tzender und zuverl\u00e4ssiger Lieferant mit einem nachhaltigen Gesch\u00e4ftsmodell, professionellen Kundenbeziehungen und der Bereitschaft, notwendige Ver\u00e4nderungen entsprechend dem aktuellen Handelsumfeld in China vorzunehmen. Die konsequente Qualit\u00e4tssicherung und das Full-Service-Konzept werden durch unseren Standardbetriebsprozess abgerundet.<\/p><p>Wir halten den Wert \"Authentizit\u00e4t, Zuverl\u00e4ssigkeit, Integrit\u00e4t\" hoch. Der reinste Ausdruck dieser Grundwerte ist unser umfassendes Servicekonzept.<\/p>\t\t\t\t\t\t\t\t<\/div>\n\t\t\t\t<\/div>\n\t\t\t\t<\/div>\n\t\t\t\t\t<\/details>\n\t\t\t\t\t\t<details id=\"e-n-accordion-item-5162\" class=\"e-n-accordion-item\" >\n\t\t\t\t<summary class=\"e-n-accordion-item-title\" data-accordion-index=\"3\" tabindex=\"-1\" aria-expanded=\"false\" aria-controls=\"e-n-accordion-item-5162\" >\n\t\t\t\t\t<span class='e-n-accordion-item-title-header'><div class=\"e-n-accordion-item-title-text\"> Was kennzeichnet die Qualit\u00e4t eines Unternehmens? <\/div><\/span>\n\t\t\t\t\t\t\t<span class='e-n-accordion-item-title-icon'>\n\t\t\t<span class='e-opened' ><svg aria-hidden=\"true\" class=\"e-font-icon-svg e-fas-minus\" viewbox=\"0 0 448 512\" xmlns=\"http:\/\/www.w3.org\/2000\/svg\"><path d=\"M416 208H32c-17.67 0-32 14.33-32 32v32c0 17.67 14.33 32 32 32h384c17.67 0 32-14.33 32-32v-32c0-17.67-14.33-32-32-32z\"><\/path><\/svg><\/span>\n\t\t\t<span class='e-closed'><svg aria-hidden=\"true\" class=\"e-font-icon-svg e-fas-plus\" viewbox=\"0 0 448 512\" xmlns=\"http:\/\/www.w3.org\/2000\/svg\"><path d=\"M416 208H272V64c0-17.67-14.33-32-32-32h-32c-17.67 0-32 14.33-32 32v144H32c-17.67 0-32 14.33-32 32v32c0 17.67 14.33 32 32 32h144v144c0 17.67 14.33 32 32 32h32c17.67 0 32-14.33 32-32V304h144c17.67 0 32-14.33 32-32v-32c0-17.67-14.33-32-32-32z\"><\/path><\/svg><\/span>\n\t\t<\/span>\n\n\t\t\t\t\t\t<\/summary>\n\t\t\t\t<div role=\"region\" aria-labelledby=\"e-n-accordion-item-5162\" class=\"elementor-element elementor-element-6779cb0 e-con-full e-flex e-con e-child\" data-id=\"6779cb0\" data-element_type=\"container\">\n\t\t\t\t<div class=\"elementor-element elementor-element-35b1450 elementor-widget elementor-widget-text-editor\" data-id=\"35b1450\" data-element_type=\"widget\" data-widget_type=\"text-editor.default\">\n\t\t\t\t<div class=\"elementor-widget-container\">\n\t\t\t\t\t\t\t\t\t<p>Qualit\u00e4t und Leistung, unsere Positionierung auf dem Markt......<\/p><p>Bei Changlian indurstrial steht die hohe Qualit\u00e4t der hergestellten Produkte an erster Stelle.<\/p><p>Im Hinblick auf unser Wettbewerbsumfeld und die Handelsstrukturen unterscheiden sich Unternehmen immer weniger \u00fcber den Preis. Deshalb bieten wir als Value Added Provider integrierte, serviceorientierte L\u00f6sungen an, die f\u00fcr unsere Kunden einen klar erkennbaren Mehrwert schaffen.<\/p><ul><li>Wir passen Produkte nach Ihren W\u00fcnschen an<\/li><li>Wir bieten gezielte und kundenfreundliche Unterst\u00fctzung<\/li><li>Wir konzentrieren uns auf die Bed\u00fcrfnisse unserer Kunden<\/li><li>Wir pflegen langfristige und partnerschaftliche Beziehungen<\/li><\/ul>\t\t\t\t\t\t\t\t<\/div>\n\t\t\t\t<\/div>\n\t\t\t\t<\/div>\n\t\t\t\t\t<\/details>\n\t\t\t\t\t<\/div>\n\t\t\t\t\t\t<\/div>\n\t\t\t\t<\/div>\n\t\t\t\t\t<\/div>\n\t\t\t\t<\/div>\n\t\t<div class=\"elementor-element elementor-element-caaabba e-flex e-con-boxed e-con e-parent\" data-id=\"caaabba\" data-element_type=\"container\">\n\t\t\t\t\t<div class=\"e-con-inner\">\n\t\t\t\t<div class=\"elementor-element elementor-element-f68012e elementor-widget elementor-widget-heading\" data-id=\"f68012e\" data-element_type=\"widget\" data-widget_type=\"heading.default\">\n\t\t\t\t<div class=\"elementor-widget-container\">\n\t\t\t\t\t<h2 class=\"elementor-heading-title elementor-size-default\">Kontakt<\/h2>\t\t\t\t<\/div>\n\t\t\t\t<\/div>\n\t\t\t\t\t<\/div>\n\t\t\t\t<\/div>\n\t\t<div class=\"elementor-element elementor-element-007b524 e-flex e-con-boxed e-con e-parent\" data-id=\"007b524\" data-element_type=\"container\" data-settings=\"{&quot;background_background&quot;:&quot;classic&quot;}\">\n\t\t\t\t\t<div class=\"e-con-inner\">\n\t\t<div class=\"elementor-element elementor-element-b4bcc68 e-con-full e-flex e-con e-child\" data-id=\"b4bcc68\" data-element_type=\"container\">\n\t\t\t\t<div class=\"elementor-element elementor-element-acea703 elementor-button-align-stretch elementor-widget elementor-widget-form\" data-id=\"acea703\" data-element_type=\"widget\" data-settings=\"{&quot;step_next_label&quot;:&quot;Next&quot;,&quot;step_previous_label&quot;:&quot;Previous&quot;,&quot;button_width&quot;:&quot;100&quot;,&quot;step_type&quot;:&quot;number_text&quot;,&quot;step_icon_shape&quot;:&quot;circle&quot;}\" data-widget_type=\"form.default\">\n\t\t\t\t<div class=\"elementor-widget-container\">\n\t\t\t\t\t\t\t<form class=\"elementor-form\" method=\"post\" name=\"New Form\" aria-label=\"Neue Form\" action=\"\">\n\t\t\t<input type=\"hidden\" name=\"post_id\" value=\"101\"\/>\n\t\t\t<input type=\"hidden\" name=\"form_id\" value=\"acea703\"\/>\n\t\t\t<input type=\"hidden\" name=\"referer_title\" value=\"\" \/>\n\n\t\t\t\n\t\t\t<div class=\"elementor-form-fields-wrapper elementor-labels-above\">\n\t\t\t\t\t\t\t\t<div class=\"elementor-field-type-email elementor-field-group elementor-column elementor-field-group-email elementor-col-100 elementor-field-required elementor-mark-required\">\n\t\t\t\t\t\t\t\t\t\t\t\t<label for=\"form-field-email\" class=\"elementor-field-label\">\n\t\t\t\t\t\t\t\tE-Mail\t\t\t\t\t\t\t<\/label>\n\t\t\t\t\t\t\t\t\t\t\t\t\t\t<input size=\"1\" type=\"email\" name=\"form_fields[email]\" id=\"form-field-email\" class=\"elementor-field elementor-size-sm  elementor-field-textual\" placeholder=\"E-Mail\" required=\"required\">\n\t\t\t\t\t\t\t\t\t\t\t<\/div>\n\t\t\t\t\t\t\t\t<div class=\"elementor-field-type-text elementor-field-group elementor-column elementor-field-group-name elementor-col-100\">\n\t\t\t\t\t\t\t\t\t\t\t\t<label for=\"form-field-name\" class=\"elementor-field-label\">\n\t\t\t\t\t\t\t\tName\t\t\t\t\t\t\t<\/label>\n\t\t\t\t\t\t\t\t\t\t\t\t\t\t<input size=\"1\" type=\"text\" name=\"form_fields[name]\" id=\"form-field-name\" class=\"elementor-field elementor-size-sm  elementor-field-textual\" placeholder=\"Name\">\n\t\t\t\t\t\t\t\t\t\t\t<\/div>\n\t\t\t\t\t\t\t\t<div class=\"elementor-field-type-text elementor-field-group elementor-column elementor-field-group-field_2142395 elementor-col-100\">\n\t\t\t\t\t\t\t\t\t\t\t\t<label for=\"form-field-field_2142395\" class=\"elementor-field-label\">\n\t\t\t\t\t\t\t\tUnternehmen\t\t\t\t\t\t\t<\/label>\n\t\t\t\t\t\t\t\t\t\t\t\t\t\t<input size=\"1\" type=\"text\" name=\"form_fields[field_2142395]\" id=\"form-field-field_2142395\" class=\"elementor-field elementor-size-sm  elementor-field-textual\" placeholder=\"Unternehmen\">\n\t\t\t\t\t\t\t\t\t\t\t<\/div>\n\t\t\t\t\t\t\t\t<div class=\"elementor-field-type-text elementor-field-group elementor-column elementor-field-group-field_910d9b8 elementor-col-100\">\n\t\t\t\t\t\t\t\t\t\t\t\t<label for=\"form-field-field_910d9b8\" class=\"elementor-field-label\">\n\t\t\t\t\t\t\t\tMenge\t\t\t\t\t\t\t<\/label>\n\t\t\t\t\t\t\t\t\t\t\t\t\t\t<input size=\"1\" type=\"text\" name=\"form_fields[field_910d9b8]\" id=\"form-field-field_910d9b8\" class=\"elementor-field elementor-size-sm  elementor-field-textual\" placeholder=\"Menge\">\n\t\t\t\t\t\t\t\t\t\t\t<\/div>\n\t\t\t\t\t\t\t\t<div class=\"elementor-field-type-textarea elementor-field-group elementor-column elementor-field-group-message elementor-col-100 elementor-field-required elementor-mark-required\">\n\t\t\t\t\t\t\t\t\t\t\t\t<label for=\"form-field-message\" class=\"elementor-field-label\">\n\t\t\t\t\t\t\t\tNachricht\t\t\t\t\t\t\t<\/label>\n\t\t\t\t\t\t<textarea class=\"elementor-field-textual elementor-field  elementor-size-sm\" name=\"form_fields[message]\" id=\"form-field-message\" rows=\"4\" placeholder=\"Nachricht\" required=\"required\"><\/textarea>\t\t\t\t<\/div>\n\t\t\t\t\t\t\t\t<div class=\"elementor-field-type-recaptcha_v3 elementor-field-group elementor-column elementor-field-group-field_ae761ac elementor-col-100 recaptcha_v3-bottomright\">\n\t\t\t\t\t<div class=\"elementor-field\" id=\"form-field-field_ae761ac\"><div class=\"elementor-g-recaptcha\" data-sitekey=\"6LdhlhorAAAAAPBwag6SlK9inlSeBDVUmykMyzvp\" data-type=\"v3\" data-action=\"Form\" data-badge=\"bottomright\" data-size=\"invisible\"><\/div><\/div>\t\t\t\t<\/div>\n\t\t\t\t\t\t\t\t<div class=\"elementor-field-group elementor-column elementor-field-type-submit elementor-col-100 e-form__buttons\">\n\t\t\t\t\t<button class=\"elementor-button elementor-size-sm\" type=\"submit\">\n\t\t\t\t\t\t<span class=\"elementor-button-content-wrapper\">\n\t\t\t\t\t\t\t\t\t\t\t\t\t\t\t\t\t\t\t\t\t\t<span class=\"elementor-button-text\">Senden Sie<\/span>\n\t\t\t\t\t\t\t\t\t\t\t\t\t<\/span>\n\t\t\t\t\t<\/button>\n\t\t\t\t<\/div>\n\t\t\t<\/div>\n\t\t<input type=\"hidden\" name=\"trp-form-language\" value=\"de\"\/><\/form>\n\t\t\t\t\t\t<\/div>\n\t\t\t\t<\/div>\n\t\t\t\t<\/div>\n\t\t<div class=\"elementor-element elementor-element-0177d23 e-con-full e-flex e-con e-child\" data-id=\"0177d23\" data-element_type=\"container\">\n\t\t\t\t<div class=\"elementor-element elementor-element-601a6b9 elementor-widget elementor-widget-heading\" data-id=\"601a6b9\" data-element_type=\"widget\" data-widget_type=\"heading.default\">\n\t\t\t\t<div class=\"elementor-widget-container\">\n\t\t\t\t\t<h4 class=\"elementor-heading-title elementor-size-default\">E-Mail<\/h4>\t\t\t\t<\/div>\n\t\t\t\t<\/div>\n\t\t\t\t<div class=\"elementor-element elementor-element-42a7724 elementor-widget elementor-widget-text-editor\" data-id=\"42a7724\" data-element_type=\"widget\" data-widget_type=\"text-editor.default\">\n\t\t\t\t<div class=\"elementor-widget-container\">\n\t\t\t\t\t\t\t\t\t<p>sales@exactquartz.com<\/p>\t\t\t\t\t\t\t\t<\/div>\n\t\t\t\t<\/div>\n\t\t\t\t<div class=\"elementor-element elementor-element-12a1e66 elementor-widget elementor-widget-heading\" data-id=\"12a1e66\" data-element_type=\"widget\" data-widget_type=\"heading.default\">\n\t\t\t\t<div class=\"elementor-widget-container\">\n\t\t\t\t\t<h4 class=\"elementor-heading-title elementor-size-default\">Telefon<\/h4>\t\t\t\t<\/div>\n\t\t\t\t<\/div>\n\t\t\t\t<div class=\"elementor-element elementor-element-f42a1d4 elementor-widget elementor-widget-text-editor\" data-id=\"f42a1d4\" data-element_type=\"widget\" data-widget_type=\"text-editor.default\">\n\t\t\t\t<div class=\"elementor-widget-container\">\n\t\t\t\t\t\t\t\t\t<p>86-18925895231<\/p>\t\t\t\t\t\t\t\t<\/div>\n\t\t\t\t<\/div>\n\t\t\t\t<div class=\"elementor-element elementor-element-c2d9d04 elementor-widget elementor-widget-heading\" data-id=\"c2d9d04\" data-element_type=\"widget\" data-widget_type=\"heading.default\">\n\t\t\t\t<div class=\"elementor-widget-container\">\n\t\t\t\t\t<h4 class=\"elementor-heading-title elementor-size-default\">Adresse<\/h4>\t\t\t\t<\/div>\n\t\t\t\t<\/div>\n\t\t\t\t<div class=\"elementor-element elementor-element-9ab9475 elementor-widget elementor-widget-text-editor\" data-id=\"9ab9475\" data-element_type=\"widget\" data-widget_type=\"text-editor.default\">\n\t\t\t\t<div class=\"elementor-widget-container\">\n\t\t\t\t\t\t\t\t\t<p>Room 403, No. 13, 1st Alley, Lizhiyuan, Zhouwuji, Wanjiang Subdistrict, Dongguan, Guangdong, China<\/p>\t\t\t\t\t\t\t\t<\/div>\n\t\t\t\t<\/div>\n\t\t\t\t<\/div>\n\t\t\t\t\t<\/div>\n\t\t\t\t<\/div>\n\t\t\t\t<\/div>","protected":false},"excerpt":{"rendered":"<p>Custom Fused Quartz There are various types of customized fused quartz products, including quartz tubes, quartz rods, quartz plates, quartz [&hellip;]<\/p>","protected":false},"author":2,"featured_media":0,"parent":0,"menu_order":0,"comment_status":"closed","ping_status":"closed","template":"","meta":{"_seopress_robots_primary_cat":"","_seopress_titles_title":"About ExactQuartz \u2013 Fused Quartz Tubes, Rods & Plates","_seopress_titles_desc":"Learn about ExactQuartz, a quartz glass manufacturer with 10+ years of experience. We supply custom fused quartz parts worldwide with quality & speed.","_seopress_robots_index":"","site-sidebar-layout":"no-sidebar","site-content-layout":"","ast-site-content-layout":"full-width-container","site-content-style":"default","site-sidebar-style":"default","ast-global-header-display":"","ast-banner-title-visibility":"","ast-main-header-display":"","ast-hfb-above-header-display":"","ast-hfb-below-header-display":"","ast-hfb-mobile-header-display":"","site-post-title":"disabled","ast-breadcrumbs-content":"","ast-featured-img":"disabled","footer-sml-layout":"","theme-transparent-header-meta":"","adv-header-id-meta":"","stick-header-meta":"","header-above-stick-meta":"","header-main-stick-meta":"","header-below-stick-meta":"","astra-migrate-meta-layouts":"default","ast-page-background-enabled":"default","ast-page-background-meta":{"desktop":{"background-color":"var(--ast-global-color-5)","background-image":"","background-repeat":"repeat","background-position":"center center","background-size":"auto","background-attachment":"scroll","background-type":"","background-media":"","overlay-type":"","overlay-color":"","overlay-opacity":"","overlay-gradient":""},"tablet":{"background-color":"","background-image":"","background-repeat":"repeat","background-position":"center center","background-size":"auto","background-attachment":"scroll","background-type":"","background-media":"","overlay-type":"","overlay-color":"","overlay-opacity":"","overlay-gradient":""},"mobile":{"background-color":"","background-image":"","background-repeat":"repeat","background-position":"center center","background-size":"auto","background-attachment":"scroll","background-type":"","background-media":"","overlay-type":"","overlay-color":"","overlay-opacity":"","overlay-gradient":""}},"ast-content-background-meta":{"desktop":{"background-color":"var(--ast-global-color-4)","background-image":"","background-repeat":"repeat","background-position":"center center","background-size":"auto","background-attachment":"scroll","background-type":"","background-media":"","overlay-type":"","overlay-color":"","overlay-opacity":"","overlay-gradient":""},"tablet":{"background-color":"var(--ast-global-color-4)","background-image":"","background-repeat":"repeat","background-position":"center center","background-size":"auto","background-attachment":"scroll","background-type":"","background-media":"","overlay-type":"","overlay-color":"","overlay-opacity":"","overlay-gradient":""},"mobile":{"background-color":"var(--ast-global-color-4)","background-image":"","background-repeat":"repeat","background-position":"center center","background-size":"auto","background-attachment":"scroll","background-type":"","background-media":"","overlay-type":"","overlay-color":"","overlay-opacity":"","overlay-gradient":""}},"footnotes":""},"class_list":["post-101","page","type-page","status-publish","hentry"],"_hostinger_reach_plugin_has_subscription_block":false,"_hostinger_reach_plugin_is_elementor":false,"_links":{"self":[{"href":"https:\/\/exactquartz.com\/de\/wp-json\/wp\/v2\/pages\/101","targetHints":{"allow":["GET"]}}],"collection":[{"href":"https:\/\/exactquartz.com\/de\/wp-json\/wp\/v2\/pages"}],"about":[{"href":"https:\/\/exactquartz.com\/de\/wp-json\/wp\/v2\/types\/page"}],"author":[{"embeddable":true,"href":"https:\/\/exactquartz.com\/de\/wp-json\/wp\/v2\/users\/2"}],"replies":[{"embeddable":true,"href":"https:\/\/exactquartz.com\/de\/wp-json\/wp\/v2\/comments?post=101"}],"version-history":[{"count":38,"href":"https:\/\/exactquartz.com\/de\/wp-json\/wp\/v2\/pages\/101\/revisions"}],"predecessor-version":[{"id":1997,"href":"https:\/\/exactquartz.com\/de\/wp-json\/wp\/v2\/pages\/101\/revisions\/1997"}],"wp:attachment":[{"href":"https:\/\/exactquartz.com\/de\/wp-json\/wp\/v2\/media?parent=101"}],"curies":[{"name":"wp","href":"https:\/\/api.w.org\/{rel}","templated":true}]}}