{"id":499,"date":"2025-03-29T12:11:03","date_gmt":"2025-03-29T04:11:03","guid":{"rendered":"https:\/\/exactquartz.com\/?page_id=499"},"modified":"2025-04-16T18:19:44","modified_gmt":"2025-04-16T10:19:44","slug":"large-caliber-quartz-tubes","status":"publish","type":"page","link":"https:\/\/exactquartz.com\/es\/high-temp-quartz-solutions\/large-caliber-quartz-tubes\/","title":{"rendered":"Tubos de cuarzo de gran calibre para semiconductores y productos qu\u00edmicos"},"content":{"rendered":"<div data-elementor-type=\"wp-page\" data-elementor-id=\"499\" class=\"elementor elementor-499\" data-elementor-post-type=\"page\">\n\t\t\t\t<div class=\"elementor-element elementor-element-d2bc4f1 e-flex e-con-boxed e-con e-parent\" data-id=\"d2bc4f1\" data-element_type=\"container\">\n\t\t\t\t\t<div class=\"e-con-inner\">\n\t\t<div class=\"elementor-element elementor-element-6d0fc6f e-con-full e-flex e-con e-child\" data-id=\"6d0fc6f\" data-element_type=\"container\">\n\t\t\t\t<div class=\"elementor-element elementor-element-51d5345 elementor-widget elementor-widget-image\" data-id=\"51d5345\" data-element_type=\"widget\" data-widget_type=\"image.default\">\n\t\t\t\t<div class=\"elementor-widget-container\">\n\t\t\t\t\t\t\t\t\t\t\t\t\t\t\t<img fetchpriority=\"high\" decoding=\"async\" width=\"500\" height=\"438\" src=\"https:\/\/exactquartz.com\/wp-content\/uploads\/2025\/03\/Large-caliber-quartz-tube.webp\" class=\"attachment-large size-large wp-image-500\" alt=\"Tubo de cuarzo de gran calibre\" srcset=\"https:\/\/exactquartz.com\/wp-content\/uploads\/2025\/03\/Large-caliber-quartz-tube.webp 500w, https:\/\/exactquartz.com\/wp-content\/uploads\/2025\/03\/Large-caliber-quartz-tube-300x263.webp 300w\" sizes=\"(max-width: 500px) 100vw, 500px\" \/>\t\t\t\t\t\t\t\t\t\t\t\t\t\t\t<\/div>\n\t\t\t\t<\/div>\n\t\t\t\t<\/div>\n\t\t<div class=\"elementor-element elementor-element-2a56432 e-con-full e-flex e-con e-child\" data-id=\"2a56432\" data-element_type=\"container\">\n\t\t\t\t<div class=\"elementor-element elementor-element-70d5eba elementor-widget elementor-widget-heading\" data-id=\"70d5eba\" data-element_type=\"widget\" data-widget_type=\"heading.default\">\n\t\t\t\t<div class=\"elementor-widget-container\">\n\t\t\t\t\t<h2 class=\"elementor-heading-title elementor-size-default\">Tubos de cuarzo de gran calibre para semiconductores y productos qu\u00edmicos<\/h2>\t\t\t\t<\/div>\n\t\t\t\t<\/div>\n\t\t\t\t<div class=\"elementor-element elementor-element-ac956f7 elementor-widget elementor-widget-text-editor\" data-id=\"ac956f7\" data-element_type=\"widget\" data-widget_type=\"text-editor.default\">\n\t\t\t\t<div class=\"elementor-widget-container\">\n\t\t\t\t\t\t\t\t\t<p>Un tubo de cuarzo de gran calibre es un tubo fabricado con cristal de cuarzo de alta calidad y gran di\u00e1metro. Se utiliza en diversas industrias y aplicaciones, como la fabricaci\u00f3n de semiconductores, la iluminaci\u00f3n y el procesamiento qu\u00edmico. Los tubos de cuarzo ofrecen gran estabilidad t\u00e9rmica, resistencia qu\u00edmica y excelentes propiedades \u00f3pticas, lo que los hace ideales para su uso en entornos dif\u00edciles. Pueden personalizarse para cumplir requisitos espec\u00edficos de tama\u00f1o y grosor. En general, los tubos de cuarzo de gran calibre son componentes esenciales para lograr resultados de alta calidad en diversos procesos industriales.<\/p>\t\t\t\t\t\t\t\t<\/div>\n\t\t\t\t<\/div>\n\t\t\t\t<div class=\"elementor-element elementor-element-3e7e61c elementor-align-left elementor-widget elementor-widget-button\" data-id=\"3e7e61c\" data-element_type=\"widget\" data-widget_type=\"button.default\">\n\t\t\t\t<div class=\"elementor-widget-container\">\n\t\t\t\t\t\t\t\t\t<div class=\"elementor-button-wrapper\">\n\t\t\t\t\t<a class=\"elementor-button elementor-button-link elementor-size-sm\" href=\"#elementor-action%3Aaction%3Dpopup%3Aopen%26settings%3DeyJpZCI6IjEyNzUiLCJ0b2dnbGUiOmZhbHNlfQ%3D%3D\">\n\t\t\t\t\t\t<span class=\"elementor-button-content-wrapper\">\n\t\t\t\t\t\t\t\t\t<span class=\"elementor-button-text\">Presupuesto r\u00e1pido<\/span>\n\t\t\t\t\t<\/span>\n\t\t\t\t\t<\/a>\n\t\t\t\t<\/div>\n\t\t\t\t\t\t\t\t<\/div>\n\t\t\t\t<\/div>\n\t\t\t\t<\/div>\n\t\t\t\t\t<\/div>\n\t\t\t\t<\/div>\n\t\t<div class=\"elementor-element elementor-element-a2ed80c e-flex e-con-boxed e-con e-parent\" data-id=\"a2ed80c\" data-element_type=\"container\">\n\t\t\t\t\t<div class=\"e-con-inner\">\n\t\t\t\t<div class=\"elementor-element elementor-element-03e2c25 elementor-widget elementor-widget-heading\" data-id=\"03e2c25\" data-element_type=\"widget\" data-widget_type=\"heading.default\">\n\t\t\t\t<div class=\"elementor-widget-container\">\n\t\t\t\t\t<h3 class=\"elementor-heading-title elementor-size-default\">Tubos de cuarzo fundido\/Tubos de s\u00edlice:<\/h3>\t\t\t\t<\/div>\n\t\t\t\t<\/div>\n\t\t\t\t<div class=\"elementor-element elementor-element-281af31 elementor-widget elementor-widget-text-editor\" data-id=\"281af31\" data-element_type=\"widget\" data-widget_type=\"text-editor.default\">\n\t\t\t\t<div class=\"elementor-widget-container\">\n\t\t\t\t\t\t\t\t\t<p>El tubo de cuarzo es un tipo de tubo fabricado con cristal de cuarzo de alta calidad y gran di\u00e1metro. Los tubos de cuarzo se utilizan ampliamente en diversas industrias y aplicaciones, como la fabricaci\u00f3n de semiconductores, la iluminaci\u00f3n y el procesamiento qu\u00edmico.<\/p><p>La excepcional estabilidad t\u00e9rmica y resistencia qu\u00edmica de los tubos de cuarzo los hacen ideales para su uso en entornos dif\u00edciles. Pueden soportar altas temperaturas y son resistentes a la mayor\u00eda de los productos qu\u00edmicos, \u00e1cidos y \u00e1lcalis, lo que garantiza su durabilidad y longevidad. Los tubos de cuarzo tambi\u00e9n presentan excelentes propiedades \u00f3pticas, como alta transparencia y baja absorci\u00f3n, lo que los hace \u00fatiles en aplicaciones que requieren precisi\u00f3n \u00f3ptica.<\/p><p>Los tubos de cuarzo de gran calibre se utilizan habitualmente en la fabricaci\u00f3n de semiconductores como componente de los equipos utilizados para producir microchips. Tambi\u00e9n se utilizan en la industria de la iluminaci\u00f3n para l\u00e1mparas de descarga de alta intensidad, donde proporcionan altos niveles de brillo y eficiencia. En el procesamiento qu\u00edmico, los tubos de cuarzo se utilizan en reactores y c\u00e1maras donde pueden soportar productos qu\u00edmicos agresivos y altas temperaturas.<\/p><p>Los tubos de cuarzo pueden personalizarse para cumplir requisitos espec\u00edficos de tama\u00f1o y grosor, lo que los hace vers\u00e1tiles y adaptables a diversas aplicaciones. Pueden fabricarse mediante distintas t\u00e9cnicas, como extrusi\u00f3n, fusi\u00f3n y deposici\u00f3n qu\u00edmica de vapor.<\/p><p>En resumen, los tubos de cuarzo de gran calibre son componentes esenciales en diversas industrias y aplicaciones debido a su excepcional estabilidad t\u00e9rmica, resistencia qu\u00edmica y propiedades \u00f3pticas. Ofrecen altos niveles de durabilidad y longevidad, lo que los hace ideales para su uso en entornos dif\u00edciles.<\/p>\t\t\t\t\t\t\t\t<\/div>\n\t\t\t\t<\/div>\n\t\t\t\t\t<\/div>\n\t\t\t\t<\/div>\n\t\t\t\t<\/div>","protected":false},"excerpt":{"rendered":"<p>Large-Caliber Quartz Tubes for Semiconductor &amp; Chemical Use A large-caliber quartz tube is a tube made from high-quality quartz crystal [&hellip;]<\/p>","protected":false},"author":9,"featured_media":500,"parent":839,"menu_order":0,"comment_status":"closed","ping_status":"closed","template":"","meta":{"_seopress_robots_primary_cat":"","_seopress_titles_title":"Large-Caliber Quartz Tubes for Semiconductor & Chemical Use","_seopress_titles_desc":"Wide-diameter quartz tubes with high thermal stability, chemical resistance & optical clarity. Ideal for semiconductors, lighting & reactors. Custom sizes.","_seopress_robots_index":"","site-sidebar-layout":"no-sidebar","site-content-layout":"","ast-site-content-layout":"full-width-container","site-content-style":"default","site-sidebar-style":"default","ast-global-header-display":"","ast-banner-title-visibility":"","ast-main-header-display":"","ast-hfb-above-header-display":"","ast-hfb-below-header-display":"","ast-hfb-mobile-header-display":"","site-post-title":"disabled","ast-breadcrumbs-content":"","ast-featured-img":"disabled","footer-sml-layout":"","theme-transparent-header-meta":"","adv-header-id-meta":"","stick-header-meta":"","header-above-stick-meta":"","header-main-stick-meta":"","header-below-stick-meta":"","astra-migrate-meta-layouts":"default","ast-page-background-enabled":"default","ast-page-background-meta":{"desktop":{"background-color":"var(--ast-global-color-5)","background-image":"","background-repeat":"repeat","background-position":"center center","background-size":"auto","background-attachment":"scroll","background-type":"","background-media":"","overlay-type":"","overlay-color":"","overlay-opacity":"","overlay-gradient":""},"tablet":{"background-color":"","background-image":"","background-repeat":"repeat","background-position":"center center","background-size":"auto","background-attachment":"scroll","background-type":"","background-media":"","overlay-type":"","overlay-color":"","overlay-opacity":"","overlay-gradient":""},"mobile":{"background-color":"","background-image":"","background-repeat":"repeat","background-position":"center center","background-size":"auto","background-attachment":"scroll","background-type":"","background-media":"","overlay-type":"","overlay-color":"","overlay-opacity":"","overlay-gradient":""}},"ast-content-background-meta":{"desktop":{"background-color":"var(--ast-global-color-4)","background-image":"","background-repeat":"repeat","background-position":"center center","background-size":"auto","background-attachment":"scroll","background-type":"","background-media":"","overlay-type":"","overlay-color":"","overlay-opacity":"","overlay-gradient":""},"tablet":{"background-color":"var(--ast-global-color-4)","background-image":"","background-repeat":"repeat","background-position":"center center","background-size":"auto","background-attachment":"scroll","background-type":"","background-media":"","overlay-type":"","overlay-color":"","overlay-opacity":"","overlay-gradient":""},"mobile":{"background-color":"var(--ast-global-color-4)","background-image":"","background-repeat":"repeat","background-position":"center center","background-size":"auto","background-attachment":"scroll","background-type":"","background-media":"","overlay-type":"","overlay-color":"","overlay-opacity":"","overlay-gradient":""}},"footnotes":""},"class_list":["post-499","page","type-page","status-publish","has-post-thumbnail","hentry"],"_hostinger_reach_plugin_has_subscription_block":false,"_hostinger_reach_plugin_is_elementor":false,"_links":{"self":[{"href":"https:\/\/exactquartz.com\/es\/wp-json\/wp\/v2\/pages\/499","targetHints":{"allow":["GET"]}}],"collection":[{"href":"https:\/\/exactquartz.com\/es\/wp-json\/wp\/v2\/pages"}],"about":[{"href":"https:\/\/exactquartz.com\/es\/wp-json\/wp\/v2\/types\/page"}],"author":[{"embeddable":true,"href":"https:\/\/exactquartz.com\/es\/wp-json\/wp\/v2\/users\/9"}],"replies":[{"embeddable":true,"href":"https:\/\/exactquartz.com\/es\/wp-json\/wp\/v2\/comments?post=499"}],"version-history":[{"count":14,"href":"https:\/\/exactquartz.com\/es\/wp-json\/wp\/v2\/pages\/499\/revisions"}],"predecessor-version":[{"id":1353,"href":"https:\/\/exactquartz.com\/es\/wp-json\/wp\/v2\/pages\/499\/revisions\/1353"}],"up":[{"embeddable":true,"href":"https:\/\/exactquartz.com\/es\/wp-json\/wp\/v2\/pages\/839"}],"wp:featuredmedia":[{"embeddable":true,"href":"https:\/\/exactquartz.com\/es\/wp-json\/wp\/v2\/media\/500"}],"wp:attachment":[{"href":"https:\/\/exactquartz.com\/es\/wp-json\/wp\/v2\/media?parent=499"}],"curies":[{"name":"wp","href":"https:\/\/api.w.org\/{rel}","templated":true}]}}