{"id":775,"date":"2025-04-02T17:43:08","date_gmt":"2025-04-02T09:43:08","guid":{"rendered":"https:\/\/exactquartz.com\/?page_id=775"},"modified":"2025-04-16T18:34:34","modified_gmt":"2025-04-16T10:34:34","slug":"quartz-evaporating-culture-dishes","status":"publish","type":"page","link":"https:\/\/exactquartz.com\/es\/quartz-lab-glassware-product\/quartz-evaporating-culture-dishes\/","title":{"rendered":"Platos de evaporaci\u00f3n y cultivo de cuarzo"},"content":{"rendered":"<div data-elementor-type=\"wp-page\" data-elementor-id=\"775\" class=\"elementor elementor-775\" data-elementor-post-type=\"page\">\n\t\t\t\t<div class=\"elementor-element elementor-element-d2bc4f1 e-flex e-con-boxed e-con e-parent\" data-id=\"d2bc4f1\" data-element_type=\"container\">\n\t\t\t\t\t<div class=\"e-con-inner\">\n\t\t<div class=\"elementor-element elementor-element-6d0fc6f e-con-full e-flex e-con e-child\" data-id=\"6d0fc6f\" data-element_type=\"container\">\n\t\t\t\t<div class=\"elementor-element elementor-element-133430f elementor-skin-slideshow elementor-arrows-yes elementor-widget elementor-widget-media-carousel\" data-id=\"133430f\" data-element_type=\"widget\" data-settings=\"{&quot;skin&quot;:&quot;slideshow&quot;,&quot;slideshow_slides_per_view&quot;:&quot;2&quot;,&quot;effect&quot;:&quot;slide&quot;,&quot;show_arrows&quot;:&quot;yes&quot;,&quot;speed&quot;:500,&quot;autoplay&quot;:&quot;yes&quot;,&quot;autoplay_speed&quot;:5000,&quot;loop&quot;:&quot;yes&quot;,&quot;pause_on_hover&quot;:&quot;yes&quot;,&quot;pause_on_interaction&quot;:&quot;yes&quot;,&quot;space_between&quot;:{&quot;unit&quot;:&quot;px&quot;,&quot;size&quot;:10,&quot;sizes&quot;:[]},&quot;space_between_tablet&quot;:{&quot;unit&quot;:&quot;px&quot;,&quot;size&quot;:10,&quot;sizes&quot;:[]},&quot;space_between_mobile&quot;:{&quot;unit&quot;:&quot;px&quot;,&quot;size&quot;:10,&quot;sizes&quot;:[]}}\" data-widget_type=\"media-carousel.default\">\n\t\t\t\t<div class=\"elementor-widget-container\">\n\t\t\t\t\t\t\t\t\t<div class=\"elementor-swiper\">\n\t\t\t\t\t<div class=\"elementor-main-swiper swiper\" role=\"region\" aria-roledescription=\"carousel\" aria-label=\"Diapositivas\">\n\t\t\t\t<div class=\"swiper-wrapper\">\n\t\t\t\t\t\t\t\t\t\t\t<div class=\"swiper-slide\" role=\"group\" aria-roledescription=\"slide\">\n\t\t\t\t\t\t\t\t\t<div class=\"elementor-carousel-image\" role=\"img\" aria-label=\"Varias especificaciones de placas de evaporaci\u00f3n de cuarzo, placas de cultivo de vidrio con tapa, placas de superficie\" style=\"background-image: url(&#039;https:\/\/exactquartz.com\/wp-content\/uploads\/2025\/04\/Various-specifications-of-quartz-evaporating-dishes-glass-culture-dishes-with-covers-surface-dishes.webp&#039;)\">\n\n\t\t\t\n\t\t\t\t\t<\/div>\n\t\t\t\t\t\t\t\t<\/div>\n\t\t\t\t\t\t\t\t\t\t\t<div class=\"swiper-slide\" role=\"group\" aria-roledescription=\"slide\">\n\t\t\t\t\t\t\t\t\t<div class=\"elementor-carousel-image\" role=\"img\" aria-label=\"Varias especificaciones de placas de evaporaci\u00f3n de cuarzo, placas de cultivo de vidrio con tapa, placas de superficie 2\" style=\"background-image: url(&#039;https:\/\/exactquartz.com\/wp-content\/uploads\/2025\/04\/Various-specifications-of-quartz-evaporating-dishes-glass-culture-dishes-with-covers-surface-dishes-2.webp&#039;)\">\n\n\t\t\t\n\t\t\t\t\t<\/div>\n\t\t\t\t\t\t\t\t<\/div>\n\t\t\t\t\t\t\t\t\t<\/div>\n\t\t\t\t\t\t\t\t\t\t\t\t\t\t\t<div class=\"elementor-swiper-button elementor-swiper-button-prev\" role=\"button\" tabindex=\"0\" aria-label=\"Anterior\">\n\t\t\t\t\t\t\t<svg aria-hidden=\"true\" class=\"e-font-icon-svg e-eicon-chevron-left\" viewbox=\"0 0 1000 1000\" xmlns=\"http:\/\/www.w3.org\/2000\/svg\"><path d=\"M646 125C629 125 613 133 604 142L308 442C296 454 292 471 292 487 292 504 296 521 308 533L604 854C617 867 629 875 646 875 663 875 679 871 692 858 704 846 713 829 713 812 713 796 708 779 692 767L438 487 692 225C700 217 708 204 708 187 708 171 704 154 692 142 675 129 663 125 646 125Z\"><\/path><\/svg>\t\t\t\t\t\t<\/div>\n\t\t\t\t\t\t<div class=\"elementor-swiper-button elementor-swiper-button-next\" role=\"button\" tabindex=\"0\" aria-label=\"Siguiente\">\n\t\t\t\t\t\t\t<svg aria-hidden=\"true\" class=\"e-font-icon-svg e-eicon-chevron-right\" viewbox=\"0 0 1000 1000\" xmlns=\"http:\/\/www.w3.org\/2000\/svg\"><path d=\"M696 533C708 521 713 504 713 487 713 471 708 454 696 446L400 146C388 133 375 125 354 125 338 125 325 129 313 142 300 154 292 171 292 187 292 204 296 221 308 233L563 492 304 771C292 783 288 800 288 817 288 833 296 850 308 863 321 871 338 875 354 875 371 875 388 867 400 854L696 533Z\"><\/path><\/svg>\t\t\t\t\t\t<\/div>\n\t\t\t\t\t\t\t\t\t\t\t\t\t\t\t\t\t<\/div>\n\t\t\t\t<\/div>\n\t\t\t\t\t\t\t\t<div class=\"elementor-swiper\">\n\t\t\t\t\t<div class=\"elementor-main-swiper swiper elementor-thumbnails-swiper swiper\" role=\"region region\" aria-roledescription=\"carousel carousel\" aria-label=\"Diapositivas Diapositivas\">\n\t\t\t\t<div class=\"swiper-wrapper\">\n\t\t\t\t\t\t\t\t\t\t\t<div class=\"swiper-slide\" role=\"group\" aria-roledescription=\"slide\">\n\t\t\t\t\t\t\t\t\t<div class=\"elementor-carousel-image\" role=\"img\" aria-label=\"Varias especificaciones de placas de evaporaci\u00f3n de cuarzo, placas de cultivo de vidrio con tapa, placas de superficie\" style=\"background-image: url(&#039;https:\/\/exactquartz.com\/wp-content\/uploads\/2025\/04\/Various-specifications-of-quartz-evaporating-dishes-glass-culture-dishes-with-covers-surface-dishes.webp&#039;)\">\n\n\t\t\t\n\t\t\t\t\t<\/div>\n\t\t\t\t\t\t\t\t<\/div>\n\t\t\t\t\t\t\t\t\t\t\t<div class=\"swiper-slide\" role=\"group\" aria-roledescription=\"slide\">\n\t\t\t\t\t\t\t\t\t<div class=\"elementor-carousel-image\" role=\"img\" aria-label=\"Varias especificaciones de placas de evaporaci\u00f3n de cuarzo, placas de cultivo de vidrio con tapa, placas de superficie 2\" style=\"background-image: url(&#039;https:\/\/exactquartz.com\/wp-content\/uploads\/2025\/04\/Various-specifications-of-quartz-evaporating-dishes-glass-culture-dishes-with-covers-surface-dishes-2.webp&#039;)\">\n\n\t\t\t\n\t\t\t\t\t<\/div>\n\t\t\t\t\t\t\t\t<\/div>\n\t\t\t\t\t\t\t\t\t<\/div>\n\t\t\t\t\t\t\t\t\t\t\t\t\t\t\t\t\t\t\t\t\t<\/div>\n\t\t\t\t<\/div>\n\t\t\t\t\t\t\t\t<\/div>\n\t\t\t\t<\/div>\n\t\t\t\t<\/div>\n\t\t<div class=\"elementor-element elementor-element-2a56432 e-con-full e-flex e-con e-child\" data-id=\"2a56432\" data-element_type=\"container\">\n\t\t\t\t<div class=\"elementor-element elementor-element-70d5eba elementor-widget elementor-widget-heading\" data-id=\"70d5eba\" data-element_type=\"widget\" data-widget_type=\"heading.default\">\n\t\t\t\t<div class=\"elementor-widget-container\">\n\t\t\t\t\t<h2 class=\"elementor-heading-title elementor-size-default\">Platos de evaporaci\u00f3n y cultivo de cuarzo<\/h2>\t\t\t\t<\/div>\n\t\t\t\t<\/div>\n\t\t\t\t<div class=\"elementor-element elementor-element-ac956f7 elementor-widget elementor-widget-text-editor\" data-id=\"ac956f7\" data-element_type=\"widget\" data-widget_type=\"text-editor.default\">\n\t\t\t\t<div class=\"elementor-widget-container\">\n\t\t\t\t\t\t\t\t\t<p>Nombre del producto: Plato de cultivo adaptable<br \/>Especificaciones del producto: Personalizable<br \/>Color del producto: Transparente\/Mate<br \/>Material del producto: Cuarzo fundido de gran pureza M\u00e9todo de env\u00edo: Por favor, consulte con el servicio de atenci\u00f3n al cliente para m\u00e1s detalles.<\/p>\t\t\t\t\t\t\t\t<\/div>\n\t\t\t\t<\/div>\n\t\t\t\t<div class=\"elementor-element elementor-element-a337cdb elementor-align-left elementor-widget elementor-widget-button\" data-id=\"a337cdb\" data-element_type=\"widget\" data-widget_type=\"button.default\">\n\t\t\t\t<div class=\"elementor-widget-container\">\n\t\t\t\t\t\t\t\t\t<div class=\"elementor-button-wrapper\">\n\t\t\t\t\t<a class=\"elementor-button elementor-button-link elementor-size-sm\" href=\"#elementor-action%3Aaction%3Dpopup%3Aopen%26settings%3DeyJpZCI6IjEyNzUiLCJ0b2dnbGUiOmZhbHNlfQ%3D%3D\">\n\t\t\t\t\t\t<span class=\"elementor-button-content-wrapper\">\n\t\t\t\t\t\t\t\t\t<span class=\"elementor-button-text\">Presupuesto r\u00e1pido<\/span>\n\t\t\t\t\t<\/span>\n\t\t\t\t\t<\/a>\n\t\t\t\t<\/div>\n\t\t\t\t\t\t\t\t<\/div>\n\t\t\t\t<\/div>\n\t\t\t\t<\/div>\n\t\t\t\t\t<\/div>\n\t\t\t\t<\/div>\n\t\t<div class=\"elementor-element elementor-element-a2ed80c e-flex e-con-boxed e-con e-parent\" data-id=\"a2ed80c\" data-element_type=\"container\">\n\t\t\t\t\t<div class=\"e-con-inner\">\n\t\t\t\t<div class=\"elementor-element elementor-element-15718d3 elementor-widget elementor-widget-heading\" data-id=\"15718d3\" data-element_type=\"widget\" data-widget_type=\"heading.default\">\n\t\t\t\t<div class=\"elementor-widget-container\">\n\t\t\t\t\t<h3 class=\"elementor-heading-title elementor-size-default\">Detalles:<\/h3>\t\t\t\t<\/div>\n\t\t\t\t<\/div>\n\t\t\t\t<div class=\"elementor-element elementor-element-c76a0eb elementor-widget elementor-widget-text-editor\" data-id=\"c76a0eb\" data-element_type=\"widget\" data-widget_type=\"text-editor.default\">\n\t\t\t\t<div class=\"elementor-widget-container\">\n\t\t\t\t\t\t\t\t\t<p>El vidrio de cuarzo, tambi\u00e9n conocido como vidrio de s\u00edlice, es un material transparente con excelentes propiedades. Debido a su alto punto de fusi\u00f3n, su bajo coeficiente de dilataci\u00f3n t\u00e9rmica, su buena estabilidad qu\u00edmica, su alta estabilidad a la radiaci\u00f3n y su rendimiento \u00f3ptico superior, el vidrio de cuarzo tiene una amplia gama de aplicaciones en muchos campos de la alta tecnolog\u00eda. En el futuro, las perspectivas de desarrollo del vidrio de cuarzo residen principalmente en los siguientes aspectos:<\/p><p>1. Comunicaci\u00f3n por fibra \u00f3ptica: El vidrio de cuarzo es el material principal para la comunicaci\u00f3n por fibra \u00f3ptica. Con la popularizaci\u00f3n gradual de la tecnolog\u00eda de comunicaci\u00f3n 5G, la demanda de comunicaci\u00f3n de fibra \u00f3ptica seguir\u00e1 creciendo, trayendo un enorme espacio de desarrollo para el mercado de vidrio de cuarzo.<\/p><p>2. Fabricaci\u00f3n de semiconductores: El vidrio de cuarzo tiene importantes aplicaciones en los procesos de fabricaci\u00f3n de semiconductores, como las m\u00e1quinas de fotolitograf\u00eda y los equipos de deposici\u00f3n de vapor. Con el continuo desarrollo de la tecnolog\u00eda de semiconductores, la demanda de vidrio de cuarzo seguir\u00e1 creciendo.<\/p><p>3. Industria de la energ\u00eda solar: El vidrio de cuarzo tiene una amplia gama de aplicaciones en la fabricaci\u00f3n de c\u00e9lulas solares, especialmente en el campo de las c\u00e9lulas solares de alta eficiencia. Como la demanda mundial de energ\u00edas renovables sigue creciendo, la aplicaci\u00f3n del vidrio de cuarzo en la industria de la energ\u00eda solar se ampliar\u00e1 a\u00fan m\u00e1s.<\/p><p>4. Productos biofarmac\u00e9uticos: El vidrio de cuarzo tiene una amplia gama de aplicaciones en el campo de los productos biofarmac\u00e9uticos, como biochips y recipientes de laboratorio. Con el continuo avance de la tecnolog\u00eda biofarmac\u00e9utica, la demanda de vidrio de cuarzo seguir\u00e1 aumentando.<\/p><p>5. Aeroespacial: El vidrio de cuarzo tiene importantes aplicaciones en el campo aeroespacial, como toberas de motores de cohetes y ventanas de naves espaciales. Con el continuo desarrollo de la tecnolog\u00eda aeroespacial, la aplicaci\u00f3n del vidrio de cuarzo en este campo se ampliar\u00e1 a\u00fan m\u00e1s.<\/p><p>6. Investigaci\u00f3n y desarrollo de nuevos materiales: El vidrio de cuarzo tiene una amplia gama de aplicaciones en la investigaci\u00f3n y el desarrollo de nuevos materiales. Con el continuo desarrollo de la ciencia y la tecnolog\u00eda, la aplicaci\u00f3n del vidrio de cuarzo en el campo de los nuevos materiales se ampliar\u00e1 a\u00fan m\u00e1s.<\/p>\t\t\t\t\t\t\t\t<\/div>\n\t\t\t\t<\/div>\n\t\t\t\t\t<\/div>\n\t\t\t\t<\/div>\n\t\t\t\t<\/div>","protected":false},"excerpt":{"rendered":"<p>Quartz Evaporating &amp; Culture Dishes Product Name: Adaptable Culture DishProduct Specifications: CustomizableProduct Color: Transparent\/MatteProduct Material: High Purity\/Melted Quartz Shipping Method: [&hellip;]<\/p>","protected":false},"author":6,"featured_media":777,"parent":843,"menu_order":0,"comment_status":"closed","ping_status":"closed","template":"","meta":{"_seopress_robots_primary_cat":"","_seopress_titles_title":"Quartz Evaporating & Culture Dishes \u2013 Custom Labware","_seopress_titles_desc":"Custom quartz dishes for lab evaporation & culture. Made from high purity fused quartz, transparent or matte. Heat resistant, acid stable, precise specs.","_seopress_robots_index":"","site-sidebar-layout":"no-sidebar","site-content-layout":"","ast-site-content-layout":"full-width-container","site-content-style":"default","site-sidebar-style":"default","ast-global-header-display":"","ast-banner-title-visibility":"","ast-main-header-display":"","ast-hfb-above-header-display":"","ast-hfb-below-header-display":"","ast-hfb-mobile-header-display":"","site-post-title":"disabled","ast-breadcrumbs-content":"","ast-featured-img":"disabled","footer-sml-layout":"","theme-transparent-header-meta":"","adv-header-id-meta":"","stick-header-meta":"","header-above-stick-meta":"","header-main-stick-meta":"","header-below-stick-meta":"","astra-migrate-meta-layouts":"default","ast-page-background-enabled":"default","ast-page-background-meta":{"desktop":{"background-color":"var(--ast-global-color-5)","background-image":"","background-repeat":"repeat","background-position":"center center","background-size":"auto","background-attachment":"scroll","background-type":"","background-media":"","overlay-type":"","overlay-color":"","overlay-opacity":"","overlay-gradient":""},"tablet":{"background-color":"","background-image":"","background-repeat":"repeat","background-position":"center center","background-size":"auto","background-attachment":"scroll","background-type":"","background-media":"","overlay-type":"","overlay-color":"","overlay-opacity":"","overlay-gradient":""},"mobile":{"background-color":"","background-image":"","background-repeat":"repeat","background-position":"center center","background-size":"auto","background-attachment":"scroll","background-type":"","background-media":"","overlay-type":"","overlay-color":"","overlay-opacity":"","overlay-gradient":""}},"ast-content-background-meta":{"desktop":{"background-color":"var(--ast-global-color-4)","background-image":"","background-repeat":"repeat","background-position":"center center","background-size":"auto","background-attachment":"scroll","background-type":"","background-media":"","overlay-type":"","overlay-color":"","overlay-opacity":"","overlay-gradient":""},"tablet":{"background-color":"var(--ast-global-color-4)","background-image":"","background-repeat":"repeat","background-position":"center center","background-size":"auto","background-attachment":"scroll","background-type":"","background-media":"","overlay-type":"","overlay-color":"","overlay-opacity":"","overlay-gradient":""},"mobile":{"background-color":"var(--ast-global-color-4)","background-image":"","background-repeat":"repeat","background-position":"center center","background-size":"auto","background-attachment":"scroll","background-type":"","background-media":"","overlay-type":"","overlay-color":"","overlay-opacity":"","overlay-gradient":""}},"footnotes":""},"class_list":["post-775","page","type-page","status-publish","has-post-thumbnail","hentry"],"_hostinger_reach_plugin_has_subscription_block":false,"_hostinger_reach_plugin_is_elementor":false,"_links":{"self":[{"href":"https:\/\/exactquartz.com\/es\/wp-json\/wp\/v2\/pages\/775","targetHints":{"allow":["GET"]}}],"collection":[{"href":"https:\/\/exactquartz.com\/es\/wp-json\/wp\/v2\/pages"}],"about":[{"href":"https:\/\/exactquartz.com\/es\/wp-json\/wp\/v2\/types\/page"}],"author":[{"embeddable":true,"href":"https:\/\/exactquartz.com\/es\/wp-json\/wp\/v2\/users\/6"}],"replies":[{"embeddable":true,"href":"https:\/\/exactquartz.com\/es\/wp-json\/wp\/v2\/comments?post=775"}],"version-history":[{"count":11,"href":"https:\/\/exactquartz.com\/es\/wp-json\/wp\/v2\/pages\/775\/revisions"}],"predecessor-version":[{"id":1461,"href":"https:\/\/exactquartz.com\/es\/wp-json\/wp\/v2\/pages\/775\/revisions\/1461"}],"up":[{"embeddable":true,"href":"https:\/\/exactquartz.com\/es\/wp-json\/wp\/v2\/pages\/843"}],"wp:featuredmedia":[{"embeddable":true,"href":"https:\/\/exactquartz.com\/es\/wp-json\/wp\/v2\/media\/777"}],"wp:attachment":[{"href":"https:\/\/exactquartz.com\/es\/wp-json\/wp\/v2\/media?parent=775"}],"curies":[{"name":"wp","href":"https:\/\/api.w.org\/{rel}","templated":true}]}}