{"id":281,"date":"2025-03-27T11:38:48","date_gmt":"2025-03-27T03:38:48","guid":{"rendered":"https:\/\/exactquartz.com\/?page_id=281"},"modified":"2025-04-16T18:29:53","modified_gmt":"2025-04-16T10:29:53","slug":"uv-quartz-polishing-plates","status":"publish","type":"page","link":"https:\/\/exactquartz.com\/et\/quartz-discs-and-plates\/uv-quartz-polishing-plates\/","title":{"rendered":"UV-kvartsist poleerimisplaadid"},"content":{"rendered":"<div data-elementor-type=\"wp-page\" data-elementor-id=\"281\" class=\"elementor elementor-281\" data-elementor-post-type=\"page\">\n\t\t\t\t<div class=\"elementor-element elementor-element-d2bc4f1 e-flex e-con-boxed e-con e-parent\" data-id=\"d2bc4f1\" data-element_type=\"container\">\n\t\t\t\t\t<div class=\"e-con-inner\">\n\t\t<div class=\"elementor-element elementor-element-6d0fc6f e-con-full e-flex e-con e-child\" data-id=\"6d0fc6f\" data-element_type=\"container\">\n\t\t\t\t<div class=\"elementor-element elementor-element-70fde5e elementor-widget elementor-widget-image\" data-id=\"70fde5e\" data-element_type=\"widget\" data-widget_type=\"image.default\">\n\t\t\t\t<div class=\"elementor-widget-container\">\n\t\t\t\t\t\t\t\t\t\t\t\t\t\t\t<img fetchpriority=\"high\" decoding=\"async\" width=\"500\" height=\"373\" src=\"https:\/\/exactquartz.com\/wp-content\/uploads\/2025\/03\/UV-quartz-polishing-plates-high-transparency-ultraviolet-quartz-plates.webp\" class=\"attachment-large size-large wp-image-382\" alt=\"UV-kvartsiplaadid, k\u00f5rge l\u00e4bipaistvusega ultraviolettkvartsplaadid\" srcset=\"https:\/\/exactquartz.com\/wp-content\/uploads\/2025\/03\/UV-quartz-polishing-plates-high-transparency-ultraviolet-quartz-plates.webp 500w, https:\/\/exactquartz.com\/wp-content\/uploads\/2025\/03\/UV-quartz-polishing-plates-high-transparency-ultraviolet-quartz-plates-300x224.webp 300w\" sizes=\"(max-width: 500px) 100vw, 500px\" \/>\t\t\t\t\t\t\t\t\t\t\t\t\t\t\t<\/div>\n\t\t\t\t<\/div>\n\t\t\t\t<\/div>\n\t\t<div class=\"elementor-element elementor-element-2a56432 e-con-full e-flex e-con e-child\" data-id=\"2a56432\" data-element_type=\"container\">\n\t\t\t\t<div class=\"elementor-element elementor-element-70d5eba elementor-widget elementor-widget-heading\" data-id=\"70d5eba\" data-element_type=\"widget\" data-widget_type=\"heading.default\">\n\t\t\t\t<div class=\"elementor-widget-container\">\n\t\t\t\t\t<h2 class=\"elementor-heading-title elementor-size-default\">UV-kvartsist poleerimisplaadid<\/h2>\t\t\t\t<\/div>\n\t\t\t\t<\/div>\n\t\t\t\t<div class=\"elementor-element elementor-element-ac956f7 elementor-widget elementor-widget-text-editor\" data-id=\"ac956f7\" data-element_type=\"widget\" data-widget_type=\"text-editor.default\">\n\t\t\t\t<div class=\"elementor-widget-container\">\n\t\t\t\t\t\t\t\t\t<p>Pakume kliendi poolt esitatud jooniste v\u00f5i n\u00e4idiste alusel otse tellimust\u00f6\u00f6na valmistatud UV-kvartsiplaatide, k\u00f5rge l\u00e4bipaistvusega ultraviolettkvartsiplaatide ja aknaplaatide tarnimist. Meie tooteid kasutatakse laialdaselt UV-laserites, optilistes instrumentides ja pooljuhtide tootmises.<\/p>\t\t\t\t\t\t\t\t<\/div>\n\t\t\t\t<\/div>\n\t\t\t\t<div class=\"elementor-element elementor-element-1eb84e3 elementor-align-left elementor-widget elementor-widget-button\" data-id=\"1eb84e3\" data-element_type=\"widget\" data-widget_type=\"button.default\">\n\t\t\t\t<div class=\"elementor-widget-container\">\n\t\t\t\t\t\t\t\t\t<div class=\"elementor-button-wrapper\">\n\t\t\t\t\t<a class=\"elementor-button elementor-button-link elementor-size-sm\" href=\"#elementor-action%3Aaction%3Dpopup%3Aopen%26settings%3DeyJpZCI6IjEyNzUiLCJ0b2dnbGUiOmZhbHNlfQ%3D%3D\">\n\t\t\t\t\t\t<span class=\"elementor-button-content-wrapper\">\n\t\t\t\t\t\t\t\t\t<span class=\"elementor-button-text\">Kiire tsitaat<\/span>\n\t\t\t\t\t<\/span>\n\t\t\t\t\t<\/a>\n\t\t\t\t<\/div>\n\t\t\t\t\t\t\t\t<\/div>\n\t\t\t\t<\/div>\n\t\t\t\t<\/div>\n\t\t\t\t\t<\/div>\n\t\t\t\t<\/div>\n\t\t<div class=\"elementor-element elementor-element-a2ed80c e-flex e-con-boxed e-con e-parent\" data-id=\"a2ed80c\" data-element_type=\"container\">\n\t\t\t\t\t<div class=\"e-con-inner\">\n\t\t\t\t<div class=\"elementor-element elementor-element-ceddc61 elementor-widget elementor-widget-text-editor\" data-id=\"ceddc61\" data-element_type=\"widget\" data-widget_type=\"text-editor.default\">\n\t\t\t\t<div class=\"elementor-widget-container\">\n\t\t\t\t\t\t\t\t\t<p>Kvaliteetsed kvartsklaasiplaadid\/-kettad on klaasn\u00f5ude t\u00fc\u00fcp, mida kasutatakse laialdaselt erinevates t\u00f6\u00f6stusharudes, sealhulgas pooljuhtide, optika ja laboratooriumides. Need on valmistatud k\u00f5rge puhtusastmega sulatatud kvartsklaasist, mis muudab need v\u00e4ga vastupidavaks termilisele \u0161okile ja keemilisele korrosioonile. Neid plaate ja kettaid iseloomustavad suurep\u00e4rased optilised omadused, suur l\u00e4bilaskvus ja madal soojuspaisumistegur. Neid saab kohandada vastavalt erin\u00f5uetele, n\u00e4iteks suuruse, paksuse ja pinnaviimistluse osas. T\u00e4nu oma ainulaadsetele omadustele sobivad k\u00f5rgekvaliteedilised kvartsklaasiplaadid\/-kettad ideaalselt kasutamiseks rakendustes, mis n\u00f5uavad suurt t\u00e4psust, nagu n\u00e4iteks vahvlite t\u00f6\u00f6tlemine, optilised aknad ja keemiline anal\u00fc\u00fcs.<\/p>\t\t\t\t\t\t\t\t<\/div>\n\t\t\t\t<\/div>\n\t\t\t\t<div class=\"elementor-element elementor-element-b7e9c99 elementor-widget elementor-widget-heading\" data-id=\"b7e9c99\" data-element_type=\"widget\" data-widget_type=\"heading.default\">\n\t\t\t\t<div class=\"elementor-widget-container\">\n\t\t\t\t\t<h3 class=\"elementor-heading-title elementor-size-default\">Sissejuhatus:<\/h3>\t\t\t\t<\/div>\n\t\t\t\t<\/div>\n\t\t\t\t<div class=\"elementor-element elementor-element-281af31 elementor-widget elementor-widget-text-editor\" data-id=\"281af31\" data-element_type=\"widget\" data-widget_type=\"text-editor.default\">\n\t\t\t\t<div class=\"elementor-widget-container\">\n\t\t\t\t\t\t\t\t\t<p>Optilised kvartsist poleerimisplaadid on eri t\u00f6\u00f6stusharudes olulised komponendid, mis tagavad kriitiliste rakenduste jaoks vajaliku t\u00e4psuse ja j\u00f5udluse. K\u00e4esoleva artikli eesm\u00e4rk on uurida optiliste kvartsipoleerimisplaatide p\u00f5hiomadusi, eeliseid ja numbrilisi aspekte, valgustades nende t\u00e4htsust parima optilise kvaliteedi saavutamisel.<span id=\"7\" class=\"notranslate immersive-translate-target-wrapper\" lang=\"zh-CN\" translate=\"no\" data-immersive-translate-loading-id=\"\">\u00a0<\/span><\/p>\t\t\t\t\t\t\t\t<\/div>\n\t\t\t\t<\/div>\n\t\t\t\t<div class=\"elementor-element elementor-element-fe0cb41 elementor-widget elementor-widget-heading\" data-id=\"fe0cb41\" data-element_type=\"widget\" data-widget_type=\"heading.default\">\n\t\t\t\t<div class=\"elementor-widget-container\">\n\t\t\t\t\t<h3 class=\"elementor-heading-title elementor-size-default\">1. Erakordne tasasus:<\/h3>\t\t\t\t<\/div>\n\t\t\t\t<\/div>\n\t\t\t\t<div class=\"elementor-element elementor-element-733f615 elementor-widget elementor-widget-text-editor\" data-id=\"733f615\" data-element_type=\"widget\" data-widget_type=\"text-editor.default\">\n\t\t\t\t<div class=\"elementor-widget-container\">\n\t\t\t\t\t\t\t\t\t<p>Optilised kvartsist poleerimisplaadid on tuntud oma erakordse tasasuse poolest, mis tagab \u00fchtlase ja j\u00e4rjepideva poleeritud pinna. Need plaadid v\u00f5ivad saavutada tasasuse tasemeid kuni \u03bb\/10 (kus \u03bb on valguse lainepikkus), tagades minimaalse pinnamoonutuse ja s\u00e4ilitades optiliste s\u00fcsteemide terviklikkuse.<\/p>\t\t\t\t\t\t\t\t<\/div>\n\t\t\t\t<\/div>\n\t\t\t\t<div class=\"elementor-element elementor-element-39cf9eb elementor-widget elementor-widget-heading\" data-id=\"39cf9eb\" data-element_type=\"widget\" data-widget_type=\"heading.default\">\n\t\t\t\t<div class=\"elementor-widget-container\">\n\t\t\t\t\t<h3 class=\"elementor-heading-title elementor-size-default\">2. Sub-Angstr\u00f6mi pinnakaredus:<\/h3>\t\t\t\t<\/div>\n\t\t\t\t<\/div>\n\t\t\t\t<div class=\"elementor-element elementor-element-cc3d847 elementor-widget elementor-widget-text-editor\" data-id=\"cc3d847\" data-element_type=\"widget\" data-widget_type=\"text-editor.default\">\n\t\t\t\t<div class=\"elementor-widget-container\">\n\t\t\t\t\t\t\t\t\t<p>Pinna karedus m\u00e4ngib olulist rolli poleeritud pindade optilise kvaliteedi m\u00e4\u00e4ramisel. Optilised kvartsipoleerimisplaadid on pinna karedusega, mis j\u00e4\u00e4b tavaliselt vahemikku 0,1-0,5 \u00c5 (angstr\u00f6mi). Selline \u00fclisileda pinna viimistlus v\u00e4hendab hajumist ja peegeldumist, maksimeerides valguse l\u00e4bilaskvust ja parandades \u00fcldist optilist j\u00f5udlust.<\/p>\t\t\t\t\t\t\t\t<\/div>\n\t\t\t\t<\/div>\n\t\t\t\t<div class=\"elementor-element elementor-element-e7a94c2 elementor-widget elementor-widget-heading\" data-id=\"e7a94c2\" data-element_type=\"widget\" data-widget_type=\"heading.default\">\n\t\t\t\t<div class=\"elementor-widget-container\">\n\t\t\t\t\t<h3 class=\"elementor-heading-title elementor-size-default\">3. K\u00f5rge materjalipuhtus:<\/h3>\t\t\t\t<\/div>\n\t\t\t\t<\/div>\n\t\t\t\t<div class=\"elementor-element elementor-element-529c317 elementor-widget elementor-widget-text-editor\" data-id=\"529c317\" data-element_type=\"widget\" data-widget_type=\"text-editor.default\">\n\t\t\t\t<div class=\"elementor-widget-container\">\n\t\t\t\t\t\t\t\t\t<p>Optilised kvartsipoleerimisplaadid on valmistatud k\u00f5rge puhtusastmega kvartsist, mis tagab minimaalsed lisandid ja suurep\u00e4rase optilise selguse. Materjali puhtus m\u00f5jutab otseselt valguse l\u00e4bilaskvust ja kvaliteeti, mis l\u00e4bib poleeritud pindu. Tavaliselt kasutatakse \u00fcle 99,99% puhtusastmega kvartsplaate, mis v\u00f5imaldavad valguse t\u00e4pset kontrollimist sellistes rakendustes nagu mikroskoopia, spektroskoopia ja lasers\u00fcsteemid.<\/p>\t\t\t\t\t\t\t\t<\/div>\n\t\t\t\t<\/div>\n\t\t\t\t<div class=\"elementor-element elementor-element-a438a24 elementor-widget elementor-widget-heading\" data-id=\"a438a24\" data-element_type=\"widget\" data-widget_type=\"heading.default\">\n\t\t\t\t<div class=\"elementor-widget-container\">\n\t\t\t\t\t<h3 class=\"elementor-heading-title elementor-size-default\">4. Tolerants ja m\u00f5\u00f5tmete t\u00e4psus:<\/h3>\t\t\t\t<\/div>\n\t\t\t\t<\/div>\n\t\t\t\t<div class=\"elementor-element elementor-element-2c83de3 elementor-widget elementor-widget-text-editor\" data-id=\"2c83de3\" data-element_type=\"widget\" data-widget_type=\"text-editor.default\">\n\t\t\t\t<div class=\"elementor-widget-container\">\n\t\t\t\t\t\t\t\t\t<p>Et vastata optiliste rakenduste rangetele n\u00f5uetele, toodetakse kvartsi poleerimisplaate suure m\u00f5\u00f5tmete t\u00e4psuse ja kitsaste tolerantsidega. Nende plaatide t\u00fc\u00fcpilised m\u00f5\u00f5tmete tolerantsid j\u00e4\u00e4vad vahemikku \u00b10,01 mm kuni \u00b10,05 mm, mis tagab t\u00e4pse joonduse ja \u00fchilduvuse optiliste s\u00fcsteemidega. Selline t\u00e4psuse tase tagab optimaalse j\u00f5udluse ja v\u00e4ldib igasugust kahjulikku m\u00f5ju, mis tuleneb valest paigutusest v\u00f5i ebaj\u00e4rjekindlusest.<\/p>\t\t\t\t\t\t\t\t<\/div>\n\t\t\t\t<\/div>\n\t\t\t\t<div class=\"elementor-element elementor-element-a84143a elementor-widget elementor-widget-heading\" data-id=\"a84143a\" data-element_type=\"widget\" data-widget_type=\"heading.default\">\n\t\t\t\t<div class=\"elementor-widget-container\">\n\t\t\t\t\t<h3 class=\"elementor-heading-title elementor-size-default\">5. Kohandamisv\u00f5imalused:<\/h3>\t\t\t\t<\/div>\n\t\t\t\t<\/div>\n\t\t\t\t<div class=\"elementor-element elementor-element-a769174 elementor-widget elementor-widget-text-editor\" data-id=\"a769174\" data-element_type=\"widget\" data-widget_type=\"text-editor.default\">\n\t\t\t\t<div class=\"elementor-widget-container\">\n\t\t\t\t\t\t\t\t\t<p>Optilised kvartsist poleerimisplaadid pakuvad ulatuslikke kohandamisv\u00f5imalusi, mis v\u00f5imaldavad kohandatud lahendusi konkreetsetele rakendusvajadustele. T\u00e4psete n\u00f5uete t\u00e4itmiseks saab valmistada kohandatud kujusid, suurusi ja paksusi. Lisaks saab kasutada spetsiaalset pinnaviimistlust, katteid ja servade t\u00f6\u00f6tlemist, et veelgi suurendada j\u00f5udlust ja funktsionaalsust.<\/p>\t\t\t\t\t\t\t\t<\/div>\n\t\t\t\t<\/div>\n\t\t\t\t<div class=\"elementor-element elementor-element-596ad3d elementor-widget elementor-widget-heading\" data-id=\"596ad3d\" data-element_type=\"widget\" data-widget_type=\"heading.default\">\n\t\t\t\t<div class=\"elementor-widget-container\">\n\t\t\t\t\t<h3 class=\"elementor-heading-title elementor-size-default\">Kokkuv\u00f5te: <\/h3>\t\t\t\t<\/div>\n\t\t\t\t<\/div>\n\t\t\t\t<div class=\"elementor-element elementor-element-0549bf7 elementor-widget elementor-widget-text-editor\" data-id=\"0549bf7\" data-element_type=\"widget\" data-widget_type=\"text-editor.default\">\n\t\t\t\t<div class=\"elementor-widget-container\">\n\t\t\t\t\t\t\t\t\t<p>Optilised kvartsipoleerimisplaadid on kriitilised komponendid, mis aitavad kaasa parima optilise kvaliteedi saavutamisele erinevates t\u00f6\u00f6stusharudes. T\u00e4nu erakordsele tasasusele, sub-angstr\u00f6mi pinnakaredusele, k\u00f5rgele materjalipuhtusele ja t\u00e4psele m\u00f5\u00f5tmete t\u00e4psusele tagavad need plaadid optimaalse valgusl\u00e4bivuse ja v\u00e4hendavad pinnamoonutusi. Nende plaatide kohandamise v\u00f5ime suurendab veelgi nende mitmek\u00fclgsust, v\u00f5imaldades konkreetsete rakenduste jaoks kohandatud lahendusi. Kuna t\u00e4ppisoptika areneb edasi, kasvab eeldatavasti n\u00f5udlus k\u00f5rgtehnoloogiliste optiliste kvartsipoleerimisplaatide j\u00e4rele, mis soodustab innovatsiooni ja avardab optilise tehnoloogia piire.<\/p>\t\t\t\t\t\t\t\t<\/div>\n\t\t\t\t<\/div>\n\t\t\t\t\t<\/div>\n\t\t\t\t<\/div>\n\t\t\t\t<\/div>","protected":false},"excerpt":{"rendered":"<p>UV Quartz Polishing Plates We offer direct supply of custom-made UV quartz polishing plates, high-transparency ultraviolet quartz plates, and window [&hellip;]<\/p>","protected":false},"author":7,"featured_media":382,"parent":841,"menu_order":0,"comment_status":"closed","ping_status":"closed","template":"","meta":{"_seopress_robots_primary_cat":"","_seopress_titles_title":"UV Quartz Polishing Plates \u2013 Sub-\u00c5 Surface & \u03bb\/10 Flatness","_seopress_titles_desc":"High-transparency UV quartz plates with \u03bb\/10 flatness & 0.1\u20130.5\u00c5 roughness. Custom round\/square windows for laser optics, semiconductors & instruments.","_seopress_robots_index":"","site-sidebar-layout":"no-sidebar","site-content-layout":"","ast-site-content-layout":"full-width-container","site-content-style":"default","site-sidebar-style":"default","ast-global-header-display":"","ast-banner-title-visibility":"","ast-main-header-display":"","ast-hfb-above-header-display":"","ast-hfb-below-header-display":"","ast-hfb-mobile-header-display":"","site-post-title":"disabled","ast-breadcrumbs-content":"","ast-featured-img":"disabled","footer-sml-layout":"","theme-transparent-header-meta":"","adv-header-id-meta":"","stick-header-meta":"","header-above-stick-meta":"","header-main-stick-meta":"","header-below-stick-meta":"","astra-migrate-meta-layouts":"default","ast-page-background-enabled":"default","ast-page-background-meta":{"desktop":{"background-color":"var(--ast-global-color-5)","background-image":"","background-repeat":"repeat","background-position":"center center","background-size":"auto","background-attachment":"scroll","background-type":"","background-media":"","overlay-type":"","overlay-color":"","overlay-opacity":"","overlay-gradient":""},"tablet":{"background-color":"","background-image":"","background-repeat":"repeat","background-position":"center center","background-size":"auto","background-attachment":"scroll","background-type":"","background-media":"","overlay-type":"","overlay-color":"","overlay-opacity":"","overlay-gradient":""},"mobile":{"background-color":"","background-image":"","background-repeat":"repeat","background-position":"center center","background-size":"auto","background-attachment":"scroll","background-type":"","background-media":"","overlay-type":"","overlay-color":"","overlay-opacity":"","overlay-gradient":""}},"ast-content-background-meta":{"desktop":{"background-color":"var(--ast-global-color-4)","background-image":"","background-repeat":"repeat","background-position":"center center","background-size":"auto","background-attachment":"scroll","background-type":"","background-media":"","overlay-type":"","overlay-color":"","overlay-opacity":"","overlay-gradient":""},"tablet":{"background-color":"var(--ast-global-color-4)","background-image":"","background-repeat":"repeat","background-position":"center center","background-size":"auto","background-attachment":"scroll","background-type":"","background-media":"","overlay-type":"","overlay-color":"","overlay-opacity":"","overlay-gradient":""},"mobile":{"background-color":"var(--ast-global-color-4)","background-image":"","background-repeat":"repeat","background-position":"center center","background-size":"auto","background-attachment":"scroll","background-type":"","background-media":"","overlay-type":"","overlay-color":"","overlay-opacity":"","overlay-gradient":""}},"footnotes":""},"class_list":["post-281","page","type-page","status-publish","has-post-thumbnail","hentry"],"_hostinger_reach_plugin_has_subscription_block":false,"_hostinger_reach_plugin_is_elementor":false,"_links":{"self":[{"href":"https:\/\/exactquartz.com\/et\/wp-json\/wp\/v2\/pages\/281","targetHints":{"allow":["GET"]}}],"collection":[{"href":"https:\/\/exactquartz.com\/et\/wp-json\/wp\/v2\/pages"}],"about":[{"href":"https:\/\/exactquartz.com\/et\/wp-json\/wp\/v2\/types\/page"}],"author":[{"embeddable":true,"href":"https:\/\/exactquartz.com\/et\/wp-json\/wp\/v2\/users\/7"}],"replies":[{"embeddable":true,"href":"https:\/\/exactquartz.com\/et\/wp-json\/wp\/v2\/comments?post=281"}],"version-history":[{"count":20,"href":"https:\/\/exactquartz.com\/et\/wp-json\/wp\/v2\/pages\/281\/revisions"}],"predecessor-version":[{"id":1437,"href":"https:\/\/exactquartz.com\/et\/wp-json\/wp\/v2\/pages\/281\/revisions\/1437"}],"up":[{"embeddable":true,"href":"https:\/\/exactquartz.com\/et\/wp-json\/wp\/v2\/pages\/841"}],"wp:featuredmedia":[{"embeddable":true,"href":"https:\/\/exactquartz.com\/et\/wp-json\/wp\/v2\/media\/382"}],"wp:attachment":[{"href":"https:\/\/exactquartz.com\/et\/wp-json\/wp\/v2\/media?parent=281"}],"curies":[{"name":"wp","href":"https:\/\/api.w.org\/{rel}","templated":true}]}}