{"id":775,"date":"2025-04-02T17:43:08","date_gmt":"2025-04-02T09:43:08","guid":{"rendered":"https:\/\/exactquartz.com\/?page_id=775"},"modified":"2025-04-16T18:34:34","modified_gmt":"2025-04-16T10:34:34","slug":"quartz-evaporating-culture-dishes","status":"publish","type":"page","link":"https:\/\/exactquartz.com\/et\/quartz-lab-glassware-product\/quartz-evaporating-culture-dishes\/","title":{"rendered":"Kvartsist aurustamis- ja kultuurin\u00f5usid"},"content":{"rendered":"<div data-elementor-type=\"wp-page\" data-elementor-id=\"775\" class=\"elementor elementor-775\" data-elementor-post-type=\"page\">\n\t\t\t\t<div class=\"elementor-element elementor-element-d2bc4f1 e-flex e-con-boxed e-con e-parent\" data-id=\"d2bc4f1\" data-element_type=\"container\">\n\t\t\t\t\t<div class=\"e-con-inner\">\n\t\t<div class=\"elementor-element elementor-element-6d0fc6f e-con-full e-flex e-con e-child\" data-id=\"6d0fc6f\" data-element_type=\"container\">\n\t\t\t\t<div class=\"elementor-element elementor-element-133430f elementor-skin-slideshow elementor-arrows-yes elementor-widget elementor-widget-media-carousel\" data-id=\"133430f\" data-element_type=\"widget\" data-settings=\"{&quot;skin&quot;:&quot;slideshow&quot;,&quot;slideshow_slides_per_view&quot;:&quot;2&quot;,&quot;effect&quot;:&quot;slide&quot;,&quot;show_arrows&quot;:&quot;yes&quot;,&quot;speed&quot;:500,&quot;autoplay&quot;:&quot;yes&quot;,&quot;autoplay_speed&quot;:5000,&quot;loop&quot;:&quot;yes&quot;,&quot;pause_on_hover&quot;:&quot;yes&quot;,&quot;pause_on_interaction&quot;:&quot;yes&quot;,&quot;space_between&quot;:{&quot;unit&quot;:&quot;px&quot;,&quot;size&quot;:10,&quot;sizes&quot;:[]},&quot;space_between_tablet&quot;:{&quot;unit&quot;:&quot;px&quot;,&quot;size&quot;:10,&quot;sizes&quot;:[]},&quot;space_between_mobile&quot;:{&quot;unit&quot;:&quot;px&quot;,&quot;size&quot;:10,&quot;sizes&quot;:[]}}\" data-widget_type=\"media-carousel.default\">\n\t\t\t\t<div class=\"elementor-widget-container\">\n\t\t\t\t\t\t\t\t\t<div class=\"elementor-swiper\">\n\t\t\t\t\t<div class=\"elementor-main-swiper swiper\" role=\"region\" aria-roledescription=\"carousel\" aria-label=\"Slaidid\">\n\t\t\t\t<div class=\"swiper-wrapper\">\n\t\t\t\t\t\t\t\t\t\t\t<div class=\"swiper-slide\" role=\"group\" aria-roledescription=\"slide\">\n\t\t\t\t\t\t\t\t\t<div class=\"elementor-carousel-image\" role=\"img\" aria-label=\"Kvartsist aurustusn\u00f5ud, klaasist kasvatusn\u00f5ud koos katetega, pindmised n\u00f5ud, erinevad spetsifikatsioonid\" style=\"background-image: url(&#039;https:\/\/exactquartz.com\/wp-content\/uploads\/2025\/04\/Various-specifications-of-quartz-evaporating-dishes-glass-culture-dishes-with-covers-surface-dishes.webp&#039;)\">\n\n\t\t\t\n\t\t\t\t\t<\/div>\n\t\t\t\t\t\t\t\t<\/div>\n\t\t\t\t\t\t\t\t\t\t\t<div class=\"swiper-slide\" role=\"group\" aria-roledescription=\"slide\">\n\t\t\t\t\t\t\t\t\t<div class=\"elementor-carousel-image\" role=\"img\" aria-label=\"Kvartsist aurustumisn\u00f5ud, klaasist kasvatusn\u00f5ud koos katetega, pinnal\u00e4hedased n\u00f5ud erinevad spetsifikatsioonid 2\" style=\"background-image: url(&#039;https:\/\/exactquartz.com\/wp-content\/uploads\/2025\/04\/Various-specifications-of-quartz-evaporating-dishes-glass-culture-dishes-with-covers-surface-dishes-2.webp&#039;)\">\n\n\t\t\t\n\t\t\t\t\t<\/div>\n\t\t\t\t\t\t\t\t<\/div>\n\t\t\t\t\t\t\t\t\t<\/div>\n\t\t\t\t\t\t\t\t\t\t\t\t\t\t\t<div class=\"elementor-swiper-button elementor-swiper-button-prev\" role=\"button\" tabindex=\"0\" aria-label=\"Eelmine\">\n\t\t\t\t\t\t\t<svg aria-hidden=\"true\" class=\"e-font-icon-svg e-eicon-chevron-left\" viewbox=\"0 0 1000 1000\" xmlns=\"http:\/\/www.w3.org\/2000\/svg\"><path d=\"M646 125C629 125 613 133 604 142L308 442C296 454 292 471 292 487 292 504 296 521 308 533L604 854C617 867 629 875 646 875 663 875 679 871 692 858 704 846 713 829 713 812 713 796 708 779 692 767L438 487 692 225C700 217 708 204 708 187 708 171 704 154 692 142 675 129 663 125 646 125Z\"><\/path><\/svg>\t\t\t\t\t\t<\/div>\n\t\t\t\t\t\t<div class=\"elementor-swiper-button elementor-swiper-button-next\" role=\"button\" tabindex=\"0\" aria-label=\"J\u00e4rgmine\">\n\t\t\t\t\t\t\t<svg aria-hidden=\"true\" class=\"e-font-icon-svg e-eicon-chevron-right\" viewbox=\"0 0 1000 1000\" xmlns=\"http:\/\/www.w3.org\/2000\/svg\"><path d=\"M696 533C708 521 713 504 713 487 713 471 708 454 696 446L400 146C388 133 375 125 354 125 338 125 325 129 313 142 300 154 292 171 292 187 292 204 296 221 308 233L563 492 304 771C292 783 288 800 288 817 288 833 296 850 308 863 321 871 338 875 354 875 371 875 388 867 400 854L696 533Z\"><\/path><\/svg>\t\t\t\t\t\t<\/div>\n\t\t\t\t\t\t\t\t\t\t\t\t\t\t\t\t\t<\/div>\n\t\t\t\t<\/div>\n\t\t\t\t\t\t\t\t<div class=\"elementor-swiper\">\n\t\t\t\t\t<div class=\"elementor-main-swiper swiper elementor-thumbnails-swiper swiper\" role=\"region region\" aria-roledescription=\"carousel carousel\" aria-label=\"Slaidid Slaidid\">\n\t\t\t\t<div class=\"swiper-wrapper\">\n\t\t\t\t\t\t\t\t\t\t\t<div class=\"swiper-slide\" role=\"group\" aria-roledescription=\"slide\">\n\t\t\t\t\t\t\t\t\t<div class=\"elementor-carousel-image\" role=\"img\" aria-label=\"Kvartsist aurustusn\u00f5ud, klaasist kasvatusn\u00f5ud koos katetega, pindmised n\u00f5ud, erinevad spetsifikatsioonid\" style=\"background-image: url(&#039;https:\/\/exactquartz.com\/wp-content\/uploads\/2025\/04\/Various-specifications-of-quartz-evaporating-dishes-glass-culture-dishes-with-covers-surface-dishes.webp&#039;)\">\n\n\t\t\t\n\t\t\t\t\t<\/div>\n\t\t\t\t\t\t\t\t<\/div>\n\t\t\t\t\t\t\t\t\t\t\t<div class=\"swiper-slide\" role=\"group\" aria-roledescription=\"slide\">\n\t\t\t\t\t\t\t\t\t<div class=\"elementor-carousel-image\" role=\"img\" aria-label=\"Kvartsist aurustumisn\u00f5ud, klaasist kasvatusn\u00f5ud koos katetega, pinnal\u00e4hedased n\u00f5ud erinevad spetsifikatsioonid 2\" style=\"background-image: url(&#039;https:\/\/exactquartz.com\/wp-content\/uploads\/2025\/04\/Various-specifications-of-quartz-evaporating-dishes-glass-culture-dishes-with-covers-surface-dishes-2.webp&#039;)\">\n\n\t\t\t\n\t\t\t\t\t<\/div>\n\t\t\t\t\t\t\t\t<\/div>\n\t\t\t\t\t\t\t\t\t<\/div>\n\t\t\t\t\t\t\t\t\t\t\t\t\t\t\t\t\t\t\t\t\t<\/div>\n\t\t\t\t<\/div>\n\t\t\t\t\t\t\t\t<\/div>\n\t\t\t\t<\/div>\n\t\t\t\t<\/div>\n\t\t<div class=\"elementor-element elementor-element-2a56432 e-con-full e-flex e-con e-child\" data-id=\"2a56432\" data-element_type=\"container\">\n\t\t\t\t<div class=\"elementor-element elementor-element-70d5eba elementor-widget elementor-widget-heading\" data-id=\"70d5eba\" data-element_type=\"widget\" data-widget_type=\"heading.default\">\n\t\t\t\t<div class=\"elementor-widget-container\">\n\t\t\t\t\t<h2 class=\"elementor-heading-title elementor-size-default\">Kvartsist aurustamis- ja kultuurin\u00f5usid<\/h2>\t\t\t\t<\/div>\n\t\t\t\t<\/div>\n\t\t\t\t<div class=\"elementor-element elementor-element-ac956f7 elementor-widget elementor-widget-text-editor\" data-id=\"ac956f7\" data-element_type=\"widget\" data-widget_type=\"text-editor.default\">\n\t\t\t\t<div class=\"elementor-widget-container\">\n\t\t\t\t\t\t\t\t\t<p>Toote nimi: Kohandatav kultuuritaldrik: Kohandatav kultuuritaldrik<br \/>Toote spetsifikatsioonid: .<br \/>Toote v\u00e4rv: L\u00e4bipaistev\/Matt<br \/>Toote materjal: Kaubaveo meetod: k\u00f5rge puhtusastmega \/ sulatatud kvarts: Palun konsulteerige klienditeenindusega \u00fcksikasjade saamiseks.<\/p>\t\t\t\t\t\t\t\t<\/div>\n\t\t\t\t<\/div>\n\t\t\t\t<div class=\"elementor-element elementor-element-a337cdb elementor-align-left elementor-widget elementor-widget-button\" data-id=\"a337cdb\" data-element_type=\"widget\" data-widget_type=\"button.default\">\n\t\t\t\t<div class=\"elementor-widget-container\">\n\t\t\t\t\t\t\t\t\t<div class=\"elementor-button-wrapper\">\n\t\t\t\t\t<a class=\"elementor-button elementor-button-link elementor-size-sm\" href=\"#elementor-action%3Aaction%3Dpopup%3Aopen%26settings%3DeyJpZCI6IjEyNzUiLCJ0b2dnbGUiOmZhbHNlfQ%3D%3D\">\n\t\t\t\t\t\t<span class=\"elementor-button-content-wrapper\">\n\t\t\t\t\t\t\t\t\t<span class=\"elementor-button-text\">Kiire tsitaat<\/span>\n\t\t\t\t\t<\/span>\n\t\t\t\t\t<\/a>\n\t\t\t\t<\/div>\n\t\t\t\t\t\t\t\t<\/div>\n\t\t\t\t<\/div>\n\t\t\t\t<\/div>\n\t\t\t\t\t<\/div>\n\t\t\t\t<\/div>\n\t\t<div class=\"elementor-element elementor-element-a2ed80c e-flex e-con-boxed e-con e-parent\" data-id=\"a2ed80c\" data-element_type=\"container\">\n\t\t\t\t\t<div class=\"e-con-inner\">\n\t\t\t\t<div class=\"elementor-element elementor-element-15718d3 elementor-widget elementor-widget-heading\" data-id=\"15718d3\" data-element_type=\"widget\" data-widget_type=\"heading.default\">\n\t\t\t\t<div class=\"elementor-widget-container\">\n\t\t\t\t\t<h3 class=\"elementor-heading-title elementor-size-default\">\u00dcksikasjad:<\/h3>\t\t\t\t<\/div>\n\t\t\t\t<\/div>\n\t\t\t\t<div class=\"elementor-element elementor-element-c76a0eb elementor-widget elementor-widget-text-editor\" data-id=\"c76a0eb\" data-element_type=\"widget\" data-widget_type=\"text-editor.default\">\n\t\t\t\t<div class=\"elementor-widget-container\">\n\t\t\t\t\t\t\t\t\t<p>Kvartsklaas, mida tuntakse ka r\u00e4niklaasina, on suurep\u00e4raste omadustega l\u00e4bipaistev materjal. T\u00e4nu k\u00f5rgele sulamistemperatuurile, madalale soojuspaisumistegurile, heale keemilisele stabiilsusele, k\u00f5rgele kiirgusstabiilsusele ja suurep\u00e4rasele optilisele toimivusele on kvartsklaasil lai kasutusala paljudes k\u00f5rgtehnoloogilistes valdkondades. Tulevikus on kvartsklaasi arenguperspektiivid peamiselt j\u00e4rgmistes aspektides:<\/p><p>1. Valguskaabli side: Kvartsklaas on peamine materjal optilise kiu side jaoks. 5G sidetehnoloogia j\u00e4rkj\u00e4rgulise populariseerimisega kasvab n\u00f5udlus optilise kiu side j\u00e4rele j\u00e4tkuvalt, tuues kvartsklaasi turule tohutu arenguruumi.<\/p><p>2. Pooljuhtide tootmine: Kvartsklaas leiab olulist rakendust pooljuhtide tootmisprotsessides, n\u00e4iteks fotolithograafia masinates ja aurustamise seadmetes. Pooljuhttehnoloogia pideva arenguga kasvab n\u00f5udlus kvartsklaasi j\u00e4rele j\u00e4tkuvalt.<\/p><p>3. P\u00e4ikeseenergiat\u00f6\u00f6stus: Kvartsklaas leiab laialdast rakendust p\u00e4ikesepatareide valmistamisel, eriti k\u00f5rge kasuteguriga p\u00e4ikesepatareide valdkonnas. Kuna \u00fclemaailmne n\u00f5udlus taastuvenergia j\u00e4rele kasvab j\u00e4tkuvalt, laieneb kvartsklaasi kasutamine p\u00e4ikeseenergiat\u00f6\u00f6stuses veelgi.<\/p><p>4. Biofarmatseutilised ravimid: Kvartsklaas leiab laialdast rakendust biofarmatseutika valdkonnas, n\u00e4iteks biokristallid ja laborianumad. Biofarmatseutilise tehnoloogia pideva arenguga suureneb n\u00f5udlus kvartsklaasi j\u00e4rele j\u00e4tkuvalt.<\/p><p>5. Aerospace: Kvartsklaas leiab olulist rakendust kosmoses, n\u00e4iteks raketimootorite d\u00fc\u00fcsides ja kosmoselaevade akendes. Lennundustehnoloogia pideva arenguga laieneb kvartsklaasi kasutamine selles valdkonnas veelgi.<\/p><p>6. Uute materjalide uurimine ja arendamine: Kvartsklaas on laialdaselt kasutatav uute materjalide uurimis- ja arendustegevuses. Teaduse ja tehnoloogia pideva arenguga laieneb kvartsklaasi kasutamine uute materjalide valdkonnas veelgi.<\/p>\t\t\t\t\t\t\t\t<\/div>\n\t\t\t\t<\/div>\n\t\t\t\t\t<\/div>\n\t\t\t\t<\/div>\n\t\t\t\t<\/div>","protected":false},"excerpt":{"rendered":"<p>Quartz Evaporating &amp; Culture Dishes Product Name: Adaptable Culture DishProduct Specifications: CustomizableProduct Color: Transparent\/MatteProduct Material: High Purity\/Melted Quartz Shipping Method: [&hellip;]<\/p>","protected":false},"author":6,"featured_media":777,"parent":843,"menu_order":0,"comment_status":"closed","ping_status":"closed","template":"","meta":{"_seopress_robots_primary_cat":"","_seopress_titles_title":"Quartz Evaporating & Culture Dishes \u2013 Custom Labware","_seopress_titles_desc":"Custom quartz dishes for lab evaporation & culture. Made from high purity fused quartz, transparent or matte. Heat resistant, acid stable, precise specs.","_seopress_robots_index":"","site-sidebar-layout":"no-sidebar","site-content-layout":"","ast-site-content-layout":"full-width-container","site-content-style":"default","site-sidebar-style":"default","ast-global-header-display":"","ast-banner-title-visibility":"","ast-main-header-display":"","ast-hfb-above-header-display":"","ast-hfb-below-header-display":"","ast-hfb-mobile-header-display":"","site-post-title":"disabled","ast-breadcrumbs-content":"","ast-featured-img":"disabled","footer-sml-layout":"","theme-transparent-header-meta":"","adv-header-id-meta":"","stick-header-meta":"","header-above-stick-meta":"","header-main-stick-meta":"","header-below-stick-meta":"","astra-migrate-meta-layouts":"default","ast-page-background-enabled":"default","ast-page-background-meta":{"desktop":{"background-color":"var(--ast-global-color-5)","background-image":"","background-repeat":"repeat","background-position":"center center","background-size":"auto","background-attachment":"scroll","background-type":"","background-media":"","overlay-type":"","overlay-color":"","overlay-opacity":"","overlay-gradient":""},"tablet":{"background-color":"","background-image":"","background-repeat":"repeat","background-position":"center center","background-size":"auto","background-attachment":"scroll","background-type":"","background-media":"","overlay-type":"","overlay-color":"","overlay-opacity":"","overlay-gradient":""},"mobile":{"background-color":"","background-image":"","background-repeat":"repeat","background-position":"center center","background-size":"auto","background-attachment":"scroll","background-type":"","background-media":"","overlay-type":"","overlay-color":"","overlay-opacity":"","overlay-gradient":""}},"ast-content-background-meta":{"desktop":{"background-color":"var(--ast-global-color-4)","background-image":"","background-repeat":"repeat","background-position":"center center","background-size":"auto","background-attachment":"scroll","background-type":"","background-media":"","overlay-type":"","overlay-color":"","overlay-opacity":"","overlay-gradient":""},"tablet":{"background-color":"var(--ast-global-color-4)","background-image":"","background-repeat":"repeat","background-position":"center center","background-size":"auto","background-attachment":"scroll","background-type":"","background-media":"","overlay-type":"","overlay-color":"","overlay-opacity":"","overlay-gradient":""},"mobile":{"background-color":"var(--ast-global-color-4)","background-image":"","background-repeat":"repeat","background-position":"center center","background-size":"auto","background-attachment":"scroll","background-type":"","background-media":"","overlay-type":"","overlay-color":"","overlay-opacity":"","overlay-gradient":""}},"footnotes":""},"class_list":["post-775","page","type-page","status-publish","has-post-thumbnail","hentry"],"_hostinger_reach_plugin_has_subscription_block":false,"_hostinger_reach_plugin_is_elementor":false,"_links":{"self":[{"href":"https:\/\/exactquartz.com\/et\/wp-json\/wp\/v2\/pages\/775","targetHints":{"allow":["GET"]}}],"collection":[{"href":"https:\/\/exactquartz.com\/et\/wp-json\/wp\/v2\/pages"}],"about":[{"href":"https:\/\/exactquartz.com\/et\/wp-json\/wp\/v2\/types\/page"}],"author":[{"embeddable":true,"href":"https:\/\/exactquartz.com\/et\/wp-json\/wp\/v2\/users\/6"}],"replies":[{"embeddable":true,"href":"https:\/\/exactquartz.com\/et\/wp-json\/wp\/v2\/comments?post=775"}],"version-history":[{"count":11,"href":"https:\/\/exactquartz.com\/et\/wp-json\/wp\/v2\/pages\/775\/revisions"}],"predecessor-version":[{"id":1461,"href":"https:\/\/exactquartz.com\/et\/wp-json\/wp\/v2\/pages\/775\/revisions\/1461"}],"up":[{"embeddable":true,"href":"https:\/\/exactquartz.com\/et\/wp-json\/wp\/v2\/pages\/843"}],"wp:featuredmedia":[{"embeddable":true,"href":"https:\/\/exactquartz.com\/et\/wp-json\/wp\/v2\/media\/777"}],"wp:attachment":[{"href":"https:\/\/exactquartz.com\/et\/wp-json\/wp\/v2\/media?parent=775"}],"curies":[{"name":"wp","href":"https:\/\/api.w.org\/{rel}","templated":true}]}}