{"id":266,"date":"2025-03-26T17:28:19","date_gmt":"2025-03-26T09:28:19","guid":{"rendered":"https:\/\/exactquartz.com\/?page_id=266"},"modified":"2025-04-16T18:29:58","modified_gmt":"2025-04-16T10:29:58","slug":"optical-quartz-discs","status":"publish","type":"page","link":"https:\/\/exactquartz.com\/fi\/quartz-discs-and-plates\/optical-quartz-discs\/","title":{"rendered":"Optiset kvartsilevyt - eritt\u00e4in kirkkaat py\u00f6re\u00e4t levyt"},"content":{"rendered":"<div data-elementor-type=\"wp-page\" data-elementor-id=\"266\" class=\"elementor elementor-266\" data-elementor-post-type=\"page\">\n\t\t\t\t<div class=\"elementor-element elementor-element-d2bc4f1 e-flex e-con-boxed e-con e-parent\" data-id=\"d2bc4f1\" data-element_type=\"container\">\n\t\t\t\t\t<div class=\"e-con-inner\">\n\t\t<div class=\"elementor-element elementor-element-6d0fc6f e-con-full e-flex e-con e-child\" data-id=\"6d0fc6f\" data-element_type=\"container\">\n\t\t\t\t<div class=\"elementor-element elementor-element-fb179f0 elementor-skin-slideshow elementor-arrows-yes elementor-widget elementor-widget-media-carousel\" data-id=\"fb179f0\" data-element_type=\"widget\" data-settings=\"{&quot;skin&quot;:&quot;slideshow&quot;,&quot;effect&quot;:&quot;fade&quot;,&quot;slideshow_slides_per_view&quot;:&quot;3&quot;,&quot;show_arrows&quot;:&quot;yes&quot;,&quot;speed&quot;:500,&quot;autoplay&quot;:&quot;yes&quot;,&quot;autoplay_speed&quot;:5000,&quot;loop&quot;:&quot;yes&quot;,&quot;pause_on_hover&quot;:&quot;yes&quot;,&quot;pause_on_interaction&quot;:&quot;yes&quot;,&quot;space_between&quot;:{&quot;unit&quot;:&quot;px&quot;,&quot;size&quot;:10,&quot;sizes&quot;:[]},&quot;space_between_tablet&quot;:{&quot;unit&quot;:&quot;px&quot;,&quot;size&quot;:10,&quot;sizes&quot;:[]},&quot;space_between_mobile&quot;:{&quot;unit&quot;:&quot;px&quot;,&quot;size&quot;:10,&quot;sizes&quot;:[]}}\" data-widget_type=\"media-carousel.default\">\n\t\t\t\t<div class=\"elementor-widget-container\">\n\t\t\t\t\t\t\t\t\t<div class=\"elementor-swiper\">\n\t\t\t\t\t<div class=\"elementor-main-swiper swiper\" role=\"region\" aria-roledescription=\"carousel\" aria-label=\"Diat\">\n\t\t\t\t<div class=\"swiper-wrapper\">\n\t\t\t\t\t\t\t\t\t\t\t<div class=\"swiper-slide\" role=\"group\" aria-roledescription=\"slide\">\n\t\t\t\t\t\t\t\t\t<div class=\"elementor-carousel-image\" role=\"img\" aria-label=\"Eritt\u00e4in l\u00e4pin\u00e4kyv\u00e4t optiset kvartsilevyt\" style=\"background-image: url(&#039;https:\/\/exactquartz.com\/wp-content\/uploads\/2025\/03\/High-transparency-optical-quartz-discs.webp&#039;)\">\n\n\t\t\t\n\t\t\t\t\t<\/div>\n\t\t\t\t\t\t\t\t<\/div>\n\t\t\t\t\t\t\t\t\t\t\t<div class=\"swiper-slide\" role=\"group\" aria-roledescription=\"slide\">\n\t\t\t\t\t\t\t\t\t<div class=\"elementor-carousel-image\" role=\"img\" aria-label=\"Eritt\u00e4in l\u00e4pin\u00e4kyv\u00e4t optiset kvartsilevyt 3\" style=\"background-image: url(&#039;https:\/\/exactquartz.com\/wp-content\/uploads\/2025\/03\/High-transparency-optical-quartz-discs-3.webp&#039;)\">\n\n\t\t\t\n\t\t\t\t\t<\/div>\n\t\t\t\t\t\t\t\t<\/div>\n\t\t\t\t\t\t\t\t\t\t\t<div class=\"swiper-slide\" role=\"group\" aria-roledescription=\"slide\">\n\t\t\t\t\t\t\t\t\t<div class=\"elementor-carousel-image\" role=\"img\" aria-label=\"Eritt\u00e4in l\u00e4pin\u00e4kyv\u00e4t optiset kvartsilevyt 2\" style=\"background-image: url(&#039;https:\/\/exactquartz.com\/wp-content\/uploads\/2025\/03\/High-transparency-optical-quartz-discs-2.webp&#039;)\">\n\n\t\t\t\n\t\t\t\t\t<\/div>\n\t\t\t\t\t\t\t\t<\/div>\n\t\t\t\t\t\t\t\t\t<\/div>\n\t\t\t\t\t\t\t\t\t\t\t\t\t\t\t<div class=\"elementor-swiper-button elementor-swiper-button-prev\" role=\"button\" tabindex=\"0\" aria-label=\"Edellinen\" data-no-translation-aria-label=\"\">\n\t\t\t\t\t\t\t<svg aria-hidden=\"true\" class=\"e-font-icon-svg e-eicon-chevron-left\" viewbox=\"0 0 1000 1000\" xmlns=\"http:\/\/www.w3.org\/2000\/svg\"><path d=\"M646 125C629 125 613 133 604 142L308 442C296 454 292 471 292 487 292 504 296 521 308 533L604 854C617 867 629 875 646 875 663 875 679 871 692 858 704 846 713 829 713 812 713 796 708 779 692 767L438 487 692 225C700 217 708 204 708 187 708 171 704 154 692 142 675 129 663 125 646 125Z\"><\/path><\/svg>\t\t\t\t\t\t<\/div>\n\t\t\t\t\t\t<div class=\"elementor-swiper-button elementor-swiper-button-next\" role=\"button\" tabindex=\"0\" aria-label=\"Seuraava\" data-no-translation-aria-label=\"\">\n\t\t\t\t\t\t\t<svg aria-hidden=\"true\" class=\"e-font-icon-svg e-eicon-chevron-right\" viewbox=\"0 0 1000 1000\" xmlns=\"http:\/\/www.w3.org\/2000\/svg\"><path d=\"M696 533C708 521 713 504 713 487 713 471 708 454 696 446L400 146C388 133 375 125 354 125 338 125 325 129 313 142 300 154 292 171 292 187 292 204 296 221 308 233L563 492 304 771C292 783 288 800 288 817 288 833 296 850 308 863 321 871 338 875 354 875 371 875 388 867 400 854L696 533Z\"><\/path><\/svg>\t\t\t\t\t\t<\/div>\n\t\t\t\t\t\t\t\t\t\t\t\t\t\t\t\t\t<\/div>\n\t\t\t\t<\/div>\n\t\t\t\t\t\t\t\t<div class=\"elementor-swiper\">\n\t\t\t\t\t<div class=\"elementor-main-swiper swiper elementor-thumbnails-swiper swiper\" role=\"region region\" aria-roledescription=\"carousel carousel\" aria-label=\"Dioja Dioja\">\n\t\t\t\t<div class=\"swiper-wrapper\">\n\t\t\t\t\t\t\t\t\t\t\t<div class=\"swiper-slide\" role=\"group\" aria-roledescription=\"slide\">\n\t\t\t\t\t\t\t\t\t<div class=\"elementor-carousel-image\" role=\"img\" aria-label=\"Eritt\u00e4in l\u00e4pin\u00e4kyv\u00e4t optiset kvartsilevyt\" style=\"background-image: url(&#039;https:\/\/exactquartz.com\/wp-content\/uploads\/2025\/03\/High-transparency-optical-quartz-discs.webp&#039;)\">\n\n\t\t\t\n\t\t\t\t\t<\/div>\n\t\t\t\t\t\t\t\t<\/div>\n\t\t\t\t\t\t\t\t\t\t\t<div class=\"swiper-slide\" role=\"group\" aria-roledescription=\"slide\">\n\t\t\t\t\t\t\t\t\t<div class=\"elementor-carousel-image\" role=\"img\" aria-label=\"Eritt\u00e4in l\u00e4pin\u00e4kyv\u00e4t optiset kvartsilevyt 3\" style=\"background-image: url(&#039;https:\/\/exactquartz.com\/wp-content\/uploads\/2025\/03\/High-transparency-optical-quartz-discs-3.webp&#039;)\">\n\n\t\t\t\n\t\t\t\t\t<\/div>\n\t\t\t\t\t\t\t\t<\/div>\n\t\t\t\t\t\t\t\t\t\t\t<div class=\"swiper-slide\" role=\"group\" aria-roledescription=\"slide\">\n\t\t\t\t\t\t\t\t\t<div class=\"elementor-carousel-image\" role=\"img\" aria-label=\"Eritt\u00e4in l\u00e4pin\u00e4kyv\u00e4t optiset kvartsilevyt 2\" style=\"background-image: url(&#039;https:\/\/exactquartz.com\/wp-content\/uploads\/2025\/03\/High-transparency-optical-quartz-discs-2.webp&#039;)\">\n\n\t\t\t\n\t\t\t\t\t<\/div>\n\t\t\t\t\t\t\t\t<\/div>\n\t\t\t\t\t\t\t\t\t<\/div>\n\t\t\t\t\t\t\t\t\t\t\t\t\t\t\t\t\t\t\t\t\t<\/div>\n\t\t\t\t<\/div>\n\t\t\t\t\t\t\t\t<\/div>\n\t\t\t\t<\/div>\n\t\t\t\t<\/div>\n\t\t<div class=\"elementor-element elementor-element-2a56432 e-con-full e-flex e-con e-child\" data-id=\"2a56432\" data-element_type=\"container\">\n\t\t\t\t<div class=\"elementor-element elementor-element-70d5eba elementor-widget elementor-widget-heading\" data-id=\"70d5eba\" data-element_type=\"widget\" data-widget_type=\"heading.default\">\n\t\t\t\t<div class=\"elementor-widget-container\">\n\t\t\t\t\t<h2 class=\"elementor-heading-title elementor-size-default\">Optiset kvartsilevyt - eritt\u00e4in kirkkaat py\u00f6re\u00e4t levyt<\/h2>\t\t\t\t<\/div>\n\t\t\t\t<\/div>\n\t\t\t\t<div class=\"elementor-element elementor-element-ac956f7 elementor-widget elementor-widget-text-editor\" data-id=\"ac956f7\" data-element_type=\"widget\" data-widget_type=\"text-editor.default\">\n\t\t\t\t<div class=\"elementor-widget-container\">\n\t\t\t\t\t\t\t\t\t<p>Py\u00f6re\u00e4t kvartsilevyt, eritt\u00e4in l\u00e4pin\u00e4kyv\u00e4t optiset kvartsilevyt ja kvartsikiillotuslevyt.<\/p>\t\t\t\t\t\t\t\t<\/div>\n\t\t\t\t<\/div>\n\t\t\t\t<div class=\"elementor-element elementor-element-c6d5d94 elementor-widget elementor-widget-text-editor\" data-id=\"c6d5d94\" data-element_type=\"widget\" data-widget_type=\"text-editor.default\">\n\t\t\t\t<div class=\"elementor-widget-container\">\n\t\t\t\t\t\t\t\t\t<p>Tarjoamme py\u00f6reit\u00e4 kvartsilevyj\u00e4, eritt\u00e4in l\u00e4pin\u00e4kyvi\u00e4 optisia kvartsilevyj\u00e4 ja kvartsikiillotuslevyj\u00e4. N\u00e4m\u00e4 tuotteet tunnetaan erinomaisista optisista ominaisuuksistaan, ja niit\u00e4 k\u00e4ytet\u00e4\u00e4n laajalti eri teollisuudenaloilla, kuten optiikassa, elektroniikassa ja tutkimuslaboratorioissa.<\/p>\t\t\t\t\t\t\t\t<\/div>\n\t\t\t\t<\/div>\n\t\t\t\t<div class=\"elementor-element elementor-element-5ab7f5e elementor-align-left elementor-widget elementor-widget-button\" data-id=\"5ab7f5e\" data-element_type=\"widget\" data-widget_type=\"button.default\">\n\t\t\t\t<div class=\"elementor-widget-container\">\n\t\t\t\t\t\t\t\t\t<div class=\"elementor-button-wrapper\">\n\t\t\t\t\t<a class=\"elementor-button elementor-button-link elementor-size-sm\" href=\"#elementor-action%3Aaction%3Dpopup%3Aopen%26settings%3DeyJpZCI6IjEyNzUiLCJ0b2dnbGUiOmZhbHNlfQ%3D%3D\">\n\t\t\t\t\t\t<span class=\"elementor-button-content-wrapper\">\n\t\t\t\t\t\t\t\t\t<span class=\"elementor-button-text\">Nopea tarjous<\/span>\n\t\t\t\t\t<\/span>\n\t\t\t\t\t<\/a>\n\t\t\t\t<\/div>\n\t\t\t\t\t\t\t\t<\/div>\n\t\t\t\t<\/div>\n\t\t\t\t<\/div>\n\t\t\t\t\t<\/div>\n\t\t\t\t<\/div>\n\t\t<div class=\"elementor-element elementor-element-a2ed80c e-flex e-con-boxed e-con e-parent\" data-id=\"a2ed80c\" data-element_type=\"container\">\n\t\t\t\t\t<div class=\"e-con-inner\">\n\t\t\t\t<div class=\"elementor-element elementor-element-ceddc61 elementor-widget elementor-widget-text-editor\" data-id=\"ceddc61\" data-element_type=\"widget\" data-widget_type=\"text-editor.default\">\n\t\t\t\t<div class=\"elementor-widget-container\">\n\t\t\t\t\t\t\t\t\t<p>Laadukkaat kvartsilasilevyt \/ -levyt ovat er\u00e4\u00e4nlaisia lasitavaroita, joita k\u00e4ytet\u00e4\u00e4n laajalti eri teollisuudenaloilla, kuten puolijohdeteollisuudessa, optisessa ja laboratoriossa. Ne on valmistettu eritt\u00e4in puhtaasta sulatetusta kvartsilasista, mik\u00e4 tekee niist\u00e4 eritt\u00e4in kest\u00e4vi\u00e4 l\u00e4mp\u00f6shokkeja ja kemiallista korroosiota vastaan. N\u00e4ille levyille ja levyille on ominaista niiden erinomaiset optiset ominaisuudet, korkea l\u00e4p\u00e4isykerroin ja alhainen l\u00e4mp\u00f6laajenemiskerroin. Ne voidaan r\u00e4\u00e4t\u00e4l\u00f6id\u00e4 vastaamaan erityisvaatimuksia, kuten kokoa, paksuutta ja pintak\u00e4sittely\u00e4. Ainutlaatuisten ominaisuuksiensa ansiosta korkealaatuiset kvartsilasilevyt\/-kiekot soveltuvat erinomaisesti k\u00e4ytett\u00e4viksi sovelluksissa, jotka vaativat suurta tarkkuutta, kuten kiekkojen k\u00e4sittelyss\u00e4, optisissa ikkunoissa ja kemiallisessa analyysiss\u00e4.<\/p>\t\t\t\t\t\t\t\t<\/div>\n\t\t\t\t<\/div>\n\t\t\t\t<div class=\"elementor-element elementor-element-b7e9c99 elementor-widget elementor-widget-heading\" data-id=\"b7e9c99\" data-element_type=\"widget\" data-widget_type=\"heading.default\">\n\t\t\t\t<div class=\"elementor-widget-container\">\n\t\t\t\t\t<h3 class=\"elementor-heading-title elementor-size-default\">Johdanto:<\/h3>\t\t\t\t<\/div>\n\t\t\t\t<\/div>\n\t\t\t\t<div class=\"elementor-element elementor-element-281af31 elementor-widget elementor-widget-text-editor\" data-id=\"281af31\" data-element_type=\"widget\" data-widget_type=\"text-editor.default\">\n\t\t\t\t<div class=\"elementor-widget-container\">\n\t\t\t\t\t\t\t\t\t<p>Py\u00f6re\u00e4t kvartsilevyt ovat nousseet elint\u00e4rke\u00e4ksi komponentiksi lukuisilla teollisuudenaloilla ja mullistaneet optisen tarkkuuden ja suorituskyvyn. Poikkeuksellisen l\u00e4pin\u00e4kyvyytens\u00e4 ja ainutlaatuisten ominaisuuksiensa ansiosta n\u00e4ist\u00e4 levyist\u00e4 on tullut v\u00e4ltt\u00e4m\u00e4tt\u00f6mi\u00e4 sovelluksissa, jotka ulottuvat optiikasta ja elektroniikasta tutkimuslaboratorioihin. T\u00e4ss\u00e4 artikkelissa tarkastelemme py\u00f6reiden kvartsilevyjen kehityst\u00e4 ja niiden merkitt\u00e4v\u00e4\u00e4 panosta eri teollisuudenaloilla.<\/p>\t\t\t\t\t\t\t\t<\/div>\n\t\t\t\t<\/div>\n\t\t\t\t<div class=\"elementor-element elementor-element-fe0cb41 elementor-widget elementor-widget-heading\" data-id=\"fe0cb41\" data-element_type=\"widget\" data-widget_type=\"heading.default\">\n\t\t\t\t<div class=\"elementor-widget-container\">\n\t\t\t\t\t<h3 class=\"elementor-heading-title elementor-size-default\">Verraton optinen l\u00e4pin\u00e4kyvyys:<\/h3>\t\t\t\t<\/div>\n\t\t\t\t<\/div>\n\t\t\t\t<div class=\"elementor-element elementor-element-733f615 elementor-widget elementor-widget-text-editor\" data-id=\"733f615\" data-element_type=\"widget\" data-widget_type=\"text-editor.default\">\n\t\t\t\t<div class=\"elementor-widget-container\">\n\t\t\t\t\t\t\t\t\t<p>Py\u00f6re\u00e4t kvartsilevyt ovat tunnettuja erinomaisesta optisesta l\u00e4pin\u00e4kyvyydest\u00e4\u00e4n. Kvartsi, joka on piidioksidin kiteinen muoto, on huomattavan kirkas useilla aallonpituuksilla, mukaan lukien ultravioletti, n\u00e4kyv\u00e4 ja infrapuna. T\u00e4m\u00e4 poikkeuksellinen l\u00e4pin\u00e4kyvyys mahdollistaa tarkan valonl\u00e4p\u00e4isyn, mink\u00e4 vuoksi kvartsilevyt ovat ihanteellinen valinta optisiin instrumentteihin, lasereihin, spektroskopiaan ja muihin sovelluksiin, joissa vaaditaan poikkeuksellista optista suorituskyky\u00e4.<\/p>\t\t\t\t\t\t\t\t<\/div>\n\t\t\t\t<\/div>\n\t\t\t\t<div class=\"elementor-element elementor-element-39cf9eb elementor-widget elementor-widget-heading\" data-id=\"39cf9eb\" data-element_type=\"widget\" data-widget_type=\"heading.default\">\n\t\t\t\t<div class=\"elementor-widget-container\">\n\t\t\t\t\t<h3 class=\"elementor-heading-title elementor-size-default\">Parannettu kest\u00e4vyys ja l\u00e4mm\u00f6nkest\u00e4vyys:<\/h3>\t\t\t\t<\/div>\n\t\t\t\t<\/div>\n\t\t\t\t<div class=\"elementor-element elementor-element-cc3d847 elementor-widget elementor-widget-text-editor\" data-id=\"cc3d847\" data-element_type=\"widget\" data-widget_type=\"text-editor.default\">\n\t\t\t\t<div class=\"elementor-widget-container\">\n\t\t\t\t\t\t\t\t\t<p>Yksi py\u00f6reiden kvartsilevyjen t\u00e4rkeimmist\u00e4 eduista on niiden poikkeuksellinen kest\u00e4vyys ja l\u00e4mm\u00f6nkest\u00e4vyys. Kvartsilla on korkea sulamispiste, mink\u00e4 ansiosta se kest\u00e4\u00e4 \u00e4\u00e4rimm\u00e4isi\u00e4 l\u00e4mp\u00f6tiloja ilman, ett\u00e4 sen rakenteellinen eheys k\u00e4rsii. T\u00e4m\u00e4 ominaisuus on erityisen arvokas korkean l\u00e4mp\u00f6tilan ymp\u00e4rist\u00f6iss\u00e4, kuten puolijohteiden valmistuksessa ja teollisuusprosesseissa, joissa kvartsilevyt s\u00e4ilytt\u00e4v\u00e4t optiset ominaisuutensa ja rakenteellisen vakauden my\u00f6s vaikeissa olosuhteissa.<\/p>\t\t\t\t\t\t\t\t<\/div>\n\t\t\t\t<\/div>\n\t\t\t\t<div class=\"elementor-element elementor-element-e7a94c2 elementor-widget elementor-widget-heading\" data-id=\"e7a94c2\" data-element_type=\"widget\" data-widget_type=\"heading.default\">\n\t\t\t\t<div class=\"elementor-widget-container\">\n\t\t\t\t\t<h3 class=\"elementor-heading-title elementor-size-default\">Tarkkuusvalmistus ja kiillotus:<\/h3>\t\t\t\t<\/div>\n\t\t\t\t<\/div>\n\t\t\t\t<div class=\"elementor-element elementor-element-529c317 elementor-widget elementor-widget-text-editor\" data-id=\"529c317\" data-element_type=\"widget\" data-widget_type=\"text-editor.default\">\n\t\t\t\t<div class=\"elementor-widget-container\">\n\t\t\t\t\t\t\t\t\t<p>Py\u00f6re\u00e4t kvartsilevyt k\u00e4yv\u00e4t l\u00e4pi huolelliset valmistusprosessit, joilla varmistetaan niiden tarkat mitat ja pinnanlaatu. Kehittyneit\u00e4 valmistustekniikoita, kuten timanttileikkausta ja kiillotusta, k\u00e4ytet\u00e4\u00e4n halutun paksuuden, tasaisuuden ja pinnan viimeistelyn saavuttamiseksi. T\u00e4m\u00e4 tarkkuus mahdollistaa kvartsilevyjen saumattoman integroinnin optisiin j\u00e4rjestelmiin, mik\u00e4 takaa optimaalisen suorituskyvyn ja minimaalisen valon sironnan tai heijastuksen.<\/p>\t\t\t\t\t\t\t\t<\/div>\n\t\t\t\t<\/div>\n\t\t\t\t<div class=\"elementor-element elementor-element-a438a24 elementor-widget elementor-widget-heading\" data-id=\"a438a24\" data-element_type=\"widget\" data-widget_type=\"heading.default\">\n\t\t\t\t<div class=\"elementor-widget-container\">\n\t\t\t\t\t<h3 class=\"elementor-heading-title elementor-size-default\">Sovellukset eri toimialoilla:<\/h3>\t\t\t\t<\/div>\n\t\t\t\t<\/div>\n\t\t\t\t<div class=\"elementor-element elementor-element-2c83de3 elementor-widget elementor-widget-text-editor\" data-id=\"2c83de3\" data-element_type=\"widget\" data-widget_type=\"text-editor.default\">\n\t\t\t\t<div class=\"elementor-widget-container\">\n\t\t\t\t\t\t\t\t\t<p>Py\u00f6reit\u00e4 kvartsilevyj\u00e4 k\u00e4ytet\u00e4\u00e4n laajalti monilla teollisuudenaloilla. Optiikan alalla n\u00e4it\u00e4 levyj\u00e4 k\u00e4ytet\u00e4\u00e4n linsseiss\u00e4, prismoissa, ikkunoissa ja suodattimissa, jotka parantavat kuvanlaatua, valonl\u00e4p\u00e4isy\u00e4 ja valvontaa. Elektroniikan alalla kvartsilevyj\u00e4 k\u00e4ytet\u00e4\u00e4n puolijohteissa, antureissa ja aurinkos\u00e4hk\u00f6laitteissa niiden erinomaisten s\u00e4hk\u00f6isten eristysominaisuuksien ansiosta. Lis\u00e4ksi py\u00f6re\u00e4t kvartsilevyt ovat v\u00e4ltt\u00e4m\u00e4tt\u00f6mi\u00e4 tutkimuslaboratorioissa, koska ne ovat l\u00e4pin\u00e4kyvi\u00e4 tietyille aallonpituuksille, mik\u00e4 mahdollistaa tarkat analyysit ja kokeet.<\/p>\t\t\t\t\t\t\t\t<\/div>\n\t\t\t\t<\/div>\n\t\t\t\t<div class=\"elementor-element elementor-element-a84143a elementor-widget elementor-widget-heading\" data-id=\"a84143a\" data-element_type=\"widget\" data-widget_type=\"heading.default\">\n\t\t\t\t<div class=\"elementor-widget-container\">\n\t\t\t\t\t<h3 class=\"elementor-heading-title elementor-size-default\">Mukauttamisvaihtoehdot: <\/h3>\t\t\t\t<\/div>\n\t\t\t\t<\/div>\n\t\t\t\t<div class=\"elementor-element elementor-element-a769174 elementor-widget elementor-widget-text-editor\" data-id=\"a769174\" data-element_type=\"widget\" data-widget_type=\"text-editor.default\">\n\t\t\t\t<div class=\"elementor-widget-container\">\n\t\t\t\t\t\t\t\t\t<p>Py\u00f6reiden kvartsilevyjen valmistajat tarjoavat r\u00e4\u00e4t\u00e4l\u00f6intivaihtoehtoja eri sovellusten ainutlaatuisten vaatimusten t\u00e4ytt\u00e4miseksi. Asiakkaat voivat toimittaa erityisi\u00e4 piirustuksia tai n\u00e4ytteit\u00e4, jolloin voidaan valmistaa heid\u00e4n tarkkojen eritelmiens\u00e4 mukaan r\u00e4\u00e4t\u00e4l\u00f6ityj\u00e4 kvartsilevyj\u00e4. T\u00e4m\u00e4 r\u00e4\u00e4t\u00e4l\u00f6innin joustavuus varmistaa, ett\u00e4 lopputuote integroituu saumattomasti aiottuun sovellukseen ja maksimoi sen suorituskyvyn ja toiminnallisuuden.<\/p>\t\t\t\t\t\t\t\t<\/div>\n\t\t\t\t<\/div>\n\t\t\t\t<div class=\"elementor-element elementor-element-596ad3d elementor-widget elementor-widget-heading\" data-id=\"596ad3d\" data-element_type=\"widget\" data-widget_type=\"heading.default\">\n\t\t\t\t<div class=\"elementor-widget-container\">\n\t\t\t\t\t<h3 class=\"elementor-heading-title elementor-size-default\">Johtop\u00e4\u00e4t\u00f6kset: <\/h3>\t\t\t\t<\/div>\n\t\t\t\t<\/div>\n\t\t\t\t<div class=\"elementor-element elementor-element-0549bf7 elementor-widget elementor-widget-text-editor\" data-id=\"0549bf7\" data-element_type=\"widget\" data-widget_type=\"text-editor.default\">\n\t\t\t\t<div class=\"elementor-widget-container\">\n\t\t\t\t\t\t\t\t\t<p>Py\u00f6re\u00e4t kvartsilevyt ovat muuttaneet optisen tarkkuuden ja suorituskyvyn. Poikkeuksellisen optisen l\u00e4pin\u00e4kyvyytens\u00e4, kest\u00e4vyytens\u00e4 ja l\u00e4mm\u00f6nkest\u00e4vyytens\u00e4 ansiosta n\u00e4ist\u00e4 levyist\u00e4 on tullut olennainen osa eri teollisuudenaloja. Niiden tarkka valmistus ja r\u00e4\u00e4t\u00e4l\u00f6intimahdollisuudet lis\u00e4\u00e4v\u00e4t entisest\u00e4\u00e4n niiden monipuolisuutta ja sovellettavuutta. Teknologian kehittyess\u00e4 edelleen py\u00f6reill\u00e4 kvartsilevyill\u00e4 on ep\u00e4ilem\u00e4tt\u00e4 keskeinen rooli optiikan, elektroniikan ja tieteellisen tutkimuksen tulevaisuuden muokkaamisessa.<\/p>\t\t\t\t\t\t\t\t<\/div>\n\t\t\t\t<\/div>\n\t\t\t\t\t<\/div>\n\t\t\t\t<\/div>\n\t\t\t\t<\/div>","protected":false},"excerpt":{"rendered":"<p>Optical Quartz Discs \u2013 High Clarity Circular Plates Circular quartz plates, high-transparency optical quartz discs, and quartz polishing plates We [&hellip;]<\/p>","protected":false},"author":7,"featured_media":267,"parent":841,"menu_order":0,"comment_status":"closed","ping_status":"closed","template":"","meta":{"_seopress_robots_primary_cat":"","_seopress_titles_title":"Optical Quartz Discs \u2013 High Clarity Circular Plates","_seopress_titles_desc":"Custom circular quartz discs for optics, lasers & labs. High transmission UV\u2013IR, tight tolerance, thermally stable, polished to optical-grade surface.","_seopress_robots_index":"","site-sidebar-layout":"no-sidebar","site-content-layout":"","ast-site-content-layout":"full-width-container","site-content-style":"default","site-sidebar-style":"default","ast-global-header-display":"","ast-banner-title-visibility":"","ast-main-header-display":"","ast-hfb-above-header-display":"","ast-hfb-below-header-display":"","ast-hfb-mobile-header-display":"","site-post-title":"disabled","ast-breadcrumbs-content":"","ast-featured-img":"disabled","footer-sml-layout":"","theme-transparent-header-meta":"","adv-header-id-meta":"","stick-header-meta":"","header-above-stick-meta":"","header-main-stick-meta":"","header-below-stick-meta":"","astra-migrate-meta-layouts":"default","ast-page-background-enabled":"default","ast-page-background-meta":{"desktop":{"background-color":"var(--ast-global-color-5)","background-image":"","background-repeat":"repeat","background-position":"center center","background-size":"auto","background-attachment":"scroll","background-type":"","background-media":"","overlay-type":"","overlay-color":"","overlay-opacity":"","overlay-gradient":""},"tablet":{"background-color":"","background-image":"","background-repeat":"repeat","background-position":"center center","background-size":"auto","background-attachment":"scroll","background-type":"","background-media":"","overlay-type":"","overlay-color":"","overlay-opacity":"","overlay-gradient":""},"mobile":{"background-color":"","background-image":"","background-repeat":"repeat","background-position":"center center","background-size":"auto","background-attachment":"scroll","background-type":"","background-media":"","overlay-type":"","overlay-color":"","overlay-opacity":"","overlay-gradient":""}},"ast-content-background-meta":{"desktop":{"background-color":"var(--ast-global-color-4)","background-image":"","background-repeat":"repeat","background-position":"center center","background-size":"auto","background-attachment":"scroll","background-type":"","background-media":"","overlay-type":"","overlay-color":"","overlay-opacity":"","overlay-gradient":""},"tablet":{"background-color":"var(--ast-global-color-4)","background-image":"","background-repeat":"repeat","background-position":"center center","background-size":"auto","background-attachment":"scroll","background-type":"","background-media":"","overlay-type":"","overlay-color":"","overlay-opacity":"","overlay-gradient":""},"mobile":{"background-color":"var(--ast-global-color-4)","background-image":"","background-repeat":"repeat","background-position":"center center","background-size":"auto","background-attachment":"scroll","background-type":"","background-media":"","overlay-type":"","overlay-color":"","overlay-opacity":"","overlay-gradient":""}},"footnotes":""},"class_list":["post-266","page","type-page","status-publish","has-post-thumbnail","hentry"],"_hostinger_reach_plugin_has_subscription_block":false,"_hostinger_reach_plugin_is_elementor":false,"_links":{"self":[{"href":"https:\/\/exactquartz.com\/fi\/wp-json\/wp\/v2\/pages\/266","targetHints":{"allow":["GET"]}}],"collection":[{"href":"https:\/\/exactquartz.com\/fi\/wp-json\/wp\/v2\/pages"}],"about":[{"href":"https:\/\/exactquartz.com\/fi\/wp-json\/wp\/v2\/types\/page"}],"author":[{"embeddable":true,"href":"https:\/\/exactquartz.com\/fi\/wp-json\/wp\/v2\/users\/7"}],"replies":[{"embeddable":true,"href":"https:\/\/exactquartz.com\/fi\/wp-json\/wp\/v2\/comments?post=266"}],"version-history":[{"count":17,"href":"https:\/\/exactquartz.com\/fi\/wp-json\/wp\/v2\/pages\/266\/revisions"}],"predecessor-version":[{"id":1440,"href":"https:\/\/exactquartz.com\/fi\/wp-json\/wp\/v2\/pages\/266\/revisions\/1440"}],"up":[{"embeddable":true,"href":"https:\/\/exactquartz.com\/fi\/wp-json\/wp\/v2\/pages\/841"}],"wp:featuredmedia":[{"embeddable":true,"href":"https:\/\/exactquartz.com\/fi\/wp-json\/wp\/v2\/media\/267"}],"wp:attachment":[{"href":"https:\/\/exactquartz.com\/fi\/wp-json\/wp\/v2\/media?parent=266"}],"curies":[{"name":"wp","href":"https:\/\/api.w.org\/{rel}","templated":true}]}}