{"id":281,"date":"2025-03-27T11:38:48","date_gmt":"2025-03-27T03:38:48","guid":{"rendered":"https:\/\/exactquartz.com\/?page_id=281"},"modified":"2025-04-16T18:29:53","modified_gmt":"2025-04-16T10:29:53","slug":"uv-quartz-polishing-plates","status":"publish","type":"page","link":"https:\/\/exactquartz.com\/fi\/quartz-discs-and-plates\/uv-quartz-polishing-plates\/","title":{"rendered":"UV-kvartsi kiillotuslevyt"},"content":{"rendered":"<div data-elementor-type=\"wp-page\" data-elementor-id=\"281\" class=\"elementor elementor-281\" data-elementor-post-type=\"page\">\n\t\t\t\t<div class=\"elementor-element elementor-element-d2bc4f1 e-flex e-con-boxed e-con e-parent\" data-id=\"d2bc4f1\" data-element_type=\"container\">\n\t\t\t\t\t<div class=\"e-con-inner\">\n\t\t<div class=\"elementor-element elementor-element-6d0fc6f e-con-full e-flex e-con e-child\" data-id=\"6d0fc6f\" data-element_type=\"container\">\n\t\t\t\t<div class=\"elementor-element elementor-element-70fde5e elementor-widget elementor-widget-image\" data-id=\"70fde5e\" data-element_type=\"widget\" data-widget_type=\"image.default\">\n\t\t\t\t<div class=\"elementor-widget-container\">\n\t\t\t\t\t\t\t\t\t\t\t\t\t\t\t<img fetchpriority=\"high\" decoding=\"async\" width=\"500\" height=\"373\" src=\"https:\/\/exactquartz.com\/wp-content\/uploads\/2025\/03\/UV-quartz-polishing-plates-high-transparency-ultraviolet-quartz-plates.webp\" class=\"attachment-large size-large wp-image-382\" alt=\"UV-kvartsikiillotuslevyt, eritt\u00e4in l\u00e4pin\u00e4kyv\u00e4t ultraviolettikvartsilaatat\" srcset=\"https:\/\/exactquartz.com\/wp-content\/uploads\/2025\/03\/UV-quartz-polishing-plates-high-transparency-ultraviolet-quartz-plates.webp 500w, https:\/\/exactquartz.com\/wp-content\/uploads\/2025\/03\/UV-quartz-polishing-plates-high-transparency-ultraviolet-quartz-plates-300x224.webp 300w\" sizes=\"(max-width: 500px) 100vw, 500px\" \/>\t\t\t\t\t\t\t\t\t\t\t\t\t\t\t<\/div>\n\t\t\t\t<\/div>\n\t\t\t\t<\/div>\n\t\t<div class=\"elementor-element elementor-element-2a56432 e-con-full e-flex e-con e-child\" data-id=\"2a56432\" data-element_type=\"container\">\n\t\t\t\t<div class=\"elementor-element elementor-element-70d5eba elementor-widget elementor-widget-heading\" data-id=\"70d5eba\" data-element_type=\"widget\" data-widget_type=\"heading.default\">\n\t\t\t\t<div class=\"elementor-widget-container\">\n\t\t\t\t\t<h2 class=\"elementor-heading-title elementor-size-default\">UV-kvartsi kiillotuslevyt<\/h2>\t\t\t\t<\/div>\n\t\t\t\t<\/div>\n\t\t\t\t<div class=\"elementor-element elementor-element-ac956f7 elementor-widget elementor-widget-text-editor\" data-id=\"ac956f7\" data-element_type=\"widget\" data-widget_type=\"text-editor.default\">\n\t\t\t\t<div class=\"elementor-widget-container\">\n\t\t\t\t\t\t\t\t\t<p>Tarjoamme suoraan r\u00e4\u00e4t\u00e4l\u00f6ityj\u00e4 UV-kvartsikiillotuslevyj\u00e4, eritt\u00e4in l\u00e4pin\u00e4kyvi\u00e4 ultraviolettikvartsilevyj\u00e4 ja ikkunalevyj\u00e4 asiakkaan toimittamien piirustusten tai n\u00e4ytteiden perusteella. Tuotteitamme k\u00e4ytet\u00e4\u00e4n laajalti UV-laserissa, optisissa instrumenteissa ja puolijohteiden valmistusteollisuudessa.<\/p>\t\t\t\t\t\t\t\t<\/div>\n\t\t\t\t<\/div>\n\t\t\t\t<div class=\"elementor-element elementor-element-1eb84e3 elementor-align-left elementor-widget elementor-widget-button\" data-id=\"1eb84e3\" data-element_type=\"widget\" data-widget_type=\"button.default\">\n\t\t\t\t<div class=\"elementor-widget-container\">\n\t\t\t\t\t\t\t\t\t<div class=\"elementor-button-wrapper\">\n\t\t\t\t\t<a class=\"elementor-button elementor-button-link elementor-size-sm\" href=\"#elementor-action%3Aaction%3Dpopup%3Aopen%26settings%3DeyJpZCI6IjEyNzUiLCJ0b2dnbGUiOmZhbHNlfQ%3D%3D\">\n\t\t\t\t\t\t<span class=\"elementor-button-content-wrapper\">\n\t\t\t\t\t\t\t\t\t<span class=\"elementor-button-text\">Nopea tarjous<\/span>\n\t\t\t\t\t<\/span>\n\t\t\t\t\t<\/a>\n\t\t\t\t<\/div>\n\t\t\t\t\t\t\t\t<\/div>\n\t\t\t\t<\/div>\n\t\t\t\t<\/div>\n\t\t\t\t\t<\/div>\n\t\t\t\t<\/div>\n\t\t<div class=\"elementor-element elementor-element-a2ed80c e-flex e-con-boxed e-con e-parent\" data-id=\"a2ed80c\" data-element_type=\"container\">\n\t\t\t\t\t<div class=\"e-con-inner\">\n\t\t\t\t<div class=\"elementor-element elementor-element-ceddc61 elementor-widget elementor-widget-text-editor\" data-id=\"ceddc61\" data-element_type=\"widget\" data-widget_type=\"text-editor.default\">\n\t\t\t\t<div class=\"elementor-widget-container\">\n\t\t\t\t\t\t\t\t\t<p>Laadukkaat kvartsilasilevyt \/ -levyt ovat er\u00e4\u00e4nlaisia lasitavaroita, joita k\u00e4ytet\u00e4\u00e4n laajalti eri teollisuudenaloilla, kuten puolijohdeteollisuudessa, optisessa ja laboratoriossa. Ne on valmistettu eritt\u00e4in puhtaasta sulatetusta kvartsilasista, mik\u00e4 tekee niist\u00e4 eritt\u00e4in kest\u00e4vi\u00e4 l\u00e4mp\u00f6shokkeja ja kemiallista korroosiota vastaan. N\u00e4ille levyille ja levyille on ominaista niiden erinomaiset optiset ominaisuudet, korkea l\u00e4p\u00e4isykerroin ja alhainen l\u00e4mp\u00f6laajenemiskerroin. Ne voidaan r\u00e4\u00e4t\u00e4l\u00f6id\u00e4 vastaamaan erityisvaatimuksia, kuten kokoa, paksuutta ja pintak\u00e4sittely\u00e4. Ainutlaatuisten ominaisuuksiensa ansiosta korkealaatuiset kvartsilasilevyt\/-kiekot soveltuvat erinomaisesti k\u00e4ytett\u00e4viksi sovelluksissa, jotka vaativat suurta tarkkuutta, kuten kiekkojen k\u00e4sittelyss\u00e4, optisissa ikkunoissa ja kemiallisessa analyysiss\u00e4.<\/p>\t\t\t\t\t\t\t\t<\/div>\n\t\t\t\t<\/div>\n\t\t\t\t<div class=\"elementor-element elementor-element-b7e9c99 elementor-widget elementor-widget-heading\" data-id=\"b7e9c99\" data-element_type=\"widget\" data-widget_type=\"heading.default\">\n\t\t\t\t<div class=\"elementor-widget-container\">\n\t\t\t\t\t<h3 class=\"elementor-heading-title elementor-size-default\">Johdanto:<\/h3>\t\t\t\t<\/div>\n\t\t\t\t<\/div>\n\t\t\t\t<div class=\"elementor-element elementor-element-281af31 elementor-widget elementor-widget-text-editor\" data-id=\"281af31\" data-element_type=\"widget\" data-widget_type=\"text-editor.default\">\n\t\t\t\t<div class=\"elementor-widget-container\">\n\t\t\t\t\t\t\t\t\t<p>Optiset kvartsikiillotuslevyt ovat keskeisi\u00e4 komponentteja eri teollisuudenaloilla, ja ne tarjoavat tarvittavan tarkkuuden ja suorituskyvyn kriittisiss\u00e4 sovelluksissa. T\u00e4m\u00e4n artikkelin tavoitteena on tutkia optisten kvartsikiillotuslevyjen keskeisi\u00e4 ominaisuuksia, hy\u00f6tyj\u00e4 ja numeerisia n\u00e4k\u00f6kohtia ja valottaa niiden merkityst\u00e4 ylivoimaisen optisen laadun saavuttamisessa.<span id=\"7\" class=\"notranslate immersive-translate-target-wrapper\" lang=\"zh-CN\" translate=\"no\" data-immersive-translate-loading-id=\"\">\u00a0<\/span><\/p>\t\t\t\t\t\t\t\t<\/div>\n\t\t\t\t<\/div>\n\t\t\t\t<div class=\"elementor-element elementor-element-fe0cb41 elementor-widget elementor-widget-heading\" data-id=\"fe0cb41\" data-element_type=\"widget\" data-widget_type=\"heading.default\">\n\t\t\t\t<div class=\"elementor-widget-container\">\n\t\t\t\t\t<h3 class=\"elementor-heading-title elementor-size-default\">1. Poikkeuksellinen tasaisuus:<\/h3>\t\t\t\t<\/div>\n\t\t\t\t<\/div>\n\t\t\t\t<div class=\"elementor-element elementor-element-733f615 elementor-widget elementor-widget-text-editor\" data-id=\"733f615\" data-element_type=\"widget\" data-widget_type=\"text-editor.default\">\n\t\t\t\t<div class=\"elementor-widget-container\">\n\t\t\t\t\t\t\t\t\t<p>Optiset kvartsikiillotuslevyt ovat tunnettuja niiden poikkeuksellisesta tasaisuudesta, mik\u00e4 takaa kiillotettujen pintojen tasaisuuden ja johdonmukaisuuden. N\u00e4ill\u00e4 levyill\u00e4 voidaan saavuttaa tasaisuusasteet, jotka ovat niinkin alhaiset kuin \u03bb\/10 (jossa \u03bb on valon aallonpituus), mik\u00e4 takaa minimaalisen pintav\u00e4\u00e4ristym\u00e4n ja s\u00e4ilytt\u00e4\u00e4 optisten j\u00e4rjestelmien eheyden.<\/p>\t\t\t\t\t\t\t\t<\/div>\n\t\t\t\t<\/div>\n\t\t\t\t<div class=\"elementor-element elementor-element-39cf9eb elementor-widget elementor-widget-heading\" data-id=\"39cf9eb\" data-element_type=\"widget\" data-widget_type=\"heading.default\">\n\t\t\t\t<div class=\"elementor-widget-container\">\n\t\t\t\t\t<h3 class=\"elementor-heading-title elementor-size-default\">2. Angstr\u00f6min alapuolinen pinnankarheus:<\/h3>\t\t\t\t<\/div>\n\t\t\t\t<\/div>\n\t\t\t\t<div class=\"elementor-element elementor-element-cc3d847 elementor-widget elementor-widget-text-editor\" data-id=\"cc3d847\" data-element_type=\"widget\" data-widget_type=\"text-editor.default\">\n\t\t\t\t<div class=\"elementor-widget-container\">\n\t\t\t\t\t\t\t\t\t<p>Pinnan karheudella on ratkaiseva merkitys kiillotettujen pintojen optisen laadun m\u00e4\u00e4ritt\u00e4misess\u00e4. Optisten kvartsikiillotuslevyjen pinnankarheus on alle angstr\u00f6min luokkaa, tyypillisesti 0,1-0,5 \u00c5 (angstr\u00f6m). T\u00e4m\u00e4 eritt\u00e4in sile\u00e4 pintak\u00e4sittely minimoi sironnan ja heijastuksen, maksimoi valon l\u00e4p\u00e4isyn ja parantaa yleist\u00e4 optista suorituskyky\u00e4.<\/p>\t\t\t\t\t\t\t\t<\/div>\n\t\t\t\t<\/div>\n\t\t\t\t<div class=\"elementor-element elementor-element-e7a94c2 elementor-widget elementor-widget-heading\" data-id=\"e7a94c2\" data-element_type=\"widget\" data-widget_type=\"heading.default\">\n\t\t\t\t<div class=\"elementor-widget-container\">\n\t\t\t\t\t<h3 class=\"elementor-heading-title elementor-size-default\">3. Korkea materiaalin puhtaus:<\/h3>\t\t\t\t<\/div>\n\t\t\t\t<\/div>\n\t\t\t\t<div class=\"elementor-element elementor-element-529c317 elementor-widget elementor-widget-text-editor\" data-id=\"529c317\" data-element_type=\"widget\" data-widget_type=\"text-editor.default\">\n\t\t\t\t<div class=\"elementor-widget-container\">\n\t\t\t\t\t\t\t\t\t<p>Optiset kvartsikiillotuslevyt valmistetaan eritt\u00e4in puhtaasta kvartsista, mik\u00e4 takaa minimaalisen m\u00e4\u00e4r\u00e4n ep\u00e4puhtauksia ja erinomaisen optisen kirkkauden. Materiaalin puhtaus vaikuttaa suoraan kiillotettujen pintojen l\u00e4pi kulkevan valon l\u00e4p\u00e4isevyyteen ja laatuun. Yleisesti k\u00e4ytet\u00e4\u00e4n kvartsilevyj\u00e4, joiden puhtausaste on yli 99,99%, mik\u00e4 mahdollistaa valon tarkan hallinnan sovelluksissa, kuten mikroskopiassa, spektroskopiassa ja laserj\u00e4rjestelmiss\u00e4.<\/p>\t\t\t\t\t\t\t\t<\/div>\n\t\t\t\t<\/div>\n\t\t\t\t<div class=\"elementor-element elementor-element-a438a24 elementor-widget elementor-widget-heading\" data-id=\"a438a24\" data-element_type=\"widget\" data-widget_type=\"heading.default\">\n\t\t\t\t<div class=\"elementor-widget-container\">\n\t\t\t\t\t<h3 class=\"elementor-heading-title elementor-size-default\">4. Toleranssi ja mittatarkkuus:<\/h3>\t\t\t\t<\/div>\n\t\t\t\t<\/div>\n\t\t\t\t<div class=\"elementor-element elementor-element-2c83de3 elementor-widget elementor-widget-text-editor\" data-id=\"2c83de3\" data-element_type=\"widget\" data-widget_type=\"text-editor.default\">\n\t\t\t\t<div class=\"elementor-widget-container\">\n\t\t\t\t\t\t\t\t\t<p>Optisten sovellusten tiukkojen vaatimusten t\u00e4ytt\u00e4miseksi kvartsikiillotuslevyt valmistetaan suurella mittatarkkuudella ja tiukoilla toleransseilla. N\u00e4iden levyjen tyypilliset mittatoleranssit vaihtelevat \u00b10,01 mm:n ja \u00b10,05 mm:n v\u00e4lill\u00e4, mik\u00e4 takaa tarkan kohdistuksen ja yhteensopivuuden optisten j\u00e4rjestelmien kanssa. T\u00e4m\u00e4 tarkkuus takaa optimaalisen suorituskyvyn ja est\u00e4\u00e4 v\u00e4\u00e4r\u00e4n suuntauksen tai ep\u00e4johdonmukaisuuden aiheuttamat haitalliset vaikutukset.<\/p>\t\t\t\t\t\t\t\t<\/div>\n\t\t\t\t<\/div>\n\t\t\t\t<div class=\"elementor-element elementor-element-a84143a elementor-widget elementor-widget-heading\" data-id=\"a84143a\" data-element_type=\"widget\" data-widget_type=\"heading.default\">\n\t\t\t\t<div class=\"elementor-widget-container\">\n\t\t\t\t\t<h3 class=\"elementor-heading-title elementor-size-default\">5. Mukauttamisvaihtoehdot:<\/h3>\t\t\t\t<\/div>\n\t\t\t\t<\/div>\n\t\t\t\t<div class=\"elementor-element elementor-element-a769174 elementor-widget elementor-widget-text-editor\" data-id=\"a769174\" data-element_type=\"widget\" data-widget_type=\"text-editor.default\">\n\t\t\t\t<div class=\"elementor-widget-container\">\n\t\t\t\t\t\t\t\t\t<p>Optiset kvartsikiillotuslevyt tarjoavat laajoja r\u00e4\u00e4t\u00e4l\u00f6intimahdollisuuksia, jotka mahdollistavat r\u00e4\u00e4t\u00e4l\u00f6idyt ratkaisut erityisiin sovellustarpeisiin. Mukautettuja muotoja, kokoja ja paksuuksia voidaan valmistaa tarkkojen vaatimusten mukaisesti. Lis\u00e4ksi voidaan k\u00e4ytt\u00e4\u00e4 erityisi\u00e4 pintak\u00e4sittelyj\u00e4, pinnoitteita ja reunak\u00e4sittelyj\u00e4 suorituskyvyn ja toiminnallisuuden parantamiseksi.<\/p>\t\t\t\t\t\t\t\t<\/div>\n\t\t\t\t<\/div>\n\t\t\t\t<div class=\"elementor-element elementor-element-596ad3d elementor-widget elementor-widget-heading\" data-id=\"596ad3d\" data-element_type=\"widget\" data-widget_type=\"heading.default\">\n\t\t\t\t<div class=\"elementor-widget-container\">\n\t\t\t\t\t<h3 class=\"elementor-heading-title elementor-size-default\">Johtop\u00e4\u00e4t\u00f6kset: <\/h3>\t\t\t\t<\/div>\n\t\t\t\t<\/div>\n\t\t\t\t<div class=\"elementor-element elementor-element-0549bf7 elementor-widget elementor-widget-text-editor\" data-id=\"0549bf7\" data-element_type=\"widget\" data-widget_type=\"text-editor.default\">\n\t\t\t\t<div class=\"elementor-widget-container\">\n\t\t\t\t\t\t\t\t\t<p>Optiset kvartsikiillotuslevyt ovat kriittisi\u00e4 komponentteja, jotka edist\u00e4v\u00e4t optisen laadun parantamista eri teollisuudenaloilla. Poikkeuksellisen tasaisuuden, alle angstr\u00f6min pinnankarheuden, korkean materiaalipuhtauden ja tarkan mittatarkkuuden ansiosta n\u00e4m\u00e4 levyt varmistavat optimaalisen valonl\u00e4p\u00e4isyn ja minimoivat pinnan v\u00e4\u00e4ristym\u00e4t. Kyky r\u00e4\u00e4t\u00e4l\u00f6id\u00e4 n\u00e4it\u00e4 levyj\u00e4 lis\u00e4\u00e4 entisest\u00e4\u00e4n niiden monipuolisuutta, mik\u00e4 mahdollistaa r\u00e4\u00e4t\u00e4l\u00f6idyt ratkaisut tiettyihin sovelluksiin. Kun tarkkuusoptiikka kehittyy edelleen, suorituskykyisten optisten kvartsikiillotuslevyjen kysynn\u00e4n odotetaan kasvavan, mik\u00e4 edist\u00e4\u00e4 innovointia ja siirt\u00e4\u00e4 optisen teknologian rajoja.<\/p>\t\t\t\t\t\t\t\t<\/div>\n\t\t\t\t<\/div>\n\t\t\t\t\t<\/div>\n\t\t\t\t<\/div>\n\t\t\t\t<\/div>","protected":false},"excerpt":{"rendered":"<p>UV Quartz Polishing Plates We offer direct supply of custom-made UV quartz polishing plates, high-transparency ultraviolet quartz plates, and window [&hellip;]<\/p>","protected":false},"author":7,"featured_media":382,"parent":841,"menu_order":0,"comment_status":"closed","ping_status":"closed","template":"","meta":{"_seopress_robots_primary_cat":"","_seopress_titles_title":"UV Quartz Polishing Plates \u2013 Sub-\u00c5 Surface & \u03bb\/10 Flatness","_seopress_titles_desc":"High-transparency UV quartz plates with \u03bb\/10 flatness & 0.1\u20130.5\u00c5 roughness. Custom round\/square windows for laser optics, semiconductors & instruments.","_seopress_robots_index":"","site-sidebar-layout":"no-sidebar","site-content-layout":"","ast-site-content-layout":"full-width-container","site-content-style":"default","site-sidebar-style":"default","ast-global-header-display":"","ast-banner-title-visibility":"","ast-main-header-display":"","ast-hfb-above-header-display":"","ast-hfb-below-header-display":"","ast-hfb-mobile-header-display":"","site-post-title":"disabled","ast-breadcrumbs-content":"","ast-featured-img":"disabled","footer-sml-layout":"","theme-transparent-header-meta":"","adv-header-id-meta":"","stick-header-meta":"","header-above-stick-meta":"","header-main-stick-meta":"","header-below-stick-meta":"","astra-migrate-meta-layouts":"default","ast-page-background-enabled":"default","ast-page-background-meta":{"desktop":{"background-color":"var(--ast-global-color-5)","background-image":"","background-repeat":"repeat","background-position":"center center","background-size":"auto","background-attachment":"scroll","background-type":"","background-media":"","overlay-type":"","overlay-color":"","overlay-opacity":"","overlay-gradient":""},"tablet":{"background-color":"","background-image":"","background-repeat":"repeat","background-position":"center center","background-size":"auto","background-attachment":"scroll","background-type":"","background-media":"","overlay-type":"","overlay-color":"","overlay-opacity":"","overlay-gradient":""},"mobile":{"background-color":"","background-image":"","background-repeat":"repeat","background-position":"center center","background-size":"auto","background-attachment":"scroll","background-type":"","background-media":"","overlay-type":"","overlay-color":"","overlay-opacity":"","overlay-gradient":""}},"ast-content-background-meta":{"desktop":{"background-color":"var(--ast-global-color-4)","background-image":"","background-repeat":"repeat","background-position":"center center","background-size":"auto","background-attachment":"scroll","background-type":"","background-media":"","overlay-type":"","overlay-color":"","overlay-opacity":"","overlay-gradient":""},"tablet":{"background-color":"var(--ast-global-color-4)","background-image":"","background-repeat":"repeat","background-position":"center center","background-size":"auto","background-attachment":"scroll","background-type":"","background-media":"","overlay-type":"","overlay-color":"","overlay-opacity":"","overlay-gradient":""},"mobile":{"background-color":"var(--ast-global-color-4)","background-image":"","background-repeat":"repeat","background-position":"center center","background-size":"auto","background-attachment":"scroll","background-type":"","background-media":"","overlay-type":"","overlay-color":"","overlay-opacity":"","overlay-gradient":""}},"footnotes":""},"class_list":["post-281","page","type-page","status-publish","has-post-thumbnail","hentry"],"_hostinger_reach_plugin_has_subscription_block":false,"_hostinger_reach_plugin_is_elementor":false,"_links":{"self":[{"href":"https:\/\/exactquartz.com\/fi\/wp-json\/wp\/v2\/pages\/281","targetHints":{"allow":["GET"]}}],"collection":[{"href":"https:\/\/exactquartz.com\/fi\/wp-json\/wp\/v2\/pages"}],"about":[{"href":"https:\/\/exactquartz.com\/fi\/wp-json\/wp\/v2\/types\/page"}],"author":[{"embeddable":true,"href":"https:\/\/exactquartz.com\/fi\/wp-json\/wp\/v2\/users\/7"}],"replies":[{"embeddable":true,"href":"https:\/\/exactquartz.com\/fi\/wp-json\/wp\/v2\/comments?post=281"}],"version-history":[{"count":20,"href":"https:\/\/exactquartz.com\/fi\/wp-json\/wp\/v2\/pages\/281\/revisions"}],"predecessor-version":[{"id":1437,"href":"https:\/\/exactquartz.com\/fi\/wp-json\/wp\/v2\/pages\/281\/revisions\/1437"}],"up":[{"embeddable":true,"href":"https:\/\/exactquartz.com\/fi\/wp-json\/wp\/v2\/pages\/841"}],"wp:featuredmedia":[{"embeddable":true,"href":"https:\/\/exactquartz.com\/fi\/wp-json\/wp\/v2\/media\/382"}],"wp:attachment":[{"href":"https:\/\/exactquartz.com\/fi\/wp-json\/wp\/v2\/media?parent=281"}],"curies":[{"name":"wp","href":"https:\/\/api.w.org\/{rel}","templated":true}]}}