{"id":316,"date":"2025-03-27T12:08:50","date_gmt":"2025-03-27T04:08:50","guid":{"rendered":"https:\/\/exactquartz.com\/?page_id=316"},"modified":"2025-04-16T18:33:43","modified_gmt":"2025-04-16T10:33:43","slug":"quartz-distillation-flask","status":"publish","type":"page","link":"https:\/\/exactquartz.com\/fi\/quartz-lab-glassware-product\/quartz-distillation-flask\/","title":{"rendered":"Kvartsi tislauspullo - kemiallisesti kest\u00e4v\u00e4 laboratoriolasi"},"content":{"rendered":"<div data-elementor-type=\"wp-page\" data-elementor-id=\"316\" class=\"elementor elementor-316\" data-elementor-post-type=\"page\">\n\t\t\t\t<div class=\"elementor-element elementor-element-abb877f e-flex e-con-boxed e-con e-parent\" data-id=\"abb877f\" data-element_type=\"container\">\n\t\t\t\t\t<div class=\"e-con-inner\">\n\t\t<div class=\"elementor-element elementor-element-82153af e-con-full e-flex e-con e-child\" data-id=\"82153af\" data-element_type=\"container\">\n\t\t\t\t<div class=\"elementor-element elementor-element-b617f08 elementor-skin-slideshow elementor-arrows-yes elementor-widget elementor-widget-media-carousel\" data-id=\"b617f08\" data-element_type=\"widget\" data-settings=\"{&quot;skin&quot;:&quot;slideshow&quot;,&quot;effect&quot;:&quot;fade&quot;,&quot;slideshow_slides_per_view&quot;:&quot;2&quot;,&quot;show_arrows&quot;:&quot;yes&quot;,&quot;speed&quot;:500,&quot;autoplay&quot;:&quot;yes&quot;,&quot;autoplay_speed&quot;:5000,&quot;loop&quot;:&quot;yes&quot;,&quot;pause_on_hover&quot;:&quot;yes&quot;,&quot;pause_on_interaction&quot;:&quot;yes&quot;,&quot;space_between&quot;:{&quot;unit&quot;:&quot;px&quot;,&quot;size&quot;:10,&quot;sizes&quot;:[]},&quot;space_between_tablet&quot;:{&quot;unit&quot;:&quot;px&quot;,&quot;size&quot;:10,&quot;sizes&quot;:[]},&quot;space_between_mobile&quot;:{&quot;unit&quot;:&quot;px&quot;,&quot;size&quot;:10,&quot;sizes&quot;:[]}}\" data-widget_type=\"media-carousel.default\">\n\t\t\t\t<div class=\"elementor-widget-container\">\n\t\t\t\t\t\t\t\t\t<div class=\"elementor-swiper\">\n\t\t\t\t\t<div class=\"elementor-main-swiper swiper\" role=\"region\" aria-roledescription=\"carousel\" aria-label=\"Diat\">\n\t\t\t\t<div class=\"swiper-wrapper\">\n\t\t\t\t\t\t\t\t\t\t\t<div class=\"swiper-slide\" role=\"group\" aria-roledescription=\"slide\">\n\t\t\t\t\t\t\t\t\t<div class=\"elementor-carousel-image\" role=\"img\" aria-label=\"Mukautettu kemiallinen kvartsilasipullo laboratoriossa\" style=\"background-image: url(&#039;https:\/\/exactquartz.com\/wp-content\/uploads\/2025\/03\/Custom-Chemical-Quartz-Glass-Flask-in-Lab.webp&#039;)\">\n\n\t\t\t\n\t\t\t\t\t<\/div>\n\t\t\t\t\t\t\t\t<\/div>\n\t\t\t\t\t\t\t\t\t\t\t<div class=\"swiper-slide\" role=\"group\" aria-roledescription=\"slide\">\n\t\t\t\t\t\t\t\t\t<div class=\"elementor-carousel-image\" role=\"img\" aria-label=\"Mukautettu kemiallinen kvartsilasipullo laboratoriossa 2\" style=\"background-image: url(&#039;https:\/\/exactquartz.com\/wp-content\/uploads\/2025\/03\/Custom-Chemical-Quartz-Glass-Flask-in-Lab-2.webp&#039;)\">\n\n\t\t\t\n\t\t\t\t\t<\/div>\n\t\t\t\t\t\t\t\t<\/div>\n\t\t\t\t\t\t\t\t\t<\/div>\n\t\t\t\t\t\t\t\t\t\t\t\t\t\t\t<div class=\"elementor-swiper-button elementor-swiper-button-prev\" role=\"button\" tabindex=\"0\" aria-label=\"Tidligere\" data-no-translation-aria-label=\"\">\n\t\t\t\t\t\t\t<svg aria-hidden=\"true\" class=\"e-font-icon-svg e-eicon-chevron-left\" viewbox=\"0 0 1000 1000\" xmlns=\"http:\/\/www.w3.org\/2000\/svg\"><path d=\"M646 125C629 125 613 133 604 142L308 442C296 454 292 471 292 487 292 504 296 521 308 533L604 854C617 867 629 875 646 875 663 875 679 871 692 858 704 846 713 829 713 812 713 796 708 779 692 767L438 487 692 225C700 217 708 204 708 187 708 171 704 154 692 142 675 129 663 125 646 125Z\"><\/path><\/svg>\t\t\t\t\t\t<\/div>\n\t\t\t\t\t\t<div class=\"elementor-swiper-button elementor-swiper-button-next\" role=\"button\" tabindex=\"0\" aria-label=\"Neste\" data-no-translation-aria-label=\"\">\n\t\t\t\t\t\t\t<svg aria-hidden=\"true\" class=\"e-font-icon-svg e-eicon-chevron-right\" viewbox=\"0 0 1000 1000\" xmlns=\"http:\/\/www.w3.org\/2000\/svg\"><path d=\"M696 533C708 521 713 504 713 487 713 471 708 454 696 446L400 146C388 133 375 125 354 125 338 125 325 129 313 142 300 154 292 171 292 187 292 204 296 221 308 233L563 492 304 771C292 783 288 800 288 817 288 833 296 850 308 863 321 871 338 875 354 875 371 875 388 867 400 854L696 533Z\"><\/path><\/svg>\t\t\t\t\t\t<\/div>\n\t\t\t\t\t\t\t\t\t\t\t\t\t\t\t\t\t<\/div>\n\t\t\t\t<\/div>\n\t\t\t\t\t\t\t\t<div class=\"elementor-swiper\">\n\t\t\t\t\t<div class=\"elementor-main-swiper swiper elementor-thumbnails-swiper swiper\" role=\"region region\" aria-roledescription=\"carousel carousel\" aria-label=\"Dioja Dioja\">\n\t\t\t\t<div class=\"swiper-wrapper\">\n\t\t\t\t\t\t\t\t\t\t\t<div class=\"swiper-slide\" role=\"group\" aria-roledescription=\"slide\">\n\t\t\t\t\t\t\t\t\t<div class=\"elementor-carousel-image\" role=\"img\" aria-label=\"Mukautettu kemiallinen kvartsilasipullo laboratoriossa\" style=\"background-image: url(&#039;https:\/\/exactquartz.com\/wp-content\/uploads\/2025\/03\/Custom-Chemical-Quartz-Glass-Flask-in-Lab.webp&#039;)\">\n\n\t\t\t\n\t\t\t\t\t<\/div>\n\t\t\t\t\t\t\t\t<\/div>\n\t\t\t\t\t\t\t\t\t\t\t<div class=\"swiper-slide\" role=\"group\" aria-roledescription=\"slide\">\n\t\t\t\t\t\t\t\t\t<div class=\"elementor-carousel-image\" role=\"img\" aria-label=\"Mukautettu kemiallinen kvartsilasipullo laboratoriossa 2\" style=\"background-image: url(&#039;https:\/\/exactquartz.com\/wp-content\/uploads\/2025\/03\/Custom-Chemical-Quartz-Glass-Flask-in-Lab-2.webp&#039;)\">\n\n\t\t\t\n\t\t\t\t\t<\/div>\n\t\t\t\t\t\t\t\t<\/div>\n\t\t\t\t\t\t\t\t\t<\/div>\n\t\t\t\t\t\t\t\t\t\t\t\t\t\t\t\t\t\t\t\t\t<\/div>\n\t\t\t\t<\/div>\n\t\t\t\t\t\t\t\t<\/div>\n\t\t\t\t<\/div>\n\t\t\t\t<\/div>\n\t\t<div class=\"elementor-element elementor-element-c514cbd e-con-full e-flex e-con e-child\" data-id=\"c514cbd\" data-element_type=\"container\">\n\t\t\t\t<div class=\"elementor-element elementor-element-70d5eba elementor-widget elementor-widget-heading\" data-id=\"70d5eba\" data-element_type=\"widget\" data-widget_type=\"heading.default\">\n\t\t\t\t<div class=\"elementor-widget-container\">\n\t\t\t\t\t<h2 class=\"elementor-heading-title elementor-size-default\">Kvartsi tislauspullo - kemiallisesti kest\u00e4v\u00e4 laboratoriolasi<\/h2>\t\t\t\t<\/div>\n\t\t\t\t<\/div>\n\t\t\t\t<div class=\"elementor-element elementor-element-ac956f7 elementor-widget elementor-widget-text-editor\" data-id=\"ac956f7\" data-element_type=\"widget\" data-widget_type=\"text-editor.default\">\n\t\t\t\t<div class=\"elementor-widget-container\">\n\t\t\t\t\t\t\t\t\t<ul><li>Kertak\u00e4ytt\u00f6inen: Ei<\/li><li>Kertak\u00e4ytt\u00f6inen Kapasiteetti: .<\/li><li>Tyyppi: Tislauspullo<\/li><li>Taivutuslujuus: 67MPa<\/li><li>Vetolujuus: 48.3MPa<\/li><li>Ominaisuus: L\u00e4mp\u00f6tilan kest\u00e4v\u00e4: Korkea l\u00e4mp\u00f6tilankest\u00e4vyys<\/li><\/ul>\t\t\t\t\t\t\t\t<\/div>\n\t\t\t\t<\/div>\n\t\t\t\t<div class=\"elementor-element elementor-element-63fcf50 elementor-align-left elementor-widget elementor-widget-button\" data-id=\"63fcf50\" data-element_type=\"widget\" data-widget_type=\"button.default\">\n\t\t\t\t<div class=\"elementor-widget-container\">\n\t\t\t\t\t\t\t\t\t<div class=\"elementor-button-wrapper\">\n\t\t\t\t\t<a class=\"elementor-button elementor-button-link elementor-size-sm\" href=\"#elementor-action%3Aaction%3Dpopup%3Aopen%26settings%3DeyJpZCI6IjEyNzUiLCJ0b2dnbGUiOmZhbHNlfQ%3D%3D\">\n\t\t\t\t\t\t<span class=\"elementor-button-content-wrapper\">\n\t\t\t\t\t\t\t\t\t<span class=\"elementor-button-text\">Nopea tarjous<\/span>\n\t\t\t\t\t<\/span>\n\t\t\t\t\t<\/a>\n\t\t\t\t<\/div>\n\t\t\t\t\t\t\t\t<\/div>\n\t\t\t\t<\/div>\n\t\t\t\t<\/div>\n\t\t\t\t\t<\/div>\n\t\t\t\t<\/div>\n\t\t<div class=\"elementor-element elementor-element-a2ed80c e-flex e-con-boxed e-con e-parent\" data-id=\"a2ed80c\" data-element_type=\"container\">\n\t\t\t\t\t<div class=\"e-con-inner\">\n\t\t\t\t<div class=\"elementor-element elementor-element-1055203 elementor-widget elementor-widget-heading\" data-id=\"1055203\" data-element_type=\"widget\" data-widget_type=\"heading.default\">\n\t\t\t\t<div class=\"elementor-widget-container\">\n\t\t\t\t\t<h3 class=\"elementor-heading-title elementor-size-default\">Yksityiskohdat:<\/h3>\t\t\t\t<\/div>\n\t\t\t\t<\/div>\n\t\t\t\t<div class=\"elementor-element elementor-element-ceddc61 elementor-widget elementor-widget-text-editor\" data-id=\"ceddc61\" data-element_type=\"widget\" data-widget_type=\"text-editor.default\">\n\t\t\t\t<div class=\"elementor-widget-container\">\n\t\t\t\t\t\t\t\t\t<p>Kemiallinen kvartsilasipullo on erikoistunut laboratoriokolvi, joka on valmistettu korkealaatuisesta kvartsilasista. Kvartsilasi kest\u00e4\u00e4 hyvin kemiallisia reaktioita, joten se soveltuu erinomaisesti k\u00e4ytett\u00e4v\u00e4ksi laboratorioissa, joissa k\u00e4sitell\u00e4\u00e4n voimakkaita kemikaaleja.<\/p><p>R\u00e4\u00e4t\u00e4l\u00f6ity pullo on suunniteltu vastaamaan erityisvaatimuksia, ja sit\u00e4 voidaan valmistaa eri muotoisena ja kokoisena sovelluksesta riippuen. Sit\u00e4 k\u00e4ytet\u00e4\u00e4n yleisesti kemiallisessa synteesiss\u00e4, tislauksessa ja muissa kokeissa, joissa k\u00e4ytet\u00e4\u00e4n aggressiivisia kemikaaleja.<\/p><p>R\u00e4\u00e4t\u00e4l\u00f6idyn kemiallisen kvartsilasipullon k\u00e4yt\u00f6n etuja ovat muun muassa:<\/p><p>1. Kemiallinen kest\u00e4vyys: Kvartsilasi kest\u00e4\u00e4 useimpia happoja, em\u00e4ksi\u00e4 ja orgaanisia liuottimia, joten se soveltuu k\u00e4ytett\u00e4v\u00e4ksi monenlaisten kemikaalien kanssa.<\/p><p>2. Korkean l\u00e4mp\u00f6tilan kest\u00e4vyys: Kvartsilasi kest\u00e4\u00e4 korkeita l\u00e4mp\u00f6tiloja halkeilematta tai sulamatta, mik\u00e4 mahdollistaa l\u00e4mmityst\u00e4 vaativat kokeet.<\/p><p>3. Avoimuus: Kvartsilasi on l\u00e4pin\u00e4kyv\u00e4\u00e4, joten pullon sis\u00e4ll\u00e4 tapahtuvaa reaktiota tai prosessia on helppo tarkkailla.<\/p><p>4. Alhainen l\u00e4mp\u00f6laajeneminen: Se ei siis laajene tai supistu merkitt\u00e4v\u00e4sti l\u00e4mp\u00f6tilan muuttuessa. T\u00e4m\u00e4 ominaisuus varmistaa, ett\u00e4 pullo pysyy vakaana l\u00e4mmitys- ja j\u00e4\u00e4hdytysjaksojen aikana.<\/p><p>5. Helppo puhdistaa: Kvartsilasi on huokosetonta ja sile\u00e4\u00e4, joten se on helppo puhdistaa ja steriloida kokeiden v\u00e4lill\u00e4.<\/p><p>Jos haluat hankkia r\u00e4\u00e4t\u00e4l\u00f6idyn kemiallisen kvartsilasipullon, sinun on yleens\u00e4 otettava yhteytt\u00e4 erikoistuneeseen lasitavaroiden valmistajaan tai toimittajaan. He voivat yhdess\u00e4 kanssasi selvitt\u00e4\u00e4 erityisvaatimuksesi ja luoda tarpeisiisi sopivan pullon. Valmistusprosessiin kuuluu kvartsilasin muotoilu ja sulattaminen korkean l\u00e4mp\u00f6tilan tekniikoita k\u00e4ytt\u00e4en pullon eheyden ja kest\u00e4vyyden varmistamiseksi.<\/p><p>On t\u00e4rke\u00e4\u00e4 huomata, ett\u00e4 r\u00e4\u00e4t\u00e4l\u00f6idyt kemialliset kvartsilasipullot voivat olla kalliimpia kuin tavalliset lasipullot erikoisvalmistusprosessin ja k\u00e4ytetyn korkealaatuisen materiaalin vuoksi. Kvartsilasin edut ja kest\u00e4vyys tekev\u00e4t siit\u00e4 kuitenkin kannattavan investoinnin sy\u00f6vytt\u00e4vien kemikaalien kanssa ty\u00f6skenteleville laboratorioille.<\/p>\t\t\t\t\t\t\t\t<\/div>\n\t\t\t\t<\/div>\n\t\t\t\t\t<\/div>\n\t\t\t\t<\/div>\n\t\t\t\t<\/div>","protected":false},"excerpt":{"rendered":"<p>Quartz Distillation Flask \u2013 Chemical Resistant Lab Glass Disposable: Non- Disposable Capacity: Customerization Type: Distillation Flask Bending Strength: 67MPa Tensile [&hellip;]<\/p>","protected":false},"author":6,"featured_media":410,"parent":843,"menu_order":0,"comment_status":"closed","ping_status":"closed","template":"","meta":{"_seopress_robots_primary_cat":"","_seopress_titles_title":"Quartz Distillation Flask \u2013 Chemical Resistant Lab Glass","_seopress_titles_desc":"Custom quartz flask for chemical heating & distillation. Acid\/alkali resistant, 99.99% SiO\u2082, high strength, stable at 1200\u00b0C. Custom shapes available.","_seopress_robots_index":"","site-sidebar-layout":"no-sidebar","site-content-layout":"","ast-site-content-layout":"full-width-container","site-content-style":"default","site-sidebar-style":"default","ast-global-header-display":"","ast-banner-title-visibility":"","ast-main-header-display":"","ast-hfb-above-header-display":"","ast-hfb-below-header-display":"","ast-hfb-mobile-header-display":"","site-post-title":"disabled","ast-breadcrumbs-content":"","ast-featured-img":"disabled","footer-sml-layout":"","theme-transparent-header-meta":"","adv-header-id-meta":"","stick-header-meta":"","header-above-stick-meta":"","header-main-stick-meta":"","header-below-stick-meta":"","astra-migrate-meta-layouts":"default","ast-page-background-enabled":"default","ast-page-background-meta":{"desktop":{"background-color":"var(--ast-global-color-5)","background-image":"","background-repeat":"repeat","background-position":"center center","background-size":"auto","background-attachment":"scroll","background-type":"","background-media":"","overlay-type":"","overlay-color":"","overlay-opacity":"","overlay-gradient":""},"tablet":{"background-color":"","background-image":"","background-repeat":"repeat","background-position":"center center","background-size":"auto","background-attachment":"scroll","background-type":"","background-media":"","overlay-type":"","overlay-color":"","overlay-opacity":"","overlay-gradient":""},"mobile":{"background-color":"","background-image":"","background-repeat":"repeat","background-position":"center center","background-size":"auto","background-attachment":"scroll","background-type":"","background-media":"","overlay-type":"","overlay-color":"","overlay-opacity":"","overlay-gradient":""}},"ast-content-background-meta":{"desktop":{"background-color":"var(--ast-global-color-4)","background-image":"","background-repeat":"repeat","background-position":"center center","background-size":"auto","background-attachment":"scroll","background-type":"","background-media":"","overlay-type":"","overlay-color":"","overlay-opacity":"","overlay-gradient":""},"tablet":{"background-color":"var(--ast-global-color-4)","background-image":"","background-repeat":"repeat","background-position":"center center","background-size":"auto","background-attachment":"scroll","background-type":"","background-media":"","overlay-type":"","overlay-color":"","overlay-opacity":"","overlay-gradient":""},"mobile":{"background-color":"var(--ast-global-color-4)","background-image":"","background-repeat":"repeat","background-position":"center center","background-size":"auto","background-attachment":"scroll","background-type":"","background-media":"","overlay-type":"","overlay-color":"","overlay-opacity":"","overlay-gradient":""}},"footnotes":""},"class_list":["post-316","page","type-page","status-publish","has-post-thumbnail","hentry"],"_hostinger_reach_plugin_has_subscription_block":false,"_hostinger_reach_plugin_is_elementor":false,"_links":{"self":[{"href":"https:\/\/exactquartz.com\/fi\/wp-json\/wp\/v2\/pages\/316","targetHints":{"allow":["GET"]}}],"collection":[{"href":"https:\/\/exactquartz.com\/fi\/wp-json\/wp\/v2\/pages"}],"about":[{"href":"https:\/\/exactquartz.com\/fi\/wp-json\/wp\/v2\/types\/page"}],"author":[{"embeddable":true,"href":"https:\/\/exactquartz.com\/fi\/wp-json\/wp\/v2\/users\/6"}],"replies":[{"embeddable":true,"href":"https:\/\/exactquartz.com\/fi\/wp-json\/wp\/v2\/comments?post=316"}],"version-history":[{"count":14,"href":"https:\/\/exactquartz.com\/fi\/wp-json\/wp\/v2\/pages\/316\/revisions"}],"predecessor-version":[{"id":1452,"href":"https:\/\/exactquartz.com\/fi\/wp-json\/wp\/v2\/pages\/316\/revisions\/1452"}],"up":[{"embeddable":true,"href":"https:\/\/exactquartz.com\/fi\/wp-json\/wp\/v2\/pages\/843"}],"wp:featuredmedia":[{"embeddable":true,"href":"https:\/\/exactquartz.com\/fi\/wp-json\/wp\/v2\/media\/410"}],"wp:attachment":[{"href":"https:\/\/exactquartz.com\/fi\/wp-json\/wp\/v2\/media?parent=316"}],"curies":[{"name":"wp","href":"https:\/\/api.w.org\/{rel}","templated":true}]}}