{"id":685,"date":"2025-04-01T20:45:16","date_gmt":"2025-04-01T12:45:16","guid":{"rendered":"https:\/\/exactquartz.com\/?page_id=685"},"modified":"2025-04-16T18:24:32","modified_gmt":"2025-04-16T10:24:32","slug":"half-round-polished-quartz-rods","status":"publish","type":"page","link":"https:\/\/exactquartz.com\/fi\/quartz-rods\/half-round-polished-quartz-rods\/","title":{"rendered":"Puolipy\u00f6re\u00e4t kiillotetut kvartsitangot -CNC sulatettu leikkaus"},"content":{"rendered":"<div data-elementor-type=\"wp-page\" data-elementor-id=\"685\" class=\"elementor elementor-685\" data-elementor-post-type=\"page\">\n\t\t\t\t<div class=\"elementor-element elementor-element-d2bc4f1 e-flex e-con-boxed e-con e-parent\" data-id=\"d2bc4f1\" data-element_type=\"container\">\n\t\t\t\t\t<div class=\"e-con-inner\">\n\t\t<div class=\"elementor-element elementor-element-6d0fc6f e-con-full e-flex e-con e-child\" data-id=\"6d0fc6f\" data-element_type=\"container\">\n\t\t\t\t<div class=\"elementor-element elementor-element-133430f elementor-skin-slideshow elementor-arrows-yes elementor-widget elementor-widget-media-carousel\" data-id=\"133430f\" data-element_type=\"widget\" data-settings=\"{&quot;skin&quot;:&quot;slideshow&quot;,&quot;slideshow_slides_per_view&quot;:&quot;2&quot;,&quot;effect&quot;:&quot;slide&quot;,&quot;show_arrows&quot;:&quot;yes&quot;,&quot;speed&quot;:500,&quot;autoplay&quot;:&quot;yes&quot;,&quot;autoplay_speed&quot;:5000,&quot;loop&quot;:&quot;yes&quot;,&quot;pause_on_hover&quot;:&quot;yes&quot;,&quot;pause_on_interaction&quot;:&quot;yes&quot;,&quot;space_between&quot;:{&quot;unit&quot;:&quot;px&quot;,&quot;size&quot;:10,&quot;sizes&quot;:[]},&quot;space_between_tablet&quot;:{&quot;unit&quot;:&quot;px&quot;,&quot;size&quot;:10,&quot;sizes&quot;:[]},&quot;space_between_mobile&quot;:{&quot;unit&quot;:&quot;px&quot;,&quot;size&quot;:10,&quot;sizes&quot;:[]}}\" data-widget_type=\"media-carousel.default\">\n\t\t\t\t<div class=\"elementor-widget-container\">\n\t\t\t\t\t\t\t\t\t<div class=\"elementor-swiper\">\n\t\t\t\t\t<div class=\"elementor-main-swiper swiper\" role=\"region\" aria-roledescription=\"carousel\" aria-label=\"Diat\">\n\t\t\t\t<div class=\"swiper-wrapper\">\n\t\t\t\t\t\t\t\t\t\t\t<div class=\"swiper-slide\" role=\"group\" aria-roledescription=\"slide\">\n\t\t\t\t\t\t\t\t\t<div class=\"elementor-carousel-image\" role=\"img\" aria-label=\"Puoli py\u00f6re\u00e4 sulatettu kiillotettu kvartsitanko\" style=\"background-image: url(&#039;https:\/\/exactquartz.com\/wp-content\/uploads\/2025\/04\/Half-Round-Fused-Polished-Quartz-Rod.webp&#039;)\">\n\n\t\t\t\n\t\t\t\t\t<\/div>\n\t\t\t\t\t\t\t\t<\/div>\n\t\t\t\t\t\t\t\t\t<\/div>\n\t\t\t\t\t\t\t<\/div>\n\t\t\t\t<\/div>\n\t\t\t\t\t\t\t\t<\/div>\n\t\t\t\t<\/div>\n\t\t\t\t<\/div>\n\t\t<div class=\"elementor-element elementor-element-2a56432 e-con-full e-flex e-con e-child\" data-id=\"2a56432\" data-element_type=\"container\">\n\t\t\t\t<div class=\"elementor-element elementor-element-70d5eba elementor-widget elementor-widget-heading\" data-id=\"70d5eba\" data-element_type=\"widget\" data-widget_type=\"heading.default\">\n\t\t\t\t<div class=\"elementor-widget-container\">\n\t\t\t\t\t<h2 class=\"elementor-heading-title elementor-size-default\">Puolipy\u00f6re\u00e4t kiillotetut kvartsitangot - CNC sulatettu leikkaus<\/h2>\t\t\t\t<\/div>\n\t\t\t\t<\/div>\n\t\t\t\t<div class=\"elementor-element elementor-element-ac956f7 elementor-widget elementor-widget-text-editor\" data-id=\"ac956f7\" data-element_type=\"widget\" data-widget_type=\"text-editor.default\">\n\t\t\t\t<div class=\"elementor-widget-container\">\n\t\t\t\t\t\t\t\t\t<p>Tyyppi: Kvartsitanko: Puolipy\u00f6re\u00e4 sulatettu kiillotettu kvartsitanko<br \/>Materiaali: 99.998% SiO2).<br \/>Pakkaus: Pakkaus: Puinen kotelo \/ kartonki, muovivaahto pakkaukseen.<br \/>Kuljetus: Vapaa meritse, halpa rahtikuljetus pikakuljetuksella ovelle: Vapaa meritse, halpa rahtikuljetus pikakuljetuksella ovelle<br \/>Tuotenumero: 21041418<br \/>MOQ: Ei rajoitettu<br \/>Custom Eri tyyppi Saatavilla<\/p>\t\t\t\t\t\t\t\t<\/div>\n\t\t\t\t<\/div>\n\t\t\t\t<div class=\"elementor-element elementor-element-66fd7fe elementor-align-left elementor-widget elementor-widget-button\" data-id=\"66fd7fe\" data-element_type=\"widget\" data-widget_type=\"button.default\">\n\t\t\t\t<div class=\"elementor-widget-container\">\n\t\t\t\t\t\t\t\t\t<div class=\"elementor-button-wrapper\">\n\t\t\t\t\t<a class=\"elementor-button elementor-button-link elementor-size-sm\" href=\"#elementor-action%3Aaction%3Dpopup%3Aopen%26settings%3DeyJpZCI6IjEyNzUiLCJ0b2dnbGUiOmZhbHNlfQ%3D%3D\">\n\t\t\t\t\t\t<span class=\"elementor-button-content-wrapper\">\n\t\t\t\t\t\t\t\t\t<span class=\"elementor-button-text\">Nopea tarjous<\/span>\n\t\t\t\t\t<\/span>\n\t\t\t\t\t<\/a>\n\t\t\t\t<\/div>\n\t\t\t\t\t\t\t\t<\/div>\n\t\t\t\t<\/div>\n\t\t\t\t<\/div>\n\t\t\t\t\t<\/div>\n\t\t\t\t<\/div>\n\t\t<div class=\"elementor-element elementor-element-a2ed80c e-flex e-con-boxed e-con e-parent\" data-id=\"a2ed80c\" data-element_type=\"container\">\n\t\t\t\t\t<div class=\"e-con-inner\">\n\t\t\t\t<div class=\"elementor-element elementor-element-cd86465 elementor-widget elementor-widget-heading\" data-id=\"cd86465\" data-element_type=\"widget\" data-widget_type=\"heading.default\">\n\t\t\t\t<div class=\"elementor-widget-container\">\n\t\t\t\t\t<h3 class=\"elementor-heading-title elementor-size-default\">Yksityiskohdat:<\/h3>\t\t\t\t<\/div>\n\t\t\t\t<\/div>\n\t\t\t\t<div class=\"elementor-element elementor-element-29d6c01 elementor-widget elementor-widget-text-editor\" data-id=\"29d6c01\" data-element_type=\"widget\" data-widget_type=\"text-editor.default\">\n\t\t\t\t<div class=\"elementor-widget-container\">\n\t\t\t\t\t\t\t\t\t<p>Half Round Fused Polished Quartz Rods valmistetaan CNC-leikkauksella ja kylm\u00e4ll\u00e4 kiillotuksella koko prosessissa. Kova osa k\u00e4sittely\u00e4 on kiillotus erilaisia muotoja, koska vaikea korjata asema. Olemme rakentaneet monia malleja puristimena monta kertaa kokeilun tai ty\u00f6skentelyn aikana. Se ei ole helppo saada naarmuja siihen.<\/p>\t\t\t\t\t\t\t\t<\/div>\n\t\t\t\t<\/div>\n\t\t\t\t<div class=\"elementor-element elementor-element-15718d3 elementor-widget elementor-widget-heading\" data-id=\"15718d3\" data-element_type=\"widget\" data-widget_type=\"heading.default\">\n\t\t\t\t<div class=\"elementor-widget-container\">\n\t\t\t\t\t<h3 class=\"elementor-heading-title elementor-size-default\">Kvartsilasin erityisominaisuudet:<\/h3>\t\t\t\t<\/div>\n\t\t\t\t<\/div>\n\t\t\t\t<div class=\"elementor-element elementor-element-281af31 elementor-widget elementor-widget-text-editor\" data-id=\"281af31\" data-element_type=\"widget\" data-widget_type=\"text-editor.default\">\n\t\t\t\t<div class=\"elementor-widget-container\">\n\t\t\t\t\t\t\t\t\t<ol><li value=\"NaN\">\u00c4\u00e4rimm\u00e4isen laaja spektrinen l\u00e4p\u00e4isyalue syv\u00e4st\u00e4 UV:st\u00e4 keskimm\u00e4iseen IR:\u00e4\u00e4n (laajempi kuin kaikilla muilla laseilla).<\/li><li value=\"NaN\">\u00c4\u00e4rimm\u00e4isen korkea optinen l\u00e4p\u00e4isy ja alhainen optinen absorptio.<\/li><li value=\"NaN\">Taitekertoimen v\u00e4h\u00e4inen vaihtelu ja h\u00e4iri\u00f6t yhdess\u00e4 kiinte\u00e4ss\u00e4 kappaleessa ja optinen homogeenisuus sulasta toiseen (toistettavuus).<\/li><li value=\"NaN\">Kest\u00e4\u00e4 hyvin suuren intensiteetin lasers\u00e4teily\u00e4, joka koskee my\u00f6s UV-spektrialuetta (esim. excimer-laser).<\/li><li value=\"NaN\">Korkea k\u00e4ytt\u00f6l\u00e4mp\u00f6tila 1200 astetta C - l\u00e4hes nelj\u00e4 kertaa korkeampi kuin tavallinen lasi.<\/li><li value=\"NaN\">Alhainen l\u00e4mp\u00f6laajenemiskerroin, jonka ansiosta se kest\u00e4\u00e4 eritt\u00e4in hyvin l\u00e4mp\u00f6tilahy\u00f6kk\u00e4yksi\u00e4, mik\u00e4 mahdollistaa nopean l\u00e4mmityksen ja j\u00e4\u00e4hdytyksen.<\/li><\/ol>\t\t\t\t\t\t\t\t<\/div>\n\t\t\t\t<\/div>\n\t\t\t\t\t<\/div>\n\t\t\t\t<\/div>\n\t\t\t\t<\/div>","protected":false},"excerpt":{"rendered":"<p>Half Round Polished Quartz Rods \u2013 CNC Fused Cut Type: Half Round Fused Polished Quartz RodMaterial: High Fused Quartz(99.998% SiO2)Packing: [&hellip;]<\/p>","protected":false},"author":1,"featured_media":686,"parent":836,"menu_order":0,"comment_status":"closed","ping_status":"closed","template":"","meta":{"_seopress_robots_primary_cat":"","_seopress_titles_title":"Half Round Polished Quartz Rods \u2013CNC Fused Cut | ExactQuartz","_seopress_titles_desc":"Half-round quartz rods, CNC cut and cold-polished. 99.998% SiO\u2082, scratch-resistant, ideal for optical setups & precision systems. OEM shapes supported.","_seopress_robots_index":"","site-sidebar-layout":"no-sidebar","site-content-layout":"","ast-site-content-layout":"full-width-container","site-content-style":"default","site-sidebar-style":"default","ast-global-header-display":"","ast-banner-title-visibility":"","ast-main-header-display":"","ast-hfb-above-header-display":"","ast-hfb-below-header-display":"","ast-hfb-mobile-header-display":"","site-post-title":"disabled","ast-breadcrumbs-content":"","ast-featured-img":"disabled","footer-sml-layout":"","theme-transparent-header-meta":"","adv-header-id-meta":"","stick-header-meta":"","header-above-stick-meta":"","header-main-stick-meta":"","header-below-stick-meta":"","astra-migrate-meta-layouts":"default","ast-page-background-enabled":"default","ast-page-background-meta":{"desktop":{"background-color":"var(--ast-global-color-5)","background-image":"","background-repeat":"repeat","background-position":"center center","background-size":"auto","background-attachment":"scroll","background-type":"","background-media":"","overlay-type":"","overlay-color":"","overlay-opacity":"","overlay-gradient":""},"tablet":{"background-color":"","background-image":"","background-repeat":"repeat","background-position":"center center","background-size":"auto","background-attachment":"scroll","background-type":"","background-media":"","overlay-type":"","overlay-color":"","overlay-opacity":"","overlay-gradient":""},"mobile":{"background-color":"","background-image":"","background-repeat":"repeat","background-position":"center center","background-size":"auto","background-attachment":"scroll","background-type":"","background-media":"","overlay-type":"","overlay-color":"","overlay-opacity":"","overlay-gradient":""}},"ast-content-background-meta":{"desktop":{"background-color":"var(--ast-global-color-4)","background-image":"","background-repeat":"repeat","background-position":"center center","background-size":"auto","background-attachment":"scroll","background-type":"","background-media":"","overlay-type":"","overlay-color":"","overlay-opacity":"","overlay-gradient":""},"tablet":{"background-color":"var(--ast-global-color-4)","background-image":"","background-repeat":"repeat","background-position":"center center","background-size":"auto","background-attachment":"scroll","background-type":"","background-media":"","overlay-type":"","overlay-color":"","overlay-opacity":"","overlay-gradient":""},"mobile":{"background-color":"var(--ast-global-color-4)","background-image":"","background-repeat":"repeat","background-position":"center center","background-size":"auto","background-attachment":"scroll","background-type":"","background-media":"","overlay-type":"","overlay-color":"","overlay-opacity":"","overlay-gradient":""}},"footnotes":""},"class_list":["post-685","page","type-page","status-publish","has-post-thumbnail","hentry"],"_links":{"self":[{"href":"https:\/\/exactquartz.com\/fi\/wp-json\/wp\/v2\/pages\/685","targetHints":{"allow":["GET"]}}],"collection":[{"href":"https:\/\/exactquartz.com\/fi\/wp-json\/wp\/v2\/pages"}],"about":[{"href":"https:\/\/exactquartz.com\/fi\/wp-json\/wp\/v2\/types\/page"}],"author":[{"embeddable":true,"href":"https:\/\/exactquartz.com\/fi\/wp-json\/wp\/v2\/users\/1"}],"replies":[{"embeddable":true,"href":"https:\/\/exactquartz.com\/fi\/wp-json\/wp\/v2\/comments?post=685"}],"version-history":[{"count":17,"href":"https:\/\/exactquartz.com\/fi\/wp-json\/wp\/v2\/pages\/685\/revisions"}],"predecessor-version":[{"id":1416,"href":"https:\/\/exactquartz.com\/fi\/wp-json\/wp\/v2\/pages\/685\/revisions\/1416"}],"up":[{"embeddable":true,"href":"https:\/\/exactquartz.com\/fi\/wp-json\/wp\/v2\/pages\/836"}],"wp:featuredmedia":[{"embeddable":true,"href":"https:\/\/exactquartz.com\/fi\/wp-json\/wp\/v2\/media\/686"}],"wp:attachment":[{"href":"https:\/\/exactquartz.com\/fi\/wp-json\/wp\/v2\/media?parent=685"}],"curies":[{"name":"wp","href":"https:\/\/api.w.org\/{rel}","templated":true}]}}