{"id":176,"date":"2025-03-12T19:16:06","date_gmt":"2025-03-12T11:16:06","guid":{"rendered":"https:\/\/exactquartz.com\/?page_id=176"},"modified":"2025-04-16T18:37:15","modified_gmt":"2025-04-16T10:37:15","slug":"fused-quartz-lab-glassware","status":"publish","type":"page","link":"https:\/\/exactquartz.com\/hu\/quartz-lab-glassware-product\/fused-quartz-lab-glassware\/","title":{"rendered":"Olvasztott kvarc laborat\u00f3riumi \u00fcveg\u00e1ruk - f\u0151z\u0151poharak, cs\u00f6vek, lombikok \u00e9s egy\u00e9b term\u00e9kek"},"content":{"rendered":"<div data-elementor-type=\"wp-page\" data-elementor-id=\"176\" class=\"elementor elementor-176\" data-elementor-post-type=\"page\">\n\t\t\t\t<div class=\"elementor-element elementor-element-abb877f e-flex e-con-boxed e-con e-parent\" data-id=\"abb877f\" data-element_type=\"container\">\n\t\t\t\t\t<div class=\"e-con-inner\">\n\t\t<div class=\"elementor-element elementor-element-82153af e-con-full e-flex e-con e-child\" data-id=\"82153af\" data-element_type=\"container\">\n\t\t\t\t<div class=\"elementor-element elementor-element-b2ea12d elementor-skin-slideshow elementor-arrows-yes elementor-widget elementor-widget-media-carousel\" data-id=\"b2ea12d\" data-element_type=\"widget\" data-settings=\"{&quot;skin&quot;:&quot;slideshow&quot;,&quot;effect&quot;:&quot;slide&quot;,&quot;show_arrows&quot;:&quot;yes&quot;,&quot;speed&quot;:500,&quot;autoplay&quot;:&quot;yes&quot;,&quot;autoplay_speed&quot;:5000,&quot;loop&quot;:&quot;yes&quot;,&quot;pause_on_hover&quot;:&quot;yes&quot;,&quot;pause_on_interaction&quot;:&quot;yes&quot;,&quot;space_between&quot;:{&quot;unit&quot;:&quot;px&quot;,&quot;size&quot;:10,&quot;sizes&quot;:[]},&quot;space_between_tablet&quot;:{&quot;unit&quot;:&quot;px&quot;,&quot;size&quot;:10,&quot;sizes&quot;:[]},&quot;space_between_mobile&quot;:{&quot;unit&quot;:&quot;px&quot;,&quot;size&quot;:10,&quot;sizes&quot;:[]}}\" data-widget_type=\"media-carousel.default\">\n\t\t\t\t<div class=\"elementor-widget-container\">\n\t\t\t\t\t\t\t\t\t<div class=\"elementor-swiper\">\n\t\t\t\t\t<div class=\"elementor-main-swiper swiper\" role=\"region\" aria-roledescription=\"carousel\" aria-label=\"Di\u00e1kok\">\n\t\t\t\t<div class=\"swiper-wrapper\">\n\t\t\t\t\t\t\t\t\t\t\t<div class=\"swiper-slide\" role=\"group\" aria-roledescription=\"slide\">\n\t\t\t\t\t\t\t\t\t<div class=\"elementor-carousel-image\" role=\"img\" aria-label=\"Kvarc t\u00e9gelyek, f\u0151z\u0151poharak, lombikok, k\u00e9mcs\u00f6vek, fedelek\" style=\"background-image: url(&#039;https:\/\/exactquartz.com\/wp-content\/uploads\/2025\/03\/Crucibles-Beakers-Flasks-Test-Tubes-Covers.webp&#039;)\">\n\n\t\t\t\n\t\t\t\t\t<\/div>\n\t\t\t\t\t\t\t\t<\/div>\n\t\t\t\t\t\t\t\t\t<\/div>\n\t\t\t\t\t\t\t<\/div>\n\t\t\t\t<\/div>\n\t\t\t\t\t\t\t\t<\/div>\n\t\t\t\t<\/div>\n\t\t\t\t<\/div>\n\t\t<div class=\"elementor-element elementor-element-c514cbd e-con-full e-flex e-con e-child\" data-id=\"c514cbd\" data-element_type=\"container\">\n\t\t\t\t<div class=\"elementor-element elementor-element-70d5eba elementor-widget elementor-widget-heading\" data-id=\"70d5eba\" data-element_type=\"widget\" data-widget_type=\"heading.default\">\n\t\t\t\t<div class=\"elementor-widget-container\">\n\t\t\t\t\t<h2 class=\"elementor-heading-title elementor-size-default\">Olvasztott kvarc laborat\u00f3riumi \u00fcveg\u00e1ruk - f\u0151z\u0151poharak, cs\u00f6vek, lombikok \u00e9s egy\u00e9b term\u00e9kek<\/h2>\t\t\t\t<\/div>\n\t\t\t\t<\/div>\n\t\t\t\t<div class=\"elementor-element elementor-element-ac956f7 elementor-widget elementor-widget-text-editor\" data-id=\"ac956f7\" data-element_type=\"widget\" data-widget_type=\"text-editor.default\">\n\t\t\t\t<div class=\"elementor-widget-container\">\n\t\t\t\t\t\t\t\t\t<p>Az olvasztott kvarc kiv\u00e1l\u00f3 h\u0151- \u00e9s vegyszer\u00e1ll\u00f3s\u00e1gi tulajdons\u00e1gokkal rendelkez\u0151, nagy tisztas\u00e1g\u00fa anyag. \u00c1ltal\u00e1nosan haszn\u00e1lj\u00e1k k\u00fcl\u00f6nb\u00f6z\u0151 ipar\u00e1gakban, t\u00f6bbek k\u00f6z\u00f6tt az optik\u00e1ban, az elektronik\u00e1ban, a vegyiparban \u00e9s az orvostudom\u00e1nyban. A fuzion\u00e1lt kvarc megfelel\u0151 felhaszn\u00e1l\u00e1si ir\u00e1nyelvei k\u00f6z\u00e9 tartozik a gondos kezel\u00e9s, a termikus sokk elker\u00fcl\u00e9se, az enyhe tiszt\u00edt\u00f3szerekkel val\u00f3 tiszt\u00edt\u00e1s \u00e9s a vegyi ellen\u00e1ll\u00e1s figyelembev\u00e9tele. Ezek az ir\u00e1nymutat\u00e1sok biztos\u00edtj\u00e1k a fuzion\u00e1lt kvarc optim\u00e1lis teljes\u00edtm\u00e9ny\u00e9t \u00e9s hossz\u00fa \u00e9lettartam\u00e1t a k\u00fcl\u00f6nb\u00f6z\u0151 alkalmaz\u00e1sokban.<\/p>\t\t\t\t\t\t\t\t<\/div>\n\t\t\t\t<\/div>\n\t\t\t\t<div class=\"elementor-element elementor-element-8be87ab elementor-align-left elementor-widget elementor-widget-button\" data-id=\"8be87ab\" data-element_type=\"widget\" data-widget_type=\"button.default\">\n\t\t\t\t<div class=\"elementor-widget-container\">\n\t\t\t\t\t\t\t\t\t<div class=\"elementor-button-wrapper\">\n\t\t\t\t\t<a class=\"elementor-button elementor-button-link elementor-size-sm\" href=\"#elementor-action%3Aaction%3Dpopup%3Aopen%26settings%3DeyJpZCI6IjEyNzUiLCJ0b2dnbGUiOmZhbHNlfQ%3D%3D\">\n\t\t\t\t\t\t<span class=\"elementor-button-content-wrapper\">\n\t\t\t\t\t\t\t\t\t<span class=\"elementor-button-text\">Gyors \u00e1raj\u00e1nlat<\/span>\n\t\t\t\t\t<\/span>\n\t\t\t\t\t<\/a>\n\t\t\t\t<\/div>\n\t\t\t\t\t\t\t\t<\/div>\n\t\t\t\t<\/div>\n\t\t\t\t<\/div>\n\t\t\t\t\t<\/div>\n\t\t\t\t<\/div>\n\t\t<div class=\"elementor-element elementor-element-a2ed80c e-flex e-con-boxed e-con e-parent\" data-id=\"a2ed80c\" data-element_type=\"container\">\n\t\t\t\t\t<div class=\"e-con-inner\">\n\t\t\t\t<div class=\"elementor-element elementor-element-7c65f48 elementor-widget elementor-widget-heading\" data-id=\"7c65f48\" data-element_type=\"widget\" data-widget_type=\"heading.default\">\n\t\t\t\t<div class=\"elementor-widget-container\">\n\t\t\t\t\t<h3 class=\"elementor-heading-title elementor-size-default\">R\u00e9szletek:<\/h3>\t\t\t\t<\/div>\n\t\t\t\t<\/div>\n\t\t\t\t<div class=\"elementor-element elementor-element-ceddc61 elementor-widget elementor-widget-text-editor\" data-id=\"ceddc61\" data-element_type=\"widget\" data-widget_type=\"text-editor.default\">\n\t\t\t\t<div class=\"elementor-widget-container\">\n\t\t\t\t\t\t\t\t\t<p>A laborat\u00f3riumi tudom\u00e1nyos \u00fcvegeszk\u00f6z\u00f6k t\u00f6bbs\u00e9ge kvarc\u00fcvegb\u0151l k\u00e9sz\u00fcl, p\u00e9ld\u00e1ul k\u00e9mcs\u00f6vek, t\u00e9gelyek, f\u0151z\u0151poharak stb. Mivel a kvarc\u00fcveg kiv\u00e1l\u00f3 tulajdons\u00e1gokkal rendelkezik, mint p\u00e9ld\u00e1ul a magas h\u0151m\u00e9rs\u00e9klettel szembeni ellen\u00e1ll\u00e1s, sav\u00e1ll\u00f3s\u00e1g, korr\u00f3zi\u00f3\u00e1ll\u00f3s\u00e1g \u00e9s \u00edgy tov\u00e1bb. Ez a laborat\u00f3riumban a kiemelt anyag. K\u00e9pesek vagyunk k\u00fcl\u00f6nf\u00e9le kvarc\u00fcveged\u00e9nyek gy\u00e1rt\u00e1s\u00e1ra az \u00fcgyfelek rajzai \u00e9s tervez\u00e9se vagy a kvarc\u00fcveg laborat\u00f3riumi eszk\u00f6z\u00f6k tervez\u00e9se szerint az \u00fcgyfelek ig\u00e9nyei szerint. C\u00e9g\u00fcnknek t\u00f6bb gy\u00e1rt\u00f3ja van, akik t\u00f6bb mint 10 \u00e9ves munkatapasztalattal rendelkeznek a kvarc\u00fcveg term\u00e9kek gy\u00e1rt\u00e1s\u00e1ban. \u00cdgy a magas min\u0151s\u00e9g garant\u00e1l\u00e1s\u00e1nak el\u0151felt\u00e9tele mellett a kvarc \u00fcveg\u00e1ru megjelen\u00e9se sim\u00e1bb \u00e9s szebb lesz. A k\u00f6vetkez\u0151 kvarc laborat\u00f3riumi \u00fcveg\u00e1ruk a mi gy\u00e1rt\u00f3ink munk\u00e1i.<\/p>\t\t\t\t\t\t\t\t<\/div>\n\t\t\t\t<\/div>\n\t\t\t\t\t<\/div>\n\t\t\t\t<\/div>\n\t\t<div class=\"elementor-element elementor-element-58340db e-flex e-con-boxed e-con e-parent\" data-id=\"58340db\" data-element_type=\"container\">\n\t\t\t\t\t<div class=\"e-con-inner\">\n\t\t\t\t<div class=\"elementor-element elementor-element-fdaa9c4 elementor-widget elementor-widget-image\" data-id=\"fdaa9c4\" data-element_type=\"widget\" data-widget_type=\"image.default\">\n\t\t\t\t<div class=\"elementor-widget-container\">\n\t\t\t\t\t\t\t\t\t\t\t\t\t\t\t<img fetchpriority=\"high\" decoding=\"async\" width=\"1200\" height=\"1200\" src=\"https:\/\/exactquartz.com\/wp-content\/uploads\/2025\/03\/quartz-lab-glassware.webp\" class=\"attachment-full size-full wp-image-244\" alt=\"kvarc laborat\u00f3riumi \u00fcveg\u00e1ruk\" srcset=\"https:\/\/exactquartz.com\/wp-content\/uploads\/2025\/03\/quartz-lab-glassware.webp 1200w, https:\/\/exactquartz.com\/wp-content\/uploads\/2025\/03\/quartz-lab-glassware-300x300.webp 300w, https:\/\/exactquartz.com\/wp-content\/uploads\/2025\/03\/quartz-lab-glassware-1024x1024.webp 1024w, https:\/\/exactquartz.com\/wp-content\/uploads\/2025\/03\/quartz-lab-glassware-150x150.webp 150w, https:\/\/exactquartz.com\/wp-content\/uploads\/2025\/03\/quartz-lab-glassware-768x768.webp 768w\" sizes=\"(max-width: 1200px) 100vw, 1200px\" \/>\t\t\t\t\t\t\t\t\t\t\t\t\t\t\t<\/div>\n\t\t\t\t<\/div>\n\t\t\t\t\t<\/div>\n\t\t\t\t<\/div>\n\t\t<div class=\"elementor-element elementor-element-ec9a716 e-flex e-con-boxed e-con e-parent\" data-id=\"ec9a716\" data-element_type=\"container\">\n\t\t\t\t\t<div class=\"e-con-inner\">\n\t\t\t\t<div class=\"elementor-element elementor-element-b7e9c99 elementor-widget elementor-widget-heading\" data-id=\"b7e9c99\" data-element_type=\"widget\" data-widget_type=\"heading.default\">\n\t\t\t\t<div class=\"elementor-widget-container\">\n\t\t\t\t\t<h3 class=\"elementor-heading-title elementor-size-default\">OEM&amp;ODM szolg\u00e1ltat\u00e1s:<\/h3>\t\t\t\t<\/div>\n\t\t\t\t<\/div>\n\t\t\t\t<div class=\"elementor-element elementor-element-281af31 elementor-widget elementor-widget-text-editor\" data-id=\"281af31\" data-element_type=\"widget\" data-widget_type=\"text-editor.default\">\n\t\t\t\t<div class=\"elementor-widget-container\">\n\t\t\t\t\t\t\t\t\t<p>A kvarc\u00fcveg term\u00e9kek professzion\u00e1lis gy\u00e1rt\u00f3jak\u00e9nt K\u00edn\u00e1ban az OEM \u00e9s az egyedi megrendel\u00e9s \u00fcdv\u00f6z\u00f6lj\u00fck sz\u00e1munkra.<br \/>K\u00e9rj\u00fck, ne habozzon besz\u00e9lni vel\u00fcnk, ha b\u00e1rmilyen terve van a QUARTZ szerelv\u00e9nyekhez. Hamarosan \u00faj mint\u00e1kat k\u00e9sz\u00edt\u00fcnk \u00d6nnek.<\/p><p>K\u00e9zzel k\u00e9sz\u00edtett term\u00e9kek eset\u00e9n k\u00e9rj\u00fck, mondja el nek\u00fcnk, hogy mit ig\u00e9nyel, vagy k\u00fcldj\u00f6n nek\u00fcnk k\u00e9peket. Ezut\u00e1n tesztel\u00e9si mint\u00e1kat k\u00e9sz\u00edt\u00fcnk az \u00d6n sz\u00e1m\u00e1ra.<br \/>\u00c9s nem fogunk t\u00f6meggy\u00e1rt\u00e1st v\u00e9gezni, am\u00edg nem el\u00e9gedett a mint\u00e1kkal.<\/p>\t\t\t\t\t\t\t\t<\/div>\n\t\t\t\t<\/div>\n\t\t\t\t\t<\/div>\n\t\t\t\t<\/div>\n\t\t\t\t<\/div>","protected":false},"excerpt":{"rendered":"<p>Fused Quartz Lab Glassware \u2013 Beakers, Tubes, Flasks &amp; More Fused quartz is a high-purity material with excellent thermal and [&hellip;]<\/p>","protected":false},"author":6,"featured_media":180,"parent":843,"menu_order":0,"comment_status":"closed","ping_status":"closed","template":"","meta":{"_seopress_robots_primary_cat":"","_seopress_titles_title":"Fused Quartz Lab Glassware \u2013 Beakers, Tubes, Flasks & More","_seopress_titles_desc":"Full quartz labware sets: crucibles, beakers, flasks, test tubes, covers. 99.99% fused silica, acid & heat resistant. OEM sizes & shapes on request.","_seopress_robots_index":"","site-sidebar-layout":"no-sidebar","site-content-layout":"","ast-site-content-layout":"full-width-container","site-content-style":"default","site-sidebar-style":"default","ast-global-header-display":"","ast-banner-title-visibility":"","ast-main-header-display":"","ast-hfb-above-header-display":"","ast-hfb-below-header-display":"","ast-hfb-mobile-header-display":"","site-post-title":"disabled","ast-breadcrumbs-content":"","ast-featured-img":"disabled","footer-sml-layout":"","theme-transparent-header-meta":"","adv-header-id-meta":"","stick-header-meta":"","header-above-stick-meta":"","header-main-stick-meta":"","header-below-stick-meta":"","astra-migrate-meta-layouts":"default","ast-page-background-enabled":"default","ast-page-background-meta":{"desktop":{"background-color":"var(--ast-global-color-5)","background-image":"","background-repeat":"repeat","background-position":"center center","background-size":"auto","background-attachment":"scroll","background-type":"","background-media":"","overlay-type":"","overlay-color":"","overlay-opacity":"","overlay-gradient":""},"tablet":{"background-color":"","background-image":"","background-repeat":"repeat","background-position":"center center","background-size":"auto","background-attachment":"scroll","background-type":"","background-media":"","overlay-type":"","overlay-color":"","overlay-opacity":"","overlay-gradient":""},"mobile":{"background-color":"","background-image":"","background-repeat":"repeat","background-position":"center center","background-size":"auto","background-attachment":"scroll","background-type":"","background-media":"","overlay-type":"","overlay-color":"","overlay-opacity":"","overlay-gradient":""}},"ast-content-background-meta":{"desktop":{"background-color":"var(--ast-global-color-4)","background-image":"","background-repeat":"repeat","background-position":"center center","background-size":"auto","background-attachment":"scroll","background-type":"","background-media":"","overlay-type":"","overlay-color":"","overlay-opacity":"","overlay-gradient":""},"tablet":{"background-color":"var(--ast-global-color-4)","background-image":"","background-repeat":"repeat","background-position":"center center","background-size":"auto","background-attachment":"scroll","background-type":"","background-media":"","overlay-type":"","overlay-color":"","overlay-opacity":"","overlay-gradient":""},"mobile":{"background-color":"var(--ast-global-color-4)","background-image":"","background-repeat":"repeat","background-position":"center center","background-size":"auto","background-attachment":"scroll","background-type":"","background-media":"","overlay-type":"","overlay-color":"","overlay-opacity":"","overlay-gradient":""}},"footnotes":""},"class_list":["post-176","page","type-page","status-publish","has-post-thumbnail","hentry"],"_hostinger_reach_plugin_has_subscription_block":false,"_hostinger_reach_plugin_is_elementor":false,"_links":{"self":[{"href":"https:\/\/exactquartz.com\/hu\/wp-json\/wp\/v2\/pages\/176","targetHints":{"allow":["GET"]}}],"collection":[{"href":"https:\/\/exactquartz.com\/hu\/wp-json\/wp\/v2\/pages"}],"about":[{"href":"https:\/\/exactquartz.com\/hu\/wp-json\/wp\/v2\/types\/page"}],"author":[{"embeddable":true,"href":"https:\/\/exactquartz.com\/hu\/wp-json\/wp\/v2\/users\/6"}],"replies":[{"embeddable":true,"href":"https:\/\/exactquartz.com\/hu\/wp-json\/wp\/v2\/comments?post=176"}],"version-history":[{"count":26,"href":"https:\/\/exactquartz.com\/hu\/wp-json\/wp\/v2\/pages\/176\/revisions"}],"predecessor-version":[{"id":1473,"href":"https:\/\/exactquartz.com\/hu\/wp-json\/wp\/v2\/pages\/176\/revisions\/1473"}],"up":[{"embeddable":true,"href":"https:\/\/exactquartz.com\/hu\/wp-json\/wp\/v2\/pages\/843"}],"wp:featuredmedia":[{"embeddable":true,"href":"https:\/\/exactquartz.com\/hu\/wp-json\/wp\/v2\/media\/180"}],"wp:attachment":[{"href":"https:\/\/exactquartz.com\/hu\/wp-json\/wp\/v2\/media?parent=176"}],"curies":[{"name":"wp","href":"https:\/\/api.w.org\/{rel}","templated":true}]}}