{"id":215,"date":"2025-03-13T10:43:04","date_gmt":"2025-03-13T02:43:04","guid":{"rendered":"https:\/\/exactquartz.com\/?page_id=215"},"modified":"2026-04-10T19:52:06","modified_gmt":"2026-04-10T11:52:06","slug":"blog","status":"publish","type":"page","link":"https:\/\/exactquartz.com\/hu\/blog\/","title":{"rendered":"Blog"},"content":{"rendered":"<div data-elementor-type=\"wp-page\" data-elementor-id=\"215\" class=\"elementor elementor-215\" data-elementor-post-type=\"page\">\n\t\t\t\t<div class=\"elementor-element elementor-element-b55d022 e-flex e-con-boxed e-con e-parent\" data-id=\"b55d022\" data-element_type=\"container\">\n\t\t\t\t\t<div class=\"e-con-inner\">\n\t\t\t\t<div class=\"elementor-element elementor-element-12ba004 elementor-widget elementor-widget-heading\" data-id=\"12ba004\" data-element_type=\"widget\" data-widget_type=\"heading.default\">\n\t\t\t\t<div class=\"elementor-widget-container\">\n\t\t\t\t\t<h1 class=\"elementor-heading-title elementor-size-default\">Blog<\/h1>\t\t\t\t<\/div>\n\t\t\t\t<\/div>\n\t\t\t\t\t<\/div>\n\t\t\t\t<\/div>\n\t\t<div class=\"elementor-element elementor-element-5f375f8 e-flex e-con-boxed e-con e-parent\" data-id=\"5f375f8\" data-element_type=\"container\">\n\t\t\t\t\t<div class=\"e-con-inner\">\n\t\t\t\t<div class=\"elementor-element elementor-element-f8bc409 elementor-grid-3 elementor-grid-tablet-2 elementor-grid-mobile-1 elementor-posts--thumbnail-top elementor-posts--show-avatar elementor-card-shadow-yes elementor-posts__hover-gradient elementor-widget elementor-widget-posts\" data-id=\"f8bc409\" data-element_type=\"widget\" data-settings=\"{&quot;cards_columns&quot;:&quot;3&quot;,&quot;cards_columns_tablet&quot;:&quot;2&quot;,&quot;cards_columns_mobile&quot;:&quot;1&quot;,&quot;cards_row_gap&quot;:{&quot;unit&quot;:&quot;px&quot;,&quot;size&quot;:35,&quot;sizes&quot;:[]},&quot;cards_row_gap_tablet&quot;:{&quot;unit&quot;:&quot;px&quot;,&quot;size&quot;:&quot;&quot;,&quot;sizes&quot;:[]},&quot;cards_row_gap_mobile&quot;:{&quot;unit&quot;:&quot;px&quot;,&quot;size&quot;:&quot;&quot;,&quot;sizes&quot;:[]}}\" data-widget_type=\"posts.cards\">\n\t\t\t\t<div class=\"elementor-widget-container\">\n\t\t\t\t\t\t\t<div class=\"elementor-posts-container elementor-posts elementor-posts--skin-cards elementor-grid\" role=\"list\">\n\t\t\t\t<article class=\"elementor-post elementor-grid-item post-450 post type-post status-publish format-standard hentry category-uncategorized\" role=\"listitem\">\n\t\t\t<div class=\"elementor-post__card\">\n\t\t\t\t<div class=\"elementor-post__text\">\n\t\t\t\t<h3 class=\"elementor-post__title\">\n\t\t\t<a href=\"https:\/\/exactquartz.com\/hu\/quartz-glass-market-has-great-development-space-and-semiconductor-is-its-main-application-field\/\" >\n\t\t\t\tA kvarc\u00fcveg piac nagy fejl\u0151d\u00e9si t\u00e9rrel rendelkezik, \u00e9s a f\u00e9lvezet\u0151 a f\u0151 alkalmaz\u00e1si ter\u00fclete\t\t\t<\/a>\n\t\t<\/h3>\n\t\t\t\t<div class=\"elementor-post__excerpt\">\n\t\t\t<p>A kvarc\u00fcveg egy szervetlen, nem f\u00e9mes anyag, \u00e9s egy speci\u00e1lis ipari \u00fcveg, amely egyetlen \u00f6sszetev\u0151b\u0151l, szil\u00edcium-dioxidb\u00f3l (SiO2) \u00e1ll. A kvarc\u00fcveg kiv\u00e1l\u00f3 teljes\u00edtm\u00e9nnyel, magas h\u0151m\u00e9rs\u00e9kleti ellen\u00e1ll\u00e1ssal, nagy kem\u00e9nys\u00e9ggel, kis t\u00e1gul\u00e1si egy\u00fctthat\u00f3val, magas spektr\u00e1lis \u00e1tereszt\u0151k\u00e9pess\u00e9ggel, stabil k\u00e9miai tulajdons\u00e1gokkal \u00e9s kiv\u00e1l\u00f3 elektromos szigetel\u00e9ssel rendelkezik. Feldolgozhat\u00f3<\/p>\n\t\t<\/div>\n\t\t\n\t\t<a class=\"elementor-post__read-more\" href=\"https:\/\/exactquartz.com\/hu\/quartz-glass-market-has-great-development-space-and-semiconductor-is-its-main-application-field\/\" aria-label=\"Read more about Quartz glass market has great development space, and semiconductor is its main application field\" tabindex=\"-1\" >\n\t\t\tOlvass tov\u00e1bb \"\t\t<\/a>\n\n\t\t\t\t<\/div>\n\t\t\t\t\t<\/div>\n\t\t<\/article>\n\t\t\t\t<article class=\"elementor-post elementor-grid-item post-378 post type-post status-publish format-standard hentry category-uncategorized\" role=\"listitem\">\n\t\t\t<div class=\"elementor-post__card\">\n\t\t\t\t<div class=\"elementor-post__text\">\n\t\t\t\t<h3 class=\"elementor-post__title\">\n\t\t\t<a href=\"https:\/\/exactquartz.com\/hu\/quartz-glass-products-advantages\/\" >\n\t\t\t\tKvarc\u00fcveg term\u00e9kek el\u0151nyei\t\t\t<\/a>\n\t\t<\/h3>\n\t\t\t\t<div class=\"elementor-post__excerpt\">\n\t\t\t<p>A kvarc (SiO\u2082) anyag els\u0151 pillant\u00e1sra nagyon hasonl\u00edt az \u00fcveghez, de ami k\u00fcl\u00f6nlegesebb, hogy a k\u00f6z\u00f6ns\u00e9ges \u00fcveg sz\u00e1mos \u00f6sszetev\u0151b\u0151l \u00e1ll (p\u00e9ld\u00e1ul kvarc homok, b\u00f3rax, b\u00f3rsav, bariit, b\u00e1rium-karbon\u00e1t, m\u00e9szk\u0151, f\u00f6ldp\u00e1t, sz\u00f3da stb.). \u00f6sszet\u00e9tele, m\u00edg a kvarc csak SiO\u2082-t tartalmaz, \u00e9s mikroszerkezete a k\u00f6vetkez\u0151<\/p>\n\t\t<\/div>\n\t\t\n\t\t<a class=\"elementor-post__read-more\" href=\"https:\/\/exactquartz.com\/hu\/quartz-glass-products-advantages\/\" aria-label=\"Read more about Quartz Glass Products Advantages\" tabindex=\"-1\" >\n\t\t\tOlvass tov\u00e1bb \"\t\t<\/a>\n\n\t\t\t\t<\/div>\n\t\t\t\t\t<\/div>\n\t\t<\/article>\n\t\t\t\t<article class=\"elementor-post elementor-grid-item post-374 post type-post status-publish format-standard hentry category-uncategorized\" role=\"listitem\">\n\t\t\t<div class=\"elementor-post__card\">\n\t\t\t\t<div class=\"elementor-post__text\">\n\t\t\t\t<h3 class=\"elementor-post__title\">\n\t\t\t<a href=\"https:\/\/exactquartz.com\/hu\/what-high-purity-quartz-products-are-used-in-integrated-circuit-processes-what-are-the-requirements-for-impurity-content-2\/\" >\n\t\t\t\tMilyen nagy tisztas\u00e1g\u00fa kvarcterm\u00e9keket haszn\u00e1lnak az integr\u00e1lt \u00e1ramk\u00f6ri folyamatokban? Milyen k\u00f6vetelm\u00e9nyek vonatkoznak a szennyez\u0151anyag-tartalomra?\t\t\t<\/a>\n\t\t<\/h3>\n\t\t\t\t<div class=\"elementor-post__excerpt\">\n\t\t\t<p>Milyen nagy tisztas\u00e1g\u00fa kvarcterm\u00e9keket haszn\u00e1lnak az integr\u00e1lt \u00e1ramk\u00f6ri folyamatokban? Milyen k\u00f6vetelm\u00e9nyek vonatkoznak a szennyez\u0151anyag-tartalomra? Az integr\u00e1lt \u00e1ramk\u00f6ri folyamatokban \u00e1ltal\u00e1nosan haszn\u00e1lt nagy tisztas\u00e1g\u00fa kvarcterm\u00e9kek k\u00f6z\u00e9 tartoznak a kvarcszeletk\u00e9k, kvarckrist\u00e1lyok, kvarccs\u00f6vek \u00e9s kvarcablakok. A kvarc osty\u00e1k eset\u00e9ben a szennyez\u0151anyag-tartalomnak rendk\u00edv\u00fcl alacsonynak kell lennie, \u00e1ltal\u00e1ban a k\u00f6vetkez\u0151 r\u00e9szekben<\/p>\n\t\t<\/div>\n\t\t\n\t\t<a class=\"elementor-post__read-more\" href=\"https:\/\/exactquartz.com\/hu\/what-high-purity-quartz-products-are-used-in-integrated-circuit-processes-what-are-the-requirements-for-impurity-content-2\/\" aria-label=\"Read more about What high-purity quartz products are used in integrated circuit processes? What are the requirements for impurity content?\" tabindex=\"-1\" >\n\t\t\tOlvass tov\u00e1bb \"\t\t<\/a>\n\n\t\t\t\t<\/div>\n\t\t\t\t\t<\/div>\n\t\t<\/article>\n\t\t\t\t<article class=\"elementor-post elementor-grid-item post-370 post type-post status-publish format-standard hentry category-uncategorized\" role=\"listitem\">\n\t\t\t<div class=\"elementor-post__card\">\n\t\t\t\t<div class=\"elementor-post__text\">\n\t\t\t\t<h3 class=\"elementor-post__title\">\n\t\t\t<a href=\"https:\/\/exactquartz.com\/hu\/6-proper-usage-guidelines-for-fused-quartz-handling-cleaning-thermal-shock-chemical-resistance-optics-handling-and-machining\/\" >\n\t\t\t\t6 Megfelel\u0151 haszn\u00e1lati ir\u00e1nyelvek az olvasztott kvarchoz: kezel\u00e9s, tiszt\u00edt\u00e1s, h\u0151hat\u00e1s, k\u00e9miai ellen\u00e1ll\u00e1s, optika kezel\u00e9se \u00e9s megmunk\u00e1l\u00e1s\t\t\t<\/a>\n\t\t<\/h3>\n\t\t\t\t<div class=\"elementor-post__excerpt\">\n\t\t\t<p>Az olvasztott kvarc megfelel\u0151 felhaszn\u00e1l\u00e1si ir\u00e1nyelvei a k\u00f6vetkez\u0151k: 1. Kezel\u00e9s: A szennyez\u0151d\u00e9s elker\u00fcl\u00e9se \u00e9rdek\u00e9ben fontos, hogy tiszta, sz\u00f6szmentes keszty\u0171t viseljen. \u00d3vatosan kezelje az anyagot, hogy elker\u00fclje a karcol\u00e1sokat vagy s\u00e9r\u00fcl\u00e9seket. Ker\u00fclje a puszta k\u00e9zzel val\u00f3 k\u00f6zvetlen \u00e9rintkez\u00e9st, mivel az olajok \u00e9s az izzads\u00e1g maradv\u00e1nyokat hagyhatnak a fel\u00fcleten.<\/p>\n\t\t<\/div>\n\t\t\n\t\t<a class=\"elementor-post__read-more\" href=\"https:\/\/exactquartz.com\/hu\/6-proper-usage-guidelines-for-fused-quartz-handling-cleaning-thermal-shock-chemical-resistance-optics-handling-and-machining\/\" aria-label=\"Read more about 6 Proper Usage Guidelines for Fused Quartz: Handling, Cleaning, Thermal Shock, Chemical Resistance, Optics Handling, and Machining\" tabindex=\"-1\" >\n\t\t\tOlvass tov\u00e1bb \"\t\t<\/a>\n\n\t\t\t\t<\/div>\n\t\t\t\t\t<\/div>\n\t\t<\/article>\n\t\t\t\t<article class=\"elementor-post elementor-grid-item post-366 post type-post status-publish format-standard hentry category-uncategorized\" role=\"listitem\">\n\t\t\t<div class=\"elementor-post__card\">\n\t\t\t\t<div class=\"elementor-post__text\">\n\t\t\t\t<h3 class=\"elementor-post__title\">\n\t\t\t<a href=\"https:\/\/exactquartz.com\/hu\/5-reasons-why-uv-fused-quartz-cuvettes-outperform-plastic-and-glass-alternatives\/\" >\n\t\t\t\t5 ok, ami\u00e9rt az UV olvasztott kvarc k\u00fcvett\u00e1k fel\u00fclm\u00falj\u00e1k a m\u0171anyag \u00e9s \u00fcveg alternat\u00edv\u00e1kat\t\t\t<\/a>\n\t\t<\/h3>\n\t\t\t\t<div class=\"elementor-post__excerpt\">\n\t\t\t<p>Az UV olvasztott kvarc k\u00fcvett\u00e1k rendk\u00edv\u00fcl tart\u00f3sak a m\u0171anyagb\u00f3l \u00e9s \u00fcvegb\u0151l k\u00e9sz\u00fclt k\u00fcvett\u00e1khoz k\u00e9pest. Az olvasztott kvarc egy nagy tisztas\u00e1g\u00fa \u00fcveg, amelyet tiszta szil\u00edcium-dioxid nagyon magas h\u0151m\u00e9rs\u00e9kleten t\u00f6rt\u00e9n\u0151 megolvaszt\u00e1s\u00e1val \u00e1ll\u00edtanak el\u0151. Kiv\u00e1l\u00f3 optikai tulajdons\u00e1gokkal, nagyfok\u00fa k\u00e9miai ellen\u00e1ll\u00e1ssal rendelkezik, \u00e9s ellen\u00e1ll a magas h\u0151m\u00e9rs\u00e9kletnek \u00e9s nyom\u00e1snak. Az UV olvasztott kvarc k\u00fcvett\u00e1k<\/p>\n\t\t<\/div>\n\t\t\n\t\t<a class=\"elementor-post__read-more\" href=\"https:\/\/exactquartz.com\/hu\/5-reasons-why-uv-fused-quartz-cuvettes-outperform-plastic-and-glass-alternatives\/\" aria-label=\"Read more about 5 Reasons Why UV Fused Quartz Cuvettes Outperform Plastic and Glass Alternatives\" tabindex=\"-1\" >\n\t\t\tOlvass tov\u00e1bb \"\t\t<\/a>\n\n\t\t\t\t<\/div>\n\t\t\t\t\t<\/div>\n\t\t<\/article>\n\t\t\t\t<article class=\"elementor-post elementor-grid-item post-362 post type-post status-publish format-standard hentry category-uncategorized\" role=\"listitem\">\n\t\t\t<div class=\"elementor-post__card\">\n\t\t\t\t<div class=\"elementor-post__text\">\n\t\t\t\t<h3 class=\"elementor-post__title\">\n\t\t\t<a href=\"https:\/\/exactquartz.com\/hu\/uv-fused-quartz-cuvettes-the-ideal-choice-for-spectroscopy-applications\/\" >\n\t\t\t\tUV olvasztott kvarc k\u00fcvett\u00e1k: A spektroszk\u00f3piai alkalmaz\u00e1sok ide\u00e1lis v\u00e1laszt\u00e1sa\t\t\t<\/a>\n\t\t<\/h3>\n\t\t\t\t<div class=\"elementor-post__excerpt\">\n\t\t\t<p>1. Bevezet\u00e9s az UV olvasztott kvarck\u00fcvett\u00e1kba A spektroszk\u00f3pia ter\u00fclet\u00e9n a k\u00fcvett\u00e1k kiv\u00e1laszt\u00e1sa d\u00f6nt\u0151 szerepet j\u00e1tszik a pontos \u00e9s megb\u00edzhat\u00f3 eredm\u00e9nyek el\u00e9r\u00e9s\u00e9ben. A rendelkez\u00e9sre \u00e1ll\u00f3 k\u00fcl\u00f6nb\u00f6z\u0151 lehet\u0151s\u00e9gek k\u00f6z\u00fcl az UV olvasztott kvarck\u00fcvett\u00e1k kiv\u00e9teles tart\u00f3ss\u00e1guk \u00e9s kiv\u00e1l\u00f3 teljes\u00edtm\u00e9ny\u00fck miatt az el\u0151nyben r\u00e9szes\u00edtett v\u00e1laszt\u00e1ss\u00e1 v\u00e1ltak. A  weboldalon<\/p>\n\t\t<\/div>\n\t\t\n\t\t<a class=\"elementor-post__read-more\" href=\"https:\/\/exactquartz.com\/hu\/uv-fused-quartz-cuvettes-the-ideal-choice-for-spectroscopy-applications\/\" aria-label=\"Read more about UV Fused Quartz Cuvettes: The Ideal Choice for Spectroscopy Applications\" tabindex=\"-1\" >\n\t\t\tOlvass tov\u00e1bb \"\t\t<\/a>\n\n\t\t\t\t<\/div>\n\t\t\t\t\t<\/div>\n\t\t<\/article>\n\t\t\t\t<\/div>\n\t\t\n\t\t\t\t\t\t<\/div>\n\t\t\t\t<\/div>\n\t\t\t\t\t<\/div>\n\t\t\t\t<\/div>\n\t\t<div class=\"elementor-element elementor-element-8b56ddd e-flex e-con-boxed e-con e-parent\" data-id=\"8b56ddd\" data-element_type=\"container\">\n\t\t\t\t\t<div class=\"e-con-inner\">\n\t\t\t\t<div class=\"elementor-element elementor-element-930bab3 elementor-widget elementor-widget-heading\" data-id=\"930bab3\" data-element_type=\"widget\" data-widget_type=\"heading.default\">\n\t\t\t\t<div class=\"elementor-widget-container\">\n\t\t\t\t\t<h2 class=\"elementor-heading-title elementor-size-default\">Kapcsolat<\/h2>\t\t\t\t<\/div>\n\t\t\t\t<\/div>\n\t\t\t\t\t<\/div>\n\t\t\t\t<\/div>\n\t\t<div class=\"elementor-element elementor-element-bf98708 e-flex e-con-boxed e-con e-parent\" data-id=\"bf98708\" data-element_type=\"container\" data-settings=\"{&quot;background_background&quot;:&quot;classic&quot;}\">\n\t\t\t\t\t<div class=\"e-con-inner\">\n\t\t<div class=\"elementor-element elementor-element-48e35c7 e-con-full e-flex e-con e-child\" data-id=\"48e35c7\" data-element_type=\"container\">\n\t\t\t\t<div class=\"elementor-element elementor-element-864040e elementor-button-align-stretch elementor-widget elementor-widget-form\" data-id=\"864040e\" data-element_type=\"widget\" data-settings=\"{&quot;step_next_label&quot;:&quot;Next&quot;,&quot;step_previous_label&quot;:&quot;Previous&quot;,&quot;button_width&quot;:&quot;100&quot;,&quot;step_type&quot;:&quot;number_text&quot;,&quot;step_icon_shape&quot;:&quot;circle&quot;}\" data-widget_type=\"form.default\">\n\t\t\t\t<div class=\"elementor-widget-container\">\n\t\t\t\t\t\t\t<form class=\"elementor-form\" method=\"post\" name=\"New Form\" aria-label=\"\u00daj \u0171rlap\" action=\"\">\n\t\t\t<input type=\"hidden\" name=\"post_id\" value=\"215\"\/>\n\t\t\t<input type=\"hidden\" name=\"form_id\" value=\"864040e\"\/>\n\t\t\t<input type=\"hidden\" name=\"referer_title\" value=\"\" \/>\n\n\t\t\t\n\t\t\t<div class=\"elementor-form-fields-wrapper elementor-labels-above\">\n\t\t\t\t\t\t\t\t<div class=\"elementor-field-type-email elementor-field-group elementor-column elementor-field-group-email elementor-col-100 elementor-field-required elementor-mark-required\">\n\t\t\t\t\t\t\t\t\t\t\t\t<label for=\"form-field-email\" class=\"elementor-field-label\">\n\t\t\t\t\t\t\t\tE-mail\t\t\t\t\t\t\t<\/label>\n\t\t\t\t\t\t\t\t\t\t\t\t\t\t<input size=\"1\" type=\"email\" name=\"form_fields[email]\" id=\"form-field-email\" class=\"elementor-field elementor-size-sm  elementor-field-textual\" placeholder=\"E-mail\" required=\"required\">\n\t\t\t\t\t\t\t\t\t\t\t<\/div>\n\t\t\t\t\t\t\t\t<div class=\"elementor-field-type-text elementor-field-group elementor-column elementor-field-group-name elementor-col-100\">\n\t\t\t\t\t\t\t\t\t\t\t\t<label for=\"form-field-name\" class=\"elementor-field-label\">\n\t\t\t\t\t\t\t\tN\u00e9v\t\t\t\t\t\t\t<\/label>\n\t\t\t\t\t\t\t\t\t\t\t\t\t\t<input size=\"1\" type=\"text\" name=\"form_fields[name]\" id=\"form-field-name\" class=\"elementor-field elementor-size-sm  elementor-field-textual\" placeholder=\"N\u00e9v\">\n\t\t\t\t\t\t\t\t\t\t\t<\/div>\n\t\t\t\t\t\t\t\t<div class=\"elementor-field-type-text elementor-field-group elementor-column elementor-field-group-field_2142395 elementor-col-100\">\n\t\t\t\t\t\t\t\t\t\t\t\t<label for=\"form-field-field_2142395\" class=\"elementor-field-label\">\n\t\t\t\t\t\t\t\tC\u00e9g\t\t\t\t\t\t\t<\/label>\n\t\t\t\t\t\t\t\t\t\t\t\t\t\t<input size=\"1\" type=\"text\" name=\"form_fields[field_2142395]\" id=\"form-field-field_2142395\" class=\"elementor-field elementor-size-sm  elementor-field-textual\" placeholder=\"C\u00e9g\">\n\t\t\t\t\t\t\t\t\t\t\t<\/div>\n\t\t\t\t\t\t\t\t<div class=\"elementor-field-type-text elementor-field-group elementor-column elementor-field-group-field_910d9b8 elementor-col-100\">\n\t\t\t\t\t\t\t\t\t\t\t\t<label for=\"form-field-field_910d9b8\" class=\"elementor-field-label\">\n\t\t\t\t\t\t\t\tMennyis\u00e9g\t\t\t\t\t\t\t<\/label>\n\t\t\t\t\t\t\t\t\t\t\t\t\t\t<input size=\"1\" type=\"text\" name=\"form_fields[field_910d9b8]\" id=\"form-field-field_910d9b8\" class=\"elementor-field elementor-size-sm  elementor-field-textual\" placeholder=\"Mennyis\u00e9g\">\n\t\t\t\t\t\t\t\t\t\t\t<\/div>\n\t\t\t\t\t\t\t\t<div class=\"elementor-field-type-textarea elementor-field-group elementor-column elementor-field-group-message elementor-col-100 elementor-field-required elementor-mark-required\">\n\t\t\t\t\t\t\t\t\t\t\t\t<label for=\"form-field-message\" class=\"elementor-field-label\">\n\t\t\t\t\t\t\t\t\u00dczenet\t\t\t\t\t\t\t<\/label>\n\t\t\t\t\t\t<textarea class=\"elementor-field-textual elementor-field  elementor-size-sm\" name=\"form_fields[message]\" id=\"form-field-message\" rows=\"4\" placeholder=\"\u00dczenet\" required=\"required\"><\/textarea>\t\t\t\t<\/div>\n\t\t\t\t\t\t\t\t<div class=\"elementor-field-type-recaptcha_v3 elementor-field-group elementor-column elementor-field-group-field_ae761ac elementor-col-100 recaptcha_v3-bottomright\">\n\t\t\t\t\t<div class=\"elementor-field\" id=\"form-field-field_ae761ac\"><div class=\"elementor-g-recaptcha\" data-sitekey=\"6LdhlhorAAAAAPBwag6SlK9inlSeBDVUmykMyzvp\" data-type=\"v3\" data-action=\"Form\" data-badge=\"bottomright\" data-size=\"invisible\"><\/div><\/div>\t\t\t\t<\/div>\n\t\t\t\t\t\t\t\t<div class=\"elementor-field-group elementor-column elementor-field-type-submit elementor-col-100 e-form__buttons\">\n\t\t\t\t\t<button class=\"elementor-button elementor-size-sm\" type=\"submit\">\n\t\t\t\t\t\t<span class=\"elementor-button-content-wrapper\">\n\t\t\t\t\t\t\t\t\t\t\t\t\t\t\t\t\t\t\t\t\t\t<span class=\"elementor-button-text\">K\u00fcldje el a<\/span>\n\t\t\t\t\t\t\t\t\t\t\t\t\t<\/span>\n\t\t\t\t\t<\/button>\n\t\t\t\t<\/div>\n\t\t\t<\/div>\n\t\t<input type=\"hidden\" name=\"trp-form-language\" value=\"hu\"\/><\/form>\n\t\t\t\t\t\t<\/div>\n\t\t\t\t<\/div>\n\t\t\t\t<\/div>\n\t\t<div class=\"elementor-element elementor-element-01543b9 e-con-full e-flex e-con e-child\" data-id=\"01543b9\" data-element_type=\"container\">\n\t\t\t\t<div class=\"elementor-element elementor-element-5e8295b elementor-widget elementor-widget-heading\" data-id=\"5e8295b\" data-element_type=\"widget\" data-widget_type=\"heading.default\">\n\t\t\t\t<div class=\"elementor-widget-container\">\n\t\t\t\t\t<h4 class=\"elementor-heading-title elementor-size-default\">E-mail<\/h4>\t\t\t\t<\/div>\n\t\t\t\t<\/div>\n\t\t\t\t<div class=\"elementor-element elementor-element-70690a5 elementor-widget elementor-widget-text-editor\" data-id=\"70690a5\" data-element_type=\"widget\" data-widget_type=\"text-editor.default\">\n\t\t\t\t<div class=\"elementor-widget-container\">\n\t\t\t\t\t\t\t\t\t<p>sales@exactquartz.com<\/p>\t\t\t\t\t\t\t\t<\/div>\n\t\t\t\t<\/div>\n\t\t\t\t<div class=\"elementor-element elementor-element-1d83ee6 elementor-widget elementor-widget-heading\" data-id=\"1d83ee6\" data-element_type=\"widget\" data-widget_type=\"heading.default\">\n\t\t\t\t<div class=\"elementor-widget-container\">\n\t\t\t\t\t<h4 class=\"elementor-heading-title elementor-size-default\">Telefon<\/h4>\t\t\t\t<\/div>\n\t\t\t\t<\/div>\n\t\t\t\t<div class=\"elementor-element elementor-element-2c9c708 elementor-widget elementor-widget-text-editor\" data-id=\"2c9c708\" data-element_type=\"widget\" data-widget_type=\"text-editor.default\">\n\t\t\t\t<div class=\"elementor-widget-container\">\n\t\t\t\t\t\t\t\t\t<p>86-18925895231<\/p>\t\t\t\t\t\t\t\t<\/div>\n\t\t\t\t<\/div>\n\t\t\t\t<div class=\"elementor-element elementor-element-4762d4e elementor-widget elementor-widget-heading\" data-id=\"4762d4e\" data-element_type=\"widget\" data-widget_type=\"heading.default\">\n\t\t\t\t<div class=\"elementor-widget-container\">\n\t\t\t\t\t<h4 class=\"elementor-heading-title elementor-size-default\">C\u00edm:<\/h4>\t\t\t\t<\/div>\n\t\t\t\t<\/div>\n\t\t\t\t<div class=\"elementor-element elementor-element-97345bf elementor-widget elementor-widget-text-editor\" data-id=\"97345bf\" data-element_type=\"widget\" data-widget_type=\"text-editor.default\">\n\t\t\t\t<div class=\"elementor-widget-container\">\n\t\t\t\t\t\t\t\t\t<p>Room 403, No. 13, 1st Alley, Lizhiyuan, Zhouwuji, Wanjiang Subdistrict, Dongguan, Guangdong, China<\/p>\t\t\t\t\t\t\t\t<\/div>\n\t\t\t\t<\/div>\n\t\t\t\t<\/div>\n\t\t\t\t\t<\/div>\n\t\t\t\t<\/div>\n\t\t\t\t<\/div>","protected":false},"excerpt":{"rendered":"<p>Blog Contact Email sales@exactquartz.com Phone 86-18925895231 Address Room 403, No. 13, 1st Alley, Lizhiyuan, Zhouwuji, Wanjiang Subdistrict, Dongguan, Guangdong, China<\/p>","protected":false},"author":2,"featured_media":0,"parent":0,"menu_order":0,"comment_status":"closed","ping_status":"closed","template":"","meta":{"_seopress_robots_primary_cat":"","_seopress_titles_title":"Quartz Blog \u2013 Tech Tips, Applications & Material Trends","_seopress_titles_desc":"Explore expert blogs on quartz glass: IC-grade materials, UV optics, laser tech, energy trends & usage guides. Stay informed with fused quartz insights.","_seopress_robots_index":"","site-sidebar-layout":"no-sidebar","site-content-layout":"","ast-site-content-layout":"full-width-container","site-content-style":"default","site-sidebar-style":"default","ast-global-header-display":"","ast-banner-title-visibility":"","ast-main-header-display":"","ast-hfb-above-header-display":"","ast-hfb-below-header-display":"","ast-hfb-mobile-header-display":"","site-post-title":"disabled","ast-breadcrumbs-content":"","ast-featured-img":"disabled","footer-sml-layout":"","theme-transparent-header-meta":"","adv-header-id-meta":"","stick-header-meta":"","header-above-stick-meta":"","header-main-stick-meta":"","header-below-stick-meta":"","astra-migrate-meta-layouts":"default","ast-page-background-enabled":"default","ast-page-background-meta":{"desktop":{"background-color":"var(--ast-global-color-5)","background-image":"","background-repeat":"repeat","background-position":"center center","background-size":"auto","background-attachment":"scroll","background-type":"","background-media":"","overlay-type":"","overlay-color":"","overlay-opacity":"","overlay-gradient":""},"tablet":{"background-color":"","background-image":"","background-repeat":"repeat","background-position":"center center","background-size":"auto","background-attachment":"scroll","background-type":"","background-media":"","overlay-type":"","overlay-color":"","overlay-opacity":"","overlay-gradient":""},"mobile":{"background-color":"","background-image":"","background-repeat":"repeat","background-position":"center center","background-size":"auto","background-attachment":"scroll","background-type":"","background-media":"","overlay-type":"","overlay-color":"","overlay-opacity":"","overlay-gradient":""}},"ast-content-background-meta":{"desktop":{"background-color":"var(--ast-global-color-4)","background-image":"","background-repeat":"repeat","background-position":"center center","background-size":"auto","background-attachment":"scroll","background-type":"","background-media":"","overlay-type":"","overlay-color":"","overlay-opacity":"","overlay-gradient":""},"tablet":{"background-color":"var(--ast-global-color-4)","background-image":"","background-repeat":"repeat","background-position":"center center","background-size":"auto","background-attachment":"scroll","background-type":"","background-media":"","overlay-type":"","overlay-color":"","overlay-opacity":"","overlay-gradient":""},"mobile":{"background-color":"var(--ast-global-color-4)","background-image":"","background-repeat":"repeat","background-position":"center center","background-size":"auto","background-attachment":"scroll","background-type":"","background-media":"","overlay-type":"","overlay-color":"","overlay-opacity":"","overlay-gradient":""}},"footnotes":""},"class_list":["post-215","page","type-page","status-publish","hentry"],"_hostinger_reach_plugin_has_subscription_block":false,"_hostinger_reach_plugin_is_elementor":false,"_links":{"self":[{"href":"https:\/\/exactquartz.com\/hu\/wp-json\/wp\/v2\/pages\/215","targetHints":{"allow":["GET"]}}],"collection":[{"href":"https:\/\/exactquartz.com\/hu\/wp-json\/wp\/v2\/pages"}],"about":[{"href":"https:\/\/exactquartz.com\/hu\/wp-json\/wp\/v2\/types\/page"}],"author":[{"embeddable":true,"href":"https:\/\/exactquartz.com\/hu\/wp-json\/wp\/v2\/users\/2"}],"replies":[{"embeddable":true,"href":"https:\/\/exactquartz.com\/hu\/wp-json\/wp\/v2\/comments?post=215"}],"version-history":[{"count":32,"href":"https:\/\/exactquartz.com\/hu\/wp-json\/wp\/v2\/pages\/215\/revisions"}],"predecessor-version":[{"id":2003,"href":"https:\/\/exactquartz.com\/hu\/wp-json\/wp\/v2\/pages\/215\/revisions\/2003"}],"wp:attachment":[{"href":"https:\/\/exactquartz.com\/hu\/wp-json\/wp\/v2\/media?parent=215"}],"curies":[{"name":"wp","href":"https:\/\/api.w.org\/{rel}","templated":true}]}}