{"id":259,"date":"2025-03-26T17:19:44","date_gmt":"2025-03-26T09:19:44","guid":{"rendered":"https:\/\/exactquartz.com\/?page_id=259"},"modified":"2025-04-16T18:30:00","modified_gmt":"2025-04-16T10:30:00","slug":"polished-fused-silica-quartz-plates","status":"publish","type":"page","link":"https:\/\/exactquartz.com\/hu\/quartz-discs-and-plates\/polished-fused-silica-quartz-plates\/","title":{"rendered":"Csiszolt olvasztott szil\u00edcium-dioxid kvarc lemezek"},"content":{"rendered":"<div data-elementor-type=\"wp-page\" data-elementor-id=\"259\" class=\"elementor elementor-259\" data-elementor-post-type=\"page\">\n\t\t\t\t<div class=\"elementor-element elementor-element-abb877f e-flex e-con-boxed e-con e-parent\" data-id=\"abb877f\" data-element_type=\"container\">\n\t\t\t\t\t<div class=\"e-con-inner\">\n\t\t<div class=\"elementor-element elementor-element-82153af e-con-full e-flex e-con e-child\" data-id=\"82153af\" data-element_type=\"container\">\n\t\t\t\t<div class=\"elementor-element elementor-element-b617f08 elementor-skin-slideshow elementor-arrows-yes elementor-widget elementor-widget-media-carousel\" data-id=\"b617f08\" data-element_type=\"widget\" data-settings=\"{&quot;skin&quot;:&quot;slideshow&quot;,&quot;effect&quot;:&quot;fade&quot;,&quot;slideshow_slides_per_view&quot;:&quot;2&quot;,&quot;show_arrows&quot;:&quot;yes&quot;,&quot;speed&quot;:500,&quot;autoplay&quot;:&quot;yes&quot;,&quot;autoplay_speed&quot;:5000,&quot;loop&quot;:&quot;yes&quot;,&quot;pause_on_hover&quot;:&quot;yes&quot;,&quot;pause_on_interaction&quot;:&quot;yes&quot;,&quot;space_between&quot;:{&quot;unit&quot;:&quot;px&quot;,&quot;size&quot;:10,&quot;sizes&quot;:[]},&quot;space_between_tablet&quot;:{&quot;unit&quot;:&quot;px&quot;,&quot;size&quot;:10,&quot;sizes&quot;:[]},&quot;space_between_mobile&quot;:{&quot;unit&quot;:&quot;px&quot;,&quot;size&quot;:10,&quot;sizes&quot;:[]}}\" data-widget_type=\"media-carousel.default\">\n\t\t\t\t<div class=\"elementor-widget-container\">\n\t\t\t\t\t\t\t\t\t<div class=\"elementor-swiper\">\n\t\t\t\t\t<div class=\"elementor-main-swiper swiper\" role=\"region\" aria-roledescription=\"carousel\" aria-label=\"Di\u00e1kok\">\n\t\t\t\t<div class=\"swiper-wrapper\">\n\t\t\t\t\t\t\t\t\t\t\t<div class=\"swiper-slide\" role=\"group\" aria-roledescription=\"slide\">\n\t\t\t\t\t\t\t\t\t<div class=\"elementor-carousel-image\" role=\"img\" aria-label=\"Olvasztott szil\u00edcium-dioxid kvarc \u00fcveglapok lemez\" style=\"background-image: url(&#039;https:\/\/exactquartz.com\/wp-content\/uploads\/2025\/03\/Fused-Silica-Quartz-Glass-Sheets-Plate.webp&#039;)\">\n\n\t\t\t\n\t\t\t\t\t<\/div>\n\t\t\t\t\t\t\t\t<\/div>\n\t\t\t\t\t\t\t\t\t\t\t<div class=\"swiper-slide\" role=\"group\" aria-roledescription=\"slide\">\n\t\t\t\t\t\t\t\t\t<div class=\"elementor-carousel-image\" role=\"img\" aria-label=\"Olvasztott szil\u00edcium-dioxid kvarc \u00fcveglapok Plate 2\" style=\"background-image: url(&#039;https:\/\/exactquartz.com\/wp-content\/uploads\/2025\/03\/Fused-Silica-Quartz-Glass-Sheets-Plate-2.webp&#039;)\">\n\n\t\t\t\n\t\t\t\t\t<\/div>\n\t\t\t\t\t\t\t\t<\/div>\n\t\t\t\t\t\t\t\t\t<\/div>\n\t\t\t\t\t\t\t\t\t\t\t\t\t\t\t<div class=\"elementor-swiper-button elementor-swiper-button-prev\" role=\"button\" tabindex=\"0\" aria-label=\"El\u0151z\u0151\" data-no-translation-aria-label=\"\">\n\t\t\t\t\t\t\t<svg aria-hidden=\"true\" class=\"e-font-icon-svg e-eicon-chevron-left\" viewbox=\"0 0 1000 1000\" xmlns=\"http:\/\/www.w3.org\/2000\/svg\"><path d=\"M646 125C629 125 613 133 604 142L308 442C296 454 292 471 292 487 292 504 296 521 308 533L604 854C617 867 629 875 646 875 663 875 679 871 692 858 704 846 713 829 713 812 713 796 708 779 692 767L438 487 692 225C700 217 708 204 708 187 708 171 704 154 692 142 675 129 663 125 646 125Z\"><\/path><\/svg>\t\t\t\t\t\t<\/div>\n\t\t\t\t\t\t<div class=\"elementor-swiper-button elementor-swiper-button-next\" role=\"button\" tabindex=\"0\" aria-label=\"K\u00f6vetkez\u0151\" data-no-translation-aria-label=\"\">\n\t\t\t\t\t\t\t<svg aria-hidden=\"true\" class=\"e-font-icon-svg e-eicon-chevron-right\" viewbox=\"0 0 1000 1000\" xmlns=\"http:\/\/www.w3.org\/2000\/svg\"><path d=\"M696 533C708 521 713 504 713 487 713 471 708 454 696 446L400 146C388 133 375 125 354 125 338 125 325 129 313 142 300 154 292 171 292 187 292 204 296 221 308 233L563 492 304 771C292 783 288 800 288 817 288 833 296 850 308 863 321 871 338 875 354 875 371 875 388 867 400 854L696 533Z\"><\/path><\/svg>\t\t\t\t\t\t<\/div>\n\t\t\t\t\t\t\t\t\t\t\t\t\t\t\t\t\t<\/div>\n\t\t\t\t<\/div>\n\t\t\t\t\t\t\t\t<div class=\"elementor-swiper\">\n\t\t\t\t\t<div class=\"elementor-main-swiper swiper elementor-thumbnails-swiper swiper\" role=\"region region\" aria-roledescription=\"carousel carousel\" aria-label=\"Di\u00e1k Di\u00e1k\">\n\t\t\t\t<div class=\"swiper-wrapper\">\n\t\t\t\t\t\t\t\t\t\t\t<div class=\"swiper-slide\" role=\"group\" aria-roledescription=\"slide\">\n\t\t\t\t\t\t\t\t\t<div class=\"elementor-carousel-image\" role=\"img\" aria-label=\"Olvasztott szil\u00edcium-dioxid kvarc \u00fcveglapok lemez\" style=\"background-image: url(&#039;https:\/\/exactquartz.com\/wp-content\/uploads\/2025\/03\/Fused-Silica-Quartz-Glass-Sheets-Plate.webp&#039;)\">\n\n\t\t\t\n\t\t\t\t\t<\/div>\n\t\t\t\t\t\t\t\t<\/div>\n\t\t\t\t\t\t\t\t\t\t\t<div class=\"swiper-slide\" role=\"group\" aria-roledescription=\"slide\">\n\t\t\t\t\t\t\t\t\t<div class=\"elementor-carousel-image\" role=\"img\" aria-label=\"Olvasztott szil\u00edcium-dioxid kvarc \u00fcveglapok Plate 2\" style=\"background-image: url(&#039;https:\/\/exactquartz.com\/wp-content\/uploads\/2025\/03\/Fused-Silica-Quartz-Glass-Sheets-Plate-2.webp&#039;)\">\n\n\t\t\t\n\t\t\t\t\t<\/div>\n\t\t\t\t\t\t\t\t<\/div>\n\t\t\t\t\t\t\t\t\t<\/div>\n\t\t\t\t\t\t\t\t\t\t\t\t\t\t\t\t\t\t\t\t\t<\/div>\n\t\t\t\t<\/div>\n\t\t\t\t\t\t\t\t<\/div>\n\t\t\t\t<\/div>\n\t\t\t\t<\/div>\n\t\t<div class=\"elementor-element elementor-element-c514cbd e-con-full e-flex e-con e-child\" data-id=\"c514cbd\" data-element_type=\"container\">\n\t\t\t\t<div class=\"elementor-element elementor-element-70d5eba elementor-widget elementor-widget-heading\" data-id=\"70d5eba\" data-element_type=\"widget\" data-widget_type=\"heading.default\">\n\t\t\t\t<div class=\"elementor-widget-container\">\n\t\t\t\t\t<h2 class=\"elementor-heading-title elementor-size-default\">Csiszolt olvasztott szil\u00edcium-dioxid-kvarc lemezek - k\u00e9toldalas \u00fcveg<\/h2>\t\t\t\t<\/div>\n\t\t\t\t<\/div>\n\t\t\t\t<div class=\"elementor-element elementor-element-ac956f7 elementor-widget elementor-widget-text-editor\" data-id=\"ac956f7\" data-element_type=\"widget\" data-widget_type=\"text-editor.default\">\n\t\t\t\t<div class=\"elementor-widget-container\">\n\t\t\t\t\t\t\t\t\t<ul><li>Kiv\u00e1l\u00f3 min\u0151s\u00e9g\u0171 szil\u00edcium-dioxid olvasztott csiszolt kvarc \u00fcveglapok \/ korongok<\/li><li>Olvad\u00e1spont-h\u0151m\u00e9rs\u00e9klet: Celsius fok: 1700 Celsius fok<\/li><li>Jellemz\u0151: Nagy f\u00e9ny\u00e1tereszt\u00e9s<\/li><li>M\u00e9ret: .<\/li><li>Fel\u00fcletkezel\u00e9s: .<\/li><li>Alak: N\u00e9gyzet\/k\u00f6r alak\u00fa<\/li><li>Tisztas\u00e1g: 99.99% szil\u00edcium-dioxid<\/li><li>Sz\u00e1ll\u00edt\u00e1si csomag: standard export fa tokkal<\/li><li>Specifik\u00e1ci\u00f3: testre szabhat\u00f3<\/li><li>Eredet: Made in China<\/li><\/ul>\t\t\t\t\t\t\t\t<\/div>\n\t\t\t\t<\/div>\n\t\t\t\t<div class=\"elementor-element elementor-element-df8034f elementor-align-left elementor-widget elementor-widget-button\" data-id=\"df8034f\" data-element_type=\"widget\" data-widget_type=\"button.default\">\n\t\t\t\t<div class=\"elementor-widget-container\">\n\t\t\t\t\t\t\t\t\t<div class=\"elementor-button-wrapper\">\n\t\t\t\t\t<a class=\"elementor-button elementor-button-link elementor-size-sm\" href=\"#elementor-action%3Aaction%3Dpopup%3Aopen%26settings%3DeyJpZCI6IjEyNzUiLCJ0b2dnbGUiOmZhbHNlfQ%3D%3D\">\n\t\t\t\t\t\t<span class=\"elementor-button-content-wrapper\">\n\t\t\t\t\t\t\t\t\t<span class=\"elementor-button-text\">Gyors \u00e1raj\u00e1nlat<\/span>\n\t\t\t\t\t<\/span>\n\t\t\t\t\t<\/a>\n\t\t\t\t<\/div>\n\t\t\t\t\t\t\t\t<\/div>\n\t\t\t\t<\/div>\n\t\t\t\t<\/div>\n\t\t\t\t\t<\/div>\n\t\t\t\t<\/div>\n\t\t<div class=\"elementor-element elementor-element-a2ed80c e-flex e-con-boxed e-con e-parent\" data-id=\"a2ed80c\" data-element_type=\"container\">\n\t\t\t\t\t<div class=\"e-con-inner\">\n\t\t\t\t<div class=\"elementor-element elementor-element-1055203 elementor-widget elementor-widget-heading\" data-id=\"1055203\" data-element_type=\"widget\" data-widget_type=\"heading.default\">\n\t\t\t\t<div class=\"elementor-widget-container\">\n\t\t\t\t\t<h3 class=\"elementor-heading-title elementor-size-default\">R\u00e9szletek:<\/h3>\t\t\t\t<\/div>\n\t\t\t\t<\/div>\n\t\t\t\t<div class=\"elementor-element elementor-element-ceddc61 elementor-widget elementor-widget-text-editor\" data-id=\"ceddc61\" data-element_type=\"widget\" data-widget_type=\"text-editor.default\">\n\t\t\t\t<div class=\"elementor-widget-container\">\n\t\t\t\t\t\t\t\t\t<p>A k\u00e9toldalas pol\u00edrozott olvasztott szil\u00edcium-dioxid kvarc\u00fcveglemez lemez kiv\u00e1l\u00f3 optikai \u00e9s termikus tulajdons\u00e1gai miatt kiv\u00e1l\u00f3 min\u0151s\u00e9g\u0171 anyag, amelyet k\u00fcl\u00f6nb\u00f6z\u0151 alkalmaz\u00e1sokban haszn\u00e1lnak. Itt vannak a term\u00e9k r\u00e9szletei:<\/p><p>1. Anyag: Ez az anyag tiszta szil\u00edcium-dioxidb\u00f3l (SiO2) k\u00e9sz\u00fcl, \u00e9s ismert nagyfok\u00fa \u00e1tl\u00e1tsz\u00f3s\u00e1g\u00e1r\u00f3l, alacsony h\u0151t\u00e1gul\u00e1si egy\u00fctthat\u00f3j\u00e1r\u00f3l \u00e9s kiv\u00e1l\u00f3 h\u0151sokk\u00e1ll\u00f3s\u00e1g\u00e1r\u00f3l.<\/p><p>2. K\u00e9toldalas pol\u00edrozott: Az \u00fcveglapok mindk\u00e9t oldal\u00e1n csiszoltak, hogy sima \u00e9s s\u00edk fel\u00fcletet \u00e9rjenek el, ami biztos\u00edtja a nagy optikai tisztas\u00e1got \u00e9s a minim\u00e1lis f\u00e9nysz\u00f3r\u00e1st.<\/p><p>3. Vastags\u00e1g: Az \u00fcvegt\u00e1bl\u00e1k vastags\u00e1ga az alkalmaz\u00e1s egyedi k\u00f6vetelm\u00e9nyeit\u0151l f\u00fcgg\u0151en v\u00e1ltozhat. A szok\u00e1sos vastags\u00e1gi lehet\u0151s\u00e9gek 0,5 mm \u00e9s 10 mm k\u00f6z\u00f6tt mozognak.<\/p><p>4. M\u00e9retek: Az \u00fcvegt\u00e1bl\u00e1k k\u00fcl\u00f6nb\u00f6z\u0151 m\u00e9retekben kaphat\u00f3k, bele\u00e9rtve a szabv\u00e1nyos m\u00e9reteket vagy az \u00fcgyf\u00e9l specifik\u00e1ci\u00f3i alapj\u00e1n egyedi m\u00e9reteket.<\/p><p>5. Fel\u00fcletmin\u0151s\u00e9g: Az \u00fcvegt\u00e1bl\u00e1k fel\u00fclete kiv\u00e1l\u00f3 min\u0151s\u00e9g\u0171, karcol\u00e1sokt\u00f3l, g\u00f6dr\u00f6kt\u0151l \u00e9s egy\u00e9b olyan hib\u00e1kt\u00f3l mentes, amelyek befoly\u00e1solhatj\u00e1k az optikai teljes\u00edtm\u00e9nyt.<\/p><p>6. \u00c1tl\u00e1that\u00f3s\u00e1g: Az olvasztott szil\u00edcium-dioxid-kvarc\u00fcveg kiv\u00e1l\u00f3 optikai tulajdons\u00e1gokkal rendelkezik, lehet\u0151v\u00e9 t\u00e9ve a f\u00e9ny nagyfok\u00fa \u00e1tereszt\u00e9s\u00e9t a hull\u00e1mhosszok sz\u00e9les sk\u00e1l\u00e1j\u00e1n, bele\u00e9rtve az ultraibolya (UV), a l\u00e1that\u00f3 \u00e9s az infrav\u00f6r\u00f6s (IR) spektrumot.<\/p><p>7. H\u0151stabilit\u00e1s: Az olvasztott szil\u00edcium-dioxid-kvarc\u00fcveg alacsony h\u0151t\u00e1gul\u00e1si egy\u00fctthat\u00f3val rendelkezik, \u00edgy rendk\u00edv\u00fcl ellen\u00e1ll\u00f3 a termikus sokkokkal szemben, \u00e9s k\u00e9pes magas, ak\u00e1r 1000 \u00b0C-os vagy ann\u00e1l magasabb h\u0151m\u00e9rs\u00e9kletet is elviselni.<\/p><p>8. K\u00e9miai ellen\u00e1ll\u00e1s: Az \u00fcvegt\u00e1bl\u00e1k kiv\u00e1l\u00f3an ellen\u00e1llnak a legt\u00f6bb vegyszerrel, savval \u00e9s l\u00faggal szemben, \u00edgy alkalmasak a durva k\u00e9miai k\u00f6rnyezetben val\u00f3 haszn\u00e1latra.<\/p><p>9. Alkalmaz\u00e1sok: A k\u00e9toldalas pol\u00edrozott, olvasztott szil\u00edcium-dioxid kvarc\u00fcveglemez lemezek k\u00fcl\u00f6nb\u00f6z\u0151 ipar\u00e1gakban tal\u00e1lnak alkalmaz\u00e1st, bele\u00e9rtve az optik\u00e1t, a f\u00e9lvezet\u0151gy\u00e1rt\u00e1st, a fotovoltaik\u00e1t, a l\u00e9zertechnol\u00f3gi\u00e1t, a t\u00e1vk\u00f6zl\u00e9st \u00e9s a kutat\u00f3laborat\u00f3riumokat. \u00c1ltal\u00e1ban ablakokhoz, lencs\u00e9khez, t\u00fckr\u00f6kh\u00f6z, prizm\u00e1khoz, szubsztr\u00e1tumokhoz \u00e9s m\u00e1s optikai alkatr\u00e9szekhez haszn\u00e1lj\u00e1k.<\/p><p>10. Csomagol\u00e1s: Az \u00fcveglapokat gondosan csomagoljuk a biztons\u00e1gos sz\u00e1ll\u00edt\u00e1s \u00e9s sz\u00e1ll\u00edt\u00e1s \u00e9rdek\u00e9ben, megv\u00e9dve \u0151ket a sz\u00e1ll\u00edt\u00e1s k\u00f6zbeni esetleges s\u00e9r\u00fcl\u00e9sekt\u0151l.<\/p>\t\t\t\t\t\t\t\t<\/div>\n\t\t\t\t<\/div>\n\t\t\t\t\t<\/div>\n\t\t\t\t<\/div>\n\t\t\t\t<\/div>","protected":false},"excerpt":{"rendered":"<p>Polished Fused Silica Quartz Plates \u2013 Double Sided Glass High Quality Silica Fused Polished Quartz Glass Plates\/Discs Melting Point Temperature: [&hellip;]<\/p>","protected":false},"author":7,"featured_media":260,"parent":841,"menu_order":0,"comment_status":"closed","ping_status":"closed","template":"","meta":{"_seopress_robots_primary_cat":"","_seopress_titles_title":"Polished Fused Silica Quartz Plates \u2013 Double Sided Glass","_seopress_titles_desc":"High-purity fused silica sheets, double side polished. UV\u2013IR transmission, 99.99% SiO\u2082, 0.5\u201310mm thick. For optics, lasers, semiconductors & substrates.","_seopress_robots_index":"","site-sidebar-layout":"no-sidebar","site-content-layout":"","ast-site-content-layout":"full-width-container","site-content-style":"default","site-sidebar-style":"default","ast-global-header-display":"","ast-banner-title-visibility":"","ast-main-header-display":"","ast-hfb-above-header-display":"","ast-hfb-below-header-display":"","ast-hfb-mobile-header-display":"","site-post-title":"disabled","ast-breadcrumbs-content":"","ast-featured-img":"disabled","footer-sml-layout":"","theme-transparent-header-meta":"","adv-header-id-meta":"","stick-header-meta":"","header-above-stick-meta":"","header-main-stick-meta":"","header-below-stick-meta":"","astra-migrate-meta-layouts":"default","ast-page-background-enabled":"default","ast-page-background-meta":{"desktop":{"background-color":"var(--ast-global-color-5)","background-image":"","background-repeat":"repeat","background-position":"center center","background-size":"auto","background-attachment":"scroll","background-type":"","background-media":"","overlay-type":"","overlay-color":"","overlay-opacity":"","overlay-gradient":""},"tablet":{"background-color":"","background-image":"","background-repeat":"repeat","background-position":"center center","background-size":"auto","background-attachment":"scroll","background-type":"","background-media":"","overlay-type":"","overlay-color":"","overlay-opacity":"","overlay-gradient":""},"mobile":{"background-color":"","background-image":"","background-repeat":"repeat","background-position":"center center","background-size":"auto","background-attachment":"scroll","background-type":"","background-media":"","overlay-type":"","overlay-color":"","overlay-opacity":"","overlay-gradient":""}},"ast-content-background-meta":{"desktop":{"background-color":"var(--ast-global-color-4)","background-image":"","background-repeat":"repeat","background-position":"center center","background-size":"auto","background-attachment":"scroll","background-type":"","background-media":"","overlay-type":"","overlay-color":"","overlay-opacity":"","overlay-gradient":""},"tablet":{"background-color":"var(--ast-global-color-4)","background-image":"","background-repeat":"repeat","background-position":"center center","background-size":"auto","background-attachment":"scroll","background-type":"","background-media":"","overlay-type":"","overlay-color":"","overlay-opacity":"","overlay-gradient":""},"mobile":{"background-color":"var(--ast-global-color-4)","background-image":"","background-repeat":"repeat","background-position":"center center","background-size":"auto","background-attachment":"scroll","background-type":"","background-media":"","overlay-type":"","overlay-color":"","overlay-opacity":"","overlay-gradient":""}},"footnotes":""},"class_list":["post-259","page","type-page","status-publish","has-post-thumbnail","hentry"],"_hostinger_reach_plugin_has_subscription_block":false,"_hostinger_reach_plugin_is_elementor":false,"_links":{"self":[{"href":"https:\/\/exactquartz.com\/hu\/wp-json\/wp\/v2\/pages\/259","targetHints":{"allow":["GET"]}}],"collection":[{"href":"https:\/\/exactquartz.com\/hu\/wp-json\/wp\/v2\/pages"}],"about":[{"href":"https:\/\/exactquartz.com\/hu\/wp-json\/wp\/v2\/types\/page"}],"author":[{"embeddable":true,"href":"https:\/\/exactquartz.com\/hu\/wp-json\/wp\/v2\/users\/7"}],"replies":[{"embeddable":true,"href":"https:\/\/exactquartz.com\/hu\/wp-json\/wp\/v2\/comments?post=259"}],"version-history":[{"count":11,"href":"https:\/\/exactquartz.com\/hu\/wp-json\/wp\/v2\/pages\/259\/revisions"}],"predecessor-version":[{"id":1443,"href":"https:\/\/exactquartz.com\/hu\/wp-json\/wp\/v2\/pages\/259\/revisions\/1443"}],"up":[{"embeddable":true,"href":"https:\/\/exactquartz.com\/hu\/wp-json\/wp\/v2\/pages\/841"}],"wp:featuredmedia":[{"embeddable":true,"href":"https:\/\/exactquartz.com\/hu\/wp-json\/wp\/v2\/media\/260"}],"wp:attachment":[{"href":"https:\/\/exactquartz.com\/hu\/wp-json\/wp\/v2\/media?parent=259"}],"curies":[{"name":"wp","href":"https:\/\/api.w.org\/{rel}","templated":true}]}}