{"id":266,"date":"2025-03-26T17:28:19","date_gmt":"2025-03-26T09:28:19","guid":{"rendered":"https:\/\/exactquartz.com\/?page_id=266"},"modified":"2025-04-16T18:29:58","modified_gmt":"2025-04-16T10:29:58","slug":"optical-quartz-discs","status":"publish","type":"page","link":"https:\/\/exactquartz.com\/hu\/quartz-discs-and-plates\/optical-quartz-discs\/","title":{"rendered":"Optikai kvarckorongok - nagy tisztas\u00e1g\u00fa k\u00f6r alak\u00fa lemezek"},"content":{"rendered":"<div data-elementor-type=\"wp-page\" data-elementor-id=\"266\" class=\"elementor elementor-266\" data-elementor-post-type=\"page\">\n\t\t\t\t<div class=\"elementor-element elementor-element-d2bc4f1 e-flex e-con-boxed e-con e-parent\" data-id=\"d2bc4f1\" data-element_type=\"container\">\n\t\t\t\t\t<div class=\"e-con-inner\">\n\t\t<div class=\"elementor-element elementor-element-6d0fc6f e-con-full e-flex e-con e-child\" data-id=\"6d0fc6f\" data-element_type=\"container\">\n\t\t\t\t<div class=\"elementor-element elementor-element-fb179f0 elementor-skin-slideshow elementor-arrows-yes elementor-widget elementor-widget-media-carousel\" data-id=\"fb179f0\" data-element_type=\"widget\" data-settings=\"{&quot;skin&quot;:&quot;slideshow&quot;,&quot;effect&quot;:&quot;fade&quot;,&quot;slideshow_slides_per_view&quot;:&quot;3&quot;,&quot;show_arrows&quot;:&quot;yes&quot;,&quot;speed&quot;:500,&quot;autoplay&quot;:&quot;yes&quot;,&quot;autoplay_speed&quot;:5000,&quot;loop&quot;:&quot;yes&quot;,&quot;pause_on_hover&quot;:&quot;yes&quot;,&quot;pause_on_interaction&quot;:&quot;yes&quot;,&quot;space_between&quot;:{&quot;unit&quot;:&quot;px&quot;,&quot;size&quot;:10,&quot;sizes&quot;:[]},&quot;space_between_tablet&quot;:{&quot;unit&quot;:&quot;px&quot;,&quot;size&quot;:10,&quot;sizes&quot;:[]},&quot;space_between_mobile&quot;:{&quot;unit&quot;:&quot;px&quot;,&quot;size&quot;:10,&quot;sizes&quot;:[]}}\" data-widget_type=\"media-carousel.default\">\n\t\t\t\t<div class=\"elementor-widget-container\">\n\t\t\t\t\t\t\t\t\t<div class=\"elementor-swiper\">\n\t\t\t\t\t<div class=\"elementor-main-swiper swiper\" role=\"region\" aria-roledescription=\"carousel\" aria-label=\"Di\u00e1kok\">\n\t\t\t\t<div class=\"swiper-wrapper\">\n\t\t\t\t\t\t\t\t\t\t\t<div class=\"swiper-slide\" role=\"group\" aria-roledescription=\"slide\">\n\t\t\t\t\t\t\t\t\t<div class=\"elementor-carousel-image\" role=\"img\" aria-label=\"Nagy \u00e1tl\u00e1tsz\u00f3s\u00e1g\u00fa optikai kvarclemezek\" style=\"background-image: url(&#039;https:\/\/exactquartz.com\/wp-content\/uploads\/2025\/03\/High-transparency-optical-quartz-discs.webp&#039;)\">\n\n\t\t\t\n\t\t\t\t\t<\/div>\n\t\t\t\t\t\t\t\t<\/div>\n\t\t\t\t\t\t\t\t\t\t\t<div class=\"swiper-slide\" role=\"group\" aria-roledescription=\"slide\">\n\t\t\t\t\t\t\t\t\t<div class=\"elementor-carousel-image\" role=\"img\" aria-label=\"Nagy \u00e1tl\u00e1tsz\u00f3s\u00e1g\u00fa optikai kvarclemezek 3\" style=\"background-image: url(&#039;https:\/\/exactquartz.com\/wp-content\/uploads\/2025\/03\/High-transparency-optical-quartz-discs-3.webp&#039;)\">\n\n\t\t\t\n\t\t\t\t\t<\/div>\n\t\t\t\t\t\t\t\t<\/div>\n\t\t\t\t\t\t\t\t\t\t\t<div class=\"swiper-slide\" role=\"group\" aria-roledescription=\"slide\">\n\t\t\t\t\t\t\t\t\t<div class=\"elementor-carousel-image\" role=\"img\" aria-label=\"Nagy \u00e1tl\u00e1tsz\u00f3s\u00e1g\u00fa optikai kvarclemezek 2\" style=\"background-image: url(&#039;https:\/\/exactquartz.com\/wp-content\/uploads\/2025\/03\/High-transparency-optical-quartz-discs-2.webp&#039;)\">\n\n\t\t\t\n\t\t\t\t\t<\/div>\n\t\t\t\t\t\t\t\t<\/div>\n\t\t\t\t\t\t\t\t\t<\/div>\n\t\t\t\t\t\t\t\t\t\t\t\t\t\t\t<div class=\"elementor-swiper-button elementor-swiper-button-prev\" role=\"button\" tabindex=\"0\" aria-label=\"Edellinen\" data-no-translation-aria-label=\"\">\n\t\t\t\t\t\t\t<svg aria-hidden=\"true\" class=\"e-font-icon-svg e-eicon-chevron-left\" viewbox=\"0 0 1000 1000\" xmlns=\"http:\/\/www.w3.org\/2000\/svg\"><path d=\"M646 125C629 125 613 133 604 142L308 442C296 454 292 471 292 487 292 504 296 521 308 533L604 854C617 867 629 875 646 875 663 875 679 871 692 858 704 846 713 829 713 812 713 796 708 779 692 767L438 487 692 225C700 217 708 204 708 187 708 171 704 154 692 142 675 129 663 125 646 125Z\"><\/path><\/svg>\t\t\t\t\t\t<\/div>\n\t\t\t\t\t\t<div class=\"elementor-swiper-button elementor-swiper-button-next\" role=\"button\" tabindex=\"0\" aria-label=\"Seuraava\" data-no-translation-aria-label=\"\">\n\t\t\t\t\t\t\t<svg aria-hidden=\"true\" class=\"e-font-icon-svg e-eicon-chevron-right\" viewbox=\"0 0 1000 1000\" xmlns=\"http:\/\/www.w3.org\/2000\/svg\"><path d=\"M696 533C708 521 713 504 713 487 713 471 708 454 696 446L400 146C388 133 375 125 354 125 338 125 325 129 313 142 300 154 292 171 292 187 292 204 296 221 308 233L563 492 304 771C292 783 288 800 288 817 288 833 296 850 308 863 321 871 338 875 354 875 371 875 388 867 400 854L696 533Z\"><\/path><\/svg>\t\t\t\t\t\t<\/div>\n\t\t\t\t\t\t\t\t\t\t\t\t\t\t\t\t\t<\/div>\n\t\t\t\t<\/div>\n\t\t\t\t\t\t\t\t<div class=\"elementor-swiper\">\n\t\t\t\t\t<div class=\"elementor-main-swiper swiper elementor-thumbnails-swiper swiper\" role=\"region region\" aria-roledescription=\"carousel carousel\" aria-label=\"Di\u00e1k Di\u00e1k\">\n\t\t\t\t<div class=\"swiper-wrapper\">\n\t\t\t\t\t\t\t\t\t\t\t<div class=\"swiper-slide\" role=\"group\" aria-roledescription=\"slide\">\n\t\t\t\t\t\t\t\t\t<div class=\"elementor-carousel-image\" role=\"img\" aria-label=\"Nagy \u00e1tl\u00e1tsz\u00f3s\u00e1g\u00fa optikai kvarclemezek\" style=\"background-image: url(&#039;https:\/\/exactquartz.com\/wp-content\/uploads\/2025\/03\/High-transparency-optical-quartz-discs.webp&#039;)\">\n\n\t\t\t\n\t\t\t\t\t<\/div>\n\t\t\t\t\t\t\t\t<\/div>\n\t\t\t\t\t\t\t\t\t\t\t<div class=\"swiper-slide\" role=\"group\" aria-roledescription=\"slide\">\n\t\t\t\t\t\t\t\t\t<div class=\"elementor-carousel-image\" role=\"img\" aria-label=\"Nagy \u00e1tl\u00e1tsz\u00f3s\u00e1g\u00fa optikai kvarclemezek 3\" style=\"background-image: url(&#039;https:\/\/exactquartz.com\/wp-content\/uploads\/2025\/03\/High-transparency-optical-quartz-discs-3.webp&#039;)\">\n\n\t\t\t\n\t\t\t\t\t<\/div>\n\t\t\t\t\t\t\t\t<\/div>\n\t\t\t\t\t\t\t\t\t\t\t<div class=\"swiper-slide\" role=\"group\" aria-roledescription=\"slide\">\n\t\t\t\t\t\t\t\t\t<div class=\"elementor-carousel-image\" role=\"img\" aria-label=\"Nagy \u00e1tl\u00e1tsz\u00f3s\u00e1g\u00fa optikai kvarclemezek 2\" style=\"background-image: url(&#039;https:\/\/exactquartz.com\/wp-content\/uploads\/2025\/03\/High-transparency-optical-quartz-discs-2.webp&#039;)\">\n\n\t\t\t\n\t\t\t\t\t<\/div>\n\t\t\t\t\t\t\t\t<\/div>\n\t\t\t\t\t\t\t\t\t<\/div>\n\t\t\t\t\t\t\t\t\t\t\t\t\t\t\t\t\t\t\t\t\t<\/div>\n\t\t\t\t<\/div>\n\t\t\t\t\t\t\t\t<\/div>\n\t\t\t\t<\/div>\n\t\t\t\t<\/div>\n\t\t<div class=\"elementor-element elementor-element-2a56432 e-con-full e-flex e-con e-child\" data-id=\"2a56432\" data-element_type=\"container\">\n\t\t\t\t<div class=\"elementor-element elementor-element-70d5eba elementor-widget elementor-widget-heading\" data-id=\"70d5eba\" data-element_type=\"widget\" data-widget_type=\"heading.default\">\n\t\t\t\t<div class=\"elementor-widget-container\">\n\t\t\t\t\t<h2 class=\"elementor-heading-title elementor-size-default\">Optikai kvarckorongok - nagy tisztas\u00e1g\u00fa k\u00f6r alak\u00fa lemezek<\/h2>\t\t\t\t<\/div>\n\t\t\t\t<\/div>\n\t\t\t\t<div class=\"elementor-element elementor-element-ac956f7 elementor-widget elementor-widget-text-editor\" data-id=\"ac956f7\" data-element_type=\"widget\" data-widget_type=\"text-editor.default\">\n\t\t\t\t<div class=\"elementor-widget-container\">\n\t\t\t\t\t\t\t\t\t<p>K\u00f6r alak\u00fa kvarclapok, nagy \u00e1tl\u00e1tsz\u00f3s\u00e1g\u00fa optikai kvarckorongok \u00e9s kvarc pol\u00edroz\u00f3 lapok<\/p>\t\t\t\t\t\t\t\t<\/div>\n\t\t\t\t<\/div>\n\t\t\t\t<div class=\"elementor-element elementor-element-c6d5d94 elementor-widget elementor-widget-text-editor\" data-id=\"c6d5d94\" data-element_type=\"widget\" data-widget_type=\"text-editor.default\">\n\t\t\t\t<div class=\"elementor-widget-container\">\n\t\t\t\t\t\t\t\t\t<p>K\u00f6r alak\u00fa kvarclemezeket, nagy \u00e1tl\u00e1tsz\u00f3s\u00e1g\u00fa optikai kvarckorongokat \u00e9s kvarc pol\u00edroz\u00f3 lemezeket k\u00edn\u00e1lunk. Ezek a term\u00e9kek kiv\u00e1l\u00f3 optikai tulajdons\u00e1gaikr\u00f3l ismertek, \u00e9s sz\u00e9les k\u00f6rben haszn\u00e1lj\u00e1k \u0151ket k\u00fcl\u00f6nb\u00f6z\u0151 ipar\u00e1gakban, p\u00e9ld\u00e1ul az optik\u00e1ban, az elektronik\u00e1ban \u00e9s a kutat\u00f3laborat\u00f3riumokban.<\/p>\t\t\t\t\t\t\t\t<\/div>\n\t\t\t\t<\/div>\n\t\t\t\t<div class=\"elementor-element elementor-element-5ab7f5e elementor-align-left elementor-widget elementor-widget-button\" data-id=\"5ab7f5e\" data-element_type=\"widget\" data-widget_type=\"button.default\">\n\t\t\t\t<div class=\"elementor-widget-container\">\n\t\t\t\t\t\t\t\t\t<div class=\"elementor-button-wrapper\">\n\t\t\t\t\t<a class=\"elementor-button elementor-button-link elementor-size-sm\" href=\"#elementor-action%3Aaction%3Dpopup%3Aopen%26settings%3DeyJpZCI6IjEyNzUiLCJ0b2dnbGUiOmZhbHNlfQ%3D%3D\">\n\t\t\t\t\t\t<span class=\"elementor-button-content-wrapper\">\n\t\t\t\t\t\t\t\t\t<span class=\"elementor-button-text\">Gyors \u00e1raj\u00e1nlat<\/span>\n\t\t\t\t\t<\/span>\n\t\t\t\t\t<\/a>\n\t\t\t\t<\/div>\n\t\t\t\t\t\t\t\t<\/div>\n\t\t\t\t<\/div>\n\t\t\t\t<\/div>\n\t\t\t\t\t<\/div>\n\t\t\t\t<\/div>\n\t\t<div class=\"elementor-element elementor-element-a2ed80c e-flex e-con-boxed e-con e-parent\" data-id=\"a2ed80c\" data-element_type=\"container\">\n\t\t\t\t\t<div class=\"e-con-inner\">\n\t\t\t\t<div class=\"elementor-element elementor-element-ceddc61 elementor-widget elementor-widget-text-editor\" data-id=\"ceddc61\" data-element_type=\"widget\" data-widget_type=\"text-editor.default\">\n\t\t\t\t<div class=\"elementor-widget-container\">\n\t\t\t\t\t\t\t\t\t<p>A kiv\u00e1l\u00f3 min\u0151s\u00e9g\u0171 kvarc\u00fcveg lemezek\/lemezek olyan \u00fcveg\u00e1ruk, amelyeket sz\u00e9les k\u00f6rben haszn\u00e1lnak k\u00fcl\u00f6nb\u00f6z\u0151 ipar\u00e1gakban, t\u00f6bbek k\u00f6z\u00f6tt a f\u00e9lvezet\u0151iparban, az optikai iparban \u00e9s a laborat\u00f3riumban. Nagy tisztas\u00e1g\u00fa olvasztott kvarc\u00fcvegb\u0151l k\u00e9sz\u00fclnek, ami rendk\u00edv\u00fcl ellen\u00e1ll\u00f3v\u00e1 teszi \u0151ket a termikus sokkokkal \u00e9s a k\u00e9miai korr\u00f3zi\u00f3val szemben. Ezeket a lemezeket \u00e9s korongokat kiv\u00e1l\u00f3 optikai tulajdons\u00e1gok, magas \u00e1tviteli sebess\u00e9g \u00e9s alacsony h\u0151t\u00e1gul\u00e1si egy\u00fctthat\u00f3 jellemzi. Testre szabhat\u00f3k, hogy megfeleljenek az egyedi k\u00f6vetelm\u00e9nyeknek, p\u00e9ld\u00e1ul a m\u00e9ret, a vastags\u00e1g \u00e9s a fel\u00fcletkezel\u00e9s tekintet\u00e9ben. Egyedi tulajdons\u00e1gaiknak k\u00f6sz\u00f6nhet\u0151en a kiv\u00e1l\u00f3 min\u0151s\u00e9g\u0171 kvarc\u00fcveg lemezek\/korongok ide\u00e1lisak a nagy pontoss\u00e1got ig\u00e9nyl\u0151 alkalmaz\u00e1sokban, mint p\u00e9ld\u00e1ul az ostyafeldolgoz\u00e1s, az optikai ablakok \u00e9s a k\u00e9miai elemz\u00e9s.<\/p>\t\t\t\t\t\t\t\t<\/div>\n\t\t\t\t<\/div>\n\t\t\t\t<div class=\"elementor-element elementor-element-b7e9c99 elementor-widget elementor-widget-heading\" data-id=\"b7e9c99\" data-element_type=\"widget\" data-widget_type=\"heading.default\">\n\t\t\t\t<div class=\"elementor-widget-container\">\n\t\t\t\t\t<h3 class=\"elementor-heading-title elementor-size-default\">Bevezet\u00e9s:<\/h3>\t\t\t\t<\/div>\n\t\t\t\t<\/div>\n\t\t\t\t<div class=\"elementor-element elementor-element-281af31 elementor-widget elementor-widget-text-editor\" data-id=\"281af31\" data-element_type=\"widget\" data-widget_type=\"text-editor.default\">\n\t\t\t\t<div class=\"elementor-widget-container\">\n\t\t\t\t\t\t\t\t\t<p>A k\u00f6r alak\u00fa kvarclapok sz\u00e1mos ipar\u00e1gban l\u00e9tfontoss\u00e1g\u00fa alkatr\u00e9szk\u00e9nt jelentek meg, forradalmas\u00edtva az optikai pontoss\u00e1got \u00e9s teljes\u00edtm\u00e9nyt. Kiv\u00e9teles \u00e1tl\u00e1tsz\u00f3s\u00e1guknak \u00e9s egyedi tulajdons\u00e1gaiknak k\u00f6sz\u00f6nhet\u0151en ezek a lemezek n\u00e9lk\u00fcl\u00f6zhetetlenn\u00e9 v\u00e1ltak az optik\u00e1t\u00f3l az elektronik\u00e1n \u00e1t a kutat\u00f3laborat\u00f3riumokig terjed\u0151 alkalmaz\u00e1sokban. Ebben a cikkben a k\u00f6r alak\u00fa kvarclapok fejl\u0151d\u00e9s\u00e9t \u00e9s a k\u00fcl\u00f6nb\u00f6z\u0151 ipar\u00e1gakban val\u00f3 jelent\u0151s hozz\u00e1j\u00e1rul\u00e1sukat fogjuk megvizsg\u00e1lni.<\/p>\t\t\t\t\t\t\t\t<\/div>\n\t\t\t\t<\/div>\n\t\t\t\t<div class=\"elementor-element elementor-element-fe0cb41 elementor-widget elementor-widget-heading\" data-id=\"fe0cb41\" data-element_type=\"widget\" data-widget_type=\"heading.default\">\n\t\t\t\t<div class=\"elementor-widget-container\">\n\t\t\t\t\t<h3 class=\"elementor-heading-title elementor-size-default\">P\u00e1ratlan optikai \u00e1tl\u00e1that\u00f3s\u00e1g:<\/h3>\t\t\t\t<\/div>\n\t\t\t\t<\/div>\n\t\t\t\t<div class=\"elementor-element elementor-element-733f615 elementor-widget elementor-widget-text-editor\" data-id=\"733f615\" data-element_type=\"widget\" data-widget_type=\"text-editor.default\">\n\t\t\t\t<div class=\"elementor-widget-container\">\n\t\t\t\t\t\t\t\t\t<p>A k\u00f6r alak\u00fa kvarclapok kiv\u00e1l\u00f3 optikai \u00e1tl\u00e1tsz\u00f3s\u00e1gukr\u00f3l h\u00edresek. A kvarc, a szil\u00edcium-dioxid krist\u00e1lyos form\u00e1ja, figyelemre m\u00e9lt\u00f3 tisztas\u00e1got mutat a hull\u00e1mhosszok sz\u00e9les sk\u00e1l\u00e1j\u00e1n, bele\u00e9rtve az ultraibolya, a l\u00e1that\u00f3 \u00e9s az infrav\u00f6r\u00f6s tartom\u00e1nyt. Ez a kiv\u00e9teles \u00e1tl\u00e1tsz\u00f3s\u00e1g pontos f\u00e9ny\u00e1tereszt\u00e9st tesz lehet\u0151v\u00e9, \u00edgy a kvarclapok ide\u00e1lis v\u00e1laszt\u00e1snak bizonyulnak optikai m\u0171szerekhez, l\u00e9zerekhez, spektroszk\u00f3pi\u00e1hoz \u00e9s m\u00e1s, kiv\u00e9teles optikai teljes\u00edtm\u00e9nyt ig\u00e9nyl\u0151 alkalmaz\u00e1sokhoz.<\/p>\t\t\t\t\t\t\t\t<\/div>\n\t\t\t\t<\/div>\n\t\t\t\t<div class=\"elementor-element elementor-element-39cf9eb elementor-widget elementor-widget-heading\" data-id=\"39cf9eb\" data-element_type=\"widget\" data-widget_type=\"heading.default\">\n\t\t\t\t<div class=\"elementor-widget-container\">\n\t\t\t\t\t<h3 class=\"elementor-heading-title elementor-size-default\">Fokozott tart\u00f3ss\u00e1g \u00e9s h\u0151stabilit\u00e1s:<\/h3>\t\t\t\t<\/div>\n\t\t\t\t<\/div>\n\t\t\t\t<div class=\"elementor-element elementor-element-cc3d847 elementor-widget elementor-widget-text-editor\" data-id=\"cc3d847\" data-element_type=\"widget\" data-widget_type=\"text-editor.default\">\n\t\t\t\t<div class=\"elementor-widget-container\">\n\t\t\t\t\t\t\t\t\t<p>A k\u00f6r alak\u00fa kvarclapok egyik legfontosabb el\u0151nye a kiv\u00e9teles tart\u00f3ss\u00e1g \u00e9s h\u0151stabilit\u00e1s. A kvarc magas olvad\u00e1sponttal rendelkezik, \u00edgy k\u00e9pes ellen\u00e1llni a sz\u00e9ls\u0151s\u00e9ges h\u0151m\u00e9rs\u00e9kleteknek an\u00e9lk\u00fcl, hogy szerkezeti integrit\u00e1sa s\u00e9r\u00fclne. Ez a tulajdons\u00e1g k\u00fcl\u00f6n\u00f6sen \u00e9rt\u00e9kes a magas h\u0151m\u00e9rs\u00e9klet\u0171 k\u00f6rnyezetben, p\u00e9ld\u00e1ul a f\u00e9lvezet\u0151gy\u00e1rt\u00e1sban \u00e9s az ipari folyamatokban, ahol a kvarclapok m\u00e9g zord k\u00f6r\u00fclm\u00e9nyek k\u00f6z\u00f6tt is k\u00e9pesek meg\u0151rizni optikai tulajdons\u00e1gaikat \u00e9s szerkezeti stabilit\u00e1sukat.<\/p>\t\t\t\t\t\t\t\t<\/div>\n\t\t\t\t<\/div>\n\t\t\t\t<div class=\"elementor-element elementor-element-e7a94c2 elementor-widget elementor-widget-heading\" data-id=\"e7a94c2\" data-element_type=\"widget\" data-widget_type=\"heading.default\">\n\t\t\t\t<div class=\"elementor-widget-container\">\n\t\t\t\t\t<h3 class=\"elementor-heading-title elementor-size-default\">Prec\u00edzi\u00f3s gy\u00e1rt\u00e1s \u00e9s pol\u00edroz\u00e1s:<\/h3>\t\t\t\t<\/div>\n\t\t\t\t<\/div>\n\t\t\t\t<div class=\"elementor-element elementor-element-529c317 elementor-widget elementor-widget-text-editor\" data-id=\"529c317\" data-element_type=\"widget\" data-widget_type=\"text-editor.default\">\n\t\t\t\t<div class=\"elementor-widget-container\">\n\t\t\t\t\t\t\t\t\t<p>A k\u00f6r alak\u00fa kvarclapok apr\u00f3l\u00e9kos gy\u00e1rt\u00e1si folyamaton mennek kereszt\u00fcl, hogy biztos\u00edts\u00e1k a pontos m\u00e9reteket \u00e9s a fel\u00fclet min\u0151s\u00e9g\u00e9t. A k\u00edv\u00e1nt vastags\u00e1g, s\u00edkoss\u00e1g \u00e9s fel\u00fcleti fel\u00fclet el\u00e9r\u00e9s\u00e9hez olyan fejlett gy\u00e1rt\u00e1si technik\u00e1kat alkalmaznak, mint a gy\u00e9m\u00e1ntv\u00e1g\u00e1s \u00e9s pol\u00edroz\u00e1s. Ez a pontoss\u00e1gi szint lehet\u0151v\u00e9 teszi a kvarclapok z\u00f6kken\u0151mentes integr\u00e1l\u00e1s\u00e1t az optikai rendszerekbe, optim\u00e1lis teljes\u00edtm\u00e9nyt \u00e9s minim\u00e1lis f\u00e9nysz\u00f3r\u00e1st vagy f\u00e9nyvisszaver\u0151d\u00e9st biztos\u00edtva.<\/p>\t\t\t\t\t\t\t\t<\/div>\n\t\t\t\t<\/div>\n\t\t\t\t<div class=\"elementor-element elementor-element-a438a24 elementor-widget elementor-widget-heading\" data-id=\"a438a24\" data-element_type=\"widget\" data-widget_type=\"heading.default\">\n\t\t\t\t<div class=\"elementor-widget-container\">\n\t\t\t\t\t<h3 class=\"elementor-heading-title elementor-size-default\">Alkalmaz\u00e1sok k\u00fcl\u00f6nb\u00f6z\u0151 ipar\u00e1gakban:<\/h3>\t\t\t\t<\/div>\n\t\t\t\t<\/div>\n\t\t\t\t<div class=\"elementor-element elementor-element-2c83de3 elementor-widget elementor-widget-text-editor\" data-id=\"2c83de3\" data-element_type=\"widget\" data-widget_type=\"text-editor.default\">\n\t\t\t\t<div class=\"elementor-widget-container\">\n\t\t\t\t\t\t\t\t\t<p>A k\u00f6r alak\u00fa kvarclapokat sz\u00e9les k\u00f6rben haszn\u00e1lj\u00e1k az ipar\u00e1gak sz\u00e9les k\u00f6r\u00e9ben. Az optika ter\u00fclet\u00e9n ezeket a lemezeket lencs\u00e9kben, prizm\u00e1kban, ablakokban \u00e9s sz\u0171r\u0151kben alkalmazz\u00e1k, hozz\u00e1j\u00e1rulva a jobb k\u00e9pmin\u0151s\u00e9ghez, f\u00e9ny\u00e1tereszt\u00e9shez \u00e9s ellen\u0151rz\u00e9shez. Az elektronik\u00e1ban a kvarclapokat kiv\u00e1l\u00f3 elektromos szigetel\u00e9si tulajdons\u00e1gaiknak k\u00f6sz\u00f6nhet\u0151en f\u00e9lvezet\u0151kben, \u00e9rz\u00e9kel\u0151kben \u00e9s fotovoltaikus eszk\u00f6z\u00f6kben haszn\u00e1lj\u00e1k. Emellett a k\u00f6r alak\u00fa kvarclapok a kutat\u00f3laborat\u00f3riumokban is n\u00e9lk\u00fcl\u00f6zhetetlenek, mivel bizonyos hull\u00e1mhosszakra \u00e1tl\u00e1tsz\u00f3ak, lehet\u0151v\u00e9 t\u00e9ve a pontos elemz\u00e9st \u00e9s k\u00eds\u00e9rletez\u00e9st.<\/p>\t\t\t\t\t\t\t\t<\/div>\n\t\t\t\t<\/div>\n\t\t\t\t<div class=\"elementor-element elementor-element-a84143a elementor-widget elementor-widget-heading\" data-id=\"a84143a\" data-element_type=\"widget\" data-widget_type=\"heading.default\">\n\t\t\t\t<div class=\"elementor-widget-container\">\n\t\t\t\t\t<h3 class=\"elementor-heading-title elementor-size-default\">Testreszab\u00e1si lehet\u0151s\u00e9gek: <\/h3>\t\t\t\t<\/div>\n\t\t\t\t<\/div>\n\t\t\t\t<div class=\"elementor-element elementor-element-a769174 elementor-widget elementor-widget-text-editor\" data-id=\"a769174\" data-element_type=\"widget\" data-widget_type=\"text-editor.default\">\n\t\t\t\t<div class=\"elementor-widget-container\">\n\t\t\t\t\t\t\t\t\t<p>A k\u00f6r alak\u00fa kvarclapok gy\u00e1rt\u00f3i testreszab\u00e1si lehet\u0151s\u00e9geket k\u00edn\u00e1lnak a k\u00fcl\u00f6nb\u00f6z\u0151 alkalmaz\u00e1sok egyedi k\u00f6vetelm\u00e9nyeinek kiel\u00e9g\u00edt\u00e9s\u00e9re. Az \u00fcgyfelek konkr\u00e9t rajzokat vagy mint\u00e1kat adhatnak meg, lehet\u0151v\u00e9 t\u00e9ve a pontos specifik\u00e1ci\u00f3knak megfelel\u0151 kvarclapok gy\u00e1rt\u00e1s\u00e1t. Ez a rugalmass\u00e1g a testreszab\u00e1sban biztos\u00edtja, hogy a v\u00e9gterm\u00e9k z\u00f6kken\u0151mentesen illeszkedjen a tervezett alkalmaz\u00e1sba, maximaliz\u00e1lva annak teljes\u00edtm\u00e9ny\u00e9t \u00e9s funkcionalit\u00e1s\u00e1t.<\/p>\t\t\t\t\t\t\t\t<\/div>\n\t\t\t\t<\/div>\n\t\t\t\t<div class=\"elementor-element elementor-element-596ad3d elementor-widget elementor-widget-heading\" data-id=\"596ad3d\" data-element_type=\"widget\" data-widget_type=\"heading.default\">\n\t\t\t\t<div class=\"elementor-widget-container\">\n\t\t\t\t\t<h3 class=\"elementor-heading-title elementor-size-default\">K\u00f6vetkeztet\u00e9s: <\/h3>\t\t\t\t<\/div>\n\t\t\t\t<\/div>\n\t\t\t\t<div class=\"elementor-element elementor-element-0549bf7 elementor-widget elementor-widget-text-editor\" data-id=\"0549bf7\" data-element_type=\"widget\" data-widget_type=\"text-editor.default\">\n\t\t\t\t<div class=\"elementor-widget-container\">\n\t\t\t\t\t\t\t\t\t<p>A k\u00f6r alak\u00fa kvarclemezek \u00e1talak\u00edtott\u00e1k az optikai pontoss\u00e1g \u00e9s teljes\u00edtm\u00e9ny ter\u00fclet\u00e9t. Kiv\u00e9teles optikai \u00e1tl\u00e1that\u00f3s\u00e1guk, tart\u00f3ss\u00e1guk \u00e9s h\u0151stabilit\u00e1suk r\u00e9v\u00e9n ezek a lemezek a k\u00fcl\u00f6nb\u00f6z\u0151 ipar\u00e1gak szerves r\u00e9sz\u00e9v\u00e9 v\u00e1ltak. Pontos gy\u00e1rt\u00e1si \u00e9s testreszab\u00e1si lehet\u0151s\u00e9geik tov\u00e1bb n\u00f6velik sokoldal\u00fas\u00e1gukat \u00e9s alkalmazhat\u00f3s\u00e1gukat. A technol\u00f3gia tov\u00e1bbi fejl\u0151d\u00e9s\u00e9vel a k\u00f6r alak\u00fa kvarclapok k\u00e9ts\u00e9gtelen\u00fcl kulcsszerepet j\u00e1tszanak majd az optika, az elektronika \u00e9s a tudom\u00e1nyos kutat\u00e1s j\u00f6v\u0151j\u00e9nek alak\u00edt\u00e1s\u00e1ban.<\/p>\t\t\t\t\t\t\t\t<\/div>\n\t\t\t\t<\/div>\n\t\t\t\t\t<\/div>\n\t\t\t\t<\/div>\n\t\t\t\t<\/div>","protected":false},"excerpt":{"rendered":"<p>Optical Quartz Discs \u2013 High Clarity Circular Plates Circular quartz plates, high-transparency optical quartz discs, and quartz polishing plates We [&hellip;]<\/p>","protected":false},"author":7,"featured_media":267,"parent":841,"menu_order":0,"comment_status":"closed","ping_status":"closed","template":"","meta":{"_seopress_robots_primary_cat":"","_seopress_titles_title":"Optical Quartz Discs \u2013 High Clarity Circular Plates","_seopress_titles_desc":"Custom circular quartz discs for optics, lasers & labs. High transmission UV\u2013IR, tight tolerance, thermally stable, polished to optical-grade surface.","_seopress_robots_index":"","site-sidebar-layout":"no-sidebar","site-content-layout":"","ast-site-content-layout":"full-width-container","site-content-style":"default","site-sidebar-style":"default","ast-global-header-display":"","ast-banner-title-visibility":"","ast-main-header-display":"","ast-hfb-above-header-display":"","ast-hfb-below-header-display":"","ast-hfb-mobile-header-display":"","site-post-title":"disabled","ast-breadcrumbs-content":"","ast-featured-img":"disabled","footer-sml-layout":"","theme-transparent-header-meta":"","adv-header-id-meta":"","stick-header-meta":"","header-above-stick-meta":"","header-main-stick-meta":"","header-below-stick-meta":"","astra-migrate-meta-layouts":"default","ast-page-background-enabled":"default","ast-page-background-meta":{"desktop":{"background-color":"var(--ast-global-color-5)","background-image":"","background-repeat":"repeat","background-position":"center center","background-size":"auto","background-attachment":"scroll","background-type":"","background-media":"","overlay-type":"","overlay-color":"","overlay-opacity":"","overlay-gradient":""},"tablet":{"background-color":"","background-image":"","background-repeat":"repeat","background-position":"center center","background-size":"auto","background-attachment":"scroll","background-type":"","background-media":"","overlay-type":"","overlay-color":"","overlay-opacity":"","overlay-gradient":""},"mobile":{"background-color":"","background-image":"","background-repeat":"repeat","background-position":"center center","background-size":"auto","background-attachment":"scroll","background-type":"","background-media":"","overlay-type":"","overlay-color":"","overlay-opacity":"","overlay-gradient":""}},"ast-content-background-meta":{"desktop":{"background-color":"var(--ast-global-color-4)","background-image":"","background-repeat":"repeat","background-position":"center center","background-size":"auto","background-attachment":"scroll","background-type":"","background-media":"","overlay-type":"","overlay-color":"","overlay-opacity":"","overlay-gradient":""},"tablet":{"background-color":"var(--ast-global-color-4)","background-image":"","background-repeat":"repeat","background-position":"center center","background-size":"auto","background-attachment":"scroll","background-type":"","background-media":"","overlay-type":"","overlay-color":"","overlay-opacity":"","overlay-gradient":""},"mobile":{"background-color":"var(--ast-global-color-4)","background-image":"","background-repeat":"repeat","background-position":"center center","background-size":"auto","background-attachment":"scroll","background-type":"","background-media":"","overlay-type":"","overlay-color":"","overlay-opacity":"","overlay-gradient":""}},"footnotes":""},"class_list":["post-266","page","type-page","status-publish","has-post-thumbnail","hentry"],"_hostinger_reach_plugin_has_subscription_block":false,"_hostinger_reach_plugin_is_elementor":false,"_links":{"self":[{"href":"https:\/\/exactquartz.com\/hu\/wp-json\/wp\/v2\/pages\/266","targetHints":{"allow":["GET"]}}],"collection":[{"href":"https:\/\/exactquartz.com\/hu\/wp-json\/wp\/v2\/pages"}],"about":[{"href":"https:\/\/exactquartz.com\/hu\/wp-json\/wp\/v2\/types\/page"}],"author":[{"embeddable":true,"href":"https:\/\/exactquartz.com\/hu\/wp-json\/wp\/v2\/users\/7"}],"replies":[{"embeddable":true,"href":"https:\/\/exactquartz.com\/hu\/wp-json\/wp\/v2\/comments?post=266"}],"version-history":[{"count":17,"href":"https:\/\/exactquartz.com\/hu\/wp-json\/wp\/v2\/pages\/266\/revisions"}],"predecessor-version":[{"id":1440,"href":"https:\/\/exactquartz.com\/hu\/wp-json\/wp\/v2\/pages\/266\/revisions\/1440"}],"up":[{"embeddable":true,"href":"https:\/\/exactquartz.com\/hu\/wp-json\/wp\/v2\/pages\/841"}],"wp:featuredmedia":[{"embeddable":true,"href":"https:\/\/exactquartz.com\/hu\/wp-json\/wp\/v2\/media\/267"}],"wp:attachment":[{"href":"https:\/\/exactquartz.com\/hu\/wp-json\/wp\/v2\/media?parent=266"}],"curies":[{"name":"wp","href":"https:\/\/api.w.org\/{rel}","templated":true}]}}