{"id":321,"date":"2025-03-27T17:28:47","date_gmt":"2025-03-27T09:28:47","guid":{"rendered":"https:\/\/exactquartz.com\/?page_id=321"},"modified":"2025-04-16T18:22:52","modified_gmt":"2025-04-16T10:22:52","slug":"quartz-rods-for-semiconductor-use","status":"publish","type":"page","link":"https:\/\/exactquartz.com\/hu\/quartz-rods\/quartz-rods-for-semiconductor-use\/","title":{"rendered":"Kvarc rudak f\u00e9lvezet\u0151 felhaszn\u00e1l\u00e1sra"},"content":{"rendered":"<div data-elementor-type=\"wp-page\" data-elementor-id=\"321\" class=\"elementor elementor-321\" data-elementor-post-type=\"page\">\n\t\t\t\t<div class=\"elementor-element elementor-element-d2bc4f1 e-flex e-con-boxed e-con e-parent\" data-id=\"d2bc4f1\" data-element_type=\"container\">\n\t\t\t\t\t<div class=\"e-con-inner\">\n\t\t<div class=\"elementor-element elementor-element-6d0fc6f e-con-full e-flex e-con e-child\" data-id=\"6d0fc6f\" data-element_type=\"container\">\n\t\t\t\t<div class=\"elementor-element elementor-element-fb179f0 elementor-skin-slideshow elementor-arrows-yes elementor-widget elementor-widget-media-carousel\" data-id=\"fb179f0\" data-element_type=\"widget\" data-settings=\"{&quot;skin&quot;:&quot;slideshow&quot;,&quot;effect&quot;:&quot;fade&quot;,&quot;slideshow_slides_per_view&quot;:&quot;2&quot;,&quot;show_arrows&quot;:&quot;yes&quot;,&quot;speed&quot;:500,&quot;autoplay&quot;:&quot;yes&quot;,&quot;autoplay_speed&quot;:5000,&quot;loop&quot;:&quot;yes&quot;,&quot;pause_on_hover&quot;:&quot;yes&quot;,&quot;pause_on_interaction&quot;:&quot;yes&quot;,&quot;space_between&quot;:{&quot;unit&quot;:&quot;px&quot;,&quot;size&quot;:10,&quot;sizes&quot;:[]},&quot;space_between_tablet&quot;:{&quot;unit&quot;:&quot;px&quot;,&quot;size&quot;:10,&quot;sizes&quot;:[]},&quot;space_between_mobile&quot;:{&quot;unit&quot;:&quot;px&quot;,&quot;size&quot;:10,&quot;sizes&quot;:[]}}\" data-widget_type=\"media-carousel.default\">\n\t\t\t\t<div class=\"elementor-widget-container\">\n\t\t\t\t\t\t\t\t\t<div class=\"elementor-swiper\">\n\t\t\t\t\t<div class=\"elementor-main-swiper swiper\" role=\"region\" aria-roledescription=\"carousel\" aria-label=\"Di\u00e1kok\">\n\t\t\t\t<div class=\"swiper-wrapper\">\n\t\t\t\t\t\t\t\t\t\t\t<div class=\"swiper-slide\" role=\"group\" aria-roledescription=\"slide\">\n\t\t\t\t\t\t\t\t\t<div class=\"elementor-carousel-image\" role=\"img\" aria-label=\"Kvarc\u00fcveg rudak \u00e9s f\u00e9lvezet\u0151 \u00fcvegrudak 2\" style=\"background-image: url(&#039;https:\/\/exactquartz.com\/wp-content\/uploads\/2025\/03\/Quartz-Glass-Rods-and-Semiconductor-Glass-Rod-2.webp&#039;)\">\n\n\t\t\t\n\t\t\t\t\t<\/div>\n\t\t\t\t\t\t\t\t<\/div>\n\t\t\t\t\t\t\t\t\t\t\t<div class=\"swiper-slide\" role=\"group\" aria-roledescription=\"slide\">\n\t\t\t\t\t\t\t\t\t<div class=\"elementor-carousel-image\" role=\"img\" aria-label=\"Kvarc \u00fcvegrudak \u00e9s f\u00e9lvezet\u0151 \u00fcvegrudak\" style=\"background-image: url(&#039;https:\/\/exactquartz.com\/wp-content\/uploads\/2025\/03\/Quartz-Glass-Rods-and-Semiconductor-Glass-Rod.webp&#039;)\">\n\n\t\t\t\n\t\t\t\t\t<\/div>\n\t\t\t\t\t\t\t\t<\/div>\n\t\t\t\t\t\t\t\t\t<\/div>\n\t\t\t\t\t\t\t\t\t\t\t\t\t\t\t<div class=\"elementor-swiper-button elementor-swiper-button-prev\" role=\"button\" tabindex=\"0\" aria-label=\"\u041f\u0440\u0435\u0434\u0438\u0448\u043d\u0430\" data-no-translation-aria-label=\"\">\n\t\t\t\t\t\t\t<svg aria-hidden=\"true\" class=\"e-font-icon-svg e-eicon-chevron-left\" viewbox=\"0 0 1000 1000\" xmlns=\"http:\/\/www.w3.org\/2000\/svg\"><path d=\"M646 125C629 125 613 133 604 142L308 442C296 454 292 471 292 487 292 504 296 521 308 533L604 854C617 867 629 875 646 875 663 875 679 871 692 858 704 846 713 829 713 812 713 796 708 779 692 767L438 487 692 225C700 217 708 204 708 187 708 171 704 154 692 142 675 129 663 125 646 125Z\"><\/path><\/svg>\t\t\t\t\t\t<\/div>\n\t\t\t\t\t\t<div class=\"elementor-swiper-button elementor-swiper-button-next\" role=\"button\" tabindex=\"0\" aria-label=\"\u0421\u043b\u0435\u0434\u0432\u0430\u0449\u0430\" data-no-translation-aria-label=\"\">\n\t\t\t\t\t\t\t<svg aria-hidden=\"true\" class=\"e-font-icon-svg e-eicon-chevron-right\" viewbox=\"0 0 1000 1000\" xmlns=\"http:\/\/www.w3.org\/2000\/svg\"><path d=\"M696 533C708 521 713 504 713 487 713 471 708 454 696 446L400 146C388 133 375 125 354 125 338 125 325 129 313 142 300 154 292 171 292 187 292 204 296 221 308 233L563 492 304 771C292 783 288 800 288 817 288 833 296 850 308 863 321 871 338 875 354 875 371 875 388 867 400 854L696 533Z\"><\/path><\/svg>\t\t\t\t\t\t<\/div>\n\t\t\t\t\t\t\t\t\t\t\t\t\t\t\t\t\t<\/div>\n\t\t\t\t<\/div>\n\t\t\t\t\t\t\t\t<div class=\"elementor-swiper\">\n\t\t\t\t\t<div class=\"elementor-main-swiper swiper elementor-thumbnails-swiper swiper\" role=\"region region\" aria-roledescription=\"carousel carousel\" aria-label=\"Di\u00e1k Di\u00e1k\">\n\t\t\t\t<div class=\"swiper-wrapper\">\n\t\t\t\t\t\t\t\t\t\t\t<div class=\"swiper-slide\" role=\"group\" aria-roledescription=\"slide\">\n\t\t\t\t\t\t\t\t\t<div class=\"elementor-carousel-image\" role=\"img\" aria-label=\"Kvarc\u00fcveg rudak \u00e9s f\u00e9lvezet\u0151 \u00fcvegrudak 2\" style=\"background-image: url(&#039;https:\/\/exactquartz.com\/wp-content\/uploads\/2025\/03\/Quartz-Glass-Rods-and-Semiconductor-Glass-Rod-2.webp&#039;)\">\n\n\t\t\t\n\t\t\t\t\t<\/div>\n\t\t\t\t\t\t\t\t<\/div>\n\t\t\t\t\t\t\t\t\t\t\t<div class=\"swiper-slide\" role=\"group\" aria-roledescription=\"slide\">\n\t\t\t\t\t\t\t\t\t<div class=\"elementor-carousel-image\" role=\"img\" aria-label=\"Kvarc \u00fcvegrudak \u00e9s f\u00e9lvezet\u0151 \u00fcvegrudak\" style=\"background-image: url(&#039;https:\/\/exactquartz.com\/wp-content\/uploads\/2025\/03\/Quartz-Glass-Rods-and-Semiconductor-Glass-Rod.webp&#039;)\">\n\n\t\t\t\n\t\t\t\t\t<\/div>\n\t\t\t\t\t\t\t\t<\/div>\n\t\t\t\t\t\t\t\t\t<\/div>\n\t\t\t\t\t\t\t\t\t\t\t\t\t\t\t\t\t\t\t\t\t<\/div>\n\t\t\t\t<\/div>\n\t\t\t\t\t\t\t\t<\/div>\n\t\t\t\t<\/div>\n\t\t\t\t<\/div>\n\t\t<div class=\"elementor-element elementor-element-2a56432 e-con-full e-flex e-con e-child\" data-id=\"2a56432\" data-element_type=\"container\">\n\t\t\t\t<div class=\"elementor-element elementor-element-70d5eba elementor-widget elementor-widget-heading\" data-id=\"70d5eba\" data-element_type=\"widget\" data-widget_type=\"heading.default\">\n\t\t\t\t<div class=\"elementor-widget-container\">\n\t\t\t\t\t<h2 class=\"elementor-heading-title elementor-size-default\">Quartz Rods for Semiconductor Use \u2013 High Temp &amp; UV Grade<\/h2>\t\t\t\t<\/div>\n\t\t\t\t<\/div>\n\t\t\t\t<div class=\"elementor-element elementor-element-ac956f7 elementor-widget elementor-widget-text-editor\" data-id=\"ac956f7\" data-element_type=\"widget\" data-widget_type=\"text-editor.default\">\n\t\t\t\t<div class=\"elementor-widget-container\">\n\t\t\t\t\t\t\t\t\t<ul><li>Alkalmaz\u00e1s: K\u00e9miai, \u00e9p\u00edt\u0151ipari, koh\u00e1szati, \u00fcveg, g\u00e9pek, f\u00e9lvezet\u0151, optikai eszk\u00f6z stb.<\/li><li>T\u00edpus: Kvarc r\u00fad<\/li><li>Olvad\u00e1spont-h\u0151m\u00e9rs\u00e9klet: 1700 Celsius<\/li><li>F\u00e9ny\u00e1tereszt\u00e9s: 85%<\/li><li>A munkah\u0151m\u00e9rs\u00e9klet r\u00f6vid id\u0151re: 1400-1500 Celsius-fok<\/li><\/ul>\t\t\t\t\t\t\t\t<\/div>\n\t\t\t\t<\/div>\n\t\t\t\t<div class=\"elementor-element elementor-element-b88f15f elementor-align-left elementor-widget elementor-widget-button\" data-id=\"b88f15f\" data-element_type=\"widget\" data-widget_type=\"button.default\">\n\t\t\t\t<div class=\"elementor-widget-container\">\n\t\t\t\t\t\t\t\t\t<div class=\"elementor-button-wrapper\">\n\t\t\t\t\t<a class=\"elementor-button elementor-button-link elementor-size-sm\" href=\"#elementor-action%3Aaction%3Dpopup%3Aopen%26settings%3DeyJpZCI6IjEyNzUiLCJ0b2dnbGUiOmZhbHNlfQ%3D%3D\">\n\t\t\t\t\t\t<span class=\"elementor-button-content-wrapper\">\n\t\t\t\t\t\t\t\t\t<span class=\"elementor-button-text\">Gyors \u00e1raj\u00e1nlat<\/span>\n\t\t\t\t\t<\/span>\n\t\t\t\t\t<\/a>\n\t\t\t\t<\/div>\n\t\t\t\t\t\t\t\t<\/div>\n\t\t\t\t<\/div>\n\t\t\t\t<\/div>\n\t\t\t\t\t<\/div>\n\t\t\t\t<\/div>\n\t\t<div class=\"elementor-element elementor-element-a2ed80c e-flex e-con-boxed e-con e-parent\" data-id=\"a2ed80c\" data-element_type=\"container\">\n\t\t\t\t\t<div class=\"e-con-inner\">\n\t\t\t\t<div class=\"elementor-element elementor-element-b7e9c99 elementor-widget elementor-widget-heading\" data-id=\"b7e9c99\" data-element_type=\"widget\" data-widget_type=\"heading.default\">\n\t\t\t\t<div class=\"elementor-widget-container\">\n\t\t\t\t\t<h3 class=\"elementor-heading-title elementor-size-default\">Term\u00e9k le\u00edr\u00e1sa: A term\u00e9k le\u00edr\u00e1sa: A term\u00e9k le\u00edr\u00e1sa: A term\u00e9k le\u00edr\u00e1sa: A term\u00e9k le\u00edr\u00e1sa:<\/h3>\t\t\t\t<\/div>\n\t\t\t\t<\/div>\n\t\t\t\t<div class=\"elementor-element elementor-element-281af31 elementor-widget elementor-widget-text-editor\" data-id=\"281af31\" data-element_type=\"widget\" data-widget_type=\"text-editor.default\">\n\t\t\t\t<div class=\"elementor-widget-container\">\n\t\t\t\t\t\t\t\t\t<p>Kvarc\u00fcveg rudak: A kvarcanyag er\u0151sebb, mint az \u00fcveg, 1100\u00b0C-ig haszn\u00e1lhat\u00f3, \u00e9s 260 nm \u00e9s 2500 nm k\u00f6z\u00f6tt t\u00f6bb mint 80% \u00e1tlagos f\u00e9ny\u00e1tereszt\u0151 k\u00e9pess\u00e9ggel rendelkezik. Kvarc\u00fcveg rudak term\u00e9kcsal\u00e1dunk a legt\u00f6bb UV alkalmaz\u00e1shoz alkalmas. A 175-185 nm-es m\u00e9ly UV tartom\u00e1nyban az UV olvasztott szil\u00edcium-dioxid megfelel\u0151bb anyagv\u00e1laszt\u00e1s.<\/p>\t\t\t\t\t\t\t\t<\/div>\n\t\t\t\t<\/div>\n\t\t\t\t<div class=\"elementor-element elementor-element-fe0cb41 elementor-widget elementor-widget-heading\" data-id=\"fe0cb41\" data-element_type=\"widget\" data-widget_type=\"heading.default\">\n\t\t\t\t<div class=\"elementor-widget-container\">\n\t\t\t\t\t<h3 class=\"elementor-heading-title elementor-size-default\">Kvarc\u00fcveg Alkalmaz\u00e1s:<\/h3>\t\t\t\t<\/div>\n\t\t\t\t<\/div>\n\t\t\t\t<div class=\"elementor-element elementor-element-733f615 elementor-widget elementor-widget-text-editor\" data-id=\"733f615\" data-element_type=\"widget\" data-widget_type=\"text-editor.default\">\n\t\t\t\t<div class=\"elementor-widget-container\">\n\t\t\t\t\t\t\t\t\t<p>A kvarc rudat sz\u00e9les k\u00f6rben haszn\u00e1lj\u00e1k a vil\u00e1g\u00edt\u00e1sban, a vegyiparban, az orvostudom\u00e1nyban \u00e9s az eg\u00e9szs\u00e9g\u00fcgyben, az optikai, a mechanikai alkatr\u00e9szek, a tudom\u00e1nyos kutat\u00f3laborat\u00f3rium, az elektronika, a v\u00edzkezel\u00e9s stb.<br \/>Kvarc\u00fcveg\u00fcnk nagy tisztas\u00e1g\u00fa (&gt;99,99%), j\u00f3 fizikai \u00e9s k\u00e9miai tulajdons\u00e1gokkal, szoros t\u0171r\u00e9shat\u00e1rokkal \u00e9s alacsony -OH-tartalommal rendelkezik. A kvarc\u00fcveget \u00fcgyfeleink sz\u00e1mos alkalmaz\u00e1sban haszn\u00e1lj\u00e1k.<\/p>\t\t\t\t\t\t\t\t<\/div>\n\t\t\t\t<\/div>\n\t\t\t\t<div class=\"elementor-element elementor-element-47a4620 elementor-widget elementor-widget-heading\" data-id=\"47a4620\" data-element_type=\"widget\" data-widget_type=\"heading.default\">\n\t\t\t\t<div class=\"elementor-widget-container\">\n\t\t\t\t\t<h3 class=\"elementor-heading-title elementor-size-default\">A h\u00e1romf\u00e9le kvarcanyag azonos mechanikai\/fizikai tulajdons\u00e1gokkal rendelkezik:<\/h3>\t\t\t\t<\/div>\n\t\t\t\t<\/div>\n\t\t\t\t\t<\/div>\n\t\t\t\t<\/div>\n\t\t<div class=\"elementor-element elementor-element-02750a7 e-flex e-con-boxed e-con e-parent\" data-id=\"02750a7\" data-element_type=\"container\">\n\t\t\t\t\t<div class=\"e-con-inner\">\n\t\t<div class=\"elementor-element elementor-element-9f97453 e-con-full e-flex e-con e-child\" data-id=\"9f97453\" data-element_type=\"container\">\n\t\t\t\t<div class=\"elementor-element elementor-element-68f5c57 elementor-widget elementor-widget-text-editor\" data-id=\"68f5c57\" data-element_type=\"widget\" data-widget_type=\"text-editor.default\">\n\t\t\t\t<div class=\"elementor-widget-container\">\n\t\t\t\t\t\t\t\t\t<p><strong>Ingatlan<\/strong><\/p><p>S\u0171r\u0171s\u00e9g<\/p><p>Nyom\u00f3szil\u00e1rds\u00e1g<\/p><p>Hajl\u00edt\u00f3szil\u00e1rds\u00e1g<\/p><p>Szak\u00edt\u00f3szil\u00e1rds\u00e1g<\/p><p>Poisson-r\u00e1ci\u00f3<\/p><p>Rugalmass\u00e1gi modulus<\/p><p>Ny\u00edr\u00e1si modulus<\/p><p>Mohs kem\u00e9nys\u00e9g<\/p><p>Deform\u00e1ci\u00f3s pont<\/p><p>Fajlagos h\u0151<\/p><p>H\u0151vezet\u0151 k\u00e9pess\u00e9g<\/p>\t\t\t\t\t\t\t\t<\/div>\n\t\t\t\t<\/div>\n\t\t\t\t<\/div>\n\t\t<div class=\"elementor-element elementor-element-3974634 e-con-full e-flex e-con e-child\" data-id=\"3974634\" data-element_type=\"container\">\n\t\t\t\t<div class=\"elementor-element elementor-element-b223cd1 elementor-widget elementor-widget-text-editor\" data-id=\"b223cd1\" data-element_type=\"widget\" data-widget_type=\"text-editor.default\">\n\t\t\t\t<div class=\"elementor-widget-container\">\n\t\t\t\t\t\t\t\t\t<p><strong>Referencia\u00e9rt\u00e9k<\/strong><\/p><p>2.203g\/cm<sup>3<\/sup><\/p><p>&gt;1100Mpa<\/p><p>67Mpa<\/p><p>48,3Mpa<\/p><p>0.14~0.17<\/p><p>71700Mpa<\/p><p>31000Mpa<\/p><p>5.3~6.5 (Mohs sk\u00e1la)<\/p><p>1280\u00baC<\/p><p>(20~350 \u00baC) 670J\/kg \u00baC<\/p><p>(20 \u00baC) 1,4W\/m \u00baC<\/p>\t\t\t\t\t\t\t\t<\/div>\n\t\t\t\t<\/div>\n\t\t\t\t<\/div>\n\t\t<div class=\"elementor-element elementor-element-9695426 e-con-full e-flex e-con e-child\" data-id=\"9695426\" data-element_type=\"container\">\n\t\t\t\t<div class=\"elementor-element elementor-element-fc2ed69 elementor-widget elementor-widget-text-editor\" data-id=\"fc2ed69\" data-element_type=\"widget\" data-widget_type=\"text-editor.default\">\n\t\t\t\t<div class=\"elementor-widget-container\">\n\t\t\t\t\t\t\t\t\t<p><strong>Ingatlan<\/strong><\/p><p>T\u00f6r\u00e9smutat\u00f3<\/p><p>H\u0151t\u00e1gul\u00e1si egy\u00fctthat\u00f3<\/p><p>Olvad\u00e1spont-h\u0151m\u00e9rs\u00e9klet<\/p><p>A munkah\u0151m\u00e9rs\u00e9klet r\u00f6vid ideig<\/p><p>A munkah\u0151m\u00e9rs\u00e9klet hossz\u00fa ideig<\/p><p>Ellen\u00e1ll\u00e1s<\/p><p>Dielektromos szil\u00e1rds\u00e1g<\/p><p>Dielektromos \u00e1lland\u00f3<\/p><p>Dielektromos abszorpci\u00f3s egy\u00fctthat\u00f3<\/p><p>Dielektromos vesztes\u00e9g egy\u00fctthat\u00f3<\/p>\t\t\t\t\t\t\t\t<\/div>\n\t\t\t\t<\/div>\n\t\t\t\t<\/div>\n\t\t<div class=\"elementor-element elementor-element-b384343 e-con-full e-flex e-con e-child\" data-id=\"b384343\" data-element_type=\"container\">\n\t\t\t\t<div class=\"elementor-element elementor-element-fc36c48 elementor-widget elementor-widget-text-editor\" data-id=\"fc36c48\" data-element_type=\"widget\" data-widget_type=\"text-editor.default\">\n\t\t\t\t<div class=\"elementor-widget-container\">\n\t\t\t\t\t\t\t\t\t<p><strong>Referencia\u00e9rt\u00e9k<\/strong><\/p><p>1.45845<\/p><p>5,5\u00d710-7cm\/cm.\u00baC<\/p><p>1700\u00baC<\/p><p>1400\u00baC~1500\u00baC<\/p><p>1100\u00baC~1250\u00baC<\/p><p>7\u00d7107\u03a9.cm<\/p><p>250~400Kv\/cm<\/p><p>3.7~3.9<\/p><p>&lt;4\u00d7104<\/p><p>&lt;1\u00d7104<\/p>\t\t\t\t\t\t\t\t<\/div>\n\t\t\t\t<\/div>\n\t\t\t\t<\/div>\n\t\t\t\t\t<\/div>\n\t\t\t\t<\/div>\n\t\t\t\t<\/div>","protected":false},"excerpt":{"rendered":"<p>Quartz Rods for Semiconductor Use \u2013 High Temp &amp; UV Grade Application: Chemical, Construction, Metallurgy, Glass, Machinery,Semiconductor,Optical Instrument etc Type: [&hellip;]<\/p>","protected":false},"author":1,"featured_media":414,"parent":836,"menu_order":0,"comment_status":"closed","ping_status":"closed","template":"","meta":{"_seopress_robots_primary_cat":"","_seopress_titles_title":"Quartz Rods for Semiconductor Use \u2013 High Temp & UV Grade","_seopress_titles_desc":"Fused quartz rods for semiconductor & optical use. 99.99% purity, 85% light transmission, 1100\u20131500\u00b0C stable. Ideal for UV, dielectric, and heat work.","_seopress_robots_index":"","site-sidebar-layout":"no-sidebar","site-content-layout":"","ast-site-content-layout":"full-width-container","site-content-style":"default","site-sidebar-style":"default","ast-global-header-display":"","ast-banner-title-visibility":"","ast-main-header-display":"","ast-hfb-above-header-display":"","ast-hfb-below-header-display":"","ast-hfb-mobile-header-display":"","site-post-title":"disabled","ast-breadcrumbs-content":"","ast-featured-img":"disabled","footer-sml-layout":"","theme-transparent-header-meta":"","adv-header-id-meta":"","stick-header-meta":"","header-above-stick-meta":"","header-main-stick-meta":"","header-below-stick-meta":"","astra-migrate-meta-layouts":"default","ast-page-background-enabled":"default","ast-page-background-meta":{"desktop":{"background-color":"var(--ast-global-color-5)","background-image":"","background-repeat":"repeat","background-position":"center center","background-size":"auto","background-attachment":"scroll","background-type":"","background-media":"","overlay-type":"","overlay-color":"","overlay-opacity":"","overlay-gradient":""},"tablet":{"background-color":"","background-image":"","background-repeat":"repeat","background-position":"center center","background-size":"auto","background-attachment":"scroll","background-type":"","background-media":"","overlay-type":"","overlay-color":"","overlay-opacity":"","overlay-gradient":""},"mobile":{"background-color":"","background-image":"","background-repeat":"repeat","background-position":"center center","background-size":"auto","background-attachment":"scroll","background-type":"","background-media":"","overlay-type":"","overlay-color":"","overlay-opacity":"","overlay-gradient":""}},"ast-content-background-meta":{"desktop":{"background-color":"var(--ast-global-color-4)","background-image":"","background-repeat":"repeat","background-position":"center center","background-size":"auto","background-attachment":"scroll","background-type":"","background-media":"","overlay-type":"","overlay-color":"","overlay-opacity":"","overlay-gradient":""},"tablet":{"background-color":"var(--ast-global-color-4)","background-image":"","background-repeat":"repeat","background-position":"center center","background-size":"auto","background-attachment":"scroll","background-type":"","background-media":"","overlay-type":"","overlay-color":"","overlay-opacity":"","overlay-gradient":""},"mobile":{"background-color":"var(--ast-global-color-4)","background-image":"","background-repeat":"repeat","background-position":"center center","background-size":"auto","background-attachment":"scroll","background-type":"","background-media":"","overlay-type":"","overlay-color":"","overlay-opacity":"","overlay-gradient":""}},"footnotes":""},"class_list":["post-321","page","type-page","status-publish","has-post-thumbnail","hentry"],"_links":{"self":[{"href":"https:\/\/exactquartz.com\/hu\/wp-json\/wp\/v2\/pages\/321","targetHints":{"allow":["GET"]}}],"collection":[{"href":"https:\/\/exactquartz.com\/hu\/wp-json\/wp\/v2\/pages"}],"about":[{"href":"https:\/\/exactquartz.com\/hu\/wp-json\/wp\/v2\/types\/page"}],"author":[{"embeddable":true,"href":"https:\/\/exactquartz.com\/hu\/wp-json\/wp\/v2\/users\/1"}],"replies":[{"embeddable":true,"href":"https:\/\/exactquartz.com\/hu\/wp-json\/wp\/v2\/comments?post=321"}],"version-history":[{"count":32,"href":"https:\/\/exactquartz.com\/hu\/wp-json\/wp\/v2\/pages\/321\/revisions"}],"predecessor-version":[{"id":1386,"href":"https:\/\/exactquartz.com\/hu\/wp-json\/wp\/v2\/pages\/321\/revisions\/1386"}],"up":[{"embeddable":true,"href":"https:\/\/exactquartz.com\/hu\/wp-json\/wp\/v2\/pages\/836"}],"wp:featuredmedia":[{"embeddable":true,"href":"https:\/\/exactquartz.com\/hu\/wp-json\/wp\/v2\/media\/414"}],"wp:attachment":[{"href":"https:\/\/exactquartz.com\/hu\/wp-json\/wp\/v2\/media?parent=321"}],"curies":[{"name":"wp","href":"https:\/\/api.w.org\/{rel}","templated":true}]}}