{"id":679,"date":"2025-04-01T20:43:35","date_gmt":"2025-04-01T12:43:35","guid":{"rendered":"https:\/\/exactquartz.com\/?page_id=679"},"modified":"2025-04-16T18:29:29","modified_gmt":"2025-04-16T10:29:29","slug":"fused-silica-plates","status":"publish","type":"page","link":"https:\/\/exactquartz.com\/hu\/quartz-discs-and-plates\/fused-silica-plates\/","title":{"rendered":"Olvasztott szil\u00edcium-dioxid lemezek - Nagy \u00e1tereszt\u0151k\u00e9pess\u00e9g\u0171 kvarcoptika"},"content":{"rendered":"<div data-elementor-type=\"wp-page\" data-elementor-id=\"679\" class=\"elementor elementor-679\" data-elementor-post-type=\"page\">\n\t\t\t\t<div class=\"elementor-element elementor-element-d2bc4f1 e-flex e-con-boxed e-con e-parent\" data-id=\"d2bc4f1\" data-element_type=\"container\">\n\t\t\t\t\t<div class=\"e-con-inner\">\n\t\t<div class=\"elementor-element elementor-element-6d0fc6f e-con-full e-flex e-con e-child\" data-id=\"6d0fc6f\" data-element_type=\"container\">\n\t\t\t\t<div class=\"elementor-element elementor-element-133430f elementor-skin-slideshow elementor-arrows-yes elementor-widget elementor-widget-media-carousel\" data-id=\"133430f\" data-element_type=\"widget\" data-settings=\"{&quot;skin&quot;:&quot;slideshow&quot;,&quot;slideshow_slides_per_view&quot;:&quot;2&quot;,&quot;effect&quot;:&quot;slide&quot;,&quot;show_arrows&quot;:&quot;yes&quot;,&quot;speed&quot;:500,&quot;autoplay&quot;:&quot;yes&quot;,&quot;autoplay_speed&quot;:5000,&quot;loop&quot;:&quot;yes&quot;,&quot;pause_on_hover&quot;:&quot;yes&quot;,&quot;pause_on_interaction&quot;:&quot;yes&quot;,&quot;space_between&quot;:{&quot;unit&quot;:&quot;px&quot;,&quot;size&quot;:10,&quot;sizes&quot;:[]},&quot;space_between_tablet&quot;:{&quot;unit&quot;:&quot;px&quot;,&quot;size&quot;:10,&quot;sizes&quot;:[]},&quot;space_between_mobile&quot;:{&quot;unit&quot;:&quot;px&quot;,&quot;size&quot;:10,&quot;sizes&quot;:[]}}\" data-widget_type=\"media-carousel.default\">\n\t\t\t\t<div class=\"elementor-widget-container\">\n\t\t\t\t\t\t\t\t\t<div class=\"elementor-swiper\">\n\t\t\t\t\t<div class=\"elementor-main-swiper swiper\" role=\"region\" aria-roledescription=\"carousel\" aria-label=\"Di\u00e1kok\">\n\t\t\t\t<div class=\"swiper-wrapper\">\n\t\t\t\t\t\t\t\t\t\t\t<div class=\"swiper-slide\" role=\"group\" aria-roledescription=\"slide\">\n\t\t\t\t\t\t\t\t\t<div class=\"elementor-carousel-image\" role=\"img\" aria-label=\"Testreszabott nagy \u00e1tereszt\u0151k\u00e9pess\u00e9g\u0171 olvasztott szil\u00edcium-dioxid lemez kvarc \u00fcveglemez\" style=\"background-image: url(&#039;https:\/\/exactquartz.com\/wp-content\/uploads\/2025\/04\/Customized-High-Transmittance-Fused-Silica-Plate-Quartz-Glass-Plate.webp&#039;)\">\n\n\t\t\t\n\t\t\t\t\t<\/div>\n\t\t\t\t\t\t\t\t<\/div>\n\t\t\t\t\t\t\t\t\t<\/div>\n\t\t\t\t\t\t\t<\/div>\n\t\t\t\t<\/div>\n\t\t\t\t\t\t\t\t<\/div>\n\t\t\t\t<\/div>\n\t\t\t\t<\/div>\n\t\t<div class=\"elementor-element elementor-element-2a56432 e-con-full e-flex e-con e-child\" data-id=\"2a56432\" data-element_type=\"container\">\n\t\t\t\t<div class=\"elementor-element elementor-element-70d5eba elementor-widget elementor-widget-heading\" data-id=\"70d5eba\" data-element_type=\"widget\" data-widget_type=\"heading.default\">\n\t\t\t\t<div class=\"elementor-widget-container\">\n\t\t\t\t\t<h2 class=\"elementor-heading-title elementor-size-default\">Olvasztott szil\u00edcium-dioxid lemezek - Nagy \u00e1tereszt\u0151k\u00e9pess\u00e9g\u0171 kvarcoptika<\/h2>\t\t\t\t<\/div>\n\t\t\t\t<\/div>\n\t\t\t\t<div class=\"elementor-element elementor-element-ac956f7 elementor-widget elementor-widget-text-editor\" data-id=\"ac956f7\" data-element_type=\"widget\" data-widget_type=\"text-editor.default\">\n\t\t\t\t<div class=\"elementor-widget-container\">\n\t\t\t\t\t\t\t\t\t<p>T\u00edpus: tiszta kvarclemez<br \/>Alkalmaz\u00e1s: optikai eszk\u00f6z\u00f6k<br \/>Vastags\u00e1g: 0.5-100mm<br \/>Alak: k\u00f6r alak\u00fa<br \/>Sz\u00e1rmaz\u00e1si hely: Jiangsu, K\u00edna<br \/>Feldolgoz\u00e1si szolg\u00e1ltat\u00e1s: lyukaszt\u00e1s, v\u00e1g\u00e1s<br \/>Kerek lemez \u00c1tm\u00e9r\u0151: 10mm-400mm<br \/>Kerek lemez A vastags\u00e1g terjedelme: 0.5-100mm<br \/>N\u00e9gyzet alak\u00fa lemez Hossz\u00fas\u00e1g::10mm-800mm<br \/>N\u00e9gyzet alak\u00fa lemez Sz\u00e9less\u00e9g::10mm-600mm<br \/>N\u00e9gyzet alak\u00fa lemez Vastags\u00e1g::1-100mm<br \/>Egyedi K\u00fcl\u00f6nb\u00f6z\u0151 t\u00edpusok El\u00e9rhet\u0151<\/p>\t\t\t\t\t\t\t\t<\/div>\n\t\t\t\t<\/div>\n\t\t\t\t<div class=\"elementor-element elementor-element-5921330 elementor-align-left elementor-widget elementor-widget-button\" data-id=\"5921330\" data-element_type=\"widget\" data-widget_type=\"button.default\">\n\t\t\t\t<div class=\"elementor-widget-container\">\n\t\t\t\t\t\t\t\t\t<div class=\"elementor-button-wrapper\">\n\t\t\t\t\t<a class=\"elementor-button elementor-button-link elementor-size-sm\" href=\"#elementor-action%3Aaction%3Dpopup%3Aopen%26settings%3DeyJpZCI6IjEyNzUiLCJ0b2dnbGUiOmZhbHNlfQ%3D%3D\">\n\t\t\t\t\t\t<span class=\"elementor-button-content-wrapper\">\n\t\t\t\t\t\t\t\t\t<span class=\"elementor-button-text\">Gyors \u00e1raj\u00e1nlat<\/span>\n\t\t\t\t\t<\/span>\n\t\t\t\t\t<\/a>\n\t\t\t\t<\/div>\n\t\t\t\t\t\t\t\t<\/div>\n\t\t\t\t<\/div>\n\t\t\t\t<\/div>\n\t\t\t\t\t<\/div>\n\t\t\t\t<\/div>\n\t\t<div class=\"elementor-element elementor-element-a2ed80c e-flex e-con-boxed e-con e-parent\" data-id=\"a2ed80c\" data-element_type=\"container\">\n\t\t\t\t\t<div class=\"e-con-inner\">\n\t\t\t\t<div class=\"elementor-element elementor-element-cd86465 elementor-widget elementor-widget-heading\" data-id=\"cd86465\" data-element_type=\"widget\" data-widget_type=\"heading.default\">\n\t\t\t\t<div class=\"elementor-widget-container\">\n\t\t\t\t\t<h3 class=\"elementor-heading-title elementor-size-default\">R\u00e9szletek:<\/h3>\t\t\t\t<\/div>\n\t\t\t\t<\/div>\n\t\t\t\t<div class=\"elementor-element elementor-element-29d6c01 elementor-widget elementor-widget-text-editor\" data-id=\"29d6c01\" data-element_type=\"widget\" data-widget_type=\"text-editor.default\">\n\t\t\t\t<div class=\"elementor-widget-container\">\n\t\t\t\t\t\t\t\t\t<p>Testreszabott, magas h\u0151m\u00e9rs\u00e9kletnek ellen\u00e1ll\u00f3 kvarc\u00fcveg szubsztr\u00e1tum<\/p><p>B\u00e1rmilyen specifik\u00e1ci\u00f3 testreszab\u00e1sa, k\u00e9rj\u00fck, l\u00e9pjen kapcsolatba az \u00fcgyf\u00e9lszolg\u00e1lattal, k\u00f6sz\u00f6nj\u00fck!<\/p>\t\t\t\t\t\t\t\t<\/div>\n\t\t\t\t<\/div>\n\t\t\t\t<div class=\"elementor-element elementor-element-15718d3 elementor-widget elementor-widget-heading\" data-id=\"15718d3\" data-element_type=\"widget\" data-widget_type=\"heading.default\">\n\t\t\t\t<div class=\"elementor-widget-container\">\n\t\t\t\t\t<h3 class=\"elementor-heading-title elementor-size-default\">A kvarc\u00fcveg k\u00fcl\u00f6nleges tulajdons\u00e1gai:<\/h3>\t\t\t\t<\/div>\n\t\t\t\t<\/div>\n\t\t\t\t<div class=\"elementor-element elementor-element-281af31 elementor-widget elementor-widget-text-editor\" data-id=\"281af31\" data-element_type=\"widget\" data-widget_type=\"text-editor.default\">\n\t\t\t\t<div class=\"elementor-widget-container\">\n\t\t\t\t\t\t\t\t\t<ol><li value=\"NaN\">Rendk\u00edv\u00fcl sz\u00e9les spektr\u00e1lis \u00e1tereszt\u00e9si tartom\u00e1ny a m\u00e9ly UV-t\u0151l a k\u00f6z\u00e9ps\u0151 IR-ig (sz\u00e9lesebb, mint minden m\u00e1s \u00fcveg).<\/li><li value=\"NaN\">Rendk\u00edv\u00fcl magas optikai \u00e1tereszt\u00e9s \u00e9s alacsony optikai abszorpci\u00f3.<\/li><li value=\"NaN\">A t\u00f6r\u00e9smutat\u00f3 alacsony v\u00e1ltoz\u00e9konys\u00e1ga \u00e9s zavarai egy t\u00f6m\u00f6r darabon bel\u00fcl, valamint optikai homogenit\u00e1s egyik olvad\u00e9kr\u00f3l a m\u00e1sikra (reproduk\u00e1lhat\u00f3s\u00e1g).<\/li><li value=\"NaN\">Nagy ellen\u00e1ll\u00e1s a nagy intenzit\u00e1s\u00fa l\u00e9zersug\u00e1rz\u00e1ssal szemben, ami az UV spektrumtartom\u00e1nyra is vonatkozik (pl. excimer l\u00e9zer).<\/li><li value=\"NaN\">Magas alkalmaz\u00e1si h\u0151m\u00e9rs\u00e9klet 1200 C fok - majdnem n\u00e9gyszer magasabb, mint a k\u00f6z\u00f6ns\u00e9ges \u00fcveg.<\/li><li value=\"NaN\">Alacsony h\u0151t\u00e1gul\u00e1si egy\u00fctthat\u00f3, ami rendk\u00edv\u00fcl magas h\u0151m\u00e9rs\u00e9kleti sokk\u00e1ll\u00f3s\u00e1got eredm\u00e9nyez, lehet\u0151v\u00e9 t\u00e9ve a gyors f\u0171t\u00e9st \u00e9s h\u0171t\u00e9st.<\/li><\/ol>\t\t\t\t\t\t\t\t<\/div>\n\t\t\t\t<\/div>\n\t\t\t\t\t<\/div>\n\t\t\t\t<\/div>\n\t\t\t\t<\/div>","protected":false},"excerpt":{"rendered":"<p>Fused Silica Plates \u2013 High Transmittance Quartz Optics Type:Clear Quartz PlateApplication:optical instrumentsThickness:0.5-100mmShape:Circular ShapePlace of Origin:Jiangsu, ChinaProcessing Service:Punching, CuttingRound plate Scope [&hellip;]<\/p>","protected":false},"author":7,"featured_media":680,"parent":841,"menu_order":0,"comment_status":"closed","ping_status":"closed","template":"","meta":{"_seopress_robots_primary_cat":"","_seopress_titles_title":"Fused Silica Plates \u2013 High Transmittance Quartz Optics","_seopress_titles_desc":"Custom quartz glass plates for optical systems. 10\u2013800mm sizes, 0.5\u2013100mm thick. Fused silica, 99.99% purity, UV to IR range, cut\/punched per drawing.","_seopress_robots_index":"","site-sidebar-layout":"no-sidebar","site-content-layout":"","ast-site-content-layout":"full-width-container","site-content-style":"default","site-sidebar-style":"default","ast-global-header-display":"","ast-banner-title-visibility":"","ast-main-header-display":"","ast-hfb-above-header-display":"","ast-hfb-below-header-display":"","ast-hfb-mobile-header-display":"","site-post-title":"disabled","ast-breadcrumbs-content":"","ast-featured-img":"disabled","footer-sml-layout":"","theme-transparent-header-meta":"","adv-header-id-meta":"","stick-header-meta":"","header-above-stick-meta":"","header-main-stick-meta":"","header-below-stick-meta":"","astra-migrate-meta-layouts":"default","ast-page-background-enabled":"default","ast-page-background-meta":{"desktop":{"background-color":"var(--ast-global-color-5)","background-image":"","background-repeat":"repeat","background-position":"center center","background-size":"auto","background-attachment":"scroll","background-type":"","background-media":"","overlay-type":"","overlay-color":"","overlay-opacity":"","overlay-gradient":""},"tablet":{"background-color":"","background-image":"","background-repeat":"repeat","background-position":"center center","background-size":"auto","background-attachment":"scroll","background-type":"","background-media":"","overlay-type":"","overlay-color":"","overlay-opacity":"","overlay-gradient":""},"mobile":{"background-color":"","background-image":"","background-repeat":"repeat","background-position":"center center","background-size":"auto","background-attachment":"scroll","background-type":"","background-media":"","overlay-type":"","overlay-color":"","overlay-opacity":"","overlay-gradient":""}},"ast-content-background-meta":{"desktop":{"background-color":"var(--ast-global-color-4)","background-image":"","background-repeat":"repeat","background-position":"center center","background-size":"auto","background-attachment":"scroll","background-type":"","background-media":"","overlay-type":"","overlay-color":"","overlay-opacity":"","overlay-gradient":""},"tablet":{"background-color":"var(--ast-global-color-4)","background-image":"","background-repeat":"repeat","background-position":"center center","background-size":"auto","background-attachment":"scroll","background-type":"","background-media":"","overlay-type":"","overlay-color":"","overlay-opacity":"","overlay-gradient":""},"mobile":{"background-color":"var(--ast-global-color-4)","background-image":"","background-repeat":"repeat","background-position":"center center","background-size":"auto","background-attachment":"scroll","background-type":"","background-media":"","overlay-type":"","overlay-color":"","overlay-opacity":"","overlay-gradient":""}},"footnotes":""},"class_list":["post-679","page","type-page","status-publish","has-post-thumbnail","hentry"],"_hostinger_reach_plugin_has_subscription_block":false,"_hostinger_reach_plugin_is_elementor":false,"_links":{"self":[{"href":"https:\/\/exactquartz.com\/hu\/wp-json\/wp\/v2\/pages\/679","targetHints":{"allow":["GET"]}}],"collection":[{"href":"https:\/\/exactquartz.com\/hu\/wp-json\/wp\/v2\/pages"}],"about":[{"href":"https:\/\/exactquartz.com\/hu\/wp-json\/wp\/v2\/types\/page"}],"author":[{"embeddable":true,"href":"https:\/\/exactquartz.com\/hu\/wp-json\/wp\/v2\/users\/7"}],"replies":[{"embeddable":true,"href":"https:\/\/exactquartz.com\/hu\/wp-json\/wp\/v2\/comments?post=679"}],"version-history":[{"count":14,"href":"https:\/\/exactquartz.com\/hu\/wp-json\/wp\/v2\/pages\/679\/revisions"}],"predecessor-version":[{"id":1425,"href":"https:\/\/exactquartz.com\/hu\/wp-json\/wp\/v2\/pages\/679\/revisions\/1425"}],"up":[{"embeddable":true,"href":"https:\/\/exactquartz.com\/hu\/wp-json\/wp\/v2\/pages\/841"}],"wp:featuredmedia":[{"embeddable":true,"href":"https:\/\/exactquartz.com\/hu\/wp-json\/wp\/v2\/media\/680"}],"wp:attachment":[{"href":"https:\/\/exactquartz.com\/hu\/wp-json\/wp\/v2\/media?parent=679"}],"curies":[{"name":"wp","href":"https:\/\/api.w.org\/{rel}","templated":true}]}}