{"id":101,"date":"2025-03-12T16:00:25","date_gmt":"2025-03-12T08:00:25","guid":{"rendered":"https:\/\/exactquartz.com\/?page_id=101"},"modified":"2026-04-10T19:44:51","modified_gmt":"2026-04-10T11:44:51","slug":"about","status":"publish","type":"page","link":"https:\/\/exactquartz.com\/it\/about\/","title":{"rendered":"Circa"},"content":{"rendered":"<div data-elementor-type=\"wp-page\" data-elementor-id=\"101\" class=\"elementor elementor-101\" data-elementor-post-type=\"page\">\n\t\t\t\t<div class=\"elementor-element elementor-element-dbff14b e-flex e-con-boxed e-con e-parent\" data-id=\"dbff14b\" data-element_type=\"container\">\n\t\t\t\t\t<div class=\"e-con-inner\">\n\t\t\t\t<div class=\"elementor-element elementor-element-8e92d75 elementor-widget elementor-widget-heading\" data-id=\"8e92d75\" data-element_type=\"widget\" data-widget_type=\"heading.default\">\n\t\t\t\t<div class=\"elementor-widget-container\">\n\t\t\t\t\t<h2 class=\"elementor-heading-title elementor-size-default\">Quarzo fuso personalizzato<\/h2>\t\t\t\t<\/div>\n\t\t\t\t<\/div>\n\t\t\t\t<div class=\"elementor-element elementor-element-53373c9 elementor-widget elementor-widget-text-editor\" data-id=\"53373c9\" data-element_type=\"widget\" data-widget_type=\"text-editor.default\">\n\t\t\t\t<div class=\"elementor-widget-container\">\n\t\t\t\t\t\t\t\t\t<p>Esistono vari tipi di prodotti di quarzo fuso personalizzati, tra cui tubi di quarzo, barre di quarzo, piastre di quarzo, crogioli di quarzo, ecc. Questi prodotti possono essere progettati e realizzati in base ai requisiti dei clienti per soddisfare le loro specifiche esigenze sperimentali o applicative. Ad esempio, negli esperimenti di sintesi chimica, i tubi e le barre di quarzo possono essere utilizzati per riscaldare e mescolare i reagenti, mentre i crogioli di quarzo possono essere utilizzati per contenere e riscaldare i campioni. Negli esperimenti di spettroscopia e di osservazione al microscopio, le piastre di quarzo possono essere utilizzate per creare supporti per i campioni e finestre per facilitare l'osservazione e l'analisi dei campioni.<\/p>\t\t\t\t\t\t\t\t<\/div>\n\t\t\t\t<\/div>\n\t\t\t\t<div class=\"elementor-element elementor-element-6c23f0e elementor-widget elementor-widget-image\" data-id=\"6c23f0e\" data-element_type=\"widget\" data-widget_type=\"image.default\">\n\t\t\t\t<div class=\"elementor-widget-container\">\n\t\t\t\t\t\t\t\t\t\t\t\t\t\t\t<img fetchpriority=\"high\" decoding=\"async\" width=\"1182\" height=\"626\" src=\"https:\/\/exactquartz.com\/wp-content\/uploads\/2025\/03\/customized-fused-quartz-products.webp\" class=\"attachment-full size-full wp-image-105\" alt=\"prodotti di quarzo fuso personalizzati\" srcset=\"https:\/\/exactquartz.com\/wp-content\/uploads\/2025\/03\/customized-fused-quartz-products.webp 1182w, https:\/\/exactquartz.com\/wp-content\/uploads\/2025\/03\/customized-fused-quartz-products-300x159.webp 300w, https:\/\/exactquartz.com\/wp-content\/uploads\/2025\/03\/customized-fused-quartz-products-1024x542.webp 1024w, https:\/\/exactquartz.com\/wp-content\/uploads\/2025\/03\/customized-fused-quartz-products-768x407.webp 768w\" sizes=\"(max-width: 1182px) 100vw, 1182px\" \/>\t\t\t\t\t\t\t\t\t\t\t\t\t\t\t<\/div>\n\t\t\t\t<\/div>\n\t\t\t\t\t<\/div>\n\t\t\t\t<\/div>\n\t\t<div class=\"elementor-element elementor-element-027fa49 e-flex e-con-boxed e-con e-parent\" data-id=\"027fa49\" data-element_type=\"container\">\n\t\t\t\t\t<div class=\"e-con-inner\">\n\t\t\t\t<div class=\"elementor-element elementor-element-68f308e elementor-widget elementor-widget-heading\" data-id=\"68f308e\" data-element_type=\"widget\" data-widget_type=\"heading.default\">\n\t\t\t\t<div class=\"elementor-widget-container\">\n\t\t\t\t\t<h2 class=\"elementor-heading-title elementor-size-default\">Chi siamo<\/h2>\t\t\t\t<\/div>\n\t\t\t\t<\/div>\n\t\t\t\t<div class=\"elementor-element elementor-element-f8828d7 elementor-widget elementor-widget-text-editor\" data-id=\"f8828d7\" data-element_type=\"widget\" data-widget_type=\"text-editor.default\">\n\t\t\t\t<div class=\"elementor-widget-container\">\n\t\t\t\t\t\t\t\t\t<p>La nostra azienda \u00e8 impegnata principalmente nella produzione e nella vendita di prodotti in vetro di quarzo come tubi di quarzo, aste di quarzo, piastre\/dischi di quarzo e altri oggetti in vetro di quarzo o parti di quarzo. Vendiamo anche altri prodotti in vetro correlati con il miglior prezzo e qualit\u00e0. I prodotti in vetro di quarzo sono principalmente prodotti e lavorati dalla nostra azienda. Abbiamo pi\u00f9 di 10 anni di esperienza di produzione nel campo del vetro per garantire la qualit\u00e0 dei prodotti e un team di professionisti per garantire il servizio post-vendita. I prodotti dell'agente provengono dai nostri anni di cooperazione con i fornitori di materie prime e prodotti finiti, inoltre la qualit\u00e0 del prodotto \u00e8 garantita.<\/p><p>Serviamo i clienti in tutto il mondo, compresi Nord America, Europa, Sud America, Medio Oriente, Africa e cos\u00ec via.<\/p><p>Il nostro obiettivo \u00e8 fornire tempi di consegna rapidi, prodotti affidabili e di qualit\u00e0 a un prezzo equo.<\/p>\t\t\t\t\t\t\t\t<\/div>\n\t\t\t\t<\/div>\n\t\t\t\t\t<\/div>\n\t\t\t\t<\/div>\n\t\t<div class=\"elementor-element elementor-element-7c43ae1 e-flex e-con-boxed e-con e-parent\" data-id=\"7c43ae1\" data-element_type=\"container\">\n\t\t\t\t\t<div class=\"e-con-inner\">\n\t\t\t\t<div class=\"elementor-element elementor-element-ebf79b6 elementor-widget elementor-widget-heading\" data-id=\"ebf79b6\" data-element_type=\"widget\" data-widget_type=\"heading.default\">\n\t\t\t\t<div class=\"elementor-widget-container\">\n\t\t\t\t\t<h2 class=\"elementor-heading-title elementor-size-default\">Perch\u00e9 scegliere noi<\/h2>\t\t\t\t<\/div>\n\t\t\t\t<\/div>\n\t\t\t\t\t<\/div>\n\t\t\t\t<\/div>\n\t\t<div class=\"elementor-element elementor-element-31f3112 e-flex e-con-boxed e-con e-parent\" data-id=\"31f3112\" data-element_type=\"container\">\n\t\t\t\t\t<div class=\"e-con-inner\">\n\t\t\t\t<div class=\"elementor-element elementor-element-314aaa9 elementor-widget elementor-widget-n-accordion\" data-id=\"314aaa9\" data-element_type=\"widget\" data-settings=\"{&quot;default_state&quot;:&quot;expanded&quot;,&quot;max_items_expended&quot;:&quot;one&quot;,&quot;n_accordion_animation_duration&quot;:{&quot;unit&quot;:&quot;ms&quot;,&quot;size&quot;:400,&quot;sizes&quot;:[]}}\" data-widget_type=\"nested-accordion.default\">\n\t\t\t\t<div class=\"elementor-widget-container\">\n\t\t\t\t\t\t\t<div class=\"e-n-accordion\" aria-label=\"Fisarmonica. Aprite i collegamenti con Invio o Spazio, chiudeteli con Escape e navigate con i tasti freccia.\">\n\t\t\t\t\t\t<details id=\"e-n-accordion-item-5160\" class=\"e-n-accordion-item\" open>\n\t\t\t\t<summary class=\"e-n-accordion-item-title\" data-accordion-index=\"1\" tabindex=\"0\" aria-expanded=\"true\" aria-controls=\"e-n-accordion-item-5160\" >\n\t\t\t\t\t<span class='e-n-accordion-item-title-header'><div class=\"e-n-accordion-item-title-text\"> Come trovare la fabbrica giusta? <\/div><\/span>\n\t\t\t\t\t\t\t<span class='e-n-accordion-item-title-icon'>\n\t\t\t<span class='e-opened' ><svg aria-hidden=\"true\" class=\"e-font-icon-svg e-fas-minus\" viewbox=\"0 0 448 512\" xmlns=\"http:\/\/www.w3.org\/2000\/svg\"><path d=\"M416 208H32c-17.67 0-32 14.33-32 32v32c0 17.67 14.33 32 32 32h384c17.67 0 32-14.33 32-32v-32c0-17.67-14.33-32-32-32z\"><\/path><\/svg><\/span>\n\t\t\t<span class='e-closed'><svg aria-hidden=\"true\" class=\"e-font-icon-svg e-fas-plus\" viewbox=\"0 0 448 512\" xmlns=\"http:\/\/www.w3.org\/2000\/svg\"><path d=\"M416 208H272V64c0-17.67-14.33-32-32-32h-32c-17.67 0-32 14.33-32 32v144H32c-17.67 0-32 14.33-32 32v32c0 17.67 14.33 32 32 32h144v144c0 17.67 14.33 32 32 32h32c17.67 0 32-14.33 32-32V304h144c17.67 0 32-14.33 32-32v-32c0-17.67-14.33-32-32-32z\"><\/path><\/svg><\/span>\n\t\t<\/span>\n\n\t\t\t\t\t\t<\/summary>\n\t\t\t\t<div role=\"region\" aria-labelledby=\"e-n-accordion-item-5160\" class=\"elementor-element elementor-element-c4b3078 e-con-full e-flex e-con e-child\" data-id=\"c4b3078\" data-element_type=\"container\">\n\t\t\t\t<div class=\"elementor-element elementor-element-809494f elementor-widget elementor-widget-text-editor\" data-id=\"809494f\" data-element_type=\"widget\" data-widget_type=\"text-editor.default\">\n\t\t\t\t<div class=\"elementor-widget-container\">\n\t\t\t\t\t\t\t\t\t<p>Non scendiamo mai a compromessi......<\/p><p>Credo sia abbastanza facile trovare un fornitore cinese online, l'unico problema \u00e8 che \u00e8 troppo difficile trovare la fabbrica giusta. Si pu\u00f2 fare, ma ci vuole tempo.<\/p><p>Le lamentele pi\u00f9 comuni riguardano la qualit\u00e0 incoerente, la scarsa comunicazione e il cattivo servizio da parte del personale di vendita della fabbrica. Probabilmente avete sentito dire o avete conosciuto che ci sono fabbriche estremamente sofisticate, le cui conoscenze e competenze di produzione continuano a migliorare.<\/p><p>Per quanto ci riguarda, trattiamo con oltre 15 produttori da molti anni. Sappiamo dove trovare la fabbrica perfetta per il vostro ordine, a un prezzo da cui entrambi possiamo trarre profitto. E la nostra profonda esperienza di sourcing garantisce una produzione senza preoccupazioni.<\/p>\t\t\t\t\t\t\t\t<\/div>\n\t\t\t\t<\/div>\n\t\t\t\t<\/div>\n\t\t\t\t\t<\/details>\n\t\t\t\t\t\t<details id=\"e-n-accordion-item-5161\" class=\"e-n-accordion-item\" >\n\t\t\t\t<summary class=\"e-n-accordion-item-title\" data-accordion-index=\"2\" tabindex=\"-1\" aria-expanded=\"false\" aria-controls=\"e-n-accordion-item-5161\" >\n\t\t\t\t\t<span class='e-n-accordion-item-title-header'><div class=\"e-n-accordion-item-title-text\"> Cosa definisce un buon fornitore? <\/div><\/span>\n\t\t\t\t\t\t\t<span class='e-n-accordion-item-title-icon'>\n\t\t\t<span class='e-opened' ><svg aria-hidden=\"true\" class=\"e-font-icon-svg e-fas-minus\" viewbox=\"0 0 448 512\" xmlns=\"http:\/\/www.w3.org\/2000\/svg\"><path d=\"M416 208H32c-17.67 0-32 14.33-32 32v32c0 17.67 14.33 32 32 32h384c17.67 0 32-14.33 32-32v-32c0-17.67-14.33-32-32-32z\"><\/path><\/svg><\/span>\n\t\t\t<span class='e-closed'><svg aria-hidden=\"true\" class=\"e-font-icon-svg e-fas-plus\" viewbox=\"0 0 448 512\" xmlns=\"http:\/\/www.w3.org\/2000\/svg\"><path d=\"M416 208H272V64c0-17.67-14.33-32-32-32h-32c-17.67 0-32 14.33-32 32v144H32c-17.67 0-32 14.33-32 32v32c0 17.67 14.33 32 32 32h144v144c0 17.67 14.33 32 32 32h32c17.67 0 32-14.33 32-32V304h144c17.67 0 32-14.33 32-32v-32c0-17.67-14.33-32-32-32z\"><\/path><\/svg><\/span>\n\t\t<\/span>\n\n\t\t\t\t\t\t<\/summary>\n\t\t\t\t<div role=\"region\" aria-labelledby=\"e-n-accordion-item-5161\" class=\"elementor-element elementor-element-503fcf4 e-con-full e-flex e-con e-child\" data-id=\"503fcf4\" data-element_type=\"container\">\n\t\t\t\t<div class=\"elementor-element elementor-element-867be9b elementor-widget elementor-widget-text-editor\" data-id=\"867be9b\" data-element_type=\"widget\" data-widget_type=\"text-editor.default\">\n\t\t\t\t<div class=\"elementor-widget-container\">\n\t\t\t\t\t\t\t\t\t<p>Conveniente, competente, reattivo, affidabile......<\/p><p>Nemmeno noi abbiamo una risposta universale a questa domanda.<\/p><p>Tuttavia, nel corso di 15 anni, Changlian ha acquisito le conoscenze essenziali su questa questione centrale. Siamo un fornitore affidabile e di valore aggiunto, con un modello commerciale sostenibile, relazioni professionali con i clienti e la volont\u00e0 di apportare i cambiamenti necessari in base all'attuale ambiente commerciale in Cina. La garanzia di qualit\u00e0 e il concetto di servizio completo sono completati dal nostro processo operativo standard.<\/p><p>Il nostro valore \u00e8 \"Autenticit\u00e0, Affidabilit\u00e0, Integrit\u00e0\". L'espressione pi\u00f9 pura di questi valori fondamentali \u00e8 il nostro concetto di servizio completo.<\/p>\t\t\t\t\t\t\t\t<\/div>\n\t\t\t\t<\/div>\n\t\t\t\t<\/div>\n\t\t\t\t\t<\/details>\n\t\t\t\t\t\t<details id=\"e-n-accordion-item-5162\" class=\"e-n-accordion-item\" >\n\t\t\t\t<summary class=\"e-n-accordion-item-title\" data-accordion-index=\"3\" tabindex=\"-1\" aria-expanded=\"false\" aria-controls=\"e-n-accordion-item-5162\" >\n\t\t\t\t\t<span class='e-n-accordion-item-title-header'><div class=\"e-n-accordion-item-title-text\"> Cosa caratterizza la qualit\u00e0 di un'azienda? <\/div><\/span>\n\t\t\t\t\t\t\t<span class='e-n-accordion-item-title-icon'>\n\t\t\t<span class='e-opened' ><svg aria-hidden=\"true\" class=\"e-font-icon-svg e-fas-minus\" viewbox=\"0 0 448 512\" xmlns=\"http:\/\/www.w3.org\/2000\/svg\"><path d=\"M416 208H32c-17.67 0-32 14.33-32 32v32c0 17.67 14.33 32 32 32h384c17.67 0 32-14.33 32-32v-32c0-17.67-14.33-32-32-32z\"><\/path><\/svg><\/span>\n\t\t\t<span class='e-closed'><svg aria-hidden=\"true\" class=\"e-font-icon-svg e-fas-plus\" viewbox=\"0 0 448 512\" xmlns=\"http:\/\/www.w3.org\/2000\/svg\"><path d=\"M416 208H272V64c0-17.67-14.33-32-32-32h-32c-17.67 0-32 14.33-32 32v144H32c-17.67 0-32 14.33-32 32v32c0 17.67 14.33 32 32 32h144v144c0 17.67 14.33 32 32 32h32c17.67 0 32-14.33 32-32V304h144c17.67 0 32-14.33 32-32v-32c0-17.67-14.33-32-32-32z\"><\/path><\/svg><\/span>\n\t\t<\/span>\n\n\t\t\t\t\t\t<\/summary>\n\t\t\t\t<div role=\"region\" aria-labelledby=\"e-n-accordion-item-5162\" class=\"elementor-element elementor-element-6779cb0 e-con-full e-flex e-con e-child\" data-id=\"6779cb0\" data-element_type=\"container\">\n\t\t\t\t<div class=\"elementor-element elementor-element-35b1450 elementor-widget elementor-widget-text-editor\" data-id=\"35b1450\" data-element_type=\"widget\" data-widget_type=\"text-editor.default\">\n\t\t\t\t<div class=\"elementor-widget-container\">\n\t\t\t\t\t\t\t\t\t<p>Qualit\u00e0 e prestazioni, il nostro posizionamento sul mercato......<\/p><p>In Changlian indurstrial la nostra priorit\u00e0 assoluta \u00e8 l'alta qualit\u00e0 dei prodotti fabbricati.<\/p><p>In riferimento all'ambiente competitivo in cui operiamo e alle strutture commerciali, le aziende si distinguono sempre meno per i prezzi. Ecco perch\u00e9 noi, in qualit\u00e0 di fornitori di valore aggiunto, offriamo soluzioni integrate orientate ai servizi che creano un valore aggiunto chiaramente riconoscibile per i nostri clienti.<\/p><ul><li>Personalizziamo i prodotti in base alle vostre richieste<\/li><li>Forniamo un'assistenza mirata e personalizzata<\/li><li>Ci concentriamo sulle esigenze dei nostri clienti<\/li><li>Manteniamo relazioni a lungo termine e simili a quelle di un partner<\/li><\/ul>\t\t\t\t\t\t\t\t<\/div>\n\t\t\t\t<\/div>\n\t\t\t\t<\/div>\n\t\t\t\t\t<\/details>\n\t\t\t\t\t<\/div>\n\t\t\t\t\t\t<\/div>\n\t\t\t\t<\/div>\n\t\t\t\t\t<\/div>\n\t\t\t\t<\/div>\n\t\t<div class=\"elementor-element elementor-element-caaabba e-flex e-con-boxed e-con e-parent\" data-id=\"caaabba\" data-element_type=\"container\">\n\t\t\t\t\t<div class=\"e-con-inner\">\n\t\t\t\t<div class=\"elementor-element elementor-element-f68012e elementor-widget elementor-widget-heading\" data-id=\"f68012e\" data-element_type=\"widget\" data-widget_type=\"heading.default\">\n\t\t\t\t<div class=\"elementor-widget-container\">\n\t\t\t\t\t<h2 class=\"elementor-heading-title elementor-size-default\">Contatto<\/h2>\t\t\t\t<\/div>\n\t\t\t\t<\/div>\n\t\t\t\t\t<\/div>\n\t\t\t\t<\/div>\n\t\t<div class=\"elementor-element elementor-element-007b524 e-flex e-con-boxed e-con e-parent\" data-id=\"007b524\" data-element_type=\"container\" data-settings=\"{&quot;background_background&quot;:&quot;classic&quot;}\">\n\t\t\t\t\t<div class=\"e-con-inner\">\n\t\t<div class=\"elementor-element elementor-element-b4bcc68 e-con-full e-flex e-con e-child\" data-id=\"b4bcc68\" data-element_type=\"container\">\n\t\t\t\t<div class=\"elementor-element elementor-element-acea703 elementor-button-align-stretch elementor-widget elementor-widget-form\" data-id=\"acea703\" data-element_type=\"widget\" data-settings=\"{&quot;step_next_label&quot;:&quot;Next&quot;,&quot;step_previous_label&quot;:&quot;Previous&quot;,&quot;button_width&quot;:&quot;100&quot;,&quot;step_type&quot;:&quot;number_text&quot;,&quot;step_icon_shape&quot;:&quot;circle&quot;}\" data-widget_type=\"form.default\">\n\t\t\t\t<div class=\"elementor-widget-container\">\n\t\t\t\t\t\t\t<form class=\"elementor-form\" method=\"post\" name=\"New Form\" aria-label=\"Nuovo modulo\" action=\"\">\n\t\t\t<input type=\"hidden\" name=\"post_id\" value=\"101\"\/>\n\t\t\t<input type=\"hidden\" name=\"form_id\" value=\"acea703\"\/>\n\t\t\t<input type=\"hidden\" name=\"referer_title\" value=\"\" \/>\n\n\t\t\t\n\t\t\t<div class=\"elementor-form-fields-wrapper elementor-labels-above\">\n\t\t\t\t\t\t\t\t<div class=\"elementor-field-type-email elementor-field-group elementor-column elementor-field-group-email elementor-col-100 elementor-field-required elementor-mark-required\">\n\t\t\t\t\t\t\t\t\t\t\t\t<label for=\"form-field-email\" class=\"elementor-field-label\">\n\t\t\t\t\t\t\t\tEmail\t\t\t\t\t\t\t<\/label>\n\t\t\t\t\t\t\t\t\t\t\t\t\t\t<input size=\"1\" type=\"email\" name=\"form_fields[email]\" id=\"form-field-email\" class=\"elementor-field elementor-size-sm  elementor-field-textual\" placeholder=\"Email\" required=\"required\">\n\t\t\t\t\t\t\t\t\t\t\t<\/div>\n\t\t\t\t\t\t\t\t<div class=\"elementor-field-type-text elementor-field-group elementor-column elementor-field-group-name elementor-col-100\">\n\t\t\t\t\t\t\t\t\t\t\t\t<label for=\"form-field-name\" class=\"elementor-field-label\">\n\t\t\t\t\t\t\t\tNome\t\t\t\t\t\t\t<\/label>\n\t\t\t\t\t\t\t\t\t\t\t\t\t\t<input size=\"1\" type=\"text\" name=\"form_fields[name]\" id=\"form-field-name\" class=\"elementor-field elementor-size-sm  elementor-field-textual\" placeholder=\"Nome\">\n\t\t\t\t\t\t\t\t\t\t\t<\/div>\n\t\t\t\t\t\t\t\t<div class=\"elementor-field-type-text elementor-field-group elementor-column elementor-field-group-field_2142395 elementor-col-100\">\n\t\t\t\t\t\t\t\t\t\t\t\t<label for=\"form-field-field_2142395\" class=\"elementor-field-label\">\n\t\t\t\t\t\t\t\tAzienda\t\t\t\t\t\t\t<\/label>\n\t\t\t\t\t\t\t\t\t\t\t\t\t\t<input size=\"1\" type=\"text\" name=\"form_fields[field_2142395]\" id=\"form-field-field_2142395\" class=\"elementor-field elementor-size-sm  elementor-field-textual\" placeholder=\"Azienda\">\n\t\t\t\t\t\t\t\t\t\t\t<\/div>\n\t\t\t\t\t\t\t\t<div class=\"elementor-field-type-text elementor-field-group elementor-column elementor-field-group-field_910d9b8 elementor-col-100\">\n\t\t\t\t\t\t\t\t\t\t\t\t<label for=\"form-field-field_910d9b8\" class=\"elementor-field-label\">\n\t\t\t\t\t\t\t\tQuantit\u00e0\t\t\t\t\t\t\t<\/label>\n\t\t\t\t\t\t\t\t\t\t\t\t\t\t<input size=\"1\" type=\"text\" name=\"form_fields[field_910d9b8]\" id=\"form-field-field_910d9b8\" class=\"elementor-field elementor-size-sm  elementor-field-textual\" placeholder=\"Quantit\u00e0\">\n\t\t\t\t\t\t\t\t\t\t\t<\/div>\n\t\t\t\t\t\t\t\t<div class=\"elementor-field-type-textarea elementor-field-group elementor-column elementor-field-group-message elementor-col-100 elementor-field-required elementor-mark-required\">\n\t\t\t\t\t\t\t\t\t\t\t\t<label for=\"form-field-message\" class=\"elementor-field-label\">\n\t\t\t\t\t\t\t\tMessaggio\t\t\t\t\t\t\t<\/label>\n\t\t\t\t\t\t<textarea class=\"elementor-field-textual elementor-field  elementor-size-sm\" name=\"form_fields[message]\" id=\"form-field-message\" rows=\"4\" placeholder=\"Messaggio\" required=\"required\"><\/textarea>\t\t\t\t<\/div>\n\t\t\t\t\t\t\t\t<div class=\"elementor-field-type-recaptcha_v3 elementor-field-group elementor-column elementor-field-group-field_ae761ac elementor-col-100 recaptcha_v3-bottomright\">\n\t\t\t\t\t<div class=\"elementor-field\" id=\"form-field-field_ae761ac\"><div class=\"elementor-g-recaptcha\" data-sitekey=\"6LdhlhorAAAAAPBwag6SlK9inlSeBDVUmykMyzvp\" data-type=\"v3\" data-action=\"Form\" data-badge=\"bottomright\" data-size=\"invisible\"><\/div><\/div>\t\t\t\t<\/div>\n\t\t\t\t\t\t\t\t<div class=\"elementor-field-group elementor-column elementor-field-type-submit elementor-col-100 e-form__buttons\">\n\t\t\t\t\t<button class=\"elementor-button elementor-size-sm\" type=\"submit\">\n\t\t\t\t\t\t<span class=\"elementor-button-content-wrapper\">\n\t\t\t\t\t\t\t\t\t\t\t\t\t\t\t\t\t\t\t\t\t\t<span class=\"elementor-button-text\">Inviare<\/span>\n\t\t\t\t\t\t\t\t\t\t\t\t\t<\/span>\n\t\t\t\t\t<\/button>\n\t\t\t\t<\/div>\n\t\t\t<\/div>\n\t\t<input type=\"hidden\" name=\"trp-form-language\" value=\"it\"\/><\/form>\n\t\t\t\t\t\t<\/div>\n\t\t\t\t<\/div>\n\t\t\t\t<\/div>\n\t\t<div class=\"elementor-element elementor-element-0177d23 e-con-full e-flex e-con e-child\" data-id=\"0177d23\" data-element_type=\"container\">\n\t\t\t\t<div class=\"elementor-element elementor-element-601a6b9 elementor-widget elementor-widget-heading\" data-id=\"601a6b9\" data-element_type=\"widget\" data-widget_type=\"heading.default\">\n\t\t\t\t<div class=\"elementor-widget-container\">\n\t\t\t\t\t<h4 class=\"elementor-heading-title elementor-size-default\">Email<\/h4>\t\t\t\t<\/div>\n\t\t\t\t<\/div>\n\t\t\t\t<div class=\"elementor-element elementor-element-42a7724 elementor-widget elementor-widget-text-editor\" data-id=\"42a7724\" data-element_type=\"widget\" data-widget_type=\"text-editor.default\">\n\t\t\t\t<div class=\"elementor-widget-container\">\n\t\t\t\t\t\t\t\t\t<p>sales@exactquartz.com<\/p>\t\t\t\t\t\t\t\t<\/div>\n\t\t\t\t<\/div>\n\t\t\t\t<div class=\"elementor-element elementor-element-12a1e66 elementor-widget elementor-widget-heading\" data-id=\"12a1e66\" data-element_type=\"widget\" data-widget_type=\"heading.default\">\n\t\t\t\t<div class=\"elementor-widget-container\">\n\t\t\t\t\t<h4 class=\"elementor-heading-title elementor-size-default\">Telefono<\/h4>\t\t\t\t<\/div>\n\t\t\t\t<\/div>\n\t\t\t\t<div class=\"elementor-element elementor-element-f42a1d4 elementor-widget elementor-widget-text-editor\" data-id=\"f42a1d4\" data-element_type=\"widget\" data-widget_type=\"text-editor.default\">\n\t\t\t\t<div class=\"elementor-widget-container\">\n\t\t\t\t\t\t\t\t\t<p>86-18925895231<\/p>\t\t\t\t\t\t\t\t<\/div>\n\t\t\t\t<\/div>\n\t\t\t\t<div class=\"elementor-element elementor-element-c2d9d04 elementor-widget elementor-widget-heading\" data-id=\"c2d9d04\" data-element_type=\"widget\" data-widget_type=\"heading.default\">\n\t\t\t\t<div class=\"elementor-widget-container\">\n\t\t\t\t\t<h4 class=\"elementor-heading-title elementor-size-default\">Indirizzo<\/h4>\t\t\t\t<\/div>\n\t\t\t\t<\/div>\n\t\t\t\t<div class=\"elementor-element elementor-element-9ab9475 elementor-widget elementor-widget-text-editor\" data-id=\"9ab9475\" data-element_type=\"widget\" data-widget_type=\"text-editor.default\">\n\t\t\t\t<div class=\"elementor-widget-container\">\n\t\t\t\t\t\t\t\t\t<p>Room 403, No. 13, 1st Alley, Lizhiyuan, Zhouwuji, Wanjiang Subdistrict, Dongguan, Guangdong, China<\/p>\t\t\t\t\t\t\t\t<\/div>\n\t\t\t\t<\/div>\n\t\t\t\t<\/div>\n\t\t\t\t\t<\/div>\n\t\t\t\t<\/div>\n\t\t\t\t<\/div>","protected":false},"excerpt":{"rendered":"<p>Custom Fused Quartz There are various types of customized fused quartz products, including quartz tubes, quartz rods, quartz plates, quartz [&hellip;]<\/p>","protected":false},"author":2,"featured_media":0,"parent":0,"menu_order":0,"comment_status":"closed","ping_status":"closed","template":"","meta":{"_seopress_robots_primary_cat":"","_seopress_titles_title":"About ExactQuartz \u2013 Fused Quartz Tubes, Rods & Plates","_seopress_titles_desc":"Learn about ExactQuartz, a quartz glass manufacturer with 10+ years of experience. We supply custom fused quartz parts worldwide with quality & speed.","_seopress_robots_index":"","site-sidebar-layout":"no-sidebar","site-content-layout":"","ast-site-content-layout":"full-width-container","site-content-style":"default","site-sidebar-style":"default","ast-global-header-display":"","ast-banner-title-visibility":"","ast-main-header-display":"","ast-hfb-above-header-display":"","ast-hfb-below-header-display":"","ast-hfb-mobile-header-display":"","site-post-title":"disabled","ast-breadcrumbs-content":"","ast-featured-img":"disabled","footer-sml-layout":"","theme-transparent-header-meta":"","adv-header-id-meta":"","stick-header-meta":"","header-above-stick-meta":"","header-main-stick-meta":"","header-below-stick-meta":"","astra-migrate-meta-layouts":"default","ast-page-background-enabled":"default","ast-page-background-meta":{"desktop":{"background-color":"var(--ast-global-color-5)","background-image":"","background-repeat":"repeat","background-position":"center center","background-size":"auto","background-attachment":"scroll","background-type":"","background-media":"","overlay-type":"","overlay-color":"","overlay-opacity":"","overlay-gradient":""},"tablet":{"background-color":"","background-image":"","background-repeat":"repeat","background-position":"center center","background-size":"auto","background-attachment":"scroll","background-type":"","background-media":"","overlay-type":"","overlay-color":"","overlay-opacity":"","overlay-gradient":""},"mobile":{"background-color":"","background-image":"","background-repeat":"repeat","background-position":"center center","background-size":"auto","background-attachment":"scroll","background-type":"","background-media":"","overlay-type":"","overlay-color":"","overlay-opacity":"","overlay-gradient":""}},"ast-content-background-meta":{"desktop":{"background-color":"var(--ast-global-color-4)","background-image":"","background-repeat":"repeat","background-position":"center center","background-size":"auto","background-attachment":"scroll","background-type":"","background-media":"","overlay-type":"","overlay-color":"","overlay-opacity":"","overlay-gradient":""},"tablet":{"background-color":"var(--ast-global-color-4)","background-image":"","background-repeat":"repeat","background-position":"center center","background-size":"auto","background-attachment":"scroll","background-type":"","background-media":"","overlay-type":"","overlay-color":"","overlay-opacity":"","overlay-gradient":""},"mobile":{"background-color":"var(--ast-global-color-4)","background-image":"","background-repeat":"repeat","background-position":"center center","background-size":"auto","background-attachment":"scroll","background-type":"","background-media":"","overlay-type":"","overlay-color":"","overlay-opacity":"","overlay-gradient":""}},"footnotes":""},"class_list":["post-101","page","type-page","status-publish","hentry"],"_hostinger_reach_plugin_has_subscription_block":false,"_hostinger_reach_plugin_is_elementor":false,"_links":{"self":[{"href":"https:\/\/exactquartz.com\/it\/wp-json\/wp\/v2\/pages\/101","targetHints":{"allow":["GET"]}}],"collection":[{"href":"https:\/\/exactquartz.com\/it\/wp-json\/wp\/v2\/pages"}],"about":[{"href":"https:\/\/exactquartz.com\/it\/wp-json\/wp\/v2\/types\/page"}],"author":[{"embeddable":true,"href":"https:\/\/exactquartz.com\/it\/wp-json\/wp\/v2\/users\/2"}],"replies":[{"embeddable":true,"href":"https:\/\/exactquartz.com\/it\/wp-json\/wp\/v2\/comments?post=101"}],"version-history":[{"count":38,"href":"https:\/\/exactquartz.com\/it\/wp-json\/wp\/v2\/pages\/101\/revisions"}],"predecessor-version":[{"id":1997,"href":"https:\/\/exactquartz.com\/it\/wp-json\/wp\/v2\/pages\/101\/revisions\/1997"}],"wp:attachment":[{"href":"https:\/\/exactquartz.com\/it\/wp-json\/wp\/v2\/media?parent=101"}],"curies":[{"name":"wp","href":"https:\/\/api.w.org\/{rel}","templated":true}]}}