{"id":215,"date":"2025-03-13T10:43:04","date_gmt":"2025-03-13T02:43:04","guid":{"rendered":"https:\/\/exactquartz.com\/?page_id=215"},"modified":"2026-04-10T19:52:06","modified_gmt":"2026-04-10T11:52:06","slug":"blog","status":"publish","type":"page","link":"https:\/\/exactquartz.com\/it\/blog\/","title":{"rendered":"Blog"},"content":{"rendered":"<div data-elementor-type=\"wp-page\" data-elementor-id=\"215\" class=\"elementor elementor-215\" data-elementor-post-type=\"page\">\n\t\t\t\t<div class=\"elementor-element elementor-element-b55d022 e-flex e-con-boxed e-con e-parent\" data-id=\"b55d022\" data-element_type=\"container\">\n\t\t\t\t\t<div class=\"e-con-inner\">\n\t\t\t\t<div class=\"elementor-element elementor-element-12ba004 elementor-widget elementor-widget-heading\" data-id=\"12ba004\" data-element_type=\"widget\" data-widget_type=\"heading.default\">\n\t\t\t\t<div class=\"elementor-widget-container\">\n\t\t\t\t\t<h1 class=\"elementor-heading-title elementor-size-default\">Blog<\/h1>\t\t\t\t<\/div>\n\t\t\t\t<\/div>\n\t\t\t\t\t<\/div>\n\t\t\t\t<\/div>\n\t\t<div class=\"elementor-element elementor-element-5f375f8 e-flex e-con-boxed e-con e-parent\" data-id=\"5f375f8\" data-element_type=\"container\">\n\t\t\t\t\t<div class=\"e-con-inner\">\n\t\t\t\t<div class=\"elementor-element elementor-element-f8bc409 elementor-grid-3 elementor-grid-tablet-2 elementor-grid-mobile-1 elementor-posts--thumbnail-top elementor-posts--show-avatar elementor-card-shadow-yes elementor-posts__hover-gradient elementor-widget elementor-widget-posts\" data-id=\"f8bc409\" data-element_type=\"widget\" data-settings=\"{&quot;cards_columns&quot;:&quot;3&quot;,&quot;cards_columns_tablet&quot;:&quot;2&quot;,&quot;cards_columns_mobile&quot;:&quot;1&quot;,&quot;cards_row_gap&quot;:{&quot;unit&quot;:&quot;px&quot;,&quot;size&quot;:35,&quot;sizes&quot;:[]},&quot;cards_row_gap_tablet&quot;:{&quot;unit&quot;:&quot;px&quot;,&quot;size&quot;:&quot;&quot;,&quot;sizes&quot;:[]},&quot;cards_row_gap_mobile&quot;:{&quot;unit&quot;:&quot;px&quot;,&quot;size&quot;:&quot;&quot;,&quot;sizes&quot;:[]}}\" data-widget_type=\"posts.cards\">\n\t\t\t\t<div class=\"elementor-widget-container\">\n\t\t\t\t\t\t\t<div class=\"elementor-posts-container elementor-posts elementor-posts--skin-cards elementor-grid\" role=\"list\">\n\t\t\t\t<article class=\"elementor-post elementor-grid-item post-450 post type-post status-publish format-standard hentry category-uncategorized\" role=\"listitem\">\n\t\t\t<div class=\"elementor-post__card\">\n\t\t\t\t<div class=\"elementor-post__text\">\n\t\t\t\t<h3 class=\"elementor-post__title\">\n\t\t\t<a href=\"https:\/\/exactquartz.com\/it\/quartz-glass-market-has-great-development-space-and-semiconductor-is-its-main-application-field\/\" >\n\t\t\t\tIl mercato del vetro al quarzo ha un grande spazio di sviluppo e i semiconduttori sono il suo principale campo di applicazione.\t\t\t<\/a>\n\t\t<\/h3>\n\t\t\t\t<div class=\"elementor-post__excerpt\">\n\t\t\t<p>Il vetro di quarzo \u00e8 un materiale inorganico non metallico ed \u00e8 uno speciale vetro industriale composto da un singolo componente di biossido di silicio (SiO2). Il vetro di quarzo ha prestazioni eccellenti, resistenza alle alte temperature, elevata durezza, piccolo coefficiente di espansione, elevata trasmittanza spettrale, propriet\u00e0 chimiche stabili ed eccellente isolamento elettrico. Pu\u00f2 essere trasformato in<\/p>\n\t\t<\/div>\n\t\t\n\t\t<a class=\"elementor-post__read-more\" href=\"https:\/\/exactquartz.com\/it\/quartz-glass-market-has-great-development-space-and-semiconductor-is-its-main-application-field\/\" aria-label=\"Read more about Quartz glass market has great development space, and semiconductor is its main application field\" tabindex=\"-1\" >\n\t\t\tContinua a leggere \"\t\t<\/a>\n\n\t\t\t\t<\/div>\n\t\t\t\t\t<\/div>\n\t\t<\/article>\n\t\t\t\t<article class=\"elementor-post elementor-grid-item post-378 post type-post status-publish format-standard hentry category-uncategorized\" role=\"listitem\">\n\t\t\t<div class=\"elementor-post__card\">\n\t\t\t\t<div class=\"elementor-post__text\">\n\t\t\t\t<h3 class=\"elementor-post__title\">\n\t\t\t<a href=\"https:\/\/exactquartz.com\/it\/quartz-glass-products-advantages\/\" >\n\t\t\t\tVantaggi dei prodotti in vetro di quarzo\t\t\t<\/a>\n\t\t<\/h3>\n\t\t\t\t<div class=\"elementor-post__excerpt\">\n\t\t\t<p>Il quarzo (SiO\u2082) \u00e8 un materiale a prima vista molto simile al vetro, ma la particolarit\u00e0 \u00e8 che il vetro ordinario \u00e8 composto da numerosi componenti (come sabbia di quarzo, borace, acido borico, barite, carbonato di bario, calcare, feldspato, soda, ecc.<\/p>\n\t\t<\/div>\n\t\t\n\t\t<a class=\"elementor-post__read-more\" href=\"https:\/\/exactquartz.com\/it\/quartz-glass-products-advantages\/\" aria-label=\"Read more about Quartz Glass Products Advantages\" tabindex=\"-1\" >\n\t\t\tContinua a leggere \"\t\t<\/a>\n\n\t\t\t\t<\/div>\n\t\t\t\t\t<\/div>\n\t\t<\/article>\n\t\t\t\t<article class=\"elementor-post elementor-grid-item post-374 post type-post status-publish format-standard hentry category-uncategorized\" role=\"listitem\">\n\t\t\t<div class=\"elementor-post__card\">\n\t\t\t\t<div class=\"elementor-post__text\">\n\t\t\t\t<h3 class=\"elementor-post__title\">\n\t\t\t<a href=\"https:\/\/exactquartz.com\/it\/what-high-purity-quartz-products-are-used-in-integrated-circuit-processes-what-are-the-requirements-for-impurity-content-2\/\" >\n\t\t\t\tQuali prodotti al quarzo di elevata purezza vengono utilizzati nei processi dei circuiti integrati? Quali sono i requisiti per il contenuto di impurit\u00e0?\t\t\t<\/a>\n\t\t<\/h3>\n\t\t\t\t<div class=\"elementor-post__excerpt\">\n\t\t\t<p>Quali prodotti al quarzo di elevata purezza vengono utilizzati nei processi dei circuiti integrati? Quali sono i requisiti per il contenuto di impurit\u00e0? I prodotti di quarzo di elevata purezza comunemente utilizzati nei processi dei circuiti integrati comprendono wafer di quarzo, cristalli di quarzo, tubi di quarzo e finestre di quarzo. Per i wafer di quarzo, il contenuto di impurit\u00e0 deve essere estremamente basso, in genere nelle parti<\/p>\n\t\t<\/div>\n\t\t\n\t\t<a class=\"elementor-post__read-more\" href=\"https:\/\/exactquartz.com\/it\/what-high-purity-quartz-products-are-used-in-integrated-circuit-processes-what-are-the-requirements-for-impurity-content-2\/\" aria-label=\"Read more about What high-purity quartz products are used in integrated circuit processes? What are the requirements for impurity content?\" tabindex=\"-1\" >\n\t\t\tContinua a leggere \"\t\t<\/a>\n\n\t\t\t\t<\/div>\n\t\t\t\t\t<\/div>\n\t\t<\/article>\n\t\t\t\t<article class=\"elementor-post elementor-grid-item post-370 post type-post status-publish format-standard hentry category-uncategorized\" role=\"listitem\">\n\t\t\t<div class=\"elementor-post__card\">\n\t\t\t\t<div class=\"elementor-post__text\">\n\t\t\t\t<h3 class=\"elementor-post__title\">\n\t\t\t<a href=\"https:\/\/exactquartz.com\/it\/6-proper-usage-guidelines-for-fused-quartz-handling-cleaning-thermal-shock-chemical-resistance-optics-handling-and-machining\/\" >\n\t\t\t\t6 Linee guida per l'uso corretto del quarzo fuso: manipolazione, pulizia, shock termico, resistenza chimica, manipolazione delle ottiche e lavorazione.\t\t\t<\/a>\n\t\t<\/h3>\n\t\t\t\t<div class=\"elementor-post__excerpt\">\n\t\t\t<p>Le linee guida per l'uso corretto del quarzo fuso includono: 1. Manipolazione: Quando si maneggia il quarzo fuso, \u00e8 importante indossare guanti puliti e privi di pelucchi per evitare contaminazioni. Maneggiare il materiale con delicatezza per evitare graffi o danni. Evitare il contatto diretto con le mani nude, poich\u00e9 oli e sudore possono lasciare residui sulla superficie.<\/p>\n\t\t<\/div>\n\t\t\n\t\t<a class=\"elementor-post__read-more\" href=\"https:\/\/exactquartz.com\/it\/6-proper-usage-guidelines-for-fused-quartz-handling-cleaning-thermal-shock-chemical-resistance-optics-handling-and-machining\/\" aria-label=\"Read more about 6 Proper Usage Guidelines for Fused Quartz: Handling, Cleaning, Thermal Shock, Chemical Resistance, Optics Handling, and Machining\" tabindex=\"-1\" >\n\t\t\tContinua a leggere \"\t\t<\/a>\n\n\t\t\t\t<\/div>\n\t\t\t\t\t<\/div>\n\t\t<\/article>\n\t\t\t\t<article class=\"elementor-post elementor-grid-item post-366 post type-post status-publish format-standard hentry category-uncategorized\" role=\"listitem\">\n\t\t\t<div class=\"elementor-post__card\">\n\t\t\t\t<div class=\"elementor-post__text\">\n\t\t\t\t<h3 class=\"elementor-post__title\">\n\t\t\t<a href=\"https:\/\/exactquartz.com\/it\/5-reasons-why-uv-fused-quartz-cuvettes-outperform-plastic-and-glass-alternatives\/\" >\n\t\t\t\t5 motivi per cui le cuvette al quarzo fuso UV superano le alternative in plastica e vetro\t\t\t<\/a>\n\t\t<\/h3>\n\t\t\t\t<div class=\"elementor-post__excerpt\">\n\t\t\t<p>Le cuvette UV in quarzo fuso sono molto resistenti rispetto a quelle in plastica o in vetro. Il quarzo fuso \u00e8 un vetro di elevata purezza ottenuto dalla fusione di silice pura a temperature molto elevate. Ha eccellenti propriet\u00e0 ottiche, un'elevata resistenza chimica e pu\u00f2 sopportare temperature e pressioni elevate. Le cuvette UV in quarzo fuso sono<\/p>\n\t\t<\/div>\n\t\t\n\t\t<a class=\"elementor-post__read-more\" href=\"https:\/\/exactquartz.com\/it\/5-reasons-why-uv-fused-quartz-cuvettes-outperform-plastic-and-glass-alternatives\/\" aria-label=\"Read more about 5 Reasons Why UV Fused Quartz Cuvettes Outperform Plastic and Glass Alternatives\" tabindex=\"-1\" >\n\t\t\tContinua a leggere \"\t\t<\/a>\n\n\t\t\t\t<\/div>\n\t\t\t\t\t<\/div>\n\t\t<\/article>\n\t\t\t\t<article class=\"elementor-post elementor-grid-item post-362 post type-post status-publish format-standard hentry category-uncategorized\" role=\"listitem\">\n\t\t\t<div class=\"elementor-post__card\">\n\t\t\t\t<div class=\"elementor-post__text\">\n\t\t\t\t<h3 class=\"elementor-post__title\">\n\t\t\t<a href=\"https:\/\/exactquartz.com\/it\/uv-fused-quartz-cuvettes-the-ideal-choice-for-spectroscopy-applications\/\" >\n\t\t\t\tCuvette al quarzo fuso UV: La scelta ideale per le applicazioni di spettroscopia\t\t\t<\/a>\n\t\t<\/h3>\n\t\t\t\t<div class=\"elementor-post__excerpt\">\n\t\t\t<p>1. Introduzione alle cuvette al quarzo fuso UV Nel campo della spettroscopia, la scelta delle cuvette gioca un ruolo cruciale per ottenere risultati accurati e affidabili. Tra le varie opzioni disponibili, le cuvette al quarzo fuso UV sono emerse come la scelta preferita grazie alla loro eccezionale durata e alle prestazioni superiori. In<\/p>\n\t\t<\/div>\n\t\t\n\t\t<a class=\"elementor-post__read-more\" href=\"https:\/\/exactquartz.com\/it\/uv-fused-quartz-cuvettes-the-ideal-choice-for-spectroscopy-applications\/\" aria-label=\"Read more about UV Fused Quartz Cuvettes: The Ideal Choice for Spectroscopy Applications\" tabindex=\"-1\" >\n\t\t\tContinua a leggere \"\t\t<\/a>\n\n\t\t\t\t<\/div>\n\t\t\t\t\t<\/div>\n\t\t<\/article>\n\t\t\t\t<\/div>\n\t\t\n\t\t\t\t\t\t<\/div>\n\t\t\t\t<\/div>\n\t\t\t\t\t<\/div>\n\t\t\t\t<\/div>\n\t\t<div class=\"elementor-element elementor-element-8b56ddd e-flex e-con-boxed e-con e-parent\" data-id=\"8b56ddd\" data-element_type=\"container\">\n\t\t\t\t\t<div class=\"e-con-inner\">\n\t\t\t\t<div class=\"elementor-element elementor-element-930bab3 elementor-widget elementor-widget-heading\" data-id=\"930bab3\" data-element_type=\"widget\" data-widget_type=\"heading.default\">\n\t\t\t\t<div class=\"elementor-widget-container\">\n\t\t\t\t\t<h2 class=\"elementor-heading-title elementor-size-default\">Contatto<\/h2>\t\t\t\t<\/div>\n\t\t\t\t<\/div>\n\t\t\t\t\t<\/div>\n\t\t\t\t<\/div>\n\t\t<div class=\"elementor-element elementor-element-bf98708 e-flex e-con-boxed e-con e-parent\" data-id=\"bf98708\" data-element_type=\"container\" data-settings=\"{&quot;background_background&quot;:&quot;classic&quot;}\">\n\t\t\t\t\t<div class=\"e-con-inner\">\n\t\t<div class=\"elementor-element elementor-element-48e35c7 e-con-full e-flex e-con e-child\" data-id=\"48e35c7\" data-element_type=\"container\">\n\t\t\t\t<div class=\"elementor-element elementor-element-864040e elementor-button-align-stretch elementor-widget elementor-widget-form\" data-id=\"864040e\" data-element_type=\"widget\" data-settings=\"{&quot;step_next_label&quot;:&quot;Next&quot;,&quot;step_previous_label&quot;:&quot;Previous&quot;,&quot;button_width&quot;:&quot;100&quot;,&quot;step_type&quot;:&quot;number_text&quot;,&quot;step_icon_shape&quot;:&quot;circle&quot;}\" data-widget_type=\"form.default\">\n\t\t\t\t<div class=\"elementor-widget-container\">\n\t\t\t\t\t\t\t<form class=\"elementor-form\" method=\"post\" name=\"New Form\" aria-label=\"Nuovo modulo\" action=\"\">\n\t\t\t<input type=\"hidden\" name=\"post_id\" value=\"215\"\/>\n\t\t\t<input type=\"hidden\" name=\"form_id\" value=\"864040e\"\/>\n\t\t\t<input type=\"hidden\" name=\"referer_title\" value=\"\" \/>\n\n\t\t\t\n\t\t\t<div class=\"elementor-form-fields-wrapper elementor-labels-above\">\n\t\t\t\t\t\t\t\t<div class=\"elementor-field-type-email elementor-field-group elementor-column elementor-field-group-email elementor-col-100 elementor-field-required elementor-mark-required\">\n\t\t\t\t\t\t\t\t\t\t\t\t<label for=\"form-field-email\" class=\"elementor-field-label\">\n\t\t\t\t\t\t\t\tEmail\t\t\t\t\t\t\t<\/label>\n\t\t\t\t\t\t\t\t\t\t\t\t\t\t<input size=\"1\" type=\"email\" name=\"form_fields[email]\" id=\"form-field-email\" class=\"elementor-field elementor-size-sm  elementor-field-textual\" placeholder=\"Email\" required=\"required\">\n\t\t\t\t\t\t\t\t\t\t\t<\/div>\n\t\t\t\t\t\t\t\t<div class=\"elementor-field-type-text elementor-field-group elementor-column elementor-field-group-name elementor-col-100\">\n\t\t\t\t\t\t\t\t\t\t\t\t<label for=\"form-field-name\" class=\"elementor-field-label\">\n\t\t\t\t\t\t\t\tNome\t\t\t\t\t\t\t<\/label>\n\t\t\t\t\t\t\t\t\t\t\t\t\t\t<input size=\"1\" type=\"text\" name=\"form_fields[name]\" id=\"form-field-name\" class=\"elementor-field elementor-size-sm  elementor-field-textual\" placeholder=\"Nome\">\n\t\t\t\t\t\t\t\t\t\t\t<\/div>\n\t\t\t\t\t\t\t\t<div class=\"elementor-field-type-text elementor-field-group elementor-column elementor-field-group-field_2142395 elementor-col-100\">\n\t\t\t\t\t\t\t\t\t\t\t\t<label for=\"form-field-field_2142395\" class=\"elementor-field-label\">\n\t\t\t\t\t\t\t\tAzienda\t\t\t\t\t\t\t<\/label>\n\t\t\t\t\t\t\t\t\t\t\t\t\t\t<input size=\"1\" type=\"text\" name=\"form_fields[field_2142395]\" id=\"form-field-field_2142395\" class=\"elementor-field elementor-size-sm  elementor-field-textual\" placeholder=\"Azienda\">\n\t\t\t\t\t\t\t\t\t\t\t<\/div>\n\t\t\t\t\t\t\t\t<div class=\"elementor-field-type-text elementor-field-group elementor-column elementor-field-group-field_910d9b8 elementor-col-100\">\n\t\t\t\t\t\t\t\t\t\t\t\t<label for=\"form-field-field_910d9b8\" class=\"elementor-field-label\">\n\t\t\t\t\t\t\t\tQuantit\u00e0\t\t\t\t\t\t\t<\/label>\n\t\t\t\t\t\t\t\t\t\t\t\t\t\t<input size=\"1\" type=\"text\" name=\"form_fields[field_910d9b8]\" id=\"form-field-field_910d9b8\" class=\"elementor-field elementor-size-sm  elementor-field-textual\" placeholder=\"Quantit\u00e0\">\n\t\t\t\t\t\t\t\t\t\t\t<\/div>\n\t\t\t\t\t\t\t\t<div class=\"elementor-field-type-textarea elementor-field-group elementor-column elementor-field-group-message elementor-col-100 elementor-field-required elementor-mark-required\">\n\t\t\t\t\t\t\t\t\t\t\t\t<label for=\"form-field-message\" class=\"elementor-field-label\">\n\t\t\t\t\t\t\t\tMessaggio\t\t\t\t\t\t\t<\/label>\n\t\t\t\t\t\t<textarea class=\"elementor-field-textual elementor-field  elementor-size-sm\" name=\"form_fields[message]\" id=\"form-field-message\" rows=\"4\" placeholder=\"Messaggio\" required=\"required\"><\/textarea>\t\t\t\t<\/div>\n\t\t\t\t\t\t\t\t<div class=\"elementor-field-type-recaptcha_v3 elementor-field-group elementor-column elementor-field-group-field_ae761ac elementor-col-100 recaptcha_v3-bottomright\">\n\t\t\t\t\t<div class=\"elementor-field\" id=\"form-field-field_ae761ac\"><div class=\"elementor-g-recaptcha\" data-sitekey=\"6LdhlhorAAAAAPBwag6SlK9inlSeBDVUmykMyzvp\" data-type=\"v3\" data-action=\"Form\" data-badge=\"bottomright\" data-size=\"invisible\"><\/div><\/div>\t\t\t\t<\/div>\n\t\t\t\t\t\t\t\t<div class=\"elementor-field-group elementor-column elementor-field-type-submit elementor-col-100 e-form__buttons\">\n\t\t\t\t\t<button class=\"elementor-button elementor-size-sm\" type=\"submit\">\n\t\t\t\t\t\t<span class=\"elementor-button-content-wrapper\">\n\t\t\t\t\t\t\t\t\t\t\t\t\t\t\t\t\t\t\t\t\t\t<span class=\"elementor-button-text\">Inviare<\/span>\n\t\t\t\t\t\t\t\t\t\t\t\t\t<\/span>\n\t\t\t\t\t<\/button>\n\t\t\t\t<\/div>\n\t\t\t<\/div>\n\t\t<input type=\"hidden\" name=\"trp-form-language\" value=\"it\"\/><\/form>\n\t\t\t\t\t\t<\/div>\n\t\t\t\t<\/div>\n\t\t\t\t<\/div>\n\t\t<div class=\"elementor-element elementor-element-01543b9 e-con-full e-flex e-con e-child\" data-id=\"01543b9\" data-element_type=\"container\">\n\t\t\t\t<div class=\"elementor-element elementor-element-5e8295b elementor-widget elementor-widget-heading\" data-id=\"5e8295b\" data-element_type=\"widget\" data-widget_type=\"heading.default\">\n\t\t\t\t<div class=\"elementor-widget-container\">\n\t\t\t\t\t<h4 class=\"elementor-heading-title elementor-size-default\">Email<\/h4>\t\t\t\t<\/div>\n\t\t\t\t<\/div>\n\t\t\t\t<div class=\"elementor-element elementor-element-70690a5 elementor-widget elementor-widget-text-editor\" data-id=\"70690a5\" data-element_type=\"widget\" data-widget_type=\"text-editor.default\">\n\t\t\t\t<div class=\"elementor-widget-container\">\n\t\t\t\t\t\t\t\t\t<p>sales@exactquartz.com<\/p>\t\t\t\t\t\t\t\t<\/div>\n\t\t\t\t<\/div>\n\t\t\t\t<div class=\"elementor-element elementor-element-1d83ee6 elementor-widget elementor-widget-heading\" data-id=\"1d83ee6\" data-element_type=\"widget\" data-widget_type=\"heading.default\">\n\t\t\t\t<div class=\"elementor-widget-container\">\n\t\t\t\t\t<h4 class=\"elementor-heading-title elementor-size-default\">Telefono<\/h4>\t\t\t\t<\/div>\n\t\t\t\t<\/div>\n\t\t\t\t<div class=\"elementor-element elementor-element-2c9c708 elementor-widget elementor-widget-text-editor\" data-id=\"2c9c708\" data-element_type=\"widget\" data-widget_type=\"text-editor.default\">\n\t\t\t\t<div class=\"elementor-widget-container\">\n\t\t\t\t\t\t\t\t\t<p>86-18925895231<\/p>\t\t\t\t\t\t\t\t<\/div>\n\t\t\t\t<\/div>\n\t\t\t\t<div class=\"elementor-element elementor-element-4762d4e elementor-widget elementor-widget-heading\" data-id=\"4762d4e\" data-element_type=\"widget\" data-widget_type=\"heading.default\">\n\t\t\t\t<div class=\"elementor-widget-container\">\n\t\t\t\t\t<h4 class=\"elementor-heading-title elementor-size-default\">Indirizzo<\/h4>\t\t\t\t<\/div>\n\t\t\t\t<\/div>\n\t\t\t\t<div class=\"elementor-element elementor-element-97345bf elementor-widget elementor-widget-text-editor\" data-id=\"97345bf\" data-element_type=\"widget\" data-widget_type=\"text-editor.default\">\n\t\t\t\t<div class=\"elementor-widget-container\">\n\t\t\t\t\t\t\t\t\t<p>Room 403, No. 13, 1st Alley, Lizhiyuan, Zhouwuji, Wanjiang Subdistrict, Dongguan, Guangdong, China<\/p>\t\t\t\t\t\t\t\t<\/div>\n\t\t\t\t<\/div>\n\t\t\t\t<\/div>\n\t\t\t\t\t<\/div>\n\t\t\t\t<\/div>\n\t\t\t\t<\/div>","protected":false},"excerpt":{"rendered":"<p>Blog Contact Email sales@exactquartz.com Phone 86-18925895231 Address Room 403, No. 13, 1st Alley, Lizhiyuan, Zhouwuji, Wanjiang Subdistrict, Dongguan, Guangdong, China<\/p>","protected":false},"author":2,"featured_media":0,"parent":0,"menu_order":0,"comment_status":"closed","ping_status":"closed","template":"","meta":{"_seopress_robots_primary_cat":"","_seopress_titles_title":"Quartz Blog \u2013 Tech Tips, Applications & Material Trends","_seopress_titles_desc":"Explore expert blogs on quartz glass: IC-grade materials, UV optics, laser tech, energy trends & usage guides. Stay informed with fused quartz insights.","_seopress_robots_index":"","site-sidebar-layout":"no-sidebar","site-content-layout":"","ast-site-content-layout":"full-width-container","site-content-style":"default","site-sidebar-style":"default","ast-global-header-display":"","ast-banner-title-visibility":"","ast-main-header-display":"","ast-hfb-above-header-display":"","ast-hfb-below-header-display":"","ast-hfb-mobile-header-display":"","site-post-title":"disabled","ast-breadcrumbs-content":"","ast-featured-img":"disabled","footer-sml-layout":"","theme-transparent-header-meta":"","adv-header-id-meta":"","stick-header-meta":"","header-above-stick-meta":"","header-main-stick-meta":"","header-below-stick-meta":"","astra-migrate-meta-layouts":"default","ast-page-background-enabled":"default","ast-page-background-meta":{"desktop":{"background-color":"var(--ast-global-color-5)","background-image":"","background-repeat":"repeat","background-position":"center center","background-size":"auto","background-attachment":"scroll","background-type":"","background-media":"","overlay-type":"","overlay-color":"","overlay-opacity":"","overlay-gradient":""},"tablet":{"background-color":"","background-image":"","background-repeat":"repeat","background-position":"center center","background-size":"auto","background-attachment":"scroll","background-type":"","background-media":"","overlay-type":"","overlay-color":"","overlay-opacity":"","overlay-gradient":""},"mobile":{"background-color":"","background-image":"","background-repeat":"repeat","background-position":"center center","background-size":"auto","background-attachment":"scroll","background-type":"","background-media":"","overlay-type":"","overlay-color":"","overlay-opacity":"","overlay-gradient":""}},"ast-content-background-meta":{"desktop":{"background-color":"var(--ast-global-color-4)","background-image":"","background-repeat":"repeat","background-position":"center center","background-size":"auto","background-attachment":"scroll","background-type":"","background-media":"","overlay-type":"","overlay-color":"","overlay-opacity":"","overlay-gradient":""},"tablet":{"background-color":"var(--ast-global-color-4)","background-image":"","background-repeat":"repeat","background-position":"center center","background-size":"auto","background-attachment":"scroll","background-type":"","background-media":"","overlay-type":"","overlay-color":"","overlay-opacity":"","overlay-gradient":""},"mobile":{"background-color":"var(--ast-global-color-4)","background-image":"","background-repeat":"repeat","background-position":"center center","background-size":"auto","background-attachment":"scroll","background-type":"","background-media":"","overlay-type":"","overlay-color":"","overlay-opacity":"","overlay-gradient":""}},"footnotes":""},"class_list":["post-215","page","type-page","status-publish","hentry"],"_hostinger_reach_plugin_has_subscription_block":false,"_hostinger_reach_plugin_is_elementor":false,"_links":{"self":[{"href":"https:\/\/exactquartz.com\/it\/wp-json\/wp\/v2\/pages\/215","targetHints":{"allow":["GET"]}}],"collection":[{"href":"https:\/\/exactquartz.com\/it\/wp-json\/wp\/v2\/pages"}],"about":[{"href":"https:\/\/exactquartz.com\/it\/wp-json\/wp\/v2\/types\/page"}],"author":[{"embeddable":true,"href":"https:\/\/exactquartz.com\/it\/wp-json\/wp\/v2\/users\/2"}],"replies":[{"embeddable":true,"href":"https:\/\/exactquartz.com\/it\/wp-json\/wp\/v2\/comments?post=215"}],"version-history":[{"count":32,"href":"https:\/\/exactquartz.com\/it\/wp-json\/wp\/v2\/pages\/215\/revisions"}],"predecessor-version":[{"id":2003,"href":"https:\/\/exactquartz.com\/it\/wp-json\/wp\/v2\/pages\/215\/revisions\/2003"}],"wp:attachment":[{"href":"https:\/\/exactquartz.com\/it\/wp-json\/wp\/v2\/media?parent=215"}],"curies":[{"name":"wp","href":"https:\/\/api.w.org\/{rel}","templated":true}]}}