{"id":101,"date":"2025-03-12T16:00:25","date_gmt":"2025-03-12T08:00:25","guid":{"rendered":"https:\/\/exactquartz.com\/?page_id=101"},"modified":"2026-04-10T19:44:51","modified_gmt":"2026-04-10T11:44:51","slug":"about","status":"publish","type":"page","link":"https:\/\/exactquartz.com\/lt\/about\/","title":{"rendered":"Apie"},"content":{"rendered":"<div data-elementor-type=\"wp-page\" data-elementor-id=\"101\" class=\"elementor elementor-101\" data-elementor-post-type=\"page\">\n\t\t\t\t<div class=\"elementor-element elementor-element-dbff14b e-flex e-con-boxed e-con e-parent\" data-id=\"dbff14b\" data-element_type=\"container\">\n\t\t\t\t\t<div class=\"e-con-inner\">\n\t\t\t\t<div class=\"elementor-element elementor-element-8e92d75 elementor-widget elementor-widget-heading\" data-id=\"8e92d75\" data-element_type=\"widget\" data-widget_type=\"heading.default\">\n\t\t\t\t<div class=\"elementor-widget-container\">\n\t\t\t\t\t<h2 class=\"elementor-heading-title elementor-size-default\">Pasirinktinis lydytas kvarcas<\/h2>\t\t\t\t<\/div>\n\t\t\t\t<\/div>\n\t\t\t\t<div class=\"elementor-element elementor-element-53373c9 elementor-widget elementor-widget-text-editor\" data-id=\"53373c9\" data-element_type=\"widget\" data-widget_type=\"text-editor.default\">\n\t\t\t\t<div class=\"elementor-widget-container\">\n\t\t\t\t\t\t\t\t\t<p>Yra \u012fvairi\u0173 r\u016b\u0161i\u0173 pritaikyt\u0173 lydyto kvarco gamini\u0173, \u012fskaitant kvarco vamzdelius, kvarco strypus, kvarco plok\u0161tes, kvarco tiglius ir kt. \u0160iuos gaminius galima suprojektuoti ir pagaminti pagal kliento reikalavimus, kad jie atitikt\u0173 konkre\u010dius eksperimentinius ar taikomuosius poreikius. Pavyzd\u017eiui, atliekant chemin\u0117s sintez\u0117s eksperimentus, kvarco vamzdeliai ir kvarco strypai gali b\u016bti naudojami reagentams kaitinti ir mai\u0161yti, o kvarco tigliai - bandiniams laikyti ir kaitinti. Atliekant spektroskopijos ir steb\u0117jimo mikroskopu eksperimentus, i\u0161 kvarco plok\u0161teli\u0173 galima pagaminti m\u0117gini\u0173 laikiklius ir langus, kad b\u016bt\u0173 galima lengvai steb\u0117ti ir analizuoti m\u0117ginius.<\/p>\t\t\t\t\t\t\t\t<\/div>\n\t\t\t\t<\/div>\n\t\t\t\t<div class=\"elementor-element elementor-element-6c23f0e elementor-widget elementor-widget-image\" data-id=\"6c23f0e\" data-element_type=\"widget\" data-widget_type=\"image.default\">\n\t\t\t\t<div class=\"elementor-widget-container\">\n\t\t\t\t\t\t\t\t\t\t\t\t\t\t\t<img fetchpriority=\"high\" decoding=\"async\" width=\"1182\" height=\"626\" src=\"https:\/\/exactquartz.com\/wp-content\/uploads\/2025\/03\/customized-fused-quartz-products.webp\" class=\"attachment-full size-full wp-image-105\" alt=\"pritaikyti lydyto kvarco produktai\" srcset=\"https:\/\/exactquartz.com\/wp-content\/uploads\/2025\/03\/customized-fused-quartz-products.webp 1182w, https:\/\/exactquartz.com\/wp-content\/uploads\/2025\/03\/customized-fused-quartz-products-300x159.webp 300w, https:\/\/exactquartz.com\/wp-content\/uploads\/2025\/03\/customized-fused-quartz-products-1024x542.webp 1024w, https:\/\/exactquartz.com\/wp-content\/uploads\/2025\/03\/customized-fused-quartz-products-768x407.webp 768w\" sizes=\"(max-width: 1182px) 100vw, 1182px\" \/>\t\t\t\t\t\t\t\t\t\t\t\t\t\t\t<\/div>\n\t\t\t\t<\/div>\n\t\t\t\t\t<\/div>\n\t\t\t\t<\/div>\n\t\t<div class=\"elementor-element elementor-element-027fa49 e-flex e-con-boxed e-con e-parent\" data-id=\"027fa49\" data-element_type=\"container\">\n\t\t\t\t\t<div class=\"e-con-inner\">\n\t\t\t\t<div class=\"elementor-element elementor-element-68f308e elementor-widget elementor-widget-heading\" data-id=\"68f308e\" data-element_type=\"widget\" data-widget_type=\"heading.default\">\n\t\t\t\t<div class=\"elementor-widget-container\">\n\t\t\t\t\t<h2 class=\"elementor-heading-title elementor-size-default\">Apie mus<\/h2>\t\t\t\t<\/div>\n\t\t\t\t<\/div>\n\t\t\t\t<div class=\"elementor-element elementor-element-f8828d7 elementor-widget elementor-widget-text-editor\" data-id=\"f8828d7\" data-element_type=\"widget\" data-widget_type=\"text-editor.default\">\n\t\t\t\t<div class=\"elementor-widget-container\">\n\t\t\t\t\t\t\t\t\t<p>M\u016bs\u0173 \u012fmon\u0117 daugiausia gamina ir parduoda kvarcinio stiklo gaminius, tokius kaip kvarciniai vamzdeliai, kvarciniai strypai, kvarcin\u0117s plok\u0161tel\u0117s ir (arba) diskai ir kiti kvarciniai stiklo gaminiai arba kvarco dalys. Taip pat parduodame kitus susijusius stiklo gaminius u\u017e geriausi\u0105 kain\u0105 ir kokyb\u0119. M\u016bs\u0173 bendrov\u0117 daugiausia gamina ir apdoroja kvarcinio stiklo gaminius. Turime daugiau kaip 10 met\u0173 gamybos patirt\u012f stiklo srityje, kad u\u017etikrintume gamini\u0173 kokyb\u0119, ir profesionali\u0105 komand\u0105, kad u\u017etikrintume garantin\u012f aptarnavim\u0105. Agent\u0173 gaminiai yra m\u016bs\u0173 ilgame\u010dio bendradarbiavimo su \u017ealiav\u0173 ir gatav\u0173 gamini\u0173 tiek\u0117jais rezultatas, taip pat garantuojama gamini\u0173 kokyb\u0117.<\/p><p>Mes aptarnaujame klientus visame pasaulyje, \u012fskaitant \u0160iaur\u0117s Amerik\u0105, Europ\u0105, Piet\u0173 Amerik\u0105, Artim\u0173j\u0173 \u0161ali\u0173 region\u0105, Afrik\u0105 ir t. t.<\/p><p>M\u016bs\u0173 tikslas - u\u017etikrinti greit\u0105 pristatym\u0105, kokybi\u0161kus ir patikimus gaminius u\u017e s\u0105\u017eining\u0105 kain\u0105.<\/p>\t\t\t\t\t\t\t\t<\/div>\n\t\t\t\t<\/div>\n\t\t\t\t\t<\/div>\n\t\t\t\t<\/div>\n\t\t<div class=\"elementor-element elementor-element-7c43ae1 e-flex e-con-boxed e-con e-parent\" data-id=\"7c43ae1\" data-element_type=\"container\">\n\t\t\t\t\t<div class=\"e-con-inner\">\n\t\t\t\t<div class=\"elementor-element elementor-element-ebf79b6 elementor-widget elementor-widget-heading\" data-id=\"ebf79b6\" data-element_type=\"widget\" data-widget_type=\"heading.default\">\n\t\t\t\t<div class=\"elementor-widget-container\">\n\t\t\t\t\t<h2 class=\"elementor-heading-title elementor-size-default\">Kod\u0117l verta rinktis mus<\/h2>\t\t\t\t<\/div>\n\t\t\t\t<\/div>\n\t\t\t\t\t<\/div>\n\t\t\t\t<\/div>\n\t\t<div class=\"elementor-element elementor-element-31f3112 e-flex e-con-boxed e-con e-parent\" data-id=\"31f3112\" data-element_type=\"container\">\n\t\t\t\t\t<div class=\"e-con-inner\">\n\t\t\t\t<div class=\"elementor-element elementor-element-314aaa9 elementor-widget elementor-widget-n-accordion\" data-id=\"314aaa9\" data-element_type=\"widget\" data-settings=\"{&quot;default_state&quot;:&quot;expanded&quot;,&quot;max_items_expended&quot;:&quot;one&quot;,&quot;n_accordion_animation_duration&quot;:{&quot;unit&quot;:&quot;ms&quot;,&quot;size&quot;:400,&quot;sizes&quot;:[]}}\" data-widget_type=\"nested-accordion.default\">\n\t\t\t\t<div class=\"elementor-widget-container\">\n\t\t\t\t\t\t\t<div class=\"e-n-accordion\" aria-label=\"Akordeonas. Atidarykite nuorodas su Enter arba Space, u\u017edarykite su Escape ir nar\u0161ykite su rodykli\u0173 klavi\u0161ais.\">\n\t\t\t\t\t\t<details id=\"e-n-accordion-item-5160\" class=\"e-n-accordion-item\" open>\n\t\t\t\t<summary class=\"e-n-accordion-item-title\" data-accordion-index=\"1\" tabindex=\"0\" aria-expanded=\"true\" aria-controls=\"e-n-accordion-item-5160\" >\n\t\t\t\t\t<span class='e-n-accordion-item-title-header'><div class=\"e-n-accordion-item-title-text\"> Kaip rasti tinkam\u0105 gamykl\u0105? <\/div><\/span>\n\t\t\t\t\t\t\t<span class='e-n-accordion-item-title-icon'>\n\t\t\t<span class='e-opened' ><svg aria-hidden=\"true\" class=\"e-font-icon-svg e-fas-minus\" viewbox=\"0 0 448 512\" xmlns=\"http:\/\/www.w3.org\/2000\/svg\"><path d=\"M416 208H32c-17.67 0-32 14.33-32 32v32c0 17.67 14.33 32 32 32h384c17.67 0 32-14.33 32-32v-32c0-17.67-14.33-32-32-32z\"><\/path><\/svg><\/span>\n\t\t\t<span class='e-closed'><svg aria-hidden=\"true\" class=\"e-font-icon-svg e-fas-plus\" viewbox=\"0 0 448 512\" xmlns=\"http:\/\/www.w3.org\/2000\/svg\"><path d=\"M416 208H272V64c0-17.67-14.33-32-32-32h-32c-17.67 0-32 14.33-32 32v144H32c-17.67 0-32 14.33-32 32v32c0 17.67 14.33 32 32 32h144v144c0 17.67 14.33 32 32 32h32c17.67 0 32-14.33 32-32V304h144c17.67 0 32-14.33 32-32v-32c0-17.67-14.33-32-32-32z\"><\/path><\/svg><\/span>\n\t\t<\/span>\n\n\t\t\t\t\t\t<\/summary>\n\t\t\t\t<div role=\"region\" aria-labelledby=\"e-n-accordion-item-5160\" class=\"elementor-element elementor-element-c4b3078 e-con-full e-flex e-con e-child\" data-id=\"c4b3078\" data-element_type=\"container\">\n\t\t\t\t<div class=\"elementor-element elementor-element-809494f elementor-widget elementor-widget-text-editor\" data-id=\"809494f\" data-element_type=\"widget\" data-widget_type=\"text-editor.default\">\n\t\t\t\t<div class=\"elementor-widget-container\">\n\t\t\t\t\t\t\t\t\t<p>Niekada nesileid\u017eiame \u012f kompromisus......<\/p><p>Manau, kad dabar internete gana lengva rasti Kinijos tiek\u0117j\u0105, vienintel\u0117 problema yra ta, kad jums per sunku rasti tinkam\u0105 gamykl\u0105. Tai galima padaryti, bet tam reikia laiko.<\/p><p>Da\u017eniausiai skund\u017eiamasi nenuoseklia kokybe, prastu bendravimu ir blogu gamyklos pardav\u0117j\u0173 aptarnavimu. Tikriausiai esate gird\u0117j\u0119 ar sutik\u0119, kad yra itin pa\u017eangi\u0173 gamykl\u0173, kuri\u0173 gamybos \u017einios ir patirtis nuolat tobul\u0117ja.<\/p><p>Mes jau daugel\u012f met\u0173 dirbame su daugiau nei 15 gamintoj\u0173. \u017dinome, kur rasti tobul\u0105 gamykl\u0105 j\u016bs\u0173 u\u017esakymui u\u017e toki\u0105 kain\u0105, i\u0161 kurios abu gal\u0117tume gauti naudos. O m\u016bs\u0173 gili tiekimo patirtis u\u017etikrina gamyb\u0105 be r\u016bpes\u010di\u0173.<\/p>\t\t\t\t\t\t\t\t<\/div>\n\t\t\t\t<\/div>\n\t\t\t\t<\/div>\n\t\t\t\t\t<\/details>\n\t\t\t\t\t\t<details id=\"e-n-accordion-item-5161\" class=\"e-n-accordion-item\" >\n\t\t\t\t<summary class=\"e-n-accordion-item-title\" data-accordion-index=\"2\" tabindex=\"-1\" aria-expanded=\"false\" aria-controls=\"e-n-accordion-item-5161\" >\n\t\t\t\t\t<span class='e-n-accordion-item-title-header'><div class=\"e-n-accordion-item-title-text\"> Kas apibr\u0117\u017eia ger\u0105 tiek\u0117j\u0105? <\/div><\/span>\n\t\t\t\t\t\t\t<span class='e-n-accordion-item-title-icon'>\n\t\t\t<span class='e-opened' ><svg aria-hidden=\"true\" class=\"e-font-icon-svg e-fas-minus\" viewbox=\"0 0 448 512\" xmlns=\"http:\/\/www.w3.org\/2000\/svg\"><path d=\"M416 208H32c-17.67 0-32 14.33-32 32v32c0 17.67 14.33 32 32 32h384c17.67 0 32-14.33 32-32v-32c0-17.67-14.33-32-32-32z\"><\/path><\/svg><\/span>\n\t\t\t<span class='e-closed'><svg aria-hidden=\"true\" class=\"e-font-icon-svg e-fas-plus\" viewbox=\"0 0 448 512\" xmlns=\"http:\/\/www.w3.org\/2000\/svg\"><path d=\"M416 208H272V64c0-17.67-14.33-32-32-32h-32c-17.67 0-32 14.33-32 32v144H32c-17.67 0-32 14.33-32 32v32c0 17.67 14.33 32 32 32h144v144c0 17.67 14.33 32 32 32h32c17.67 0 32-14.33 32-32V304h144c17.67 0 32-14.33 32-32v-32c0-17.67-14.33-32-32-32z\"><\/path><\/svg><\/span>\n\t\t<\/span>\n\n\t\t\t\t\t\t<\/summary>\n\t\t\t\t<div role=\"region\" aria-labelledby=\"e-n-accordion-item-5161\" class=\"elementor-element elementor-element-503fcf4 e-con-full e-flex e-con e-child\" data-id=\"503fcf4\" data-element_type=\"container\">\n\t\t\t\t<div class=\"elementor-element elementor-element-867be9b elementor-widget elementor-widget-text-editor\" data-id=\"867be9b\" data-element_type=\"widget\" data-widget_type=\"text-editor.default\">\n\t\t\t\t<div class=\"elementor-widget-container\">\n\t\t\t\t\t\t\t\t\t<p>\u012eperkamas, i\u0161manantis, atsakingas, patikimas......<\/p><p>Net mes neturime universalaus atsakymo \u012f \u0161\u012f klausim\u0105.<\/p><p>Ta\u010diau per 15 met\u0173 Changlianas \u012fgijo esmini\u0173 \u017eini\u0173 apie \u0161\u012f pagrindin\u012f klausim\u0105. Esame vertingas ir patikimas tiek\u0117jas, turintis tvar\u0173 verslo model\u012f, palaikantis profesionalius santykius su klientais ir pasiry\u017e\u0119s daryti b\u016btinus poky\u010dius pagal dabartin\u0119 Kinijos prekybos aplink\u0105. Nuosekl\u0173 kokyb\u0117s u\u017etikrinim\u0105 ir visapusi\u0161ko aptarnavimo koncepcij\u0105 papildo m\u016bs\u0173 standartinis veiklos procesas.<\/p><p>Mes laikom\u0117s vertyb\u0117s \"Autenti\u0161kumas, patikimumas, s\u0105\u017einingumas\". Gryniausia \u0161i\u0173 pamatini\u0173 vertybi\u0173 i\u0161rai\u0161ka yra m\u016bs\u0173 visapusi\u0161ka paslaug\u0173 koncepcija.<\/p>\t\t\t\t\t\t\t\t<\/div>\n\t\t\t\t<\/div>\n\t\t\t\t<\/div>\n\t\t\t\t\t<\/details>\n\t\t\t\t\t\t<details id=\"e-n-accordion-item-5162\" class=\"e-n-accordion-item\" >\n\t\t\t\t<summary class=\"e-n-accordion-item-title\" data-accordion-index=\"3\" tabindex=\"-1\" aria-expanded=\"false\" aria-controls=\"e-n-accordion-item-5162\" >\n\t\t\t\t\t<span class='e-n-accordion-item-title-header'><div class=\"e-n-accordion-item-title-text\"> Kuo pasi\u017eymi \u012fmon\u0117s kokyb\u0117? <\/div><\/span>\n\t\t\t\t\t\t\t<span class='e-n-accordion-item-title-icon'>\n\t\t\t<span class='e-opened' ><svg aria-hidden=\"true\" class=\"e-font-icon-svg e-fas-minus\" viewbox=\"0 0 448 512\" xmlns=\"http:\/\/www.w3.org\/2000\/svg\"><path d=\"M416 208H32c-17.67 0-32 14.33-32 32v32c0 17.67 14.33 32 32 32h384c17.67 0 32-14.33 32-32v-32c0-17.67-14.33-32-32-32z\"><\/path><\/svg><\/span>\n\t\t\t<span class='e-closed'><svg aria-hidden=\"true\" class=\"e-font-icon-svg e-fas-plus\" viewbox=\"0 0 448 512\" xmlns=\"http:\/\/www.w3.org\/2000\/svg\"><path d=\"M416 208H272V64c0-17.67-14.33-32-32-32h-32c-17.67 0-32 14.33-32 32v144H32c-17.67 0-32 14.33-32 32v32c0 17.67 14.33 32 32 32h144v144c0 17.67 14.33 32 32 32h32c17.67 0 32-14.33 32-32V304h144c17.67 0 32-14.33 32-32v-32c0-17.67-14.33-32-32-32z\"><\/path><\/svg><\/span>\n\t\t<\/span>\n\n\t\t\t\t\t\t<\/summary>\n\t\t\t\t<div role=\"region\" aria-labelledby=\"e-n-accordion-item-5162\" class=\"elementor-element elementor-element-6779cb0 e-con-full e-flex e-con e-child\" data-id=\"6779cb0\" data-element_type=\"container\">\n\t\t\t\t<div class=\"elementor-element elementor-element-35b1450 elementor-widget elementor-widget-text-editor\" data-id=\"35b1450\" data-element_type=\"widget\" data-widget_type=\"text-editor.default\">\n\t\t\t\t<div class=\"elementor-widget-container\">\n\t\t\t\t\t\t\t\t\t<p>Kokyb\u0117 ir na\u0161umas, m\u016bs\u0173 pozicija rinkoje......<\/p><p>\"Changlian indurstrial\" pagrindinis prioritetas - auk\u0161ta gaminam\u0173 produkt\u0173 kokyb\u0117.<\/p><p>Atsi\u017evelgiant \u012f konkurencin\u0119 aplink\u0105, kurioje veikiame, ir prekybos strukt\u016bras, \u012fmon\u0117s vis ma\u017eiau skiriasi pagal kainodar\u0105. Tod\u0117l mes, kaip prid\u0117tin\u0117s vert\u0117s teik\u0117jas, si\u016blome integruotus, \u012f paslaugas orientuotus sprendimus, kurie sukuria ai\u0161kiai atpa\u017e\u012fstam\u0105 prid\u0117tin\u0119 vert\u0119 m\u016bs\u0173 klientams.<\/p><ul><li>Produktus pritaikome pagal j\u016bs\u0173 pageidavim\u0105<\/li><li>Teikiame tiksling\u0105 ir klientams draugi\u0161k\u0105 pagalb\u0105<\/li><li>D\u0117mes\u012f sutelkiame \u012f klient\u0173 poreikius<\/li><li>Palaikome ilgalaikius ir partneri\u0161kus santykius<\/li><\/ul>\t\t\t\t\t\t\t\t<\/div>\n\t\t\t\t<\/div>\n\t\t\t\t<\/div>\n\t\t\t\t\t<\/details>\n\t\t\t\t\t<\/div>\n\t\t\t\t\t\t<\/div>\n\t\t\t\t<\/div>\n\t\t\t\t\t<\/div>\n\t\t\t\t<\/div>\n\t\t<div class=\"elementor-element elementor-element-caaabba e-flex e-con-boxed e-con e-parent\" data-id=\"caaabba\" data-element_type=\"container\">\n\t\t\t\t\t<div class=\"e-con-inner\">\n\t\t\t\t<div class=\"elementor-element elementor-element-f68012e elementor-widget elementor-widget-heading\" data-id=\"f68012e\" data-element_type=\"widget\" data-widget_type=\"heading.default\">\n\t\t\t\t<div class=\"elementor-widget-container\">\n\t\t\t\t\t<h2 class=\"elementor-heading-title elementor-size-default\">Susisiekite su<\/h2>\t\t\t\t<\/div>\n\t\t\t\t<\/div>\n\t\t\t\t\t<\/div>\n\t\t\t\t<\/div>\n\t\t<div class=\"elementor-element elementor-element-007b524 e-flex e-con-boxed e-con e-parent\" data-id=\"007b524\" data-element_type=\"container\" data-settings=\"{&quot;background_background&quot;:&quot;classic&quot;}\">\n\t\t\t\t\t<div class=\"e-con-inner\">\n\t\t<div class=\"elementor-element elementor-element-b4bcc68 e-con-full e-flex e-con e-child\" data-id=\"b4bcc68\" data-element_type=\"container\">\n\t\t\t\t<div class=\"elementor-element elementor-element-acea703 elementor-button-align-stretch elementor-widget elementor-widget-form\" data-id=\"acea703\" data-element_type=\"widget\" data-settings=\"{&quot;step_next_label&quot;:&quot;Next&quot;,&quot;step_previous_label&quot;:&quot;Previous&quot;,&quot;button_width&quot;:&quot;100&quot;,&quot;step_type&quot;:&quot;number_text&quot;,&quot;step_icon_shape&quot;:&quot;circle&quot;}\" data-widget_type=\"form.default\">\n\t\t\t\t<div class=\"elementor-widget-container\">\n\t\t\t\t\t\t\t<form class=\"elementor-form\" method=\"post\" name=\"New Form\" aria-label=\"Nauja forma\" action=\"\">\n\t\t\t<input type=\"hidden\" name=\"post_id\" value=\"101\"\/>\n\t\t\t<input type=\"hidden\" name=\"form_id\" value=\"acea703\"\/>\n\t\t\t<input type=\"hidden\" name=\"referer_title\" value=\"\" \/>\n\n\t\t\t\n\t\t\t<div class=\"elementor-form-fields-wrapper elementor-labels-above\">\n\t\t\t\t\t\t\t\t<div class=\"elementor-field-type-email elementor-field-group elementor-column elementor-field-group-email elementor-col-100 elementor-field-required elementor-mark-required\">\n\t\t\t\t\t\t\t\t\t\t\t\t<label for=\"form-field-email\" class=\"elementor-field-label\">\n\t\t\t\t\t\t\t\tEl. pa\u0161tas\t\t\t\t\t\t\t<\/label>\n\t\t\t\t\t\t\t\t\t\t\t\t\t\t<input size=\"1\" type=\"email\" name=\"form_fields[email]\" id=\"form-field-email\" class=\"elementor-field elementor-size-sm  elementor-field-textual\" placeholder=\"El. pa\u0161tas\" required=\"required\">\n\t\t\t\t\t\t\t\t\t\t\t<\/div>\n\t\t\t\t\t\t\t\t<div class=\"elementor-field-type-text elementor-field-group elementor-column elementor-field-group-name elementor-col-100\">\n\t\t\t\t\t\t\t\t\t\t\t\t<label for=\"form-field-name\" class=\"elementor-field-label\">\n\t\t\t\t\t\t\t\tPavadinimas\t\t\t\t\t\t\t<\/label>\n\t\t\t\t\t\t\t\t\t\t\t\t\t\t<input size=\"1\" type=\"text\" name=\"form_fields[name]\" id=\"form-field-name\" class=\"elementor-field elementor-size-sm  elementor-field-textual\" placeholder=\"Pavadinimas\">\n\t\t\t\t\t\t\t\t\t\t\t<\/div>\n\t\t\t\t\t\t\t\t<div class=\"elementor-field-type-text elementor-field-group elementor-column elementor-field-group-field_2142395 elementor-col-100\">\n\t\t\t\t\t\t\t\t\t\t\t\t<label for=\"form-field-field_2142395\" class=\"elementor-field-label\">\n\t\t\t\t\t\t\t\t\u012emon\u0117\t\t\t\t\t\t\t<\/label>\n\t\t\t\t\t\t\t\t\t\t\t\t\t\t<input size=\"1\" type=\"text\" name=\"form_fields[field_2142395]\" id=\"form-field-field_2142395\" class=\"elementor-field elementor-size-sm  elementor-field-textual\" placeholder=\"\u012emon\u0117\">\n\t\t\t\t\t\t\t\t\t\t\t<\/div>\n\t\t\t\t\t\t\t\t<div class=\"elementor-field-type-text elementor-field-group elementor-column elementor-field-group-field_910d9b8 elementor-col-100\">\n\t\t\t\t\t\t\t\t\t\t\t\t<label for=\"form-field-field_910d9b8\" class=\"elementor-field-label\">\n\t\t\t\t\t\t\t\tKiekis\t\t\t\t\t\t\t<\/label>\n\t\t\t\t\t\t\t\t\t\t\t\t\t\t<input size=\"1\" type=\"text\" name=\"form_fields[field_910d9b8]\" id=\"form-field-field_910d9b8\" class=\"elementor-field elementor-size-sm  elementor-field-textual\" placeholder=\"Kiekis\">\n\t\t\t\t\t\t\t\t\t\t\t<\/div>\n\t\t\t\t\t\t\t\t<div class=\"elementor-field-type-textarea elementor-field-group elementor-column elementor-field-group-message elementor-col-100 elementor-field-required elementor-mark-required\">\n\t\t\t\t\t\t\t\t\t\t\t\t<label for=\"form-field-message\" class=\"elementor-field-label\">\n\t\t\t\t\t\t\t\t\u017dinut\u0117\t\t\t\t\t\t\t<\/label>\n\t\t\t\t\t\t<textarea class=\"elementor-field-textual elementor-field  elementor-size-sm\" name=\"form_fields[message]\" id=\"form-field-message\" rows=\"4\" placeholder=\"\u017dinut\u0117\" required=\"required\"><\/textarea>\t\t\t\t<\/div>\n\t\t\t\t\t\t\t\t<div class=\"elementor-field-type-recaptcha_v3 elementor-field-group elementor-column elementor-field-group-field_ae761ac elementor-col-100 recaptcha_v3-bottomright\">\n\t\t\t\t\t<div class=\"elementor-field\" id=\"form-field-field_ae761ac\"><div class=\"elementor-g-recaptcha\" data-sitekey=\"6LdhlhorAAAAAPBwag6SlK9inlSeBDVUmykMyzvp\" data-type=\"v3\" data-action=\"Form\" data-badge=\"bottomright\" data-size=\"invisible\"><\/div><\/div>\t\t\t\t<\/div>\n\t\t\t\t\t\t\t\t<div class=\"elementor-field-group elementor-column elementor-field-type-submit elementor-col-100 e-form__buttons\">\n\t\t\t\t\t<button class=\"elementor-button elementor-size-sm\" type=\"submit\">\n\t\t\t\t\t\t<span class=\"elementor-button-content-wrapper\">\n\t\t\t\t\t\t\t\t\t\t\t\t\t\t\t\t\t\t\t\t\t\t<span class=\"elementor-button-text\">Si\u0173sti<\/span>\n\t\t\t\t\t\t\t\t\t\t\t\t\t<\/span>\n\t\t\t\t\t<\/button>\n\t\t\t\t<\/div>\n\t\t\t<\/div>\n\t\t<input type=\"hidden\" name=\"trp-form-language\" value=\"lt\"\/><\/form>\n\t\t\t\t\t\t<\/div>\n\t\t\t\t<\/div>\n\t\t\t\t<\/div>\n\t\t<div class=\"elementor-element elementor-element-0177d23 e-con-full e-flex e-con e-child\" data-id=\"0177d23\" data-element_type=\"container\">\n\t\t\t\t<div class=\"elementor-element elementor-element-601a6b9 elementor-widget elementor-widget-heading\" data-id=\"601a6b9\" data-element_type=\"widget\" data-widget_type=\"heading.default\">\n\t\t\t\t<div class=\"elementor-widget-container\">\n\t\t\t\t\t<h4 class=\"elementor-heading-title elementor-size-default\">El. pa\u0161tas<\/h4>\t\t\t\t<\/div>\n\t\t\t\t<\/div>\n\t\t\t\t<div class=\"elementor-element elementor-element-42a7724 elementor-widget elementor-widget-text-editor\" data-id=\"42a7724\" data-element_type=\"widget\" data-widget_type=\"text-editor.default\">\n\t\t\t\t<div class=\"elementor-widget-container\">\n\t\t\t\t\t\t\t\t\t<p>sales@exactquartz.com<\/p>\t\t\t\t\t\t\t\t<\/div>\n\t\t\t\t<\/div>\n\t\t\t\t<div class=\"elementor-element elementor-element-12a1e66 elementor-widget elementor-widget-heading\" data-id=\"12a1e66\" data-element_type=\"widget\" data-widget_type=\"heading.default\">\n\t\t\t\t<div class=\"elementor-widget-container\">\n\t\t\t\t\t<h4 class=\"elementor-heading-title elementor-size-default\">Telefonas<\/h4>\t\t\t\t<\/div>\n\t\t\t\t<\/div>\n\t\t\t\t<div class=\"elementor-element elementor-element-f42a1d4 elementor-widget elementor-widget-text-editor\" data-id=\"f42a1d4\" data-element_type=\"widget\" data-widget_type=\"text-editor.default\">\n\t\t\t\t<div class=\"elementor-widget-container\">\n\t\t\t\t\t\t\t\t\t<p>86-18925895231<\/p>\t\t\t\t\t\t\t\t<\/div>\n\t\t\t\t<\/div>\n\t\t\t\t<div class=\"elementor-element elementor-element-c2d9d04 elementor-widget elementor-widget-heading\" data-id=\"c2d9d04\" data-element_type=\"widget\" data-widget_type=\"heading.default\">\n\t\t\t\t<div class=\"elementor-widget-container\">\n\t\t\t\t\t<h4 class=\"elementor-heading-title elementor-size-default\">Adresas<\/h4>\t\t\t\t<\/div>\n\t\t\t\t<\/div>\n\t\t\t\t<div class=\"elementor-element elementor-element-9ab9475 elementor-widget elementor-widget-text-editor\" data-id=\"9ab9475\" data-element_type=\"widget\" data-widget_type=\"text-editor.default\">\n\t\t\t\t<div class=\"elementor-widget-container\">\n\t\t\t\t\t\t\t\t\t<p>Room 403, No. 13, 1st Alley, Lizhiyuan, Zhouwuji, Wanjiang Subdistrict, Dongguan, Guangdong, China<\/p>\t\t\t\t\t\t\t\t<\/div>\n\t\t\t\t<\/div>\n\t\t\t\t<\/div>\n\t\t\t\t\t<\/div>\n\t\t\t\t<\/div>\n\t\t\t\t<\/div>","protected":false},"excerpt":{"rendered":"<p>Custom Fused Quartz There are various types of customized fused quartz products, including quartz tubes, quartz rods, quartz plates, quartz [&hellip;]<\/p>","protected":false},"author":2,"featured_media":0,"parent":0,"menu_order":0,"comment_status":"closed","ping_status":"closed","template":"","meta":{"_seopress_robots_primary_cat":"","_seopress_titles_title":"About ExactQuartz \u2013 Fused Quartz Tubes, Rods & Plates","_seopress_titles_desc":"Learn about ExactQuartz, a quartz glass manufacturer with 10+ years of experience. We supply custom fused quartz parts worldwide with quality & speed.","_seopress_robots_index":"","site-sidebar-layout":"no-sidebar","site-content-layout":"","ast-site-content-layout":"full-width-container","site-content-style":"default","site-sidebar-style":"default","ast-global-header-display":"","ast-banner-title-visibility":"","ast-main-header-display":"","ast-hfb-above-header-display":"","ast-hfb-below-header-display":"","ast-hfb-mobile-header-display":"","site-post-title":"disabled","ast-breadcrumbs-content":"","ast-featured-img":"disabled","footer-sml-layout":"","theme-transparent-header-meta":"","adv-header-id-meta":"","stick-header-meta":"","header-above-stick-meta":"","header-main-stick-meta":"","header-below-stick-meta":"","astra-migrate-meta-layouts":"default","ast-page-background-enabled":"default","ast-page-background-meta":{"desktop":{"background-color":"var(--ast-global-color-5)","background-image":"","background-repeat":"repeat","background-position":"center center","background-size":"auto","background-attachment":"scroll","background-type":"","background-media":"","overlay-type":"","overlay-color":"","overlay-opacity":"","overlay-gradient":""},"tablet":{"background-color":"","background-image":"","background-repeat":"repeat","background-position":"center center","background-size":"auto","background-attachment":"scroll","background-type":"","background-media":"","overlay-type":"","overlay-color":"","overlay-opacity":"","overlay-gradient":""},"mobile":{"background-color":"","background-image":"","background-repeat":"repeat","background-position":"center center","background-size":"auto","background-attachment":"scroll","background-type":"","background-media":"","overlay-type":"","overlay-color":"","overlay-opacity":"","overlay-gradient":""}},"ast-content-background-meta":{"desktop":{"background-color":"var(--ast-global-color-4)","background-image":"","background-repeat":"repeat","background-position":"center center","background-size":"auto","background-attachment":"scroll","background-type":"","background-media":"","overlay-type":"","overlay-color":"","overlay-opacity":"","overlay-gradient":""},"tablet":{"background-color":"var(--ast-global-color-4)","background-image":"","background-repeat":"repeat","background-position":"center center","background-size":"auto","background-attachment":"scroll","background-type":"","background-media":"","overlay-type":"","overlay-color":"","overlay-opacity":"","overlay-gradient":""},"mobile":{"background-color":"var(--ast-global-color-4)","background-image":"","background-repeat":"repeat","background-position":"center center","background-size":"auto","background-attachment":"scroll","background-type":"","background-media":"","overlay-type":"","overlay-color":"","overlay-opacity":"","overlay-gradient":""}},"footnotes":""},"class_list":["post-101","page","type-page","status-publish","hentry"],"_hostinger_reach_plugin_has_subscription_block":false,"_hostinger_reach_plugin_is_elementor":false,"_links":{"self":[{"href":"https:\/\/exactquartz.com\/lt\/wp-json\/wp\/v2\/pages\/101","targetHints":{"allow":["GET"]}}],"collection":[{"href":"https:\/\/exactquartz.com\/lt\/wp-json\/wp\/v2\/pages"}],"about":[{"href":"https:\/\/exactquartz.com\/lt\/wp-json\/wp\/v2\/types\/page"}],"author":[{"embeddable":true,"href":"https:\/\/exactquartz.com\/lt\/wp-json\/wp\/v2\/users\/2"}],"replies":[{"embeddable":true,"href":"https:\/\/exactquartz.com\/lt\/wp-json\/wp\/v2\/comments?post=101"}],"version-history":[{"count":38,"href":"https:\/\/exactquartz.com\/lt\/wp-json\/wp\/v2\/pages\/101\/revisions"}],"predecessor-version":[{"id":1997,"href":"https:\/\/exactquartz.com\/lt\/wp-json\/wp\/v2\/pages\/101\/revisions\/1997"}],"wp:attachment":[{"href":"https:\/\/exactquartz.com\/lt\/wp-json\/wp\/v2\/media?parent=101"}],"curies":[{"name":"wp","href":"https:\/\/api.w.org\/{rel}","templated":true}]}}