{"id":215,"date":"2025-03-13T10:43:04","date_gmt":"2025-03-13T02:43:04","guid":{"rendered":"https:\/\/exactquartz.com\/?page_id=215"},"modified":"2026-04-10T19:52:06","modified_gmt":"2026-04-10T11:52:06","slug":"blog","status":"publish","type":"page","link":"https:\/\/exactquartz.com\/lt\/blog\/","title":{"rendered":"Tinklara\u0161tis"},"content":{"rendered":"<div data-elementor-type=\"wp-page\" data-elementor-id=\"215\" class=\"elementor elementor-215\" data-elementor-post-type=\"page\">\n\t\t\t\t<div class=\"elementor-element elementor-element-b55d022 e-flex e-con-boxed e-con e-parent\" data-id=\"b55d022\" data-element_type=\"container\">\n\t\t\t\t\t<div class=\"e-con-inner\">\n\t\t\t\t<div class=\"elementor-element elementor-element-12ba004 elementor-widget elementor-widget-heading\" data-id=\"12ba004\" data-element_type=\"widget\" data-widget_type=\"heading.default\">\n\t\t\t\t<div class=\"elementor-widget-container\">\n\t\t\t\t\t<h1 class=\"elementor-heading-title elementor-size-default\">Tinklara\u0161tis<\/h1>\t\t\t\t<\/div>\n\t\t\t\t<\/div>\n\t\t\t\t\t<\/div>\n\t\t\t\t<\/div>\n\t\t<div class=\"elementor-element elementor-element-5f375f8 e-flex e-con-boxed e-con e-parent\" data-id=\"5f375f8\" data-element_type=\"container\">\n\t\t\t\t\t<div class=\"e-con-inner\">\n\t\t\t\t<div class=\"elementor-element elementor-element-f8bc409 elementor-grid-3 elementor-grid-tablet-2 elementor-grid-mobile-1 elementor-posts--thumbnail-top elementor-posts--show-avatar elementor-card-shadow-yes elementor-posts__hover-gradient elementor-widget elementor-widget-posts\" data-id=\"f8bc409\" data-element_type=\"widget\" data-settings=\"{&quot;cards_columns&quot;:&quot;3&quot;,&quot;cards_columns_tablet&quot;:&quot;2&quot;,&quot;cards_columns_mobile&quot;:&quot;1&quot;,&quot;cards_row_gap&quot;:{&quot;unit&quot;:&quot;px&quot;,&quot;size&quot;:35,&quot;sizes&quot;:[]},&quot;cards_row_gap_tablet&quot;:{&quot;unit&quot;:&quot;px&quot;,&quot;size&quot;:&quot;&quot;,&quot;sizes&quot;:[]},&quot;cards_row_gap_mobile&quot;:{&quot;unit&quot;:&quot;px&quot;,&quot;size&quot;:&quot;&quot;,&quot;sizes&quot;:[]}}\" data-widget_type=\"posts.cards\">\n\t\t\t\t<div class=\"elementor-widget-container\">\n\t\t\t\t\t\t\t<div class=\"elementor-posts-container elementor-posts elementor-posts--skin-cards elementor-grid\" role=\"list\">\n\t\t\t\t<article class=\"elementor-post elementor-grid-item post-450 post type-post status-publish format-standard hentry category-uncategorized\" role=\"listitem\">\n\t\t\t<div class=\"elementor-post__card\">\n\t\t\t\t<div class=\"elementor-post__text\">\n\t\t\t\t<h3 class=\"elementor-post__title\">\n\t\t\t<a href=\"https:\/\/exactquartz.com\/lt\/quartz-glass-market-has-great-development-space-and-semiconductor-is-its-main-application-field\/\" >\n\t\t\t\tKvarcinio stiklo rinka turi didel\u0119 pl\u0117tros erdv\u0119, o puslaidininkiai yra pagrindin\u0117 jos taikymo sritis\t\t\t<\/a>\n\t\t<\/h3>\n\t\t\t\t<div class=\"elementor-post__excerpt\">\n\t\t\t<p>Kvarcinis stiklas yra neorganin\u0117 nemetalin\u0117 med\u017eiaga ir specialus pramoninis stiklas, sudarytas i\u0161 vienos sudedamosios dalies - silicio dioksido (SiO2). Kvarcinis stiklas pasi\u017eymi puikiomis eksploatacin\u0117mis savyb\u0117mis, atsparumu auk\u0161tai temperat\u016brai, dideliu kietumu, ma\u017eu pl\u0117timosi koeficientu, dideliu spektro pralaidumu, stabiliomis chemin\u0117mis savyb\u0117mis ir puikia elektros izoliacija. J\u012f galima perdirbti \u012f<\/p>\n\t\t<\/div>\n\t\t\n\t\t<a class=\"elementor-post__read-more\" href=\"https:\/\/exactquartz.com\/lt\/quartz-glass-market-has-great-development-space-and-semiconductor-is-its-main-application-field\/\" aria-label=\"Read more about Quartz glass market has great development space, and semiconductor is its main application field\" tabindex=\"-1\" >\n\t\t\tSkaityti daugiau \"\t\t<\/a>\n\n\t\t\t\t<\/div>\n\t\t\t\t\t<\/div>\n\t\t<\/article>\n\t\t\t\t<article class=\"elementor-post elementor-grid-item post-378 post type-post status-publish format-standard hentry category-uncategorized\" role=\"listitem\">\n\t\t\t<div class=\"elementor-post__card\">\n\t\t\t\t<div class=\"elementor-post__text\">\n\t\t\t\t<h3 class=\"elementor-post__title\">\n\t\t\t<a href=\"https:\/\/exactquartz.com\/lt\/quartz-glass-products-advantages\/\" >\n\t\t\t\tKvarcinio stiklo gamini\u0173 privalumai\t\t\t<\/a>\n\t\t<\/h3>\n\t\t\t\t<div class=\"elementor-post__excerpt\">\n\t\t\t<p>Kvarco (SiO\u2082) med\u017eiaga i\u0161 pirmo \u017evilgsnio labai pana\u0161i \u012f stikl\u0105, ta\u010diau ypatingesn\u0117 yra ta, kad paprastas stiklas sudarytas i\u0161 daugelio komponent\u0173 (pvz., kvarcinio sm\u0117lio, borakso, boro r\u016bg\u0161ties, barito, bario karbonato, kalkakmenio, skal\u016bn\u0173, kalcinuotos sodos ir kt.). sud\u0117tis, o kvarco sud\u0117tyje yra tik SiO\u2082, ir jo mikrostrukt\u016bra yra<\/p>\n\t\t<\/div>\n\t\t\n\t\t<a class=\"elementor-post__read-more\" href=\"https:\/\/exactquartz.com\/lt\/quartz-glass-products-advantages\/\" aria-label=\"Read more about Quartz Glass Products Advantages\" tabindex=\"-1\" >\n\t\t\tSkaityti daugiau \"\t\t<\/a>\n\n\t\t\t\t<\/div>\n\t\t\t\t\t<\/div>\n\t\t<\/article>\n\t\t\t\t<article class=\"elementor-post elementor-grid-item post-374 post type-post status-publish format-standard hentry category-uncategorized\" role=\"listitem\">\n\t\t\t<div class=\"elementor-post__card\">\n\t\t\t\t<div class=\"elementor-post__text\">\n\t\t\t\t<h3 class=\"elementor-post__title\">\n\t\t\t<a href=\"https:\/\/exactquartz.com\/lt\/what-high-purity-quartz-products-are-used-in-integrated-circuit-processes-what-are-the-requirements-for-impurity-content-2\/\" >\n\t\t\t\tKokie didelio grynumo kvarco produktai naudojami integrini\u0173 grandyn\u0173 procesuose? Kokie reikalavimai taikomi priemai\u0161\u0173 kiekiui?\t\t\t<\/a>\n\t\t<\/h3>\n\t\t\t\t<div class=\"elementor-post__excerpt\">\n\t\t\t<p>Kokie didelio grynumo kvarco produktai naudojami integrini\u0173 grandyn\u0173 procesuose? Kokie reikalavimai taikomi priemai\u0161\u0173 kiekiui? Integrini\u0173 grandyn\u0173 procesuose da\u017eniausiai naudojami didelio grynumo kvarco produktai: kvarco plok\u0161tel\u0117s, kvarco kristalai, kvarco vamzdeliai ir kvarco langai. Kvarco plok\u0161tel\u0117se priemai\u0161\u0173 kiekis turi b\u016bti labai ma\u017eas, paprastai tose dalyse, kuriose<\/p>\n\t\t<\/div>\n\t\t\n\t\t<a class=\"elementor-post__read-more\" href=\"https:\/\/exactquartz.com\/lt\/what-high-purity-quartz-products-are-used-in-integrated-circuit-processes-what-are-the-requirements-for-impurity-content-2\/\" aria-label=\"Read more about What high-purity quartz products are used in integrated circuit processes? What are the requirements for impurity content?\" tabindex=\"-1\" >\n\t\t\tSkaityti daugiau \"\t\t<\/a>\n\n\t\t\t\t<\/div>\n\t\t\t\t\t<\/div>\n\t\t<\/article>\n\t\t\t\t<article class=\"elementor-post elementor-grid-item post-370 post type-post status-publish format-standard hentry category-uncategorized\" role=\"listitem\">\n\t\t\t<div class=\"elementor-post__card\">\n\t\t\t\t<div class=\"elementor-post__text\">\n\t\t\t\t<h3 class=\"elementor-post__title\">\n\t\t\t<a href=\"https:\/\/exactquartz.com\/lt\/6-proper-usage-guidelines-for-fused-quartz-handling-cleaning-thermal-shock-chemical-resistance-optics-handling-and-machining\/\" >\n\t\t\t\t6 Tinkamos lydyto kvarco naudojimo gair\u0117s: tvarkymas, valymas, terminis sm\u016bgis, atsparumas chemin\u0117ms med\u017eiagoms, optikos tvarkymas ir apdirbimas\t\t\t<\/a>\n\t\t<\/h3>\n\t\t\t\t<div class=\"elementor-post__excerpt\">\n\t\t\t<p>Tinkamos lydyto kvarco naudojimo rekomendacijos: 1. Laikymas: Dirbant su lydytuoju kvarcu, svarbu m\u016bv\u0117ti \u0161varias, nep\u016bkuotas pir\u0161tines, kad b\u016bt\u0173 i\u0161vengta u\u017eter\u0161imo. Su med\u017eiaga elkit\u0117s atsargiai, kad i\u0161vengtum\u0117te bet koki\u0173 \u012fbr\u0117\u017eim\u0173 ar pa\u017eeidim\u0173. Venkite tiesioginio s\u0105ly\u010dio plikomis rankomis, nes ant pavir\u0161iaus gali likti aliej\u0173 ir prakaito liku\u010di\u0173.<\/p>\n\t\t<\/div>\n\t\t\n\t\t<a class=\"elementor-post__read-more\" href=\"https:\/\/exactquartz.com\/lt\/6-proper-usage-guidelines-for-fused-quartz-handling-cleaning-thermal-shock-chemical-resistance-optics-handling-and-machining\/\" aria-label=\"Read more about 6 Proper Usage Guidelines for Fused Quartz: Handling, Cleaning, Thermal Shock, Chemical Resistance, Optics Handling, and Machining\" tabindex=\"-1\" >\n\t\t\tSkaityti daugiau \"\t\t<\/a>\n\n\t\t\t\t<\/div>\n\t\t\t\t\t<\/div>\n\t\t<\/article>\n\t\t\t\t<article class=\"elementor-post elementor-grid-item post-366 post type-post status-publish format-standard hentry category-uncategorized\" role=\"listitem\">\n\t\t\t<div class=\"elementor-post__card\">\n\t\t\t\t<div class=\"elementor-post__text\">\n\t\t\t\t<h3 class=\"elementor-post__title\">\n\t\t\t<a href=\"https:\/\/exactquartz.com\/lt\/5-reasons-why-uv-fused-quartz-cuvettes-outperform-plastic-and-glass-alternatives\/\" >\n\t\t\t\t5 prie\u017eastys, kod\u0117l UV sulydomo kvarco kiuvet\u0117s pranoksta plastikines ir stiklines alternatyvas\t\t\t<\/a>\n\t\t<\/h3>\n\t\t\t\t<div class=\"elementor-post__excerpt\">\n\t\t\t<p>Ultravioletini\u0173 spinduli\u0173 lydyto kvarco kiuvet\u0117s yra labai patvarios, palyginti su plastikin\u0117mis ir stiklin\u0117mis kiuvet\u0117mis. Lydusis kvarcas yra labai grynas stiklas, gaminamas lydant gryn\u0105 silicio dioksid\u0105 labai auk\u0161toje temperat\u016broje. Jis pasi\u017eymi puikiomis optin\u0117mis savyb\u0117mis, dideliu atsparumu chemin\u0117ms med\u017eiagoms, gali atlaikyti auk\u0161t\u0105 temperat\u016br\u0105 ir sl\u0117g\u012f. Ultravioletini\u0173 spinduli\u0173 lydyto kvarco kiuvet\u0117s yra<\/p>\n\t\t<\/div>\n\t\t\n\t\t<a class=\"elementor-post__read-more\" href=\"https:\/\/exactquartz.com\/lt\/5-reasons-why-uv-fused-quartz-cuvettes-outperform-plastic-and-glass-alternatives\/\" aria-label=\"Read more about 5 Reasons Why UV Fused Quartz Cuvettes Outperform Plastic and Glass Alternatives\" tabindex=\"-1\" >\n\t\t\tSkaityti daugiau \"\t\t<\/a>\n\n\t\t\t\t<\/div>\n\t\t\t\t\t<\/div>\n\t\t<\/article>\n\t\t\t\t<article class=\"elementor-post elementor-grid-item post-362 post type-post status-publish format-standard hentry category-uncategorized\" role=\"listitem\">\n\t\t\t<div class=\"elementor-post__card\">\n\t\t\t\t<div class=\"elementor-post__text\">\n\t\t\t\t<h3 class=\"elementor-post__title\">\n\t\t\t<a href=\"https:\/\/exactquartz.com\/lt\/uv-fused-quartz-cuvettes-the-ideal-choice-for-spectroscopy-applications\/\" >\n\t\t\t\tUltravioletini\u0173 spinduli\u0173 lydyto kvarco kiuvet\u0117s: Idealus pasirinkimas spektroskopijos taikymams\t\t\t<\/a>\n\t\t<\/h3>\n\t\t\t\t<div class=\"elementor-post__excerpt\">\n\t\t\t<p>1. \u012evadas \u012f ultravioletines lydyto kvarco kiuvetes Spektroskopijos srityje kiuvet\u0117s yra labai svarbios norint gauti tikslius ir patikimus rezultatus. I\u0161 \u012fvairi\u0173 galim\u0173 variant\u0173 UV lydyto kvarco kiuvet\u0117s tapo pageidaujamu pasirinkimu d\u0117l j\u0173 i\u0161skirtinio patvarumo ir puiki\u0173 eksploatacini\u0173 savybi\u0173. Svetain\u0117je<\/p>\n\t\t<\/div>\n\t\t\n\t\t<a class=\"elementor-post__read-more\" href=\"https:\/\/exactquartz.com\/lt\/uv-fused-quartz-cuvettes-the-ideal-choice-for-spectroscopy-applications\/\" aria-label=\"Read more about UV Fused Quartz Cuvettes: The Ideal Choice for Spectroscopy Applications\" tabindex=\"-1\" >\n\t\t\tSkaityti daugiau \"\t\t<\/a>\n\n\t\t\t\t<\/div>\n\t\t\t\t\t<\/div>\n\t\t<\/article>\n\t\t\t\t<\/div>\n\t\t\n\t\t\t\t\t\t<\/div>\n\t\t\t\t<\/div>\n\t\t\t\t\t<\/div>\n\t\t\t\t<\/div>\n\t\t<div class=\"elementor-element elementor-element-8b56ddd e-flex e-con-boxed e-con e-parent\" data-id=\"8b56ddd\" data-element_type=\"container\">\n\t\t\t\t\t<div class=\"e-con-inner\">\n\t\t\t\t<div class=\"elementor-element elementor-element-930bab3 elementor-widget elementor-widget-heading\" data-id=\"930bab3\" data-element_type=\"widget\" data-widget_type=\"heading.default\">\n\t\t\t\t<div class=\"elementor-widget-container\">\n\t\t\t\t\t<h2 class=\"elementor-heading-title elementor-size-default\">Susisiekite su<\/h2>\t\t\t\t<\/div>\n\t\t\t\t<\/div>\n\t\t\t\t\t<\/div>\n\t\t\t\t<\/div>\n\t\t<div class=\"elementor-element elementor-element-bf98708 e-flex e-con-boxed e-con e-parent\" data-id=\"bf98708\" data-element_type=\"container\" data-settings=\"{&quot;background_background&quot;:&quot;classic&quot;}\">\n\t\t\t\t\t<div class=\"e-con-inner\">\n\t\t<div class=\"elementor-element elementor-element-48e35c7 e-con-full e-flex e-con e-child\" data-id=\"48e35c7\" data-element_type=\"container\">\n\t\t\t\t<div class=\"elementor-element elementor-element-864040e elementor-button-align-stretch elementor-widget elementor-widget-form\" data-id=\"864040e\" data-element_type=\"widget\" data-settings=\"{&quot;step_next_label&quot;:&quot;Next&quot;,&quot;step_previous_label&quot;:&quot;Previous&quot;,&quot;button_width&quot;:&quot;100&quot;,&quot;step_type&quot;:&quot;number_text&quot;,&quot;step_icon_shape&quot;:&quot;circle&quot;}\" data-widget_type=\"form.default\">\n\t\t\t\t<div class=\"elementor-widget-container\">\n\t\t\t\t\t\t\t<form class=\"elementor-form\" method=\"post\" name=\"New Form\" aria-label=\"Nauja forma\" action=\"\">\n\t\t\t<input type=\"hidden\" name=\"post_id\" value=\"215\"\/>\n\t\t\t<input type=\"hidden\" name=\"form_id\" value=\"864040e\"\/>\n\t\t\t<input type=\"hidden\" name=\"referer_title\" value=\"\" \/>\n\n\t\t\t\n\t\t\t<div class=\"elementor-form-fields-wrapper elementor-labels-above\">\n\t\t\t\t\t\t\t\t<div class=\"elementor-field-type-email elementor-field-group elementor-column elementor-field-group-email elementor-col-100 elementor-field-required elementor-mark-required\">\n\t\t\t\t\t\t\t\t\t\t\t\t<label for=\"form-field-email\" class=\"elementor-field-label\">\n\t\t\t\t\t\t\t\tEl. pa\u0161tas\t\t\t\t\t\t\t<\/label>\n\t\t\t\t\t\t\t\t\t\t\t\t\t\t<input size=\"1\" type=\"email\" name=\"form_fields[email]\" id=\"form-field-email\" class=\"elementor-field elementor-size-sm  elementor-field-textual\" placeholder=\"El. pa\u0161tas\" required=\"required\">\n\t\t\t\t\t\t\t\t\t\t\t<\/div>\n\t\t\t\t\t\t\t\t<div class=\"elementor-field-type-text elementor-field-group elementor-column elementor-field-group-name elementor-col-100\">\n\t\t\t\t\t\t\t\t\t\t\t\t<label for=\"form-field-name\" class=\"elementor-field-label\">\n\t\t\t\t\t\t\t\tPavadinimas\t\t\t\t\t\t\t<\/label>\n\t\t\t\t\t\t\t\t\t\t\t\t\t\t<input size=\"1\" type=\"text\" name=\"form_fields[name]\" id=\"form-field-name\" class=\"elementor-field elementor-size-sm  elementor-field-textual\" placeholder=\"Pavadinimas\">\n\t\t\t\t\t\t\t\t\t\t\t<\/div>\n\t\t\t\t\t\t\t\t<div class=\"elementor-field-type-text elementor-field-group elementor-column elementor-field-group-field_2142395 elementor-col-100\">\n\t\t\t\t\t\t\t\t\t\t\t\t<label for=\"form-field-field_2142395\" class=\"elementor-field-label\">\n\t\t\t\t\t\t\t\t\u012emon\u0117\t\t\t\t\t\t\t<\/label>\n\t\t\t\t\t\t\t\t\t\t\t\t\t\t<input size=\"1\" type=\"text\" name=\"form_fields[field_2142395]\" id=\"form-field-field_2142395\" class=\"elementor-field elementor-size-sm  elementor-field-textual\" placeholder=\"\u012emon\u0117\">\n\t\t\t\t\t\t\t\t\t\t\t<\/div>\n\t\t\t\t\t\t\t\t<div class=\"elementor-field-type-text elementor-field-group elementor-column elementor-field-group-field_910d9b8 elementor-col-100\">\n\t\t\t\t\t\t\t\t\t\t\t\t<label for=\"form-field-field_910d9b8\" class=\"elementor-field-label\">\n\t\t\t\t\t\t\t\tKiekis\t\t\t\t\t\t\t<\/label>\n\t\t\t\t\t\t\t\t\t\t\t\t\t\t<input size=\"1\" type=\"text\" name=\"form_fields[field_910d9b8]\" id=\"form-field-field_910d9b8\" class=\"elementor-field elementor-size-sm  elementor-field-textual\" placeholder=\"Kiekis\">\n\t\t\t\t\t\t\t\t\t\t\t<\/div>\n\t\t\t\t\t\t\t\t<div class=\"elementor-field-type-textarea elementor-field-group elementor-column elementor-field-group-message elementor-col-100 elementor-field-required elementor-mark-required\">\n\t\t\t\t\t\t\t\t\t\t\t\t<label for=\"form-field-message\" class=\"elementor-field-label\">\n\t\t\t\t\t\t\t\t\u017dinut\u0117\t\t\t\t\t\t\t<\/label>\n\t\t\t\t\t\t<textarea class=\"elementor-field-textual elementor-field  elementor-size-sm\" name=\"form_fields[message]\" id=\"form-field-message\" rows=\"4\" placeholder=\"\u017dinut\u0117\" required=\"required\"><\/textarea>\t\t\t\t<\/div>\n\t\t\t\t\t\t\t\t<div class=\"elementor-field-type-recaptcha_v3 elementor-field-group elementor-column elementor-field-group-field_ae761ac elementor-col-100 recaptcha_v3-bottomright\">\n\t\t\t\t\t<div class=\"elementor-field\" id=\"form-field-field_ae761ac\"><div class=\"elementor-g-recaptcha\" data-sitekey=\"6LdhlhorAAAAAPBwag6SlK9inlSeBDVUmykMyzvp\" data-type=\"v3\" data-action=\"Form\" data-badge=\"bottomright\" data-size=\"invisible\"><\/div><\/div>\t\t\t\t<\/div>\n\t\t\t\t\t\t\t\t<div class=\"elementor-field-group elementor-column elementor-field-type-submit elementor-col-100 e-form__buttons\">\n\t\t\t\t\t<button class=\"elementor-button elementor-size-sm\" type=\"submit\">\n\t\t\t\t\t\t<span class=\"elementor-button-content-wrapper\">\n\t\t\t\t\t\t\t\t\t\t\t\t\t\t\t\t\t\t\t\t\t\t<span class=\"elementor-button-text\">Si\u0173sti<\/span>\n\t\t\t\t\t\t\t\t\t\t\t\t\t<\/span>\n\t\t\t\t\t<\/button>\n\t\t\t\t<\/div>\n\t\t\t<\/div>\n\t\t<input type=\"hidden\" name=\"trp-form-language\" value=\"lt\"\/><\/form>\n\t\t\t\t\t\t<\/div>\n\t\t\t\t<\/div>\n\t\t\t\t<\/div>\n\t\t<div class=\"elementor-element elementor-element-01543b9 e-con-full e-flex e-con e-child\" data-id=\"01543b9\" data-element_type=\"container\">\n\t\t\t\t<div class=\"elementor-element elementor-element-5e8295b elementor-widget elementor-widget-heading\" data-id=\"5e8295b\" data-element_type=\"widget\" data-widget_type=\"heading.default\">\n\t\t\t\t<div class=\"elementor-widget-container\">\n\t\t\t\t\t<h4 class=\"elementor-heading-title elementor-size-default\">El. pa\u0161tas<\/h4>\t\t\t\t<\/div>\n\t\t\t\t<\/div>\n\t\t\t\t<div class=\"elementor-element elementor-element-70690a5 elementor-widget elementor-widget-text-editor\" data-id=\"70690a5\" data-element_type=\"widget\" data-widget_type=\"text-editor.default\">\n\t\t\t\t<div class=\"elementor-widget-container\">\n\t\t\t\t\t\t\t\t\t<p>sales@exactquartz.com<\/p>\t\t\t\t\t\t\t\t<\/div>\n\t\t\t\t<\/div>\n\t\t\t\t<div class=\"elementor-element elementor-element-1d83ee6 elementor-widget elementor-widget-heading\" data-id=\"1d83ee6\" data-element_type=\"widget\" data-widget_type=\"heading.default\">\n\t\t\t\t<div class=\"elementor-widget-container\">\n\t\t\t\t\t<h4 class=\"elementor-heading-title elementor-size-default\">Telefonas<\/h4>\t\t\t\t<\/div>\n\t\t\t\t<\/div>\n\t\t\t\t<div class=\"elementor-element elementor-element-2c9c708 elementor-widget elementor-widget-text-editor\" data-id=\"2c9c708\" data-element_type=\"widget\" data-widget_type=\"text-editor.default\">\n\t\t\t\t<div class=\"elementor-widget-container\">\n\t\t\t\t\t\t\t\t\t<p>86-18925895231<\/p>\t\t\t\t\t\t\t\t<\/div>\n\t\t\t\t<\/div>\n\t\t\t\t<div class=\"elementor-element elementor-element-4762d4e elementor-widget elementor-widget-heading\" data-id=\"4762d4e\" data-element_type=\"widget\" data-widget_type=\"heading.default\">\n\t\t\t\t<div class=\"elementor-widget-container\">\n\t\t\t\t\t<h4 class=\"elementor-heading-title elementor-size-default\">Adresas<\/h4>\t\t\t\t<\/div>\n\t\t\t\t<\/div>\n\t\t\t\t<div class=\"elementor-element elementor-element-97345bf elementor-widget elementor-widget-text-editor\" data-id=\"97345bf\" data-element_type=\"widget\" data-widget_type=\"text-editor.default\">\n\t\t\t\t<div class=\"elementor-widget-container\">\n\t\t\t\t\t\t\t\t\t<p>Room 403, No. 13, 1st Alley, Lizhiyuan, Zhouwuji, Wanjiang Subdistrict, Dongguan, Guangdong, China<\/p>\t\t\t\t\t\t\t\t<\/div>\n\t\t\t\t<\/div>\n\t\t\t\t<\/div>\n\t\t\t\t\t<\/div>\n\t\t\t\t<\/div>\n\t\t\t\t<\/div>","protected":false},"excerpt":{"rendered":"<p>Blog Contact Email sales@exactquartz.com Phone 86-18925895231 Address Room 403, No. 13, 1st Alley, Lizhiyuan, Zhouwuji, Wanjiang Subdistrict, Dongguan, Guangdong, China<\/p>","protected":false},"author":2,"featured_media":0,"parent":0,"menu_order":0,"comment_status":"closed","ping_status":"closed","template":"","meta":{"_seopress_robots_primary_cat":"","_seopress_titles_title":"Quartz Blog \u2013 Tech Tips, Applications & Material Trends","_seopress_titles_desc":"Explore expert blogs on quartz glass: IC-grade materials, UV optics, laser tech, energy trends & usage guides. Stay informed with fused quartz insights.","_seopress_robots_index":"","site-sidebar-layout":"no-sidebar","site-content-layout":"","ast-site-content-layout":"full-width-container","site-content-style":"default","site-sidebar-style":"default","ast-global-header-display":"","ast-banner-title-visibility":"","ast-main-header-display":"","ast-hfb-above-header-display":"","ast-hfb-below-header-display":"","ast-hfb-mobile-header-display":"","site-post-title":"disabled","ast-breadcrumbs-content":"","ast-featured-img":"disabled","footer-sml-layout":"","theme-transparent-header-meta":"","adv-header-id-meta":"","stick-header-meta":"","header-above-stick-meta":"","header-main-stick-meta":"","header-below-stick-meta":"","astra-migrate-meta-layouts":"default","ast-page-background-enabled":"default","ast-page-background-meta":{"desktop":{"background-color":"var(--ast-global-color-5)","background-image":"","background-repeat":"repeat","background-position":"center center","background-size":"auto","background-attachment":"scroll","background-type":"","background-media":"","overlay-type":"","overlay-color":"","overlay-opacity":"","overlay-gradient":""},"tablet":{"background-color":"","background-image":"","background-repeat":"repeat","background-position":"center center","background-size":"auto","background-attachment":"scroll","background-type":"","background-media":"","overlay-type":"","overlay-color":"","overlay-opacity":"","overlay-gradient":""},"mobile":{"background-color":"","background-image":"","background-repeat":"repeat","background-position":"center center","background-size":"auto","background-attachment":"scroll","background-type":"","background-media":"","overlay-type":"","overlay-color":"","overlay-opacity":"","overlay-gradient":""}},"ast-content-background-meta":{"desktop":{"background-color":"var(--ast-global-color-4)","background-image":"","background-repeat":"repeat","background-position":"center center","background-size":"auto","background-attachment":"scroll","background-type":"","background-media":"","overlay-type":"","overlay-color":"","overlay-opacity":"","overlay-gradient":""},"tablet":{"background-color":"var(--ast-global-color-4)","background-image":"","background-repeat":"repeat","background-position":"center center","background-size":"auto","background-attachment":"scroll","background-type":"","background-media":"","overlay-type":"","overlay-color":"","overlay-opacity":"","overlay-gradient":""},"mobile":{"background-color":"var(--ast-global-color-4)","background-image":"","background-repeat":"repeat","background-position":"center center","background-size":"auto","background-attachment":"scroll","background-type":"","background-media":"","overlay-type":"","overlay-color":"","overlay-opacity":"","overlay-gradient":""}},"footnotes":""},"class_list":["post-215","page","type-page","status-publish","hentry"],"_hostinger_reach_plugin_has_subscription_block":false,"_hostinger_reach_plugin_is_elementor":false,"_links":{"self":[{"href":"https:\/\/exactquartz.com\/lt\/wp-json\/wp\/v2\/pages\/215","targetHints":{"allow":["GET"]}}],"collection":[{"href":"https:\/\/exactquartz.com\/lt\/wp-json\/wp\/v2\/pages"}],"about":[{"href":"https:\/\/exactquartz.com\/lt\/wp-json\/wp\/v2\/types\/page"}],"author":[{"embeddable":true,"href":"https:\/\/exactquartz.com\/lt\/wp-json\/wp\/v2\/users\/2"}],"replies":[{"embeddable":true,"href":"https:\/\/exactquartz.com\/lt\/wp-json\/wp\/v2\/comments?post=215"}],"version-history":[{"count":32,"href":"https:\/\/exactquartz.com\/lt\/wp-json\/wp\/v2\/pages\/215\/revisions"}],"predecessor-version":[{"id":2003,"href":"https:\/\/exactquartz.com\/lt\/wp-json\/wp\/v2\/pages\/215\/revisions\/2003"}],"wp:attachment":[{"href":"https:\/\/exactquartz.com\/lt\/wp-json\/wp\/v2\/media?parent=215"}],"curies":[{"name":"wp","href":"https:\/\/api.w.org\/{rel}","templated":true}]}}