{"id":266,"date":"2025-03-26T17:28:19","date_gmt":"2025-03-26T09:28:19","guid":{"rendered":"https:\/\/exactquartz.com\/?page_id=266"},"modified":"2025-04-16T18:29:58","modified_gmt":"2025-04-16T10:29:58","slug":"optical-quartz-discs","status":"publish","type":"page","link":"https:\/\/exactquartz.com\/lt\/quartz-discs-and-plates\/optical-quartz-discs\/","title":{"rendered":"Optiniai kvarciniai diskai - didelio skaidrumo apvalios plok\u0161tel\u0117s"},"content":{"rendered":"<div data-elementor-type=\"wp-page\" data-elementor-id=\"266\" class=\"elementor elementor-266\" data-elementor-post-type=\"page\">\n\t\t\t\t<div class=\"elementor-element elementor-element-d2bc4f1 e-flex e-con-boxed e-con e-parent\" data-id=\"d2bc4f1\" data-element_type=\"container\">\n\t\t\t\t\t<div class=\"e-con-inner\">\n\t\t<div class=\"elementor-element elementor-element-6d0fc6f e-con-full e-flex e-con e-child\" data-id=\"6d0fc6f\" data-element_type=\"container\">\n\t\t\t\t<div class=\"elementor-element elementor-element-fb179f0 elementor-skin-slideshow elementor-arrows-yes elementor-widget elementor-widget-media-carousel\" data-id=\"fb179f0\" data-element_type=\"widget\" data-settings=\"{&quot;skin&quot;:&quot;slideshow&quot;,&quot;effect&quot;:&quot;fade&quot;,&quot;slideshow_slides_per_view&quot;:&quot;3&quot;,&quot;show_arrows&quot;:&quot;yes&quot;,&quot;speed&quot;:500,&quot;autoplay&quot;:&quot;yes&quot;,&quot;autoplay_speed&quot;:5000,&quot;loop&quot;:&quot;yes&quot;,&quot;pause_on_hover&quot;:&quot;yes&quot;,&quot;pause_on_interaction&quot;:&quot;yes&quot;,&quot;space_between&quot;:{&quot;unit&quot;:&quot;px&quot;,&quot;size&quot;:10,&quot;sizes&quot;:[]},&quot;space_between_tablet&quot;:{&quot;unit&quot;:&quot;px&quot;,&quot;size&quot;:10,&quot;sizes&quot;:[]},&quot;space_between_mobile&quot;:{&quot;unit&quot;:&quot;px&quot;,&quot;size&quot;:10,&quot;sizes&quot;:[]}}\" data-widget_type=\"media-carousel.default\">\n\t\t\t\t<div class=\"elementor-widget-container\">\n\t\t\t\t\t\t\t\t\t<div class=\"elementor-swiper\">\n\t\t\t\t\t<div class=\"elementor-main-swiper swiper\" role=\"region\" aria-roledescription=\"carousel\" aria-label=\"Skaidr\u0117s\">\n\t\t\t\t<div class=\"swiper-wrapper\">\n\t\t\t\t\t\t\t\t\t\t\t<div class=\"swiper-slide\" role=\"group\" aria-roledescription=\"slide\">\n\t\t\t\t\t\t\t\t\t<div class=\"elementor-carousel-image\" role=\"img\" aria-label=\"Didelio skaidrumo optiniai kvarciniai diskai\" style=\"background-image: url(&#039;https:\/\/exactquartz.com\/wp-content\/uploads\/2025\/03\/High-transparency-optical-quartz-discs.webp&#039;)\">\n\n\t\t\t\n\t\t\t\t\t<\/div>\n\t\t\t\t\t\t\t\t<\/div>\n\t\t\t\t\t\t\t\t\t\t\t<div class=\"swiper-slide\" role=\"group\" aria-roledescription=\"slide\">\n\t\t\t\t\t\t\t\t\t<div class=\"elementor-carousel-image\" role=\"img\" aria-label=\"Didelio skaidrumo optiniai kvarciniai diskai 3\" style=\"background-image: url(&#039;https:\/\/exactquartz.com\/wp-content\/uploads\/2025\/03\/High-transparency-optical-quartz-discs-3.webp&#039;)\">\n\n\t\t\t\n\t\t\t\t\t<\/div>\n\t\t\t\t\t\t\t\t<\/div>\n\t\t\t\t\t\t\t\t\t\t\t<div class=\"swiper-slide\" role=\"group\" aria-roledescription=\"slide\">\n\t\t\t\t\t\t\t\t\t<div class=\"elementor-carousel-image\" role=\"img\" aria-label=\"Didelio skaidrumo optiniai kvarciniai diskai 2\" style=\"background-image: url(&#039;https:\/\/exactquartz.com\/wp-content\/uploads\/2025\/03\/High-transparency-optical-quartz-discs-2.webp&#039;)\">\n\n\t\t\t\n\t\t\t\t\t<\/div>\n\t\t\t\t\t\t\t\t<\/div>\n\t\t\t\t\t\t\t\t\t<\/div>\n\t\t\t\t\t\t\t\t\t\t\t\t\t\t\t<div class=\"elementor-swiper-button elementor-swiper-button-prev\" role=\"button\" tabindex=\"0\" aria-label=\"Iepriek\u0161\u0113jais\" data-no-translation-aria-label=\"\">\n\t\t\t\t\t\t\t<svg aria-hidden=\"true\" class=\"e-font-icon-svg e-eicon-chevron-left\" viewbox=\"0 0 1000 1000\" xmlns=\"http:\/\/www.w3.org\/2000\/svg\"><path d=\"M646 125C629 125 613 133 604 142L308 442C296 454 292 471 292 487 292 504 296 521 308 533L604 854C617 867 629 875 646 875 663 875 679 871 692 858 704 846 713 829 713 812 713 796 708 779 692 767L438 487 692 225C700 217 708 204 708 187 708 171 704 154 692 142 675 129 663 125 646 125Z\"><\/path><\/svg>\t\t\t\t\t\t<\/div>\n\t\t\t\t\t\t<div class=\"elementor-swiper-button elementor-swiper-button-next\" role=\"button\" tabindex=\"0\" aria-label=\"N\u0101kamais\" data-no-translation-aria-label=\"\">\n\t\t\t\t\t\t\t<svg aria-hidden=\"true\" class=\"e-font-icon-svg e-eicon-chevron-right\" viewbox=\"0 0 1000 1000\" xmlns=\"http:\/\/www.w3.org\/2000\/svg\"><path d=\"M696 533C708 521 713 504 713 487 713 471 708 454 696 446L400 146C388 133 375 125 354 125 338 125 325 129 313 142 300 154 292 171 292 187 292 204 296 221 308 233L563 492 304 771C292 783 288 800 288 817 288 833 296 850 308 863 321 871 338 875 354 875 371 875 388 867 400 854L696 533Z\"><\/path><\/svg>\t\t\t\t\t\t<\/div>\n\t\t\t\t\t\t\t\t\t\t\t\t\t\t\t\t\t<\/div>\n\t\t\t\t<\/div>\n\t\t\t\t\t\t\t\t<div class=\"elementor-swiper\">\n\t\t\t\t\t<div class=\"elementor-main-swiper swiper elementor-thumbnails-swiper swiper\" role=\"region region\" aria-roledescription=\"carousel carousel\" aria-label=\"Skaidr\u0117s Skaidr\u0117s\">\n\t\t\t\t<div class=\"swiper-wrapper\">\n\t\t\t\t\t\t\t\t\t\t\t<div class=\"swiper-slide\" role=\"group\" aria-roledescription=\"slide\">\n\t\t\t\t\t\t\t\t\t<div class=\"elementor-carousel-image\" role=\"img\" aria-label=\"Didelio skaidrumo optiniai kvarciniai diskai\" style=\"background-image: url(&#039;https:\/\/exactquartz.com\/wp-content\/uploads\/2025\/03\/High-transparency-optical-quartz-discs.webp&#039;)\">\n\n\t\t\t\n\t\t\t\t\t<\/div>\n\t\t\t\t\t\t\t\t<\/div>\n\t\t\t\t\t\t\t\t\t\t\t<div class=\"swiper-slide\" role=\"group\" aria-roledescription=\"slide\">\n\t\t\t\t\t\t\t\t\t<div class=\"elementor-carousel-image\" role=\"img\" aria-label=\"Didelio skaidrumo optiniai kvarciniai diskai 3\" style=\"background-image: url(&#039;https:\/\/exactquartz.com\/wp-content\/uploads\/2025\/03\/High-transparency-optical-quartz-discs-3.webp&#039;)\">\n\n\t\t\t\n\t\t\t\t\t<\/div>\n\t\t\t\t\t\t\t\t<\/div>\n\t\t\t\t\t\t\t\t\t\t\t<div class=\"swiper-slide\" role=\"group\" aria-roledescription=\"slide\">\n\t\t\t\t\t\t\t\t\t<div class=\"elementor-carousel-image\" role=\"img\" aria-label=\"Didelio skaidrumo optiniai kvarciniai diskai 2\" style=\"background-image: url(&#039;https:\/\/exactquartz.com\/wp-content\/uploads\/2025\/03\/High-transparency-optical-quartz-discs-2.webp&#039;)\">\n\n\t\t\t\n\t\t\t\t\t<\/div>\n\t\t\t\t\t\t\t\t<\/div>\n\t\t\t\t\t\t\t\t\t<\/div>\n\t\t\t\t\t\t\t\t\t\t\t\t\t\t\t\t\t\t\t\t\t<\/div>\n\t\t\t\t<\/div>\n\t\t\t\t\t\t\t\t<\/div>\n\t\t\t\t<\/div>\n\t\t\t\t<\/div>\n\t\t<div class=\"elementor-element elementor-element-2a56432 e-con-full e-flex e-con e-child\" data-id=\"2a56432\" data-element_type=\"container\">\n\t\t\t\t<div class=\"elementor-element elementor-element-70d5eba elementor-widget elementor-widget-heading\" data-id=\"70d5eba\" data-element_type=\"widget\" data-widget_type=\"heading.default\">\n\t\t\t\t<div class=\"elementor-widget-container\">\n\t\t\t\t\t<h2 class=\"elementor-heading-title elementor-size-default\">Optiniai kvarciniai diskai - didelio skaidrumo apvalios plok\u0161tel\u0117s<\/h2>\t\t\t\t<\/div>\n\t\t\t\t<\/div>\n\t\t\t\t<div class=\"elementor-element elementor-element-ac956f7 elementor-widget elementor-widget-text-editor\" data-id=\"ac956f7\" data-element_type=\"widget\" data-widget_type=\"text-editor.default\">\n\t\t\t\t<div class=\"elementor-widget-container\">\n\t\t\t\t\t\t\t\t\t<p>Apskritos kvarco plok\u0161tel\u0117s, didelio skaidrumo optiniai kvarco diskai ir kvarco poliravimo plok\u0161tel\u0117s<\/p>\t\t\t\t\t\t\t\t<\/div>\n\t\t\t\t<\/div>\n\t\t\t\t<div class=\"elementor-element elementor-element-c6d5d94 elementor-widget elementor-widget-text-editor\" data-id=\"c6d5d94\" data-element_type=\"widget\" data-widget_type=\"text-editor.default\">\n\t\t\t\t<div class=\"elementor-widget-container\">\n\t\t\t\t\t\t\t\t\t<p>Mes tiekiame apvalias kvarco plok\u0161teles, didelio skaidrumo optinius kvarco diskus ir kvarco poliravimo plok\u0161teles. \u0160ie gaminiai pasi\u017eymi puikiomis optin\u0117mis savyb\u0117mis ir yra pla\u010diai naudojami \u012fvairiose pramon\u0117s \u0161akose, pavyzd\u017eiui, optikos, elektronikos ir mokslini\u0173 tyrim\u0173 laboratorijose.<\/p>\t\t\t\t\t\t\t\t<\/div>\n\t\t\t\t<\/div>\n\t\t\t\t<div class=\"elementor-element elementor-element-5ab7f5e elementor-align-left elementor-widget elementor-widget-button\" data-id=\"5ab7f5e\" data-element_type=\"widget\" data-widget_type=\"button.default\">\n\t\t\t\t<div class=\"elementor-widget-container\">\n\t\t\t\t\t\t\t\t\t<div class=\"elementor-button-wrapper\">\n\t\t\t\t\t<a class=\"elementor-button elementor-button-link elementor-size-sm\" href=\"#elementor-action%3Aaction%3Dpopup%3Aopen%26settings%3DeyJpZCI6IjEyNzUiLCJ0b2dnbGUiOmZhbHNlfQ%3D%3D\">\n\t\t\t\t\t\t<span class=\"elementor-button-content-wrapper\">\n\t\t\t\t\t\t\t\t\t<span class=\"elementor-button-text\">Greita citata<\/span>\n\t\t\t\t\t<\/span>\n\t\t\t\t\t<\/a>\n\t\t\t\t<\/div>\n\t\t\t\t\t\t\t\t<\/div>\n\t\t\t\t<\/div>\n\t\t\t\t<\/div>\n\t\t\t\t\t<\/div>\n\t\t\t\t<\/div>\n\t\t<div class=\"elementor-element elementor-element-a2ed80c e-flex e-con-boxed e-con e-parent\" data-id=\"a2ed80c\" data-element_type=\"container\">\n\t\t\t\t\t<div class=\"e-con-inner\">\n\t\t\t\t<div class=\"elementor-element elementor-element-ceddc61 elementor-widget elementor-widget-text-editor\" data-id=\"ceddc61\" data-element_type=\"widget\" data-widget_type=\"text-editor.default\">\n\t\t\t\t<div class=\"elementor-widget-container\">\n\t\t\t\t\t\t\t\t\t<p>Auk\u0161tos kokyb\u0117s kvarcinio stiklo plok\u0161tel\u0117s ir (arba) diskai yra stiklo gamini\u0173 r\u016b\u0161is, pla\u010diai naudojama \u012fvairiose pramon\u0117s \u0161akose, \u012fskaitant puslaidininki\u0173, optikos ir laboratorij\u0173. Jos gaminamos i\u0161 didelio grynumo lydyto kvarcinio stiklo, tod\u0117l yra labai atsparios \u0161iluminiam sm\u016bgiui ir cheminei korozijai. \u0160ios plok\u0161tel\u0117s ir diskai pasi\u017eymi puikiomis optin\u0117mis savyb\u0117mis, dideliu pralaidumu ir ma\u017eu \u0161iluminio pl\u0117timosi koeficientu. Jos gali b\u016bti pritaikytos pagal konkre\u010dius reikalavimus, pavyzd\u017eiui, dyd\u012f, stor\u012f ir pavir\u0161iaus apdail\u0105. D\u0117l savo unikali\u0173 savybi\u0173 auk\u0161tos kokyb\u0117s kvarcinio stiklo plok\u0161tel\u0117s ir (arba) diskai idealiai tinka naudoti tokiose srityse, kuriose reikia didelio tikslumo, pavyzd\u017eiui, plok\u0161teli\u0173 apdorojimui, optiniams langams ir cheminei analizei.<\/p>\t\t\t\t\t\t\t\t<\/div>\n\t\t\t\t<\/div>\n\t\t\t\t<div class=\"elementor-element elementor-element-b7e9c99 elementor-widget elementor-widget-heading\" data-id=\"b7e9c99\" data-element_type=\"widget\" data-widget_type=\"heading.default\">\n\t\t\t\t<div class=\"elementor-widget-container\">\n\t\t\t\t\t<h3 class=\"elementor-heading-title elementor-size-default\">\u012evadas:<\/h3>\t\t\t\t<\/div>\n\t\t\t\t<\/div>\n\t\t\t\t<div class=\"elementor-element elementor-element-281af31 elementor-widget elementor-widget-text-editor\" data-id=\"281af31\" data-element_type=\"widget\" data-widget_type=\"text-editor.default\">\n\t\t\t\t<div class=\"elementor-widget-container\">\n\t\t\t\t\t\t\t\t\t<p>Apskritosios kvarco plok\u0161tel\u0117s tapo svarbiu daugelio pramon\u0117s \u0161ak\u0173 komponentu, padariusiu revoliucij\u0105 optinio tikslumo ir na\u0161umo srityje. D\u0117l i\u0161skirtinio skaidrumo ir unikali\u0173 savybi\u0173 \u0161ios plok\u0161tel\u0117s tapo nepakei\u010diamos \u012fvairiose srityse - nuo optikos ir elektronikos iki mokslini\u0173 tyrim\u0173 laboratorij\u0173. \u0160iame straipsnyje nagrin\u0117sime apskrit\u0173j\u0173 kvarco plok\u0161teli\u0173 pa\u017eang\u0105 ir j\u0173 reik\u0161ming\u0105 ind\u0117l\u012f \u012fvairiose pramon\u0117s \u0161akose.<\/p>\t\t\t\t\t\t\t\t<\/div>\n\t\t\t\t<\/div>\n\t\t\t\t<div class=\"elementor-element elementor-element-fe0cb41 elementor-widget elementor-widget-heading\" data-id=\"fe0cb41\" data-element_type=\"widget\" data-widget_type=\"heading.default\">\n\t\t\t\t<div class=\"elementor-widget-container\">\n\t\t\t\t\t<h3 class=\"elementor-heading-title elementor-size-default\">Neprilygstamas optinis skaidrumas:<\/h3>\t\t\t\t<\/div>\n\t\t\t\t<\/div>\n\t\t\t\t<div class=\"elementor-element elementor-element-733f615 elementor-widget elementor-widget-text-editor\" data-id=\"733f615\" data-element_type=\"widget\" data-widget_type=\"text-editor.default\">\n\t\t\t\t<div class=\"elementor-widget-container\">\n\t\t\t\t\t\t\t\t\t<p>Apskritos kvarco plok\u0161tel\u0117s gars\u0117ja i\u0161skirtiniu optiniu skaidrumu. Kvarcas, kristalin\u0117 silicio dioksido forma, pasi\u017eymi nepaprastu skaidrumu pla\u010diame bang\u0173 ilgi\u0173 diapazone, \u012fskaitant ultravioletinius, regimuosius ir infraraudonuosius spindulius. \u0160is i\u0161skirtinis skaidrumas leid\u017eia tiksliai praleisti \u0161vies\u0105, tod\u0117l kvarco plok\u0161tel\u0117s yra idealus pasirinkimas optiniams prietaisams, lazeriams, spektroskopijai ir kitoms reikm\u0117ms, kurioms reikia i\u0161skirtini\u0173 optini\u0173 savybi\u0173.<\/p>\t\t\t\t\t\t\t\t<\/div>\n\t\t\t\t<\/div>\n\t\t\t\t<div class=\"elementor-element elementor-element-39cf9eb elementor-widget elementor-widget-heading\" data-id=\"39cf9eb\" data-element_type=\"widget\" data-widget_type=\"heading.default\">\n\t\t\t\t<div class=\"elementor-widget-container\">\n\t\t\t\t\t<h3 class=\"elementor-heading-title elementor-size-default\">Padidintas patvarumas ir \u0161iluminis stabilumas:<\/h3>\t\t\t\t<\/div>\n\t\t\t\t<\/div>\n\t\t\t\t<div class=\"elementor-element elementor-element-cc3d847 elementor-widget elementor-widget-text-editor\" data-id=\"cc3d847\" data-element_type=\"widget\" data-widget_type=\"text-editor.default\">\n\t\t\t\t<div class=\"elementor-widget-container\">\n\t\t\t\t\t\t\t\t\t<p>Vienas i\u0161 pagrindini\u0173 apskrit\u0173 kvarco plok\u0161teli\u0173 privalum\u0173 yra j\u0173 i\u0161skirtinis ilgaam\u017ei\u0161kumas ir \u0161iluminis stabilumas. Kvarcas pasi\u017eymi auk\u0161ta lydymosi temperat\u016bra, tod\u0117l gali atlaikyti ekstremalias temperat\u016bras, nepa\u017eeisdamas savo strukt\u016brinio vientisumo. \u0160i savyb\u0117 ypa\u010d vertinga auk\u0161tatemperat\u016br\u0117je aplinkoje, pavyzd\u017eiui, puslaidininki\u0173 gamyboje ir pramoniniuose procesuose, kur kvarco plok\u0161tel\u0117s gali i\u0161laikyti savo optines savybes ir strukt\u016brin\u012f stabilum\u0105 net ir at\u0161iauriomis s\u0105lygomis.<\/p>\t\t\t\t\t\t\t\t<\/div>\n\t\t\t\t<\/div>\n\t\t\t\t<div class=\"elementor-element elementor-element-e7a94c2 elementor-widget elementor-widget-heading\" data-id=\"e7a94c2\" data-element_type=\"widget\" data-widget_type=\"heading.default\">\n\t\t\t\t<div class=\"elementor-widget-container\">\n\t\t\t\t\t<h3 class=\"elementor-heading-title elementor-size-default\">Tikslioji gamyba ir poliravimas:<\/h3>\t\t\t\t<\/div>\n\t\t\t\t<\/div>\n\t\t\t\t<div class=\"elementor-element elementor-element-529c317 elementor-widget elementor-widget-text-editor\" data-id=\"529c317\" data-element_type=\"widget\" data-widget_type=\"text-editor.default\">\n\t\t\t\t<div class=\"elementor-widget-container\">\n\t\t\t\t\t\t\t\t\t<p>Apskritos kvarco plok\u0161tel\u0117s yra kruop\u0161\u010diai gaminamos, kad b\u016bt\u0173 u\u017etikrinti tiksl\u016bs j\u0173 matmenys ir pavir\u0161iaus kokyb\u0117. Norint pasiekti norim\u0105 stor\u012f, plok\u0161tum\u0105 ir pavir\u0161iaus apdail\u0105, naudojami pa\u017eang\u016bs gamybos metodai, pavyzd\u017eiui, deimantinis pjovimas ir poliravimas. Toks tikslumas leid\u017eia skland\u017eiai integruoti kvarco plok\u0161teles \u012f optines sistemas, u\u017etikrinant optimal\u0173 veikim\u0105 ir minimali\u0105 \u0161viesos sklaid\u0105 ar atspind\u0117jim\u0105.<\/p>\t\t\t\t\t\t\t\t<\/div>\n\t\t\t\t<\/div>\n\t\t\t\t<div class=\"elementor-element elementor-element-a438a24 elementor-widget elementor-widget-heading\" data-id=\"a438a24\" data-element_type=\"widget\" data-widget_type=\"heading.default\">\n\t\t\t\t<div class=\"elementor-widget-container\">\n\t\t\t\t\t<h3 class=\"elementor-heading-title elementor-size-default\">Taikymas \u012fvairiose pramon\u0117s \u0161akose:<\/h3>\t\t\t\t<\/div>\n\t\t\t\t<\/div>\n\t\t\t\t<div class=\"elementor-element elementor-element-2c83de3 elementor-widget elementor-widget-text-editor\" data-id=\"2c83de3\" data-element_type=\"widget\" data-widget_type=\"text-editor.default\">\n\t\t\t\t<div class=\"elementor-widget-container\">\n\t\t\t\t\t\t\t\t\t<p>Apskritos kvarco plok\u0161t\u0117s pla\u010diai naudojamos \u012fvairiose pramon\u0117s \u0161akose. Optikos srityje \u0161ios plok\u0161tel\u0117s naudojamos l\u0119\u0161iuose, prizm\u0117se, languose ir filtruose, nes padeda pagerinti vaizdo kokyb\u0119, \u0161viesos pralaidum\u0105 ir kontrol\u0119. Elektronikos srityje kvarco plok\u0161tel\u0117s d\u0117l puiki\u0173 elektros izoliacijos savybi\u0173 naudojamos puslaidininkiuose, jutikliuose ir fotovoltiniuose prietaisuose. Be to, apskritos kvarco plok\u0161tel\u0117s yra labai svarbios mokslini\u0173 tyrim\u0173 laboratorijose d\u0117l j\u0173 skaidrumo tam tikro bangos ilgio bangoms, leid\u017eian\u010dio atlikti tiksli\u0105 analiz\u0119 ir eksperimentus.<\/p>\t\t\t\t\t\t\t\t<\/div>\n\t\t\t\t<\/div>\n\t\t\t\t<div class=\"elementor-element elementor-element-a84143a elementor-widget elementor-widget-heading\" data-id=\"a84143a\" data-element_type=\"widget\" data-widget_type=\"heading.default\">\n\t\t\t\t<div class=\"elementor-widget-container\">\n\t\t\t\t\t<h3 class=\"elementor-heading-title elementor-size-default\">Pritaikymo parinktys: <\/h3>\t\t\t\t<\/div>\n\t\t\t\t<\/div>\n\t\t\t\t<div class=\"elementor-element elementor-element-a769174 elementor-widget elementor-widget-text-editor\" data-id=\"a769174\" data-element_type=\"widget\" data-widget_type=\"text-editor.default\">\n\t\t\t\t<div class=\"elementor-widget-container\">\n\t\t\t\t\t\t\t\t\t<p>Apvali\u0173 kvarco plok\u0161teli\u0173 gamintojai si\u016blo pritaikymo galimybes, kad atitikt\u0173 unikalius \u012fvairi\u0173 program\u0173 reikalavimus. Klientai gali pateikti konkre\u010dius br\u0117\u017einius arba pavyzd\u017eius, kad b\u016bt\u0173 galima pagaminti kvarco plok\u0161teles, tiksliai atitinkan\u010dias j\u0173 specifikacijas. Toks pritaikymo lankstumas u\u017etikrina, kad galutinis gaminys skland\u017eiai \u012fsiliet\u0173 \u012f numatyt\u0105 paskirt\u012f, maksimaliai padidinant jo na\u0161um\u0105 ir funkcionalum\u0105.<\/p>\t\t\t\t\t\t\t\t<\/div>\n\t\t\t\t<\/div>\n\t\t\t\t<div class=\"elementor-element elementor-element-596ad3d elementor-widget elementor-widget-heading\" data-id=\"596ad3d\" data-element_type=\"widget\" data-widget_type=\"heading.default\">\n\t\t\t\t<div class=\"elementor-widget-container\">\n\t\t\t\t\t<h3 class=\"elementor-heading-title elementor-size-default\">I\u0161vados: <\/h3>\t\t\t\t<\/div>\n\t\t\t\t<\/div>\n\t\t\t\t<div class=\"elementor-element elementor-element-0549bf7 elementor-widget elementor-widget-text-editor\" data-id=\"0549bf7\" data-element_type=\"widget\" data-widget_type=\"text-editor.default\">\n\t\t\t\t<div class=\"elementor-widget-container\">\n\t\t\t\t\t\t\t\t\t<p>Apskritosios kvarco plok\u0161tel\u0117s pakeit\u0117 optinio tikslumo ir na\u0161umo kra\u0161tovaizd\u012f. D\u0117l i\u0161skirtinio optinio skaidrumo, ilgaam\u017ei\u0161kumo ir \u0161iluminio stabilumo \u0161ios plok\u0161tel\u0117s tapo neatsiejama \u012fvairi\u0173 pramon\u0117s \u0161ak\u0173 dalimi. J\u0173 tiksli gamyba ir pritaikymo galimyb\u0117s dar labiau padidina j\u0173 universalum\u0105 ir pritaikomum\u0105. Toliau tobul\u0117jant technologijoms, \u017eiedin\u0117s kvarco plok\u0161tel\u0117s neabejotinai atliks svarb\u0173 vaidmen\u012f formuojant optikos, elektronikos ir mokslini\u0173 tyrim\u0173 ateit\u012f.<\/p>\t\t\t\t\t\t\t\t<\/div>\n\t\t\t\t<\/div>\n\t\t\t\t\t<\/div>\n\t\t\t\t<\/div>\n\t\t\t\t<\/div>","protected":false},"excerpt":{"rendered":"<p>Optical Quartz Discs \u2013 High Clarity Circular Plates Circular quartz plates, high-transparency optical quartz discs, and quartz polishing plates We [&hellip;]<\/p>","protected":false},"author":7,"featured_media":267,"parent":841,"menu_order":0,"comment_status":"closed","ping_status":"closed","template":"","meta":{"_seopress_robots_primary_cat":"","_seopress_titles_title":"Optical Quartz Discs \u2013 High Clarity Circular Plates","_seopress_titles_desc":"Custom circular quartz discs for optics, lasers & labs. High transmission UV\u2013IR, tight tolerance, thermally stable, polished to optical-grade surface.","_seopress_robots_index":"","site-sidebar-layout":"no-sidebar","site-content-layout":"","ast-site-content-layout":"full-width-container","site-content-style":"default","site-sidebar-style":"default","ast-global-header-display":"","ast-banner-title-visibility":"","ast-main-header-display":"","ast-hfb-above-header-display":"","ast-hfb-below-header-display":"","ast-hfb-mobile-header-display":"","site-post-title":"disabled","ast-breadcrumbs-content":"","ast-featured-img":"disabled","footer-sml-layout":"","theme-transparent-header-meta":"","adv-header-id-meta":"","stick-header-meta":"","header-above-stick-meta":"","header-main-stick-meta":"","header-below-stick-meta":"","astra-migrate-meta-layouts":"default","ast-page-background-enabled":"default","ast-page-background-meta":{"desktop":{"background-color":"var(--ast-global-color-5)","background-image":"","background-repeat":"repeat","background-position":"center center","background-size":"auto","background-attachment":"scroll","background-type":"","background-media":"","overlay-type":"","overlay-color":"","overlay-opacity":"","overlay-gradient":""},"tablet":{"background-color":"","background-image":"","background-repeat":"repeat","background-position":"center center","background-size":"auto","background-attachment":"scroll","background-type":"","background-media":"","overlay-type":"","overlay-color":"","overlay-opacity":"","overlay-gradient":""},"mobile":{"background-color":"","background-image":"","background-repeat":"repeat","background-position":"center center","background-size":"auto","background-attachment":"scroll","background-type":"","background-media":"","overlay-type":"","overlay-color":"","overlay-opacity":"","overlay-gradient":""}},"ast-content-background-meta":{"desktop":{"background-color":"var(--ast-global-color-4)","background-image":"","background-repeat":"repeat","background-position":"center center","background-size":"auto","background-attachment":"scroll","background-type":"","background-media":"","overlay-type":"","overlay-color":"","overlay-opacity":"","overlay-gradient":""},"tablet":{"background-color":"var(--ast-global-color-4)","background-image":"","background-repeat":"repeat","background-position":"center center","background-size":"auto","background-attachment":"scroll","background-type":"","background-media":"","overlay-type":"","overlay-color":"","overlay-opacity":"","overlay-gradient":""},"mobile":{"background-color":"var(--ast-global-color-4)","background-image":"","background-repeat":"repeat","background-position":"center center","background-size":"auto","background-attachment":"scroll","background-type":"","background-media":"","overlay-type":"","overlay-color":"","overlay-opacity":"","overlay-gradient":""}},"footnotes":""},"class_list":["post-266","page","type-page","status-publish","has-post-thumbnail","hentry"],"_hostinger_reach_plugin_has_subscription_block":false,"_hostinger_reach_plugin_is_elementor":false,"_links":{"self":[{"href":"https:\/\/exactquartz.com\/lt\/wp-json\/wp\/v2\/pages\/266","targetHints":{"allow":["GET"]}}],"collection":[{"href":"https:\/\/exactquartz.com\/lt\/wp-json\/wp\/v2\/pages"}],"about":[{"href":"https:\/\/exactquartz.com\/lt\/wp-json\/wp\/v2\/types\/page"}],"author":[{"embeddable":true,"href":"https:\/\/exactquartz.com\/lt\/wp-json\/wp\/v2\/users\/7"}],"replies":[{"embeddable":true,"href":"https:\/\/exactquartz.com\/lt\/wp-json\/wp\/v2\/comments?post=266"}],"version-history":[{"count":17,"href":"https:\/\/exactquartz.com\/lt\/wp-json\/wp\/v2\/pages\/266\/revisions"}],"predecessor-version":[{"id":1440,"href":"https:\/\/exactquartz.com\/lt\/wp-json\/wp\/v2\/pages\/266\/revisions\/1440"}],"up":[{"embeddable":true,"href":"https:\/\/exactquartz.com\/lt\/wp-json\/wp\/v2\/pages\/841"}],"wp:featuredmedia":[{"embeddable":true,"href":"https:\/\/exactquartz.com\/lt\/wp-json\/wp\/v2\/media\/267"}],"wp:attachment":[{"href":"https:\/\/exactquartz.com\/lt\/wp-json\/wp\/v2\/media?parent=266"}],"curies":[{"name":"wp","href":"https:\/\/api.w.org\/{rel}","templated":true}]}}