{"id":316,"date":"2025-03-27T12:08:50","date_gmt":"2025-03-27T04:08:50","guid":{"rendered":"https:\/\/exactquartz.com\/?page_id=316"},"modified":"2025-04-16T18:33:43","modified_gmt":"2025-04-16T10:33:43","slug":"quartz-distillation-flask","status":"publish","type":"page","link":"https:\/\/exactquartz.com\/lt\/quartz-lab-glassware-product\/quartz-distillation-flask\/","title":{"rendered":"Kvarco distiliavimo kolba - chemin\u0117ms med\u017eiagoms atsparus laboratorinis stiklas"},"content":{"rendered":"<div data-elementor-type=\"wp-page\" data-elementor-id=\"316\" class=\"elementor elementor-316\" data-elementor-post-type=\"page\">\n\t\t\t\t<div class=\"elementor-element elementor-element-abb877f e-flex e-con-boxed e-con e-parent\" data-id=\"abb877f\" data-element_type=\"container\">\n\t\t\t\t\t<div class=\"e-con-inner\">\n\t\t<div class=\"elementor-element elementor-element-82153af e-con-full e-flex e-con e-child\" data-id=\"82153af\" data-element_type=\"container\">\n\t\t\t\t<div class=\"elementor-element elementor-element-b617f08 elementor-skin-slideshow elementor-arrows-yes elementor-widget elementor-widget-media-carousel\" data-id=\"b617f08\" data-element_type=\"widget\" data-settings=\"{&quot;skin&quot;:&quot;slideshow&quot;,&quot;effect&quot;:&quot;fade&quot;,&quot;slideshow_slides_per_view&quot;:&quot;2&quot;,&quot;show_arrows&quot;:&quot;yes&quot;,&quot;speed&quot;:500,&quot;autoplay&quot;:&quot;yes&quot;,&quot;autoplay_speed&quot;:5000,&quot;loop&quot;:&quot;yes&quot;,&quot;pause_on_hover&quot;:&quot;yes&quot;,&quot;pause_on_interaction&quot;:&quot;yes&quot;,&quot;space_between&quot;:{&quot;unit&quot;:&quot;px&quot;,&quot;size&quot;:10,&quot;sizes&quot;:[]},&quot;space_between_tablet&quot;:{&quot;unit&quot;:&quot;px&quot;,&quot;size&quot;:10,&quot;sizes&quot;:[]},&quot;space_between_mobile&quot;:{&quot;unit&quot;:&quot;px&quot;,&quot;size&quot;:10,&quot;sizes&quot;:[]}}\" data-widget_type=\"media-carousel.default\">\n\t\t\t\t<div class=\"elementor-widget-container\">\n\t\t\t\t\t\t\t\t\t<div class=\"elementor-swiper\">\n\t\t\t\t\t<div class=\"elementor-main-swiper swiper\" role=\"region\" aria-roledescription=\"carousel\" aria-label=\"Skaidr\u0117s\">\n\t\t\t\t<div class=\"swiper-wrapper\">\n\t\t\t\t\t\t\t\t\t\t\t<div class=\"swiper-slide\" role=\"group\" aria-roledescription=\"slide\">\n\t\t\t\t\t\t\t\t\t<div class=\"elementor-carousel-image\" role=\"img\" aria-label=\"Individualizuotos chemin\u0117s kvarco stiklo kolbos laboratorijoje\" style=\"background-image: url(&#039;https:\/\/exactquartz.com\/wp-content\/uploads\/2025\/03\/Custom-Chemical-Quartz-Glass-Flask-in-Lab.webp&#039;)\">\n\n\t\t\t\n\t\t\t\t\t<\/div>\n\t\t\t\t\t\t\t\t<\/div>\n\t\t\t\t\t\t\t\t\t\t\t<div class=\"swiper-slide\" role=\"group\" aria-roledescription=\"slide\">\n\t\t\t\t\t\t\t\t\t<div class=\"elementor-carousel-image\" role=\"img\" aria-label=\"Individualizuotos chemin\u0117s kvarco stiklo kolbos laboratorijoje 2\" style=\"background-image: url(&#039;https:\/\/exactquartz.com\/wp-content\/uploads\/2025\/03\/Custom-Chemical-Quartz-Glass-Flask-in-Lab-2.webp&#039;)\">\n\n\t\t\t\n\t\t\t\t\t<\/div>\n\t\t\t\t\t\t\t\t<\/div>\n\t\t\t\t\t\t\t\t\t<\/div>\n\t\t\t\t\t\t\t\t\t\t\t\t\t\t\t<div class=\"elementor-swiper-button elementor-swiper-button-prev\" role=\"button\" tabindex=\"0\" aria-label=\"Ankstesnis\">\n\t\t\t\t\t\t\t<svg aria-hidden=\"true\" class=\"e-font-icon-svg e-eicon-chevron-left\" viewbox=\"0 0 1000 1000\" xmlns=\"http:\/\/www.w3.org\/2000\/svg\"><path d=\"M646 125C629 125 613 133 604 142L308 442C296 454 292 471 292 487 292 504 296 521 308 533L604 854C617 867 629 875 646 875 663 875 679 871 692 858 704 846 713 829 713 812 713 796 708 779 692 767L438 487 692 225C700 217 708 204 708 187 708 171 704 154 692 142 675 129 663 125 646 125Z\"><\/path><\/svg>\t\t\t\t\t\t<\/div>\n\t\t\t\t\t\t<div class=\"elementor-swiper-button elementor-swiper-button-next\" role=\"button\" tabindex=\"0\" aria-label=\"Kitas\">\n\t\t\t\t\t\t\t<svg aria-hidden=\"true\" class=\"e-font-icon-svg e-eicon-chevron-right\" viewbox=\"0 0 1000 1000\" xmlns=\"http:\/\/www.w3.org\/2000\/svg\"><path d=\"M696 533C708 521 713 504 713 487 713 471 708 454 696 446L400 146C388 133 375 125 354 125 338 125 325 129 313 142 300 154 292 171 292 187 292 204 296 221 308 233L563 492 304 771C292 783 288 800 288 817 288 833 296 850 308 863 321 871 338 875 354 875 371 875 388 867 400 854L696 533Z\"><\/path><\/svg>\t\t\t\t\t\t<\/div>\n\t\t\t\t\t\t\t\t\t\t\t\t\t\t\t\t\t<\/div>\n\t\t\t\t<\/div>\n\t\t\t\t\t\t\t\t<div class=\"elementor-swiper\">\n\t\t\t\t\t<div class=\"elementor-main-swiper swiper elementor-thumbnails-swiper swiper\" role=\"region region\" aria-roledescription=\"carousel carousel\" aria-label=\"Skaidr\u0117s Skaidr\u0117s\">\n\t\t\t\t<div class=\"swiper-wrapper\">\n\t\t\t\t\t\t\t\t\t\t\t<div class=\"swiper-slide\" role=\"group\" aria-roledescription=\"slide\">\n\t\t\t\t\t\t\t\t\t<div class=\"elementor-carousel-image\" role=\"img\" aria-label=\"Individualizuotos chemin\u0117s kvarco stiklo kolbos laboratorijoje\" style=\"background-image: url(&#039;https:\/\/exactquartz.com\/wp-content\/uploads\/2025\/03\/Custom-Chemical-Quartz-Glass-Flask-in-Lab.webp&#039;)\">\n\n\t\t\t\n\t\t\t\t\t<\/div>\n\t\t\t\t\t\t\t\t<\/div>\n\t\t\t\t\t\t\t\t\t\t\t<div class=\"swiper-slide\" role=\"group\" aria-roledescription=\"slide\">\n\t\t\t\t\t\t\t\t\t<div class=\"elementor-carousel-image\" role=\"img\" aria-label=\"Individualizuotos chemin\u0117s kvarco stiklo kolbos laboratorijoje 2\" style=\"background-image: url(&#039;https:\/\/exactquartz.com\/wp-content\/uploads\/2025\/03\/Custom-Chemical-Quartz-Glass-Flask-in-Lab-2.webp&#039;)\">\n\n\t\t\t\n\t\t\t\t\t<\/div>\n\t\t\t\t\t\t\t\t<\/div>\n\t\t\t\t\t\t\t\t\t<\/div>\n\t\t\t\t\t\t\t\t\t\t\t\t\t\t\t\t\t\t\t\t\t<\/div>\n\t\t\t\t<\/div>\n\t\t\t\t\t\t\t\t<\/div>\n\t\t\t\t<\/div>\n\t\t\t\t<\/div>\n\t\t<div class=\"elementor-element elementor-element-c514cbd e-con-full e-flex e-con e-child\" data-id=\"c514cbd\" data-element_type=\"container\">\n\t\t\t\t<div class=\"elementor-element elementor-element-70d5eba elementor-widget elementor-widget-heading\" data-id=\"70d5eba\" data-element_type=\"widget\" data-widget_type=\"heading.default\">\n\t\t\t\t<div class=\"elementor-widget-container\">\n\t\t\t\t\t<h2 class=\"elementor-heading-title elementor-size-default\">Kvarco distiliavimo kolba - chemin\u0117ms med\u017eiagoms atsparus laboratorinis stiklas<\/h2>\t\t\t\t<\/div>\n\t\t\t\t<\/div>\n\t\t\t\t<div class=\"elementor-element elementor-element-ac956f7 elementor-widget elementor-widget-text-editor\" data-id=\"ac956f7\" data-element_type=\"widget\" data-widget_type=\"text-editor.default\">\n\t\t\t\t<div class=\"elementor-widget-container\">\n\t\t\t\t\t\t\t\t\t<ul><li>Vienkartinis: Ne<\/li><li>Vienkartin\u0117 talpa: Klient\u0173 aptarnavimas<\/li><li>Tipas: Distiliavimo kolba<\/li><li>Lenkimo stipris: 67MPa<\/li><li>Tempimo stipris: 48,3 MPa<\/li><li>Funkcija: Atsparus auk\u0161tai temperat\u016brai<\/li><\/ul>\t\t\t\t\t\t\t\t<\/div>\n\t\t\t\t<\/div>\n\t\t\t\t<div class=\"elementor-element elementor-element-63fcf50 elementor-align-left elementor-widget elementor-widget-button\" data-id=\"63fcf50\" data-element_type=\"widget\" data-widget_type=\"button.default\">\n\t\t\t\t<div class=\"elementor-widget-container\">\n\t\t\t\t\t\t\t\t\t<div class=\"elementor-button-wrapper\">\n\t\t\t\t\t<a class=\"elementor-button elementor-button-link elementor-size-sm\" href=\"#elementor-action%3Aaction%3Dpopup%3Aopen%26settings%3DeyJpZCI6IjEyNzUiLCJ0b2dnbGUiOmZhbHNlfQ%3D%3D\">\n\t\t\t\t\t\t<span class=\"elementor-button-content-wrapper\">\n\t\t\t\t\t\t\t\t\t<span class=\"elementor-button-text\">Greita citata<\/span>\n\t\t\t\t\t<\/span>\n\t\t\t\t\t<\/a>\n\t\t\t\t<\/div>\n\t\t\t\t\t\t\t\t<\/div>\n\t\t\t\t<\/div>\n\t\t\t\t<\/div>\n\t\t\t\t\t<\/div>\n\t\t\t\t<\/div>\n\t\t<div class=\"elementor-element elementor-element-a2ed80c e-flex e-con-boxed e-con e-parent\" data-id=\"a2ed80c\" data-element_type=\"container\">\n\t\t\t\t\t<div class=\"e-con-inner\">\n\t\t\t\t<div class=\"elementor-element elementor-element-1055203 elementor-widget elementor-widget-heading\" data-id=\"1055203\" data-element_type=\"widget\" data-widget_type=\"heading.default\">\n\t\t\t\t<div class=\"elementor-widget-container\">\n\t\t\t\t\t<h3 class=\"elementor-heading-title elementor-size-default\">I\u0161sami informacija:<\/h3>\t\t\t\t<\/div>\n\t\t\t\t<\/div>\n\t\t\t\t<div class=\"elementor-element elementor-element-ceddc61 elementor-widget elementor-widget-text-editor\" data-id=\"ceddc61\" data-element_type=\"widget\" data-widget_type=\"text-editor.default\">\n\t\t\t\t<div class=\"elementor-widget-container\">\n\t\t\t\t\t\t\t\t\t<p>Pagal u\u017esakym\u0105 pagaminta chemini\u0173 med\u017eiag\u0173 kvarcinio stiklo kolba yra specializuota laboratorin\u0117 kolba, pagaminta i\u0161 auk\u0161tos kokyb\u0117s kvarcinio stiklo. Kvarcinis stiklas labai atsparus chemin\u0117ms reakcijoms, tod\u0117l idealiai tinka naudoti laboratorijose, kuriose dirbama su agresyviomis chemin\u0117mis med\u017eiagomis.<\/p><p>Nestandartin\u0117 kolba yra suprojektuota taip, kad atitikt\u0173 konkre\u010dius reikalavimus, ir gali b\u016bti gaminama \u012fvairi\u0173 form\u0173 ir dyd\u017ei\u0173, atsi\u017evelgiant \u012f paskirt\u012f. Ji paprastai naudojama cheminei sintezei, distiliavimui ir kitiems eksperimentams, kuriuose naudojamos agresyvios chemin\u0117s med\u017eiagos.<\/p><p>Naudojant pagal u\u017esakym\u0105 pagamint\u0105 chemini\u0173 med\u017eiag\u0173 kvarcinio stiklo kolb\u0105 privalumai yra \u0161ie:<\/p><p>1. Atsparumas chemin\u0117ms med\u017eiagoms: Kvarcinis stiklas yra atsparus daugumai r\u016bg\u0161\u010di\u0173, \u0161arm\u0173 ir organini\u0173 tirpikli\u0173, tod\u0117l j\u012f galima naudoti su \u012fvairiomis chemin\u0117mis med\u017eiagomis.<\/p><p>2. Atsparumas auk\u0161tai temperat\u016brai: Kvarcinis stiklas gali atlaikyti auk\u0161t\u0105 temperat\u016br\u0105, nesutr\u016bkin\u0117damas ir nei\u0161silydydamas, tod\u0117l galima atlikti eksperimentus, kuriems reikia kaitinimo.<\/p><p>3. Skaidrumas: Kvarcinis stiklas yra skaidrus, tod\u0117l galima lengvai steb\u0117ti reakcij\u0105 ar proces\u0105 kolboje.<\/p><p>4. Ma\u017eas \u0161iluminis pl\u0117timasis: Kvarcinis stiklas turi ma\u017e\u0105 \u0161iluminio pl\u0117timosi koeficient\u0105, t. y. jis labai nesiple\u010dia ir nesusitraukia d\u0117l temperat\u016bros poky\u010di\u0173. \u0160i savyb\u0117 u\u017etikrina, kad kolba i\u0161likt\u0173 stabili \u0161ildymo ir \u0161aldymo cikl\u0173 metu.<\/p><p>5. Lengva valyti: Kvarcinis stiklas yra nepor\u0117tas ir lygus, tod\u0117l j\u012f lengva valyti ir sterilizuoti tarp eksperiment\u0173.<\/p><p>Nor\u0117dami gauti pagal u\u017esakym\u0105 pagamint\u0105 chemini\u0173 med\u017eiag\u0173 kvarcinio stiklo kolb\u0105, paprastai turite kreiptis \u012f specializuot\u0105 stiklo gamini\u0173 gamintoj\u0105 arba tiek\u0117j\u0105. Jie gali bendradarbiauti su jumis, kad i\u0161siai\u0161kint\u0173 j\u016bs\u0173 konkre\u010dius reikalavimus ir sukurt\u0173 j\u016bs\u0173 poreikius atitinkan\u010di\u0105 kolb\u0105. Gamybos procesas apima kvarcinio stiklo formavim\u0105 ir lydym\u0105 naudojant auk\u0161tos temperat\u016bros metodus, kad b\u016bt\u0173 u\u017etikrintas kolbos vientisumas ir ilgaam\u017ei\u0161kumas.<\/p><p>Svarbu pa\u017eym\u0117ti, kad pagal u\u017esakym\u0105 pagamintos chemini\u0173 med\u017eiag\u0173 kvarco kolbos gali b\u016bti brangesn\u0117s u\u017e standartines stiklines kolbas d\u0117l specializuoto gamybos proceso ir naudojamos auk\u0161tos kokyb\u0117s med\u017eiagos. Ta\u010diau d\u0117l kvarcinio stiklo privalum\u0173 ir ilgaam\u017ei\u0161kumo j\u012f verta investuoti \u012f laboratorijas, dirban\u010dias su korozin\u0117mis chemin\u0117mis med\u017eiagomis.<\/p>\t\t\t\t\t\t\t\t<\/div>\n\t\t\t\t<\/div>\n\t\t\t\t\t<\/div>\n\t\t\t\t<\/div>\n\t\t\t\t<\/div>","protected":false},"excerpt":{"rendered":"<p>Quartz Distillation Flask \u2013 Chemical Resistant Lab Glass Disposable: Non- Disposable Capacity: Customerization Type: Distillation Flask Bending Strength: 67MPa Tensile [&hellip;]<\/p>","protected":false},"author":6,"featured_media":410,"parent":843,"menu_order":0,"comment_status":"closed","ping_status":"closed","template":"","meta":{"_seopress_robots_primary_cat":"","_seopress_titles_title":"Quartz Distillation Flask \u2013 Chemical Resistant Lab Glass","_seopress_titles_desc":"Custom quartz flask for chemical heating & distillation. Acid\/alkali resistant, 99.99% SiO\u2082, high strength, stable at 1200\u00b0C. Custom shapes available.","_seopress_robots_index":"","site-sidebar-layout":"no-sidebar","site-content-layout":"","ast-site-content-layout":"full-width-container","site-content-style":"default","site-sidebar-style":"default","ast-global-header-display":"","ast-banner-title-visibility":"","ast-main-header-display":"","ast-hfb-above-header-display":"","ast-hfb-below-header-display":"","ast-hfb-mobile-header-display":"","site-post-title":"disabled","ast-breadcrumbs-content":"","ast-featured-img":"disabled","footer-sml-layout":"","theme-transparent-header-meta":"","adv-header-id-meta":"","stick-header-meta":"","header-above-stick-meta":"","header-main-stick-meta":"","header-below-stick-meta":"","astra-migrate-meta-layouts":"default","ast-page-background-enabled":"default","ast-page-background-meta":{"desktop":{"background-color":"var(--ast-global-color-5)","background-image":"","background-repeat":"repeat","background-position":"center center","background-size":"auto","background-attachment":"scroll","background-type":"","background-media":"","overlay-type":"","overlay-color":"","overlay-opacity":"","overlay-gradient":""},"tablet":{"background-color":"","background-image":"","background-repeat":"repeat","background-position":"center center","background-size":"auto","background-attachment":"scroll","background-type":"","background-media":"","overlay-type":"","overlay-color":"","overlay-opacity":"","overlay-gradient":""},"mobile":{"background-color":"","background-image":"","background-repeat":"repeat","background-position":"center center","background-size":"auto","background-attachment":"scroll","background-type":"","background-media":"","overlay-type":"","overlay-color":"","overlay-opacity":"","overlay-gradient":""}},"ast-content-background-meta":{"desktop":{"background-color":"var(--ast-global-color-4)","background-image":"","background-repeat":"repeat","background-position":"center center","background-size":"auto","background-attachment":"scroll","background-type":"","background-media":"","overlay-type":"","overlay-color":"","overlay-opacity":"","overlay-gradient":""},"tablet":{"background-color":"var(--ast-global-color-4)","background-image":"","background-repeat":"repeat","background-position":"center center","background-size":"auto","background-attachment":"scroll","background-type":"","background-media":"","overlay-type":"","overlay-color":"","overlay-opacity":"","overlay-gradient":""},"mobile":{"background-color":"var(--ast-global-color-4)","background-image":"","background-repeat":"repeat","background-position":"center center","background-size":"auto","background-attachment":"scroll","background-type":"","background-media":"","overlay-type":"","overlay-color":"","overlay-opacity":"","overlay-gradient":""}},"footnotes":""},"class_list":["post-316","page","type-page","status-publish","has-post-thumbnail","hentry"],"_hostinger_reach_plugin_has_subscription_block":false,"_hostinger_reach_plugin_is_elementor":false,"_links":{"self":[{"href":"https:\/\/exactquartz.com\/lt\/wp-json\/wp\/v2\/pages\/316","targetHints":{"allow":["GET"]}}],"collection":[{"href":"https:\/\/exactquartz.com\/lt\/wp-json\/wp\/v2\/pages"}],"about":[{"href":"https:\/\/exactquartz.com\/lt\/wp-json\/wp\/v2\/types\/page"}],"author":[{"embeddable":true,"href":"https:\/\/exactquartz.com\/lt\/wp-json\/wp\/v2\/users\/6"}],"replies":[{"embeddable":true,"href":"https:\/\/exactquartz.com\/lt\/wp-json\/wp\/v2\/comments?post=316"}],"version-history":[{"count":14,"href":"https:\/\/exactquartz.com\/lt\/wp-json\/wp\/v2\/pages\/316\/revisions"}],"predecessor-version":[{"id":1452,"href":"https:\/\/exactquartz.com\/lt\/wp-json\/wp\/v2\/pages\/316\/revisions\/1452"}],"up":[{"embeddable":true,"href":"https:\/\/exactquartz.com\/lt\/wp-json\/wp\/v2\/pages\/843"}],"wp:featuredmedia":[{"embeddable":true,"href":"https:\/\/exactquartz.com\/lt\/wp-json\/wp\/v2\/media\/410"}],"wp:attachment":[{"href":"https:\/\/exactquartz.com\/lt\/wp-json\/wp\/v2\/media?parent=316"}],"curies":[{"name":"wp","href":"https:\/\/api.w.org\/{rel}","templated":true}]}}