{"id":563,"date":"2025-03-31T20:05:59","date_gmt":"2025-03-31T12:05:59","guid":{"rendered":"https:\/\/exactquartz.com\/?page_id=563"},"modified":"2026-01-15T09:25:09","modified_gmt":"2026-01-15T01:25:09","slug":"custom-quartz-glass-tubing","status":"publish","type":"page","link":"https:\/\/exactquartz.com\/lt\/high-temp-quartz-solutions\/custom-quartz-glass-tubing\/","title":{"rendered":"Pasirinktiniai kvarco stiklo vamzd\u017eiai"},"content":{"rendered":"<div data-elementor-type=\"wp-page\" data-elementor-id=\"563\" class=\"elementor elementor-563\" data-elementor-post-type=\"page\">\n\t\t\t\t<div class=\"elementor-element elementor-element-d2bc4f1 e-flex e-con-boxed e-con e-parent\" data-id=\"d2bc4f1\" data-element_type=\"container\">\n\t\t\t\t\t<div class=\"e-con-inner\">\n\t\t<div class=\"elementor-element elementor-element-6d0fc6f e-con-full e-flex e-con e-child\" data-id=\"6d0fc6f\" data-element_type=\"container\">\n\t\t\t\t<div class=\"elementor-element elementor-element-133430f elementor-skin-slideshow elementor-arrows-yes elementor-widget elementor-widget-media-carousel\" data-id=\"133430f\" data-element_type=\"widget\" data-settings=\"{&quot;skin&quot;:&quot;slideshow&quot;,&quot;slideshow_slides_per_view&quot;:&quot;2&quot;,&quot;effect&quot;:&quot;slide&quot;,&quot;show_arrows&quot;:&quot;yes&quot;,&quot;speed&quot;:500,&quot;autoplay&quot;:&quot;yes&quot;,&quot;autoplay_speed&quot;:5000,&quot;loop&quot;:&quot;yes&quot;,&quot;pause_on_hover&quot;:&quot;yes&quot;,&quot;pause_on_interaction&quot;:&quot;yes&quot;,&quot;space_between&quot;:{&quot;unit&quot;:&quot;px&quot;,&quot;size&quot;:10,&quot;sizes&quot;:[]},&quot;space_between_tablet&quot;:{&quot;unit&quot;:&quot;px&quot;,&quot;size&quot;:10,&quot;sizes&quot;:[]},&quot;space_between_mobile&quot;:{&quot;unit&quot;:&quot;px&quot;,&quot;size&quot;:10,&quot;sizes&quot;:[]}}\" data-widget_type=\"media-carousel.default\">\n\t\t\t\t<div class=\"elementor-widget-container\">\n\t\t\t\t\t\t\t\t\t<div class=\"elementor-swiper\">\n\t\t\t\t\t<div class=\"elementor-main-swiper swiper\" role=\"region\" aria-roledescription=\"carousel\" aria-label=\"Skaidr\u0117s\">\n\t\t\t\t<div class=\"swiper-wrapper\">\n\t\t\t\t\t\t\t\t\t\t\t<div class=\"swiper-slide\" role=\"group\" aria-roledescription=\"slide\">\n\t\t\t\t\t\t\t\t\t<div class=\"elementor-carousel-image\" role=\"img\" aria-label=\"Pasirinktiniai kvarco stiklo vamzd\u017eiai\" style=\"background-image: url(&#039;https:\/\/exactquartz.com\/wp-content\/uploads\/2025\/03\/Custom-Quartz-Glass-Tubing.webp&#039;)\">\n\n\t\t\t\n\t\t\t\t\t<\/div>\n\t\t\t\t\t\t\t\t<\/div>\n\t\t\t\t\t\t\t\t\t<\/div>\n\t\t\t\t\t\t\t<\/div>\n\t\t\t\t<\/div>\n\t\t\t\t\t\t\t\t<\/div>\n\t\t\t\t<\/div>\n\t\t\t\t<\/div>\n\t\t<div class=\"elementor-element elementor-element-2a56432 e-con-full e-flex e-con e-child\" data-id=\"2a56432\" data-element_type=\"container\">\n\t\t\t\t<div class=\"elementor-element elementor-element-70d5eba elementor-widget elementor-widget-heading\" data-id=\"70d5eba\" data-element_type=\"widget\" data-widget_type=\"heading.default\">\n\t\t\t\t<div class=\"elementor-widget-container\">\n\t\t\t\t\t<h2 class=\"elementor-heading-title elementor-size-default\">Individualizuoti kvarco stiklo vamzdeliai - lydyto kvarco didmenin\u0117 prekyba<\/h2>\t\t\t\t<\/div>\n\t\t\t\t<\/div>\n\t\t\t\t<div class=\"elementor-element elementor-element-ac956f7 elementor-widget elementor-widget-text-editor\" data-id=\"ac956f7\" data-element_type=\"widget\" data-widget_type=\"text-editor.default\">\n\t\t\t\t<div class=\"elementor-widget-container\">\n\t\t\t\t\t\t\t\t\t<p>Tipas: Didmenin\u0117 prekyba lydyto kvarco vamzdeliais ir individualiais kvarco stiklo vamzdeliais<br \/>Material: High fused quartz(99.9% SiO2)<br \/>Dydis: OD1.5mm ~ OD300mm,<br \/>Ilgis 1200mm\/1500mm\/2000mm (galima pjauti bet kokio ilgio)<br \/>\u012epakavimas: Medinis d\u0117klas \/ d\u0117\u017eut\u0117, plastikin\u0117s putos \u012f pakuot\u0119<br \/>Pristatymas: Nemokamai j\u016bra, pigus krovini\u0173 gabenimas greituoju transportu iki dur\u0173<br \/>Nuodugnus apdorojimas: Lenkimas, u\u017edarymo galas, degimo galas, suvirinimo flan\u0161as, skyli\u0173 gr\u0119\u017eimas ir t. t.<\/p>\t\t\t\t\t\t\t\t<\/div>\n\t\t\t\t<\/div>\n\t\t\t\t<div class=\"elementor-element elementor-element-12fa2de elementor-align-left elementor-widget elementor-widget-button\" data-id=\"12fa2de\" data-element_type=\"widget\" data-widget_type=\"button.default\">\n\t\t\t\t<div class=\"elementor-widget-container\">\n\t\t\t\t\t\t\t\t\t<div class=\"elementor-button-wrapper\">\n\t\t\t\t\t<a class=\"elementor-button elementor-button-link elementor-size-sm\" href=\"#elementor-action%3Aaction%3Dpopup%3Aopen%26settings%3DeyJpZCI6IjEyNzUiLCJ0b2dnbGUiOmZhbHNlfQ%3D%3D\">\n\t\t\t\t\t\t<span class=\"elementor-button-content-wrapper\">\n\t\t\t\t\t\t\t\t\t<span class=\"elementor-button-text\">Greita citata<\/span>\n\t\t\t\t\t<\/span>\n\t\t\t\t\t<\/a>\n\t\t\t\t<\/div>\n\t\t\t\t\t\t\t\t<\/div>\n\t\t\t\t<\/div>\n\t\t\t\t<\/div>\n\t\t\t\t\t<\/div>\n\t\t\t\t<\/div>\n\t\t<div class=\"elementor-element elementor-element-a2ed80c e-flex e-con-boxed e-con e-parent\" data-id=\"a2ed80c\" data-element_type=\"container\">\n\t\t\t\t\t<div class=\"e-con-inner\">\n\t\t\t\t<div class=\"elementor-element elementor-element-15718d3 elementor-widget elementor-widget-heading\" data-id=\"15718d3\" data-element_type=\"widget\" data-widget_type=\"heading.default\">\n\t\t\t\t<div class=\"elementor-widget-container\">\n\t\t\t\t\t<h3 class=\"elementor-heading-title elementor-size-default\">I\u0161sami informacija:<\/h3>\t\t\t\t<\/div>\n\t\t\t\t<\/div>\n\t\t\t\t<div class=\"elementor-element elementor-element-c76a0eb elementor-widget elementor-widget-text-editor\" data-id=\"c76a0eb\" data-element_type=\"widget\" data-widget_type=\"text-editor.default\">\n\t\t\t\t<div class=\"elementor-widget-container\">\n\t\t\t\t\t\t\t\t\t<p>Skaidr\u016bs lydyto kvarco vamzdeliai yra didelio grynumo (99,99%+) kvarcinis stiklas, tinkamas naudoti iki 1300 C temperat\u016broje. Para\u0161ykite mums el. pa\u0161tu d\u0117l nestandartinio ilgio ir (arba) sujungt\u0173 ar ugnimi poliruot\u0173 vamzdeli\u0173 kain\u0173.<\/p>\t\t\t\t\t\t\t\t<\/div>\n\t\t\t\t<\/div>\n\t\t\t\t<div class=\"elementor-element elementor-element-eeb955d elementor-widget elementor-widget-heading\" data-id=\"eeb955d\" data-element_type=\"widget\" data-widget_type=\"heading.default\">\n\t\t\t\t<div class=\"elementor-widget-container\">\n\t\t\t\t\t<h3 class=\"elementor-heading-title elementor-size-default\">Slydyto kvarcinio stiklo savyb\u0117s:<\/h3>\t\t\t\t<\/div>\n\t\t\t\t<\/div>\n\t\t\t\t<div class=\"elementor-element elementor-element-281af31 elementor-widget elementor-widget-text-editor\" data-id=\"281af31\" data-element_type=\"widget\" data-widget_type=\"text-editor.default\">\n\t\t\t\t<div class=\"elementor-widget-container\">\n\t\t\t\t\t\t\t\t\t<p>Skaidr\u016bs lydyto kvarco vamzdeliai pasi\u017eymi visomis puikiomis kvarcinio stiklo savyb\u0117mis. Tai yra pagrindin\u0117 med\u017eiaga, i\u0161 kurios gaminami atericidini\u0173 lemp\u0173 korpusai, giliai perdirbami \u012fvair\u016bs laboratoriniai stiklo indai ir prietaisai bei krosni\u0173 vamzd\u017eiai.<\/p><p>Ypatingos lydyto kvarcinio stiklo savyb\u0117s:<\/p><p>1, ne\u012ftik\u0117tinai atsparus terminiam sm\u016bgiui (gali b\u016bti paimtas i\u0161 raudono kar\u0161\u010dio ir panardintas \u012f vanden\u012f be \u012ftr\u016bkim\u0173).<\/p><p>2, ma\u017eas ternalinis pl\u0117timosi koeficientas (TCE) ir auk\u0161ta mink\u0161t\u0117jimo temperat\u016bra.<\/p><p>3, optinio perdavimo savyb\u0117s nuo ultravioletini\u0173 iki infraraudon\u0173j\u0173 spinduli\u0173.<\/p><p>4, geras atsparumas chemin\u0117ms med\u017eiagoms.<\/p><p>5, puikus elektros izoliatorius.<\/p>\t\t\t\t\t\t\t\t<\/div>\n\t\t\t\t<\/div>\n\t\t\t\t<div class=\"elementor-element elementor-element-090fad3 elementor-widget elementor-widget-image\" data-id=\"090fad3\" data-element_type=\"widget\" data-widget_type=\"image.default\">\n\t\t\t\t<div class=\"elementor-widget-container\">\n\t\t\t\t\t\t\t\t\t\t\t\t\t\t\t<img fetchpriority=\"high\" decoding=\"async\" width=\"847\" height=\"507\" src=\"https:\/\/exactquartz.com\/wp-content\/uploads\/2025\/03\/Fused-Quartz-Glass-Tubes.png\" class=\"attachment-large size-large wp-image-518\" alt=\"Slydyto kvarco stiklo vamzdeliai\" srcset=\"https:\/\/exactquartz.com\/wp-content\/uploads\/2025\/03\/Fused-Quartz-Glass-Tubes.png 847w, https:\/\/exactquartz.com\/wp-content\/uploads\/2025\/03\/Fused-Quartz-Glass-Tubes-300x180.png 300w, https:\/\/exactquartz.com\/wp-content\/uploads\/2025\/03\/Fused-Quartz-Glass-Tubes-768x460.png 768w\" sizes=\"(max-width: 847px) 100vw, 847px\" \/>\t\t\t\t\t\t\t\t\t\t\t\t\t\t\t<\/div>\n\t\t\t\t<\/div>\n\t\t\t\t\t<\/div>\n\t\t\t\t<\/div>\n\t\t\t\t<\/div>","protected":false},"excerpt":{"rendered":"<p>Custom Quartz Glass Tubing \u2013 Fused Quartz Wholesale Type: Wholesale Fused Quartz Tubes &amp; Custom Quartz Glass TubingMaterial: High fused [&hellip;]<\/p>","protected":false},"author":9,"featured_media":564,"parent":839,"menu_order":0,"comment_status":"closed","ping_status":"closed","template":"","meta":{"_seopress_robots_primary_cat":"","_seopress_titles_title":"Custom Quartz Glass Tubing \u2013 Fused Quartz Wholesale","_seopress_titles_desc":"Wholesale custom quartz tubing (OD 1.5\u2013300mm), 99.998% SiO\u2082. Cut to length, end seal, bending, welding & drilling supported. High-temp & chemical resistant.","_seopress_robots_index":"","site-sidebar-layout":"no-sidebar","site-content-layout":"","ast-site-content-layout":"full-width-container","site-content-style":"default","site-sidebar-style":"default","ast-global-header-display":"","ast-banner-title-visibility":"","ast-main-header-display":"","ast-hfb-above-header-display":"","ast-hfb-below-header-display":"","ast-hfb-mobile-header-display":"","site-post-title":"disabled","ast-breadcrumbs-content":"","ast-featured-img":"disabled","footer-sml-layout":"","theme-transparent-header-meta":"","adv-header-id-meta":"","stick-header-meta":"","header-above-stick-meta":"","header-main-stick-meta":"","header-below-stick-meta":"","astra-migrate-meta-layouts":"default","ast-page-background-enabled":"default","ast-page-background-meta":{"desktop":{"background-color":"var(--ast-global-color-5)","background-image":"","background-repeat":"repeat","background-position":"center center","background-size":"auto","background-attachment":"scroll","background-type":"","background-media":"","overlay-type":"","overlay-color":"","overlay-opacity":"","overlay-gradient":""},"tablet":{"background-color":"","background-image":"","background-repeat":"repeat","background-position":"center center","background-size":"auto","background-attachment":"scroll","background-type":"","background-media":"","overlay-type":"","overlay-color":"","overlay-opacity":"","overlay-gradient":""},"mobile":{"background-color":"","background-image":"","background-repeat":"repeat","background-position":"center center","background-size":"auto","background-attachment":"scroll","background-type":"","background-media":"","overlay-type":"","overlay-color":"","overlay-opacity":"","overlay-gradient":""}},"ast-content-background-meta":{"desktop":{"background-color":"var(--ast-global-color-4)","background-image":"","background-repeat":"repeat","background-position":"center center","background-size":"auto","background-attachment":"scroll","background-type":"","background-media":"","overlay-type":"","overlay-color":"","overlay-opacity":"","overlay-gradient":""},"tablet":{"background-color":"var(--ast-global-color-4)","background-image":"","background-repeat":"repeat","background-position":"center center","background-size":"auto","background-attachment":"scroll","background-type":"","background-media":"","overlay-type":"","overlay-color":"","overlay-opacity":"","overlay-gradient":""},"mobile":{"background-color":"var(--ast-global-color-4)","background-image":"","background-repeat":"repeat","background-position":"center center","background-size":"auto","background-attachment":"scroll","background-type":"","background-media":"","overlay-type":"","overlay-color":"","overlay-opacity":"","overlay-gradient":""}},"footnotes":""},"class_list":["post-563","page","type-page","status-publish","has-post-thumbnail","hentry"],"_hostinger_reach_plugin_has_subscription_block":false,"_hostinger_reach_plugin_is_elementor":false,"_links":{"self":[{"href":"https:\/\/exactquartz.com\/lt\/wp-json\/wp\/v2\/pages\/563","targetHints":{"allow":["GET"]}}],"collection":[{"href":"https:\/\/exactquartz.com\/lt\/wp-json\/wp\/v2\/pages"}],"about":[{"href":"https:\/\/exactquartz.com\/lt\/wp-json\/wp\/v2\/types\/page"}],"author":[{"embeddable":true,"href":"https:\/\/exactquartz.com\/lt\/wp-json\/wp\/v2\/users\/9"}],"replies":[{"embeddable":true,"href":"https:\/\/exactquartz.com\/lt\/wp-json\/wp\/v2\/comments?post=563"}],"version-history":[{"count":19,"href":"https:\/\/exactquartz.com\/lt\/wp-json\/wp\/v2\/pages\/563\/revisions"}],"predecessor-version":[{"id":1968,"href":"https:\/\/exactquartz.com\/lt\/wp-json\/wp\/v2\/pages\/563\/revisions\/1968"}],"up":[{"embeddable":true,"href":"https:\/\/exactquartz.com\/lt\/wp-json\/wp\/v2\/pages\/839"}],"wp:featuredmedia":[{"embeddable":true,"href":"https:\/\/exactquartz.com\/lt\/wp-json\/wp\/v2\/media\/564"}],"wp:attachment":[{"href":"https:\/\/exactquartz.com\/lt\/wp-json\/wp\/v2\/media?parent=563"}],"curies":[{"name":"wp","href":"https:\/\/api.w.org\/{rel}","templated":true}]}}