{"id":281,"date":"2025-03-27T11:38:48","date_gmt":"2025-03-27T03:38:48","guid":{"rendered":"https:\/\/exactquartz.com\/?page_id=281"},"modified":"2025-04-16T18:29:53","modified_gmt":"2025-04-16T10:29:53","slug":"uv-quartz-polishing-plates","status":"publish","type":"page","link":"https:\/\/exactquartz.com\/lv\/quartz-discs-and-plates\/uv-quartz-polishing-plates\/","title":{"rendered":"UV kvarca pul\u0113\u0161anas pl\u0101ksnes"},"content":{"rendered":"<div data-elementor-type=\"wp-page\" data-elementor-id=\"281\" class=\"elementor elementor-281\" data-elementor-post-type=\"page\">\n\t\t\t\t<div class=\"elementor-element elementor-element-d2bc4f1 e-flex e-con-boxed e-con e-parent\" data-id=\"d2bc4f1\" data-element_type=\"container\">\n\t\t\t\t\t<div class=\"e-con-inner\">\n\t\t<div class=\"elementor-element elementor-element-6d0fc6f e-con-full e-flex e-con e-child\" data-id=\"6d0fc6f\" data-element_type=\"container\">\n\t\t\t\t<div class=\"elementor-element elementor-element-70fde5e elementor-widget elementor-widget-image\" data-id=\"70fde5e\" data-element_type=\"widget\" data-widget_type=\"image.default\">\n\t\t\t\t<div class=\"elementor-widget-container\">\n\t\t\t\t\t\t\t\t\t\t\t\t\t\t\t<img fetchpriority=\"high\" decoding=\"async\" width=\"500\" height=\"373\" src=\"https:\/\/exactquartz.com\/wp-content\/uploads\/2025\/03\/UV-quartz-polishing-plates-high-transparency-ultraviolet-quartz-plates.webp\" class=\"attachment-large size-large wp-image-382\" alt=\"UV kvarca pul\u0113\u0161anas pl\u0101ksnes, augstas caursp\u012bd\u012bbas ultraviolet\u0101s kvarca pl\u0101ksnes\" srcset=\"https:\/\/exactquartz.com\/wp-content\/uploads\/2025\/03\/UV-quartz-polishing-plates-high-transparency-ultraviolet-quartz-plates.webp 500w, https:\/\/exactquartz.com\/wp-content\/uploads\/2025\/03\/UV-quartz-polishing-plates-high-transparency-ultraviolet-quartz-plates-300x224.webp 300w\" sizes=\"(max-width: 500px) 100vw, 500px\" \/>\t\t\t\t\t\t\t\t\t\t\t\t\t\t\t<\/div>\n\t\t\t\t<\/div>\n\t\t\t\t<\/div>\n\t\t<div class=\"elementor-element elementor-element-2a56432 e-con-full e-flex e-con e-child\" data-id=\"2a56432\" data-element_type=\"container\">\n\t\t\t\t<div class=\"elementor-element elementor-element-70d5eba elementor-widget elementor-widget-heading\" data-id=\"70d5eba\" data-element_type=\"widget\" data-widget_type=\"heading.default\">\n\t\t\t\t<div class=\"elementor-widget-container\">\n\t\t\t\t\t<h2 class=\"elementor-heading-title elementor-size-default\">UV kvarca pul\u0113\u0161anas pl\u0101ksnes<\/h2>\t\t\t\t<\/div>\n\t\t\t\t<\/div>\n\t\t\t\t<div class=\"elementor-element elementor-element-ac956f7 elementor-widget elementor-widget-text-editor\" data-id=\"ac956f7\" data-element_type=\"widget\" data-widget_type=\"text-editor.default\">\n\t\t\t\t<div class=\"elementor-widget-container\">\n\t\t\t\t\t\t\t\t\t<p>M\u0113s pied\u0101v\u0101jam p\u0113c pas\u016bt\u012bjuma izgatavotu UV kvarca pul\u0113\u0161anas pl\u0101k\u0161\u0146u, augstas caursp\u012bd\u012bbas ultraviolet\u0101 kvarca pl\u0101k\u0161\u0146u un logu pl\u0101k\u0161\u0146u tie\u0161u pieg\u0101di, pamatojoties uz klienta iesniegtajiem ras\u0113jumiem vai paraugiem. M\u016bsu produktus pla\u0161i izmanto UV l\u0101zeru, optisko instrumentu un pusvad\u012bt\u0101ju ra\u017eo\u0161anas nozar\u0113s.<\/p>\t\t\t\t\t\t\t\t<\/div>\n\t\t\t\t<\/div>\n\t\t\t\t<div class=\"elementor-element elementor-element-1eb84e3 elementor-align-left elementor-widget elementor-widget-button\" data-id=\"1eb84e3\" data-element_type=\"widget\" data-widget_type=\"button.default\">\n\t\t\t\t<div class=\"elementor-widget-container\">\n\t\t\t\t\t\t\t\t\t<div class=\"elementor-button-wrapper\">\n\t\t\t\t\t<a class=\"elementor-button elementor-button-link elementor-size-sm\" href=\"#elementor-action%3Aaction%3Dpopup%3Aopen%26settings%3DeyJpZCI6IjEyNzUiLCJ0b2dnbGUiOmZhbHNlfQ%3D%3D\">\n\t\t\t\t\t\t<span class=\"elementor-button-content-wrapper\">\n\t\t\t\t\t\t\t\t\t<span class=\"elementor-button-text\">\u0100tr\u0101 cit\u0101ts<\/span>\n\t\t\t\t\t<\/span>\n\t\t\t\t\t<\/a>\n\t\t\t\t<\/div>\n\t\t\t\t\t\t\t\t<\/div>\n\t\t\t\t<\/div>\n\t\t\t\t<\/div>\n\t\t\t\t\t<\/div>\n\t\t\t\t<\/div>\n\t\t<div class=\"elementor-element elementor-element-a2ed80c e-flex e-con-boxed e-con e-parent\" data-id=\"a2ed80c\" data-element_type=\"container\">\n\t\t\t\t\t<div class=\"e-con-inner\">\n\t\t\t\t<div class=\"elementor-element elementor-element-ceddc61 elementor-widget elementor-widget-text-editor\" data-id=\"ceddc61\" data-element_type=\"widget\" data-widget_type=\"text-editor.default\">\n\t\t\t\t<div class=\"elementor-widget-container\">\n\t\t\t\t\t\t\t\t\t<p>Augstas kvalit\u0101tes kvarca stikla pl\u0101ksnes\/diski ir stikla izstr\u0101d\u0101jumu veids, ko pla\u0161i izmanto da\u017e\u0101d\u0101s nozar\u0113s, tostarp pusvad\u012bt\u0101ju, optisk\u0101s un laboratorijas. T\u0101s ir izgatavotas no augstas t\u012br\u012bbas pak\u0101pes kaus\u0113ta kvarca stikla, kas t\u0101m nodro\u0161ina augstu iztur\u012bbu pret termisko triecienu un \u0137\u012bmisko koroziju. \u0160\u012bm pl\u0101ksn\u0113m un diskiem ir rakstur\u012bgas izcilas optisk\u0101s \u012bpa\u0161\u012bbas, augsts caurlaid\u012bbas koeficients un zems termisk\u0101s izple\u0161an\u0101s koeficients. T\u0101s var piel\u0101got, lai atbilstu \u012bpa\u0161\u0101m pras\u012bb\u0101m, piem\u0113ram, izm\u0113ram, biezumam un virsmas apstr\u0101dei. Pateicoties unik\u0101laj\u0101m \u012bpa\u0161\u012bb\u0101m, augstas kvalit\u0101tes kvarca stikla pl\u0101ksnes\/diski ir ide\u0101li piem\u0113roti izmanto\u0161anai lietojumos, kuros nepiecie\u0161ama augsta precizit\u0101te, piem\u0113ram, pl\u0101ksn\u012b\u0161u apstr\u0101dei, optisko logu un \u0137\u012bmiskaj\u0101 anal\u012bz\u0113.<\/p>\t\t\t\t\t\t\t\t<\/div>\n\t\t\t\t<\/div>\n\t\t\t\t<div class=\"elementor-element elementor-element-b7e9c99 elementor-widget elementor-widget-heading\" data-id=\"b7e9c99\" data-element_type=\"widget\" data-widget_type=\"heading.default\">\n\t\t\t\t<div class=\"elementor-widget-container\">\n\t\t\t\t\t<h3 class=\"elementor-heading-title elementor-size-default\">Ievads:<\/h3>\t\t\t\t<\/div>\n\t\t\t\t<\/div>\n\t\t\t\t<div class=\"elementor-element elementor-element-281af31 elementor-widget elementor-widget-text-editor\" data-id=\"281af31\" data-element_type=\"widget\" data-widget_type=\"text-editor.default\">\n\t\t\t\t<div class=\"elementor-widget-container\">\n\t\t\t\t\t\t\t\t\t<p>Optisk\u0101s kvarca pul\u0113\u0161anas pl\u0101ksnes ir b\u016btiski svar\u012bgi komponenti da\u017e\u0101d\u0101s nozar\u0113s, nodro\u0161inot nepiecie\u0161amo precizit\u0101ti un veiktsp\u0113ju kritiskiem lietojumiem. \u0160\u0101 raksta m\u0113r\u0137is ir izp\u0113t\u012bt optisko kvarca pul\u0113\u0161anas pl\u0101k\u0161\u0146u galven\u0101s \u012bpa\u0161\u012bbas, priek\u0161roc\u012bbas un skaitliskos aspektus, izgaismojot to noz\u012bmi izcilas optisk\u0101s kvalit\u0101tes sasnieg\u0161an\u0101.<span id=\"7\" class=\"notranslate immersive-translate-target-wrapper\" lang=\"zh-CN\" translate=\"no\" data-immersive-translate-loading-id=\"\">\u00a0<\/span><\/p>\t\t\t\t\t\t\t\t<\/div>\n\t\t\t\t<\/div>\n\t\t\t\t<div class=\"elementor-element elementor-element-fe0cb41 elementor-widget elementor-widget-heading\" data-id=\"fe0cb41\" data-element_type=\"widget\" data-widget_type=\"heading.default\">\n\t\t\t\t<div class=\"elementor-widget-container\">\n\t\t\t\t\t<h3 class=\"elementor-heading-title elementor-size-default\">1. Izcila l\u012bdzenuma \u012bpa\u0161\u012bba:<\/h3>\t\t\t\t<\/div>\n\t\t\t\t<\/div>\n\t\t\t\t<div class=\"elementor-element elementor-element-733f615 elementor-widget elementor-widget-text-editor\" data-id=\"733f615\" data-element_type=\"widget\" data-widget_type=\"text-editor.default\">\n\t\t\t\t<div class=\"elementor-widget-container\">\n\t\t\t\t\t\t\t\t\t<p>Optisk\u0101s kvarca pul\u0113\u0161anas pl\u0101ksnes ir slavenas ar savu izcilo l\u012bdzenumu, kas nodro\u0161ina pul\u0113to virsmu viendab\u012bgumu un konsekvenci. Ar \u0161\u012bm pl\u0101ksn\u0113m var sasniegt l\u012bdzenuma l\u012bmeni l\u012bdz pat \u03bb\/10 (kur \u03bb ir gaismas vi\u013c\u0146a garums), garant\u0113jot minim\u0101lus virsmas krop\u013cojumus un saglab\u0101jot optisko sist\u0113mu integrit\u0101ti.<\/p>\t\t\t\t\t\t\t\t<\/div>\n\t\t\t\t<\/div>\n\t\t\t\t<div class=\"elementor-element elementor-element-39cf9eb elementor-widget elementor-widget-heading\" data-id=\"39cf9eb\" data-element_type=\"widget\" data-widget_type=\"heading.default\">\n\t\t\t\t<div class=\"elementor-widget-container\">\n\t\t\t\t\t<h3 class=\"elementor-heading-title elementor-size-default\">2. Virsmas raupjums zem angstroma:<\/h3>\t\t\t\t<\/div>\n\t\t\t\t<\/div>\n\t\t\t\t<div class=\"elementor-element elementor-element-cc3d847 elementor-widget elementor-widget-text-editor\" data-id=\"cc3d847\" data-element_type=\"widget\" data-widget_type=\"text-editor.default\">\n\t\t\t\t<div class=\"elementor-widget-container\">\n\t\t\t\t\t\t\t\t\t<p>Virsmas raupjumam ir b\u016btiska noz\u012bme pul\u0113tu virsmu optisk\u0101s kvalit\u0101tes noteik\u0161an\u0101. Optisk\u0101s kvarca pul\u0113\u0161anas pl\u0101ksnes var lepoties ar subangstromu virsmas raupjumu, kas parasti ir 0,1 - 0,5 \u00c5 (angstromu) robe\u017e\u0101s. \u0160\u012b \u012bpa\u0161i glud\u0101 virsmas apdare samazina izkliedi un atstaro\u0161anu, maksim\u0101li palielinot gaismas caurlaid\u012bbu un uzlabojot visp\u0101r\u0113jo optisko veiktsp\u0113ju.<\/p>\t\t\t\t\t\t\t\t<\/div>\n\t\t\t\t<\/div>\n\t\t\t\t<div class=\"elementor-element elementor-element-e7a94c2 elementor-widget elementor-widget-heading\" data-id=\"e7a94c2\" data-element_type=\"widget\" data-widget_type=\"heading.default\">\n\t\t\t\t<div class=\"elementor-widget-container\">\n\t\t\t\t\t<h3 class=\"elementor-heading-title elementor-size-default\">3. Augsta materi\u0101lu t\u012br\u012bba:<\/h3>\t\t\t\t<\/div>\n\t\t\t\t<\/div>\n\t\t\t\t<div class=\"elementor-element elementor-element-529c317 elementor-widget elementor-widget-text-editor\" data-id=\"529c317\" data-element_type=\"widget\" data-widget_type=\"text-editor.default\">\n\t\t\t\t<div class=\"elementor-widget-container\">\n\t\t\t\t\t\t\t\t\t<p>Optisk\u0101s kvarca pul\u0113\u0161anas pl\u0101ksnes tiek ra\u017eotas no augstas t\u012br\u012bbas pak\u0101pes kvarca, kas nodro\u0161ina minim\u0101lu piemais\u012bjumu daudzumu un izcilu optisko skaidr\u012bbu. Materi\u0101la t\u012br\u012bba tie\u0161i ietekm\u0113 gaismas caurlaid\u012bbu un kvalit\u0101ti, kas iet caur pul\u0113taj\u0101m virsm\u0101m. Parasti izmanto kvarca pl\u0101ksnes, kuru t\u012br\u012bbas pak\u0101pe p\u0101rsniedz 99,99%, kas \u013cauj prec\u012bzi kontrol\u0113t gaismu t\u0101dos lietojumos k\u0101 mikroskopija, spektroskopija un l\u0101zeru sist\u0113mas.<\/p>\t\t\t\t\t\t\t\t<\/div>\n\t\t\t\t<\/div>\n\t\t\t\t<div class=\"elementor-element elementor-element-a438a24 elementor-widget elementor-widget-heading\" data-id=\"a438a24\" data-element_type=\"widget\" data-widget_type=\"heading.default\">\n\t\t\t\t<div class=\"elementor-widget-container\">\n\t\t\t\t\t<h3 class=\"elementor-heading-title elementor-size-default\">4. Pielaides un izm\u0113ru precizit\u0101te:<\/h3>\t\t\t\t<\/div>\n\t\t\t\t<\/div>\n\t\t\t\t<div class=\"elementor-element elementor-element-2c83de3 elementor-widget elementor-widget-text-editor\" data-id=\"2c83de3\" data-element_type=\"widget\" data-widget_type=\"text-editor.default\">\n\t\t\t\t<div class=\"elementor-widget-container\">\n\t\t\t\t\t\t\t\t\t<p>Lai atbilstu stingraj\u0101m optisko lietojumu pras\u012bb\u0101m, kvarca pul\u0113\u0161anas pl\u0101ksnes tiek ra\u017eotas ar augstu izm\u0113ru precizit\u0101ti un stingr\u0101m pielaid\u0113m. \u0160o pl\u0101k\u0161\u0146u tipisk\u0101s izm\u0113ru pielaides ir no \u00b10,01 mm l\u012bdz \u00b10,05 mm, nodro\u0161inot prec\u012bzu izl\u012bdzin\u0101\u0161anu un savietojam\u012bbu ar optisk\u0101m sist\u0113m\u0101m. \u0160is precizit\u0101tes l\u012bmenis garant\u0113 optim\u0101lu veiktsp\u0113ju un nov\u0113r\u0161 jebk\u0101du kait\u012bgu ietekmi, ko rada nepareiza izl\u012bdzin\u0101\u0161ana vai neatbilst\u012bba.<\/p>\t\t\t\t\t\t\t\t<\/div>\n\t\t\t\t<\/div>\n\t\t\t\t<div class=\"elementor-element elementor-element-a84143a elementor-widget elementor-widget-heading\" data-id=\"a84143a\" data-element_type=\"widget\" data-widget_type=\"heading.default\">\n\t\t\t\t<div class=\"elementor-widget-container\">\n\t\t\t\t\t<h3 class=\"elementor-heading-title elementor-size-default\">5. Piel\u0101go\u0161anas opcijas:<\/h3>\t\t\t\t<\/div>\n\t\t\t\t<\/div>\n\t\t\t\t<div class=\"elementor-element elementor-element-a769174 elementor-widget elementor-widget-text-editor\" data-id=\"a769174\" data-element_type=\"widget\" data-widget_type=\"text-editor.default\">\n\t\t\t\t<div class=\"elementor-widget-container\">\n\t\t\t\t\t\t\t\t\t<p>Optisk\u0101s kvarca pul\u0113\u0161anas pl\u0101ksnes pied\u0101v\u0101 pla\u0161as piel\u0101go\u0161anas iesp\u0113jas, kas \u013cauj rast piel\u0101gotus risin\u0101jumus konkr\u0113t\u0101m lietojuma vajadz\u012bb\u0101m. Var izgatavot piel\u0101gotas formas, izm\u0113rus un biezumus, lai izpild\u012btu prec\u012bzas pras\u012bbas. Turkl\u0101t, lai v\u0113l vair\u0101k uzlabotu veiktsp\u0113ju un funkcionalit\u0101ti, var izmantot \u012bpa\u0161as virsmas apdares, p\u0101rkl\u0101jumus un malu apstr\u0101di.<\/p>\t\t\t\t\t\t\t\t<\/div>\n\t\t\t\t<\/div>\n\t\t\t\t<div class=\"elementor-element elementor-element-596ad3d elementor-widget elementor-widget-heading\" data-id=\"596ad3d\" data-element_type=\"widget\" data-widget_type=\"heading.default\">\n\t\t\t\t<div class=\"elementor-widget-container\">\n\t\t\t\t\t<h3 class=\"elementor-heading-title elementor-size-default\">Secin\u0101jums: <\/h3>\t\t\t\t<\/div>\n\t\t\t\t<\/div>\n\t\t\t\t<div class=\"elementor-element elementor-element-0549bf7 elementor-widget elementor-widget-text-editor\" data-id=\"0549bf7\" data-element_type=\"widget\" data-widget_type=\"text-editor.default\">\n\t\t\t\t<div class=\"elementor-widget-container\">\n\t\t\t\t\t\t\t\t\t<p>Optisk\u0101s kvarca pul\u0113\u0161anas pl\u0101ksnes ir kritiski svar\u012bgi komponenti, kas veicina izcilas optisk\u0101s kvalit\u0101tes sasnieg\u0161anu da\u017e\u0101d\u0101s nozar\u0113s. \u0160\u012bs pl\u0101ksnes ar izcilu l\u012bdzenumu, subangstroma virsmas raupjumu, augstu materi\u0101la t\u012br\u012bbu un prec\u012bzu izm\u0113ru precizit\u0101ti nodro\u0161ina optim\u0101lu gaismas caurlaid\u012bbu un samazina virsmas izkrop\u013cojumus. \u0160o pl\u0101k\u0161\u0146u piel\u0101go\u0161anas iesp\u0113ja v\u0113l vair\u0101k palielina to daudzpus\u012bbu, nodro\u0161inot piel\u0101gotus risin\u0101jumus konkr\u0113tiem lietojumiem. T\u0101 k\u0101 prec\u012bz\u0101 optika turpina att\u012bst\u012bties, paredzams, ka piepras\u012bjums p\u0113c augstas veiktsp\u0113jas optisk\u0101m kvarca pul\u0113\u0161anas pl\u0101ksn\u0113m pieaugs, veicinot inov\u0101cijas un papla\u0161inot optisko tehnolo\u0123iju robe\u017eas.<\/p>\t\t\t\t\t\t\t\t<\/div>\n\t\t\t\t<\/div>\n\t\t\t\t\t<\/div>\n\t\t\t\t<\/div>\n\t\t\t\t<\/div>","protected":false},"excerpt":{"rendered":"<p>UV Quartz Polishing Plates We offer direct supply of custom-made UV quartz polishing plates, high-transparency ultraviolet quartz plates, and window [&hellip;]<\/p>","protected":false},"author":7,"featured_media":382,"parent":841,"menu_order":0,"comment_status":"closed","ping_status":"closed","template":"","meta":{"_seopress_robots_primary_cat":"","_seopress_titles_title":"UV Quartz Polishing Plates \u2013 Sub-\u00c5 Surface & \u03bb\/10 Flatness","_seopress_titles_desc":"High-transparency UV quartz plates with \u03bb\/10 flatness & 0.1\u20130.5\u00c5 roughness. Custom round\/square windows for laser optics, semiconductors & instruments.","_seopress_robots_index":"","site-sidebar-layout":"no-sidebar","site-content-layout":"","ast-site-content-layout":"full-width-container","site-content-style":"default","site-sidebar-style":"default","ast-global-header-display":"","ast-banner-title-visibility":"","ast-main-header-display":"","ast-hfb-above-header-display":"","ast-hfb-below-header-display":"","ast-hfb-mobile-header-display":"","site-post-title":"disabled","ast-breadcrumbs-content":"","ast-featured-img":"disabled","footer-sml-layout":"","theme-transparent-header-meta":"","adv-header-id-meta":"","stick-header-meta":"","header-above-stick-meta":"","header-main-stick-meta":"","header-below-stick-meta":"","astra-migrate-meta-layouts":"default","ast-page-background-enabled":"default","ast-page-background-meta":{"desktop":{"background-color":"var(--ast-global-color-5)","background-image":"","background-repeat":"repeat","background-position":"center center","background-size":"auto","background-attachment":"scroll","background-type":"","background-media":"","overlay-type":"","overlay-color":"","overlay-opacity":"","overlay-gradient":""},"tablet":{"background-color":"","background-image":"","background-repeat":"repeat","background-position":"center center","background-size":"auto","background-attachment":"scroll","background-type":"","background-media":"","overlay-type":"","overlay-color":"","overlay-opacity":"","overlay-gradient":""},"mobile":{"background-color":"","background-image":"","background-repeat":"repeat","background-position":"center center","background-size":"auto","background-attachment":"scroll","background-type":"","background-media":"","overlay-type":"","overlay-color":"","overlay-opacity":"","overlay-gradient":""}},"ast-content-background-meta":{"desktop":{"background-color":"var(--ast-global-color-4)","background-image":"","background-repeat":"repeat","background-position":"center center","background-size":"auto","background-attachment":"scroll","background-type":"","background-media":"","overlay-type":"","overlay-color":"","overlay-opacity":"","overlay-gradient":""},"tablet":{"background-color":"var(--ast-global-color-4)","background-image":"","background-repeat":"repeat","background-position":"center center","background-size":"auto","background-attachment":"scroll","background-type":"","background-media":"","overlay-type":"","overlay-color":"","overlay-opacity":"","overlay-gradient":""},"mobile":{"background-color":"var(--ast-global-color-4)","background-image":"","background-repeat":"repeat","background-position":"center center","background-size":"auto","background-attachment":"scroll","background-type":"","background-media":"","overlay-type":"","overlay-color":"","overlay-opacity":"","overlay-gradient":""}},"footnotes":""},"class_list":["post-281","page","type-page","status-publish","has-post-thumbnail","hentry"],"_hostinger_reach_plugin_has_subscription_block":false,"_hostinger_reach_plugin_is_elementor":false,"_links":{"self":[{"href":"https:\/\/exactquartz.com\/lv\/wp-json\/wp\/v2\/pages\/281","targetHints":{"allow":["GET"]}}],"collection":[{"href":"https:\/\/exactquartz.com\/lv\/wp-json\/wp\/v2\/pages"}],"about":[{"href":"https:\/\/exactquartz.com\/lv\/wp-json\/wp\/v2\/types\/page"}],"author":[{"embeddable":true,"href":"https:\/\/exactquartz.com\/lv\/wp-json\/wp\/v2\/users\/7"}],"replies":[{"embeddable":true,"href":"https:\/\/exactquartz.com\/lv\/wp-json\/wp\/v2\/comments?post=281"}],"version-history":[{"count":20,"href":"https:\/\/exactquartz.com\/lv\/wp-json\/wp\/v2\/pages\/281\/revisions"}],"predecessor-version":[{"id":1437,"href":"https:\/\/exactquartz.com\/lv\/wp-json\/wp\/v2\/pages\/281\/revisions\/1437"}],"up":[{"embeddable":true,"href":"https:\/\/exactquartz.com\/lv\/wp-json\/wp\/v2\/pages\/841"}],"wp:featuredmedia":[{"embeddable":true,"href":"https:\/\/exactquartz.com\/lv\/wp-json\/wp\/v2\/media\/382"}],"wp:attachment":[{"href":"https:\/\/exactquartz.com\/lv\/wp-json\/wp\/v2\/media?parent=281"}],"curies":[{"name":"wp","href":"https:\/\/api.w.org\/{rel}","templated":true}]}}