{"id":316,"date":"2025-03-27T12:08:50","date_gmt":"2025-03-27T04:08:50","guid":{"rendered":"https:\/\/exactquartz.com\/?page_id=316"},"modified":"2025-04-16T18:33:43","modified_gmt":"2025-04-16T10:33:43","slug":"quartz-distillation-flask","status":"publish","type":"page","link":"https:\/\/exactquartz.com\/lv\/quartz-lab-glassware-product\/quartz-distillation-flask\/","title":{"rendered":"Kvarca destil\u0101cijas kolba - \u0137\u012bmiski iztur\u012bgs laboratorijas stikls"},"content":{"rendered":"<div data-elementor-type=\"wp-page\" data-elementor-id=\"316\" class=\"elementor elementor-316\" data-elementor-post-type=\"page\">\n\t\t\t\t<div class=\"elementor-element elementor-element-abb877f e-flex e-con-boxed e-con e-parent\" data-id=\"abb877f\" data-element_type=\"container\">\n\t\t\t\t\t<div class=\"e-con-inner\">\n\t\t<div class=\"elementor-element elementor-element-82153af e-con-full e-flex e-con e-child\" data-id=\"82153af\" data-element_type=\"container\">\n\t\t\t\t<div class=\"elementor-element elementor-element-b617f08 elementor-skin-slideshow elementor-arrows-yes elementor-widget elementor-widget-media-carousel\" data-id=\"b617f08\" data-element_type=\"widget\" data-settings=\"{&quot;skin&quot;:&quot;slideshow&quot;,&quot;effect&quot;:&quot;fade&quot;,&quot;slideshow_slides_per_view&quot;:&quot;2&quot;,&quot;show_arrows&quot;:&quot;yes&quot;,&quot;speed&quot;:500,&quot;autoplay&quot;:&quot;yes&quot;,&quot;autoplay_speed&quot;:5000,&quot;loop&quot;:&quot;yes&quot;,&quot;pause_on_hover&quot;:&quot;yes&quot;,&quot;pause_on_interaction&quot;:&quot;yes&quot;,&quot;space_between&quot;:{&quot;unit&quot;:&quot;px&quot;,&quot;size&quot;:10,&quot;sizes&quot;:[]},&quot;space_between_tablet&quot;:{&quot;unit&quot;:&quot;px&quot;,&quot;size&quot;:10,&quot;sizes&quot;:[]},&quot;space_between_mobile&quot;:{&quot;unit&quot;:&quot;px&quot;,&quot;size&quot;:10,&quot;sizes&quot;:[]}}\" data-widget_type=\"media-carousel.default\">\n\t\t\t\t<div class=\"elementor-widget-container\">\n\t\t\t\t\t\t\t\t\t<div class=\"elementor-swiper\">\n\t\t\t\t\t<div class=\"elementor-main-swiper swiper\" role=\"region\" aria-roledescription=\"carousel\" aria-label=\"Slaidi\">\n\t\t\t\t<div class=\"swiper-wrapper\">\n\t\t\t\t\t\t\t\t\t\t\t<div class=\"swiper-slide\" role=\"group\" aria-roledescription=\"slide\">\n\t\t\t\t\t\t\t\t\t<div class=\"elementor-carousel-image\" role=\"img\" aria-label=\"Piel\u0101gota \u0137\u012bmisk\u0101 kvarca stikla kolba laboratorij\u0101\" style=\"background-image: url(&#039;https:\/\/exactquartz.com\/wp-content\/uploads\/2025\/03\/Custom-Chemical-Quartz-Glass-Flask-in-Lab.webp&#039;)\">\n\n\t\t\t\n\t\t\t\t\t<\/div>\n\t\t\t\t\t\t\t\t<\/div>\n\t\t\t\t\t\t\t\t\t\t\t<div class=\"swiper-slide\" role=\"group\" aria-roledescription=\"slide\">\n\t\t\t\t\t\t\t\t\t<div class=\"elementor-carousel-image\" role=\"img\" aria-label=\"Piel\u0101gota \u0137\u012bmisk\u0101 kvarca stikla kolba laboratorij\u0101 2\" style=\"background-image: url(&#039;https:\/\/exactquartz.com\/wp-content\/uploads\/2025\/03\/Custom-Chemical-Quartz-Glass-Flask-in-Lab-2.webp&#039;)\">\n\n\t\t\t\n\t\t\t\t\t<\/div>\n\t\t\t\t\t\t\t\t<\/div>\n\t\t\t\t\t\t\t\t\t<\/div>\n\t\t\t\t\t\t\t\t\t\t\t\t\t\t\t<div class=\"elementor-swiper-button elementor-swiper-button-prev\" role=\"button\" tabindex=\"0\" aria-label=\"Tidligere\" data-no-translation-aria-label=\"\">\n\t\t\t\t\t\t\t<svg aria-hidden=\"true\" class=\"e-font-icon-svg e-eicon-chevron-left\" viewbox=\"0 0 1000 1000\" xmlns=\"http:\/\/www.w3.org\/2000\/svg\"><path d=\"M646 125C629 125 613 133 604 142L308 442C296 454 292 471 292 487 292 504 296 521 308 533L604 854C617 867 629 875 646 875 663 875 679 871 692 858 704 846 713 829 713 812 713 796 708 779 692 767L438 487 692 225C700 217 708 204 708 187 708 171 704 154 692 142 675 129 663 125 646 125Z\"><\/path><\/svg>\t\t\t\t\t\t<\/div>\n\t\t\t\t\t\t<div class=\"elementor-swiper-button elementor-swiper-button-next\" role=\"button\" tabindex=\"0\" aria-label=\"Neste\" data-no-translation-aria-label=\"\">\n\t\t\t\t\t\t\t<svg aria-hidden=\"true\" class=\"e-font-icon-svg e-eicon-chevron-right\" viewbox=\"0 0 1000 1000\" xmlns=\"http:\/\/www.w3.org\/2000\/svg\"><path d=\"M696 533C708 521 713 504 713 487 713 471 708 454 696 446L400 146C388 133 375 125 354 125 338 125 325 129 313 142 300 154 292 171 292 187 292 204 296 221 308 233L563 492 304 771C292 783 288 800 288 817 288 833 296 850 308 863 321 871 338 875 354 875 371 875 388 867 400 854L696 533Z\"><\/path><\/svg>\t\t\t\t\t\t<\/div>\n\t\t\t\t\t\t\t\t\t\t\t\t\t\t\t\t\t<\/div>\n\t\t\t\t<\/div>\n\t\t\t\t\t\t\t\t<div class=\"elementor-swiper\">\n\t\t\t\t\t<div class=\"elementor-main-swiper swiper elementor-thumbnails-swiper swiper\" role=\"region region\" aria-roledescription=\"carousel carousel\" aria-label=\"Slaidi Slaidi\">\n\t\t\t\t<div class=\"swiper-wrapper\">\n\t\t\t\t\t\t\t\t\t\t\t<div class=\"swiper-slide\" role=\"group\" aria-roledescription=\"slide\">\n\t\t\t\t\t\t\t\t\t<div class=\"elementor-carousel-image\" role=\"img\" aria-label=\"Piel\u0101gota \u0137\u012bmisk\u0101 kvarca stikla kolba laboratorij\u0101\" style=\"background-image: url(&#039;https:\/\/exactquartz.com\/wp-content\/uploads\/2025\/03\/Custom-Chemical-Quartz-Glass-Flask-in-Lab.webp&#039;)\">\n\n\t\t\t\n\t\t\t\t\t<\/div>\n\t\t\t\t\t\t\t\t<\/div>\n\t\t\t\t\t\t\t\t\t\t\t<div class=\"swiper-slide\" role=\"group\" aria-roledescription=\"slide\">\n\t\t\t\t\t\t\t\t\t<div class=\"elementor-carousel-image\" role=\"img\" aria-label=\"Piel\u0101gota \u0137\u012bmisk\u0101 kvarca stikla kolba laboratorij\u0101 2\" style=\"background-image: url(&#039;https:\/\/exactquartz.com\/wp-content\/uploads\/2025\/03\/Custom-Chemical-Quartz-Glass-Flask-in-Lab-2.webp&#039;)\">\n\n\t\t\t\n\t\t\t\t\t<\/div>\n\t\t\t\t\t\t\t\t<\/div>\n\t\t\t\t\t\t\t\t\t<\/div>\n\t\t\t\t\t\t\t\t\t\t\t\t\t\t\t\t\t\t\t\t\t<\/div>\n\t\t\t\t<\/div>\n\t\t\t\t\t\t\t\t<\/div>\n\t\t\t\t<\/div>\n\t\t\t\t<\/div>\n\t\t<div class=\"elementor-element elementor-element-c514cbd e-con-full e-flex e-con e-child\" data-id=\"c514cbd\" data-element_type=\"container\">\n\t\t\t\t<div class=\"elementor-element elementor-element-70d5eba elementor-widget elementor-widget-heading\" data-id=\"70d5eba\" data-element_type=\"widget\" data-widget_type=\"heading.default\">\n\t\t\t\t<div class=\"elementor-widget-container\">\n\t\t\t\t\t<h2 class=\"elementor-heading-title elementor-size-default\">Kvarca destil\u0101cijas kolba - \u0137\u012bmiski iztur\u012bgs laboratorijas stikls<\/h2>\t\t\t\t<\/div>\n\t\t\t\t<\/div>\n\t\t\t\t<div class=\"elementor-element elementor-element-ac956f7 elementor-widget elementor-widget-text-editor\" data-id=\"ac956f7\" data-element_type=\"widget\" data-widget_type=\"text-editor.default\">\n\t\t\t\t<div class=\"elementor-widget-container\">\n\t\t\t\t\t\t\t\t\t<ul><li>Vienreiz\u0113j\u0101s lieto\u0161anas: Ne-<\/li><li>Vienreiz\u0113j\u0101s lieto\u0161anas ietilp\u012bba: Customerization<\/li><li>Veids: Destil\u0101cijas kolba<\/li><li>Liek\u0161anas iztur\u012bba: 67MPa<\/li><li>Stiepes iztur\u012bba: 48,3 MPa<\/li><li>Funkcija: Iztur\u012bba pret augstu temperat\u016bru<\/li><\/ul>\t\t\t\t\t\t\t\t<\/div>\n\t\t\t\t<\/div>\n\t\t\t\t<div class=\"elementor-element elementor-element-63fcf50 elementor-align-left elementor-widget elementor-widget-button\" data-id=\"63fcf50\" data-element_type=\"widget\" data-widget_type=\"button.default\">\n\t\t\t\t<div class=\"elementor-widget-container\">\n\t\t\t\t\t\t\t\t\t<div class=\"elementor-button-wrapper\">\n\t\t\t\t\t<a class=\"elementor-button elementor-button-link elementor-size-sm\" href=\"#elementor-action%3Aaction%3Dpopup%3Aopen%26settings%3DeyJpZCI6IjEyNzUiLCJ0b2dnbGUiOmZhbHNlfQ%3D%3D\">\n\t\t\t\t\t\t<span class=\"elementor-button-content-wrapper\">\n\t\t\t\t\t\t\t\t\t<span class=\"elementor-button-text\">\u0100tr\u0101 cit\u0101ts<\/span>\n\t\t\t\t\t<\/span>\n\t\t\t\t\t<\/a>\n\t\t\t\t<\/div>\n\t\t\t\t\t\t\t\t<\/div>\n\t\t\t\t<\/div>\n\t\t\t\t<\/div>\n\t\t\t\t\t<\/div>\n\t\t\t\t<\/div>\n\t\t<div class=\"elementor-element elementor-element-a2ed80c e-flex e-con-boxed e-con e-parent\" data-id=\"a2ed80c\" data-element_type=\"container\">\n\t\t\t\t\t<div class=\"e-con-inner\">\n\t\t\t\t<div class=\"elementor-element elementor-element-1055203 elementor-widget elementor-widget-heading\" data-id=\"1055203\" data-element_type=\"widget\" data-widget_type=\"heading.default\">\n\t\t\t\t<div class=\"elementor-widget-container\">\n\t\t\t\t\t<h3 class=\"elementor-heading-title elementor-size-default\">S\u012bk\u0101ka inform\u0101cija:<\/h3>\t\t\t\t<\/div>\n\t\t\t\t<\/div>\n\t\t\t\t<div class=\"elementor-element elementor-element-ceddc61 elementor-widget elementor-widget-text-editor\" data-id=\"ceddc61\" data-element_type=\"widget\" data-widget_type=\"text-editor.default\">\n\t\t\t\t<div class=\"elementor-widget-container\">\n\t\t\t\t\t\t\t\t\t<p>\u0136\u012bmisk\u0101 kvarca stikla kolba p\u0113c pas\u016bt\u012bjuma ir specializ\u0113ta laboratorijas kolba, kas izgatavota no augstas kvalit\u0101tes kvarca stikla. Kvarca stikls ir \u013coti iztur\u012bgs pret \u0137\u012bmisk\u0101m reakcij\u0101m, t\u0101p\u0113c tas ir ide\u0101li piem\u0113rots izmanto\u0161anai laboratorij\u0101s, kur\u0101s tiek izmantotas smagas \u0137\u012bmisk\u0101s vielas.<\/p><p>Piel\u0101got\u0101 kolba ir izstr\u0101d\u0101ta, lai atbilstu \u012bpa\u0161\u0101m pras\u012bb\u0101m, un atkar\u012bb\u0101 no pielietojuma to var izgatavot da\u017e\u0101d\u0101s form\u0101s un izm\u0113ros. To parasti izmanto \u0137\u012bmiskaj\u0101 sint\u0113z\u0113, destil\u0101cij\u0101 un citos eksperimentos, kuros izmanto agres\u012bvas \u0137\u012bmisk\u0101s vielas.<\/p><p>Piel\u0101gotas \u0137\u012bmisk\u0101s kvarca stikla kolbas izmanto\u0161anas priek\u0161roc\u012bbas ir \u0161\u0101das:<\/p><p>1. \u0136\u012bmisk\u0101 iztur\u012bba: Kvarca stikls ir iztur\u012bgs pret liel\u0101ko da\u013cu sk\u0101bju, b\u0101zu un organisko \u0161\u0137\u012bdin\u0101t\u0101ju, t\u0101p\u0113c tas ir piem\u0113rots lieto\u0161anai ar da\u017e\u0101d\u0101m \u0137\u012bmisk\u0101m viel\u0101m.<\/p><p>2. Iztur\u012bba pret augst\u0101m temperat\u016br\u0101m: Kvarca stikls var iztur\u0113t augstu temperat\u016bru bez plais\u0101\u0161anas vai ku\u0161anas, kas \u013cauj veikt eksperimentus, kuros nepiecie\u0161ama kars\u0113\u0161ana.<\/p><p>3. P\u0101rredzam\u012bba: K\u0101rtas stikls ir caursp\u012bd\u012bgs, kas \u013cauj viegli nov\u0113rot reakciju vai procesu kolbas iek\u0161pus\u0113.<\/p><p>4. Zema termisk\u0101 izple\u0161an\u0101s: Kvarca stiklam ir zems termisk\u0101s izple\u0161an\u0101s koeficients, kas noz\u012bm\u0113, ka, mainoties temperat\u016brai, tas b\u016btiski neizple\u0161as vai nesa\u0161aurin\u0101s. \u0160\u012b \u012bpa\u0161\u012bba nodro\u0161ina kolbas stabilit\u0101ti sild\u012b\u0161anas un dzes\u0113\u0161anas ciklu laik\u0101.<\/p><p>5. Viegli t\u012br\u0101ms: Kvarca stikls nav porains un ir gluds, t\u0101p\u0113c to ir viegli t\u012br\u012bt un steriliz\u0113t starp eksperimentiem.<\/p><p>Lai ieg\u016btu piel\u0101gotu \u0137\u012bmisko kvarca stikla kolbu, parasti ir j\u0101sazin\u0101s ar specializ\u0113tu stikla izstr\u0101d\u0101jumu ra\u017eot\u0101ju vai pieg\u0101d\u0101t\u0101ju. Tie var sadarboties ar jums, lai izprastu j\u016bsu \u012bpa\u0161\u0101s pras\u012bbas un izveidotu kolbu, kas atbilst j\u016bsu vajadz\u012bb\u0101m. Ra\u017eo\u0161anas process ietver kvarca stikla veido\u0161anu un kaus\u0113\u0161anu, izmantojot augstas temperat\u016bras metodes, lai nodro\u0161in\u0101tu kolbas integrit\u0101ti un iztur\u012bbu.<\/p><p>Svar\u012bgi atz\u012bm\u0113t, ka p\u0113c pas\u016bt\u012bjuma izgatavot\u0101s \u0137\u012bmisk\u0101s kvarca stikla kolbas var b\u016bt d\u0101rg\u0101kas nek\u0101 standarta stikla kolbas, jo tiek izmantots specializ\u0113ts ra\u017eo\u0161anas process un augstas kvalit\u0101tes materi\u0101ls. Tom\u0113r kvarca stikla priek\u0161roc\u012bbas un iztur\u012bba padara to par v\u0113rt\u012bgu ieguld\u012bjumu laboratorij\u0101s, kas str\u0101d\u0101 ar kod\u012bg\u0101m \u0137\u012bmisk\u0101m viel\u0101m.<\/p>\t\t\t\t\t\t\t\t<\/div>\n\t\t\t\t<\/div>\n\t\t\t\t\t<\/div>\n\t\t\t\t<\/div>\n\t\t\t\t<\/div>","protected":false},"excerpt":{"rendered":"<p>Quartz Distillation Flask \u2013 Chemical Resistant Lab Glass Disposable: Non- Disposable Capacity: Customerization Type: Distillation Flask Bending Strength: 67MPa Tensile [&hellip;]<\/p>","protected":false},"author":6,"featured_media":410,"parent":843,"menu_order":0,"comment_status":"closed","ping_status":"closed","template":"","meta":{"_seopress_robots_primary_cat":"","_seopress_titles_title":"Quartz Distillation Flask \u2013 Chemical Resistant Lab Glass","_seopress_titles_desc":"Custom quartz flask for chemical heating & distillation. Acid\/alkali resistant, 99.99% SiO\u2082, high strength, stable at 1200\u00b0C. Custom shapes available.","_seopress_robots_index":"","site-sidebar-layout":"no-sidebar","site-content-layout":"","ast-site-content-layout":"full-width-container","site-content-style":"default","site-sidebar-style":"default","ast-global-header-display":"","ast-banner-title-visibility":"","ast-main-header-display":"","ast-hfb-above-header-display":"","ast-hfb-below-header-display":"","ast-hfb-mobile-header-display":"","site-post-title":"disabled","ast-breadcrumbs-content":"","ast-featured-img":"disabled","footer-sml-layout":"","theme-transparent-header-meta":"","adv-header-id-meta":"","stick-header-meta":"","header-above-stick-meta":"","header-main-stick-meta":"","header-below-stick-meta":"","astra-migrate-meta-layouts":"default","ast-page-background-enabled":"default","ast-page-background-meta":{"desktop":{"background-color":"var(--ast-global-color-5)","background-image":"","background-repeat":"repeat","background-position":"center center","background-size":"auto","background-attachment":"scroll","background-type":"","background-media":"","overlay-type":"","overlay-color":"","overlay-opacity":"","overlay-gradient":""},"tablet":{"background-color":"","background-image":"","background-repeat":"repeat","background-position":"center center","background-size":"auto","background-attachment":"scroll","background-type":"","background-media":"","overlay-type":"","overlay-color":"","overlay-opacity":"","overlay-gradient":""},"mobile":{"background-color":"","background-image":"","background-repeat":"repeat","background-position":"center center","background-size":"auto","background-attachment":"scroll","background-type":"","background-media":"","overlay-type":"","overlay-color":"","overlay-opacity":"","overlay-gradient":""}},"ast-content-background-meta":{"desktop":{"background-color":"var(--ast-global-color-4)","background-image":"","background-repeat":"repeat","background-position":"center center","background-size":"auto","background-attachment":"scroll","background-type":"","background-media":"","overlay-type":"","overlay-color":"","overlay-opacity":"","overlay-gradient":""},"tablet":{"background-color":"var(--ast-global-color-4)","background-image":"","background-repeat":"repeat","background-position":"center center","background-size":"auto","background-attachment":"scroll","background-type":"","background-media":"","overlay-type":"","overlay-color":"","overlay-opacity":"","overlay-gradient":""},"mobile":{"background-color":"var(--ast-global-color-4)","background-image":"","background-repeat":"repeat","background-position":"center center","background-size":"auto","background-attachment":"scroll","background-type":"","background-media":"","overlay-type":"","overlay-color":"","overlay-opacity":"","overlay-gradient":""}},"footnotes":""},"class_list":["post-316","page","type-page","status-publish","has-post-thumbnail","hentry"],"_hostinger_reach_plugin_has_subscription_block":false,"_hostinger_reach_plugin_is_elementor":false,"_links":{"self":[{"href":"https:\/\/exactquartz.com\/lv\/wp-json\/wp\/v2\/pages\/316","targetHints":{"allow":["GET"]}}],"collection":[{"href":"https:\/\/exactquartz.com\/lv\/wp-json\/wp\/v2\/pages"}],"about":[{"href":"https:\/\/exactquartz.com\/lv\/wp-json\/wp\/v2\/types\/page"}],"author":[{"embeddable":true,"href":"https:\/\/exactquartz.com\/lv\/wp-json\/wp\/v2\/users\/6"}],"replies":[{"embeddable":true,"href":"https:\/\/exactquartz.com\/lv\/wp-json\/wp\/v2\/comments?post=316"}],"version-history":[{"count":14,"href":"https:\/\/exactquartz.com\/lv\/wp-json\/wp\/v2\/pages\/316\/revisions"}],"predecessor-version":[{"id":1452,"href":"https:\/\/exactquartz.com\/lv\/wp-json\/wp\/v2\/pages\/316\/revisions\/1452"}],"up":[{"embeddable":true,"href":"https:\/\/exactquartz.com\/lv\/wp-json\/wp\/v2\/pages\/843"}],"wp:featuredmedia":[{"embeddable":true,"href":"https:\/\/exactquartz.com\/lv\/wp-json\/wp\/v2\/media\/410"}],"wp:attachment":[{"href":"https:\/\/exactquartz.com\/lv\/wp-json\/wp\/v2\/media?parent=316"}],"curies":[{"name":"wp","href":"https:\/\/api.w.org\/{rel}","templated":true}]}}