{"id":499,"date":"2025-03-29T12:11:03","date_gmt":"2025-03-29T04:11:03","guid":{"rendered":"https:\/\/exactquartz.com\/?page_id=499"},"modified":"2025-04-16T18:19:44","modified_gmt":"2025-04-16T10:19:44","slug":"large-caliber-quartz-tubes","status":"publish","type":"page","link":"https:\/\/exactquartz.com\/lv\/high-temp-quartz-solutions\/large-caliber-quartz-tubes\/","title":{"rendered":"Liela kalibra kvarca caurul\u012btes pusvad\u012bt\u0101ju un \u0137\u012bmiskai izmanto\u0161anai"},"content":{"rendered":"<div data-elementor-type=\"wp-page\" data-elementor-id=\"499\" class=\"elementor elementor-499\" data-elementor-post-type=\"page\">\n\t\t\t\t<div class=\"elementor-element elementor-element-d2bc4f1 e-flex e-con-boxed e-con e-parent\" data-id=\"d2bc4f1\" data-element_type=\"container\">\n\t\t\t\t\t<div class=\"e-con-inner\">\n\t\t<div class=\"elementor-element elementor-element-6d0fc6f e-con-full e-flex e-con e-child\" data-id=\"6d0fc6f\" data-element_type=\"container\">\n\t\t\t\t<div class=\"elementor-element elementor-element-51d5345 elementor-widget elementor-widget-image\" data-id=\"51d5345\" data-element_type=\"widget\" data-widget_type=\"image.default\">\n\t\t\t\t<div class=\"elementor-widget-container\">\n\t\t\t\t\t\t\t\t\t\t\t\t\t\t\t<img fetchpriority=\"high\" decoding=\"async\" width=\"500\" height=\"438\" src=\"https:\/\/exactquartz.com\/wp-content\/uploads\/2025\/03\/Large-caliber-quartz-tube.webp\" class=\"attachment-large size-large wp-image-500\" alt=\"Liela kalibra kvarca caurule\" srcset=\"https:\/\/exactquartz.com\/wp-content\/uploads\/2025\/03\/Large-caliber-quartz-tube.webp 500w, https:\/\/exactquartz.com\/wp-content\/uploads\/2025\/03\/Large-caliber-quartz-tube-300x263.webp 300w\" sizes=\"(max-width: 500px) 100vw, 500px\" \/>\t\t\t\t\t\t\t\t\t\t\t\t\t\t\t<\/div>\n\t\t\t\t<\/div>\n\t\t\t\t<\/div>\n\t\t<div class=\"elementor-element elementor-element-2a56432 e-con-full e-flex e-con e-child\" data-id=\"2a56432\" data-element_type=\"container\">\n\t\t\t\t<div class=\"elementor-element elementor-element-70d5eba elementor-widget elementor-widget-heading\" data-id=\"70d5eba\" data-element_type=\"widget\" data-widget_type=\"heading.default\">\n\t\t\t\t<div class=\"elementor-widget-container\">\n\t\t\t\t\t<h2 class=\"elementor-heading-title elementor-size-default\">Liela kalibra kvarca caurul\u012btes pusvad\u012bt\u0101ju un \u0137\u012bmiskai izmanto\u0161anai<\/h2>\t\t\t\t<\/div>\n\t\t\t\t<\/div>\n\t\t\t\t<div class=\"elementor-element elementor-element-ac956f7 elementor-widget elementor-widget-text-editor\" data-id=\"ac956f7\" data-element_type=\"widget\" data-widget_type=\"text-editor.default\">\n\t\t\t\t<div class=\"elementor-widget-container\">\n\t\t\t\t\t\t\t\t\t<p>Liela kalibra kvarca caurule ir caurule, kas izgatavota no augstas kvalit\u0101tes kvarca krist\u0101la ar pla\u0161u diametru. To izmanto da\u017e\u0101d\u0101s nozar\u0113s un lietojumos, piem\u0113ram, pusvad\u012bt\u0101ju ra\u017eo\u0161an\u0101, apgaismojum\u0101 un \u0137\u012bmiskaj\u0101 apstr\u0101d\u0113. Kvarca caurul\u0113m ir augsta termisk\u0101 stabilit\u0101te, \u0137\u012bmisk\u0101 iztur\u012bba un lieliskas optisk\u0101s \u012bpa\u0161\u012bbas, t\u0101p\u0113c t\u0101s ir ide\u0101li piem\u0113rotas lieto\u0161anai skarbos apst\u0101k\u013cos. T\u0101s var piel\u0101got, lai atbilstu \u012bpa\u0161\u0101m izm\u0113ra un biezuma pras\u012bb\u0101m. Kopum\u0101 liela kalibra kvarca caurules ir b\u016btiski svar\u012bgi komponenti, lai sasniegtu augstas kvalit\u0101tes rezult\u0101tus da\u017e\u0101dos r\u016bpnieciskos procesos.<\/p>\t\t\t\t\t\t\t\t<\/div>\n\t\t\t\t<\/div>\n\t\t\t\t<div class=\"elementor-element elementor-element-3e7e61c elementor-align-left elementor-widget elementor-widget-button\" data-id=\"3e7e61c\" data-element_type=\"widget\" data-widget_type=\"button.default\">\n\t\t\t\t<div class=\"elementor-widget-container\">\n\t\t\t\t\t\t\t\t\t<div class=\"elementor-button-wrapper\">\n\t\t\t\t\t<a class=\"elementor-button elementor-button-link elementor-size-sm\" href=\"#elementor-action%3Aaction%3Dpopup%3Aopen%26settings%3DeyJpZCI6IjEyNzUiLCJ0b2dnbGUiOmZhbHNlfQ%3D%3D\">\n\t\t\t\t\t\t<span class=\"elementor-button-content-wrapper\">\n\t\t\t\t\t\t\t\t\t<span class=\"elementor-button-text\">\u0100tr\u0101 cit\u0101ts<\/span>\n\t\t\t\t\t<\/span>\n\t\t\t\t\t<\/a>\n\t\t\t\t<\/div>\n\t\t\t\t\t\t\t\t<\/div>\n\t\t\t\t<\/div>\n\t\t\t\t<\/div>\n\t\t\t\t\t<\/div>\n\t\t\t\t<\/div>\n\t\t<div class=\"elementor-element elementor-element-a2ed80c e-flex e-con-boxed e-con e-parent\" data-id=\"a2ed80c\" data-element_type=\"container\">\n\t\t\t\t\t<div class=\"e-con-inner\">\n\t\t\t\t<div class=\"elementor-element elementor-element-03e2c25 elementor-widget elementor-widget-heading\" data-id=\"03e2c25\" data-element_type=\"widget\" data-widget_type=\"heading.default\">\n\t\t\t\t<div class=\"elementor-widget-container\">\n\t\t\t\t\t<h3 class=\"elementor-heading-title elementor-size-default\">Kaus\u0113t\u0101 kvarca caurules\/silika caurules:<\/h3>\t\t\t\t<\/div>\n\t\t\t\t<\/div>\n\t\t\t\t<div class=\"elementor-element elementor-element-281af31 elementor-widget elementor-widget-text-editor\" data-id=\"281af31\" data-element_type=\"widget\" data-widget_type=\"text-editor.default\">\n\t\t\t\t<div class=\"elementor-widget-container\">\n\t\t\t\t\t\t\t\t\t<p>Kvarca caurule ir caurules veids, kas izgatavota no augstas kvalit\u0101tes kvarca krist\u0101la, kam ir pla\u0161s diametrs. Kvarca caurules pla\u0161i izmanto da\u017e\u0101d\u0101s nozar\u0113s un lietojumos, piem\u0113ram, pusvad\u012bt\u0101ju ra\u017eo\u0161an\u0101, apgaismojum\u0101 un \u0137\u012bmiskaj\u0101 apstr\u0101d\u0113.<\/p><p>Kvarca caurul\u012btes ir \u012bpa\u0161i termiski stabilas un \u0137\u012bmiski iztur\u012bgas, t\u0101p\u0113c t\u0101s ir ide\u0101li piem\u0113rotas lieto\u0161anai skarb\u0101 vid\u0113. T\u0101s sp\u0113j iztur\u0113t augstas temperat\u016bras un ir notur\u012bgas pret liel\u0101ko da\u013cu \u0137\u012bmisko vielu, sk\u0101b\u0113m un s\u0101rmiem, nodro\u0161inot iztur\u012bbu un ilgm\u016b\u017e\u012bbu. Kvarca caurul\u0113m piem\u012bt ar\u012b izcilas optisk\u0101s \u012bpa\u0161\u012bbas, tostarp augsta caursp\u012bd\u012bba un zema absorbcija, t\u0101p\u0113c t\u0101s ir noder\u012bgas lietojumos, kur nepiecie\u0161ama optisk\u0101 precizit\u0101te.<\/p><p>Liela kalibra kvarca caurules parasti izmanto pusvad\u012bt\u0101ju ra\u017eo\u0161an\u0101 k\u0101 mikrosh\u0113mu ra\u017eo\u0161anas iek\u0101rtu sast\u0101vda\u013cu. T\u0101s izmanto ar\u012b apgaismes r\u016bpniec\u012bb\u0101 augstas intensit\u0101tes g\u0101zizl\u0101des spuldz\u0113s, kur t\u0101s nodro\u0161ina augstu spilgtuma un efektivit\u0101tes l\u012bmeni. \u0136\u012bmiskaj\u0101 apstr\u0101d\u0113 kvarca caurules izmanto reaktoros un kamer\u0101s, kur t\u0101s sp\u0113j iztur\u0113t smagas \u0137\u012bmisk\u0101s vielas un augstas temperat\u016bras.<\/p><p>Kvarca caurules var piel\u0101got, lai t\u0101s atbilstu \u012bpa\u0161\u0101m izm\u0113ra un biezuma pras\u012bb\u0101m, padarot t\u0101s univers\u0101las un piel\u0101gojamas da\u017e\u0101diem lietojumiem. T\u0101s var izgatavot, izmantojot da\u017e\u0101das tehnolo\u0123ijas, tostarp ekstr\u016bziju, kaus\u0113\u0161anu un \u0137\u012bmisko tvaiku uzkl\u0101\u0161anu.<\/p><p>Kopum\u0101 lielkalibra kvarca caurules ir b\u016btiskas sast\u0101vda\u013cas da\u017e\u0101d\u0101s r\u016bpniec\u012bbas nozar\u0113s un lietojumos, pateicoties to izcilajai termiskajai stabilit\u0101tei, \u0137\u012bmiskajai iztur\u012bbai un optiskaj\u0101m \u012bpa\u0161\u012bb\u0101m. T\u0101s ir \u013coti iztur\u012bgas un ilgm\u016b\u017e\u012bgas, t\u0101p\u0113c t\u0101s ir ide\u0101li piem\u0113rotas lieto\u0161anai skarbos apst\u0101k\u013cos.<\/p>\t\t\t\t\t\t\t\t<\/div>\n\t\t\t\t<\/div>\n\t\t\t\t\t<\/div>\n\t\t\t\t<\/div>\n\t\t\t\t<\/div>","protected":false},"excerpt":{"rendered":"<p>Large-Caliber Quartz Tubes for Semiconductor &amp; Chemical Use A large-caliber quartz tube is a tube made from high-quality quartz crystal [&hellip;]<\/p>","protected":false},"author":9,"featured_media":500,"parent":839,"menu_order":0,"comment_status":"closed","ping_status":"closed","template":"","meta":{"_seopress_robots_primary_cat":"","_seopress_titles_title":"Large-Caliber Quartz Tubes for Semiconductor & Chemical Use","_seopress_titles_desc":"Wide-diameter quartz tubes with high thermal stability, chemical resistance & optical clarity. Ideal for semiconductors, lighting & reactors. Custom sizes.","_seopress_robots_index":"","site-sidebar-layout":"no-sidebar","site-content-layout":"","ast-site-content-layout":"full-width-container","site-content-style":"default","site-sidebar-style":"default","ast-global-header-display":"","ast-banner-title-visibility":"","ast-main-header-display":"","ast-hfb-above-header-display":"","ast-hfb-below-header-display":"","ast-hfb-mobile-header-display":"","site-post-title":"disabled","ast-breadcrumbs-content":"","ast-featured-img":"disabled","footer-sml-layout":"","theme-transparent-header-meta":"","adv-header-id-meta":"","stick-header-meta":"","header-above-stick-meta":"","header-main-stick-meta":"","header-below-stick-meta":"","astra-migrate-meta-layouts":"default","ast-page-background-enabled":"default","ast-page-background-meta":{"desktop":{"background-color":"var(--ast-global-color-5)","background-image":"","background-repeat":"repeat","background-position":"center center","background-size":"auto","background-attachment":"scroll","background-type":"","background-media":"","overlay-type":"","overlay-color":"","overlay-opacity":"","overlay-gradient":""},"tablet":{"background-color":"","background-image":"","background-repeat":"repeat","background-position":"center center","background-size":"auto","background-attachment":"scroll","background-type":"","background-media":"","overlay-type":"","overlay-color":"","overlay-opacity":"","overlay-gradient":""},"mobile":{"background-color":"","background-image":"","background-repeat":"repeat","background-position":"center center","background-size":"auto","background-attachment":"scroll","background-type":"","background-media":"","overlay-type":"","overlay-color":"","overlay-opacity":"","overlay-gradient":""}},"ast-content-background-meta":{"desktop":{"background-color":"var(--ast-global-color-4)","background-image":"","background-repeat":"repeat","background-position":"center center","background-size":"auto","background-attachment":"scroll","background-type":"","background-media":"","overlay-type":"","overlay-color":"","overlay-opacity":"","overlay-gradient":""},"tablet":{"background-color":"var(--ast-global-color-4)","background-image":"","background-repeat":"repeat","background-position":"center center","background-size":"auto","background-attachment":"scroll","background-type":"","background-media":"","overlay-type":"","overlay-color":"","overlay-opacity":"","overlay-gradient":""},"mobile":{"background-color":"var(--ast-global-color-4)","background-image":"","background-repeat":"repeat","background-position":"center center","background-size":"auto","background-attachment":"scroll","background-type":"","background-media":"","overlay-type":"","overlay-color":"","overlay-opacity":"","overlay-gradient":""}},"footnotes":""},"class_list":["post-499","page","type-page","status-publish","has-post-thumbnail","hentry"],"_hostinger_reach_plugin_has_subscription_block":false,"_hostinger_reach_plugin_is_elementor":false,"_links":{"self":[{"href":"https:\/\/exactquartz.com\/lv\/wp-json\/wp\/v2\/pages\/499","targetHints":{"allow":["GET"]}}],"collection":[{"href":"https:\/\/exactquartz.com\/lv\/wp-json\/wp\/v2\/pages"}],"about":[{"href":"https:\/\/exactquartz.com\/lv\/wp-json\/wp\/v2\/types\/page"}],"author":[{"embeddable":true,"href":"https:\/\/exactquartz.com\/lv\/wp-json\/wp\/v2\/users\/9"}],"replies":[{"embeddable":true,"href":"https:\/\/exactquartz.com\/lv\/wp-json\/wp\/v2\/comments?post=499"}],"version-history":[{"count":14,"href":"https:\/\/exactquartz.com\/lv\/wp-json\/wp\/v2\/pages\/499\/revisions"}],"predecessor-version":[{"id":1353,"href":"https:\/\/exactquartz.com\/lv\/wp-json\/wp\/v2\/pages\/499\/revisions\/1353"}],"up":[{"embeddable":true,"href":"https:\/\/exactquartz.com\/lv\/wp-json\/wp\/v2\/pages\/839"}],"wp:featuredmedia":[{"embeddable":true,"href":"https:\/\/exactquartz.com\/lv\/wp-json\/wp\/v2\/media\/500"}],"wp:attachment":[{"href":"https:\/\/exactquartz.com\/lv\/wp-json\/wp\/v2\/media?parent=499"}],"curies":[{"name":"wp","href":"https:\/\/api.w.org\/{rel}","templated":true}]}}