{"id":544,"date":"2025-03-31T18:01:06","date_gmt":"2025-03-31T10:01:06","guid":{"rendered":"https:\/\/exactquartz.com\/?page_id=544"},"modified":"2025-04-16T18:23:41","modified_gmt":"2025-04-16T10:23:41","slug":"transparent-quartz-rods","status":"publish","type":"page","link":"https:\/\/exactquartz.com\/lv\/quartz-rods\/transparent-quartz-rods\/","title":{"rendered":"Caursp\u012bd\u012bgi kvarca stien\u012b\u0161i - optisk\u0101s kvalit\u0101tes, 25-70 mm"},"content":{"rendered":"<div data-elementor-type=\"wp-page\" data-elementor-id=\"544\" class=\"elementor elementor-544\" data-elementor-post-type=\"page\">\n\t\t\t\t<div class=\"elementor-element elementor-element-d2bc4f1 e-flex e-con-boxed e-con e-parent\" data-id=\"d2bc4f1\" data-element_type=\"container\">\n\t\t\t\t\t<div class=\"e-con-inner\">\n\t\t<div class=\"elementor-element elementor-element-6d0fc6f e-con-full e-flex e-con e-child\" data-id=\"6d0fc6f\" data-element_type=\"container\">\n\t\t\t\t<div class=\"elementor-element elementor-element-fb179f0 elementor-skin-slideshow elementor-arrows-yes elementor-widget elementor-widget-media-carousel\" data-id=\"fb179f0\" data-element_type=\"widget\" data-settings=\"{&quot;skin&quot;:&quot;slideshow&quot;,&quot;effect&quot;:&quot;fade&quot;,&quot;slideshow_slides_per_view&quot;:&quot;1&quot;,&quot;show_arrows&quot;:&quot;yes&quot;,&quot;speed&quot;:500,&quot;autoplay&quot;:&quot;yes&quot;,&quot;autoplay_speed&quot;:5000,&quot;loop&quot;:&quot;yes&quot;,&quot;pause_on_hover&quot;:&quot;yes&quot;,&quot;pause_on_interaction&quot;:&quot;yes&quot;,&quot;space_between&quot;:{&quot;unit&quot;:&quot;px&quot;,&quot;size&quot;:10,&quot;sizes&quot;:[]},&quot;space_between_tablet&quot;:{&quot;unit&quot;:&quot;px&quot;,&quot;size&quot;:10,&quot;sizes&quot;:[]},&quot;space_between_mobile&quot;:{&quot;unit&quot;:&quot;px&quot;,&quot;size&quot;:10,&quot;sizes&quot;:[]}}\" data-widget_type=\"media-carousel.default\">\n\t\t\t\t<div class=\"elementor-widget-container\">\n\t\t\t\t\t\t\t\t\t<div class=\"elementor-swiper\">\n\t\t\t\t\t<div class=\"elementor-main-swiper swiper\" role=\"region\" aria-roledescription=\"carousel\" aria-label=\"Slaidi\">\n\t\t\t\t<div class=\"swiper-wrapper\">\n\t\t\t\t\t\t\t\t\t\t\t<div class=\"swiper-slide\" role=\"group\" aria-roledescription=\"slide\">\n\t\t\t\t\t\t\t\t\t<div class=\"elementor-carousel-image\" role=\"img\" aria-label=\"Augstas t\u012br\u012bbas pak\u0101pes caursp\u012bd\u012bga kvarca stikla stienis\" style=\"background-image: url(&#039;https:\/\/exactquartz.com\/wp-content\/uploads\/2025\/03\/High-Purity-Transparent-Quartz-Glass-Rod.webp&#039;)\">\n\n\t\t\t\n\t\t\t\t\t<\/div>\n\t\t\t\t\t\t\t\t<\/div>\n\t\t\t\t\t\t\t\t\t<\/div>\n\t\t\t\t\t\t\t<\/div>\n\t\t\t\t<\/div>\n\t\t\t\t\t\t\t\t<\/div>\n\t\t\t\t<\/div>\n\t\t\t\t<\/div>\n\t\t<div class=\"elementor-element elementor-element-2a56432 e-con-full e-flex e-con e-child\" data-id=\"2a56432\" data-element_type=\"container\">\n\t\t\t\t<div class=\"elementor-element elementor-element-70d5eba elementor-widget elementor-widget-heading\" data-id=\"70d5eba\" data-element_type=\"widget\" data-widget_type=\"heading.default\">\n\t\t\t\t<div class=\"elementor-widget-container\">\n\t\t\t\t\t<h2 class=\"elementor-heading-title elementor-size-default\">Caursp\u012bd\u012bgi kvarca stie\u0146i<\/h2>\t\t\t\t<\/div>\n\t\t\t\t<\/div>\n\t\t\t\t<div class=\"elementor-element elementor-element-ac956f7 elementor-widget elementor-widget-text-editor\" data-id=\"ac956f7\" data-element_type=\"widget\" data-widget_type=\"text-editor.default\">\n\t\t\t\t<div class=\"elementor-widget-container\">\n\t\t\t\t\t\t\t\t\t<p>Mode\u013ca numurs: pas\u016bt\u012bjuma<br \/>Tips: caursp\u012bd\u012bgs kvarca stienis<br \/>Pielietojums: optiskie lietojumi<br \/>\u0100r\u0113jais diametrs: 25-70 mm<br \/>Sil\u012bcija dioks\u012bda komponents: 99,9%<br \/>Caurlaid\u012bba: 85%<br \/>Ovulit\u0101te: 0,3%<br \/>Produkta nosaukums: caursp\u012bd\u012bgs kvarca stienis<br \/>Kr\u0101sa: caursp\u012bd\u012bga stikla caurule<br \/>Darba temperat\u016bra: 1100<br \/>Piel\u0101gots Da\u017e\u0101di veidi Pieejams<\/p>\t\t\t\t\t\t\t\t<\/div>\n\t\t\t\t<\/div>\n\t\t\t\t<div class=\"elementor-element elementor-element-6b4eb73 elementor-align-left elementor-widget elementor-widget-button\" data-id=\"6b4eb73\" data-element_type=\"widget\" data-widget_type=\"button.default\">\n\t\t\t\t<div class=\"elementor-widget-container\">\n\t\t\t\t\t\t\t\t\t<div class=\"elementor-button-wrapper\">\n\t\t\t\t\t<a class=\"elementor-button elementor-button-link elementor-size-sm\" href=\"#elementor-action%3Aaction%3Dpopup%3Aopen%26settings%3DeyJpZCI6IjEyNzUiLCJ0b2dnbGUiOmZhbHNlfQ%3D%3D\">\n\t\t\t\t\t\t<span class=\"elementor-button-content-wrapper\">\n\t\t\t\t\t\t\t\t\t<span class=\"elementor-button-text\">\u0100tr\u0101 cit\u0101ts<\/span>\n\t\t\t\t\t<\/span>\n\t\t\t\t\t<\/a>\n\t\t\t\t<\/div>\n\t\t\t\t\t\t\t\t<\/div>\n\t\t\t\t<\/div>\n\t\t\t\t<\/div>\n\t\t\t\t\t<\/div>\n\t\t\t\t<\/div>\n\t\t<div class=\"elementor-element elementor-element-a2ed80c e-flex e-con-boxed e-con e-parent\" data-id=\"a2ed80c\" data-element_type=\"container\">\n\t\t\t\t\t<div class=\"e-con-inner\">\n\t\t\t\t<div class=\"elementor-element elementor-element-2b3bf9f elementor-widget elementor-widget-heading\" data-id=\"2b3bf9f\" data-element_type=\"widget\" data-widget_type=\"heading.default\">\n\t\t\t\t<div class=\"elementor-widget-container\">\n\t\t\t\t\t<h3 class=\"elementor-heading-title elementor-size-default\">S\u012bk\u0101ka inform\u0101cija:<\/h3>\t\t\t\t<\/div>\n\t\t\t\t<\/div>\n\t\t\t\t<div class=\"elementor-element elementor-element-281af31 elementor-widget elementor-widget-text-editor\" data-id=\"281af31\" data-element_type=\"widget\" data-widget_type=\"text-editor.default\">\n\t\t\t\t<div class=\"elementor-widget-container\">\n\t\t\t\t\t\t\t\t\t<p>Piel\u0101gojiet jebkuras specifik\u0101cijas, l\u016bdzu, sazinieties ar klientu apkalpo\u0161anas dienestu, paldies!<\/p>\t\t\t\t\t\t\t\t<\/div>\n\t\t\t\t<\/div>\n\t\t\t\t<div class=\"elementor-element elementor-element-2ffc8be elementor-widget elementor-widget-heading\" data-id=\"2ffc8be\" data-element_type=\"widget\" data-widget_type=\"heading.default\">\n\t\t\t\t<div class=\"elementor-widget-container\">\n\t\t\t\t\t<h3 class=\"elementor-heading-title elementor-size-default\">Kvarca stikla \u012bpa\u0161\u0101s \u012bpa\u0161\u012bbas: <\/h3>\t\t\t\t<\/div>\n\t\t\t\t<\/div>\n\t\t\t\t<div class=\"elementor-element elementor-element-90303ec elementor-widget elementor-widget-text-editor\" data-id=\"90303ec\" data-element_type=\"widget\" data-widget_type=\"text-editor.default\">\n\t\t\t\t<div class=\"elementor-widget-container\">\n\t\t\t\t\t\t\t\t\t<ol><li value=\"NaN\">\u013boti pla\u0161s spektr\u0101l\u0101s caurlaid\u012bbas diapazons no dzi\u013ci UV l\u012bdz vid\u0113jai IR (pla\u0161\u0101ks nek\u0101 visiem citiem stikliem).<\/li><li value=\"NaN\">\u013boti augsta optisk\u0101 caurlaid\u012bba un zema optisk\u0101 absorbcija.<\/li><li value=\"NaN\">Nelielas refrakcijas indeksa sv\u0101rst\u012bbas un trauc\u0113jumi vien\u0101 ciet\u0101 gabal\u0101 un optisk\u0101 viendab\u012bba no vienas kaus\u0113juma uz otru (reproduc\u0113jam\u012bba).<\/li><li value=\"NaN\">Augsta iztur\u012bba pret augstas intensit\u0101tes l\u0101zera starojumu, kas attiecas ar\u012b uz ultravioleto spektru (piem\u0113ram, eksim\u0113ru l\u0101zers).<\/li><li value=\"NaN\">Augsta pielieto\u0161anas temperat\u016bra 1200 gr\u0101di C - gandr\u012bz \u010detras reizes augst\u0101ka nek\u0101 parastajam stiklam.<\/li><li value=\"NaN\">Zems termisk\u0101s izple\u0161an\u0101s koeficients, kas nodro\u0161ina \u0101rk\u0101rt\u012bgi augstu temperat\u016bras triecieniztur\u012bbu, \u013caujot \u0101tri uzsild\u012bties un atdzist.<\/li><\/ol>\t\t\t\t\t\t\t\t<\/div>\n\t\t\t\t<\/div>\n\t\t\t\t\t<\/div>\n\t\t\t\t<\/div>\n\t\t\t\t<\/div>","protected":false},"excerpt":{"rendered":"<p>Transparent Quartz Rods Model Number:The customType:Clear Quartz RodApplication:optical applicationsOutside Diameter:25-70mmSilicon Dioxide Component:99.9%Transmittance:85%Ovality:0.3%Product Name:Transparent Quartz RodColor:Clear Glass PipeWork Temperature:1100Custom Different type [&hellip;]<\/p>","protected":false},"author":1,"featured_media":546,"parent":836,"menu_order":0,"comment_status":"closed","ping_status":"closed","template":"","meta":{"_seopress_robots_primary_cat":"","_seopress_titles_title":"Transparent Quartz Rods\u2013Optical Grade, 25\u201370mm | ExactQuartz","_seopress_titles_desc":"High purity quartz rods for optical use, 99.9% SiO\u2082, 85% transmittance. Diameter 25\u201370mm, ovality \u22640.3%, stable for 1100\u00b0C. Custom specs supported.","_seopress_robots_index":"","site-sidebar-layout":"no-sidebar","site-content-layout":"","ast-site-content-layout":"full-width-container","site-content-style":"default","site-sidebar-style":"default","ast-global-header-display":"","ast-banner-title-visibility":"","ast-main-header-display":"","ast-hfb-above-header-display":"","ast-hfb-below-header-display":"","ast-hfb-mobile-header-display":"","site-post-title":"disabled","ast-breadcrumbs-content":"","ast-featured-img":"disabled","footer-sml-layout":"","theme-transparent-header-meta":"","adv-header-id-meta":"","stick-header-meta":"","header-above-stick-meta":"","header-main-stick-meta":"","header-below-stick-meta":"","astra-migrate-meta-layouts":"default","ast-page-background-enabled":"default","ast-page-background-meta":{"desktop":{"background-color":"var(--ast-global-color-5)","background-image":"","background-repeat":"repeat","background-position":"center center","background-size":"auto","background-attachment":"scroll","background-type":"","background-media":"","overlay-type":"","overlay-color":"","overlay-opacity":"","overlay-gradient":""},"tablet":{"background-color":"","background-image":"","background-repeat":"repeat","background-position":"center center","background-size":"auto","background-attachment":"scroll","background-type":"","background-media":"","overlay-type":"","overlay-color":"","overlay-opacity":"","overlay-gradient":""},"mobile":{"background-color":"","background-image":"","background-repeat":"repeat","background-position":"center center","background-size":"auto","background-attachment":"scroll","background-type":"","background-media":"","overlay-type":"","overlay-color":"","overlay-opacity":"","overlay-gradient":""}},"ast-content-background-meta":{"desktop":{"background-color":"var(--ast-global-color-4)","background-image":"","background-repeat":"repeat","background-position":"center center","background-size":"auto","background-attachment":"scroll","background-type":"","background-media":"","overlay-type":"","overlay-color":"","overlay-opacity":"","overlay-gradient":""},"tablet":{"background-color":"var(--ast-global-color-4)","background-image":"","background-repeat":"repeat","background-position":"center center","background-size":"auto","background-attachment":"scroll","background-type":"","background-media":"","overlay-type":"","overlay-color":"","overlay-opacity":"","overlay-gradient":""},"mobile":{"background-color":"var(--ast-global-color-4)","background-image":"","background-repeat":"repeat","background-position":"center center","background-size":"auto","background-attachment":"scroll","background-type":"","background-media":"","overlay-type":"","overlay-color":"","overlay-opacity":"","overlay-gradient":""}},"footnotes":""},"class_list":["post-544","page","type-page","status-publish","has-post-thumbnail","hentry"],"_links":{"self":[{"href":"https:\/\/exactquartz.com\/lv\/wp-json\/wp\/v2\/pages\/544","targetHints":{"allow":["GET"]}}],"collection":[{"href":"https:\/\/exactquartz.com\/lv\/wp-json\/wp\/v2\/pages"}],"about":[{"href":"https:\/\/exactquartz.com\/lv\/wp-json\/wp\/v2\/types\/page"}],"author":[{"embeddable":true,"href":"https:\/\/exactquartz.com\/lv\/wp-json\/wp\/v2\/users\/1"}],"replies":[{"embeddable":true,"href":"https:\/\/exactquartz.com\/lv\/wp-json\/wp\/v2\/comments?post=544"}],"version-history":[{"count":11,"href":"https:\/\/exactquartz.com\/lv\/wp-json\/wp\/v2\/pages\/544\/revisions"}],"predecessor-version":[{"id":1404,"href":"https:\/\/exactquartz.com\/lv\/wp-json\/wp\/v2\/pages\/544\/revisions\/1404"}],"up":[{"embeddable":true,"href":"https:\/\/exactquartz.com\/lv\/wp-json\/wp\/v2\/pages\/836"}],"wp:featuredmedia":[{"embeddable":true,"href":"https:\/\/exactquartz.com\/lv\/wp-json\/wp\/v2\/media\/546"}],"wp:attachment":[{"href":"https:\/\/exactquartz.com\/lv\/wp-json\/wp\/v2\/media?parent=544"}],"curies":[{"name":"wp","href":"https:\/\/api.w.org\/{rel}","templated":true}]}}