{"id":641,"date":"2025-04-01T19:19:55","date_gmt":"2025-04-01T11:19:55","guid":{"rendered":"https:\/\/exactquartz.com\/?page_id=641"},"modified":"2025-04-16T18:43:34","modified_gmt":"2025-04-16T10:43:34","slug":"quartz-singing-bowls-for-meditation-healing","status":"publish","type":"page","link":"https:\/\/exactquartz.com\/lv\/quartz-crucible\/quartz-singing-bowls-for-meditation-healing\/","title":{"rendered":"Kvarca dziedo\u0161ie trauki medit\u0101cijai un dziedin\u0101\u0161anai"},"content":{"rendered":"<div data-elementor-type=\"wp-page\" data-elementor-id=\"641\" class=\"elementor elementor-641\" data-elementor-post-type=\"page\">\n\t\t\t\t<div class=\"elementor-element elementor-element-d2bc4f1 e-flex e-con-boxed e-con e-parent\" data-id=\"d2bc4f1\" data-element_type=\"container\">\n\t\t\t\t\t<div class=\"e-con-inner\">\n\t\t<div class=\"elementor-element elementor-element-6d0fc6f e-con-full e-flex e-con e-child\" data-id=\"6d0fc6f\" data-element_type=\"container\">\n\t\t\t\t<div class=\"elementor-element elementor-element-133430f elementor-skin-slideshow elementor-arrows-yes elementor-widget elementor-widget-media-carousel\" data-id=\"133430f\" data-element_type=\"widget\" data-settings=\"{&quot;skin&quot;:&quot;slideshow&quot;,&quot;slideshow_slides_per_view&quot;:&quot;2&quot;,&quot;effect&quot;:&quot;slide&quot;,&quot;show_arrows&quot;:&quot;yes&quot;,&quot;speed&quot;:500,&quot;autoplay&quot;:&quot;yes&quot;,&quot;autoplay_speed&quot;:5000,&quot;loop&quot;:&quot;yes&quot;,&quot;pause_on_hover&quot;:&quot;yes&quot;,&quot;pause_on_interaction&quot;:&quot;yes&quot;,&quot;space_between&quot;:{&quot;unit&quot;:&quot;px&quot;,&quot;size&quot;:10,&quot;sizes&quot;:[]},&quot;space_between_tablet&quot;:{&quot;unit&quot;:&quot;px&quot;,&quot;size&quot;:10,&quot;sizes&quot;:[]},&quot;space_between_mobile&quot;:{&quot;unit&quot;:&quot;px&quot;,&quot;size&quot;:10,&quot;sizes&quot;:[]}}\" data-widget_type=\"media-carousel.default\">\n\t\t\t\t<div class=\"elementor-widget-container\">\n\t\t\t\t\t\t\t\t\t<div class=\"elementor-swiper\">\n\t\t\t\t\t<div class=\"elementor-main-swiper swiper\" role=\"region\" aria-roledescription=\"carousel\" aria-label=\"Slaidi\">\n\t\t\t\t<div class=\"swiper-wrapper\">\n\t\t\t\t\t\t\t\t\t\t\t<div class=\"swiper-slide\" role=\"group\" aria-roledescription=\"slide\">\n\t\t\t\t\t\t\t\t\t<div class=\"elementor-carousel-image\" role=\"img\" aria-label=\"Kvarca krist\u0101lu dziedo\u0161ie trauki\" style=\"background-image: url(&#039;https:\/\/exactquartz.com\/wp-content\/uploads\/2025\/04\/Quartz-Crystal-Singing-Bowls.webp&#039;)\">\n\n\t\t\t\n\t\t\t\t\t<\/div>\n\t\t\t\t\t\t\t\t<\/div>\n\t\t\t\t\t\t\t\t\t\t\t<div class=\"swiper-slide\" role=\"group\" aria-roledescription=\"slide\">\n\t\t\t\t\t\t\t\t\t<div class=\"elementor-carousel-image\" role=\"img\" aria-label=\"Sil\u012bcija kvarca krist\u0101la t\u012b\u0123elis 2\" style=\"background-image: url(&#039;https:\/\/exactquartz.com\/wp-content\/uploads\/2025\/04\/Silica-Quartz-Crystal-Crucible-2.webp&#039;)\">\n\n\t\t\t\n\t\t\t\t\t<\/div>\n\t\t\t\t\t\t\t\t<\/div>\n\t\t\t\t\t\t\t\t\t<\/div>\n\t\t\t\t\t\t\t\t\t\t\t\t\t\t\t<div class=\"elementor-swiper-button elementor-swiper-button-prev\" role=\"button\" tabindex=\"0\" aria-label=\"\u041f\u0440\u0435\u0434\u0438\u0448\u043d\u0430\" data-no-translation-aria-label=\"\">\n\t\t\t\t\t\t\t<svg aria-hidden=\"true\" class=\"e-font-icon-svg e-eicon-chevron-left\" viewbox=\"0 0 1000 1000\" xmlns=\"http:\/\/www.w3.org\/2000\/svg\"><path d=\"M646 125C629 125 613 133 604 142L308 442C296 454 292 471 292 487 292 504 296 521 308 533L604 854C617 867 629 875 646 875 663 875 679 871 692 858 704 846 713 829 713 812 713 796 708 779 692 767L438 487 692 225C700 217 708 204 708 187 708 171 704 154 692 142 675 129 663 125 646 125Z\"><\/path><\/svg>\t\t\t\t\t\t<\/div>\n\t\t\t\t\t\t<div class=\"elementor-swiper-button elementor-swiper-button-next\" role=\"button\" tabindex=\"0\" aria-label=\"\u0421\u043b\u0435\u0434\u0432\u0430\u0449\u0430\" data-no-translation-aria-label=\"\">\n\t\t\t\t\t\t\t<svg aria-hidden=\"true\" class=\"e-font-icon-svg e-eicon-chevron-right\" viewbox=\"0 0 1000 1000\" xmlns=\"http:\/\/www.w3.org\/2000\/svg\"><path d=\"M696 533C708 521 713 504 713 487 713 471 708 454 696 446L400 146C388 133 375 125 354 125 338 125 325 129 313 142 300 154 292 171 292 187 292 204 296 221 308 233L563 492 304 771C292 783 288 800 288 817 288 833 296 850 308 863 321 871 338 875 354 875 371 875 388 867 400 854L696 533Z\"><\/path><\/svg>\t\t\t\t\t\t<\/div>\n\t\t\t\t\t\t\t\t\t\t\t\t\t\t\t\t\t<\/div>\n\t\t\t\t<\/div>\n\t\t\t\t\t\t\t\t<div class=\"elementor-swiper\">\n\t\t\t\t\t<div class=\"elementor-main-swiper swiper elementor-thumbnails-swiper swiper\" role=\"region region\" aria-roledescription=\"carousel carousel\" aria-label=\"Slaidi Slaidi\">\n\t\t\t\t<div class=\"swiper-wrapper\">\n\t\t\t\t\t\t\t\t\t\t\t<div class=\"swiper-slide\" role=\"group\" aria-roledescription=\"slide\">\n\t\t\t\t\t\t\t\t\t<div class=\"elementor-carousel-image\" role=\"img\" aria-label=\"Kvarca krist\u0101lu dziedo\u0161ie trauki\" style=\"background-image: url(&#039;https:\/\/exactquartz.com\/wp-content\/uploads\/2025\/04\/Quartz-Crystal-Singing-Bowls.webp&#039;)\">\n\n\t\t\t\n\t\t\t\t\t<\/div>\n\t\t\t\t\t\t\t\t<\/div>\n\t\t\t\t\t\t\t\t\t\t\t<div class=\"swiper-slide\" role=\"group\" aria-roledescription=\"slide\">\n\t\t\t\t\t\t\t\t\t<div class=\"elementor-carousel-image\" role=\"img\" aria-label=\"Sil\u012bcija kvarca krist\u0101la t\u012b\u0123elis 2\" style=\"background-image: url(&#039;https:\/\/exactquartz.com\/wp-content\/uploads\/2025\/04\/Silica-Quartz-Crystal-Crucible-2.webp&#039;)\">\n\n\t\t\t\n\t\t\t\t\t<\/div>\n\t\t\t\t\t\t\t\t<\/div>\n\t\t\t\t\t\t\t\t\t<\/div>\n\t\t\t\t\t\t\t\t\t\t\t\t\t\t\t\t\t\t\t\t\t<\/div>\n\t\t\t\t<\/div>\n\t\t\t\t\t\t\t\t<\/div>\n\t\t\t\t<\/div>\n\t\t\t\t<\/div>\n\t\t<div class=\"elementor-element elementor-element-2a56432 e-con-full e-flex e-con e-child\" data-id=\"2a56432\" data-element_type=\"container\">\n\t\t\t\t<div class=\"elementor-element elementor-element-70d5eba elementor-widget elementor-widget-heading\" data-id=\"70d5eba\" data-element_type=\"widget\" data-widget_type=\"heading.default\">\n\t\t\t\t<div class=\"elementor-widget-container\">\n\t\t\t\t\t<h2 class=\"elementor-heading-title elementor-size-default\">Kvarca dziedo\u0161ie trauki medit\u0101cijai un dziedin\u0101\u0161anai<\/h2>\t\t\t\t<\/div>\n\t\t\t\t<\/div>\n\t\t\t\t<div class=\"elementor-element elementor-element-ac956f7 elementor-widget elementor-widget-text-editor\" data-id=\"ac956f7\" data-element_type=\"widget\" data-widget_type=\"text-editor.default\">\n\t\t\t\t<div class=\"elementor-widget-container\">\n\t\t\t\t\t\t\t\t\t<p>Materi\u0101ls: krist\u0101ls<br \/>Produkta tips: B\u013coda<br \/>Tehnika: pul\u0113ta<br \/>Stils: reli\u0123isks<br \/>Lieto\u0161ana: M\u0101ksla un kolekcion\u0113jams<br \/>T\u0113ma:budisms<br \/>Izcelsmes vieta: Jiangsu, \u0136\u012bna<br \/>sil\u012bcija dioks\u012bds: 99,9%<br \/>Kr\u0101sa: balta<br \/>Izm\u0113rs: 6-24\u2033<\/p>\t\t\t\t\t\t\t\t<\/div>\n\t\t\t\t<\/div>\n\t\t\t\t<div class=\"elementor-element elementor-element-5745b5f elementor-align-left elementor-widget elementor-widget-button\" data-id=\"5745b5f\" data-element_type=\"widget\" data-widget_type=\"button.default\">\n\t\t\t\t<div class=\"elementor-widget-container\">\n\t\t\t\t\t\t\t\t\t<div class=\"elementor-button-wrapper\">\n\t\t\t\t\t<a class=\"elementor-button elementor-button-link elementor-size-sm\" href=\"#elementor-action%3Aaction%3Dpopup%3Aopen%26settings%3DeyJpZCI6IjEyNzUiLCJ0b2dnbGUiOmZhbHNlfQ%3D%3D\">\n\t\t\t\t\t\t<span class=\"elementor-button-content-wrapper\">\n\t\t\t\t\t\t\t\t\t<span class=\"elementor-button-text\">\u0100tr\u0101 cit\u0101ts<\/span>\n\t\t\t\t\t<\/span>\n\t\t\t\t\t<\/a>\n\t\t\t\t<\/div>\n\t\t\t\t\t\t\t\t<\/div>\n\t\t\t\t<\/div>\n\t\t\t\t<\/div>\n\t\t\t\t\t<\/div>\n\t\t\t\t<\/div>\n\t\t<div class=\"elementor-element elementor-element-a2ed80c e-flex e-con-boxed e-con e-parent\" data-id=\"a2ed80c\" data-element_type=\"container\">\n\t\t\t\t\t<div class=\"e-con-inner\">\n\t\t\t\t<div class=\"elementor-element elementor-element-15718d3 elementor-widget elementor-widget-heading\" data-id=\"15718d3\" data-element_type=\"widget\" data-widget_type=\"heading.default\">\n\t\t\t\t<div class=\"elementor-widget-container\">\n\t\t\t\t\t<h3 class=\"elementor-heading-title elementor-size-default\">S\u012bk\u0101ka inform\u0101cija:<\/h3>\t\t\t\t<\/div>\n\t\t\t\t<\/div>\n\t\t\t\t<div class=\"elementor-element elementor-element-281af31 elementor-widget elementor-widget-text-editor\" data-id=\"281af31\" data-element_type=\"widget\" data-widget_type=\"text-editor.default\">\n\t\t\t\t<div class=\"elementor-widget-container\">\n\t\t\t\t\t\t\t\t\t<p>Dziedo\u0161ie b\u013codas tehniski ir t\u0101da veida zvans, ko sauc par st\u0101vo\u0161u zvanu, kura korpuss saskaras ar atbalsta virsmu, un ska\u0146a tiek rad\u012bta, vibr\u0113jot b\u013codas mal\u0101m. K\u0101 nor\u0101da nosaukums, dziedo\u0161\u0101 b\u013coda ir veidota k\u0101 b\u013coda, un ska\u0146a parasti tiek izsaukta no dziedo\u0161\u0101s b\u013codas, ar koka, met\u0101la vai pat plastmasas \u0101muru sitot pa b\u013codas malu.<\/p><p>M\u016bsdien\u0101s dziedo\u0161o b\u013codu bie\u017ei izmanto kop\u0101 ar medit\u0101ciju, relaks\u0101ciju, dziedin\u0101\u0161anu un ener\u0123\u0113tisko darbu, tostarp ar \u010dakru atv\u0113r\u0161anu un l\u012bdzsvaro\u0161anu. Da\u017e\u0101s dziedin\u0101\u0161anas trad\u012bcij\u0101s tiek uzskat\u012bts, ka da\u017e\u0101da izm\u0113ra dzied\u0101\u0161anas trauku to\u0146i atbilst da\u017e\u0101du \u010dakru frekvenc\u0113m, zem\u0101ki to\u0146i mijiedarbojas ar zem\u0101k \u0137ermen\u012b eso\u0161aj\u0101m \u010dakr\u0101m, bet augst\u0101ki - ar aug\u0161\u0113j\u0101s \u0137erme\u0146a da\u013c\u0101s eso\u0161aj\u0101m \u010dakr\u0101m. Da\u017eos alternat\u012bv\u0101s terapijas veidos katrai \u010dakrai tiek pie\u0161\u0137irts dzied\u0101\u0161anas trauks, izmantojot unik\u0101l\u0101s to\u0146u \u012bpa\u0161\u012bbas, lai noska\u0146otu \u0161os \u0137erme\u0146a ener\u0123ijas centrus, uzlabojot ener\u0123ijas pl\u016bsmu un, dom\u0101jams, pan\u0101kot ener\u0123ijas l\u012bdzsvaru \u0137ermen\u012b un pal\u012bdzot dziedin\u0101\u0161anai. Dziedo\u0161\u0101 b\u013coda m\u016bziku var dzird\u0113t ar\u012b daudzos Jaun\u0101 laikmeta m\u016bzikas ska\u0146darbos, kas paredz\u0113ti, lai pal\u012bdz\u0113tu klaus\u012bt\u0101jam pan\u0101kt relaks\u0101ciju vai dzi\u013c\u0101k iedzi\u013cin\u0101ties meditat\u012bv\u0101 st\u0101vokl\u012b. Daudzos \u0100zijas specializ\u0113tajos veikalos ir pieejami da\u017e\u0101du izm\u0113ru un to\u0146u dziedo\u0161ie trauki, un tos var viegli atrast ar\u012b New Age vai holistisko gr\u0101matu veikalos vai mazumtirgot\u0101jos, kas p\u0101rdod medit\u0101cijas pal\u012bgl\u012bdzek\u013cus.<\/p>\t\t\t\t\t\t\t\t<\/div>\n\t\t\t\t<\/div>\n\t\t\t\t\t<\/div>\n\t\t\t\t<\/div>\n\t\t\t\t<\/div>","protected":false},"excerpt":{"rendered":"<p>Quartz Singing Bowls for Meditation &amp; Healing Material:CrystalProduct Type:BowlTechnique:PolishedStyle:ReligiousUse:Art &amp; CollectibleTheme:BuddhismPlace of Origin:Jiangsu, Chinasilica:99.9%Color:WhiteSize:6-24&#8243; Quick Quote Details: Singing bowls technically [&hellip;]<\/p>","protected":false},"author":4,"featured_media":736,"parent":845,"menu_order":0,"comment_status":"closed","ping_status":"closed","template":"","meta":{"_seopress_robots_primary_cat":"","_seopress_titles_title":"Quartz Singing Bowls for Meditation & Healing \u2013 ExactQuartz","_seopress_titles_desc":"High-purity crystal singing bowls (6\u201324\u2033) for meditation, chakra healing & sound therapy. Wholesale available. Contact ExactQuartz for custom sizes.","_seopress_robots_index":"","site-sidebar-layout":"no-sidebar","site-content-layout":"","ast-site-content-layout":"full-width-container","site-content-style":"default","site-sidebar-style":"default","ast-global-header-display":"","ast-banner-title-visibility":"","ast-main-header-display":"","ast-hfb-above-header-display":"","ast-hfb-below-header-display":"","ast-hfb-mobile-header-display":"","site-post-title":"disabled","ast-breadcrumbs-content":"","ast-featured-img":"disabled","footer-sml-layout":"","theme-transparent-header-meta":"","adv-header-id-meta":"","stick-header-meta":"","header-above-stick-meta":"","header-main-stick-meta":"","header-below-stick-meta":"","astra-migrate-meta-layouts":"default","ast-page-background-enabled":"default","ast-page-background-meta":{"desktop":{"background-color":"var(--ast-global-color-5)","background-image":"","background-repeat":"repeat","background-position":"center center","background-size":"auto","background-attachment":"scroll","background-type":"","background-media":"","overlay-type":"","overlay-color":"","overlay-opacity":"","overlay-gradient":""},"tablet":{"background-color":"","background-image":"","background-repeat":"repeat","background-position":"center center","background-size":"auto","background-attachment":"scroll","background-type":"","background-media":"","overlay-type":"","overlay-color":"","overlay-opacity":"","overlay-gradient":""},"mobile":{"background-color":"","background-image":"","background-repeat":"repeat","background-position":"center center","background-size":"auto","background-attachment":"scroll","background-type":"","background-media":"","overlay-type":"","overlay-color":"","overlay-opacity":"","overlay-gradient":""}},"ast-content-background-meta":{"desktop":{"background-color":"var(--ast-global-color-4)","background-image":"","background-repeat":"repeat","background-position":"center center","background-size":"auto","background-attachment":"scroll","background-type":"","background-media":"","overlay-type":"","overlay-color":"","overlay-opacity":"","overlay-gradient":""},"tablet":{"background-color":"var(--ast-global-color-4)","background-image":"","background-repeat":"repeat","background-position":"center center","background-size":"auto","background-attachment":"scroll","background-type":"","background-media":"","overlay-type":"","overlay-color":"","overlay-opacity":"","overlay-gradient":""},"mobile":{"background-color":"var(--ast-global-color-4)","background-image":"","background-repeat":"repeat","background-position":"center center","background-size":"auto","background-attachment":"scroll","background-type":"","background-media":"","overlay-type":"","overlay-color":"","overlay-opacity":"","overlay-gradient":""}},"footnotes":""},"class_list":["post-641","page","type-page","status-publish","has-post-thumbnail","hentry"],"_hostinger_reach_plugin_has_subscription_block":false,"_hostinger_reach_plugin_is_elementor":false,"_links":{"self":[{"href":"https:\/\/exactquartz.com\/lv\/wp-json\/wp\/v2\/pages\/641","targetHints":{"allow":["GET"]}}],"collection":[{"href":"https:\/\/exactquartz.com\/lv\/wp-json\/wp\/v2\/pages"}],"about":[{"href":"https:\/\/exactquartz.com\/lv\/wp-json\/wp\/v2\/types\/page"}],"author":[{"embeddable":true,"href":"https:\/\/exactquartz.com\/lv\/wp-json\/wp\/v2\/users\/4"}],"replies":[{"embeddable":true,"href":"https:\/\/exactquartz.com\/lv\/wp-json\/wp\/v2\/comments?post=641"}],"version-history":[{"count":18,"href":"https:\/\/exactquartz.com\/lv\/wp-json\/wp\/v2\/pages\/641\/revisions"}],"predecessor-version":[{"id":1545,"href":"https:\/\/exactquartz.com\/lv\/wp-json\/wp\/v2\/pages\/641\/revisions\/1545"}],"up":[{"embeddable":true,"href":"https:\/\/exactquartz.com\/lv\/wp-json\/wp\/v2\/pages\/845"}],"wp:featuredmedia":[{"embeddable":true,"href":"https:\/\/exactquartz.com\/lv\/wp-json\/wp\/v2\/media\/736"}],"wp:attachment":[{"href":"https:\/\/exactquartz.com\/lv\/wp-json\/wp\/v2\/media?parent=641"}],"curies":[{"name":"wp","href":"https:\/\/api.w.org\/{rel}","templated":true}]}}