{"id":499,"date":"2025-03-29T12:11:03","date_gmt":"2025-03-29T04:11:03","guid":{"rendered":"https:\/\/exactquartz.com\/?page_id=499"},"modified":"2025-04-16T18:19:44","modified_gmt":"2025-04-16T10:19:44","slug":"large-caliber-quartz-tubes","status":"publish","type":"page","link":"https:\/\/exactquartz.com\/nb\/high-temp-quartz-solutions\/large-caliber-quartz-tubes\/","title":{"rendered":"Kvartsr\u00f8r med stort kaliber for halvleder- og kjemisk bruk"},"content":{"rendered":"<div data-elementor-type=\"wp-page\" data-elementor-id=\"499\" class=\"elementor elementor-499\" data-elementor-post-type=\"page\">\n\t\t\t\t<div class=\"elementor-element elementor-element-d2bc4f1 e-flex e-con-boxed e-con e-parent\" data-id=\"d2bc4f1\" data-element_type=\"container\">\n\t\t\t\t\t<div class=\"e-con-inner\">\n\t\t<div class=\"elementor-element elementor-element-6d0fc6f e-con-full e-flex e-con e-child\" data-id=\"6d0fc6f\" data-element_type=\"container\">\n\t\t\t\t<div class=\"elementor-element elementor-element-51d5345 elementor-widget elementor-widget-image\" data-id=\"51d5345\" data-element_type=\"widget\" data-widget_type=\"image.default\">\n\t\t\t\t<div class=\"elementor-widget-container\">\n\t\t\t\t\t\t\t\t\t\t\t\t\t\t\t<img fetchpriority=\"high\" decoding=\"async\" width=\"500\" height=\"438\" src=\"https:\/\/exactquartz.com\/wp-content\/uploads\/2025\/03\/Large-caliber-quartz-tube.webp\" class=\"attachment-large size-large wp-image-500\" alt=\"Kvartsr\u00f8r med stort kaliber\" srcset=\"https:\/\/exactquartz.com\/wp-content\/uploads\/2025\/03\/Large-caliber-quartz-tube.webp 500w, https:\/\/exactquartz.com\/wp-content\/uploads\/2025\/03\/Large-caliber-quartz-tube-300x263.webp 300w\" sizes=\"(max-width: 500px) 100vw, 500px\" \/>\t\t\t\t\t\t\t\t\t\t\t\t\t\t\t<\/div>\n\t\t\t\t<\/div>\n\t\t\t\t<\/div>\n\t\t<div class=\"elementor-element elementor-element-2a56432 e-con-full e-flex e-con e-child\" data-id=\"2a56432\" data-element_type=\"container\">\n\t\t\t\t<div class=\"elementor-element elementor-element-70d5eba elementor-widget elementor-widget-heading\" data-id=\"70d5eba\" data-element_type=\"widget\" data-widget_type=\"heading.default\">\n\t\t\t\t<div class=\"elementor-widget-container\">\n\t\t\t\t\t<h2 class=\"elementor-heading-title elementor-size-default\">Kvartsr\u00f8r med stort kaliber for halvleder- og kjemisk bruk<\/h2>\t\t\t\t<\/div>\n\t\t\t\t<\/div>\n\t\t\t\t<div class=\"elementor-element elementor-element-ac956f7 elementor-widget elementor-widget-text-editor\" data-id=\"ac956f7\" data-element_type=\"widget\" data-widget_type=\"text-editor.default\">\n\t\t\t\t<div class=\"elementor-widget-container\">\n\t\t\t\t\t\t\t\t\t<p>Et storkalibret kvartsr\u00f8r er et r\u00f8r laget av h\u00f8ykvalitets kvartskrystall med bred diameter. Det brukes i ulike bransjer og bruksomr\u00e5der, for eksempel halvlederproduksjon, belysning og kjemisk prosessering. Kvartsr\u00f8r har h\u00f8y termisk stabilitet, kjemisk resistens og utmerkede optiske egenskaper, noe som gj\u00f8r dem ideelle for bruk i t\u00f8ffe milj\u00f8er. De kan tilpasses for \u00e5 oppfylle spesifikke krav til st\u00f8rrelse og tykkelse. Alt i alt er kvartsr\u00f8r av stort kaliber viktige komponenter for \u00e5 oppn\u00e5 resultater av h\u00f8y kvalitet i ulike industrielle prosesser.<\/p>\t\t\t\t\t\t\t\t<\/div>\n\t\t\t\t<\/div>\n\t\t\t\t<div class=\"elementor-element elementor-element-3e7e61c elementor-align-left elementor-widget elementor-widget-button\" data-id=\"3e7e61c\" data-element_type=\"widget\" data-widget_type=\"button.default\">\n\t\t\t\t<div class=\"elementor-widget-container\">\n\t\t\t\t\t\t\t\t\t<div class=\"elementor-button-wrapper\">\n\t\t\t\t\t<a class=\"elementor-button elementor-button-link elementor-size-sm\" href=\"#elementor-action%3Aaction%3Dpopup%3Aopen%26settings%3DeyJpZCI6IjEyNzUiLCJ0b2dnbGUiOmZhbHNlfQ%3D%3D\">\n\t\t\t\t\t\t<span class=\"elementor-button-content-wrapper\">\n\t\t\t\t\t\t\t\t\t<span class=\"elementor-button-text\">Raskt tilbud<\/span>\n\t\t\t\t\t<\/span>\n\t\t\t\t\t<\/a>\n\t\t\t\t<\/div>\n\t\t\t\t\t\t\t\t<\/div>\n\t\t\t\t<\/div>\n\t\t\t\t<\/div>\n\t\t\t\t\t<\/div>\n\t\t\t\t<\/div>\n\t\t<div class=\"elementor-element elementor-element-a2ed80c e-flex e-con-boxed e-con e-parent\" data-id=\"a2ed80c\" data-element_type=\"container\">\n\t\t\t\t\t<div class=\"e-con-inner\">\n\t\t\t\t<div class=\"elementor-element elementor-element-03e2c25 elementor-widget elementor-widget-heading\" data-id=\"03e2c25\" data-element_type=\"widget\" data-widget_type=\"heading.default\">\n\t\t\t\t<div class=\"elementor-widget-container\">\n\t\t\t\t\t<h3 class=\"elementor-heading-title elementor-size-default\">R\u00f8r av smeltet kvarts\/silikar\u00f8r:<\/h3>\t\t\t\t<\/div>\n\t\t\t\t<\/div>\n\t\t\t\t<div class=\"elementor-element elementor-element-281af31 elementor-widget elementor-widget-text-editor\" data-id=\"281af31\" data-element_type=\"widget\" data-widget_type=\"text-editor.default\">\n\t\t\t\t<div class=\"elementor-widget-container\">\n\t\t\t\t\t\t\t\t\t<p>Kvartsr\u00f8r er en type r\u00f8r laget av kvartskrystall av h\u00f8y kvalitet som har en bred diameter. Kvartsr\u00f8r er mye brukt i ulike bransjer og bruksomr\u00e5der, for eksempel halvlederproduksjon, belysning og kjemisk prosessering.<\/p><p>Den eksepsjonelle termiske stabiliteten og kjemiske motstandsdyktigheten til kvartsr\u00f8r gj\u00f8r dem ideelle for bruk i t\u00f8ffe milj\u00f8er. De t\u00e5ler h\u00f8ye temperaturer og er motstandsdyktige mot de fleste kjemikalier, syrer og baser, noe som sikrer lang holdbarhet og lang levetid. Kvartsr\u00f8r har ogs\u00e5 utmerkede optiske egenskaper, blant annet h\u00f8y gjennomsiktighet og lav absorpsjon, noe som gj\u00f8r dem nyttige i applikasjoner som krever optisk presisjon.<\/p><p>Kvartsr\u00f8r av stort kaliber brukes ofte i halvlederproduksjon som en del av utstyret som brukes til \u00e5 produsere mikrobrikker. De brukes ogs\u00e5 i belysningsindustrien til h\u00f8yintensive utladningslamper, der de gir h\u00f8y lysstyrke og effektivitet. I kjemisk prosessering brukes kvartsr\u00f8r i reaktorer og kamre der de t\u00e5ler sterke kjemikalier og h\u00f8ye temperaturer.<\/p><p>Kvartsr\u00f8r kan tilpasses for \u00e5 oppfylle spesifikke krav til st\u00f8rrelse og tykkelse, noe som gj\u00f8r dem allsidige og tilpasningsdyktige til ulike bruksomr\u00e5der. De kan produseres ved hjelp av ulike teknikker, blant annet ekstrudering, fusjon og kjemisk dampavsetning.<\/p><p>Kvartsr\u00f8r med stort kaliber er viktige komponenter i ulike bransjer og bruksomr\u00e5der p\u00e5 grunn av deres eksepsjonelle termiske stabilitet, kjemiske motstandskraft og optiske egenskaper. De har h\u00f8y holdbarhet og lang levetid, noe som gj\u00f8r dem ideelle for bruk i t\u00f8ffe milj\u00f8er.<\/p>\t\t\t\t\t\t\t\t<\/div>\n\t\t\t\t<\/div>\n\t\t\t\t\t<\/div>\n\t\t\t\t<\/div>\n\t\t\t\t<\/div>","protected":false},"excerpt":{"rendered":"<p>Large-Caliber Quartz Tubes for Semiconductor &amp; Chemical Use A large-caliber quartz tube is a tube made from high-quality quartz crystal [&hellip;]<\/p>","protected":false},"author":9,"featured_media":500,"parent":839,"menu_order":0,"comment_status":"closed","ping_status":"closed","template":"","meta":{"_seopress_robots_primary_cat":"","_seopress_titles_title":"Large-Caliber Quartz Tubes for Semiconductor & Chemical Use","_seopress_titles_desc":"Wide-diameter quartz tubes with high thermal stability, chemical resistance & optical clarity. Ideal for semiconductors, lighting & reactors. Custom sizes.","_seopress_robots_index":"","site-sidebar-layout":"no-sidebar","site-content-layout":"","ast-site-content-layout":"full-width-container","site-content-style":"default","site-sidebar-style":"default","ast-global-header-display":"","ast-banner-title-visibility":"","ast-main-header-display":"","ast-hfb-above-header-display":"","ast-hfb-below-header-display":"","ast-hfb-mobile-header-display":"","site-post-title":"disabled","ast-breadcrumbs-content":"","ast-featured-img":"disabled","footer-sml-layout":"","theme-transparent-header-meta":"","adv-header-id-meta":"","stick-header-meta":"","header-above-stick-meta":"","header-main-stick-meta":"","header-below-stick-meta":"","astra-migrate-meta-layouts":"default","ast-page-background-enabled":"default","ast-page-background-meta":{"desktop":{"background-color":"var(--ast-global-color-5)","background-image":"","background-repeat":"repeat","background-position":"center center","background-size":"auto","background-attachment":"scroll","background-type":"","background-media":"","overlay-type":"","overlay-color":"","overlay-opacity":"","overlay-gradient":""},"tablet":{"background-color":"","background-image":"","background-repeat":"repeat","background-position":"center center","background-size":"auto","background-attachment":"scroll","background-type":"","background-media":"","overlay-type":"","overlay-color":"","overlay-opacity":"","overlay-gradient":""},"mobile":{"background-color":"","background-image":"","background-repeat":"repeat","background-position":"center center","background-size":"auto","background-attachment":"scroll","background-type":"","background-media":"","overlay-type":"","overlay-color":"","overlay-opacity":"","overlay-gradient":""}},"ast-content-background-meta":{"desktop":{"background-color":"var(--ast-global-color-4)","background-image":"","background-repeat":"repeat","background-position":"center center","background-size":"auto","background-attachment":"scroll","background-type":"","background-media":"","overlay-type":"","overlay-color":"","overlay-opacity":"","overlay-gradient":""},"tablet":{"background-color":"var(--ast-global-color-4)","background-image":"","background-repeat":"repeat","background-position":"center center","background-size":"auto","background-attachment":"scroll","background-type":"","background-media":"","overlay-type":"","overlay-color":"","overlay-opacity":"","overlay-gradient":""},"mobile":{"background-color":"var(--ast-global-color-4)","background-image":"","background-repeat":"repeat","background-position":"center center","background-size":"auto","background-attachment":"scroll","background-type":"","background-media":"","overlay-type":"","overlay-color":"","overlay-opacity":"","overlay-gradient":""}},"footnotes":""},"class_list":["post-499","page","type-page","status-publish","has-post-thumbnail","hentry"],"_hostinger_reach_plugin_has_subscription_block":false,"_hostinger_reach_plugin_is_elementor":false,"_links":{"self":[{"href":"https:\/\/exactquartz.com\/nb\/wp-json\/wp\/v2\/pages\/499","targetHints":{"allow":["GET"]}}],"collection":[{"href":"https:\/\/exactquartz.com\/nb\/wp-json\/wp\/v2\/pages"}],"about":[{"href":"https:\/\/exactquartz.com\/nb\/wp-json\/wp\/v2\/types\/page"}],"author":[{"embeddable":true,"href":"https:\/\/exactquartz.com\/nb\/wp-json\/wp\/v2\/users\/9"}],"replies":[{"embeddable":true,"href":"https:\/\/exactquartz.com\/nb\/wp-json\/wp\/v2\/comments?post=499"}],"version-history":[{"count":14,"href":"https:\/\/exactquartz.com\/nb\/wp-json\/wp\/v2\/pages\/499\/revisions"}],"predecessor-version":[{"id":1353,"href":"https:\/\/exactquartz.com\/nb\/wp-json\/wp\/v2\/pages\/499\/revisions\/1353"}],"up":[{"embeddable":true,"href":"https:\/\/exactquartz.com\/nb\/wp-json\/wp\/v2\/pages\/839"}],"wp:featuredmedia":[{"embeddable":true,"href":"https:\/\/exactquartz.com\/nb\/wp-json\/wp\/v2\/media\/500"}],"wp:attachment":[{"href":"https:\/\/exactquartz.com\/nb\/wp-json\/wp\/v2\/media?parent=499"}],"curies":[{"name":"wp","href":"https:\/\/api.w.org\/{rel}","templated":true}]}}