{"id":176,"date":"2025-03-12T19:16:06","date_gmt":"2025-03-12T11:16:06","guid":{"rendered":"https:\/\/exactquartz.com\/?page_id=176"},"modified":"2025-04-16T18:37:15","modified_gmt":"2025-04-16T10:37:15","slug":"fused-quartz-lab-glassware","status":"publish","type":"page","link":"https:\/\/exactquartz.com\/pl\/quartz-lab-glassware-product\/fused-quartz-lab-glassware\/","title":{"rendered":"Szk\u0142o laboratoryjne z topionego kwarcu - zlewki, prob\u00f3wki, kolby i nie tylko"},"content":{"rendered":"<div data-elementor-type=\"wp-page\" data-elementor-id=\"176\" class=\"elementor elementor-176\" data-elementor-post-type=\"page\">\n\t\t\t\t<div class=\"elementor-element elementor-element-abb877f e-flex e-con-boxed e-con e-parent\" data-id=\"abb877f\" data-element_type=\"container\">\n\t\t\t\t\t<div class=\"e-con-inner\">\n\t\t<div class=\"elementor-element elementor-element-82153af e-con-full e-flex e-con e-child\" data-id=\"82153af\" data-element_type=\"container\">\n\t\t\t\t<div class=\"elementor-element elementor-element-b2ea12d elementor-skin-slideshow elementor-arrows-yes elementor-widget elementor-widget-media-carousel\" data-id=\"b2ea12d\" data-element_type=\"widget\" data-settings=\"{&quot;skin&quot;:&quot;slideshow&quot;,&quot;effect&quot;:&quot;slide&quot;,&quot;show_arrows&quot;:&quot;yes&quot;,&quot;speed&quot;:500,&quot;autoplay&quot;:&quot;yes&quot;,&quot;autoplay_speed&quot;:5000,&quot;loop&quot;:&quot;yes&quot;,&quot;pause_on_hover&quot;:&quot;yes&quot;,&quot;pause_on_interaction&quot;:&quot;yes&quot;,&quot;space_between&quot;:{&quot;unit&quot;:&quot;px&quot;,&quot;size&quot;:10,&quot;sizes&quot;:[]},&quot;space_between_tablet&quot;:{&quot;unit&quot;:&quot;px&quot;,&quot;size&quot;:10,&quot;sizes&quot;:[]},&quot;space_between_mobile&quot;:{&quot;unit&quot;:&quot;px&quot;,&quot;size&quot;:10,&quot;sizes&quot;:[]}}\" data-widget_type=\"media-carousel.default\">\n\t\t\t\t<div class=\"elementor-widget-container\">\n\t\t\t\t\t\t\t\t\t<div class=\"elementor-swiper\">\n\t\t\t\t\t<div class=\"elementor-main-swiper swiper\" role=\"region\" aria-roledescription=\"carousel\" aria-label=\"Slajdy\">\n\t\t\t\t<div class=\"swiper-wrapper\">\n\t\t\t\t\t\t\t\t\t\t\t<div class=\"swiper-slide\" role=\"group\" aria-roledescription=\"slide\">\n\t\t\t\t\t\t\t\t\t<div class=\"elementor-carousel-image\" role=\"img\" aria-label=\"Tygle kwarcowe, zlewki, kolby, prob\u00f3wki, pokrywki\" style=\"background-image: url(&#039;https:\/\/exactquartz.com\/wp-content\/uploads\/2025\/03\/Crucibles-Beakers-Flasks-Test-Tubes-Covers.webp&#039;)\">\n\n\t\t\t\n\t\t\t\t\t<\/div>\n\t\t\t\t\t\t\t\t<\/div>\n\t\t\t\t\t\t\t\t\t<\/div>\n\t\t\t\t\t\t\t<\/div>\n\t\t\t\t<\/div>\n\t\t\t\t\t\t\t\t<\/div>\n\t\t\t\t<\/div>\n\t\t\t\t<\/div>\n\t\t<div class=\"elementor-element elementor-element-c514cbd e-con-full e-flex e-con e-child\" data-id=\"c514cbd\" data-element_type=\"container\">\n\t\t\t\t<div class=\"elementor-element elementor-element-70d5eba elementor-widget elementor-widget-heading\" data-id=\"70d5eba\" data-element_type=\"widget\" data-widget_type=\"heading.default\">\n\t\t\t\t<div class=\"elementor-widget-container\">\n\t\t\t\t\t<h2 class=\"elementor-heading-title elementor-size-default\">Szk\u0142o laboratoryjne z topionego kwarcu - zlewki, prob\u00f3wki, kolby i nie tylko<\/h2>\t\t\t\t<\/div>\n\t\t\t\t<\/div>\n\t\t\t\t<div class=\"elementor-element elementor-element-ac956f7 elementor-widget elementor-widget-text-editor\" data-id=\"ac956f7\" data-element_type=\"widget\" data-widget_type=\"text-editor.default\">\n\t\t\t\t<div class=\"elementor-widget-container\">\n\t\t\t\t\t\t\t\t\t<p>Topiony kwarc to materia\u0142 o wysokiej czysto\u015bci i doskona\u0142ej odporno\u015bci termicznej i chemicznej. Jest on powszechnie stosowany w r\u00f3\u017cnych ga\u0142\u0119ziach przemys\u0142u, w tym w optyce, elektronice, przemy\u015ble chemicznym i medycznym. W\u0142a\u015bciwe wytyczne dotycz\u0105ce u\u017cytkowania topionego kwarcu obejmuj\u0105 ostro\u017cne obchodzenie si\u0119 z nim, unikanie szoku termicznego, czyszczenie \u0142agodnymi detergentami i uwzgl\u0119dnianie jego odporno\u015bci chemicznej. Wytyczne te zapewniaj\u0105 optymaln\u0105 wydajno\u015b\u0107 i trwa\u0142o\u015b\u0107 topionego kwarcu w r\u00f3\u017cnych zastosowaniach.<\/p>\t\t\t\t\t\t\t\t<\/div>\n\t\t\t\t<\/div>\n\t\t\t\t<div class=\"elementor-element elementor-element-8be87ab elementor-align-left elementor-widget elementor-widget-button\" data-id=\"8be87ab\" data-element_type=\"widget\" data-widget_type=\"button.default\">\n\t\t\t\t<div class=\"elementor-widget-container\">\n\t\t\t\t\t\t\t\t\t<div class=\"elementor-button-wrapper\">\n\t\t\t\t\t<a class=\"elementor-button elementor-button-link elementor-size-sm\" href=\"#elementor-action%3Aaction%3Dpopup%3Aopen%26settings%3DeyJpZCI6IjEyNzUiLCJ0b2dnbGUiOmZhbHNlfQ%3D%3D\">\n\t\t\t\t\t\t<span class=\"elementor-button-content-wrapper\">\n\t\t\t\t\t\t\t\t\t<span class=\"elementor-button-text\">Szybka wycena<\/span>\n\t\t\t\t\t<\/span>\n\t\t\t\t\t<\/a>\n\t\t\t\t<\/div>\n\t\t\t\t\t\t\t\t<\/div>\n\t\t\t\t<\/div>\n\t\t\t\t<\/div>\n\t\t\t\t\t<\/div>\n\t\t\t\t<\/div>\n\t\t<div class=\"elementor-element elementor-element-a2ed80c e-flex e-con-boxed e-con e-parent\" data-id=\"a2ed80c\" data-element_type=\"container\">\n\t\t\t\t\t<div class=\"e-con-inner\">\n\t\t\t\t<div class=\"elementor-element elementor-element-7c65f48 elementor-widget elementor-widget-heading\" data-id=\"7c65f48\" data-element_type=\"widget\" data-widget_type=\"heading.default\">\n\t\t\t\t<div class=\"elementor-widget-container\">\n\t\t\t\t\t<h3 class=\"elementor-heading-title elementor-size-default\">Szczeg\u00f3\u0142y:<\/h3>\t\t\t\t<\/div>\n\t\t\t\t<\/div>\n\t\t\t\t<div class=\"elementor-element elementor-element-ceddc61 elementor-widget elementor-widget-text-editor\" data-id=\"ceddc61\" data-element_type=\"widget\" data-widget_type=\"text-editor.default\">\n\t\t\t\t<div class=\"elementor-widget-container\">\n\t\t\t\t\t\t\t\t\t<p>Wi\u0119kszo\u015b\u0107 laboratoryjnego szk\u0142a naukowego jest wykonana ze szk\u0142a kwarcowego, takiego jak prob\u00f3wki, tygle, zlewki itp. Poniewa\u017c szk\u0142o kwarcowe ma doskona\u0142e w\u0142a\u015bciwo\u015bci, takie jak odporno\u015b\u0107 na wysok\u0105 temperatur\u0119, odporno\u015b\u0107 na kwasy, odporno\u015b\u0107 na korozj\u0119 itp. Jest to priorytetowy materia\u0142 w laboratorium. Mamy mo\u017cliwo\u015b\u0107 produkcji r\u00f3\u017cnego rodzaju szk\u0142a kwarcowego zgodnie z rysunkami i projektami klient\u00f3w lub projektowania przybor\u00f3w laboratoryjnych ze szk\u0142a kwarcowego zgodnie z wymaganiami klient\u00f3w. Nasza firma ma wielu producent\u00f3w, kt\u00f3rzy maj\u0105 ponad 10-letnie do\u015bwiadczenie w produkcji wyrob\u00f3w ze szk\u0142a kwarcowego. Tak wi\u0119c przy za\u0142o\u017ceniu zagwarantowania wysokiej jako\u015bci, wygl\u0105d naszych wyrob\u00f3w ze szk\u0142a kwarcowego b\u0119dzie bardziej g\u0142adki i pi\u0119kny. Nast\u0119puj\u0105ce kwarcowe szk\u0142o laboratoryjne s\u0105 dzie\u0142em naszych producent\u00f3w.<\/p>\t\t\t\t\t\t\t\t<\/div>\n\t\t\t\t<\/div>\n\t\t\t\t\t<\/div>\n\t\t\t\t<\/div>\n\t\t<div class=\"elementor-element elementor-element-58340db e-flex e-con-boxed e-con e-parent\" data-id=\"58340db\" data-element_type=\"container\">\n\t\t\t\t\t<div class=\"e-con-inner\">\n\t\t\t\t<div class=\"elementor-element elementor-element-fdaa9c4 elementor-widget elementor-widget-image\" data-id=\"fdaa9c4\" data-element_type=\"widget\" data-widget_type=\"image.default\">\n\t\t\t\t<div class=\"elementor-widget-container\">\n\t\t\t\t\t\t\t\t\t\t\t\t\t\t\t<img fetchpriority=\"high\" decoding=\"async\" width=\"1200\" height=\"1200\" src=\"https:\/\/exactquartz.com\/wp-content\/uploads\/2025\/03\/quartz-lab-glassware.webp\" class=\"attachment-full size-full wp-image-244\" alt=\"kwarcowe szk\u0142o laboratoryjne\" srcset=\"https:\/\/exactquartz.com\/wp-content\/uploads\/2025\/03\/quartz-lab-glassware.webp 1200w, https:\/\/exactquartz.com\/wp-content\/uploads\/2025\/03\/quartz-lab-glassware-300x300.webp 300w, https:\/\/exactquartz.com\/wp-content\/uploads\/2025\/03\/quartz-lab-glassware-1024x1024.webp 1024w, https:\/\/exactquartz.com\/wp-content\/uploads\/2025\/03\/quartz-lab-glassware-150x150.webp 150w, https:\/\/exactquartz.com\/wp-content\/uploads\/2025\/03\/quartz-lab-glassware-768x768.webp 768w\" sizes=\"(max-width: 1200px) 100vw, 1200px\" \/>\t\t\t\t\t\t\t\t\t\t\t\t\t\t\t<\/div>\n\t\t\t\t<\/div>\n\t\t\t\t\t<\/div>\n\t\t\t\t<\/div>\n\t\t<div class=\"elementor-element elementor-element-ec9a716 e-flex e-con-boxed e-con e-parent\" data-id=\"ec9a716\" data-element_type=\"container\">\n\t\t\t\t\t<div class=\"e-con-inner\">\n\t\t\t\t<div class=\"elementor-element elementor-element-b7e9c99 elementor-widget elementor-widget-heading\" data-id=\"b7e9c99\" data-element_type=\"widget\" data-widget_type=\"heading.default\">\n\t\t\t\t<div class=\"elementor-widget-container\">\n\t\t\t\t\t<h3 class=\"elementor-heading-title elementor-size-default\">Us\u0142uga OEM i ODM:<\/h3>\t\t\t\t<\/div>\n\t\t\t\t<\/div>\n\t\t\t\t<div class=\"elementor-element elementor-element-281af31 elementor-widget elementor-widget-text-editor\" data-id=\"281af31\" data-element_type=\"widget\" data-widget_type=\"text-editor.default\">\n\t\t\t\t<div class=\"elementor-widget-container\">\n\t\t\t\t\t\t\t\t\t<p>Jako profesjonalny producent wyrob\u00f3w ze szk\u0142a kwarcowego w Chinach, OEM i niestandardowe zam\u00f3wienia s\u0105 mile widziane.<br \/>Nie wahaj si\u0119 z nami porozmawia\u0107, je\u015bli masz jaki\u015b projekt oku\u0107 QUARTZ. Wkr\u00f3tce przygotujemy dla Ciebie nowe pr\u00f3bki.<\/p><p>W przypadku produkt\u00f3w r\u0119cznie robionych prosimy o podanie nam swoich wymaga\u0144 lub przes\u0142anie nam zdj\u0119\u0107. Nast\u0119pnie wykonamy dla Ciebie pr\u00f3bki testowe.<br \/>I nie b\u0119dziemy produkowa\u0107 masowo, dop\u00f3ki nie b\u0119dziesz zadowolony z pr\u00f3bek.<\/p>\t\t\t\t\t\t\t\t<\/div>\n\t\t\t\t<\/div>\n\t\t\t\t\t<\/div>\n\t\t\t\t<\/div>\n\t\t\t\t<\/div>","protected":false},"excerpt":{"rendered":"<p>Fused Quartz Lab Glassware \u2013 Beakers, Tubes, Flasks &amp; More Fused quartz is a high-purity material with excellent thermal and [&hellip;]<\/p>","protected":false},"author":6,"featured_media":180,"parent":843,"menu_order":0,"comment_status":"closed","ping_status":"closed","template":"","meta":{"_seopress_robots_primary_cat":"","_seopress_titles_title":"Fused Quartz Lab Glassware \u2013 Beakers, Tubes, Flasks & More","_seopress_titles_desc":"Full quartz labware sets: crucibles, beakers, flasks, test tubes, covers. 99.99% fused silica, acid & heat resistant. OEM sizes & shapes on request.","_seopress_robots_index":"","site-sidebar-layout":"no-sidebar","site-content-layout":"","ast-site-content-layout":"full-width-container","site-content-style":"default","site-sidebar-style":"default","ast-global-header-display":"","ast-banner-title-visibility":"","ast-main-header-display":"","ast-hfb-above-header-display":"","ast-hfb-below-header-display":"","ast-hfb-mobile-header-display":"","site-post-title":"disabled","ast-breadcrumbs-content":"","ast-featured-img":"disabled","footer-sml-layout":"","theme-transparent-header-meta":"","adv-header-id-meta":"","stick-header-meta":"","header-above-stick-meta":"","header-main-stick-meta":"","header-below-stick-meta":"","astra-migrate-meta-layouts":"default","ast-page-background-enabled":"default","ast-page-background-meta":{"desktop":{"background-color":"var(--ast-global-color-5)","background-image":"","background-repeat":"repeat","background-position":"center center","background-size":"auto","background-attachment":"scroll","background-type":"","background-media":"","overlay-type":"","overlay-color":"","overlay-opacity":"","overlay-gradient":""},"tablet":{"background-color":"","background-image":"","background-repeat":"repeat","background-position":"center center","background-size":"auto","background-attachment":"scroll","background-type":"","background-media":"","overlay-type":"","overlay-color":"","overlay-opacity":"","overlay-gradient":""},"mobile":{"background-color":"","background-image":"","background-repeat":"repeat","background-position":"center center","background-size":"auto","background-attachment":"scroll","background-type":"","background-media":"","overlay-type":"","overlay-color":"","overlay-opacity":"","overlay-gradient":""}},"ast-content-background-meta":{"desktop":{"background-color":"var(--ast-global-color-4)","background-image":"","background-repeat":"repeat","background-position":"center center","background-size":"auto","background-attachment":"scroll","background-type":"","background-media":"","overlay-type":"","overlay-color":"","overlay-opacity":"","overlay-gradient":""},"tablet":{"background-color":"var(--ast-global-color-4)","background-image":"","background-repeat":"repeat","background-position":"center center","background-size":"auto","background-attachment":"scroll","background-type":"","background-media":"","overlay-type":"","overlay-color":"","overlay-opacity":"","overlay-gradient":""},"mobile":{"background-color":"var(--ast-global-color-4)","background-image":"","background-repeat":"repeat","background-position":"center center","background-size":"auto","background-attachment":"scroll","background-type":"","background-media":"","overlay-type":"","overlay-color":"","overlay-opacity":"","overlay-gradient":""}},"footnotes":""},"class_list":["post-176","page","type-page","status-publish","has-post-thumbnail","hentry"],"_hostinger_reach_plugin_has_subscription_block":false,"_hostinger_reach_plugin_is_elementor":false,"_links":{"self":[{"href":"https:\/\/exactquartz.com\/pl\/wp-json\/wp\/v2\/pages\/176","targetHints":{"allow":["GET"]}}],"collection":[{"href":"https:\/\/exactquartz.com\/pl\/wp-json\/wp\/v2\/pages"}],"about":[{"href":"https:\/\/exactquartz.com\/pl\/wp-json\/wp\/v2\/types\/page"}],"author":[{"embeddable":true,"href":"https:\/\/exactquartz.com\/pl\/wp-json\/wp\/v2\/users\/6"}],"replies":[{"embeddable":true,"href":"https:\/\/exactquartz.com\/pl\/wp-json\/wp\/v2\/comments?post=176"}],"version-history":[{"count":26,"href":"https:\/\/exactquartz.com\/pl\/wp-json\/wp\/v2\/pages\/176\/revisions"}],"predecessor-version":[{"id":1473,"href":"https:\/\/exactquartz.com\/pl\/wp-json\/wp\/v2\/pages\/176\/revisions\/1473"}],"up":[{"embeddable":true,"href":"https:\/\/exactquartz.com\/pl\/wp-json\/wp\/v2\/pages\/843"}],"wp:featuredmedia":[{"embeddable":true,"href":"https:\/\/exactquartz.com\/pl\/wp-json\/wp\/v2\/media\/180"}],"wp:attachment":[{"href":"https:\/\/exactquartz.com\/pl\/wp-json\/wp\/v2\/media?parent=176"}],"curies":[{"name":"wp","href":"https:\/\/api.w.org\/{rel}","templated":true}]}}