{"id":281,"date":"2025-03-27T11:38:48","date_gmt":"2025-03-27T03:38:48","guid":{"rendered":"https:\/\/exactquartz.com\/?page_id=281"},"modified":"2025-04-16T18:29:53","modified_gmt":"2025-04-16T10:29:53","slug":"uv-quartz-polishing-plates","status":"publish","type":"page","link":"https:\/\/exactquartz.com\/pl\/quartz-discs-and-plates\/uv-quartz-polishing-plates\/","title":{"rendered":"Kwarcowe p\u0142yty polerskie UV"},"content":{"rendered":"<div data-elementor-type=\"wp-page\" data-elementor-id=\"281\" class=\"elementor elementor-281\" data-elementor-post-type=\"page\">\n\t\t\t\t<div class=\"elementor-element elementor-element-d2bc4f1 e-flex e-con-boxed e-con e-parent\" data-id=\"d2bc4f1\" data-element_type=\"container\">\n\t\t\t\t\t<div class=\"e-con-inner\">\n\t\t<div class=\"elementor-element elementor-element-6d0fc6f e-con-full e-flex e-con e-child\" data-id=\"6d0fc6f\" data-element_type=\"container\">\n\t\t\t\t<div class=\"elementor-element elementor-element-70fde5e elementor-widget elementor-widget-image\" data-id=\"70fde5e\" data-element_type=\"widget\" data-widget_type=\"image.default\">\n\t\t\t\t<div class=\"elementor-widget-container\">\n\t\t\t\t\t\t\t\t\t\t\t\t\t\t\t<img fetchpriority=\"high\" decoding=\"async\" width=\"500\" height=\"373\" src=\"https:\/\/exactquartz.com\/wp-content\/uploads\/2025\/03\/UV-quartz-polishing-plates-high-transparency-ultraviolet-quartz-plates.webp\" class=\"attachment-large size-large wp-image-382\" alt=\"Kwarcowe p\u0142yty polerskie UV, ultrafioletowe p\u0142yty kwarcowe o wysokiej przezroczysto\u015bci\" srcset=\"https:\/\/exactquartz.com\/wp-content\/uploads\/2025\/03\/UV-quartz-polishing-plates-high-transparency-ultraviolet-quartz-plates.webp 500w, https:\/\/exactquartz.com\/wp-content\/uploads\/2025\/03\/UV-quartz-polishing-plates-high-transparency-ultraviolet-quartz-plates-300x224.webp 300w\" sizes=\"(max-width: 500px) 100vw, 500px\" \/>\t\t\t\t\t\t\t\t\t\t\t\t\t\t\t<\/div>\n\t\t\t\t<\/div>\n\t\t\t\t<\/div>\n\t\t<div class=\"elementor-element elementor-element-2a56432 e-con-full e-flex e-con e-child\" data-id=\"2a56432\" data-element_type=\"container\">\n\t\t\t\t<div class=\"elementor-element elementor-element-70d5eba elementor-widget elementor-widget-heading\" data-id=\"70d5eba\" data-element_type=\"widget\" data-widget_type=\"heading.default\">\n\t\t\t\t<div class=\"elementor-widget-container\">\n\t\t\t\t\t<h2 class=\"elementor-heading-title elementor-size-default\">Kwarcowe p\u0142yty polerskie UV<\/h2>\t\t\t\t<\/div>\n\t\t\t\t<\/div>\n\t\t\t\t<div class=\"elementor-element elementor-element-ac956f7 elementor-widget elementor-widget-text-editor\" data-id=\"ac956f7\" data-element_type=\"widget\" data-widget_type=\"text-editor.default\">\n\t\t\t\t<div class=\"elementor-widget-container\">\n\t\t\t\t\t\t\t\t\t<p>Oferujemy bezpo\u015bredni\u0105 dostaw\u0119 wykonanych na zam\u00f3wienie kwarcowych p\u0142yt polerskich UV, p\u0142yt kwarcowych o wysokiej przezroczysto\u015bci ultrafioletowej oraz p\u0142yt okiennych na podstawie rysunk\u00f3w lub pr\u00f3bek dostarczonych przez klienta. Nasze produkty s\u0105 szeroko stosowane w laserach UV, przyrz\u0105dach optycznych i przemy\u015ble produkcji p\u00f3\u0142przewodnik\u00f3w.<\/p>\t\t\t\t\t\t\t\t<\/div>\n\t\t\t\t<\/div>\n\t\t\t\t<div class=\"elementor-element elementor-element-1eb84e3 elementor-align-left elementor-widget elementor-widget-button\" data-id=\"1eb84e3\" data-element_type=\"widget\" data-widget_type=\"button.default\">\n\t\t\t\t<div class=\"elementor-widget-container\">\n\t\t\t\t\t\t\t\t\t<div class=\"elementor-button-wrapper\">\n\t\t\t\t\t<a class=\"elementor-button elementor-button-link elementor-size-sm\" href=\"#elementor-action%3Aaction%3Dpopup%3Aopen%26settings%3DeyJpZCI6IjEyNzUiLCJ0b2dnbGUiOmZhbHNlfQ%3D%3D\">\n\t\t\t\t\t\t<span class=\"elementor-button-content-wrapper\">\n\t\t\t\t\t\t\t\t\t<span class=\"elementor-button-text\">Szybka wycena<\/span>\n\t\t\t\t\t<\/span>\n\t\t\t\t\t<\/a>\n\t\t\t\t<\/div>\n\t\t\t\t\t\t\t\t<\/div>\n\t\t\t\t<\/div>\n\t\t\t\t<\/div>\n\t\t\t\t\t<\/div>\n\t\t\t\t<\/div>\n\t\t<div class=\"elementor-element elementor-element-a2ed80c e-flex e-con-boxed e-con e-parent\" data-id=\"a2ed80c\" data-element_type=\"container\">\n\t\t\t\t\t<div class=\"e-con-inner\">\n\t\t\t\t<div class=\"elementor-element elementor-element-ceddc61 elementor-widget elementor-widget-text-editor\" data-id=\"ceddc61\" data-element_type=\"widget\" data-widget_type=\"text-editor.default\">\n\t\t\t\t<div class=\"elementor-widget-container\">\n\t\t\t\t\t\t\t\t\t<p>Wysokiej jako\u015bci p\u0142ytki\/kr\u0105\u017cki ze szk\u0142a kwarcowego to rodzaj wyrob\u00f3w szklanych, kt\u00f3re s\u0105 szeroko stosowane w r\u00f3\u017cnych bran\u017cach, w tym p\u00f3\u0142przewodnikowej, optycznej i laboratoryjnej. S\u0105 one wykonane z wysokiej czysto\u015bci topionego szk\u0142a kwarcowego, co czyni je wysoce odpornymi na szok termiczny i korozj\u0119 chemiczn\u0105. Te p\u0142ytki i dyski charakteryzuj\u0105 si\u0119 doskona\u0142ymi w\u0142a\u015bciwo\u015bciami optycznymi, wysokim wsp\u00f3\u0142czynnikiem transmisji i niskim wsp\u00f3\u0142czynnikiem rozszerzalno\u015bci cieplnej. Mo\u017cna je dostosowa\u0107 do konkretnych wymaga\u0144, takich jak rozmiar, grubo\u015b\u0107 i wyko\u0144czenie powierzchni. Ze wzgl\u0119du na swoje unikalne w\u0142a\u015bciwo\u015bci, wysokiej jako\u015bci p\u0142yty\/kr\u0105\u017cki ze szk\u0142a kwarcowego s\u0105 idealne do zastosowa\u0144 wymagaj\u0105cych wysokiej precyzji, takich jak obr\u00f3bka wafli, okna optyczne i analiza chemiczna.<\/p>\t\t\t\t\t\t\t\t<\/div>\n\t\t\t\t<\/div>\n\t\t\t\t<div class=\"elementor-element elementor-element-b7e9c99 elementor-widget elementor-widget-heading\" data-id=\"b7e9c99\" data-element_type=\"widget\" data-widget_type=\"heading.default\">\n\t\t\t\t<div class=\"elementor-widget-container\">\n\t\t\t\t\t<h3 class=\"elementor-heading-title elementor-size-default\">Wprowadzenie:<\/h3>\t\t\t\t<\/div>\n\t\t\t\t<\/div>\n\t\t\t\t<div class=\"elementor-element elementor-element-281af31 elementor-widget elementor-widget-text-editor\" data-id=\"281af31\" data-element_type=\"widget\" data-widget_type=\"text-editor.default\">\n\t\t\t\t<div class=\"elementor-widget-container\">\n\t\t\t\t\t\t\t\t\t<p>Optyczne kwarcowe p\u0142yty polerskie s\u0105 niezb\u0119dnymi komponentami w r\u00f3\u017cnych ga\u0142\u0119ziach przemys\u0142u, zapewniaj\u0105c niezb\u0119dn\u0105 precyzj\u0119 i wydajno\u015b\u0107 w krytycznych zastosowaniach. Niniejszy artyku\u0142 ma na celu zbadanie kluczowych cech, korzy\u015bci i aspekt\u00f3w numerycznych optycznych kwarcowych p\u0142yt polerskich, rzucaj\u0105c \u015bwiat\u0142o na ich znaczenie w osi\u0105ganiu najwy\u017cszej jako\u015bci optycznej.<span id=\"7\" class=\"notranslate immersive-translate-target-wrapper\" lang=\"zh-CN\" translate=\"no\" data-immersive-translate-loading-id=\"\">\u00a0<\/span><\/p>\t\t\t\t\t\t\t\t<\/div>\n\t\t\t\t<\/div>\n\t\t\t\t<div class=\"elementor-element elementor-element-fe0cb41 elementor-widget elementor-widget-heading\" data-id=\"fe0cb41\" data-element_type=\"widget\" data-widget_type=\"heading.default\">\n\t\t\t\t<div class=\"elementor-widget-container\">\n\t\t\t\t\t<h3 class=\"elementor-heading-title elementor-size-default\">1. Wyj\u0105tkowa p\u0142asko\u015b\u0107:<\/h3>\t\t\t\t<\/div>\n\t\t\t\t<\/div>\n\t\t\t\t<div class=\"elementor-element elementor-element-733f615 elementor-widget elementor-widget-text-editor\" data-id=\"733f615\" data-element_type=\"widget\" data-widget_type=\"text-editor.default\">\n\t\t\t\t<div class=\"elementor-widget-container\">\n\t\t\t\t\t\t\t\t\t<p>Optyczne p\u0142yty kwarcowe do polerowania s\u0142yn\u0105 z wyj\u0105tkowej p\u0142asko\u015bci, zapewniaj\u0105c jednorodno\u015b\u0107 i sp\u00f3jno\u015b\u0107 polerowanych powierzchni. P\u0142yty te mog\u0105 osi\u0105ga\u0107 poziomy p\u0142asko\u015bci tak niskie jak \u03bb\/10 (gdzie \u03bb to d\u0142ugo\u015b\u0107 fali \u015bwiat\u0142a), gwarantuj\u0105c minimalne zniekszta\u0142cenia powierzchni i zachowuj\u0105c integralno\u015b\u0107 system\u00f3w optycznych.<\/p>\t\t\t\t\t\t\t\t<\/div>\n\t\t\t\t<\/div>\n\t\t\t\t<div class=\"elementor-element elementor-element-39cf9eb elementor-widget elementor-widget-heading\" data-id=\"39cf9eb\" data-element_type=\"widget\" data-widget_type=\"heading.default\">\n\t\t\t\t<div class=\"elementor-widget-container\">\n\t\t\t\t\t<h3 class=\"elementor-heading-title elementor-size-default\">2. Chropowato\u015b\u0107 powierzchni poni\u017cej Angstroma:<\/h3>\t\t\t\t<\/div>\n\t\t\t\t<\/div>\n\t\t\t\t<div class=\"elementor-element elementor-element-cc3d847 elementor-widget elementor-widget-text-editor\" data-id=\"cc3d847\" data-element_type=\"widget\" data-widget_type=\"text-editor.default\">\n\t\t\t\t<div class=\"elementor-widget-container\">\n\t\t\t\t\t\t\t\t\t<p>Chropowato\u015b\u0107 powierzchni odgrywa kluczow\u0105 rol\u0119 w okre\u015blaniu jako\u015bci optycznej polerowanych powierzchni. Optyczne p\u0142yty kwarcowe do polerowania charakteryzuj\u0105 si\u0119 chropowato\u015bci\u0105 powierzchni poni\u017cej angstrem\u00f3w, zazwyczaj w zakresie 0,1 - 0,5 \u00c5 (angstrem\u00f3w). To niezwykle g\u0142adkie wyko\u0144czenie powierzchni minimalizuje rozpraszanie i odbicia, maksymalizuj\u0105c transmisj\u0119 \u015bwiat\u0142a i poprawiaj\u0105c og\u00f3ln\u0105 wydajno\u015b\u0107 optyczn\u0105.<\/p>\t\t\t\t\t\t\t\t<\/div>\n\t\t\t\t<\/div>\n\t\t\t\t<div class=\"elementor-element elementor-element-e7a94c2 elementor-widget elementor-widget-heading\" data-id=\"e7a94c2\" data-element_type=\"widget\" data-widget_type=\"heading.default\">\n\t\t\t\t<div class=\"elementor-widget-container\">\n\t\t\t\t\t<h3 class=\"elementor-heading-title elementor-size-default\">3. Wysoka czysto\u015b\u0107 materia\u0142u:<\/h3>\t\t\t\t<\/div>\n\t\t\t\t<\/div>\n\t\t\t\t<div class=\"elementor-element elementor-element-529c317 elementor-widget elementor-widget-text-editor\" data-id=\"529c317\" data-element_type=\"widget\" data-widget_type=\"text-editor.default\">\n\t\t\t\t<div class=\"elementor-widget-container\">\n\t\t\t\t\t\t\t\t\t<p>Optyczne p\u0142ytki kwarcowe do polerowania s\u0105 produkowane z kwarcu o wysokiej czysto\u015bci, co zapewnia minimaln\u0105 ilo\u015b\u0107 zanieczyszcze\u0144 i doskona\u0142\u0105 przejrzysto\u015b\u0107 optyczn\u0105. Czysto\u015b\u0107 materia\u0142u ma bezpo\u015bredni wp\u0142yw na transmisj\u0119 i jako\u015b\u0107 \u015bwiat\u0142a przechodz\u0105cego przez polerowane powierzchnie. P\u0142yty kwarcowe o poziomie czysto\u015bci przekraczaj\u0105cym 99,99% s\u0105 powszechnie stosowane, umo\u017cliwiaj\u0105c precyzyjn\u0105 kontrol\u0119 \u015bwiat\u0142a w zastosowaniach takich jak mikroskopia, spektroskopia i systemy laserowe.<\/p>\t\t\t\t\t\t\t\t<\/div>\n\t\t\t\t<\/div>\n\t\t\t\t<div class=\"elementor-element elementor-element-a438a24 elementor-widget elementor-widget-heading\" data-id=\"a438a24\" data-element_type=\"widget\" data-widget_type=\"heading.default\">\n\t\t\t\t<div class=\"elementor-widget-container\">\n\t\t\t\t\t<h3 class=\"elementor-heading-title elementor-size-default\">4. Tolerancja i dok\u0142adno\u015b\u0107 wymiarowa:<\/h3>\t\t\t\t<\/div>\n\t\t\t\t<\/div>\n\t\t\t\t<div class=\"elementor-element elementor-element-2c83de3 elementor-widget elementor-widget-text-editor\" data-id=\"2c83de3\" data-element_type=\"widget\" data-widget_type=\"text-editor.default\">\n\t\t\t\t<div class=\"elementor-widget-container\">\n\t\t\t\t\t\t\t\t\t<p>Aby spe\u0142ni\u0107 rygorystyczne wymagania zastosowa\u0144 optycznych, kwarcowe p\u0142ytki polerskie s\u0105 produkowane z wysok\u0105 dok\u0142adno\u015bci\u0105 wymiarow\u0105 i w\u0105skimi tolerancjami. Typowe tolerancje wymiarowe dla tych p\u0142yt wynosz\u0105 od \u00b10,01 mm do \u00b10,05 mm, zapewniaj\u0105c precyzyjne wyr\u00f3wnanie i kompatybilno\u015b\u0107 z systemami optycznymi. Ten poziom dok\u0142adno\u015bci gwarantuje optymaln\u0105 wydajno\u015b\u0107 i pozwala unikn\u0105\u0107 szkodliwych skutk\u00f3w spowodowanych niewsp\u00f3\u0142osiowo\u015bci\u0105 lub niesp\u00f3jno\u015bci\u0105.<\/p>\t\t\t\t\t\t\t\t<\/div>\n\t\t\t\t<\/div>\n\t\t\t\t<div class=\"elementor-element elementor-element-a84143a elementor-widget elementor-widget-heading\" data-id=\"a84143a\" data-element_type=\"widget\" data-widget_type=\"heading.default\">\n\t\t\t\t<div class=\"elementor-widget-container\">\n\t\t\t\t\t<h3 class=\"elementor-heading-title elementor-size-default\">5. Opcje dostosowywania:<\/h3>\t\t\t\t<\/div>\n\t\t\t\t<\/div>\n\t\t\t\t<div class=\"elementor-element elementor-element-a769174 elementor-widget elementor-widget-text-editor\" data-id=\"a769174\" data-element_type=\"widget\" data-widget_type=\"text-editor.default\">\n\t\t\t\t<div class=\"elementor-widget-container\">\n\t\t\t\t\t\t\t\t\t<p>Optyczne kwarcowe p\u0142yty polerskie oferuj\u0105 szerokie mo\u017cliwo\u015bci dostosowywania, pozwalaj\u0105c na rozwi\u0105zania dostosowane do konkretnych potrzeb aplikacji. Niestandardowe kszta\u0142ty, rozmiary i grubo\u015bci mog\u0105 by\u0107 wytwarzane w celu spe\u0142nienia precyzyjnych wymaga\u0144. Ponadto mo\u017cna zastosowa\u0107 okre\u015blone wyko\u0144czenia powierzchni, pow\u0142oki i obr\u00f3bk\u0119 kraw\u0119dzi w celu dalszego zwi\u0119kszenia wydajno\u015bci i funkcjonalno\u015bci.<\/p>\t\t\t\t\t\t\t\t<\/div>\n\t\t\t\t<\/div>\n\t\t\t\t<div class=\"elementor-element elementor-element-596ad3d elementor-widget elementor-widget-heading\" data-id=\"596ad3d\" data-element_type=\"widget\" data-widget_type=\"heading.default\">\n\t\t\t\t<div class=\"elementor-widget-container\">\n\t\t\t\t\t<h3 class=\"elementor-heading-title elementor-size-default\">Wnioski: <\/h3>\t\t\t\t<\/div>\n\t\t\t\t<\/div>\n\t\t\t\t<div class=\"elementor-element elementor-element-0549bf7 elementor-widget elementor-widget-text-editor\" data-id=\"0549bf7\" data-element_type=\"widget\" data-widget_type=\"text-editor.default\">\n\t\t\t\t<div class=\"elementor-widget-container\">\n\t\t\t\t\t\t\t\t\t<p>Optyczne p\u0142ytki kwarcowe do polerowania s\u0105 kluczowymi komponentami, kt\u00f3re przyczyniaj\u0105 si\u0119 do osi\u0105gni\u0119cia najwy\u017cszej jako\u015bci optycznej w r\u00f3\u017cnych ga\u0142\u0119ziach przemys\u0142u. Dzi\u0119ki wyj\u0105tkowej p\u0142asko\u015bci, chropowato\u015bci powierzchni poni\u017cej angstremu, wysokiej czysto\u015bci materia\u0142u i precyzyjnej dok\u0142adno\u015bci wymiarowej, p\u0142yty te zapewniaj\u0105 optymaln\u0105 transmisj\u0119 \u015bwiat\u0142a i minimalizuj\u0105 zniekszta\u0142cenia powierzchni. Mo\u017cliwo\u015b\u0107 dostosowywania tych p\u0142yt dodatkowo zwi\u0119ksza ich wszechstronno\u015b\u0107, umo\u017cliwiaj\u0105c tworzenie rozwi\u0105za\u0144 dostosowanych do konkretnych zastosowa\u0144. Oczekuje si\u0119, \u017ce wraz z post\u0119pem w dziedzinie optyki precyzyjnej, popyt na wysokowydajne optyczne p\u0142yty kwarcowe do polerowania b\u0119dzie r\u00f3s\u0142, nap\u0119dzaj\u0105c innowacje i przesuwaj\u0105c granice technologii optycznej.<\/p>\t\t\t\t\t\t\t\t<\/div>\n\t\t\t\t<\/div>\n\t\t\t\t\t<\/div>\n\t\t\t\t<\/div>\n\t\t\t\t<\/div>","protected":false},"excerpt":{"rendered":"<p>UV Quartz Polishing Plates We offer direct supply of custom-made UV quartz polishing plates, high-transparency ultraviolet quartz plates, and window [&hellip;]<\/p>","protected":false},"author":7,"featured_media":382,"parent":841,"menu_order":0,"comment_status":"closed","ping_status":"closed","template":"","meta":{"_seopress_robots_primary_cat":"","_seopress_titles_title":"UV Quartz Polishing Plates \u2013 Sub-\u00c5 Surface & \u03bb\/10 Flatness","_seopress_titles_desc":"High-transparency UV quartz plates with \u03bb\/10 flatness & 0.1\u20130.5\u00c5 roughness. Custom round\/square windows for laser optics, semiconductors & instruments.","_seopress_robots_index":"","site-sidebar-layout":"no-sidebar","site-content-layout":"","ast-site-content-layout":"full-width-container","site-content-style":"default","site-sidebar-style":"default","ast-global-header-display":"","ast-banner-title-visibility":"","ast-main-header-display":"","ast-hfb-above-header-display":"","ast-hfb-below-header-display":"","ast-hfb-mobile-header-display":"","site-post-title":"disabled","ast-breadcrumbs-content":"","ast-featured-img":"disabled","footer-sml-layout":"","theme-transparent-header-meta":"","adv-header-id-meta":"","stick-header-meta":"","header-above-stick-meta":"","header-main-stick-meta":"","header-below-stick-meta":"","astra-migrate-meta-layouts":"default","ast-page-background-enabled":"default","ast-page-background-meta":{"desktop":{"background-color":"var(--ast-global-color-5)","background-image":"","background-repeat":"repeat","background-position":"center center","background-size":"auto","background-attachment":"scroll","background-type":"","background-media":"","overlay-type":"","overlay-color":"","overlay-opacity":"","overlay-gradient":""},"tablet":{"background-color":"","background-image":"","background-repeat":"repeat","background-position":"center center","background-size":"auto","background-attachment":"scroll","background-type":"","background-media":"","overlay-type":"","overlay-color":"","overlay-opacity":"","overlay-gradient":""},"mobile":{"background-color":"","background-image":"","background-repeat":"repeat","background-position":"center center","background-size":"auto","background-attachment":"scroll","background-type":"","background-media":"","overlay-type":"","overlay-color":"","overlay-opacity":"","overlay-gradient":""}},"ast-content-background-meta":{"desktop":{"background-color":"var(--ast-global-color-4)","background-image":"","background-repeat":"repeat","background-position":"center center","background-size":"auto","background-attachment":"scroll","background-type":"","background-media":"","overlay-type":"","overlay-color":"","overlay-opacity":"","overlay-gradient":""},"tablet":{"background-color":"var(--ast-global-color-4)","background-image":"","background-repeat":"repeat","background-position":"center center","background-size":"auto","background-attachment":"scroll","background-type":"","background-media":"","overlay-type":"","overlay-color":"","overlay-opacity":"","overlay-gradient":""},"mobile":{"background-color":"var(--ast-global-color-4)","background-image":"","background-repeat":"repeat","background-position":"center center","background-size":"auto","background-attachment":"scroll","background-type":"","background-media":"","overlay-type":"","overlay-color":"","overlay-opacity":"","overlay-gradient":""}},"footnotes":""},"class_list":["post-281","page","type-page","status-publish","has-post-thumbnail","hentry"],"_hostinger_reach_plugin_has_subscription_block":false,"_hostinger_reach_plugin_is_elementor":false,"_links":{"self":[{"href":"https:\/\/exactquartz.com\/pl\/wp-json\/wp\/v2\/pages\/281","targetHints":{"allow":["GET"]}}],"collection":[{"href":"https:\/\/exactquartz.com\/pl\/wp-json\/wp\/v2\/pages"}],"about":[{"href":"https:\/\/exactquartz.com\/pl\/wp-json\/wp\/v2\/types\/page"}],"author":[{"embeddable":true,"href":"https:\/\/exactquartz.com\/pl\/wp-json\/wp\/v2\/users\/7"}],"replies":[{"embeddable":true,"href":"https:\/\/exactquartz.com\/pl\/wp-json\/wp\/v2\/comments?post=281"}],"version-history":[{"count":20,"href":"https:\/\/exactquartz.com\/pl\/wp-json\/wp\/v2\/pages\/281\/revisions"}],"predecessor-version":[{"id":1437,"href":"https:\/\/exactquartz.com\/pl\/wp-json\/wp\/v2\/pages\/281\/revisions\/1437"}],"up":[{"embeddable":true,"href":"https:\/\/exactquartz.com\/pl\/wp-json\/wp\/v2\/pages\/841"}],"wp:featuredmedia":[{"embeddable":true,"href":"https:\/\/exactquartz.com\/pl\/wp-json\/wp\/v2\/media\/382"}],"wp:attachment":[{"href":"https:\/\/exactquartz.com\/pl\/wp-json\/wp\/v2\/media?parent=281"}],"curies":[{"name":"wp","href":"https:\/\/api.w.org\/{rel}","templated":true}]}}