{"id":499,"date":"2025-03-29T12:11:03","date_gmt":"2025-03-29T04:11:03","guid":{"rendered":"https:\/\/exactquartz.com\/?page_id=499"},"modified":"2025-04-16T18:19:44","modified_gmt":"2025-04-16T10:19:44","slug":"large-caliber-quartz-tubes","status":"publish","type":"page","link":"https:\/\/exactquartz.com\/pl\/high-temp-quartz-solutions\/large-caliber-quartz-tubes\/","title":{"rendered":"Wielkokalibrowe rurki kwarcowe do zastosowa\u0144 p\u00f3\u0142przewodnikowych i chemicznych"},"content":{"rendered":"<div data-elementor-type=\"wp-page\" data-elementor-id=\"499\" class=\"elementor elementor-499\" data-elementor-post-type=\"page\">\n\t\t\t\t<div class=\"elementor-element elementor-element-d2bc4f1 e-flex e-con-boxed e-con e-parent\" data-id=\"d2bc4f1\" data-element_type=\"container\">\n\t\t\t\t\t<div class=\"e-con-inner\">\n\t\t<div class=\"elementor-element elementor-element-6d0fc6f e-con-full e-flex e-con e-child\" data-id=\"6d0fc6f\" data-element_type=\"container\">\n\t\t\t\t<div class=\"elementor-element elementor-element-51d5345 elementor-widget elementor-widget-image\" data-id=\"51d5345\" data-element_type=\"widget\" data-widget_type=\"image.default\">\n\t\t\t\t<div class=\"elementor-widget-container\">\n\t\t\t\t\t\t\t\t\t\t\t\t\t\t\t<img fetchpriority=\"high\" decoding=\"async\" width=\"500\" height=\"438\" src=\"https:\/\/exactquartz.com\/wp-content\/uploads\/2025\/03\/Large-caliber-quartz-tube.webp\" class=\"attachment-large size-large wp-image-500\" alt=\"Rura kwarcowa du\u017cego kalibru\" srcset=\"https:\/\/exactquartz.com\/wp-content\/uploads\/2025\/03\/Large-caliber-quartz-tube.webp 500w, https:\/\/exactquartz.com\/wp-content\/uploads\/2025\/03\/Large-caliber-quartz-tube-300x263.webp 300w\" sizes=\"(max-width: 500px) 100vw, 500px\" \/>\t\t\t\t\t\t\t\t\t\t\t\t\t\t\t<\/div>\n\t\t\t\t<\/div>\n\t\t\t\t<\/div>\n\t\t<div class=\"elementor-element elementor-element-2a56432 e-con-full e-flex e-con e-child\" data-id=\"2a56432\" data-element_type=\"container\">\n\t\t\t\t<div class=\"elementor-element elementor-element-70d5eba elementor-widget elementor-widget-heading\" data-id=\"70d5eba\" data-element_type=\"widget\" data-widget_type=\"heading.default\">\n\t\t\t\t<div class=\"elementor-widget-container\">\n\t\t\t\t\t<h2 class=\"elementor-heading-title elementor-size-default\">Wielkokalibrowe rurki kwarcowe do zastosowa\u0144 p\u00f3\u0142przewodnikowych i chemicznych<\/h2>\t\t\t\t<\/div>\n\t\t\t\t<\/div>\n\t\t\t\t<div class=\"elementor-element elementor-element-ac956f7 elementor-widget elementor-widget-text-editor\" data-id=\"ac956f7\" data-element_type=\"widget\" data-widget_type=\"text-editor.default\">\n\t\t\t\t<div class=\"elementor-widget-container\">\n\t\t\t\t\t\t\t\t\t<p>Rura kwarcowa du\u017cego kalibru to rura wykonana z wysokiej jako\u015bci kryszta\u0142u kwarcu o du\u017cej \u015brednicy. Jest ona wykorzystywana w r\u00f3\u017cnych bran\u017cach i zastosowaniach, takich jak produkcja p\u00f3\u0142przewodnik\u00f3w, o\u015bwietlenie i przetwarzanie chemiczne. Rury kwarcowe oferuj\u0105 wysok\u0105 stabilno\u015b\u0107 termiczn\u0105, odporno\u015b\u0107 chemiczn\u0105 i doskona\u0142e w\u0142a\u015bciwo\u015bci optyczne, dzi\u0119ki czemu idealnie nadaj\u0105 si\u0119 do stosowania w trudnych warunkach. Mo\u017cna je dostosowa\u0107 do okre\u015blonych wymaga\u0144 dotycz\u0105cych rozmiaru i grubo\u015bci. Og\u00f3lnie rzecz bior\u0105c, rury kwarcowe du\u017cego kalibru s\u0105 niezb\u0119dnymi komponentami do osi\u0105gania wysokiej jako\u015bci wynik\u00f3w w r\u00f3\u017cnych procesach przemys\u0142owych.<\/p>\t\t\t\t\t\t\t\t<\/div>\n\t\t\t\t<\/div>\n\t\t\t\t<div class=\"elementor-element elementor-element-3e7e61c elementor-align-left elementor-widget elementor-widget-button\" data-id=\"3e7e61c\" data-element_type=\"widget\" data-widget_type=\"button.default\">\n\t\t\t\t<div class=\"elementor-widget-container\">\n\t\t\t\t\t\t\t\t\t<div class=\"elementor-button-wrapper\">\n\t\t\t\t\t<a class=\"elementor-button elementor-button-link elementor-size-sm\" href=\"#elementor-action%3Aaction%3Dpopup%3Aopen%26settings%3DeyJpZCI6IjEyNzUiLCJ0b2dnbGUiOmZhbHNlfQ%3D%3D\">\n\t\t\t\t\t\t<span class=\"elementor-button-content-wrapper\">\n\t\t\t\t\t\t\t\t\t<span class=\"elementor-button-text\">Szybka wycena<\/span>\n\t\t\t\t\t<\/span>\n\t\t\t\t\t<\/a>\n\t\t\t\t<\/div>\n\t\t\t\t\t\t\t\t<\/div>\n\t\t\t\t<\/div>\n\t\t\t\t<\/div>\n\t\t\t\t\t<\/div>\n\t\t\t\t<\/div>\n\t\t<div class=\"elementor-element elementor-element-a2ed80c e-flex e-con-boxed e-con e-parent\" data-id=\"a2ed80c\" data-element_type=\"container\">\n\t\t\t\t\t<div class=\"e-con-inner\">\n\t\t\t\t<div class=\"elementor-element elementor-element-03e2c25 elementor-widget elementor-widget-heading\" data-id=\"03e2c25\" data-element_type=\"widget\" data-widget_type=\"heading.default\">\n\t\t\t\t<div class=\"elementor-widget-container\">\n\t\t\t\t\t<h3 class=\"elementor-heading-title elementor-size-default\">Rurki z topionego kwarcu\/rurki krzemionkowe:<\/h3>\t\t\t\t<\/div>\n\t\t\t\t<\/div>\n\t\t\t\t<div class=\"elementor-element elementor-element-281af31 elementor-widget elementor-widget-text-editor\" data-id=\"281af31\" data-element_type=\"widget\" data-widget_type=\"text-editor.default\">\n\t\t\t\t<div class=\"elementor-widget-container\">\n\t\t\t\t\t\t\t\t\t<p>Rura kwarcowa to rodzaj rury wykonanej z wysokiej jako\u015bci kryszta\u0142u kwarcu o du\u017cej \u015brednicy. Rury kwarcowe s\u0105 szeroko stosowane w r\u00f3\u017cnych bran\u017cach i zastosowaniach, takich jak produkcja p\u00f3\u0142przewodnik\u00f3w, o\u015bwietlenie i przetwarzanie chemiczne.<\/p><p>Wyj\u0105tkowa stabilno\u015b\u0107 termiczna i odporno\u015b\u0107 chemiczna rurek kwarcowych sprawiaj\u0105, \u017ce s\u0105 one idealne do stosowania w trudnych warunkach. Wytrzymuj\u0105 wysokie temperatury i s\u0105 odporne na wi\u0119kszo\u015b\u0107 chemikali\u00f3w, kwas\u00f3w i zasad, zapewniaj\u0105c trwa\u0142o\u015b\u0107 i d\u0142ugowieczno\u015b\u0107. Rury kwarcowe wykazuj\u0105 r\u00f3wnie\u017c doskona\u0142e w\u0142a\u015bciwo\u015bci optyczne, w tym wysok\u0105 przezroczysto\u015b\u0107 i nisk\u0105 absorpcj\u0119, dzi\u0119ki czemu s\u0105 przydatne w zastosowaniach wymagaj\u0105cych precyzji optycznej.<\/p><p>Rury kwarcowe du\u017cego kalibru s\u0105 powszechnie stosowane w produkcji p\u00f3\u0142przewodnik\u00f3w jako element sprz\u0119tu u\u017cywanego do produkcji mikrochip\u00f3w. S\u0105 one r\u00f3wnie\u017c wykorzystywane w przemy\u015ble o\u015bwietleniowym do lamp wy\u0142adowczych o wysokiej intensywno\u015bci, gdzie zapewniaj\u0105 wysoki poziom jasno\u015bci i wydajno\u015bci. W przetw\u00f3rstwie chemicznym rury kwarcowe s\u0105 stosowane w reaktorach i komorach, gdzie s\u0105 odporne na dzia\u0142anie agresywnych chemikali\u00f3w i wysokich temperatur.<\/p><p>Rury kwarcowe mo\u017cna dostosowa\u0107 do okre\u015blonych wymaga\u0144 dotycz\u0105cych rozmiaru i grubo\u015bci, dzi\u0119ki czemu s\u0105 one wszechstronne i mo\u017cna je dostosowa\u0107 do r\u00f3\u017cnych zastosowa\u0144. Mog\u0105 by\u0107 wytwarzane przy u\u017cyciu r\u00f3\u017cnych technik, w tym wyt\u0142aczania, stapiania i chemicznego osadzania z fazy gazowej.<\/p><p>Podsumowuj\u0105c, wielkokalibrowe rury kwarcowe s\u0105 niezb\u0119dnymi komponentami w r\u00f3\u017cnych bran\u017cach i zastosowaniach ze wzgl\u0119du na ich wyj\u0105tkow\u0105 stabilno\u015b\u0107 termiczn\u0105, odporno\u015b\u0107 chemiczn\u0105 i w\u0142a\u015bciwo\u015bci optyczne. Oferuj\u0105 one wysoki poziom trwa\u0142o\u015bci i \u017cywotno\u015bci, dzi\u0119ki czemu idealnie nadaj\u0105 si\u0119 do u\u017cytku w trudnych warunkach.<\/p>\t\t\t\t\t\t\t\t<\/div>\n\t\t\t\t<\/div>\n\t\t\t\t\t<\/div>\n\t\t\t\t<\/div>\n\t\t\t\t<\/div>","protected":false},"excerpt":{"rendered":"<p>Large-Caliber Quartz Tubes for Semiconductor &amp; Chemical Use A large-caliber quartz tube is a tube made from high-quality quartz crystal [&hellip;]<\/p>","protected":false},"author":9,"featured_media":500,"parent":839,"menu_order":0,"comment_status":"closed","ping_status":"closed","template":"","meta":{"_seopress_robots_primary_cat":"","_seopress_titles_title":"Large-Caliber Quartz Tubes for Semiconductor & Chemical Use","_seopress_titles_desc":"Wide-diameter quartz tubes with high thermal stability, chemical resistance & optical clarity. Ideal for semiconductors, lighting & reactors. Custom sizes.","_seopress_robots_index":"","site-sidebar-layout":"no-sidebar","site-content-layout":"","ast-site-content-layout":"full-width-container","site-content-style":"default","site-sidebar-style":"default","ast-global-header-display":"","ast-banner-title-visibility":"","ast-main-header-display":"","ast-hfb-above-header-display":"","ast-hfb-below-header-display":"","ast-hfb-mobile-header-display":"","site-post-title":"disabled","ast-breadcrumbs-content":"","ast-featured-img":"disabled","footer-sml-layout":"","theme-transparent-header-meta":"","adv-header-id-meta":"","stick-header-meta":"","header-above-stick-meta":"","header-main-stick-meta":"","header-below-stick-meta":"","astra-migrate-meta-layouts":"default","ast-page-background-enabled":"default","ast-page-background-meta":{"desktop":{"background-color":"var(--ast-global-color-5)","background-image":"","background-repeat":"repeat","background-position":"center center","background-size":"auto","background-attachment":"scroll","background-type":"","background-media":"","overlay-type":"","overlay-color":"","overlay-opacity":"","overlay-gradient":""},"tablet":{"background-color":"","background-image":"","background-repeat":"repeat","background-position":"center center","background-size":"auto","background-attachment":"scroll","background-type":"","background-media":"","overlay-type":"","overlay-color":"","overlay-opacity":"","overlay-gradient":""},"mobile":{"background-color":"","background-image":"","background-repeat":"repeat","background-position":"center center","background-size":"auto","background-attachment":"scroll","background-type":"","background-media":"","overlay-type":"","overlay-color":"","overlay-opacity":"","overlay-gradient":""}},"ast-content-background-meta":{"desktop":{"background-color":"var(--ast-global-color-4)","background-image":"","background-repeat":"repeat","background-position":"center center","background-size":"auto","background-attachment":"scroll","background-type":"","background-media":"","overlay-type":"","overlay-color":"","overlay-opacity":"","overlay-gradient":""},"tablet":{"background-color":"var(--ast-global-color-4)","background-image":"","background-repeat":"repeat","background-position":"center center","background-size":"auto","background-attachment":"scroll","background-type":"","background-media":"","overlay-type":"","overlay-color":"","overlay-opacity":"","overlay-gradient":""},"mobile":{"background-color":"var(--ast-global-color-4)","background-image":"","background-repeat":"repeat","background-position":"center center","background-size":"auto","background-attachment":"scroll","background-type":"","background-media":"","overlay-type":"","overlay-color":"","overlay-opacity":"","overlay-gradient":""}},"footnotes":""},"class_list":["post-499","page","type-page","status-publish","has-post-thumbnail","hentry"],"_hostinger_reach_plugin_has_subscription_block":false,"_hostinger_reach_plugin_is_elementor":false,"_links":{"self":[{"href":"https:\/\/exactquartz.com\/pl\/wp-json\/wp\/v2\/pages\/499","targetHints":{"allow":["GET"]}}],"collection":[{"href":"https:\/\/exactquartz.com\/pl\/wp-json\/wp\/v2\/pages"}],"about":[{"href":"https:\/\/exactquartz.com\/pl\/wp-json\/wp\/v2\/types\/page"}],"author":[{"embeddable":true,"href":"https:\/\/exactquartz.com\/pl\/wp-json\/wp\/v2\/users\/9"}],"replies":[{"embeddable":true,"href":"https:\/\/exactquartz.com\/pl\/wp-json\/wp\/v2\/comments?post=499"}],"version-history":[{"count":14,"href":"https:\/\/exactquartz.com\/pl\/wp-json\/wp\/v2\/pages\/499\/revisions"}],"predecessor-version":[{"id":1353,"href":"https:\/\/exactquartz.com\/pl\/wp-json\/wp\/v2\/pages\/499\/revisions\/1353"}],"up":[{"embeddable":true,"href":"https:\/\/exactquartz.com\/pl\/wp-json\/wp\/v2\/pages\/839"}],"wp:featuredmedia":[{"embeddable":true,"href":"https:\/\/exactquartz.com\/pl\/wp-json\/wp\/v2\/media\/500"}],"wp:attachment":[{"href":"https:\/\/exactquartz.com\/pl\/wp-json\/wp\/v2\/media?parent=499"}],"curies":[{"name":"wp","href":"https:\/\/api.w.org\/{rel}","templated":true}]}}