{"id":259,"date":"2025-03-26T17:19:44","date_gmt":"2025-03-26T09:19:44","guid":{"rendered":"https:\/\/exactquartz.com\/?page_id=259"},"modified":"2025-04-16T18:30:00","modified_gmt":"2025-04-16T10:30:00","slug":"polished-fused-silica-quartz-plates","status":"publish","type":"page","link":"https:\/\/exactquartz.com\/pt\/quartz-discs-and-plates\/polished-fused-silica-quartz-plates\/","title":{"rendered":"Placas de quartzo de s\u00edlica fundida polida"},"content":{"rendered":"<div data-elementor-type=\"wp-page\" data-elementor-id=\"259\" class=\"elementor elementor-259\" data-elementor-post-type=\"page\">\n\t\t\t\t<div class=\"elementor-element elementor-element-abb877f e-flex e-con-boxed e-con e-parent\" data-id=\"abb877f\" data-element_type=\"container\">\n\t\t\t\t\t<div class=\"e-con-inner\">\n\t\t<div class=\"elementor-element elementor-element-82153af e-con-full e-flex e-con e-child\" data-id=\"82153af\" data-element_type=\"container\">\n\t\t\t\t<div class=\"elementor-element elementor-element-b617f08 elementor-skin-slideshow elementor-arrows-yes elementor-widget elementor-widget-media-carousel\" data-id=\"b617f08\" data-element_type=\"widget\" data-settings=\"{&quot;skin&quot;:&quot;slideshow&quot;,&quot;effect&quot;:&quot;fade&quot;,&quot;slideshow_slides_per_view&quot;:&quot;2&quot;,&quot;show_arrows&quot;:&quot;yes&quot;,&quot;speed&quot;:500,&quot;autoplay&quot;:&quot;yes&quot;,&quot;autoplay_speed&quot;:5000,&quot;loop&quot;:&quot;yes&quot;,&quot;pause_on_hover&quot;:&quot;yes&quot;,&quot;pause_on_interaction&quot;:&quot;yes&quot;,&quot;space_between&quot;:{&quot;unit&quot;:&quot;px&quot;,&quot;size&quot;:10,&quot;sizes&quot;:[]},&quot;space_between_tablet&quot;:{&quot;unit&quot;:&quot;px&quot;,&quot;size&quot;:10,&quot;sizes&quot;:[]},&quot;space_between_mobile&quot;:{&quot;unit&quot;:&quot;px&quot;,&quot;size&quot;:10,&quot;sizes&quot;:[]}}\" data-widget_type=\"media-carousel.default\">\n\t\t\t\t<div class=\"elementor-widget-container\">\n\t\t\t\t\t\t\t\t\t<div class=\"elementor-swiper\">\n\t\t\t\t\t<div class=\"elementor-main-swiper swiper\" role=\"region\" aria-roledescription=\"carousel\" aria-label=\"Deslizamentos\">\n\t\t\t\t<div class=\"swiper-wrapper\">\n\t\t\t\t\t\t\t\t\t\t\t<div class=\"swiper-slide\" role=\"group\" aria-roledescription=\"slide\">\n\t\t\t\t\t\t\t\t\t<div class=\"elementor-carousel-image\" role=\"img\" aria-label=\"Placa de vidro de quartzo de s\u00edlica fundida\" style=\"background-image: url(&#039;https:\/\/exactquartz.com\/wp-content\/uploads\/2025\/03\/Fused-Silica-Quartz-Glass-Sheets-Plate.webp&#039;)\">\n\n\t\t\t\n\t\t\t\t\t<\/div>\n\t\t\t\t\t\t\t\t<\/div>\n\t\t\t\t\t\t\t\t\t\t\t<div class=\"swiper-slide\" role=\"group\" aria-roledescription=\"slide\">\n\t\t\t\t\t\t\t\t\t<div class=\"elementor-carousel-image\" role=\"img\" aria-label=\"Folhas de vidro de quartzo de s\u00edlica fundida Placa 2\" style=\"background-image: url(&#039;https:\/\/exactquartz.com\/wp-content\/uploads\/2025\/03\/Fused-Silica-Quartz-Glass-Sheets-Plate-2.webp&#039;)\">\n\n\t\t\t\n\t\t\t\t\t<\/div>\n\t\t\t\t\t\t\t\t<\/div>\n\t\t\t\t\t\t\t\t\t<\/div>\n\t\t\t\t\t\t\t\t\t\t\t\t\t\t\t<div class=\"elementor-swiper-button elementor-swiper-button-prev\" role=\"button\" tabindex=\"0\" aria-label=\"\u041f\u0440\u0435\u0434\u044b\u0434\u0443\u0449\u0438\u0439\" data-no-translation-aria-label=\"\">\n\t\t\t\t\t\t\t<svg aria-hidden=\"true\" class=\"e-font-icon-svg e-eicon-chevron-left\" viewbox=\"0 0 1000 1000\" xmlns=\"http:\/\/www.w3.org\/2000\/svg\"><path d=\"M646 125C629 125 613 133 604 142L308 442C296 454 292 471 292 487 292 504 296 521 308 533L604 854C617 867 629 875 646 875 663 875 679 871 692 858 704 846 713 829 713 812 713 796 708 779 692 767L438 487 692 225C700 217 708 204 708 187 708 171 704 154 692 142 675 129 663 125 646 125Z\"><\/path><\/svg>\t\t\t\t\t\t<\/div>\n\t\t\t\t\t\t<div class=\"elementor-swiper-button elementor-swiper-button-next\" role=\"button\" tabindex=\"0\" aria-label=\"\u0421\u043b\u0435\u0434\u0443\u044e\u0449\u0438\u0439\" data-no-translation-aria-label=\"\">\n\t\t\t\t\t\t\t<svg aria-hidden=\"true\" class=\"e-font-icon-svg e-eicon-chevron-right\" viewbox=\"0 0 1000 1000\" xmlns=\"http:\/\/www.w3.org\/2000\/svg\"><path d=\"M696 533C708 521 713 504 713 487 713 471 708 454 696 446L400 146C388 133 375 125 354 125 338 125 325 129 313 142 300 154 292 171 292 187 292 204 296 221 308 233L563 492 304 771C292 783 288 800 288 817 288 833 296 850 308 863 321 871 338 875 354 875 371 875 388 867 400 854L696 533Z\"><\/path><\/svg>\t\t\t\t\t\t<\/div>\n\t\t\t\t\t\t\t\t\t\t\t\t\t\t\t\t\t<\/div>\n\t\t\t\t<\/div>\n\t\t\t\t\t\t\t\t<div class=\"elementor-swiper\">\n\t\t\t\t\t<div class=\"elementor-main-swiper swiper elementor-thumbnails-swiper swiper\" role=\"region region\" aria-roledescription=\"carousel carousel\" aria-label=\"Slides Slides\">\n\t\t\t\t<div class=\"swiper-wrapper\">\n\t\t\t\t\t\t\t\t\t\t\t<div class=\"swiper-slide\" role=\"group\" aria-roledescription=\"slide\">\n\t\t\t\t\t\t\t\t\t<div class=\"elementor-carousel-image\" role=\"img\" aria-label=\"Placa de vidro de quartzo de s\u00edlica fundida\" style=\"background-image: url(&#039;https:\/\/exactquartz.com\/wp-content\/uploads\/2025\/03\/Fused-Silica-Quartz-Glass-Sheets-Plate.webp&#039;)\">\n\n\t\t\t\n\t\t\t\t\t<\/div>\n\t\t\t\t\t\t\t\t<\/div>\n\t\t\t\t\t\t\t\t\t\t\t<div class=\"swiper-slide\" role=\"group\" aria-roledescription=\"slide\">\n\t\t\t\t\t\t\t\t\t<div class=\"elementor-carousel-image\" role=\"img\" aria-label=\"Folhas de vidro de quartzo de s\u00edlica fundida Placa 2\" style=\"background-image: url(&#039;https:\/\/exactquartz.com\/wp-content\/uploads\/2025\/03\/Fused-Silica-Quartz-Glass-Sheets-Plate-2.webp&#039;)\">\n\n\t\t\t\n\t\t\t\t\t<\/div>\n\t\t\t\t\t\t\t\t<\/div>\n\t\t\t\t\t\t\t\t\t<\/div>\n\t\t\t\t\t\t\t\t\t\t\t\t\t\t\t\t\t\t\t\t\t<\/div>\n\t\t\t\t<\/div>\n\t\t\t\t\t\t\t\t<\/div>\n\t\t\t\t<\/div>\n\t\t\t\t<\/div>\n\t\t<div class=\"elementor-element elementor-element-c514cbd e-con-full e-flex e-con e-child\" data-id=\"c514cbd\" data-element_type=\"container\">\n\t\t\t\t<div class=\"elementor-element elementor-element-70d5eba elementor-widget elementor-widget-heading\" data-id=\"70d5eba\" data-element_type=\"widget\" data-widget_type=\"heading.default\">\n\t\t\t\t<div class=\"elementor-widget-container\">\n\t\t\t\t\t<h2 class=\"elementor-heading-title elementor-size-default\">Placas de quartzo de s\u00edlica fundida polida - Vidro de dupla face<\/h2>\t\t\t\t<\/div>\n\t\t\t\t<\/div>\n\t\t\t\t<div class=\"elementor-element elementor-element-ac956f7 elementor-widget elementor-widget-text-editor\" data-id=\"ac956f7\" data-element_type=\"widget\" data-widget_type=\"text-editor.default\">\n\t\t\t\t<div class=\"elementor-widget-container\">\n\t\t\t\t\t\t\t\t\t<ul><li>Placas\/discos de vidro de quartzo polido com fus\u00e3o de s\u00edlica de alta qualidade<\/li><li>Temperatura do ponto de fus\u00e3o: 1700 graus Celsius<\/li><li>Carater\u00edstica: Alta transmiss\u00e3o de luz<\/li><li>Tamanho: Personalizado<\/li><li>Tratamento de superf\u00edcie: Polido<\/li><li>Forma: Quadrado\/redondo<\/li><li>Pureza: 99,99% S\u00edlica<\/li><li>Pacote de transporte: por caixa de madeira de exporta\u00e7\u00e3o padr\u00e3o<\/li><li>Especifica\u00e7\u00e3o: pode ser personalizado<\/li><li>Origem: Fabricado na China<\/li><\/ul>\t\t\t\t\t\t\t\t<\/div>\n\t\t\t\t<\/div>\n\t\t\t\t<div class=\"elementor-element elementor-element-df8034f elementor-align-left elementor-widget elementor-widget-button\" data-id=\"df8034f\" data-element_type=\"widget\" data-widget_type=\"button.default\">\n\t\t\t\t<div class=\"elementor-widget-container\">\n\t\t\t\t\t\t\t\t\t<div class=\"elementor-button-wrapper\">\n\t\t\t\t\t<a class=\"elementor-button elementor-button-link elementor-size-sm\" href=\"#elementor-action%3Aaction%3Dpopup%3Aopen%26settings%3DeyJpZCI6IjEyNzUiLCJ0b2dnbGUiOmZhbHNlfQ%3D%3D\">\n\t\t\t\t\t\t<span class=\"elementor-button-content-wrapper\">\n\t\t\t\t\t\t\t\t\t<span class=\"elementor-button-text\">Or\u00e7amento r\u00e1pido<\/span>\n\t\t\t\t\t<\/span>\n\t\t\t\t\t<\/a>\n\t\t\t\t<\/div>\n\t\t\t\t\t\t\t\t<\/div>\n\t\t\t\t<\/div>\n\t\t\t\t<\/div>\n\t\t\t\t\t<\/div>\n\t\t\t\t<\/div>\n\t\t<div class=\"elementor-element elementor-element-a2ed80c e-flex e-con-boxed e-con e-parent\" data-id=\"a2ed80c\" data-element_type=\"container\">\n\t\t\t\t\t<div class=\"e-con-inner\">\n\t\t\t\t<div class=\"elementor-element elementor-element-1055203 elementor-widget elementor-widget-heading\" data-id=\"1055203\" data-element_type=\"widget\" data-widget_type=\"heading.default\">\n\t\t\t\t<div class=\"elementor-widget-container\">\n\t\t\t\t\t<h3 class=\"elementor-heading-title elementor-size-default\">Detalhes:<\/h3>\t\t\t\t<\/div>\n\t\t\t\t<\/div>\n\t\t\t\t<div class=\"elementor-element elementor-element-ceddc61 elementor-widget elementor-widget-text-editor\" data-id=\"ceddc61\" data-element_type=\"widget\" data-widget_type=\"text-editor.default\">\n\t\t\t\t<div class=\"elementor-widget-container\">\n\t\t\t\t\t\t\t\t\t<p>A placa de vidro de quartzo de s\u00edlica fundida polida de dupla face \u00e9 um material de alta qualidade utilizado em v\u00e1rias aplica\u00e7\u00f5es devido \u00e0s suas excelentes propriedades \u00f3pticas e t\u00e9rmicas. Aqui est\u00e3o os detalhes do produto:<\/p><p>1. Material: Quartzo de s\u00edlica fundida - Este material \u00e9 feito de di\u00f3xido de sil\u00edcio puro (SiO2) e \u00e9 conhecido pela sua elevada transpar\u00eancia, baixo coeficiente de expans\u00e3o t\u00e9rmica e excelente resist\u00eancia ao choque t\u00e9rmico.<\/p><p>2. Lado duplo polido: As folhas de vidro s\u00e3o polidas em ambos os lados para obter uma superf\u00edcie lisa e plana, garantindo uma elevada clareza \u00f3tica e uma dispers\u00e3o m\u00ednima da luz.<\/p><p>3. Espessura: A espessura das folhas de vidro pode variar consoante os requisitos espec\u00edficos da aplica\u00e7\u00e3o. As op\u00e7\u00f5es comuns de espessura variam entre 0,5 mm e 10 mm.<\/p><p>4. Dimens\u00f5es: As chapas de vidro est\u00e3o dispon\u00edveis em v\u00e1rias dimens\u00f5es, incluindo dimens\u00f5es normalizadas ou dimens\u00f5es personalizadas com base nas especifica\u00e7\u00f5es do cliente.<\/p><p>5. Qualidade da superf\u00edcie: As chapas de vidro t\u00eam uma elevada qualidade de superf\u00edcie, sem riscos, buracos ou outros defeitos que possam afetar o seu desempenho \u00f3tico.<\/p><p>6. Transpar\u00eancia: O vidro de quartzo de s\u00edlica fundida tem excelentes propriedades \u00f3pticas, permitindo uma elevada transmiss\u00e3o de luz numa vasta gama de comprimentos de onda, incluindo os espectros ultravioleta (UV), vis\u00edvel e infravermelho (IV).<\/p><p>7. Estabilidade t\u00e9rmica: O vidro de quartzo de s\u00edlica fundida tem um baixo coeficiente de expans\u00e3o t\u00e9rmica, o que o torna altamente resistente ao choque t\u00e9rmico e capaz de suportar temperaturas elevadas at\u00e9 1000\u00b0C ou superiores.<\/p><p>8. Resist\u00eancia qu\u00edmica: As placas de vidro apresentam uma excelente resist\u00eancia \u00e0 maioria dos produtos qu\u00edmicos, \u00e1cidos e \u00e1lcalis, o que as torna adequadas para utiliza\u00e7\u00e3o em ambientes qu\u00edmicos agressivos.<\/p><p>9. Aplica\u00e7\u00f5es: A placa de vidro de quartzo de s\u00edlica fundida polida de dupla face encontra aplica\u00e7\u00f5es em v\u00e1rias ind\u00fastrias, incluindo \u00f3tica, fabrico de semicondutores, fotovoltaica, tecnologia laser, telecomunica\u00e7\u00f5es e laborat\u00f3rios de investiga\u00e7\u00e3o. \u00c9 normalmente utilizada para janelas, lentes, espelhos, prismas, substratos e outros componentes \u00f3pticos.<\/p><p>10. Embalagem: As placas de vidro s\u00e3o cuidadosamente embaladas para garantir um transporte e uma entrega seguros, protegendo-as de eventuais danos durante o transporte.<\/p>\t\t\t\t\t\t\t\t<\/div>\n\t\t\t\t<\/div>\n\t\t\t\t\t<\/div>\n\t\t\t\t<\/div>\n\t\t\t\t<\/div>","protected":false},"excerpt":{"rendered":"<p>Polished Fused Silica Quartz Plates \u2013 Double Sided Glass High Quality Silica Fused Polished Quartz Glass Plates\/Discs Melting Point Temperature: [&hellip;]<\/p>","protected":false},"author":7,"featured_media":260,"parent":841,"menu_order":0,"comment_status":"closed","ping_status":"closed","template":"","meta":{"_seopress_robots_primary_cat":"","_seopress_titles_title":"Polished Fused Silica Quartz Plates \u2013 Double Sided Glass","_seopress_titles_desc":"High-purity fused silica sheets, double side polished. UV\u2013IR transmission, 99.99% SiO\u2082, 0.5\u201310mm thick. For optics, lasers, semiconductors & substrates.","_seopress_robots_index":"","site-sidebar-layout":"no-sidebar","site-content-layout":"","ast-site-content-layout":"full-width-container","site-content-style":"default","site-sidebar-style":"default","ast-global-header-display":"","ast-banner-title-visibility":"","ast-main-header-display":"","ast-hfb-above-header-display":"","ast-hfb-below-header-display":"","ast-hfb-mobile-header-display":"","site-post-title":"disabled","ast-breadcrumbs-content":"","ast-featured-img":"disabled","footer-sml-layout":"","theme-transparent-header-meta":"","adv-header-id-meta":"","stick-header-meta":"","header-above-stick-meta":"","header-main-stick-meta":"","header-below-stick-meta":"","astra-migrate-meta-layouts":"default","ast-page-background-enabled":"default","ast-page-background-meta":{"desktop":{"background-color":"var(--ast-global-color-5)","background-image":"","background-repeat":"repeat","background-position":"center center","background-size":"auto","background-attachment":"scroll","background-type":"","background-media":"","overlay-type":"","overlay-color":"","overlay-opacity":"","overlay-gradient":""},"tablet":{"background-color":"","background-image":"","background-repeat":"repeat","background-position":"center center","background-size":"auto","background-attachment":"scroll","background-type":"","background-media":"","overlay-type":"","overlay-color":"","overlay-opacity":"","overlay-gradient":""},"mobile":{"background-color":"","background-image":"","background-repeat":"repeat","background-position":"center center","background-size":"auto","background-attachment":"scroll","background-type":"","background-media":"","overlay-type":"","overlay-color":"","overlay-opacity":"","overlay-gradient":""}},"ast-content-background-meta":{"desktop":{"background-color":"var(--ast-global-color-4)","background-image":"","background-repeat":"repeat","background-position":"center center","background-size":"auto","background-attachment":"scroll","background-type":"","background-media":"","overlay-type":"","overlay-color":"","overlay-opacity":"","overlay-gradient":""},"tablet":{"background-color":"var(--ast-global-color-4)","background-image":"","background-repeat":"repeat","background-position":"center center","background-size":"auto","background-attachment":"scroll","background-type":"","background-media":"","overlay-type":"","overlay-color":"","overlay-opacity":"","overlay-gradient":""},"mobile":{"background-color":"var(--ast-global-color-4)","background-image":"","background-repeat":"repeat","background-position":"center center","background-size":"auto","background-attachment":"scroll","background-type":"","background-media":"","overlay-type":"","overlay-color":"","overlay-opacity":"","overlay-gradient":""}},"footnotes":""},"class_list":["post-259","page","type-page","status-publish","has-post-thumbnail","hentry"],"_hostinger_reach_plugin_has_subscription_block":false,"_hostinger_reach_plugin_is_elementor":false,"_links":{"self":[{"href":"https:\/\/exactquartz.com\/pt\/wp-json\/wp\/v2\/pages\/259","targetHints":{"allow":["GET"]}}],"collection":[{"href":"https:\/\/exactquartz.com\/pt\/wp-json\/wp\/v2\/pages"}],"about":[{"href":"https:\/\/exactquartz.com\/pt\/wp-json\/wp\/v2\/types\/page"}],"author":[{"embeddable":true,"href":"https:\/\/exactquartz.com\/pt\/wp-json\/wp\/v2\/users\/7"}],"replies":[{"embeddable":true,"href":"https:\/\/exactquartz.com\/pt\/wp-json\/wp\/v2\/comments?post=259"}],"version-history":[{"count":11,"href":"https:\/\/exactquartz.com\/pt\/wp-json\/wp\/v2\/pages\/259\/revisions"}],"predecessor-version":[{"id":1443,"href":"https:\/\/exactquartz.com\/pt\/wp-json\/wp\/v2\/pages\/259\/revisions\/1443"}],"up":[{"embeddable":true,"href":"https:\/\/exactquartz.com\/pt\/wp-json\/wp\/v2\/pages\/841"}],"wp:featuredmedia":[{"embeddable":true,"href":"https:\/\/exactquartz.com\/pt\/wp-json\/wp\/v2\/media\/260"}],"wp:attachment":[{"href":"https:\/\/exactquartz.com\/pt\/wp-json\/wp\/v2\/media?parent=259"}],"curies":[{"name":"wp","href":"https:\/\/api.w.org\/{rel}","templated":true}]}}