{"id":281,"date":"2025-03-27T11:38:48","date_gmt":"2025-03-27T03:38:48","guid":{"rendered":"https:\/\/exactquartz.com\/?page_id=281"},"modified":"2025-04-16T18:29:53","modified_gmt":"2025-04-16T10:29:53","slug":"uv-quartz-polishing-plates","status":"publish","type":"page","link":"https:\/\/exactquartz.com\/pt\/quartz-discs-and-plates\/uv-quartz-polishing-plates\/","title":{"rendered":"Placas de polimento de quartzo UV"},"content":{"rendered":"<div data-elementor-type=\"wp-page\" data-elementor-id=\"281\" class=\"elementor elementor-281\" data-elementor-post-type=\"page\">\n\t\t\t\t<div class=\"elementor-element elementor-element-d2bc4f1 e-flex e-con-boxed e-con e-parent\" data-id=\"d2bc4f1\" data-element_type=\"container\">\n\t\t\t\t\t<div class=\"e-con-inner\">\n\t\t<div class=\"elementor-element elementor-element-6d0fc6f e-con-full e-flex e-con e-child\" data-id=\"6d0fc6f\" data-element_type=\"container\">\n\t\t\t\t<div class=\"elementor-element elementor-element-70fde5e elementor-widget elementor-widget-image\" data-id=\"70fde5e\" data-element_type=\"widget\" data-widget_type=\"image.default\">\n\t\t\t\t<div class=\"elementor-widget-container\">\n\t\t\t\t\t\t\t\t\t\t\t\t\t\t\t<img fetchpriority=\"high\" decoding=\"async\" width=\"500\" height=\"373\" src=\"https:\/\/exactquartz.com\/wp-content\/uploads\/2025\/03\/UV-quartz-polishing-plates-high-transparency-ultraviolet-quartz-plates.webp\" class=\"attachment-large size-large wp-image-382\" alt=\"Placas de polimento de quartzo UV, placas de quartzo ultravioleta de alta transpar\u00eancia\" srcset=\"https:\/\/exactquartz.com\/wp-content\/uploads\/2025\/03\/UV-quartz-polishing-plates-high-transparency-ultraviolet-quartz-plates.webp 500w, https:\/\/exactquartz.com\/wp-content\/uploads\/2025\/03\/UV-quartz-polishing-plates-high-transparency-ultraviolet-quartz-plates-300x224.webp 300w\" sizes=\"(max-width: 500px) 100vw, 500px\" \/>\t\t\t\t\t\t\t\t\t\t\t\t\t\t\t<\/div>\n\t\t\t\t<\/div>\n\t\t\t\t<\/div>\n\t\t<div class=\"elementor-element elementor-element-2a56432 e-con-full e-flex e-con e-child\" data-id=\"2a56432\" data-element_type=\"container\">\n\t\t\t\t<div class=\"elementor-element elementor-element-70d5eba elementor-widget elementor-widget-heading\" data-id=\"70d5eba\" data-element_type=\"widget\" data-widget_type=\"heading.default\">\n\t\t\t\t<div class=\"elementor-widget-container\">\n\t\t\t\t\t<h2 class=\"elementor-heading-title elementor-size-default\">Placas de polimento de quartzo UV<\/h2>\t\t\t\t<\/div>\n\t\t\t\t<\/div>\n\t\t\t\t<div class=\"elementor-element elementor-element-ac956f7 elementor-widget elementor-widget-text-editor\" data-id=\"ac956f7\" data-element_type=\"widget\" data-widget_type=\"text-editor.default\">\n\t\t\t\t<div class=\"elementor-widget-container\">\n\t\t\t\t\t\t\t\t\t<p>Oferecemos fornecimento direto de placas de polimento de quartzo UV feitas \u00e0 medida, placas de quartzo ultravioleta de alta transpar\u00eancia e placas de janela com base em desenhos ou amostras fornecidas pelo cliente. Nossos produtos s\u00e3o amplamente utilizados em laser UV, instrumentos \u00f3pticos e ind\u00fastrias de fabrica\u00e7\u00e3o de semicondutores.<\/p>\t\t\t\t\t\t\t\t<\/div>\n\t\t\t\t<\/div>\n\t\t\t\t<div class=\"elementor-element elementor-element-1eb84e3 elementor-align-left elementor-widget elementor-widget-button\" data-id=\"1eb84e3\" data-element_type=\"widget\" data-widget_type=\"button.default\">\n\t\t\t\t<div class=\"elementor-widget-container\">\n\t\t\t\t\t\t\t\t\t<div class=\"elementor-button-wrapper\">\n\t\t\t\t\t<a class=\"elementor-button elementor-button-link elementor-size-sm\" href=\"#elementor-action%3Aaction%3Dpopup%3Aopen%26settings%3DeyJpZCI6IjEyNzUiLCJ0b2dnbGUiOmZhbHNlfQ%3D%3D\">\n\t\t\t\t\t\t<span class=\"elementor-button-content-wrapper\">\n\t\t\t\t\t\t\t\t\t<span class=\"elementor-button-text\">Or\u00e7amento r\u00e1pido<\/span>\n\t\t\t\t\t<\/span>\n\t\t\t\t\t<\/a>\n\t\t\t\t<\/div>\n\t\t\t\t\t\t\t\t<\/div>\n\t\t\t\t<\/div>\n\t\t\t\t<\/div>\n\t\t\t\t\t<\/div>\n\t\t\t\t<\/div>\n\t\t<div class=\"elementor-element elementor-element-a2ed80c e-flex e-con-boxed e-con e-parent\" data-id=\"a2ed80c\" data-element_type=\"container\">\n\t\t\t\t\t<div class=\"e-con-inner\">\n\t\t\t\t<div class=\"elementor-element elementor-element-ceddc61 elementor-widget elementor-widget-text-editor\" data-id=\"ceddc61\" data-element_type=\"widget\" data-widget_type=\"text-editor.default\">\n\t\t\t\t<div class=\"elementor-widget-container\">\n\t\t\t\t\t\t\t\t\t<p>As placas\/discos de vidro de quartzo de alta qualidade s\u00e3o um tipo de material de vidro amplamente utilizado em v\u00e1rios sectores, incluindo o dos semicondutores, \u00f3tico e laboratorial. S\u00e3o feitos de vidro de quartzo fundido de alta pureza, o que os torna altamente resistentes ao choque t\u00e9rmico e \u00e0 corros\u00e3o qu\u00edmica. Estas placas e discos s\u00e3o caracterizados pelas suas excelentes propriedades \u00f3pticas, elevadas taxas de transmiss\u00e3o e baixo coeficiente de expans\u00e3o t\u00e9rmica. Podem ser personalizados para satisfazer requisitos espec\u00edficos, como o tamanho, a espessura e o acabamento da superf\u00edcie. Devido \u00e0s suas propriedades \u00fanicas, as placas\/discos de vidro de quartzo de alta qualidade s\u00e3o ideais para utiliza\u00e7\u00e3o em aplica\u00e7\u00f5es que exigem elevada precis\u00e3o, como o processamento de bolachas, janelas \u00f3pticas e an\u00e1lise qu\u00edmica.<\/p>\t\t\t\t\t\t\t\t<\/div>\n\t\t\t\t<\/div>\n\t\t\t\t<div class=\"elementor-element elementor-element-b7e9c99 elementor-widget elementor-widget-heading\" data-id=\"b7e9c99\" data-element_type=\"widget\" data-widget_type=\"heading.default\">\n\t\t\t\t<div class=\"elementor-widget-container\">\n\t\t\t\t\t<h3 class=\"elementor-heading-title elementor-size-default\">Introdu\u00e7\u00e3o:<\/h3>\t\t\t\t<\/div>\n\t\t\t\t<\/div>\n\t\t\t\t<div class=\"elementor-element elementor-element-281af31 elementor-widget elementor-widget-text-editor\" data-id=\"281af31\" data-element_type=\"widget\" data-widget_type=\"text-editor.default\">\n\t\t\t\t<div class=\"elementor-widget-container\">\n\t\t\t\t\t\t\t\t\t<p>As placas de polimento de quartzo \u00f3tico s\u00e3o componentes essenciais em v\u00e1rias ind\u00fastrias, fornecendo a precis\u00e3o e o desempenho necess\u00e1rios para aplica\u00e7\u00f5es cr\u00edticas. Este artigo tem como objetivo explorar as principais carater\u00edsticas, benef\u00edcios e aspectos num\u00e9ricos das placas de polimento de quartzo \u00f3tico, lan\u00e7ando luz sobre a sua import\u00e2ncia na obten\u00e7\u00e3o de uma qualidade \u00f3tica superior.<span id=\"7\" class=\"notranslate immersive-translate-target-wrapper\" lang=\"zh-CN\" translate=\"no\" data-immersive-translate-loading-id=\"\">\u00a0<\/span><\/p>\t\t\t\t\t\t\t\t<\/div>\n\t\t\t\t<\/div>\n\t\t\t\t<div class=\"elementor-element elementor-element-fe0cb41 elementor-widget elementor-widget-heading\" data-id=\"fe0cb41\" data-element_type=\"widget\" data-widget_type=\"heading.default\">\n\t\t\t\t<div class=\"elementor-widget-container\">\n\t\t\t\t\t<h3 class=\"elementor-heading-title elementor-size-default\">1. Nivelamento excecional:<\/h3>\t\t\t\t<\/div>\n\t\t\t\t<\/div>\n\t\t\t\t<div class=\"elementor-element elementor-element-733f615 elementor-widget elementor-widget-text-editor\" data-id=\"733f615\" data-element_type=\"widget\" data-widget_type=\"text-editor.default\">\n\t\t\t\t<div class=\"elementor-widget-container\">\n\t\t\t\t\t\t\t\t\t<p>As placas de polimento de quartzo \u00f3tico s\u00e3o conhecidas pela sua excecional planicidade, garantindo uniformidade e consist\u00eancia nas superf\u00edcies polidas. Estas placas podem atingir n\u00edveis de planicidade t\u00e3o baixos como \u03bb\/10 (em que \u03bb \u00e9 o comprimento de onda da luz), garantindo uma distor\u00e7\u00e3o m\u00ednima da superf\u00edcie e mantendo a integridade dos sistemas \u00f3pticos.<\/p>\t\t\t\t\t\t\t\t<\/div>\n\t\t\t\t<\/div>\n\t\t\t\t<div class=\"elementor-element elementor-element-39cf9eb elementor-widget elementor-widget-heading\" data-id=\"39cf9eb\" data-element_type=\"widget\" data-widget_type=\"heading.default\">\n\t\t\t\t<div class=\"elementor-widget-container\">\n\t\t\t\t\t<h3 class=\"elementor-heading-title elementor-size-default\">2. Rugosidade de superf\u00edcie sub-Angstrom:<\/h3>\t\t\t\t<\/div>\n\t\t\t\t<\/div>\n\t\t\t\t<div class=\"elementor-element elementor-element-cc3d847 elementor-widget elementor-widget-text-editor\" data-id=\"cc3d847\" data-element_type=\"widget\" data-widget_type=\"text-editor.default\">\n\t\t\t\t<div class=\"elementor-widget-container\">\n\t\t\t\t\t\t\t\t\t<p>A rugosidade da superf\u00edcie desempenha um papel crucial na determina\u00e7\u00e3o da qualidade \u00f3tica das superf\u00edcies polidas. As placas de polimento de quartzo \u00f3tico apresentam uma rugosidade de superf\u00edcie sub-angstrom, normalmente na gama de 0,1 - 0,5 \u00c5 (angstrom). Este acabamento de superf\u00edcie ultra-suave minimiza a dispers\u00e3o e a reflex\u00e3o, maximizando a transmiss\u00e3o da luz e melhorando o desempenho \u00f3tico global.<\/p>\t\t\t\t\t\t\t\t<\/div>\n\t\t\t\t<\/div>\n\t\t\t\t<div class=\"elementor-element elementor-element-e7a94c2 elementor-widget elementor-widget-heading\" data-id=\"e7a94c2\" data-element_type=\"widget\" data-widget_type=\"heading.default\">\n\t\t\t\t<div class=\"elementor-widget-container\">\n\t\t\t\t\t<h3 class=\"elementor-heading-title elementor-size-default\">3. Alta pureza do material:<\/h3>\t\t\t\t<\/div>\n\t\t\t\t<\/div>\n\t\t\t\t<div class=\"elementor-element elementor-element-529c317 elementor-widget elementor-widget-text-editor\" data-id=\"529c317\" data-element_type=\"widget\" data-widget_type=\"text-editor.default\">\n\t\t\t\t<div class=\"elementor-widget-container\">\n\t\t\t\t\t\t\t\t\t<p>As placas de polimento de quartzo \u00f3tico s\u00e3o fabricadas a partir de quartzo de elevada pureza, garantindo o m\u00ednimo de impurezas e uma excelente clareza \u00f3tica. A pureza do material tem um impacto direto na transmiss\u00e3o e na qualidade da luz que passa atrav\u00e9s das superf\u00edcies polidas. As placas de quartzo com n\u00edveis de pureza superiores a 99,99% s\u00e3o normalmente utilizadas, permitindo um controlo preciso da luz em aplica\u00e7\u00f5es como a microscopia, a espetroscopia e os sistemas laser.<\/p>\t\t\t\t\t\t\t\t<\/div>\n\t\t\t\t<\/div>\n\t\t\t\t<div class=\"elementor-element elementor-element-a438a24 elementor-widget elementor-widget-heading\" data-id=\"a438a24\" data-element_type=\"widget\" data-widget_type=\"heading.default\">\n\t\t\t\t<div class=\"elementor-widget-container\">\n\t\t\t\t\t<h3 class=\"elementor-heading-title elementor-size-default\">4. Toler\u00e2ncia e exatid\u00e3o dimensional:<\/h3>\t\t\t\t<\/div>\n\t\t\t\t<\/div>\n\t\t\t\t<div class=\"elementor-element elementor-element-2c83de3 elementor-widget elementor-widget-text-editor\" data-id=\"2c83de3\" data-element_type=\"widget\" data-widget_type=\"text-editor.default\">\n\t\t\t\t<div class=\"elementor-widget-container\">\n\t\t\t\t\t\t\t\t\t<p>Para satisfazer os requisitos rigorosos das aplica\u00e7\u00f5es \u00f3pticas, as placas de polimento de quartzo s\u00e3o produzidas com elevada precis\u00e3o dimensional e toler\u00e2ncias apertadas. As toler\u00e2ncias dimensionais t\u00edpicas para estas placas variam entre \u00b10,01 mm e \u00b10,05 mm, assegurando um alinhamento exato e a compatibilidade com os sistemas \u00f3pticos. Este n\u00edvel de precis\u00e3o garante um desempenho \u00f3timo e evita quaisquer efeitos prejudiciais causados por desalinhamento ou inconsist\u00eancia.<\/p>\t\t\t\t\t\t\t\t<\/div>\n\t\t\t\t<\/div>\n\t\t\t\t<div class=\"elementor-element elementor-element-a84143a elementor-widget elementor-widget-heading\" data-id=\"a84143a\" data-element_type=\"widget\" data-widget_type=\"heading.default\">\n\t\t\t\t<div class=\"elementor-widget-container\">\n\t\t\t\t\t<h3 class=\"elementor-heading-title elementor-size-default\">5. Op\u00e7\u00f5es de personaliza\u00e7\u00e3o:<\/h3>\t\t\t\t<\/div>\n\t\t\t\t<\/div>\n\t\t\t\t<div class=\"elementor-element elementor-element-a769174 elementor-widget elementor-widget-text-editor\" data-id=\"a769174\" data-element_type=\"widget\" data-widget_type=\"text-editor.default\">\n\t\t\t\t<div class=\"elementor-widget-container\">\n\t\t\t\t\t\t\t\t\t<p>As placas de polimento de quartzo \u00f3tico oferecem op\u00e7\u00f5es de personaliza\u00e7\u00e3o alargadas, permitindo solu\u00e7\u00f5es \u00e0 medida das necessidades de aplica\u00e7\u00f5es espec\u00edficas. Podem ser fabricadas formas, tamanhos e espessuras personalizadas para satisfazer requisitos precisos. Al\u00e9m disso, podem ser aplicados acabamentos de superf\u00edcie, revestimentos e tratamentos de extremidades espec\u00edficos para melhorar ainda mais o desempenho e a funcionalidade.<\/p>\t\t\t\t\t\t\t\t<\/div>\n\t\t\t\t<\/div>\n\t\t\t\t<div class=\"elementor-element elementor-element-596ad3d elementor-widget elementor-widget-heading\" data-id=\"596ad3d\" data-element_type=\"widget\" data-widget_type=\"heading.default\">\n\t\t\t\t<div class=\"elementor-widget-container\">\n\t\t\t\t\t<h3 class=\"elementor-heading-title elementor-size-default\">Conclus\u00e3o: <\/h3>\t\t\t\t<\/div>\n\t\t\t\t<\/div>\n\t\t\t\t<div class=\"elementor-element elementor-element-0549bf7 elementor-widget elementor-widget-text-editor\" data-id=\"0549bf7\" data-element_type=\"widget\" data-widget_type=\"text-editor.default\">\n\t\t\t\t<div class=\"elementor-widget-container\">\n\t\t\t\t\t\t\t\t\t<p>As placas de polimento de quartzo \u00f3tico s\u00e3o componentes cr\u00edticos que contribuem para alcan\u00e7ar uma qualidade \u00f3tica superior em v\u00e1rias ind\u00fastrias. Com uma planicidade excecional, rugosidade de superf\u00edcie sub-angstrom, elevada pureza do material e precis\u00e3o dimensional, estas placas asseguram uma transmiss\u00e3o de luz \u00f3ptima e minimizam a distor\u00e7\u00e3o da superf\u00edcie. A capacidade de personalizar estas placas aumenta ainda mais a sua versatilidade, permitindo solu\u00e7\u00f5es \u00e0 medida para aplica\u00e7\u00f5es espec\u00edficas. \u00c0 medida que a \u00f3tica de precis\u00e3o continua a avan\u00e7ar, espera-se que a procura de placas de polimento de quartzo \u00f3tico de elevado desempenho aumente, alimentando a inova\u00e7\u00e3o e alargando os limites da tecnologia \u00f3tica.<\/p>\t\t\t\t\t\t\t\t<\/div>\n\t\t\t\t<\/div>\n\t\t\t\t\t<\/div>\n\t\t\t\t<\/div>\n\t\t\t\t<\/div>","protected":false},"excerpt":{"rendered":"<p>UV Quartz Polishing Plates We offer direct supply of custom-made UV quartz polishing plates, high-transparency ultraviolet quartz plates, and window [&hellip;]<\/p>","protected":false},"author":7,"featured_media":382,"parent":841,"menu_order":0,"comment_status":"closed","ping_status":"closed","template":"","meta":{"_seopress_robots_primary_cat":"","_seopress_titles_title":"UV Quartz Polishing Plates \u2013 Sub-\u00c5 Surface & \u03bb\/10 Flatness","_seopress_titles_desc":"High-transparency UV quartz plates with \u03bb\/10 flatness & 0.1\u20130.5\u00c5 roughness. Custom round\/square windows for laser optics, semiconductors & instruments.","_seopress_robots_index":"","site-sidebar-layout":"no-sidebar","site-content-layout":"","ast-site-content-layout":"full-width-container","site-content-style":"default","site-sidebar-style":"default","ast-global-header-display":"","ast-banner-title-visibility":"","ast-main-header-display":"","ast-hfb-above-header-display":"","ast-hfb-below-header-display":"","ast-hfb-mobile-header-display":"","site-post-title":"disabled","ast-breadcrumbs-content":"","ast-featured-img":"disabled","footer-sml-layout":"","theme-transparent-header-meta":"","adv-header-id-meta":"","stick-header-meta":"","header-above-stick-meta":"","header-main-stick-meta":"","header-below-stick-meta":"","astra-migrate-meta-layouts":"default","ast-page-background-enabled":"default","ast-page-background-meta":{"desktop":{"background-color":"var(--ast-global-color-5)","background-image":"","background-repeat":"repeat","background-position":"center center","background-size":"auto","background-attachment":"scroll","background-type":"","background-media":"","overlay-type":"","overlay-color":"","overlay-opacity":"","overlay-gradient":""},"tablet":{"background-color":"","background-image":"","background-repeat":"repeat","background-position":"center center","background-size":"auto","background-attachment":"scroll","background-type":"","background-media":"","overlay-type":"","overlay-color":"","overlay-opacity":"","overlay-gradient":""},"mobile":{"background-color":"","background-image":"","background-repeat":"repeat","background-position":"center center","background-size":"auto","background-attachment":"scroll","background-type":"","background-media":"","overlay-type":"","overlay-color":"","overlay-opacity":"","overlay-gradient":""}},"ast-content-background-meta":{"desktop":{"background-color":"var(--ast-global-color-4)","background-image":"","background-repeat":"repeat","background-position":"center center","background-size":"auto","background-attachment":"scroll","background-type":"","background-media":"","overlay-type":"","overlay-color":"","overlay-opacity":"","overlay-gradient":""},"tablet":{"background-color":"var(--ast-global-color-4)","background-image":"","background-repeat":"repeat","background-position":"center center","background-size":"auto","background-attachment":"scroll","background-type":"","background-media":"","overlay-type":"","overlay-color":"","overlay-opacity":"","overlay-gradient":""},"mobile":{"background-color":"var(--ast-global-color-4)","background-image":"","background-repeat":"repeat","background-position":"center center","background-size":"auto","background-attachment":"scroll","background-type":"","background-media":"","overlay-type":"","overlay-color":"","overlay-opacity":"","overlay-gradient":""}},"footnotes":""},"class_list":["post-281","page","type-page","status-publish","has-post-thumbnail","hentry"],"_hostinger_reach_plugin_has_subscription_block":false,"_hostinger_reach_plugin_is_elementor":false,"_links":{"self":[{"href":"https:\/\/exactquartz.com\/pt\/wp-json\/wp\/v2\/pages\/281","targetHints":{"allow":["GET"]}}],"collection":[{"href":"https:\/\/exactquartz.com\/pt\/wp-json\/wp\/v2\/pages"}],"about":[{"href":"https:\/\/exactquartz.com\/pt\/wp-json\/wp\/v2\/types\/page"}],"author":[{"embeddable":true,"href":"https:\/\/exactquartz.com\/pt\/wp-json\/wp\/v2\/users\/7"}],"replies":[{"embeddable":true,"href":"https:\/\/exactquartz.com\/pt\/wp-json\/wp\/v2\/comments?post=281"}],"version-history":[{"count":20,"href":"https:\/\/exactquartz.com\/pt\/wp-json\/wp\/v2\/pages\/281\/revisions"}],"predecessor-version":[{"id":1437,"href":"https:\/\/exactquartz.com\/pt\/wp-json\/wp\/v2\/pages\/281\/revisions\/1437"}],"up":[{"embeddable":true,"href":"https:\/\/exactquartz.com\/pt\/wp-json\/wp\/v2\/pages\/841"}],"wp:featuredmedia":[{"embeddable":true,"href":"https:\/\/exactquartz.com\/pt\/wp-json\/wp\/v2\/media\/382"}],"wp:attachment":[{"href":"https:\/\/exactquartz.com\/pt\/wp-json\/wp\/v2\/media?parent=281"}],"curies":[{"name":"wp","href":"https:\/\/api.w.org\/{rel}","templated":true}]}}