{"id":311,"date":"2025-03-27T12:06:42","date_gmt":"2025-03-27T04:06:42","guid":{"rendered":"https:\/\/exactquartz.com\/?page_id=311"},"modified":"2025-04-16T18:21:52","modified_gmt":"2025-04-16T10:21:52","slug":"large-diameter-quartz-tubes","status":"publish","type":"page","link":"https:\/\/exactquartz.com\/pt\/high-temp-quartz-solutions\/large-diameter-quartz-tubes\/","title":{"rendered":"Tubos de quartzo de grande di\u00e2metro - Resistentes ao calor e sem ozono"},"content":{"rendered":"<div data-elementor-type=\"wp-page\" data-elementor-id=\"311\" class=\"elementor elementor-311\" data-elementor-post-type=\"page\">\n\t\t\t\t<div class=\"elementor-element elementor-element-d2bc4f1 e-flex e-con-boxed e-con e-parent\" data-id=\"d2bc4f1\" data-element_type=\"container\">\n\t\t\t\t\t<div class=\"e-con-inner\">\n\t\t<div class=\"elementor-element elementor-element-6d0fc6f e-con-full e-flex e-con e-child\" data-id=\"6d0fc6f\" data-element_type=\"container\">\n\t\t\t\t<div class=\"elementor-element elementor-element-899227c elementor-widget elementor-widget-image\" data-id=\"899227c\" data-element_type=\"widget\" data-widget_type=\"image.default\">\n\t\t\t\t<div class=\"elementor-widget-container\">\n\t\t\t\t\t\t\t\t\t\t\t\t\t\t\t<img fetchpriority=\"high\" decoding=\"async\" width=\"500\" height=\"500\" src=\"https:\/\/exactquartz.com\/wp-content\/uploads\/2025\/03\/heat-resistance-transparent-quartz-glass-tube-ozone-generator-High-temperature-large-diameter-quart.webp\" class=\"attachment-large size-large wp-image-405\" alt=\"resist\u00eancia ao calor tubo de vidro de quartzo transparente gerador de ozono quartzo de alta temperatura grande di\u00e2metro\" srcset=\"https:\/\/exactquartz.com\/wp-content\/uploads\/2025\/03\/heat-resistance-transparent-quartz-glass-tube-ozone-generator-High-temperature-large-diameter-quart.webp 500w, https:\/\/exactquartz.com\/wp-content\/uploads\/2025\/03\/heat-resistance-transparent-quartz-glass-tube-ozone-generator-High-temperature-large-diameter-quart-300x300.webp 300w, https:\/\/exactquartz.com\/wp-content\/uploads\/2025\/03\/heat-resistance-transparent-quartz-glass-tube-ozone-generator-High-temperature-large-diameter-quart-150x150.webp 150w\" sizes=\"(max-width: 500px) 100vw, 500px\" \/>\t\t\t\t\t\t\t\t\t\t\t\t\t\t\t<\/div>\n\t\t\t\t<\/div>\n\t\t\t\t<\/div>\n\t\t<div class=\"elementor-element elementor-element-2a56432 e-con-full e-flex e-con e-child\" data-id=\"2a56432\" data-element_type=\"container\">\n\t\t\t\t<div class=\"elementor-element elementor-element-70d5eba elementor-widget elementor-widget-heading\" data-id=\"70d5eba\" data-element_type=\"widget\" data-widget_type=\"heading.default\">\n\t\t\t\t<div class=\"elementor-widget-container\">\n\t\t\t\t\t<h2 class=\"elementor-heading-title elementor-size-default\">Tubos de quartzo de grande di\u00e2metro - Resistentes ao calor e sem ozono<\/h2>\t\t\t\t<\/div>\n\t\t\t\t<\/div>\n\t\t\t\t<div class=\"elementor-element elementor-element-ac956f7 elementor-widget elementor-widget-text-editor\" data-id=\"ac956f7\" data-element_type=\"widget\" data-widget_type=\"text-editor.default\">\n\t\t\t\t<div class=\"elementor-widget-container\">\n\t\t\t\t\t\t\t\t\t<p>Type: Clear Quartz Pipe<br \/>Tratamento de superf\u00edcie: Polido<br \/>Shape: C Shape<br \/>Ozone Content: Ozone Free<br \/>Processing Service: Bending<br \/>Processing Service: Welding<br \/>Processing Service: Punching<br \/>Processing Service: Decoiling<br \/>Processing Service: Cutting<br \/>Processing Service: Moulding<br \/>Color: clear<br \/>Application: Chemical Industry<\/p>\t\t\t\t\t\t\t\t<\/div>\n\t\t\t\t<\/div>\n\t\t\t\t<div class=\"elementor-element elementor-element-dc8c354 elementor-align-left elementor-widget elementor-widget-button\" data-id=\"dc8c354\" data-element_type=\"widget\" data-widget_type=\"button.default\">\n\t\t\t\t<div class=\"elementor-widget-container\">\n\t\t\t\t\t\t\t\t\t<div class=\"elementor-button-wrapper\">\n\t\t\t\t\t<a class=\"elementor-button elementor-button-link elementor-size-sm\" href=\"#elementor-action%3Aaction%3Dpopup%3Aopen%26settings%3DeyJpZCI6IjEyNzUiLCJ0b2dnbGUiOmZhbHNlfQ%3D%3D\">\n\t\t\t\t\t\t<span class=\"elementor-button-content-wrapper\">\n\t\t\t\t\t\t\t\t\t<span class=\"elementor-button-text\">Or\u00e7amento r\u00e1pido<\/span>\n\t\t\t\t\t<\/span>\n\t\t\t\t\t<\/a>\n\t\t\t\t<\/div>\n\t\t\t\t\t\t\t\t<\/div>\n\t\t\t\t<\/div>\n\t\t\t\t<\/div>\n\t\t\t\t\t<\/div>\n\t\t\t\t<\/div>\n\t\t<div class=\"elementor-element elementor-element-a2ed80c e-flex e-con-boxed e-con e-parent\" data-id=\"a2ed80c\" data-element_type=\"container\">\n\t\t\t\t\t<div class=\"e-con-inner\">\n\t\t\t\t<div class=\"elementor-element elementor-element-b7e9c99 elementor-widget elementor-widget-heading\" data-id=\"b7e9c99\" data-element_type=\"widget\" data-widget_type=\"heading.default\">\n\t\t\t\t<div class=\"elementor-widget-container\">\n\t\t\t\t\t<h3 class=\"elementor-heading-title elementor-size-default\">Aplica\u00e7\u00e3o:<\/h3>\t\t\t\t<\/div>\n\t\t\t\t<\/div>\n\t\t\t\t<div class=\"elementor-element elementor-element-281af31 elementor-widget elementor-widget-text-editor\" data-id=\"281af31\" data-element_type=\"widget\" data-widget_type=\"text-editor.default\">\n\t\t\t\t<div class=\"elementor-widget-container\">\n\t\t\t\t\t\t\t\t\t<p>Ind\u00fastria qu\u00edmica, ilumina\u00e7\u00e3o, medicina e sa\u00fade, semicondutores, ind\u00fastria de aquecimento el\u00e9trico, laborat\u00f3rio de investiga\u00e7\u00e3o cient\u00edfica, tratamento de \u00e1gua, etc.<\/p>\t\t\t\t\t\t\t\t<\/div>\n\t\t\t\t<\/div>\n\t\t\t\t<div class=\"elementor-element elementor-element-27d00a5 elementor-widget elementor-widget-text-editor\" data-id=\"27d00a5\" data-element_type=\"widget\" data-widget_type=\"text-editor.default\">\n\t\t\t\t<div class=\"elementor-widget-container\">\n\t\t\t\t\t\t\t\t\t<p>Os nossos tubos de quartzo transparente t\u00eam um elevado grau de pureza (&gt;99,99%), boas propriedades f\u00edsicas e qu\u00edmicas, toler\u00e2ncias apertadas e baixo teor de -OH.<br \/>Os tubos s\u00e3o utilizados numa grande variedade de aplica\u00e7\u00f5es pelos nossos clientes.\u00a0<\/p>\t\t\t\t\t\t\t\t<\/div>\n\t\t\t\t<\/div>\n\t\t\t\t<div class=\"elementor-element elementor-element-fe0cb41 elementor-widget elementor-widget-heading\" data-id=\"fe0cb41\" data-element_type=\"widget\" data-widget_type=\"heading.default\">\n\t\t\t\t<div class=\"elementor-widget-container\">\n\t\t\t\t\t<h3 class=\"elementor-heading-title elementor-size-default\">Propriedades:<\/h3>\t\t\t\t<\/div>\n\t\t\t\t<\/div>\n\t\t\t\t<div class=\"elementor-element elementor-element-733f615 elementor-widget elementor-widget-text-editor\" data-id=\"733f615\" data-element_type=\"widget\" data-widget_type=\"text-editor.default\">\n\t\t\t\t<div class=\"elementor-widget-container\">\n\t\t\t\t\t\t\t\t\t<p>Alta pureza, SiO2&gt; 99,99%.<\/p><p>Forte dureza, pode atingir o n\u00edvel 7 de Morse.<\/p><p>Resist\u00eancia a altas temperaturas, pode trabalhar continuamente a menos de 1200\u00b0C, e num curto espa\u00e7o de tempo pode mesmo trabalhar a menos de 1500\u00b0C.<\/p><p>O isolamento el\u00e9trico \u00e9 10000 vezes superior ao do vidro normal.<\/p><p>Resist\u00eancia a \u00e1cidos e \u00e1lcalis<\/p><p>Excelente estabilidade ao choque t\u00e9rmico<\/p><p>Cuidados de sa\u00fade e prote\u00e7\u00e3o do ambiente<\/p><p>Qualquer dimens\u00e3o pode ser efectuada.\u00a0 \u00a0<\/p>\t\t\t\t\t\t\t\t<\/div>\n\t\t\t\t<\/div>\n\t\t\t\t<div class=\"elementor-element elementor-element-47a4620 elementor-widget elementor-widget-heading\" data-id=\"47a4620\" data-element_type=\"widget\" data-widget_type=\"heading.default\">\n\t\t\t\t<div class=\"elementor-widget-container\">\n\t\t\t\t\t<h3 class=\"elementor-heading-title elementor-size-default\">Servi\u00e7o OEM&amp;ODM:<\/h3>\t\t\t\t<\/div>\n\t\t\t\t<\/div>\n\t\t\t\t<div class=\"elementor-element elementor-element-2536cb8 elementor-widget elementor-widget-text-editor\" data-id=\"2536cb8\" data-element_type=\"widget\" data-widget_type=\"text-editor.default\">\n\t\t\t\t<div class=\"elementor-widget-container\">\n\t\t\t\t\t\t\t\t\t<p>Como um fabricante profissional de produtos de vidro de quartzo na China, OEM e ordem personalizada s\u00e3o bem-vindos para n\u00f3s.<br \/>Por favor, n\u00e3o hesite em contactar-nos se tiver algum desenho para acess\u00f3rios QUARTZ. Produziremos novas amostras para si muito em breve.<\/p><p>Para produtos feitos \u00e0 m\u00e3o, por favor diga-nos o seu pedido, ou envie-nos fotografias. Em seguida, faremos amostras de teste para si.<br \/>E n\u00e3o faremos a produ\u00e7\u00e3o em massa at\u00e9 que esteja satisfeito com as amostras.<\/p>\t\t\t\t\t\t\t\t<\/div>\n\t\t\t\t<\/div>\n\t\t\t\t\t<\/div>\n\t\t\t\t<\/div>\n\t\t\t\t<\/div>","protected":false},"excerpt":{"rendered":"<p>Large Diameter Quartz Tubes \u2013 Heat Resistant &amp; Ozone Free Type: Clear Quartz PipeSurface Treatment: PolishedShape: C ShapeOzone Content: Ozone [&hellip;]<\/p>","protected":false},"author":9,"featured_media":405,"parent":839,"menu_order":0,"comment_status":"closed","ping_status":"closed","template":"","meta":{"_seopress_robots_primary_cat":"","_seopress_titles_title":"Large Diameter Quartz Tubes \u2013 Heat Resistant & Ozone Free","_seopress_titles_desc":"Large Diameter Quartz Tubes for ozone generators & labs. 99.99% purity, acid\/alkali resistant, supports bending, welding & custom shaping.","_seopress_robots_index":"","site-sidebar-layout":"no-sidebar","site-content-layout":"","ast-site-content-layout":"full-width-container","site-content-style":"default","site-sidebar-style":"default","ast-global-header-display":"","ast-banner-title-visibility":"","ast-main-header-display":"","ast-hfb-above-header-display":"","ast-hfb-below-header-display":"","ast-hfb-mobile-header-display":"","site-post-title":"disabled","ast-breadcrumbs-content":"","ast-featured-img":"disabled","footer-sml-layout":"","theme-transparent-header-meta":"","adv-header-id-meta":"","stick-header-meta":"","header-above-stick-meta":"","header-main-stick-meta":"","header-below-stick-meta":"","astra-migrate-meta-layouts":"default","ast-page-background-enabled":"default","ast-page-background-meta":{"desktop":{"background-color":"var(--ast-global-color-5)","background-image":"","background-repeat":"repeat","background-position":"center center","background-size":"auto","background-attachment":"scroll","background-type":"","background-media":"","overlay-type":"","overlay-color":"","overlay-opacity":"","overlay-gradient":""},"tablet":{"background-color":"","background-image":"","background-repeat":"repeat","background-position":"center center","background-size":"auto","background-attachment":"scroll","background-type":"","background-media":"","overlay-type":"","overlay-color":"","overlay-opacity":"","overlay-gradient":""},"mobile":{"background-color":"","background-image":"","background-repeat":"repeat","background-position":"center center","background-size":"auto","background-attachment":"scroll","background-type":"","background-media":"","overlay-type":"","overlay-color":"","overlay-opacity":"","overlay-gradient":""}},"ast-content-background-meta":{"desktop":{"background-color":"var(--ast-global-color-4)","background-image":"","background-repeat":"repeat","background-position":"center center","background-size":"auto","background-attachment":"scroll","background-type":"","background-media":"","overlay-type":"","overlay-color":"","overlay-opacity":"","overlay-gradient":""},"tablet":{"background-color":"var(--ast-global-color-4)","background-image":"","background-repeat":"repeat","background-position":"center center","background-size":"auto","background-attachment":"scroll","background-type":"","background-media":"","overlay-type":"","overlay-color":"","overlay-opacity":"","overlay-gradient":""},"mobile":{"background-color":"var(--ast-global-color-4)","background-image":"","background-repeat":"repeat","background-position":"center center","background-size":"auto","background-attachment":"scroll","background-type":"","background-media":"","overlay-type":"","overlay-color":"","overlay-opacity":"","overlay-gradient":""}},"footnotes":""},"class_list":["post-311","page","type-page","status-publish","has-post-thumbnail","hentry"],"_hostinger_reach_plugin_has_subscription_block":false,"_hostinger_reach_plugin_is_elementor":false,"_links":{"self":[{"href":"https:\/\/exactquartz.com\/pt\/wp-json\/wp\/v2\/pages\/311","targetHints":{"allow":["GET"]}}],"collection":[{"href":"https:\/\/exactquartz.com\/pt\/wp-json\/wp\/v2\/pages"}],"about":[{"href":"https:\/\/exactquartz.com\/pt\/wp-json\/wp\/v2\/types\/page"}],"author":[{"embeddable":true,"href":"https:\/\/exactquartz.com\/pt\/wp-json\/wp\/v2\/users\/9"}],"replies":[{"embeddable":true,"href":"https:\/\/exactquartz.com\/pt\/wp-json\/wp\/v2\/comments?post=311"}],"version-history":[{"count":21,"href":"https:\/\/exactquartz.com\/pt\/wp-json\/wp\/v2\/pages\/311\/revisions"}],"predecessor-version":[{"id":1383,"href":"https:\/\/exactquartz.com\/pt\/wp-json\/wp\/v2\/pages\/311\/revisions\/1383"}],"up":[{"embeddable":true,"href":"https:\/\/exactquartz.com\/pt\/wp-json\/wp\/v2\/pages\/839"}],"wp:featuredmedia":[{"embeddable":true,"href":"https:\/\/exactquartz.com\/pt\/wp-json\/wp\/v2\/media\/405"}],"wp:attachment":[{"href":"https:\/\/exactquartz.com\/pt\/wp-json\/wp\/v2\/media?parent=311"}],"curies":[{"name":"wp","href":"https:\/\/api.w.org\/{rel}","templated":true}]}}