{"id":499,"date":"2025-03-29T12:11:03","date_gmt":"2025-03-29T04:11:03","guid":{"rendered":"https:\/\/exactquartz.com\/?page_id=499"},"modified":"2025-04-16T18:19:44","modified_gmt":"2025-04-16T10:19:44","slug":"large-caliber-quartz-tubes","status":"publish","type":"page","link":"https:\/\/exactquartz.com\/pt\/high-temp-quartz-solutions\/large-caliber-quartz-tubes\/","title":{"rendered":"Tubos de quartzo de grande calibre para utiliza\u00e7\u00e3o em semicondutores e produtos qu\u00edmicos"},"content":{"rendered":"<div data-elementor-type=\"wp-page\" data-elementor-id=\"499\" class=\"elementor elementor-499\" data-elementor-post-type=\"page\">\n\t\t\t\t<div class=\"elementor-element elementor-element-d2bc4f1 e-flex e-con-boxed e-con e-parent\" data-id=\"d2bc4f1\" data-element_type=\"container\">\n\t\t\t\t\t<div class=\"e-con-inner\">\n\t\t<div class=\"elementor-element elementor-element-6d0fc6f e-con-full e-flex e-con e-child\" data-id=\"6d0fc6f\" data-element_type=\"container\">\n\t\t\t\t<div class=\"elementor-element elementor-element-51d5345 elementor-widget elementor-widget-image\" data-id=\"51d5345\" data-element_type=\"widget\" data-widget_type=\"image.default\">\n\t\t\t\t<div class=\"elementor-widget-container\">\n\t\t\t\t\t\t\t\t\t\t\t\t\t\t\t<img fetchpriority=\"high\" decoding=\"async\" width=\"500\" height=\"438\" src=\"https:\/\/exactquartz.com\/wp-content\/uploads\/2025\/03\/Large-caliber-quartz-tube.webp\" class=\"attachment-large size-large wp-image-500\" alt=\"Tubo de quartzo de grande calibre\" srcset=\"https:\/\/exactquartz.com\/wp-content\/uploads\/2025\/03\/Large-caliber-quartz-tube.webp 500w, https:\/\/exactquartz.com\/wp-content\/uploads\/2025\/03\/Large-caliber-quartz-tube-300x263.webp 300w\" sizes=\"(max-width: 500px) 100vw, 500px\" \/>\t\t\t\t\t\t\t\t\t\t\t\t\t\t\t<\/div>\n\t\t\t\t<\/div>\n\t\t\t\t<\/div>\n\t\t<div class=\"elementor-element elementor-element-2a56432 e-con-full e-flex e-con e-child\" data-id=\"2a56432\" data-element_type=\"container\">\n\t\t\t\t<div class=\"elementor-element elementor-element-70d5eba elementor-widget elementor-widget-heading\" data-id=\"70d5eba\" data-element_type=\"widget\" data-widget_type=\"heading.default\">\n\t\t\t\t<div class=\"elementor-widget-container\">\n\t\t\t\t\t<h2 class=\"elementor-heading-title elementor-size-default\">Tubos de quartzo de grande calibre para utiliza\u00e7\u00e3o em semicondutores e produtos qu\u00edmicos<\/h2>\t\t\t\t<\/div>\n\t\t\t\t<\/div>\n\t\t\t\t<div class=\"elementor-element elementor-element-ac956f7 elementor-widget elementor-widget-text-editor\" data-id=\"ac956f7\" data-element_type=\"widget\" data-widget_type=\"text-editor.default\">\n\t\t\t\t<div class=\"elementor-widget-container\">\n\t\t\t\t\t\t\t\t\t<p>Um tubo de quartzo de grande calibre \u00e9 um tubo feito de cristal de quartzo de alta qualidade com um di\u00e2metro largo. \u00c9 utilizado em v\u00e1rias ind\u00fastrias e aplica\u00e7\u00f5es, como o fabrico de semicondutores, ilumina\u00e7\u00e3o e processamento qu\u00edmico. Os tubos de quartzo oferecem uma elevada estabilidade t\u00e9rmica, resist\u00eancia qu\u00edmica e excelentes propriedades \u00f3pticas, o que os torna ideais para utiliza\u00e7\u00e3o em ambientes agressivos. Podem ser personalizados para satisfazer requisitos espec\u00edficos de tamanho e espessura. Em geral, os tubos de quartzo de grande calibre s\u00e3o componentes essenciais para obter resultados de alta qualidade em v\u00e1rios processos industriais.<\/p>\t\t\t\t\t\t\t\t<\/div>\n\t\t\t\t<\/div>\n\t\t\t\t<div class=\"elementor-element elementor-element-3e7e61c elementor-align-left elementor-widget elementor-widget-button\" data-id=\"3e7e61c\" data-element_type=\"widget\" data-widget_type=\"button.default\">\n\t\t\t\t<div class=\"elementor-widget-container\">\n\t\t\t\t\t\t\t\t\t<div class=\"elementor-button-wrapper\">\n\t\t\t\t\t<a class=\"elementor-button elementor-button-link elementor-size-sm\" href=\"#elementor-action%3Aaction%3Dpopup%3Aopen%26settings%3DeyJpZCI6IjEyNzUiLCJ0b2dnbGUiOmZhbHNlfQ%3D%3D\">\n\t\t\t\t\t\t<span class=\"elementor-button-content-wrapper\">\n\t\t\t\t\t\t\t\t\t<span class=\"elementor-button-text\">Or\u00e7amento r\u00e1pido<\/span>\n\t\t\t\t\t<\/span>\n\t\t\t\t\t<\/a>\n\t\t\t\t<\/div>\n\t\t\t\t\t\t\t\t<\/div>\n\t\t\t\t<\/div>\n\t\t\t\t<\/div>\n\t\t\t\t\t<\/div>\n\t\t\t\t<\/div>\n\t\t<div class=\"elementor-element elementor-element-a2ed80c e-flex e-con-boxed e-con e-parent\" data-id=\"a2ed80c\" data-element_type=\"container\">\n\t\t\t\t\t<div class=\"e-con-inner\">\n\t\t\t\t<div class=\"elementor-element elementor-element-03e2c25 elementor-widget elementor-widget-heading\" data-id=\"03e2c25\" data-element_type=\"widget\" data-widget_type=\"heading.default\">\n\t\t\t\t<div class=\"elementor-widget-container\">\n\t\t\t\t\t<h3 class=\"elementor-heading-title elementor-size-default\">Tubos de quartzo fundido\/tubos de s\u00edlica:<\/h3>\t\t\t\t<\/div>\n\t\t\t\t<\/div>\n\t\t\t\t<div class=\"elementor-element elementor-element-281af31 elementor-widget elementor-widget-text-editor\" data-id=\"281af31\" data-element_type=\"widget\" data-widget_type=\"text-editor.default\">\n\t\t\t\t<div class=\"elementor-widget-container\">\n\t\t\t\t\t\t\t\t\t<p>O tubo de quartzo \u00e9 um tipo de tubo fabricado a partir de cristais de quartzo de alta qualidade e com um di\u00e2metro largo. Os tubos de quartzo s\u00e3o amplamente utilizados em v\u00e1rias ind\u00fastrias e aplica\u00e7\u00f5es, como o fabrico de semicondutores, ilumina\u00e7\u00e3o e processamento qu\u00edmico.<\/p><p>A estabilidade t\u00e9rmica e a resist\u00eancia qu\u00edmica excepcionais dos tubos de quartzo tornam-nos ideais para utiliza\u00e7\u00e3o em ambientes agressivos. Podem suportar temperaturas elevadas e resistir \u00e0 maioria dos produtos qu\u00edmicos, \u00e1cidos e alcalinos, garantindo durabilidade e longevidade. Os tubos de quartzo tamb\u00e9m apresentam excelentes propriedades \u00f3pticas, incluindo elevada transpar\u00eancia e baixa absor\u00e7\u00e3o, o que os torna \u00fateis em aplica\u00e7\u00f5es que requerem precis\u00e3o \u00f3tica.<\/p><p>Os tubos de quartzo de grande calibre s\u00e3o normalmente utilizados no fabrico de semicondutores como componente do equipamento utilizado para produzir microchips. Tamb\u00e9m s\u00e3o utilizados na ind\u00fastria da ilumina\u00e7\u00e3o para l\u00e2mpadas de descarga de alta intensidade, onde proporcionam elevados n\u00edveis de brilho e efici\u00eancia. No processamento qu\u00edmico, os tubos de quartzo s\u00e3o utilizados em reactores e c\u00e2maras onde podem suportar produtos qu\u00edmicos agressivos e temperaturas elevadas.<\/p><p>Os tubos de quartzo podem ser personalizados para cumprir requisitos espec\u00edficos de tamanho e espessura, tornando-os vers\u00e1teis e adapt\u00e1veis a v\u00e1rias aplica\u00e7\u00f5es. Podem ser fabricados utilizando diferentes t\u00e9cnicas, incluindo a extrus\u00e3o, a fus\u00e3o e a deposi\u00e7\u00e3o qu\u00edmica de vapor.<\/p><p>Em resumo, os tubos de quartzo de grande calibre s\u00e3o componentes essenciais em v\u00e1rias ind\u00fastrias e aplica\u00e7\u00f5es devido \u00e0 sua excecional estabilidade t\u00e9rmica, resist\u00eancia qu\u00edmica e propriedades \u00f3pticas. Oferecem elevados n\u00edveis de durabilidade e longevidade, tornando-os ideais para utiliza\u00e7\u00e3o em ambientes agressivos.<\/p>\t\t\t\t\t\t\t\t<\/div>\n\t\t\t\t<\/div>\n\t\t\t\t\t<\/div>\n\t\t\t\t<\/div>\n\t\t\t\t<\/div>","protected":false},"excerpt":{"rendered":"<p>Large-Caliber Quartz Tubes for Semiconductor &amp; Chemical Use A large-caliber quartz tube is a tube made from high-quality quartz crystal [&hellip;]<\/p>","protected":false},"author":9,"featured_media":500,"parent":839,"menu_order":0,"comment_status":"closed","ping_status":"closed","template":"","meta":{"_seopress_robots_primary_cat":"","_seopress_titles_title":"Large-Caliber Quartz Tubes for Semiconductor & Chemical Use","_seopress_titles_desc":"Wide-diameter quartz tubes with high thermal stability, chemical resistance & optical clarity. Ideal for semiconductors, lighting & reactors. Custom sizes.","_seopress_robots_index":"","site-sidebar-layout":"no-sidebar","site-content-layout":"","ast-site-content-layout":"full-width-container","site-content-style":"default","site-sidebar-style":"default","ast-global-header-display":"","ast-banner-title-visibility":"","ast-main-header-display":"","ast-hfb-above-header-display":"","ast-hfb-below-header-display":"","ast-hfb-mobile-header-display":"","site-post-title":"disabled","ast-breadcrumbs-content":"","ast-featured-img":"disabled","footer-sml-layout":"","theme-transparent-header-meta":"","adv-header-id-meta":"","stick-header-meta":"","header-above-stick-meta":"","header-main-stick-meta":"","header-below-stick-meta":"","astra-migrate-meta-layouts":"default","ast-page-background-enabled":"default","ast-page-background-meta":{"desktop":{"background-color":"var(--ast-global-color-5)","background-image":"","background-repeat":"repeat","background-position":"center center","background-size":"auto","background-attachment":"scroll","background-type":"","background-media":"","overlay-type":"","overlay-color":"","overlay-opacity":"","overlay-gradient":""},"tablet":{"background-color":"","background-image":"","background-repeat":"repeat","background-position":"center center","background-size":"auto","background-attachment":"scroll","background-type":"","background-media":"","overlay-type":"","overlay-color":"","overlay-opacity":"","overlay-gradient":""},"mobile":{"background-color":"","background-image":"","background-repeat":"repeat","background-position":"center center","background-size":"auto","background-attachment":"scroll","background-type":"","background-media":"","overlay-type":"","overlay-color":"","overlay-opacity":"","overlay-gradient":""}},"ast-content-background-meta":{"desktop":{"background-color":"var(--ast-global-color-4)","background-image":"","background-repeat":"repeat","background-position":"center center","background-size":"auto","background-attachment":"scroll","background-type":"","background-media":"","overlay-type":"","overlay-color":"","overlay-opacity":"","overlay-gradient":""},"tablet":{"background-color":"var(--ast-global-color-4)","background-image":"","background-repeat":"repeat","background-position":"center center","background-size":"auto","background-attachment":"scroll","background-type":"","background-media":"","overlay-type":"","overlay-color":"","overlay-opacity":"","overlay-gradient":""},"mobile":{"background-color":"var(--ast-global-color-4)","background-image":"","background-repeat":"repeat","background-position":"center center","background-size":"auto","background-attachment":"scroll","background-type":"","background-media":"","overlay-type":"","overlay-color":"","overlay-opacity":"","overlay-gradient":""}},"footnotes":""},"class_list":["post-499","page","type-page","status-publish","has-post-thumbnail","hentry"],"_hostinger_reach_plugin_has_subscription_block":false,"_hostinger_reach_plugin_is_elementor":false,"_links":{"self":[{"href":"https:\/\/exactquartz.com\/pt\/wp-json\/wp\/v2\/pages\/499","targetHints":{"allow":["GET"]}}],"collection":[{"href":"https:\/\/exactquartz.com\/pt\/wp-json\/wp\/v2\/pages"}],"about":[{"href":"https:\/\/exactquartz.com\/pt\/wp-json\/wp\/v2\/types\/page"}],"author":[{"embeddable":true,"href":"https:\/\/exactquartz.com\/pt\/wp-json\/wp\/v2\/users\/9"}],"replies":[{"embeddable":true,"href":"https:\/\/exactquartz.com\/pt\/wp-json\/wp\/v2\/comments?post=499"}],"version-history":[{"count":14,"href":"https:\/\/exactquartz.com\/pt\/wp-json\/wp\/v2\/pages\/499\/revisions"}],"predecessor-version":[{"id":1353,"href":"https:\/\/exactquartz.com\/pt\/wp-json\/wp\/v2\/pages\/499\/revisions\/1353"}],"up":[{"embeddable":true,"href":"https:\/\/exactquartz.com\/pt\/wp-json\/wp\/v2\/pages\/839"}],"wp:featuredmedia":[{"embeddable":true,"href":"https:\/\/exactquartz.com\/pt\/wp-json\/wp\/v2\/media\/500"}],"wp:attachment":[{"href":"https:\/\/exactquartz.com\/pt\/wp-json\/wp\/v2\/media?parent=499"}],"curies":[{"name":"wp","href":"https:\/\/api.w.org\/{rel}","templated":true}]}}