{"id":176,"date":"2025-03-12T19:16:06","date_gmt":"2025-03-12T11:16:06","guid":{"rendered":"https:\/\/exactquartz.com\/?page_id=176"},"modified":"2025-04-16T18:37:15","modified_gmt":"2025-04-16T10:37:15","slug":"fused-quartz-lab-glassware","status":"publish","type":"page","link":"https:\/\/exactquartz.com\/ro\/quartz-lab-glassware-product\/fused-quartz-lab-glassware\/","title":{"rendered":"Sticl\u0103rie de laborator din cuar\u021b topit - Beakers, tuburi, flacoane \u0219i multe altele"},"content":{"rendered":"<div data-elementor-type=\"wp-page\" data-elementor-id=\"176\" class=\"elementor elementor-176\" data-elementor-post-type=\"page\">\n\t\t\t\t<div class=\"elementor-element elementor-element-abb877f e-flex e-con-boxed e-con e-parent\" data-id=\"abb877f\" data-element_type=\"container\">\n\t\t\t\t\t<div class=\"e-con-inner\">\n\t\t<div class=\"elementor-element elementor-element-82153af e-con-full e-flex e-con e-child\" data-id=\"82153af\" data-element_type=\"container\">\n\t\t\t\t<div class=\"elementor-element elementor-element-b2ea12d elementor-skin-slideshow elementor-arrows-yes elementor-widget elementor-widget-media-carousel\" data-id=\"b2ea12d\" data-element_type=\"widget\" data-settings=\"{&quot;skin&quot;:&quot;slideshow&quot;,&quot;effect&quot;:&quot;slide&quot;,&quot;show_arrows&quot;:&quot;yes&quot;,&quot;speed&quot;:500,&quot;autoplay&quot;:&quot;yes&quot;,&quot;autoplay_speed&quot;:5000,&quot;loop&quot;:&quot;yes&quot;,&quot;pause_on_hover&quot;:&quot;yes&quot;,&quot;pause_on_interaction&quot;:&quot;yes&quot;,&quot;space_between&quot;:{&quot;unit&quot;:&quot;px&quot;,&quot;size&quot;:10,&quot;sizes&quot;:[]},&quot;space_between_tablet&quot;:{&quot;unit&quot;:&quot;px&quot;,&quot;size&quot;:10,&quot;sizes&quot;:[]},&quot;space_between_mobile&quot;:{&quot;unit&quot;:&quot;px&quot;,&quot;size&quot;:10,&quot;sizes&quot;:[]}}\" data-widget_type=\"media-carousel.default\">\n\t\t\t\t<div class=\"elementor-widget-container\">\n\t\t\t\t\t\t\t\t\t<div class=\"elementor-swiper\">\n\t\t\t\t\t<div class=\"elementor-main-swiper swiper\" role=\"region\" aria-roledescription=\"carousel\" aria-label=\"Diapozitive\">\n\t\t\t\t<div class=\"swiper-wrapper\">\n\t\t\t\t\t\t\t\t\t\t\t<div class=\"swiper-slide\" role=\"group\" aria-roledescription=\"slide\">\n\t\t\t\t\t\t\t\t\t<div class=\"elementor-carousel-image\" role=\"img\" aria-label=\"Creuzete de cuar\u021b, pahare, flacoane, tuburi de testare, capace\" style=\"background-image: url(&#039;https:\/\/exactquartz.com\/wp-content\/uploads\/2025\/03\/Crucibles-Beakers-Flasks-Test-Tubes-Covers.webp&#039;)\">\n\n\t\t\t\n\t\t\t\t\t<\/div>\n\t\t\t\t\t\t\t\t<\/div>\n\t\t\t\t\t\t\t\t\t<\/div>\n\t\t\t\t\t\t\t<\/div>\n\t\t\t\t<\/div>\n\t\t\t\t\t\t\t\t<\/div>\n\t\t\t\t<\/div>\n\t\t\t\t<\/div>\n\t\t<div class=\"elementor-element elementor-element-c514cbd e-con-full e-flex e-con e-child\" data-id=\"c514cbd\" data-element_type=\"container\">\n\t\t\t\t<div class=\"elementor-element elementor-element-70d5eba elementor-widget elementor-widget-heading\" data-id=\"70d5eba\" data-element_type=\"widget\" data-widget_type=\"heading.default\">\n\t\t\t\t<div class=\"elementor-widget-container\">\n\t\t\t\t\t<h2 class=\"elementor-heading-title elementor-size-default\">Sticl\u0103rie de laborator din cuar\u021b topit - Beakers, tuburi, flacoane \u0219i multe altele<\/h2>\t\t\t\t<\/div>\n\t\t\t\t<\/div>\n\t\t\t\t<div class=\"elementor-element elementor-element-ac956f7 elementor-widget elementor-widget-text-editor\" data-id=\"ac956f7\" data-element_type=\"widget\" data-widget_type=\"text-editor.default\">\n\t\t\t\t<div class=\"elementor-widget-container\">\n\t\t\t\t\t\t\t\t\t<p>Fused quartz is a high-purity material with excellent thermal and chemical resistance properties. It is commonly used in various industries, including optics, electronics, chemical, and medical. Proper usage guidelines for fused quartz include handling with care, avoiding thermal shock, cleaning with mild detergents, and considering its chemical resistance. These guidelines ensure the optimal performance and longevity of fused quartz in different applications.<\/p>\t\t\t\t\t\t\t\t<\/div>\n\t\t\t\t<\/div>\n\t\t\t\t<div class=\"elementor-element elementor-element-8be87ab elementor-align-left elementor-widget elementor-widget-button\" data-id=\"8be87ab\" data-element_type=\"widget\" data-widget_type=\"button.default\">\n\t\t\t\t<div class=\"elementor-widget-container\">\n\t\t\t\t\t\t\t\t\t<div class=\"elementor-button-wrapper\">\n\t\t\t\t\t<a class=\"elementor-button elementor-button-link elementor-size-sm\" href=\"#elementor-action%3Aaction%3Dpopup%3Aopen%26settings%3DeyJpZCI6IjEyNzUiLCJ0b2dnbGUiOmZhbHNlfQ%3D%3D\">\n\t\t\t\t\t\t<span class=\"elementor-button-content-wrapper\">\n\t\t\t\t\t\t\t\t\t<span class=\"elementor-button-text\">Ofert\u0103 rapid\u0103<\/span>\n\t\t\t\t\t<\/span>\n\t\t\t\t\t<\/a>\n\t\t\t\t<\/div>\n\t\t\t\t\t\t\t\t<\/div>\n\t\t\t\t<\/div>\n\t\t\t\t<\/div>\n\t\t\t\t\t<\/div>\n\t\t\t\t<\/div>\n\t\t<div class=\"elementor-element elementor-element-a2ed80c e-flex e-con-boxed e-con e-parent\" data-id=\"a2ed80c\" data-element_type=\"container\">\n\t\t\t\t\t<div class=\"e-con-inner\">\n\t\t\t\t<div class=\"elementor-element elementor-element-7c65f48 elementor-widget elementor-widget-heading\" data-id=\"7c65f48\" data-element_type=\"widget\" data-widget_type=\"heading.default\">\n\t\t\t\t<div class=\"elementor-widget-container\">\n\t\t\t\t\t<h3 class=\"elementor-heading-title elementor-size-default\">Detalii:<\/h3>\t\t\t\t<\/div>\n\t\t\t\t<\/div>\n\t\t\t\t<div class=\"elementor-element elementor-element-ceddc61 elementor-widget elementor-widget-text-editor\" data-id=\"ceddc61\" data-element_type=\"widget\" data-widget_type=\"text-editor.default\">\n\t\t\t\t<div class=\"elementor-widget-container\">\n\t\t\t\t\t\t\t\t\t<p>Majoritatea sticl\u0103riilor \u0219tiin\u021bifice de laborator sunt fabricate din sticl\u0103 de cuar\u021b, cum ar fi tuburi de testare, creuzete, pahare \u0219i a\u0219a mai departe. Deoarece sticla de cuar\u021b are propriet\u0103\u021bi excelente, cum ar fi rezisten\u021ba la temperaturi ridicate, rezisten\u021ba la acizi, rezisten\u021ba la coroziune \u0219i a\u0219a mai departe. Acesta este materialul prioritar \u00een laborator. Avem capacitatea de a produce diferite tipuri de articole din sticl\u0103 de cuar\u021b \u00een conformitate cu desenele \u0219i proiectarea clien\u021bilor sau de a proiecta ustensile de laborator din sticl\u0103 de cuar\u021b \u00een conformitate cu cerin\u021bele clien\u021bilor. Compania noastr\u0103 are mai mul\u021bi fabrican\u021bi care au mai mult de 10 ani de experien\u021b\u0103 de lucru \u00een realizarea produselor din sticl\u0103 de cuar\u021b. Deci, sub premisa garant\u0103rii unei calit\u0103\u021bi ridicate, aspectul articolelor noastre din sticl\u0103 de cuar\u021b va fi mai neted \u0219i mai frumos. Urm\u0103toarele sticl\u0103rie de laborator din cuar\u021b sunt lucr\u0103rile fabrican\u021bilor no\u0219tri.<\/p>\t\t\t\t\t\t\t\t<\/div>\n\t\t\t\t<\/div>\n\t\t\t\t\t<\/div>\n\t\t\t\t<\/div>\n\t\t<div class=\"elementor-element elementor-element-58340db e-flex e-con-boxed e-con e-parent\" data-id=\"58340db\" data-element_type=\"container\">\n\t\t\t\t\t<div class=\"e-con-inner\">\n\t\t\t\t<div class=\"elementor-element elementor-element-fdaa9c4 elementor-widget elementor-widget-image\" data-id=\"fdaa9c4\" data-element_type=\"widget\" data-widget_type=\"image.default\">\n\t\t\t\t<div class=\"elementor-widget-container\">\n\t\t\t\t\t\t\t\t\t\t\t\t\t\t\t<img fetchpriority=\"high\" decoding=\"async\" width=\"1200\" height=\"1200\" src=\"https:\/\/exactquartz.com\/wp-content\/uploads\/2025\/03\/quartz-lab-glassware.webp\" class=\"attachment-full size-full wp-image-244\" alt=\"sticl\u0103rie de laborator din cuar\u021b\" srcset=\"https:\/\/exactquartz.com\/wp-content\/uploads\/2025\/03\/quartz-lab-glassware.webp 1200w, https:\/\/exactquartz.com\/wp-content\/uploads\/2025\/03\/quartz-lab-glassware-300x300.webp 300w, https:\/\/exactquartz.com\/wp-content\/uploads\/2025\/03\/quartz-lab-glassware-1024x1024.webp 1024w, https:\/\/exactquartz.com\/wp-content\/uploads\/2025\/03\/quartz-lab-glassware-150x150.webp 150w, https:\/\/exactquartz.com\/wp-content\/uploads\/2025\/03\/quartz-lab-glassware-768x768.webp 768w\" sizes=\"(max-width: 1200px) 100vw, 1200px\" \/>\t\t\t\t\t\t\t\t\t\t\t\t\t\t\t<\/div>\n\t\t\t\t<\/div>\n\t\t\t\t\t<\/div>\n\t\t\t\t<\/div>\n\t\t<div class=\"elementor-element elementor-element-ec9a716 e-flex e-con-boxed e-con e-parent\" data-id=\"ec9a716\" data-element_type=\"container\">\n\t\t\t\t\t<div class=\"e-con-inner\">\n\t\t\t\t<div class=\"elementor-element elementor-element-b7e9c99 elementor-widget elementor-widget-heading\" data-id=\"b7e9c99\" data-element_type=\"widget\" data-widget_type=\"heading.default\">\n\t\t\t\t<div class=\"elementor-widget-container\">\n\t\t\t\t\t<h3 class=\"elementor-heading-title elementor-size-default\">OEM&amp;ODM Service:<\/h3>\t\t\t\t<\/div>\n\t\t\t\t<\/div>\n\t\t\t\t<div class=\"elementor-element elementor-element-281af31 elementor-widget elementor-widget-text-editor\" data-id=\"281af31\" data-element_type=\"widget\" data-widget_type=\"text-editor.default\">\n\t\t\t\t<div class=\"elementor-widget-container\">\n\t\t\t\t\t\t\t\t\t<p>Ca un produc\u0103tor profesionist de produse din sticl\u0103 de cuar\u021b \u00een China, OEM \u0219i comand\u0103 personalizat\u0103 sunt binevenite la noi.<br \/>V\u0103 rug\u0103m s\u0103 nu ezita\u021bi s\u0103 discuta\u021bi cu noi dac\u0103 ave\u021bi orice design pentru fitinguri QUARTZ. Vom produce noi mostre pentru dvs. foarte cur\u00e2nd.<\/p><p>Pentru produsele realizate manual, v\u0103 rug\u0103m s\u0103 ne spune\u021bi ce dori\u021bi sau s\u0103 ne trimite\u021bi fotografii. Apoi vom face probe de testare pentru dvs.<br \/>\u0218i nu vom face produc\u021bia \u00een mas\u0103 p\u00e2n\u0103 c\u00e2nd nu sunte\u021bi mul\u021bumit de mostre.<\/p>\t\t\t\t\t\t\t\t<\/div>\n\t\t\t\t<\/div>\n\t\t\t\t\t<\/div>\n\t\t\t\t<\/div>\n\t\t\t\t<\/div>","protected":false},"excerpt":{"rendered":"<p>Fused Quartz Lab Glassware \u2013 Beakers, Tubes, Flasks &amp; More Fused quartz is a high-purity material with excellent thermal and [&hellip;]<\/p>","protected":false},"author":6,"featured_media":180,"parent":843,"menu_order":0,"comment_status":"closed","ping_status":"closed","template":"","meta":{"_seopress_robots_primary_cat":"","_seopress_titles_title":"Fused Quartz Lab Glassware \u2013 Beakers, Tubes, Flasks & More","_seopress_titles_desc":"Full quartz labware sets: crucibles, beakers, flasks, test tubes, covers. 99.99% fused silica, acid & heat resistant. OEM sizes & shapes on request.","_seopress_robots_index":"","site-sidebar-layout":"no-sidebar","site-content-layout":"","ast-site-content-layout":"full-width-container","site-content-style":"default","site-sidebar-style":"default","ast-global-header-display":"","ast-banner-title-visibility":"","ast-main-header-display":"","ast-hfb-above-header-display":"","ast-hfb-below-header-display":"","ast-hfb-mobile-header-display":"","site-post-title":"disabled","ast-breadcrumbs-content":"","ast-featured-img":"disabled","footer-sml-layout":"","theme-transparent-header-meta":"","adv-header-id-meta":"","stick-header-meta":"","header-above-stick-meta":"","header-main-stick-meta":"","header-below-stick-meta":"","astra-migrate-meta-layouts":"default","ast-page-background-enabled":"default","ast-page-background-meta":{"desktop":{"background-color":"var(--ast-global-color-5)","background-image":"","background-repeat":"repeat","background-position":"center center","background-size":"auto","background-attachment":"scroll","background-type":"","background-media":"","overlay-type":"","overlay-color":"","overlay-opacity":"","overlay-gradient":""},"tablet":{"background-color":"","background-image":"","background-repeat":"repeat","background-position":"center center","background-size":"auto","background-attachment":"scroll","background-type":"","background-media":"","overlay-type":"","overlay-color":"","overlay-opacity":"","overlay-gradient":""},"mobile":{"background-color":"","background-image":"","background-repeat":"repeat","background-position":"center center","background-size":"auto","background-attachment":"scroll","background-type":"","background-media":"","overlay-type":"","overlay-color":"","overlay-opacity":"","overlay-gradient":""}},"ast-content-background-meta":{"desktop":{"background-color":"var(--ast-global-color-4)","background-image":"","background-repeat":"repeat","background-position":"center center","background-size":"auto","background-attachment":"scroll","background-type":"","background-media":"","overlay-type":"","overlay-color":"","overlay-opacity":"","overlay-gradient":""},"tablet":{"background-color":"var(--ast-global-color-4)","background-image":"","background-repeat":"repeat","background-position":"center center","background-size":"auto","background-attachment":"scroll","background-type":"","background-media":"","overlay-type":"","overlay-color":"","overlay-opacity":"","overlay-gradient":""},"mobile":{"background-color":"var(--ast-global-color-4)","background-image":"","background-repeat":"repeat","background-position":"center center","background-size":"auto","background-attachment":"scroll","background-type":"","background-media":"","overlay-type":"","overlay-color":"","overlay-opacity":"","overlay-gradient":""}},"footnotes":""},"class_list":["post-176","page","type-page","status-publish","has-post-thumbnail","hentry"],"_hostinger_reach_plugin_has_subscription_block":false,"_hostinger_reach_plugin_is_elementor":false,"_links":{"self":[{"href":"https:\/\/exactquartz.com\/ro\/wp-json\/wp\/v2\/pages\/176","targetHints":{"allow":["GET"]}}],"collection":[{"href":"https:\/\/exactquartz.com\/ro\/wp-json\/wp\/v2\/pages"}],"about":[{"href":"https:\/\/exactquartz.com\/ro\/wp-json\/wp\/v2\/types\/page"}],"author":[{"embeddable":true,"href":"https:\/\/exactquartz.com\/ro\/wp-json\/wp\/v2\/users\/6"}],"replies":[{"embeddable":true,"href":"https:\/\/exactquartz.com\/ro\/wp-json\/wp\/v2\/comments?post=176"}],"version-history":[{"count":26,"href":"https:\/\/exactquartz.com\/ro\/wp-json\/wp\/v2\/pages\/176\/revisions"}],"predecessor-version":[{"id":1473,"href":"https:\/\/exactquartz.com\/ro\/wp-json\/wp\/v2\/pages\/176\/revisions\/1473"}],"up":[{"embeddable":true,"href":"https:\/\/exactquartz.com\/ro\/wp-json\/wp\/v2\/pages\/843"}],"wp:featuredmedia":[{"embeddable":true,"href":"https:\/\/exactquartz.com\/ro\/wp-json\/wp\/v2\/media\/180"}],"wp:attachment":[{"href":"https:\/\/exactquartz.com\/ro\/wp-json\/wp\/v2\/media?parent=176"}],"curies":[{"name":"wp","href":"https:\/\/api.w.org\/{rel}","templated":true}]}}