{"id":281,"date":"2025-03-27T11:38:48","date_gmt":"2025-03-27T03:38:48","guid":{"rendered":"https:\/\/exactquartz.com\/?page_id=281"},"modified":"2025-04-16T18:29:53","modified_gmt":"2025-04-16T10:29:53","slug":"uv-quartz-polishing-plates","status":"publish","type":"page","link":"https:\/\/exactquartz.com\/ro\/quartz-discs-and-plates\/uv-quartz-polishing-plates\/","title":{"rendered":"Pl\u0103ci de lustruire cu cuar\u021b UV"},"content":{"rendered":"<div data-elementor-type=\"wp-page\" data-elementor-id=\"281\" class=\"elementor elementor-281\" data-elementor-post-type=\"page\">\n\t\t\t\t<div class=\"elementor-element elementor-element-d2bc4f1 e-flex e-con-boxed e-con e-parent\" data-id=\"d2bc4f1\" data-element_type=\"container\">\n\t\t\t\t\t<div class=\"e-con-inner\">\n\t\t<div class=\"elementor-element elementor-element-6d0fc6f e-con-full e-flex e-con e-child\" data-id=\"6d0fc6f\" data-element_type=\"container\">\n\t\t\t\t<div class=\"elementor-element elementor-element-70fde5e elementor-widget elementor-widget-image\" data-id=\"70fde5e\" data-element_type=\"widget\" data-widget_type=\"image.default\">\n\t\t\t\t<div class=\"elementor-widget-container\">\n\t\t\t\t\t\t\t\t\t\t\t\t\t\t\t<img fetchpriority=\"high\" decoding=\"async\" width=\"500\" height=\"373\" src=\"https:\/\/exactquartz.com\/wp-content\/uploads\/2025\/03\/UV-quartz-polishing-plates-high-transparency-ultraviolet-quartz-plates.webp\" class=\"attachment-large size-large wp-image-382\" alt=\"Pl\u0103ci de lustruire cu cuar\u021b UV, pl\u0103ci de cuar\u021b ultraviolet cu transparen\u021b\u0103 ridicat\u0103\" srcset=\"https:\/\/exactquartz.com\/wp-content\/uploads\/2025\/03\/UV-quartz-polishing-plates-high-transparency-ultraviolet-quartz-plates.webp 500w, https:\/\/exactquartz.com\/wp-content\/uploads\/2025\/03\/UV-quartz-polishing-plates-high-transparency-ultraviolet-quartz-plates-300x224.webp 300w\" sizes=\"(max-width: 500px) 100vw, 500px\" \/>\t\t\t\t\t\t\t\t\t\t\t\t\t\t\t<\/div>\n\t\t\t\t<\/div>\n\t\t\t\t<\/div>\n\t\t<div class=\"elementor-element elementor-element-2a56432 e-con-full e-flex e-con e-child\" data-id=\"2a56432\" data-element_type=\"container\">\n\t\t\t\t<div class=\"elementor-element elementor-element-70d5eba elementor-widget elementor-widget-heading\" data-id=\"70d5eba\" data-element_type=\"widget\" data-widget_type=\"heading.default\">\n\t\t\t\t<div class=\"elementor-widget-container\">\n\t\t\t\t\t<h2 class=\"elementor-heading-title elementor-size-default\">Pl\u0103ci de lustruire cu cuar\u021b UV<\/h2>\t\t\t\t<\/div>\n\t\t\t\t<\/div>\n\t\t\t\t<div class=\"elementor-element elementor-element-ac956f7 elementor-widget elementor-widget-text-editor\" data-id=\"ac956f7\" data-element_type=\"widget\" data-widget_type=\"text-editor.default\">\n\t\t\t\t<div class=\"elementor-widget-container\">\n\t\t\t\t\t\t\t\t\t<p>Oferim furnizarea direct\u0103 de pl\u0103ci de lustruire cu cuar\u021b UV personalizate, pl\u0103ci de cuar\u021b ultraviolet cu transparen\u021b\u0103 ridicat\u0103 \u0219i pl\u0103ci pentru ferestre pe baza desenelor sau a probelor furnizate de client. Produsele noastre sunt utilizate pe scar\u0103 larg\u0103 \u00een industria laserului UV, a instrumentelor optice \u0219i a produc\u021biei de semiconductori.<\/p>\t\t\t\t\t\t\t\t<\/div>\n\t\t\t\t<\/div>\n\t\t\t\t<div class=\"elementor-element elementor-element-1eb84e3 elementor-align-left elementor-widget elementor-widget-button\" data-id=\"1eb84e3\" data-element_type=\"widget\" data-widget_type=\"button.default\">\n\t\t\t\t<div class=\"elementor-widget-container\">\n\t\t\t\t\t\t\t\t\t<div class=\"elementor-button-wrapper\">\n\t\t\t\t\t<a class=\"elementor-button elementor-button-link elementor-size-sm\" href=\"#elementor-action%3Aaction%3Dpopup%3Aopen%26settings%3DeyJpZCI6IjEyNzUiLCJ0b2dnbGUiOmZhbHNlfQ%3D%3D\">\n\t\t\t\t\t\t<span class=\"elementor-button-content-wrapper\">\n\t\t\t\t\t\t\t\t\t<span class=\"elementor-button-text\">Ofert\u0103 rapid\u0103<\/span>\n\t\t\t\t\t<\/span>\n\t\t\t\t\t<\/a>\n\t\t\t\t<\/div>\n\t\t\t\t\t\t\t\t<\/div>\n\t\t\t\t<\/div>\n\t\t\t\t<\/div>\n\t\t\t\t\t<\/div>\n\t\t\t\t<\/div>\n\t\t<div class=\"elementor-element elementor-element-a2ed80c e-flex e-con-boxed e-con e-parent\" data-id=\"a2ed80c\" data-element_type=\"container\">\n\t\t\t\t\t<div class=\"e-con-inner\">\n\t\t\t\t<div class=\"elementor-element elementor-element-ceddc61 elementor-widget elementor-widget-text-editor\" data-id=\"ceddc61\" data-element_type=\"widget\" data-widget_type=\"text-editor.default\">\n\t\t\t\t<div class=\"elementor-widget-container\">\n\t\t\t\t\t\t\t\t\t<p>Pl\u0103cile\/discurile din sticl\u0103 de cuar\u021b de \u00eenalt\u0103 calitate sunt un tip de sticl\u0103rie utilizat pe scar\u0103 larg\u0103 \u00een diverse industrii, inclusiv semiconductoare, optice \u0219i de laborator. Acestea sunt fabricate din sticl\u0103 de cuar\u021b topit\u0103 de \u00eenalt\u0103 puritate, ceea ce le face foarte rezistente la \u0219ocurile termice \u0219i la coroziunea chimic\u0103. Aceste pl\u0103ci \u0219i discuri se caracterizeaz\u0103 prin propriet\u0103\u021bi optice excelente, rate de transmisie ridicate \u0219i coeficient sc\u0103zut de dilatare termic\u0103. Ele pot fi personalizate pentru a \u00eendeplini cerin\u021be specifice, cum ar fi dimensiunea, grosimea \u0219i finisajul suprafe\u021bei. Datorit\u0103 propriet\u0103\u021bilor lor unice, pl\u0103cile\/discurile din sticl\u0103 de cuar\u021b de \u00eenalt\u0103 calitate sunt ideale pentru utilizarea \u00een aplica\u021bii care necesit\u0103 o precizie ridicat\u0103, cum ar fi prelucrarea pl\u0103cilor, ferestrele optice \u0219i analiza chimic\u0103.<\/p>\t\t\t\t\t\t\t\t<\/div>\n\t\t\t\t<\/div>\n\t\t\t\t<div class=\"elementor-element elementor-element-b7e9c99 elementor-widget elementor-widget-heading\" data-id=\"b7e9c99\" data-element_type=\"widget\" data-widget_type=\"heading.default\">\n\t\t\t\t<div class=\"elementor-widget-container\">\n\t\t\t\t\t<h3 class=\"elementor-heading-title elementor-size-default\">Introducere:<\/h3>\t\t\t\t<\/div>\n\t\t\t\t<\/div>\n\t\t\t\t<div class=\"elementor-element elementor-element-281af31 elementor-widget elementor-widget-text-editor\" data-id=\"281af31\" data-element_type=\"widget\" data-widget_type=\"text-editor.default\">\n\t\t\t\t<div class=\"elementor-widget-container\">\n\t\t\t\t\t\t\t\t\t<p>Pl\u0103cile optice de lustruire a cuar\u021bului sunt componente esen\u021biale \u00een diverse industrii, oferind precizia \u0219i performan\u021ba necesare pentru aplica\u021bii critice. Acest articol \u00ee\u0219i propune s\u0103 exploreze caracteristicile cheie, beneficiile \u0219i aspectele numerice ale pl\u0103cilor optice de lustruire a cuar\u021bului, pun\u00e2nd \u00een lumin\u0103 importan\u021ba acestora \u00een ob\u021binerea unei calit\u0103\u021bi optice superioare.<span id=\"7\" class=\"notranslate immersive-translate-target-wrapper\" lang=\"zh-CN\" translate=\"no\" data-immersive-translate-loading-id=\"\">\u00a0<\/span><\/p>\t\t\t\t\t\t\t\t<\/div>\n\t\t\t\t<\/div>\n\t\t\t\t<div class=\"elementor-element elementor-element-fe0cb41 elementor-widget elementor-widget-heading\" data-id=\"fe0cb41\" data-element_type=\"widget\" data-widget_type=\"heading.default\">\n\t\t\t\t<div class=\"elementor-widget-container\">\n\t\t\t\t\t<h3 class=\"elementor-heading-title elementor-size-default\">1. Planeitate excep\u021bional\u0103:<\/h3>\t\t\t\t<\/div>\n\t\t\t\t<\/div>\n\t\t\t\t<div class=\"elementor-element elementor-element-733f615 elementor-widget elementor-widget-text-editor\" data-id=\"733f615\" data-element_type=\"widget\" data-widget_type=\"text-editor.default\">\n\t\t\t\t<div class=\"elementor-widget-container\">\n\t\t\t\t\t\t\t\t\t<p>Pl\u0103cile optice de lustruire cu cuar\u021b sunt renumite pentru planeitatea lor excep\u021bional\u0103, asigur\u00e2nd uniformitatea \u0219i consisten\u021ba suprafe\u021belor lustruite. Aceste pl\u0103ci pot atinge niveluri de planeitate de p\u00e2n\u0103 la \u03bb\/10 (unde \u03bb este lungimea de und\u0103 a luminii), garant\u00e2nd o distorsiune minim\u0103 a suprafe\u021bei \u0219i men\u021bin\u00e2nd integritatea sistemelor optice.<\/p>\t\t\t\t\t\t\t\t<\/div>\n\t\t\t\t<\/div>\n\t\t\t\t<div class=\"elementor-element elementor-element-39cf9eb elementor-widget elementor-widget-heading\" data-id=\"39cf9eb\" data-element_type=\"widget\" data-widget_type=\"heading.default\">\n\t\t\t\t<div class=\"elementor-widget-container\">\n\t\t\t\t\t<h3 class=\"elementor-heading-title elementor-size-default\">2. Rugozitatea suprafe\u021bei sub-Angstrom:<\/h3>\t\t\t\t<\/div>\n\t\t\t\t<\/div>\n\t\t\t\t<div class=\"elementor-element elementor-element-cc3d847 elementor-widget elementor-widget-text-editor\" data-id=\"cc3d847\" data-element_type=\"widget\" data-widget_type=\"text-editor.default\">\n\t\t\t\t<div class=\"elementor-widget-container\">\n\t\t\t\t\t\t\t\t\t<p>Rugozitatea suprafe\u021bei joac\u0103 un rol crucial \u00een determinarea calit\u0103\u021bii optice a suprafe\u021belor lustruite. Pl\u0103cile optice de lustruire din cuar\u021b prezint\u0103 o rugozitate a suprafe\u021bei subangstrom, de obicei \u00een intervalul 0,1 - 0,5 \u00c5 (angstrom). Acest finisaj ultra neted al suprafe\u021bei minimizeaz\u0103 \u00eempr\u0103\u0219tierea \u0219i reflexia, maximiz\u00e2nd transmiterea luminii \u0219i \u00eembun\u0103t\u0103\u021bind performan\u021ba optic\u0103 general\u0103.<\/p>\t\t\t\t\t\t\t\t<\/div>\n\t\t\t\t<\/div>\n\t\t\t\t<div class=\"elementor-element elementor-element-e7a94c2 elementor-widget elementor-widget-heading\" data-id=\"e7a94c2\" data-element_type=\"widget\" data-widget_type=\"heading.default\">\n\t\t\t\t<div class=\"elementor-widget-container\">\n\t\t\t\t\t<h3 class=\"elementor-heading-title elementor-size-default\">3. Puritate ridicat\u0103 a materialului:<\/h3>\t\t\t\t<\/div>\n\t\t\t\t<\/div>\n\t\t\t\t<div class=\"elementor-element elementor-element-529c317 elementor-widget elementor-widget-text-editor\" data-id=\"529c317\" data-element_type=\"widget\" data-widget_type=\"text-editor.default\">\n\t\t\t\t<div class=\"elementor-widget-container\">\n\t\t\t\t\t\t\t\t\t<p>Pl\u0103cile optice de \u0219lefuire din cuar\u021b sunt fabricate din cuar\u021b de \u00eenalt\u0103 puritate, asigur\u00e2nd impurit\u0103\u021bi minime \u0219i o claritate optic\u0103 excelent\u0103. Puritatea materialului are un impact direct asupra transmisiei \u0219i calit\u0103\u021bii luminii care trece prin suprafe\u021bele lustruite. Pl\u0103cile de cuar\u021b cu niveluri de puritate de peste 99,99% sunt utilizate \u00een mod obi\u0219nuit, permi\u021b\u00e2nd controlul precis al luminii \u00een aplica\u021bii precum microscopia, spectroscopia \u0219i sistemele laser.<\/p>\t\t\t\t\t\t\t\t<\/div>\n\t\t\t\t<\/div>\n\t\t\t\t<div class=\"elementor-element elementor-element-a438a24 elementor-widget elementor-widget-heading\" data-id=\"a438a24\" data-element_type=\"widget\" data-widget_type=\"heading.default\">\n\t\t\t\t<div class=\"elementor-widget-container\">\n\t\t\t\t\t<h3 class=\"elementor-heading-title elementor-size-default\">4. Toleran\u021b\u0103 \u0219i acurate\u021be dimensional\u0103:<\/h3>\t\t\t\t<\/div>\n\t\t\t\t<\/div>\n\t\t\t\t<div class=\"elementor-element elementor-element-2c83de3 elementor-widget elementor-widget-text-editor\" data-id=\"2c83de3\" data-element_type=\"widget\" data-widget_type=\"text-editor.default\">\n\t\t\t\t<div class=\"elementor-widget-container\">\n\t\t\t\t\t\t\t\t\t<p>Pentru a \u00eendeplini cerin\u021bele stricte ale aplica\u021biilor optice, pl\u0103cile de lustruire a cuar\u021bului sunt produse cu precizie dimensional\u0103 ridicat\u0103 \u0219i toleran\u021be str\u00e2nse. Toleran\u021bele dimensionale tipice pentru aceste pl\u0103ci variaz\u0103 de la \u00b10,01 mm la \u00b10,05 mm, asigur\u00e2nd alinierea precis\u0103 \u0219i compatibilitatea cu sistemele optice. Acest nivel de precizie garanteaz\u0103 o performan\u021b\u0103 optim\u0103 \u0219i evit\u0103 orice efecte d\u0103un\u0103toare cauzate de o aliniere gre\u0219it\u0103 sau inconsecven\u021b\u0103.<\/p>\t\t\t\t\t\t\t\t<\/div>\n\t\t\t\t<\/div>\n\t\t\t\t<div class=\"elementor-element elementor-element-a84143a elementor-widget elementor-widget-heading\" data-id=\"a84143a\" data-element_type=\"widget\" data-widget_type=\"heading.default\">\n\t\t\t\t<div class=\"elementor-widget-container\">\n\t\t\t\t\t<h3 class=\"elementor-heading-title elementor-size-default\">5. Op\u021biuni de personalizare:<\/h3>\t\t\t\t<\/div>\n\t\t\t\t<\/div>\n\t\t\t\t<div class=\"elementor-element elementor-element-a769174 elementor-widget elementor-widget-text-editor\" data-id=\"a769174\" data-element_type=\"widget\" data-widget_type=\"text-editor.default\">\n\t\t\t\t<div class=\"elementor-widget-container\">\n\t\t\t\t\t\t\t\t\t<p>Pl\u0103cile optice de lustruire a cuar\u021bului ofer\u0103 op\u021biuni extinse de personalizare, permi\u021b\u00e2nd solu\u021bii personalizate pentru nevoile specifice ale aplica\u021biilor. Formele, dimensiunile \u0219i grosimile personalizate pot fi fabricate pentru a \u00eendeplini cerin\u021be precise. \u00cen plus, pot fi aplicate finisaje de suprafa\u021b\u0103 specifice, acoperiri \u0219i tratamente ale marginilor pentru a spori performan\u021ba \u0219i func\u021bionalitatea.<\/p>\t\t\t\t\t\t\t\t<\/div>\n\t\t\t\t<\/div>\n\t\t\t\t<div class=\"elementor-element elementor-element-596ad3d elementor-widget elementor-widget-heading\" data-id=\"596ad3d\" data-element_type=\"widget\" data-widget_type=\"heading.default\">\n\t\t\t\t<div class=\"elementor-widget-container\">\n\t\t\t\t\t<h3 class=\"elementor-heading-title elementor-size-default\">Concluzie: <\/h3>\t\t\t\t<\/div>\n\t\t\t\t<\/div>\n\t\t\t\t<div class=\"elementor-element elementor-element-0549bf7 elementor-widget elementor-widget-text-editor\" data-id=\"0549bf7\" data-element_type=\"widget\" data-widget_type=\"text-editor.default\">\n\t\t\t\t<div class=\"elementor-widget-container\">\n\t\t\t\t\t\t\t\t\t<p>Pl\u0103cile optice de lustruire a cuar\u021bului sunt componente esen\u021biale care contribuie la ob\u021binerea unei calit\u0103\u021bi optice superioare \u00een diverse industrii. Cu o planeitate excep\u021bional\u0103, o rugozitate a suprafe\u021bei subangstrom, o puritate ridicat\u0103 a materialului \u0219i o acurate\u021be dimensional\u0103 precis\u0103, aceste pl\u0103ci asigur\u0103 o transmisie optim\u0103 a luminii \u0219i minimizeaz\u0103 distorsiunea suprafe\u021bei. Capacitatea de a personaliza aceste pl\u0103ci spore\u0219te \u0219i mai mult versatilitatea lor, permi\u021b\u00e2nd solu\u021bii personalizate pentru aplica\u021bii specifice. Pe m\u0103sur\u0103 ce optica de precizie continu\u0103 s\u0103 avanseze, se preconizeaz\u0103 c\u0103 cererea de pl\u0103ci de lustruire a cuar\u021bului optic de \u00eenalt\u0103 performan\u021b\u0103 va cre\u0219te, aliment\u00e2nd inovarea \u0219i dep\u0103\u0219ind limitele tehnologiei optice.<\/p>\t\t\t\t\t\t\t\t<\/div>\n\t\t\t\t<\/div>\n\t\t\t\t\t<\/div>\n\t\t\t\t<\/div>\n\t\t\t\t<\/div>","protected":false},"excerpt":{"rendered":"<p>UV Quartz Polishing Plates We offer direct supply of custom-made UV quartz polishing plates, high-transparency ultraviolet quartz plates, and window [&hellip;]<\/p>","protected":false},"author":7,"featured_media":382,"parent":841,"menu_order":0,"comment_status":"closed","ping_status":"closed","template":"","meta":{"_seopress_robots_primary_cat":"","_seopress_titles_title":"UV Quartz Polishing Plates \u2013 Sub-\u00c5 Surface & \u03bb\/10 Flatness","_seopress_titles_desc":"High-transparency UV quartz plates with \u03bb\/10 flatness & 0.1\u20130.5\u00c5 roughness. Custom round\/square windows for laser optics, semiconductors & instruments.","_seopress_robots_index":"","site-sidebar-layout":"no-sidebar","site-content-layout":"","ast-site-content-layout":"full-width-container","site-content-style":"default","site-sidebar-style":"default","ast-global-header-display":"","ast-banner-title-visibility":"","ast-main-header-display":"","ast-hfb-above-header-display":"","ast-hfb-below-header-display":"","ast-hfb-mobile-header-display":"","site-post-title":"disabled","ast-breadcrumbs-content":"","ast-featured-img":"disabled","footer-sml-layout":"","theme-transparent-header-meta":"","adv-header-id-meta":"","stick-header-meta":"","header-above-stick-meta":"","header-main-stick-meta":"","header-below-stick-meta":"","astra-migrate-meta-layouts":"default","ast-page-background-enabled":"default","ast-page-background-meta":{"desktop":{"background-color":"var(--ast-global-color-5)","background-image":"","background-repeat":"repeat","background-position":"center center","background-size":"auto","background-attachment":"scroll","background-type":"","background-media":"","overlay-type":"","overlay-color":"","overlay-opacity":"","overlay-gradient":""},"tablet":{"background-color":"","background-image":"","background-repeat":"repeat","background-position":"center center","background-size":"auto","background-attachment":"scroll","background-type":"","background-media":"","overlay-type":"","overlay-color":"","overlay-opacity":"","overlay-gradient":""},"mobile":{"background-color":"","background-image":"","background-repeat":"repeat","background-position":"center center","background-size":"auto","background-attachment":"scroll","background-type":"","background-media":"","overlay-type":"","overlay-color":"","overlay-opacity":"","overlay-gradient":""}},"ast-content-background-meta":{"desktop":{"background-color":"var(--ast-global-color-4)","background-image":"","background-repeat":"repeat","background-position":"center center","background-size":"auto","background-attachment":"scroll","background-type":"","background-media":"","overlay-type":"","overlay-color":"","overlay-opacity":"","overlay-gradient":""},"tablet":{"background-color":"var(--ast-global-color-4)","background-image":"","background-repeat":"repeat","background-position":"center center","background-size":"auto","background-attachment":"scroll","background-type":"","background-media":"","overlay-type":"","overlay-color":"","overlay-opacity":"","overlay-gradient":""},"mobile":{"background-color":"var(--ast-global-color-4)","background-image":"","background-repeat":"repeat","background-position":"center center","background-size":"auto","background-attachment":"scroll","background-type":"","background-media":"","overlay-type":"","overlay-color":"","overlay-opacity":"","overlay-gradient":""}},"footnotes":""},"class_list":["post-281","page","type-page","status-publish","has-post-thumbnail","hentry"],"_hostinger_reach_plugin_has_subscription_block":false,"_hostinger_reach_plugin_is_elementor":false,"_links":{"self":[{"href":"https:\/\/exactquartz.com\/ro\/wp-json\/wp\/v2\/pages\/281","targetHints":{"allow":["GET"]}}],"collection":[{"href":"https:\/\/exactquartz.com\/ro\/wp-json\/wp\/v2\/pages"}],"about":[{"href":"https:\/\/exactquartz.com\/ro\/wp-json\/wp\/v2\/types\/page"}],"author":[{"embeddable":true,"href":"https:\/\/exactquartz.com\/ro\/wp-json\/wp\/v2\/users\/7"}],"replies":[{"embeddable":true,"href":"https:\/\/exactquartz.com\/ro\/wp-json\/wp\/v2\/comments?post=281"}],"version-history":[{"count":20,"href":"https:\/\/exactquartz.com\/ro\/wp-json\/wp\/v2\/pages\/281\/revisions"}],"predecessor-version":[{"id":1437,"href":"https:\/\/exactquartz.com\/ro\/wp-json\/wp\/v2\/pages\/281\/revisions\/1437"}],"up":[{"embeddable":true,"href":"https:\/\/exactquartz.com\/ro\/wp-json\/wp\/v2\/pages\/841"}],"wp:featuredmedia":[{"embeddable":true,"href":"https:\/\/exactquartz.com\/ro\/wp-json\/wp\/v2\/media\/382"}],"wp:attachment":[{"href":"https:\/\/exactquartz.com\/ro\/wp-json\/wp\/v2\/media?parent=281"}],"curies":[{"name":"wp","href":"https:\/\/api.w.org\/{rel}","templated":true}]}}