{"id":311,"date":"2025-03-27T12:06:42","date_gmt":"2025-03-27T04:06:42","guid":{"rendered":"https:\/\/exactquartz.com\/?page_id=311"},"modified":"2025-04-16T18:21:52","modified_gmt":"2025-04-16T10:21:52","slug":"large-diameter-quartz-tubes","status":"publish","type":"page","link":"https:\/\/exactquartz.com\/ro\/high-temp-quartz-solutions\/large-diameter-quartz-tubes\/","title":{"rendered":"Tuburi de cuar\u021b cu diametru mare - rezistente la c\u0103ldur\u0103 \u0219i f\u0103r\u0103 ozon"},"content":{"rendered":"<div data-elementor-type=\"wp-page\" data-elementor-id=\"311\" class=\"elementor elementor-311\" data-elementor-post-type=\"page\">\n\t\t\t\t<div class=\"elementor-element elementor-element-d2bc4f1 e-flex e-con-boxed e-con e-parent\" data-id=\"d2bc4f1\" data-element_type=\"container\">\n\t\t\t\t\t<div class=\"e-con-inner\">\n\t\t<div class=\"elementor-element elementor-element-6d0fc6f e-con-full e-flex e-con e-child\" data-id=\"6d0fc6f\" data-element_type=\"container\">\n\t\t\t\t<div class=\"elementor-element elementor-element-899227c elementor-widget elementor-widget-image\" data-id=\"899227c\" data-element_type=\"widget\" data-widget_type=\"image.default\">\n\t\t\t\t<div class=\"elementor-widget-container\">\n\t\t\t\t\t\t\t\t\t\t\t\t\t\t\t<img fetchpriority=\"high\" decoding=\"async\" width=\"500\" height=\"500\" src=\"https:\/\/exactquartz.com\/wp-content\/uploads\/2025\/03\/heat-resistance-transparent-quartz-glass-tube-ozone-generator-High-temperature-large-diameter-quart.webp\" class=\"attachment-large size-large wp-image-405\" alt=\"rezisten\u021b\u0103 la c\u0103ldur\u0103 tub de sticl\u0103 de cuar\u021b transparent generator de ozon temperatur\u0103 ridicat\u0103 diametru mare cuart\" srcset=\"https:\/\/exactquartz.com\/wp-content\/uploads\/2025\/03\/heat-resistance-transparent-quartz-glass-tube-ozone-generator-High-temperature-large-diameter-quart.webp 500w, https:\/\/exactquartz.com\/wp-content\/uploads\/2025\/03\/heat-resistance-transparent-quartz-glass-tube-ozone-generator-High-temperature-large-diameter-quart-300x300.webp 300w, https:\/\/exactquartz.com\/wp-content\/uploads\/2025\/03\/heat-resistance-transparent-quartz-glass-tube-ozone-generator-High-temperature-large-diameter-quart-150x150.webp 150w\" sizes=\"(max-width: 500px) 100vw, 500px\" \/>\t\t\t\t\t\t\t\t\t\t\t\t\t\t\t<\/div>\n\t\t\t\t<\/div>\n\t\t\t\t<\/div>\n\t\t<div class=\"elementor-element elementor-element-2a56432 e-con-full e-flex e-con e-child\" data-id=\"2a56432\" data-element_type=\"container\">\n\t\t\t\t<div class=\"elementor-element elementor-element-70d5eba elementor-widget elementor-widget-heading\" data-id=\"70d5eba\" data-element_type=\"widget\" data-widget_type=\"heading.default\">\n\t\t\t\t<div class=\"elementor-widget-container\">\n\t\t\t\t\t<h2 class=\"elementor-heading-title elementor-size-default\">Tuburi de cuar\u021b cu diametru mare - rezistente la c\u0103ldur\u0103 \u0219i f\u0103r\u0103 ozon<\/h2>\t\t\t\t<\/div>\n\t\t\t\t<\/div>\n\t\t\t\t<div class=\"elementor-element elementor-element-ac956f7 elementor-widget elementor-widget-text-editor\" data-id=\"ac956f7\" data-element_type=\"widget\" data-widget_type=\"text-editor.default\">\n\t\t\t\t<div class=\"elementor-widget-container\">\n\t\t\t\t\t\t\t\t\t<p>Tip: Pipa de cuar\u021b clar<br \/>Tratament de suprafa\u021b\u0103: Lustruit<br \/>Form\u0103: Forma C<br \/>Con\u021binutul de ozon: F\u0103r\u0103 ozon<br \/>Serviciul de prelucrare: \u00cendoire<br \/>Serviciul de prelucrare: Sudare<br \/>Serviciul de prelucrare: Perforare<br \/>Serviciul de prelucrare: Decoiling<br \/>Serviciul de prelucrare: T\u0103iere<br \/>Serviciul de prelucrare: Turnare<br \/>Culoare: clar<br \/>Aplica\u021bie: Industria chimic\u0103<\/p>\t\t\t\t\t\t\t\t<\/div>\n\t\t\t\t<\/div>\n\t\t\t\t<div class=\"elementor-element elementor-element-dc8c354 elementor-align-left elementor-widget elementor-widget-button\" data-id=\"dc8c354\" data-element_type=\"widget\" data-widget_type=\"button.default\">\n\t\t\t\t<div class=\"elementor-widget-container\">\n\t\t\t\t\t\t\t\t\t<div class=\"elementor-button-wrapper\">\n\t\t\t\t\t<a class=\"elementor-button elementor-button-link elementor-size-sm\" href=\"#elementor-action%3Aaction%3Dpopup%3Aopen%26settings%3DeyJpZCI6IjEyNzUiLCJ0b2dnbGUiOmZhbHNlfQ%3D%3D\">\n\t\t\t\t\t\t<span class=\"elementor-button-content-wrapper\">\n\t\t\t\t\t\t\t\t\t<span class=\"elementor-button-text\">Ofert\u0103 rapid\u0103<\/span>\n\t\t\t\t\t<\/span>\n\t\t\t\t\t<\/a>\n\t\t\t\t<\/div>\n\t\t\t\t\t\t\t\t<\/div>\n\t\t\t\t<\/div>\n\t\t\t\t<\/div>\n\t\t\t\t\t<\/div>\n\t\t\t\t<\/div>\n\t\t<div class=\"elementor-element elementor-element-a2ed80c e-flex e-con-boxed e-con e-parent\" data-id=\"a2ed80c\" data-element_type=\"container\">\n\t\t\t\t\t<div class=\"e-con-inner\">\n\t\t\t\t<div class=\"elementor-element elementor-element-b7e9c99 elementor-widget elementor-widget-heading\" data-id=\"b7e9c99\" data-element_type=\"widget\" data-widget_type=\"heading.default\">\n\t\t\t\t<div class=\"elementor-widget-container\">\n\t\t\t\t\t<h3 class=\"elementor-heading-title elementor-size-default\">Cerere:<\/h3>\t\t\t\t<\/div>\n\t\t\t\t<\/div>\n\t\t\t\t<div class=\"elementor-element elementor-element-281af31 elementor-widget elementor-widget-text-editor\" data-id=\"281af31\" data-element_type=\"widget\" data-widget_type=\"text-editor.default\">\n\t\t\t\t<div class=\"elementor-widget-container\">\n\t\t\t\t\t\t\t\t\t<p>Industria chimic\u0103, iluminat, medicin\u0103 \u0219i s\u0103n\u0103tate, semiconductor, industria de \u00eenc\u0103lzire electric\u0103, laborator de cercetare \u0219tiin\u021bific\u0103, tratarea apei etc.<\/p>\t\t\t\t\t\t\t\t<\/div>\n\t\t\t\t<\/div>\n\t\t\t\t<div class=\"elementor-element elementor-element-27d00a5 elementor-widget elementor-widget-text-editor\" data-id=\"27d00a5\" data-element_type=\"widget\" data-widget_type=\"text-editor.default\">\n\t\t\t\t<div class=\"elementor-widget-container\">\n\t\t\t\t\t\t\t\t\t<p>Tuburile noastre de cuar\u021b transparent au puritate ridicat\u0103 (&gt;99,99%), propriet\u0103\u021bi fizice \u0219i chimice bune, toleran\u021be str\u00e2nse \u0219i con\u021binut sc\u0103zut de -OH.<br \/>Tuburile sunt utilizate \u00eentr-o varietate de aplica\u021bii de c\u0103tre clien\u021bii no\u0219tri.\u00a0<\/p>\t\t\t\t\t\t\t\t<\/div>\n\t\t\t\t<\/div>\n\t\t\t\t<div class=\"elementor-element elementor-element-fe0cb41 elementor-widget elementor-widget-heading\" data-id=\"fe0cb41\" data-element_type=\"widget\" data-widget_type=\"heading.default\">\n\t\t\t\t<div class=\"elementor-widget-container\">\n\t\t\t\t\t<h3 class=\"elementor-heading-title elementor-size-default\">Propriet\u0103\u021bi:<\/h3>\t\t\t\t<\/div>\n\t\t\t\t<\/div>\n\t\t\t\t<div class=\"elementor-element elementor-element-733f615 elementor-widget elementor-widget-text-editor\" data-id=\"733f615\" data-element_type=\"widget\" data-widget_type=\"text-editor.default\">\n\t\t\t\t<div class=\"elementor-widget-container\">\n\t\t\t\t\t\t\t\t\t<p>Puritate ridicat\u0103, SiO2&gt; 99.99%.<\/p><p>Duritate puternic\u0103, poate ajunge la nivelul Morse 7.<\/p><p>Rezisten\u021b\u0103 la temperaturi ridicate, poate func\u021biona sub 1200 \u00b0 C continuu, iar \u00een scurt timp poate func\u021biona chiar \u0219i sub 1500 \u00b0 C.<\/p><p>Izola\u021bie electric\u0103, este de 10000 de ori mai mare dec\u00e2t sticla obi\u0219nuit\u0103.<\/p><p>Rezisten\u021b\u0103 la acizi \u0219i alcali<\/p><p>Stabilitate excelent\u0103 la \u0219ocurile termice<\/p><p>\u00cengrijirea s\u0103n\u0103t\u0103\u021bii \u0219i protec\u021bia mediului<\/p><p>Orice dimensiune poate fi realizat\u0103.\u00a0 \u00a0<\/p>\t\t\t\t\t\t\t\t<\/div>\n\t\t\t\t<\/div>\n\t\t\t\t<div class=\"elementor-element elementor-element-47a4620 elementor-widget elementor-widget-heading\" data-id=\"47a4620\" data-element_type=\"widget\" data-widget_type=\"heading.default\">\n\t\t\t\t<div class=\"elementor-widget-container\">\n\t\t\t\t\t<h3 class=\"elementor-heading-title elementor-size-default\">OEM&amp;ODM Service:<\/h3>\t\t\t\t<\/div>\n\t\t\t\t<\/div>\n\t\t\t\t<div class=\"elementor-element elementor-element-2536cb8 elementor-widget elementor-widget-text-editor\" data-id=\"2536cb8\" data-element_type=\"widget\" data-widget_type=\"text-editor.default\">\n\t\t\t\t<div class=\"elementor-widget-container\">\n\t\t\t\t\t\t\t\t\t<p>Ca un produc\u0103tor profesionist de produse din sticl\u0103 de cuar\u021b \u00een China, OEM \u0219i comand\u0103 personalizat\u0103 sunt binevenite la noi.<br \/>V\u0103 rug\u0103m s\u0103 nu ezita\u021bi s\u0103 discuta\u021bi cu noi dac\u0103 ave\u021bi orice design pentru fitinguri QUARTZ. Vom produce noi mostre pentru dvs. foarte cur\u00e2nd.<\/p><p>Pentru produsele realizate manual, v\u0103 rug\u0103m s\u0103 ne spune\u021bi ce dori\u021bi sau s\u0103 ne trimite\u021bi fotografii. Apoi vom face probe de testare pentru dvs.<br \/>\u0218i nu vom face produc\u021bia \u00een mas\u0103 p\u00e2n\u0103 c\u00e2nd nu sunte\u021bi mul\u021bumit de mostre.<\/p>\t\t\t\t\t\t\t\t<\/div>\n\t\t\t\t<\/div>\n\t\t\t\t\t<\/div>\n\t\t\t\t<\/div>\n\t\t\t\t<\/div>","protected":false},"excerpt":{"rendered":"<p>Large Diameter Quartz Tubes \u2013 Heat Resistant &amp; Ozone Free Type: Clear Quartz PipeSurface Treatment: PolishedShape: C ShapeOzone Content: Ozone [&hellip;]<\/p>","protected":false},"author":9,"featured_media":405,"parent":839,"menu_order":0,"comment_status":"closed","ping_status":"closed","template":"","meta":{"_seopress_robots_primary_cat":"","_seopress_titles_title":"Large Diameter Quartz Tubes \u2013 Heat Resistant & Ozone Free","_seopress_titles_desc":"Large Diameter Quartz Tubes for ozone generators & labs. 99.99% purity, acid\/alkali resistant, supports bending, welding & custom shaping.","_seopress_robots_index":"","site-sidebar-layout":"no-sidebar","site-content-layout":"","ast-site-content-layout":"full-width-container","site-content-style":"default","site-sidebar-style":"default","ast-global-header-display":"","ast-banner-title-visibility":"","ast-main-header-display":"","ast-hfb-above-header-display":"","ast-hfb-below-header-display":"","ast-hfb-mobile-header-display":"","site-post-title":"disabled","ast-breadcrumbs-content":"","ast-featured-img":"disabled","footer-sml-layout":"","theme-transparent-header-meta":"","adv-header-id-meta":"","stick-header-meta":"","header-above-stick-meta":"","header-main-stick-meta":"","header-below-stick-meta":"","astra-migrate-meta-layouts":"default","ast-page-background-enabled":"default","ast-page-background-meta":{"desktop":{"background-color":"var(--ast-global-color-5)","background-image":"","background-repeat":"repeat","background-position":"center center","background-size":"auto","background-attachment":"scroll","background-type":"","background-media":"","overlay-type":"","overlay-color":"","overlay-opacity":"","overlay-gradient":""},"tablet":{"background-color":"","background-image":"","background-repeat":"repeat","background-position":"center center","background-size":"auto","background-attachment":"scroll","background-type":"","background-media":"","overlay-type":"","overlay-color":"","overlay-opacity":"","overlay-gradient":""},"mobile":{"background-color":"","background-image":"","background-repeat":"repeat","background-position":"center center","background-size":"auto","background-attachment":"scroll","background-type":"","background-media":"","overlay-type":"","overlay-color":"","overlay-opacity":"","overlay-gradient":""}},"ast-content-background-meta":{"desktop":{"background-color":"var(--ast-global-color-4)","background-image":"","background-repeat":"repeat","background-position":"center center","background-size":"auto","background-attachment":"scroll","background-type":"","background-media":"","overlay-type":"","overlay-color":"","overlay-opacity":"","overlay-gradient":""},"tablet":{"background-color":"var(--ast-global-color-4)","background-image":"","background-repeat":"repeat","background-position":"center center","background-size":"auto","background-attachment":"scroll","background-type":"","background-media":"","overlay-type":"","overlay-color":"","overlay-opacity":"","overlay-gradient":""},"mobile":{"background-color":"var(--ast-global-color-4)","background-image":"","background-repeat":"repeat","background-position":"center center","background-size":"auto","background-attachment":"scroll","background-type":"","background-media":"","overlay-type":"","overlay-color":"","overlay-opacity":"","overlay-gradient":""}},"footnotes":""},"class_list":["post-311","page","type-page","status-publish","has-post-thumbnail","hentry"],"_hostinger_reach_plugin_has_subscription_block":false,"_hostinger_reach_plugin_is_elementor":false,"_links":{"self":[{"href":"https:\/\/exactquartz.com\/ro\/wp-json\/wp\/v2\/pages\/311","targetHints":{"allow":["GET"]}}],"collection":[{"href":"https:\/\/exactquartz.com\/ro\/wp-json\/wp\/v2\/pages"}],"about":[{"href":"https:\/\/exactquartz.com\/ro\/wp-json\/wp\/v2\/types\/page"}],"author":[{"embeddable":true,"href":"https:\/\/exactquartz.com\/ro\/wp-json\/wp\/v2\/users\/9"}],"replies":[{"embeddable":true,"href":"https:\/\/exactquartz.com\/ro\/wp-json\/wp\/v2\/comments?post=311"}],"version-history":[{"count":21,"href":"https:\/\/exactquartz.com\/ro\/wp-json\/wp\/v2\/pages\/311\/revisions"}],"predecessor-version":[{"id":1383,"href":"https:\/\/exactquartz.com\/ro\/wp-json\/wp\/v2\/pages\/311\/revisions\/1383"}],"up":[{"embeddable":true,"href":"https:\/\/exactquartz.com\/ro\/wp-json\/wp\/v2\/pages\/839"}],"wp:featuredmedia":[{"embeddable":true,"href":"https:\/\/exactquartz.com\/ro\/wp-json\/wp\/v2\/media\/405"}],"wp:attachment":[{"href":"https:\/\/exactquartz.com\/ro\/wp-json\/wp\/v2\/media?parent=311"}],"curies":[{"name":"wp","href":"https:\/\/api.w.org\/{rel}","templated":true}]}}